{"id":33019,"date":"2025-10-13T08:34:04","date_gmt":"2025-10-13T07:34:04","guid":{"rendered":"https:\/\/solucionescontract.com\/?post_type=product&#038;p=33019"},"modified":"2025-10-13T10:54:30","modified_gmt":"2025-10-13T09:54:30","slug":"silla-helix-giratoria-con-ruedas","status":"publish","type":"product","link":"https:\/\/solucionescontract.com\/fr\/producto\/silla-helix-giratoria-con-ruedas\/","title":{"rendered":"SILLA HELIX GIRATORIA CON RUEDAS"},"content":{"rendered":"<div tabindex=\"0\" role=\"article\" data-tabster=\"{&quot;groupper&quot;:{&quot;tabbability&quot;:2},&quot;focusable&quot;:{}}\" data-content=\"ai-message\" aria-labelledby=\"W3oiPJiTPpuf5AVezY5Ga-author W3oiPJiTPpuf5AVezY5Ga-content-0\">\n<div class=\"space-y-3 mt-3\">\n<div id=\"W3oiPJiTPpuf5AVezY5Ga-content-0\">\n<p>La <em><strong>silla Helix giratoria con ruedas,<\/strong><\/em> descubre el confort y estilo con esta silla de oficina, una pieza de dise\u00f1o minimalista que combina ergonom\u00eda avanzada y est\u00e9tica contempor\u00e1nea. Ideal para espacios de trabajo modernos, oficinas en casa o zonas de reuni\u00f3n, su estructura m\u00f3vil en 3D permite que tu cuerpo se mueva libremente, siguiendo tus gestos con naturalidad.<\/p>\n<p>Silla Helix Giratoria con Ruedas es la elecci\u00f3n perfecta para quienes buscan funcionalidad sin renunciar al estilo..<\/p>\n<p>Con la Helix, cada detalle est\u00e1 pensado para ofrecerte una experiencia de asiento din\u00e1mica, saludable y visualmente impecable. Su dise\u00f1o sobrio y elegante encaja perfectamente en ambientes profesionales o residenciales que valoran la funcionalidad sin renunciar al buen gusto.<\/p>\n<p><strong>Caracter\u00edsticas destacadas:<\/strong><\/p>\n<ul>\n<li>\u2705 <strong>Base giratoria <\/strong>en poliamida negra o blanca, con cinco radios reforzados con fibra de vidrio para m\u00e1xima estabilidad.<\/li>\n<li>\u2705 <strong>Estructura continua de poliamida <\/strong>con malla autoportante, ergon\u00f3micamente tensada<\/li>\n<li>\u2705 <b>Regulaci\u00f3n de altura<\/b> de asiento en varias posiciones con pist\u00f3n de gas de seguridad.<\/li>\n<li>\u2705 M<strong>alla transpirable <\/strong>que favorece la ventilaci\u00f3n y a\u00f1ade un toque moderno al dise\u00f1o.<\/li>\n<li>\u2705 Con <strong>Ruedas de seguridad <\/strong>de doble rueda adecuada para todo tipo de suelos ( cer\u00e1mica, parqu\u00e9, moqueta..)\u00a0de color negro.<\/li>\n<li>\u2705 <strong>Versatilidad de uso<\/strong>: perfecta para oficinas, salas de espera, zonas comunes, espacios de formaci\u00f3n, escritorio en casa, como silla auxiliar en el sal\u00f3n o en habitaciones juveniles.<\/li>\n<\/ul>\n<div id=\"attachment_33022\" style=\"width: 310px\" class=\"wp-caption alignnone\"><a href=\"https:\/\/solucionescontract.com\/wp-content\/uploads\/2025\/10\/Ficha-tecnica-Sila-Helix.jpg\"><img decoding=\"async\" aria-describedby=\"caption-attachment-33022\" class=\" wd-lazy-fade wp-image-33022 size-medium\" src=\"https:\/\/solucionescontract.com\/wp-content\/themes\/woodmart\/images\/lazy.svg\" data-src=\"https:\/\/solucionescontract.com\/wp-content\/uploads\/2025\/10\/Ficha-tecnica-Sila-Helix-300x244.jpg\" alt=\"Detalle de las medidas de la silla de oficina Helix de ofitres\" width=\"300\" height=\"244\" srcset=\"\" data-srcset=\"https:\/\/solucionescontract.com\/wp-content\/uploads\/2025\/10\/Ficha-tecnica-Sila-Helix-300x244.jpg 300w, https:\/\/solucionescontract.com\/wp-content\/uploads\/2025\/10\/Ficha-tecnica-Sila-Helix-768x625.jpg 768w, https:\/\/solucionescontract.com\/wp-content\/uploads\/2025\/10\/Ficha-tecnica-Sila-Helix-25x20.jpg 25w, https:\/\/solucionescontract.com\/wp-content\/uploads\/2025\/10\/Ficha-tecnica-Sila-Helix-283x230.jpg 283w, https:\/\/solucionescontract.com\/wp-content\/uploads\/2025\/10\/Ficha-tecnica-Sila-Helix-384x313.jpg 384w, https:\/\/solucionescontract.com\/wp-content\/uploads\/2025\/10\/Ficha-tecnica-Sila-Helix-412x335.jpg 412w, https:\/\/solucionescontract.com\/wp-content\/uploads\/2025\/10\/Ficha-tecnica-Sila-Helix-560x456.jpg 560w, https:\/\/solucionescontract.com\/wp-content\/uploads\/2025\/10\/Ficha-tecnica-Sila-Helix-686x558.jpg 686w, https:\/\/solucionescontract.com\/wp-content\/uploads\/2025\/10\/Ficha-tecnica-Sila-Helix-800x651.jpg 800w, https:\/\/solucionescontract.com\/wp-content\/uploads\/2025\/10\/Ficha-tecnica-Sila-Helix-150x122.jpg 150w, https:\/\/solucionescontract.com\/wp-content\/uploads\/2025\/10\/Ficha-tecnica-Sila-Helix.jpg 823w\" sizes=\"(max-width: 300px) 100vw, 300px\" \/><\/a><p id=\"caption-attachment-33022\" class=\"wp-caption-text\">Ficha t\u00e9cnica con las medidas de la silla Helix<\/p><\/div>\n<p>Convierte tu espacio de trabajo en un entorno funcional y elegante con la silla Helix\u00a0 giratoria ergon\u00f3mica en blanco o negro para oficinas y espacios creativos. \u00a1Tu espalda lo agradecer\u00e1!<\/p>\n<\/div>\n<\/div>\n<\/div>\n<div tabindex=\"0\" role=\"article\" data-tabster=\"{&quot;groupper&quot;:{&quot;tabbability&quot;:2},&quot;focusable&quot;:{}}\" data-content=\"ai-message\" aria-labelledby=\"YUYWGv53HbEYZpWFYrNqc-author YUYWGv53HbEYZpWFYrNqc-content-0\">\n<div class=\"space-y-3 mt-3\">\n<h4><\/h4>\n<\/div>\n<\/div>\n<div style=\"background-color: #f4faff; border: 2px solid #0073aa; border-radius: 12px; padding: 24px; text-align: center; margin: 40px 0;\">\n<h2 style=\"color: #0073aa; font-size: 26px; margin-bottom: 12px;\">\u00bfTe interesa este estilo?<\/h2>\n<p style=\"font-size: 18px; color: #333333; margin-bottom: 20px;\">Descubre m\u00e1s modelos ergon\u00f3micos y modernos en nuestra colecci\u00f3n de <strong>sillas de oficina<\/strong>.<\/p>\n<p><a style=\"background-color: #0073aa; color: #ffffff; padding: 16px 32px; font-size: 18px; font-weight: bold; text-decoration: none; border-radius: 8px; display: inline-block;\" href=\"https:\/\/solucionescontract.com\/categoria-producto\/sillas-operativas\/\"><br \/>\nVer toda la colecci\u00f3n<br \/>\n<\/a><\/p>\n<\/div>\n","protected":false},"excerpt":{"rendered":"<ul>\n<li><strong>Silla giratoria<\/strong> con est\u00e9tica moderna ideal para oficinas y espacios creativos.<\/li>\n<li><strong> Estructura continua de poliamida <\/strong>con malla autoportante, ergon\u00f3micamente tensada en acabado blanco o negro<\/li>\n<li><strong>Articulaci\u00f3n patentada<\/strong> que permite movimiento en tres dimensiones<\/li>\n<li><strong>Altura regulable<\/strong>: asiento ajustable\u00a0 de 44 a 57 cm para adaptarse a distintos escritorios y usuarios.<\/li>\n<li><strong>Base con ruedas<\/strong>: cinco patas con doble ruedas giratorias que ofrecen movilidad y estabilidad<\/li>\n<li><strong>Medidas compactas<\/strong>: ancho total de 57 cm, perfecta para ambientes reducidos sin sacrificar confort<\/li>\n<li><strong>Apoyabrazos integrados<\/strong> de dise\u00f1o ergon\u00f3mico y armonioso.<\/li>\n<\/ul>\n","protected":false},"featured_media":33043,"comment_status":"open","ping_status":"closed","template":"","meta":[],"product_brand":[1190],"product_cat":[221,161],"product_tag":[1121,123,260,1191],"class_list":{"0":"post-33019","1":"product","2":"type-product","3":"status-publish","4":"has-post-thumbnail","6":"product_brand-ofitres","7":"product_cat-asientos-para-contract","8":"product_cat-sillas-operativas","9":"product_tag-ergonomica","10":"product_tag-oficina","11":"product_tag-silla-giratoria","12":"product_tag-silla-para-home-office","13":"product_shipping_class-envio-gratuito","14":"yith_product_brand-ofitres","16":"first","17":"instock","18":"taxable","19":"shipping-taxable","20":"purchasable","21":"product-type-variable"},"yoast_head":"<!-- This site is optimized with the Yoast SEO plugin v27.3 - https:\/\/yoast.com\/product\/yoast-seo-wordpress\/ -->\n<title>Silla Helix Giratoria con Ruedas - Soluciones Contract<\/title>\n<meta name=\"description\" content=\"Descubre la Silla Helix Giratoria con Ruedas, respaldo y asiento en malla. Para oficina, estudio o escritorio en casa EN NUESTRA TIENDA ONLINE.\" \/>\n<meta name=\"robots\" content=\"index, follow, max-snippet:-1, max-image-preview:large, max-video-preview:-1\" \/>\n<link rel=\"canonical\" href=\"https:\/\/solucionescontract.com\/producto\/silla-helix-giratoria-con-ruedas\/\" \/>\n<meta property=\"og:locale\" content=\"fr_FR\" \/>\n<meta property=\"og:type\" content=\"article\" \/>\n<meta property=\"og:title\" content=\"Silla Helix Giratoria con Ruedas - Soluciones Contract\" \/>\n<meta property=\"og:description\" content=\"Descubre la Silla Helix Giratoria con Ruedas, respaldo y asiento en malla. Para oficina, estudio o escritorio en casa EN NUESTRA TIENDA ONLINE.\" \/>\n<meta property=\"og:url\" content=\"https:\/\/solucionescontract.com\/producto\/silla-helix-giratoria-con-ruedas\/\" \/>\n<meta property=\"og:site_name\" content=\"Soluciones Contract\" \/>\n<meta property=\"article:publisher\" content=\"https:\/\/www.facebook.com\/solucionescontract\/\" \/>\n<meta property=\"article:modified_time\" content=\"2025-10-13T09:54:30+00:00\" \/>\n<meta property=\"og:image\" content=\"https:\/\/solucionescontract.com\/wp-content\/uploads\/2025\/10\/SILLA-HELIX-NEGRO.jpg\" \/>\n\t<meta property=\"og:image:width\" content=\"626\" \/>\n\t<meta property=\"og:image:height\" content=\"626\" \/>\n\t<meta property=\"og:image:type\" content=\"image\/jpeg\" \/>\n<meta name=\"twitter:card\" content=\"summary_large_image\" \/>\n<meta name=\"twitter:label1\" content=\"Dur\u00e9e de lecture estim\u00e9e\" \/>\n\t<meta name=\"twitter:data1\" content=\"3 minutes\" \/>\n<script type=\"application\/ld+json\" class=\"yoast-schema-graph\">{\"@context\":\"https:\\\/\\\/schema.org\",\"@graph\":[{\"@type\":\"WebPage\",\"@id\":\"https:\\\/\\\/solucionescontract.com\\\/producto\\\/silla-helix-giratoria-con-ruedas\\\/\",\"url\":\"https:\\\/\\\/solucionescontract.com\\\/producto\\\/silla-helix-giratoria-con-ruedas\\\/\",\"name\":\"Silla Helix Giratoria con Ruedas - Soluciones Contract\",\"isPartOf\":{\"@id\":\"https:\\\/\\\/solucionescontract.com\\\/#website\"},\"primaryImageOfPage\":{\"@id\":\"https:\\\/\\\/solucionescontract.com\\\/producto\\\/silla-helix-giratoria-con-ruedas\\\/#primaryimage\"},\"image\":{\"@id\":\"https:\\\/\\\/solucionescontract.com\\\/producto\\\/silla-helix-giratoria-con-ruedas\\\/#primaryimage\"},\"thumbnailUrl\":\"https:\\\/\\\/solucionescontract.com\\\/wp-content\\\/uploads\\\/2025\\\/10\\\/SILLA-HELIX-NEGRO.jpg\",\"datePublished\":\"2025-10-13T07:34:04+00:00\",\"dateModified\":\"2025-10-13T09:54:30+00:00\",\"description\":\"Descubre la Silla Helix Giratoria con Ruedas, respaldo y asiento en malla. Para oficina, estudio o escritorio en casa EN NUESTRA TIENDA ONLINE.\",\"breadcrumb\":{\"@id\":\"https:\\\/\\\/solucionescontract.com\\\/producto\\\/silla-helix-giratoria-con-ruedas\\\/#breadcrumb\"},\"inLanguage\":\"fr-FR\",\"potentialAction\":[{\"@type\":\"ReadAction\",\"target\":[\"https:\\\/\\\/solucionescontract.com\\\/producto\\\/silla-helix-giratoria-con-ruedas\\\/\"]}]},{\"@type\":\"ImageObject\",\"inLanguage\":\"fr-FR\",\"@id\":\"https:\\\/\\\/solucionescontract.com\\\/producto\\\/silla-helix-giratoria-con-ruedas\\\/#primaryimage\",\"url\":\"https:\\\/\\\/solucionescontract.com\\\/wp-content\\\/uploads\\\/2025\\\/10\\\/SILLA-HELIX-NEGRO.jpg\",\"contentUrl\":\"https:\\\/\\\/solucionescontract.com\\\/wp-content\\\/uploads\\\/2025\\\/10\\\/SILLA-HELIX-NEGRO.jpg\",\"width\":626,\"height\":626,\"caption\":\"Silla giratoria helix en acabado negro con asiento y respaldo en malla y base con ruedas\"},{\"@type\":\"BreadcrumbList\",\"@id\":\"https:\\\/\\\/solucionescontract.com\\\/producto\\\/silla-helix-giratoria-con-ruedas\\\/#breadcrumb\",\"itemListElement\":[{\"@type\":\"ListItem\",\"position\":1,\"name\":\"Inicio\",\"item\":\"https:\\\/\\\/solucionescontract.com\\\/\"},{\"@type\":\"ListItem\",\"position\":2,\"name\":\"Tienda mobiliario contract\",\"item\":\"https:\\\/\\\/solucionescontract.com\\\/tienda-mobiliario-contract\\\/\"},{\"@type\":\"ListItem\",\"position\":3,\"name\":\"Asientos Contract\",\"item\":\"https:\\\/\\\/solucionescontract.com\\\/categoria-producto\\\/asientos-para-contract\\\/\"},{\"@type\":\"ListItem\",\"position\":4,\"name\":\"SILLA HELIX GIRATORIA CON RUEDAS\"}]},{\"@type\":\"WebSite\",\"@id\":\"https:\\\/\\\/solucionescontract.com\\\/#website\",\"url\":\"https:\\\/\\\/solucionescontract.com\\\/\",\"name\":\"Soluciones Contract\",\"description\":\"Venta Mobiliario contract de dise\u00f1o\",\"publisher\":{\"@id\":\"https:\\\/\\\/solucionescontract.com\\\/#organization\"},\"potentialAction\":[{\"@type\":\"SearchAction\",\"target\":{\"@type\":\"EntryPoint\",\"urlTemplate\":\"https:\\\/\\\/solucionescontract.com\\\/?s={search_term_string}\"},\"query-input\":{\"@type\":\"PropertyValueSpecification\",\"valueRequired\":true,\"valueName\":\"search_term_string\"}}],\"inLanguage\":\"fr-FR\"},{\"@type\":\"Organization\",\"@id\":\"https:\\\/\\\/solucionescontract.com\\\/#organization\",\"name\":\"Soluciones Contract\",\"url\":\"https:\\\/\\\/solucionescontract.com\\\/\",\"logo\":{\"@type\":\"ImageObject\",\"inLanguage\":\"fr-FR\",\"@id\":\"https:\\\/\\\/solucionescontract.com\\\/#\\\/schema\\\/logo\\\/image\\\/\",\"url\":\"https:\\\/\\\/solucionescontract.com\\\/wp-content\\\/uploads\\\/2020\\\/02\\\/logoSC.jpg\",\"contentUrl\":\"https:\\\/\\\/solucionescontract.com\\\/wp-content\\\/uploads\\\/2020\\\/02\\\/logoSC.jpg\",\"width\":300,\"height\":125,\"caption\":\"Soluciones Contract\"},\"image\":{\"@id\":\"https:\\\/\\\/solucionescontract.com\\\/#\\\/schema\\\/logo\\\/image\\\/\"},\"sameAs\":[\"https:\\\/\\\/www.facebook.com\\\/solucionescontract\\\/\"]}]}<\/script>\n<!-- \/ Yoast SEO plugin. -->","yoast_head_json":{"title":"Silla Helix Giratoria con Ruedas - Soluciones Contract","description":"Descubre la Silla Helix Giratoria con Ruedas, respaldo y asiento en malla. Para oficina, estudio o escritorio en casa EN NUESTRA TIENDA ONLINE.","robots":{"index":"index","follow":"follow","max-snippet":"max-snippet:-1","max-image-preview":"max-image-preview:large","max-video-preview":"max-video-preview:-1"},"canonical":"https:\/\/solucionescontract.com\/producto\/silla-helix-giratoria-con-ruedas\/","og_locale":"fr_FR","og_type":"article","og_title":"Silla Helix Giratoria con Ruedas - Soluciones Contract","og_description":"Descubre la Silla Helix Giratoria con Ruedas, respaldo y asiento en malla. Para oficina, estudio o escritorio en casa EN NUESTRA TIENDA ONLINE.","og_url":"https:\/\/solucionescontract.com\/producto\/silla-helix-giratoria-con-ruedas\/","og_site_name":"Soluciones Contract","article_publisher":"https:\/\/www.facebook.com\/solucionescontract\/","article_modified_time":"2025-10-13T09:54:30+00:00","og_image":[{"width":626,"height":626,"url":"https:\/\/solucionescontract.com\/wp-content\/uploads\/2025\/10\/SILLA-HELIX-NEGRO.jpg","type":"image\/jpeg"}],"twitter_card":"summary_large_image","twitter_misc":{"Dur\u00e9e de lecture estim\u00e9e":"3 minutes"},"schema":{"@context":"https:\/\/schema.org","@graph":[{"@type":"WebPage","@id":"https:\/\/solucionescontract.com\/producto\/silla-helix-giratoria-con-ruedas\/","url":"https:\/\/solucionescontract.com\/producto\/silla-helix-giratoria-con-ruedas\/","name":"Silla Helix Giratoria con Ruedas - Soluciones Contract","isPartOf":{"@id":"https:\/\/solucionescontract.com\/#website"},"primaryImageOfPage":{"@id":"https:\/\/solucionescontract.com\/producto\/silla-helix-giratoria-con-ruedas\/#primaryimage"},"image":{"@id":"https:\/\/solucionescontract.com\/producto\/silla-helix-giratoria-con-ruedas\/#primaryimage"},"thumbnailUrl":"https:\/\/solucionescontract.com\/wp-content\/uploads\/2025\/10\/SILLA-HELIX-NEGRO.jpg","datePublished":"2025-10-13T07:34:04+00:00","dateModified":"2025-10-13T09:54:30+00:00","description":"Descubre la Silla Helix Giratoria con Ruedas, respaldo y asiento en malla. Para oficina, estudio o escritorio en casa EN NUESTRA TIENDA ONLINE.","breadcrumb":{"@id":"https:\/\/solucionescontract.com\/producto\/silla-helix-giratoria-con-ruedas\/#breadcrumb"},"inLanguage":"fr-FR","potentialAction":[{"@type":"ReadAction","target":["https:\/\/solucionescontract.com\/producto\/silla-helix-giratoria-con-ruedas\/"]}]},{"@type":"ImageObject","inLanguage":"fr-FR","@id":"https:\/\/solucionescontract.com\/producto\/silla-helix-giratoria-con-ruedas\/#primaryimage","url":"https:\/\/solucionescontract.com\/wp-content\/uploads\/2025\/10\/SILLA-HELIX-NEGRO.jpg","contentUrl":"https:\/\/solucionescontract.com\/wp-content\/uploads\/2025\/10\/SILLA-HELIX-NEGRO.jpg","width":626,"height":626,"caption":"Silla giratoria helix en acabado negro con asiento y respaldo en malla y base con ruedas"},{"@type":"BreadcrumbList","@id":"https:\/\/solucionescontract.com\/producto\/silla-helix-giratoria-con-ruedas\/#breadcrumb","itemListElement":[{"@type":"ListItem","position":1,"name":"Inicio","item":"https:\/\/solucionescontract.com\/"},{"@type":"ListItem","position":2,"name":"Tienda mobiliario contract","item":"https:\/\/solucionescontract.com\/tienda-mobiliario-contract\/"},{"@type":"ListItem","position":3,"name":"Asientos Contract","item":"https:\/\/solucionescontract.com\/categoria-producto\/asientos-para-contract\/"},{"@type":"ListItem","position":4,"name":"SILLA HELIX GIRATORIA CON RUEDAS"}]},{"@type":"WebSite","@id":"https:\/\/solucionescontract.com\/#website","url":"https:\/\/solucionescontract.com\/","name":"Soluciones Contract","description":"Venta Mobiliario contract de dise\u00f1o","publisher":{"@id":"https:\/\/solucionescontract.com\/#organization"},"potentialAction":[{"@type":"SearchAction","target":{"@type":"EntryPoint","urlTemplate":"https:\/\/solucionescontract.com\/?s={search_term_string}"},"query-input":{"@type":"PropertyValueSpecification","valueRequired":true,"valueName":"search_term_string"}}],"inLanguage":"fr-FR"},{"@type":"Organization","@id":"https:\/\/solucionescontract.com\/#organization","name":"Soluciones Contract","url":"https:\/\/solucionescontract.com\/","logo":{"@type":"ImageObject","inLanguage":"fr-FR","@id":"https:\/\/solucionescontract.com\/#\/schema\/logo\/image\/","url":"https:\/\/solucionescontract.com\/wp-content\/uploads\/2020\/02\/logoSC.jpg","contentUrl":"https:\/\/solucionescontract.com\/wp-content\/uploads\/2020\/02\/logoSC.jpg","width":300,"height":125,"caption":"Soluciones Contract"},"image":{"@id":"https:\/\/solucionescontract.com\/#\/schema\/logo\/image\/"},"sameAs":["https:\/\/www.facebook.com\/solucionescontract\/"]}]}},"_links":{"self":[{"href":"https:\/\/solucionescontract.com\/fr\/wp-json\/wp\/v2\/product\/33019","targetHints":{"allow":["GET"]}}],"collection":[{"href":"https:\/\/solucionescontract.com\/fr\/wp-json\/wp\/v2\/product"}],"about":[{"href":"https:\/\/solucionescontract.com\/fr\/wp-json\/wp\/v2\/types\/product"}],"replies":[{"embeddable":true,"href":"https:\/\/solucionescontract.com\/fr\/wp-json\/wp\/v2\/comments?post=33019"}],"wp:featuredmedia":[{"embeddable":true,"href":"https:\/\/solucionescontract.com\/fr\/wp-json\/wp\/v2\/media\/33043"}],"wp:attachment":[{"href":"https:\/\/solucionescontract.com\/fr\/wp-json\/wp\/v2\/media?parent=33019"}],"wp:term":[{"taxonomy":"product_brand","embeddable":true,"href":"https:\/\/solucionescontract.com\/fr\/wp-json\/wp\/v2\/product_brand?post=33019"},{"taxonomy":"product_cat","embeddable":true,"href":"https:\/\/solucionescontract.com\/fr\/wp-json\/wp\/v2\/product_cat?post=33019"},{"taxonomy":"product_tag","embeddable":true,"href":"https:\/\/solucionescontract.com\/fr\/wp-json\/wp\/v2\/product_tag?post=33019"}],"curies":[{"name":"wp","href":"https:\/\/api.w.org\/{rel}","templated":true}]}}