{"id":32949,"date":"2025-10-02T11:43:24","date_gmt":"2025-10-02T10:43:24","guid":{"rendered":"https:\/\/solucionescontract.com\/?post_type=product&#038;p=32949"},"modified":"2025-10-02T11:43:26","modified_gmt":"2025-10-02T10:43:26","slug":"butaca-de-diseno-rein","status":"publish","type":"product","link":"https:\/\/solucionescontract.com\/fr\/producto\/butaca-de-diseno-rein\/","title":{"rendered":"BUTACA DE DISE\u00d1O REIN"},"content":{"rendered":"<p data-start=\"244\" data-end=\"614\">La <strong data-start=\"247\" data-end=\"262\">Butaca de dise\u00f1o Rein tapizada,<\/strong> es una pieza de dise\u00f1o contempor\u00e1neo que\u00a0 combina confort, estilo y funcionalidad . Su dise\u00f1o moderno con respaldo envolvente y tapizado, aporta un toque elegante y acogedor a cualquier espacio. Las<strong> patas de madera natural<\/strong> \u2014disponibles en acabados haya, nogal o negro\u2014 le confieren estabilidad y un aire n\u00f3rdico que la convierte en el complemento ideal para salones, recepciones, oficinas y zonas de lectura o de espera que buscan un toque de distinci\u00f3n sin renunciar a la comodidad<\/p>\n<p data-start=\"616\" data-end=\"879\">Perfecta tanto para uso en el hogar como en proyectos contract, esta butaca ofrece una experiencia de asiento c\u00f3moda gracias a su acolchado <strong>ergon\u00f3mico<\/strong> y a la suavidad de su tapizado. Un mueble vers\u00e1til que destaca por su est\u00e9tica contempor\u00e1nea y su durabilidad.<\/p>\n<p><strong>Caracter\u00edsticas destacadas:<\/strong><\/p>\n<ul>\n<li>\u2705Dise\u00f1o envolvente con respaldo\u00a0 curvado y asiento acolchado.<\/li>\n<li>\u2705Patas de madera que aportan calidez<\/li>\n<li>\u2705Carcasa tapizada con costuras vistas<\/li>\n<li>\u2705Tapizado premium disponible en varios colores.<\/li>\n<li>\u2705Carcasa tapizada y acolchada en poliuretano de alta densidad 40kg\/m3 con<br \/>\ngoma espuma.<\/li>\n<li>\u2705 Asiento y respaldo tapizados y acolchados de 30 kg\/m3 con goma espuma<\/li>\n<li>\u2705Ideal para uso residencial o profesional.<\/li>\n<li>\u2705Fabricaci\u00f3n nacional con est\u00e1ndares de calidad.<\/li>\n<\/ul>\n<div id=\"attachment_32956\" style=\"width: 160px\" class=\"wp-caption alignnone\"><a href=\"https:\/\/solucionescontract.com\/wp-content\/uploads\/2025\/10\/Medidas-butaca-rein.jpg\"><img decoding=\"async\" aria-describedby=\"caption-attachment-32956\" class=\" wd-lazy-fade wp-image-32956 size-thumbnail\" src=\"https:\/\/solucionescontract.com\/wp-content\/themes\/woodmart\/images\/lazy.svg\" data-src=\"https:\/\/solucionescontract.com\/wp-content\/uploads\/2025\/10\/Medidas-butaca-rein-150x150.jpg\" alt=\"Detalle de las medidas de la butaca de dise\u00f1o tapizada Rein\" width=\"150\" height=\"150\" srcset=\"\" data-srcset=\"https:\/\/solucionescontract.com\/wp-content\/uploads\/2025\/10\/Medidas-butaca-rein-150x150.jpg 150w, https:\/\/solucionescontract.com\/wp-content\/uploads\/2025\/10\/Medidas-butaca-rein-300x300.jpg 300w, https:\/\/solucionescontract.com\/wp-content\/uploads\/2025\/10\/Medidas-butaca-rein-20x20.jpg 20w, https:\/\/solucionescontract.com\/wp-content\/uploads\/2025\/10\/Medidas-butaca-rein-283x283.jpg 283w, https:\/\/solucionescontract.com\/wp-content\/uploads\/2025\/10\/Medidas-butaca-rein-384x384.jpg 384w, https:\/\/solucionescontract.com\/wp-content\/uploads\/2025\/10\/Medidas-butaca-rein-412x412.jpg 412w, https:\/\/solucionescontract.com\/wp-content\/uploads\/2025\/10\/Medidas-butaca-rein-560x560.jpg 560w, https:\/\/solucionescontract.com\/wp-content\/uploads\/2025\/10\/Medidas-butaca-rein-686x686.jpg 686w, https:\/\/solucionescontract.com\/wp-content\/uploads\/2025\/10\/Medidas-butaca-rein.jpg 723w\" sizes=\"(max-width: 150px) 100vw, 150px\" \/><\/a><p id=\"caption-attachment-32956\" class=\"wp-caption-text\">Ficha t\u00e9cnica con las medidas de butaca de dise\u00f1o Rein<\/p><\/div>\n<h5 data-start=\"215\" data-end=\"259\">Usos recomendados<\/h5>\n<ul>\n<li data-start=\"263\" data-end=\"331\"><strong data-start=\"263\" data-end=\"298\">Zonas de lectura y dormitorios en el hogar<\/strong>, aportando comodidad y estilo.<\/li>\n<li data-start=\"334\" data-end=\"369\">Zonas comunes en <strong data-start=\"351\" data-end=\"366\">residencias y casas rurales.<\/strong><\/li>\n<li data-start=\"372\" data-end=\"414\">Habitaciones y <strong data-start=\"387\" data-end=\"411\">recepciones de hotel<\/strong>.<\/li>\n<li data-start=\"372\" data-end=\"414\">Areas de descanso en hospitales y\u00a0 cl\u00ednicas<\/li>\n<li data-start=\"417\" data-end=\"473\">\u00c1reas de descanso en proyectos <strong data-start=\"507\" data-end=\"519\">contract<\/strong> y espacios colectivos.<\/li>\n<\/ul>\n<p><span style=\"color: #1b1919; font-size: 12px;\">Ficha de calidad<\/span><\/p>\n<p style=\"text-align: left;\"><!--more--><\/p>\n<p>&nbsp;<\/p>\n<h6><span style=\"color: #ffffff;\">\/a&gt;https:\/\/intacor.net\/producto\/thank-you\/<\/span><\/h6>\n<div style=\"background-color: #f4faff; border: 2px solid #0073aa; border-radius: 12px; padding: 24px; text-align: center; margin: 40px 0;\">\n<h2 style=\"color: #0073aa; font-size: 26px; margin-bottom: 12px;\">\u00bfTe interesa este estilo?<\/h2>\n<p style=\"font-size: 18px; color: #333333; margin-bottom: 20px;\">Descubre m\u00e1s modelos ergon\u00f3micos y modernos en nuestra colecci\u00f3n de <strong>butacas de dise\u00f1o<\/strong>.<\/p>\n<p><a style=\"background-color: #0073aa; color: #ffffff; padding: 16px 32px; font-size: 18px; font-weight: bold; text-decoration: none; border-radius: 8px; display: inline-block;\" href=\"https:\/\/solucionescontract.com\/categoria-producto\/asientos-para-contract\/butacas-de-diseno\/\"><br \/>\nVer toda la colecci\u00f3n<br \/>\n<\/a><\/p>\n<h6><\/h6>\n<\/div>\n","protected":false},"excerpt":{"rendered":"<ul>\n<li data-start=\"1461\" data-end=\"1520\">Butaca de dise\u00f1o con respaldo curvado y acolchado. un dise\u00f1o vers\u00e1til adaptable a cualquier espacio.<\/li>\n<li>4 Patas de madera de haya (disponible tambi\u00e9n en acabado nogal o negro).<\/li>\n<li>Carcasa tapizada con costuras vistas.<\/li>\n<li data-start=\"1570\" data-end=\"1613\">Tapizado, acabado Verde o Beige ,\u00a0 en tejido resistente y duradero en poliuretano de alta densidad.<\/li>\n<li data-start=\"1616\" data-end=\"1662\">Altura de asiento 43 cm<\/li>\n<li data-start=\"1665\" data-end=\"1711\">Fabricaci\u00f3n nacional.<\/li>\n<\/ul>\n<p>Descubre las opciones de tapizados\u00a0disponibles:<br \/>\n<a href=\"https:\/\/solucionescontract.com\/producto\/acabados-intacor\/\"><button type=\"button\" data-url=\"https:\/\/#\">cat\u00e1logo de tapizados disponible aqu\u00ed<\/button><\/a><\/p>\n","protected":false},"featured_media":32950,"comment_status":"open","ping_status":"closed","template":"","meta":[],"product_brand":[1120],"product_cat":[221,63],"product_tag":[60,1178,1184,1175,1121,1182,1183],"class_list":{"0":"post-32949","1":"product","2":"type-product","3":"status-publish","4":"has-post-thumbnail","6":"product_brand-intacor","7":"product_cat-asientos-para-contract","8":"product_cat-butacas-de-diseno","9":"product_tag-asientos-tapizados","10":"product_tag-butaca-contract","11":"product_tag-butaca-patas-de-madera","12":"product_tag-butaca-tapizada","13":"product_tag-ergonomica","14":"product_tag-mobiliario-de-interior","15":"product_tag-mobiliario-zonas-de-lectura","16":"product_shipping_class-envio-gratuito","17":"yith_product_brand-intacor","19":"first","20":"instock","21":"taxable","22":"shipping-taxable","23":"purchasable","24":"product-type-variable"},"yoast_head":"<!-- This site is optimized with the Yoast SEO plugin v27.3 - https:\/\/yoast.com\/product\/yoast-seo-wordpress\/ -->\n<title>BUTACA DE DISE\u00d1O REIN - Dise\u00f1o moderno hogar y contract<\/title>\n<meta name=\"description\" content=\"Descubre la BUTACA REIN, un asiento de dise\u00f1o moderno TAPIZADO y patas de madera natural. Ideal para salones, oficinas y proyectos contract. Venta online\" \/>\n<meta name=\"robots\" content=\"index, follow, max-snippet:-1, max-image-preview:large, max-video-preview:-1\" \/>\n<link rel=\"canonical\" href=\"https:\/\/solucionescontract.com\/producto\/butaca-de-diseno-rein\/\" \/>\n<meta property=\"og:locale\" content=\"fr_FR\" \/>\n<meta property=\"og:type\" content=\"article\" \/>\n<meta property=\"og:title\" content=\"BUTACA DE DISE\u00d1O REIN - Dise\u00f1o moderno hogar y contract\" \/>\n<meta property=\"og:description\" content=\"Descubre la BUTACA REIN, un asiento de dise\u00f1o moderno TAPIZADO y patas de madera natural. Ideal para salones, oficinas y proyectos contract. Venta online\" \/>\n<meta property=\"og:url\" content=\"https:\/\/solucionescontract.com\/producto\/butaca-de-diseno-rein\/\" \/>\n<meta property=\"og:site_name\" content=\"Soluciones Contract\" \/>\n<meta property=\"article:publisher\" content=\"https:\/\/www.facebook.com\/solucionescontract\/\" \/>\n<meta property=\"article:modified_time\" content=\"2025-10-02T10:43:26+00:00\" \/>\n<meta property=\"og:image\" content=\"https:\/\/solucionescontract.com\/wp-content\/uploads\/2025\/10\/butaca-diseno-rein-hogar-contract.jpg\" \/>\n\t<meta property=\"og:image:width\" content=\"1200\" \/>\n\t<meta property=\"og:image:height\" content=\"1200\" \/>\n\t<meta property=\"og:image:type\" content=\"image\/jpeg\" \/>\n<meta name=\"twitter:card\" content=\"summary_large_image\" \/>\n<meta name=\"twitter:label1\" content=\"Dur\u00e9e de lecture estim\u00e9e\" \/>\n\t<meta name=\"twitter:data1\" content=\"3 minutes\" \/>\n<script type=\"application\/ld+json\" class=\"yoast-schema-graph\">{\"@context\":\"https:\\\/\\\/schema.org\",\"@graph\":[{\"@type\":\"WebPage\",\"@id\":\"https:\\\/\\\/solucionescontract.com\\\/producto\\\/butaca-de-diseno-rein\\\/\",\"url\":\"https:\\\/\\\/solucionescontract.com\\\/producto\\\/butaca-de-diseno-rein\\\/\",\"name\":\"BUTACA DE DISE\u00d1O REIN - Dise\u00f1o moderno hogar y contract\",\"isPartOf\":{\"@id\":\"https:\\\/\\\/solucionescontract.com\\\/#website\"},\"primaryImageOfPage\":{\"@id\":\"https:\\\/\\\/solucionescontract.com\\\/producto\\\/butaca-de-diseno-rein\\\/#primaryimage\"},\"image\":{\"@id\":\"https:\\\/\\\/solucionescontract.com\\\/producto\\\/butaca-de-diseno-rein\\\/#primaryimage\"},\"thumbnailUrl\":\"https:\\\/\\\/solucionescontract.com\\\/wp-content\\\/uploads\\\/2025\\\/10\\\/butaca-diseno-rein-hogar-contract.jpg\",\"datePublished\":\"2025-10-02T10:43:24+00:00\",\"dateModified\":\"2025-10-02T10:43:26+00:00\",\"description\":\"Descubre la BUTACA REIN, un asiento de dise\u00f1o moderno TAPIZADO y patas de madera natural. Ideal para salones, oficinas y proyectos contract. Venta online\",\"breadcrumb\":{\"@id\":\"https:\\\/\\\/solucionescontract.com\\\/producto\\\/butaca-de-diseno-rein\\\/#breadcrumb\"},\"inLanguage\":\"fr-FR\",\"potentialAction\":[{\"@type\":\"ReadAction\",\"target\":[\"https:\\\/\\\/solucionescontract.com\\\/producto\\\/butaca-de-diseno-rein\\\/\"]}]},{\"@type\":\"ImageObject\",\"inLanguage\":\"fr-FR\",\"@id\":\"https:\\\/\\\/solucionescontract.com\\\/producto\\\/butaca-de-diseno-rein\\\/#primaryimage\",\"url\":\"https:\\\/\\\/solucionescontract.com\\\/wp-content\\\/uploads\\\/2025\\\/10\\\/butaca-diseno-rein-hogar-contract.jpg\",\"contentUrl\":\"https:\\\/\\\/solucionescontract.com\\\/wp-content\\\/uploads\\\/2025\\\/10\\\/butaca-diseno-rein-hogar-contract.jpg\",\"width\":1200,\"height\":1200,\"caption\":\"Butaca de dise\u00f1o rein tapizada en verde con asiento y respaldo acolchado y patas en madera que aportan\"},{\"@type\":\"BreadcrumbList\",\"@id\":\"https:\\\/\\\/solucionescontract.com\\\/producto\\\/butaca-de-diseno-rein\\\/#breadcrumb\",\"itemListElement\":[{\"@type\":\"ListItem\",\"position\":1,\"name\":\"Inicio\",\"item\":\"https:\\\/\\\/solucionescontract.com\\\/\"},{\"@type\":\"ListItem\",\"position\":2,\"name\":\"Tienda mobiliario contract\",\"item\":\"https:\\\/\\\/solucionescontract.com\\\/tienda-mobiliario-contract\\\/\"},{\"@type\":\"ListItem\",\"position\":3,\"name\":\"Asientos Contract\",\"item\":\"https:\\\/\\\/solucionescontract.com\\\/categoria-producto\\\/asientos-para-contract\\\/\"},{\"@type\":\"ListItem\",\"position\":4,\"name\":\"BUTACA DE DISE\u00d1O REIN\"}]},{\"@type\":\"WebSite\",\"@id\":\"https:\\\/\\\/solucionescontract.com\\\/#website\",\"url\":\"https:\\\/\\\/solucionescontract.com\\\/\",\"name\":\"Soluciones Contract\",\"description\":\"Venta Mobiliario contract de dise\u00f1o\",\"publisher\":{\"@id\":\"https:\\\/\\\/solucionescontract.com\\\/#organization\"},\"potentialAction\":[{\"@type\":\"SearchAction\",\"target\":{\"@type\":\"EntryPoint\",\"urlTemplate\":\"https:\\\/\\\/solucionescontract.com\\\/?s={search_term_string}\"},\"query-input\":{\"@type\":\"PropertyValueSpecification\",\"valueRequired\":true,\"valueName\":\"search_term_string\"}}],\"inLanguage\":\"fr-FR\"},{\"@type\":\"Organization\",\"@id\":\"https:\\\/\\\/solucionescontract.com\\\/#organization\",\"name\":\"Soluciones Contract\",\"url\":\"https:\\\/\\\/solucionescontract.com\\\/\",\"logo\":{\"@type\":\"ImageObject\",\"inLanguage\":\"fr-FR\",\"@id\":\"https:\\\/\\\/solucionescontract.com\\\/#\\\/schema\\\/logo\\\/image\\\/\",\"url\":\"https:\\\/\\\/solucionescontract.com\\\/wp-content\\\/uploads\\\/2020\\\/02\\\/logoSC.jpg\",\"contentUrl\":\"https:\\\/\\\/solucionescontract.com\\\/wp-content\\\/uploads\\\/2020\\\/02\\\/logoSC.jpg\",\"width\":300,\"height\":125,\"caption\":\"Soluciones Contract\"},\"image\":{\"@id\":\"https:\\\/\\\/solucionescontract.com\\\/#\\\/schema\\\/logo\\\/image\\\/\"},\"sameAs\":[\"https:\\\/\\\/www.facebook.com\\\/solucionescontract\\\/\"]}]}<\/script>\n<!-- \/ Yoast SEO plugin. -->","yoast_head_json":{"title":"BUTACA DE DISE\u00d1O REIN - Dise\u00f1o moderno hogar y contract","description":"Descubre la BUTACA REIN, un asiento de dise\u00f1o moderno TAPIZADO y patas de madera natural. Ideal para salones, oficinas y proyectos contract. Venta online","robots":{"index":"index","follow":"follow","max-snippet":"max-snippet:-1","max-image-preview":"max-image-preview:large","max-video-preview":"max-video-preview:-1"},"canonical":"https:\/\/solucionescontract.com\/producto\/butaca-de-diseno-rein\/","og_locale":"fr_FR","og_type":"article","og_title":"BUTACA DE DISE\u00d1O REIN - Dise\u00f1o moderno hogar y contract","og_description":"Descubre la BUTACA REIN, un asiento de dise\u00f1o moderno TAPIZADO y patas de madera natural. Ideal para salones, oficinas y proyectos contract. Venta online","og_url":"https:\/\/solucionescontract.com\/producto\/butaca-de-diseno-rein\/","og_site_name":"Soluciones Contract","article_publisher":"https:\/\/www.facebook.com\/solucionescontract\/","article_modified_time":"2025-10-02T10:43:26+00:00","og_image":[{"width":1200,"height":1200,"url":"https:\/\/solucionescontract.com\/wp-content\/uploads\/2025\/10\/butaca-diseno-rein-hogar-contract.jpg","type":"image\/jpeg"}],"twitter_card":"summary_large_image","twitter_misc":{"Dur\u00e9e de lecture estim\u00e9e":"3 minutes"},"schema":{"@context":"https:\/\/schema.org","@graph":[{"@type":"WebPage","@id":"https:\/\/solucionescontract.com\/producto\/butaca-de-diseno-rein\/","url":"https:\/\/solucionescontract.com\/producto\/butaca-de-diseno-rein\/","name":"BUTACA DE DISE\u00d1O REIN - Dise\u00f1o moderno hogar y contract","isPartOf":{"@id":"https:\/\/solucionescontract.com\/#website"},"primaryImageOfPage":{"@id":"https:\/\/solucionescontract.com\/producto\/butaca-de-diseno-rein\/#primaryimage"},"image":{"@id":"https:\/\/solucionescontract.com\/producto\/butaca-de-diseno-rein\/#primaryimage"},"thumbnailUrl":"https:\/\/solucionescontract.com\/wp-content\/uploads\/2025\/10\/butaca-diseno-rein-hogar-contract.jpg","datePublished":"2025-10-02T10:43:24+00:00","dateModified":"2025-10-02T10:43:26+00:00","description":"Descubre la BUTACA REIN, un asiento de dise\u00f1o moderno TAPIZADO y patas de madera natural. Ideal para salones, oficinas y proyectos contract. Venta online","breadcrumb":{"@id":"https:\/\/solucionescontract.com\/producto\/butaca-de-diseno-rein\/#breadcrumb"},"inLanguage":"fr-FR","potentialAction":[{"@type":"ReadAction","target":["https:\/\/solucionescontract.com\/producto\/butaca-de-diseno-rein\/"]}]},{"@type":"ImageObject","inLanguage":"fr-FR","@id":"https:\/\/solucionescontract.com\/producto\/butaca-de-diseno-rein\/#primaryimage","url":"https:\/\/solucionescontract.com\/wp-content\/uploads\/2025\/10\/butaca-diseno-rein-hogar-contract.jpg","contentUrl":"https:\/\/solucionescontract.com\/wp-content\/uploads\/2025\/10\/butaca-diseno-rein-hogar-contract.jpg","width":1200,"height":1200,"caption":"Butaca de dise\u00f1o rein tapizada en verde con asiento y respaldo acolchado y patas en madera que aportan"},{"@type":"BreadcrumbList","@id":"https:\/\/solucionescontract.com\/producto\/butaca-de-diseno-rein\/#breadcrumb","itemListElement":[{"@type":"ListItem","position":1,"name":"Inicio","item":"https:\/\/solucionescontract.com\/"},{"@type":"ListItem","position":2,"name":"Tienda mobiliario contract","item":"https:\/\/solucionescontract.com\/tienda-mobiliario-contract\/"},{"@type":"ListItem","position":3,"name":"Asientos Contract","item":"https:\/\/solucionescontract.com\/categoria-producto\/asientos-para-contract\/"},{"@type":"ListItem","position":4,"name":"BUTACA DE DISE\u00d1O REIN"}]},{"@type":"WebSite","@id":"https:\/\/solucionescontract.com\/#website","url":"https:\/\/solucionescontract.com\/","name":"Soluciones Contract","description":"Venta Mobiliario contract de dise\u00f1o","publisher":{"@id":"https:\/\/solucionescontract.com\/#organization"},"potentialAction":[{"@type":"SearchAction","target":{"@type":"EntryPoint","urlTemplate":"https:\/\/solucionescontract.com\/?s={search_term_string}"},"query-input":{"@type":"PropertyValueSpecification","valueRequired":true,"valueName":"search_term_string"}}],"inLanguage":"fr-FR"},{"@type":"Organization","@id":"https:\/\/solucionescontract.com\/#organization","name":"Soluciones Contract","url":"https:\/\/solucionescontract.com\/","logo":{"@type":"ImageObject","inLanguage":"fr-FR","@id":"https:\/\/solucionescontract.com\/#\/schema\/logo\/image\/","url":"https:\/\/solucionescontract.com\/wp-content\/uploads\/2020\/02\/logoSC.jpg","contentUrl":"https:\/\/solucionescontract.com\/wp-content\/uploads\/2020\/02\/logoSC.jpg","width":300,"height":125,"caption":"Soluciones Contract"},"image":{"@id":"https:\/\/solucionescontract.com\/#\/schema\/logo\/image\/"},"sameAs":["https:\/\/www.facebook.com\/solucionescontract\/"]}]}},"_links":{"self":[{"href":"https:\/\/solucionescontract.com\/fr\/wp-json\/wp\/v2\/product\/32949","targetHints":{"allow":["GET"]}}],"collection":[{"href":"https:\/\/solucionescontract.com\/fr\/wp-json\/wp\/v2\/product"}],"about":[{"href":"https:\/\/solucionescontract.com\/fr\/wp-json\/wp\/v2\/types\/product"}],"replies":[{"embeddable":true,"href":"https:\/\/solucionescontract.com\/fr\/wp-json\/wp\/v2\/comments?post=32949"}],"wp:featuredmedia":[{"embeddable":true,"href":"https:\/\/solucionescontract.com\/fr\/wp-json\/wp\/v2\/media\/32950"}],"wp:attachment":[{"href":"https:\/\/solucionescontract.com\/fr\/wp-json\/wp\/v2\/media?parent=32949"}],"wp:term":[{"taxonomy":"product_brand","embeddable":true,"href":"https:\/\/solucionescontract.com\/fr\/wp-json\/wp\/v2\/product_brand?post=32949"},{"taxonomy":"product_cat","embeddable":true,"href":"https:\/\/solucionescontract.com\/fr\/wp-json\/wp\/v2\/product_cat?post=32949"},{"taxonomy":"product_tag","embeddable":true,"href":"https:\/\/solucionescontract.com\/fr\/wp-json\/wp\/v2\/product_tag?post=32949"}],"curies":[{"name":"wp","href":"https:\/\/api.w.org\/{rel}","templated":true}]}}