{"id":32931,"date":"2025-09-30T09:01:13","date_gmt":"2025-09-30T08:01:13","guid":{"rendered":"https:\/\/solucionescontract.com\/?post_type=product&#038;p=32931"},"modified":"2025-09-30T09:46:56","modified_gmt":"2025-09-30T08:46:56","slug":"butaca-killarney-wood","status":"publish","type":"product","link":"https:\/\/solucionescontract.com\/fr\/producto\/butaca-killarney-wood\/","title":{"rendered":"BUTACA KILLARNEY WOOD"},"content":{"rendered":"<p>La <strong>butaca killarney Wood<\/strong> redefine el confort y la est\u00e9tica en espacios de reuni\u00f3n y descanso. Es la elecci\u00f3n perfecta para quienes buscan un mueble c\u00f3modo, resistente y elegante, tanto en el hogar como en espacios profesionales. Su dise\u00f1o con <strong>respaldo alto y l\u00edneas modernas<\/strong> la convierte en una pieza perfecta para el sal\u00f3n, dormitorios o zonas de descanso en casa, as\u00ed como para <strong>hoteles, residencias, casas rurales y hospitales<\/strong> que necesitan un mobiliario duradero y confortable.<\/p>\n<p>Su dise\u00f1o envolvente, completamente tapizado, fusiona asiento, respaldo y brazos en una sola pieza ergon\u00f3mica que acoge el cuerpo con suavidad y estilo,\u00a0ofreciendo una experiencia de descanso superior y una est\u00e9tica adaptable a distintos ambientes.<\/p>\n<p>Equipada con <strong>cuatro patas de madera maciza<\/strong> \u2014disponibles en acabados haya, nogal o negro\u2014 esta pieza aporta distinci\u00f3n y calidez a cualquier entorno profesional o residencial.<\/p>\n<p><strong>Caracter\u00edsticas destacadas:<\/strong><\/p>\n<ul>\n<li>\u2705Dise\u00f1o envolvente con respaldo alto curvado y brazos integrados para mayor confort postura.<\/li>\n<li>\u2705Patas de madera que aportan calidez y estabilidad.<\/li>\n<li>\u2705Tapizado premium disponible en varios colores.<\/li>\n<li>\u2705Carcasa tapizada y acolchada en poliuretano de alta densidad 40kg\/m3 con<br \/>\ngoma espuma.<\/li>\n<li>\u2705 Asiento y respaldo tapizados y acolchados de 30 kg\/m3 con goma espuma<\/li>\n<li>\u2705Ideal para uso residencial o profesional.<\/li>\n<li>\u2705Fabricaci\u00f3n nacional con est\u00e1ndares de calidad.<\/li>\n<\/ul>\n<div id=\"attachment_32934\" style=\"width: 310px\" class=\"wp-caption alignnone\"><a href=\"https:\/\/solucionescontract.com\/wp-content\/uploads\/2025\/09\/medidas-butaca-killarney-madera.jpg\"><img decoding=\"async\" aria-describedby=\"caption-attachment-32934\" class=\" wd-lazy-fade wp-image-32934 size-medium\" src=\"https:\/\/solucionescontract.com\/wp-content\/themes\/woodmart\/images\/lazy.svg\" data-src=\"https:\/\/solucionescontract.com\/wp-content\/uploads\/2025\/09\/medidas-butaca-killarney-madera-300x300.jpg\" alt=\"Detalle de medidas de la butaca killarney con patas de madera\" width=\"300\" height=\"300\" srcset=\"\" data-srcset=\"https:\/\/solucionescontract.com\/wp-content\/uploads\/2025\/09\/medidas-butaca-killarney-madera-300x300.jpg 300w, https:\/\/solucionescontract.com\/wp-content\/uploads\/2025\/09\/medidas-butaca-killarney-madera-150x150.jpg 150w, https:\/\/solucionescontract.com\/wp-content\/uploads\/2025\/09\/medidas-butaca-killarney-madera-20x20.jpg 20w, https:\/\/solucionescontract.com\/wp-content\/uploads\/2025\/09\/medidas-butaca-killarney-madera.jpg 769w\" sizes=\"(max-width: 300px) 100vw, 300px\" \/><\/a><p id=\"caption-attachment-32934\" class=\"wp-caption-text\">Ficha t\u00e9cnica con las medidas de la butaca Killarney wood<\/p><\/div>\n<p>&nbsp;<\/p>\n<h5 data-start=\"215\" data-end=\"259\">Usos recomendados<\/h5>\n<ul>\n<li data-start=\"263\" data-end=\"331\"><strong data-start=\"263\" data-end=\"298\">Sal\u00f3n y dormitorios en el hogar<\/strong>, aportando comodidad y estilo.<\/li>\n<li data-start=\"334\" data-end=\"369\">Zonas comunes en <strong data-start=\"351\" data-end=\"366\">residencias y casas rurales.<\/strong><\/li>\n<li data-start=\"372\" data-end=\"414\">Habitaciones y <strong data-start=\"387\" data-end=\"411\">recepciones de hotel<\/strong>.<\/li>\n<li data-start=\"372\" data-end=\"414\">Areas de descanso en hospitales cl\u00ednicas<\/li>\n<li data-start=\"417\" data-end=\"473\"><strong data-start=\"417\" data-end=\"436\">Salas de espera<\/strong> en cl\u00ednicas, despachos u oficinas.<\/li>\n<li data-start=\"476\" data-end=\"544\">\u00c1reas de descanso en proyectos <strong data-start=\"507\" data-end=\"519\">contract<\/strong> y espacios colectivos.<\/li>\n<\/ul>\n<p><span style=\"color: #1b1919; font-size: 12px;\">Ficha de calidad<\/span><\/p>\n<p style=\"text-align: left;\"><!--more--><\/p>\n<p>&nbsp;<\/p>\n<h6><span style=\"color: #ffffff;\">\/a&gt;https:\/\/intacor.net\/producto\/thank-you\/<\/span><\/h6>\n<div style=\"background-color: #f4faff; border: 2px solid #0073aa; border-radius: 12px; padding: 24px; text-align: center; margin: 40px 0;\">\n<h2 style=\"color: #0073aa; font-size: 26px; margin-bottom: 12px;\">\u00bfTe interesa este estilo?<\/h2>\n<p style=\"font-size: 18px; color: #333333; margin-bottom: 20px;\">Descubre m\u00e1s modelos ergon\u00f3micos y modernos en nuestra colecci\u00f3n de <strong>butacas de dise\u00f1o<\/strong>.<\/p>\n<p><a style=\"background-color: #0073aa; color: #ffffff; padding: 16px 32px; font-size: 18px; font-weight: bold; text-decoration: none; border-radius: 8px; display: inline-block;\" href=\"https:\/\/solucionescontract.com\/categoria-producto\/asientos-para-contract\/butacas-de-diseno\/\"><br \/>\nVer toda la colecci\u00f3n<br \/>\n<\/a><\/p>\n<h6><\/h6>\n<\/div>\n","protected":false},"excerpt":{"rendered":"<ul>\n<li data-start=\"1461\" data-end=\"1520\">Butaca de respaldo alto curvado y brazos integrados, un dise\u00f1o moderno y elegante, adaptable a cualquier espacio.<\/li>\n<li>4 Patas de madera de haya (disponible tambi\u00e9n en acabado nogal o negro<\/li>\n<li data-start=\"1570\" data-end=\"1613\">Tapizado, acabado Verde,\u00a0 en tejido resistente y duradero en poliuretano de alta densidad.<\/li>\n<li data-start=\"1616\" data-end=\"1662\">Altura de asiento 50 cm<\/li>\n<li data-start=\"1665\" data-end=\"1711\">Fabricaci\u00f3n nacional.<\/li>\n<\/ul>\n<p>Descubre las opciones de tapizados\u00a0disponibles:<br \/>\n<a href=\"https:\/\/solucionescontract.com\/producto\/acabados-intacor\/\"><button type=\"button\" data-url=\"https:\/\/#\">cat\u00e1logo de tapizados disponible aqu\u00ed<\/button><\/a><\/p>\n","protected":false},"featured_media":32937,"comment_status":"open","ping_status":"closed","template":"","meta":[],"product_brand":[1120],"product_cat":[221,63],"product_tag":[60,1178,1175,1121,1182,1176,1181,1180],"class_list":{"0":"post-32931","1":"product","2":"type-product","3":"status-publish","4":"has-post-thumbnail","6":"product_brand-intacor","7":"product_cat-asientos-para-contract","8":"product_cat-butacas-de-diseno","9":"product_tag-asientos-tapizados","10":"product_tag-butaca-contract","11":"product_tag-butaca-tapizada","12":"product_tag-ergonomica","13":"product_tag-mobiliario-de-interior","14":"product_tag-mobiliario-para-residencias","15":"product_tag-muebles-para-casas-rurales","16":"product_tag-sillon-patas-de-madera","17":"product_shipping_class-envio-gratuito","18":"yith_product_brand-intacor","20":"first","21":"instock","22":"taxable","23":"shipping-taxable","24":"purchasable","25":"product-type-variable"},"yoast_head":"<!-- This site is optimized with the Yoast SEO plugin v27.3 - https:\/\/yoast.com\/product\/yoast-seo-wordpress\/ -->\n<title>BUTACA KILLARNEY WOOD - Soluciones Contract<\/title>\n<meta name=\"description\" content=\". BUTACA KILLARNEY WOOD con respaldo alto y patas de madera. Ideal para hogar, hoteles, residencias, casas rurales y hospitales. VENTA ONLINE\" \/>\n<meta name=\"robots\" content=\"index, follow, max-snippet:-1, max-image-preview:large, max-video-preview:-1\" \/>\n<link rel=\"canonical\" href=\"https:\/\/solucionescontract.com\/producto\/butaca-killarney-wood\/\" \/>\n<meta property=\"og:locale\" content=\"fr_FR\" \/>\n<meta property=\"og:type\" content=\"article\" \/>\n<meta property=\"og:title\" content=\"BUTACA KILLARNEY WOOD - Soluciones Contract\" \/>\n<meta property=\"og:description\" content=\". BUTACA KILLARNEY WOOD con respaldo alto y patas de madera. Ideal para hogar, hoteles, residencias, casas rurales y hospitales. VENTA ONLINE\" \/>\n<meta property=\"og:url\" content=\"https:\/\/solucionescontract.com\/producto\/butaca-killarney-wood\/\" \/>\n<meta property=\"og:site_name\" content=\"Soluciones Contract\" \/>\n<meta property=\"article:publisher\" content=\"https:\/\/www.facebook.com\/solucionescontract\/\" \/>\n<meta property=\"article:modified_time\" content=\"2025-09-30T08:46:56+00:00\" \/>\n<meta property=\"og:image\" content=\"https:\/\/solucionescontract.com\/wp-content\/uploads\/2025\/09\/butaca-tapizada-patas-madera-hogar-residencias.jpg\" \/>\n\t<meta property=\"og:image:width\" content=\"1000\" \/>\n\t<meta property=\"og:image:height\" content=\"1000\" \/>\n\t<meta property=\"og:image:type\" content=\"image\/jpeg\" \/>\n<meta name=\"twitter:card\" content=\"summary_large_image\" \/>\n<meta name=\"twitter:label1\" content=\"Dur\u00e9e de lecture estim\u00e9e\" \/>\n\t<meta name=\"twitter:data1\" content=\"2 minutes\" \/>\n<script type=\"application\/ld+json\" class=\"yoast-schema-graph\">{\"@context\":\"https:\\\/\\\/schema.org\",\"@graph\":[{\"@type\":\"WebPage\",\"@id\":\"https:\\\/\\\/solucionescontract.com\\\/producto\\\/butaca-killarney-wood\\\/\",\"url\":\"https:\\\/\\\/solucionescontract.com\\\/producto\\\/butaca-killarney-wood\\\/\",\"name\":\"BUTACA KILLARNEY WOOD - Soluciones Contract\",\"isPartOf\":{\"@id\":\"https:\\\/\\\/solucionescontract.com\\\/#website\"},\"primaryImageOfPage\":{\"@id\":\"https:\\\/\\\/solucionescontract.com\\\/producto\\\/butaca-killarney-wood\\\/#primaryimage\"},\"image\":{\"@id\":\"https:\\\/\\\/solucionescontract.com\\\/producto\\\/butaca-killarney-wood\\\/#primaryimage\"},\"thumbnailUrl\":\"https:\\\/\\\/solucionescontract.com\\\/wp-content\\\/uploads\\\/2025\\\/09\\\/butaca-tapizada-patas-madera-hogar-residencias.jpg\",\"datePublished\":\"2025-09-30T08:01:13+00:00\",\"dateModified\":\"2025-09-30T08:46:56+00:00\",\"description\":\". BUTACA KILLARNEY WOOD con respaldo alto y patas de madera. Ideal para hogar, hoteles, residencias, casas rurales y hospitales. VENTA ONLINE\",\"breadcrumb\":{\"@id\":\"https:\\\/\\\/solucionescontract.com\\\/producto\\\/butaca-killarney-wood\\\/#breadcrumb\"},\"inLanguage\":\"fr-FR\",\"potentialAction\":[{\"@type\":\"ReadAction\",\"target\":[\"https:\\\/\\\/solucionescontract.com\\\/producto\\\/butaca-killarney-wood\\\/\"]}]},{\"@type\":\"ImageObject\",\"inLanguage\":\"fr-FR\",\"@id\":\"https:\\\/\\\/solucionescontract.com\\\/producto\\\/butaca-killarney-wood\\\/#primaryimage\",\"url\":\"https:\\\/\\\/solucionescontract.com\\\/wp-content\\\/uploads\\\/2025\\\/09\\\/butaca-tapizada-patas-madera-hogar-residencias.jpg\",\"contentUrl\":\"https:\\\/\\\/solucionescontract.com\\\/wp-content\\\/uploads\\\/2025\\\/09\\\/butaca-tapizada-patas-madera-hogar-residencias.jpg\",\"width\":1000,\"height\":1000,\"caption\":\"Butaca de dise\u00f1o acabado color teja y patas met\u00e1licas en negro. Dise\u00f1o que ofrece confort a los usuarios\"},{\"@type\":\"BreadcrumbList\",\"@id\":\"https:\\\/\\\/solucionescontract.com\\\/producto\\\/butaca-killarney-wood\\\/#breadcrumb\",\"itemListElement\":[{\"@type\":\"ListItem\",\"position\":1,\"name\":\"Inicio\",\"item\":\"https:\\\/\\\/solucionescontract.com\\\/\"},{\"@type\":\"ListItem\",\"position\":2,\"name\":\"Tienda mobiliario contract\",\"item\":\"https:\\\/\\\/solucionescontract.com\\\/tienda-mobiliario-contract\\\/\"},{\"@type\":\"ListItem\",\"position\":3,\"name\":\"Asientos Contract\",\"item\":\"https:\\\/\\\/solucionescontract.com\\\/categoria-producto\\\/asientos-para-contract\\\/\"},{\"@type\":\"ListItem\",\"position\":4,\"name\":\"BUTACA KILLARNEY WOOD\"}]},{\"@type\":\"WebSite\",\"@id\":\"https:\\\/\\\/solucionescontract.com\\\/#website\",\"url\":\"https:\\\/\\\/solucionescontract.com\\\/\",\"name\":\"Soluciones Contract\",\"description\":\"Venta Mobiliario contract de dise\u00f1o\",\"publisher\":{\"@id\":\"https:\\\/\\\/solucionescontract.com\\\/#organization\"},\"potentialAction\":[{\"@type\":\"SearchAction\",\"target\":{\"@type\":\"EntryPoint\",\"urlTemplate\":\"https:\\\/\\\/solucionescontract.com\\\/?s={search_term_string}\"},\"query-input\":{\"@type\":\"PropertyValueSpecification\",\"valueRequired\":true,\"valueName\":\"search_term_string\"}}],\"inLanguage\":\"fr-FR\"},{\"@type\":\"Organization\",\"@id\":\"https:\\\/\\\/solucionescontract.com\\\/#organization\",\"name\":\"Soluciones Contract\",\"url\":\"https:\\\/\\\/solucionescontract.com\\\/\",\"logo\":{\"@type\":\"ImageObject\",\"inLanguage\":\"fr-FR\",\"@id\":\"https:\\\/\\\/solucionescontract.com\\\/#\\\/schema\\\/logo\\\/image\\\/\",\"url\":\"https:\\\/\\\/solucionescontract.com\\\/wp-content\\\/uploads\\\/2020\\\/02\\\/logoSC.jpg\",\"contentUrl\":\"https:\\\/\\\/solucionescontract.com\\\/wp-content\\\/uploads\\\/2020\\\/02\\\/logoSC.jpg\",\"width\":300,\"height\":125,\"caption\":\"Soluciones Contract\"},\"image\":{\"@id\":\"https:\\\/\\\/solucionescontract.com\\\/#\\\/schema\\\/logo\\\/image\\\/\"},\"sameAs\":[\"https:\\\/\\\/www.facebook.com\\\/solucionescontract\\\/\"]}]}<\/script>\n<!-- \/ Yoast SEO plugin. -->","yoast_head_json":{"title":"BUTACA KILLARNEY WOOD - Soluciones Contract","description":". BUTACA KILLARNEY WOOD con respaldo alto y patas de madera. Ideal para hogar, hoteles, residencias, casas rurales y hospitales. VENTA ONLINE","robots":{"index":"index","follow":"follow","max-snippet":"max-snippet:-1","max-image-preview":"max-image-preview:large","max-video-preview":"max-video-preview:-1"},"canonical":"https:\/\/solucionescontract.com\/producto\/butaca-killarney-wood\/","og_locale":"fr_FR","og_type":"article","og_title":"BUTACA KILLARNEY WOOD - Soluciones Contract","og_description":". BUTACA KILLARNEY WOOD con respaldo alto y patas de madera. Ideal para hogar, hoteles, residencias, casas rurales y hospitales. VENTA ONLINE","og_url":"https:\/\/solucionescontract.com\/producto\/butaca-killarney-wood\/","og_site_name":"Soluciones Contract","article_publisher":"https:\/\/www.facebook.com\/solucionescontract\/","article_modified_time":"2025-09-30T08:46:56+00:00","og_image":[{"width":1000,"height":1000,"url":"https:\/\/solucionescontract.com\/wp-content\/uploads\/2025\/09\/butaca-tapizada-patas-madera-hogar-residencias.jpg","type":"image\/jpeg"}],"twitter_card":"summary_large_image","twitter_misc":{"Dur\u00e9e de lecture estim\u00e9e":"2 minutes"},"schema":{"@context":"https:\/\/schema.org","@graph":[{"@type":"WebPage","@id":"https:\/\/solucionescontract.com\/producto\/butaca-killarney-wood\/","url":"https:\/\/solucionescontract.com\/producto\/butaca-killarney-wood\/","name":"BUTACA KILLARNEY WOOD - Soluciones Contract","isPartOf":{"@id":"https:\/\/solucionescontract.com\/#website"},"primaryImageOfPage":{"@id":"https:\/\/solucionescontract.com\/producto\/butaca-killarney-wood\/#primaryimage"},"image":{"@id":"https:\/\/solucionescontract.com\/producto\/butaca-killarney-wood\/#primaryimage"},"thumbnailUrl":"https:\/\/solucionescontract.com\/wp-content\/uploads\/2025\/09\/butaca-tapizada-patas-madera-hogar-residencias.jpg","datePublished":"2025-09-30T08:01:13+00:00","dateModified":"2025-09-30T08:46:56+00:00","description":". BUTACA KILLARNEY WOOD con respaldo alto y patas de madera. Ideal para hogar, hoteles, residencias, casas rurales y hospitales. VENTA ONLINE","breadcrumb":{"@id":"https:\/\/solucionescontract.com\/producto\/butaca-killarney-wood\/#breadcrumb"},"inLanguage":"fr-FR","potentialAction":[{"@type":"ReadAction","target":["https:\/\/solucionescontract.com\/producto\/butaca-killarney-wood\/"]}]},{"@type":"ImageObject","inLanguage":"fr-FR","@id":"https:\/\/solucionescontract.com\/producto\/butaca-killarney-wood\/#primaryimage","url":"https:\/\/solucionescontract.com\/wp-content\/uploads\/2025\/09\/butaca-tapizada-patas-madera-hogar-residencias.jpg","contentUrl":"https:\/\/solucionescontract.com\/wp-content\/uploads\/2025\/09\/butaca-tapizada-patas-madera-hogar-residencias.jpg","width":1000,"height":1000,"caption":"Butaca de dise\u00f1o acabado color teja y patas met\u00e1licas en negro. Dise\u00f1o que ofrece confort a los usuarios"},{"@type":"BreadcrumbList","@id":"https:\/\/solucionescontract.com\/producto\/butaca-killarney-wood\/#breadcrumb","itemListElement":[{"@type":"ListItem","position":1,"name":"Inicio","item":"https:\/\/solucionescontract.com\/"},{"@type":"ListItem","position":2,"name":"Tienda mobiliario contract","item":"https:\/\/solucionescontract.com\/tienda-mobiliario-contract\/"},{"@type":"ListItem","position":3,"name":"Asientos Contract","item":"https:\/\/solucionescontract.com\/categoria-producto\/asientos-para-contract\/"},{"@type":"ListItem","position":4,"name":"BUTACA KILLARNEY WOOD"}]},{"@type":"WebSite","@id":"https:\/\/solucionescontract.com\/#website","url":"https:\/\/solucionescontract.com\/","name":"Soluciones Contract","description":"Venta Mobiliario contract de dise\u00f1o","publisher":{"@id":"https:\/\/solucionescontract.com\/#organization"},"potentialAction":[{"@type":"SearchAction","target":{"@type":"EntryPoint","urlTemplate":"https:\/\/solucionescontract.com\/?s={search_term_string}"},"query-input":{"@type":"PropertyValueSpecification","valueRequired":true,"valueName":"search_term_string"}}],"inLanguage":"fr-FR"},{"@type":"Organization","@id":"https:\/\/solucionescontract.com\/#organization","name":"Soluciones Contract","url":"https:\/\/solucionescontract.com\/","logo":{"@type":"ImageObject","inLanguage":"fr-FR","@id":"https:\/\/solucionescontract.com\/#\/schema\/logo\/image\/","url":"https:\/\/solucionescontract.com\/wp-content\/uploads\/2020\/02\/logoSC.jpg","contentUrl":"https:\/\/solucionescontract.com\/wp-content\/uploads\/2020\/02\/logoSC.jpg","width":300,"height":125,"caption":"Soluciones Contract"},"image":{"@id":"https:\/\/solucionescontract.com\/#\/schema\/logo\/image\/"},"sameAs":["https:\/\/www.facebook.com\/solucionescontract\/"]}]}},"_links":{"self":[{"href":"https:\/\/solucionescontract.com\/fr\/wp-json\/wp\/v2\/product\/32931","targetHints":{"allow":["GET"]}}],"collection":[{"href":"https:\/\/solucionescontract.com\/fr\/wp-json\/wp\/v2\/product"}],"about":[{"href":"https:\/\/solucionescontract.com\/fr\/wp-json\/wp\/v2\/types\/product"}],"replies":[{"embeddable":true,"href":"https:\/\/solucionescontract.com\/fr\/wp-json\/wp\/v2\/comments?post=32931"}],"wp:featuredmedia":[{"embeddable":true,"href":"https:\/\/solucionescontract.com\/fr\/wp-json\/wp\/v2\/media\/32937"}],"wp:attachment":[{"href":"https:\/\/solucionescontract.com\/fr\/wp-json\/wp\/v2\/media?parent=32931"}],"wp:term":[{"taxonomy":"product_brand","embeddable":true,"href":"https:\/\/solucionescontract.com\/fr\/wp-json\/wp\/v2\/product_brand?post=32931"},{"taxonomy":"product_cat","embeddable":true,"href":"https:\/\/solucionescontract.com\/fr\/wp-json\/wp\/v2\/product_cat?post=32931"},{"taxonomy":"product_tag","embeddable":true,"href":"https:\/\/solucionescontract.com\/fr\/wp-json\/wp\/v2\/product_tag?post=32931"}],"curies":[{"name":"wp","href":"https:\/\/api.w.org\/{rel}","templated":true}]}}