{"id":32886,"date":"2025-09-29T12:39:18","date_gmt":"2025-09-29T11:39:18","guid":{"rendered":"https:\/\/solucionescontract.com\/?post_type=product&#038;p=32886"},"modified":"2025-09-29T12:55:19","modified_gmt":"2025-09-29T11:55:19","slug":"butaca-killarney-iron","status":"publish","type":"product","link":"https:\/\/solucionescontract.com\/fr\/producto\/butaca-killarney-iron\/","title":{"rendered":"BUTACA KILLARNEY IRON"},"content":{"rendered":"<p>La <strong>Butaca<\/strong> <strong>Killarney Iron, <\/strong>es una butaca que destaca por su silueta envolvente y l\u00edneas limpias que aportan car\u00e1cter a cualquier estancia, mientras que su estructura met\u00e1lica en acabado Iron garantiza durabilidad y presencia.<\/p>\n<p>Ideal para salones, zonas de espera, despachos o espacios de alquiler vacacional con enfoque premium, esta pieza combina <strong>comodidad ergon\u00f3mica<\/strong> con un dise\u00f1o visualmente impactante. El tapizado de alta calidad y la base s\u00f3lida ofrecen una experiencia de uso confortable y elegante.<\/p>\n<p><strong>Caracter\u00edsticas destacadas:<\/strong><\/p>\n<ul>\n<li>\u2705Dise\u00f1o envolvente con respaldo alto curvado y brazos integrados para mayor confort postura.<\/li>\n<li>\u2705Patas en tubo redondo de acero\u00a0 en acabado negro.<\/li>\n<li>\u2705Tapizado premium disponible en varios colores.<\/li>\n<li>\u2705Carcasa tapizada y acolchada en poliuretano de alta densidad 40kg\/m3 con<br \/>\ngoma espuma.<\/li>\n<li>\u2705 Asiento y respaldo tapizados y acolchados de 30 kg\/m3 con goma espuma<\/li>\n<li>\u2705Ideal para uso residencial o profesional.<\/li>\n<li>\u2705Fabricaci\u00f3n nacional con est\u00e1ndares de calidad.<\/li>\n<\/ul>\n<p>&nbsp;<\/p>\n<h5 data-start=\"215\" data-end=\"259\">Usos recomendados<\/h5>\n<ul>\n<li data-start=\"263\" data-end=\"331\"><strong data-start=\"263\" data-end=\"298\">Sal\u00f3n y dormitorios en el hogar<\/strong>, aportando comodidad y estilo.<\/li>\n<li data-start=\"334\" data-end=\"369\">Zonas comunes en <strong data-start=\"351\" data-end=\"366\">residencias<\/strong>.<\/li>\n<li data-start=\"372\" data-end=\"414\">Habitaciones y <strong data-start=\"387\" data-end=\"411\">recepciones de hotel<\/strong>.<\/li>\n<li data-start=\"417\" data-end=\"473\"><strong data-start=\"417\" data-end=\"436\">Salas de espera<\/strong> en cl\u00ednicas, despachos u oficinas.<\/li>\n<li data-start=\"476\" data-end=\"544\">\u00c1reas de descanso en proyectos <strong data-start=\"507\" data-end=\"519\">contract<\/strong> y espacios colectivos.<\/li>\n<\/ul>\n<p>&nbsp;<\/p>\n<h6>Ficha de calidad<\/h6>\n<p style=\"text-align: left;\"><!--more--><\/p>\n<div id=\"attachment_32900\" style=\"width: 310px\" class=\"wp-caption alignnone\"><a href=\"https:\/\/solucionescontract.com\/wp-content\/uploads\/2025\/09\/Medidas-killarney.jpg\"><img decoding=\"async\" aria-describedby=\"caption-attachment-32900\" class=\" wd-lazy-fade wp-image-32900 size-medium\" src=\"https:\/\/solucionescontract.com\/wp-content\/themes\/woodmart\/images\/lazy.svg\" data-src=\"https:\/\/solucionescontract.com\/wp-content\/uploads\/2025\/09\/Medidas-killarney-300x300.jpg\" alt=\"Detalle de las medidas de la Butaca killarney\" width=\"300\" height=\"300\" srcset=\"\" data-srcset=\"https:\/\/solucionescontract.com\/wp-content\/uploads\/2025\/09\/Medidas-killarney-300x300.jpg 300w, https:\/\/solucionescontract.com\/wp-content\/uploads\/2025\/09\/Medidas-killarney-150x150.jpg 150w, https:\/\/solucionescontract.com\/wp-content\/uploads\/2025\/09\/Medidas-killarney-20x20.jpg 20w, https:\/\/solucionescontract.com\/wp-content\/uploads\/2025\/09\/Medidas-killarney.jpg 757w\" sizes=\"(max-width: 300px) 100vw, 300px\" \/><\/a><p id=\"caption-attachment-32900\" class=\"wp-caption-text\">Ficha T\u00e9cnica con las medidas de la Butaca Killarney<\/p><\/div>\n<p>&nbsp;<\/p>\n<h6><span style=\"color: #ffffff;\">\/a&gt;https:\/\/intacor.net\/producto\/thank-you\/<\/span><\/h6>\n<div style=\"background-color: #f4faff; border: 2px solid #0073aa; border-radius: 12px; padding: 24px; text-align: center; margin: 40px 0;\">\n<h2 style=\"color: #0073aa; font-size: 26px; margin-bottom: 12px;\">\u00bfTe interesa este estilo?<\/h2>\n<p style=\"font-size: 18px; color: #333333; margin-bottom: 20px;\">Descubre m\u00e1s modelos ergon\u00f3micos y modernos en nuestra colecci\u00f3n de <strong>butacas de dise\u00f1o<\/strong>.<\/p>\n<p><a style=\"background-color: #0073aa; color: #ffffff; padding: 16px 32px; font-size: 18px; font-weight: bold; text-decoration: none; border-radius: 8px; display: inline-block;\" href=\"https:\/\/solucionescontract.com\/categoria-producto\/asientos-para-contract\/butacas-de-diseno\/\"><br \/>\nVer toda la colecci\u00f3n<br \/>\n<\/a><\/p>\n<h6><\/h6>\n<\/div>\n","protected":false},"excerpt":{"rendered":"<ul>\n<li data-start=\"1461\" data-end=\"1520\">Butaca de respaldo alto curvado y brazos integrados, un dise\u00f1o moderno y elegante, adaptable a cualquier espacio.<\/li>\n<li>4 Patas met\u00e1licas negras con gran estabilidad, en tubo de acero acabado negro.<\/li>\n<li data-start=\"1570\" data-end=\"1613\">Tapizado, acabado Teja,\u00a0 en tejido resistente y duradero en poliuretano de alta densidad.<\/li>\n<li data-start=\"1616\" data-end=\"1662\">Altura de asiento 50 cm<\/li>\n<li data-start=\"1665\" data-end=\"1711\">Fabricaci\u00f3n nacional.<\/li>\n<\/ul>\n<p>Descubre las opciones de tapizados\u00a0disponibles:<br \/>\n<a href=\"https:\/\/solucionescontract.com\/producto\/acabados-intacor\/\"><button type=\"button\" data-url=\"https:\/\/#\">cat\u00e1logo de tapizados disponible aqu\u00ed<\/button><\/a><\/p>\n","protected":false},"featured_media":32908,"comment_status":"open","ping_status":"closed","template":"","meta":[],"product_brand":[1120],"product_cat":[221,63],"product_tag":[60,1178,1175,1121,1176,1177],"class_list":{"0":"post-32886","1":"product","2":"type-product","3":"status-publish","4":"has-post-thumbnail","6":"product_brand-intacor","7":"product_cat-asientos-para-contract","8":"product_cat-butacas-de-diseno","9":"product_tag-asientos-tapizados","10":"product_tag-butaca-contract","11":"product_tag-butaca-tapizada","12":"product_tag-ergonomica","13":"product_tag-mobiliario-para-residencias","14":"product_tag-sillon-patas-metalicas","15":"product_shipping_class-envio-gratuito","16":"yith_product_brand-intacor","18":"first","19":"instock","20":"taxable","21":"shipping-taxable","22":"purchasable","23":"product-type-variable"},"yoast_head":"<!-- This site is optimized with the Yoast SEO plugin v27.3 - https:\/\/yoast.com\/product\/yoast-seo-wordpress\/ -->\n<title>BUTACA KILLARNEY IRON - Soluciones Contract<\/title>\n<meta name=\"description\" content=\"BUTACA KILLARNEY IRON de dise\u00f1o moderno, disponible en VENTA ONLINE. Perfecta para hogar, hoteles, residencias y proyectos contract. Confort y resistencia.\" \/>\n<meta name=\"robots\" content=\"index, follow, max-snippet:-1, max-image-preview:large, max-video-preview:-1\" \/>\n<link rel=\"canonical\" href=\"https:\/\/solucionescontract.com\/producto\/butaca-killarney-iron\/\" \/>\n<meta property=\"og:locale\" content=\"fr_FR\" \/>\n<meta property=\"og:type\" content=\"article\" \/>\n<meta property=\"og:title\" content=\"BUTACA KILLARNEY IRON - Soluciones Contract\" \/>\n<meta property=\"og:description\" content=\"BUTACA KILLARNEY IRON de dise\u00f1o moderno, disponible en VENTA ONLINE. Perfecta para hogar, hoteles, residencias y proyectos contract. Confort y resistencia.\" \/>\n<meta property=\"og:url\" content=\"https:\/\/solucionescontract.com\/producto\/butaca-killarney-iron\/\" \/>\n<meta property=\"og:site_name\" content=\"Soluciones Contract\" \/>\n<meta property=\"article:publisher\" content=\"https:\/\/www.facebook.com\/solucionescontract\/\" \/>\n<meta property=\"article:modified_time\" content=\"2025-09-29T11:55:19+00:00\" \/>\n<meta property=\"og:image\" content=\"https:\/\/solucionescontract.com\/wp-content\/uploads\/2025\/09\/butaca-tapizada-moderna-hogar-hoteles-residencias.jpg\" \/>\n\t<meta property=\"og:image:width\" content=\"1090\" \/>\n\t<meta property=\"og:image:height\" content=\"1061\" \/>\n\t<meta property=\"og:image:type\" content=\"image\/jpeg\" \/>\n<meta name=\"twitter:card\" content=\"summary_large_image\" \/>\n<meta name=\"twitter:label1\" content=\"Dur\u00e9e de lecture estim\u00e9e\" \/>\n\t<meta name=\"twitter:data1\" content=\"2 minutes\" \/>\n<script type=\"application\/ld+json\" class=\"yoast-schema-graph\">{\"@context\":\"https:\\\/\\\/schema.org\",\"@graph\":[{\"@type\":\"WebPage\",\"@id\":\"https:\\\/\\\/solucionescontract.com\\\/producto\\\/butaca-killarney-iron\\\/\",\"url\":\"https:\\\/\\\/solucionescontract.com\\\/producto\\\/butaca-killarney-iron\\\/\",\"name\":\"BUTACA KILLARNEY IRON - Soluciones Contract\",\"isPartOf\":{\"@id\":\"https:\\\/\\\/solucionescontract.com\\\/#website\"},\"primaryImageOfPage\":{\"@id\":\"https:\\\/\\\/solucionescontract.com\\\/producto\\\/butaca-killarney-iron\\\/#primaryimage\"},\"image\":{\"@id\":\"https:\\\/\\\/solucionescontract.com\\\/producto\\\/butaca-killarney-iron\\\/#primaryimage\"},\"thumbnailUrl\":\"https:\\\/\\\/solucionescontract.com\\\/wp-content\\\/uploads\\\/2025\\\/09\\\/butaca-tapizada-moderna-hogar-hoteles-residencias.jpg\",\"datePublished\":\"2025-09-29T11:39:18+00:00\",\"dateModified\":\"2025-09-29T11:55:19+00:00\",\"description\":\"BUTACA KILLARNEY IRON de dise\u00f1o moderno, disponible en VENTA ONLINE. Perfecta para hogar, hoteles, residencias y proyectos contract. Confort y resistencia.\",\"breadcrumb\":{\"@id\":\"https:\\\/\\\/solucionescontract.com\\\/producto\\\/butaca-killarney-iron\\\/#breadcrumb\"},\"inLanguage\":\"fr-FR\",\"potentialAction\":[{\"@type\":\"ReadAction\",\"target\":[\"https:\\\/\\\/solucionescontract.com\\\/producto\\\/butaca-killarney-iron\\\/\"]}]},{\"@type\":\"ImageObject\",\"inLanguage\":\"fr-FR\",\"@id\":\"https:\\\/\\\/solucionescontract.com\\\/producto\\\/butaca-killarney-iron\\\/#primaryimage\",\"url\":\"https:\\\/\\\/solucionescontract.com\\\/wp-content\\\/uploads\\\/2025\\\/09\\\/butaca-tapizada-moderna-hogar-hoteles-residencias.jpg\",\"contentUrl\":\"https:\\\/\\\/solucionescontract.com\\\/wp-content\\\/uploads\\\/2025\\\/09\\\/butaca-tapizada-moderna-hogar-hoteles-residencias.jpg\",\"width\":1090,\"height\":1061,\"caption\":\"Butaca de dise\u00f1o acabado color teja y patas met\u00e1licas en negro. Dise\u00f1o\"},{\"@type\":\"BreadcrumbList\",\"@id\":\"https:\\\/\\\/solucionescontract.com\\\/producto\\\/butaca-killarney-iron\\\/#breadcrumb\",\"itemListElement\":[{\"@type\":\"ListItem\",\"position\":1,\"name\":\"Inicio\",\"item\":\"https:\\\/\\\/solucionescontract.com\\\/\"},{\"@type\":\"ListItem\",\"position\":2,\"name\":\"Tienda mobiliario contract\",\"item\":\"https:\\\/\\\/solucionescontract.com\\\/tienda-mobiliario-contract\\\/\"},{\"@type\":\"ListItem\",\"position\":3,\"name\":\"Asientos Contract\",\"item\":\"https:\\\/\\\/solucionescontract.com\\\/categoria-producto\\\/asientos-para-contract\\\/\"},{\"@type\":\"ListItem\",\"position\":4,\"name\":\"BUTACA KILLARNEY IRON\"}]},{\"@type\":\"WebSite\",\"@id\":\"https:\\\/\\\/solucionescontract.com\\\/#website\",\"url\":\"https:\\\/\\\/solucionescontract.com\\\/\",\"name\":\"Soluciones Contract\",\"description\":\"Venta Mobiliario contract de dise\u00f1o\",\"publisher\":{\"@id\":\"https:\\\/\\\/solucionescontract.com\\\/#organization\"},\"potentialAction\":[{\"@type\":\"SearchAction\",\"target\":{\"@type\":\"EntryPoint\",\"urlTemplate\":\"https:\\\/\\\/solucionescontract.com\\\/?s={search_term_string}\"},\"query-input\":{\"@type\":\"PropertyValueSpecification\",\"valueRequired\":true,\"valueName\":\"search_term_string\"}}],\"inLanguage\":\"fr-FR\"},{\"@type\":\"Organization\",\"@id\":\"https:\\\/\\\/solucionescontract.com\\\/#organization\",\"name\":\"Soluciones Contract\",\"url\":\"https:\\\/\\\/solucionescontract.com\\\/\",\"logo\":{\"@type\":\"ImageObject\",\"inLanguage\":\"fr-FR\",\"@id\":\"https:\\\/\\\/solucionescontract.com\\\/#\\\/schema\\\/logo\\\/image\\\/\",\"url\":\"https:\\\/\\\/solucionescontract.com\\\/wp-content\\\/uploads\\\/2020\\\/02\\\/logoSC.jpg\",\"contentUrl\":\"https:\\\/\\\/solucionescontract.com\\\/wp-content\\\/uploads\\\/2020\\\/02\\\/logoSC.jpg\",\"width\":300,\"height\":125,\"caption\":\"Soluciones Contract\"},\"image\":{\"@id\":\"https:\\\/\\\/solucionescontract.com\\\/#\\\/schema\\\/logo\\\/image\\\/\"},\"sameAs\":[\"https:\\\/\\\/www.facebook.com\\\/solucionescontract\\\/\"]}]}<\/script>\n<!-- \/ Yoast SEO plugin. -->","yoast_head_json":{"title":"BUTACA KILLARNEY IRON - Soluciones Contract","description":"BUTACA KILLARNEY IRON de dise\u00f1o moderno, disponible en VENTA ONLINE. Perfecta para hogar, hoteles, residencias y proyectos contract. Confort y resistencia.","robots":{"index":"index","follow":"follow","max-snippet":"max-snippet:-1","max-image-preview":"max-image-preview:large","max-video-preview":"max-video-preview:-1"},"canonical":"https:\/\/solucionescontract.com\/producto\/butaca-killarney-iron\/","og_locale":"fr_FR","og_type":"article","og_title":"BUTACA KILLARNEY IRON - Soluciones Contract","og_description":"BUTACA KILLARNEY IRON de dise\u00f1o moderno, disponible en VENTA ONLINE. Perfecta para hogar, hoteles, residencias y proyectos contract. Confort y resistencia.","og_url":"https:\/\/solucionescontract.com\/producto\/butaca-killarney-iron\/","og_site_name":"Soluciones Contract","article_publisher":"https:\/\/www.facebook.com\/solucionescontract\/","article_modified_time":"2025-09-29T11:55:19+00:00","og_image":[{"width":1090,"height":1061,"url":"https:\/\/solucionescontract.com\/wp-content\/uploads\/2025\/09\/butaca-tapizada-moderna-hogar-hoteles-residencias.jpg","type":"image\/jpeg"}],"twitter_card":"summary_large_image","twitter_misc":{"Dur\u00e9e de lecture estim\u00e9e":"2 minutes"},"schema":{"@context":"https:\/\/schema.org","@graph":[{"@type":"WebPage","@id":"https:\/\/solucionescontract.com\/producto\/butaca-killarney-iron\/","url":"https:\/\/solucionescontract.com\/producto\/butaca-killarney-iron\/","name":"BUTACA KILLARNEY IRON - Soluciones Contract","isPartOf":{"@id":"https:\/\/solucionescontract.com\/#website"},"primaryImageOfPage":{"@id":"https:\/\/solucionescontract.com\/producto\/butaca-killarney-iron\/#primaryimage"},"image":{"@id":"https:\/\/solucionescontract.com\/producto\/butaca-killarney-iron\/#primaryimage"},"thumbnailUrl":"https:\/\/solucionescontract.com\/wp-content\/uploads\/2025\/09\/butaca-tapizada-moderna-hogar-hoteles-residencias.jpg","datePublished":"2025-09-29T11:39:18+00:00","dateModified":"2025-09-29T11:55:19+00:00","description":"BUTACA KILLARNEY IRON de dise\u00f1o moderno, disponible en VENTA ONLINE. Perfecta para hogar, hoteles, residencias y proyectos contract. Confort y resistencia.","breadcrumb":{"@id":"https:\/\/solucionescontract.com\/producto\/butaca-killarney-iron\/#breadcrumb"},"inLanguage":"fr-FR","potentialAction":[{"@type":"ReadAction","target":["https:\/\/solucionescontract.com\/producto\/butaca-killarney-iron\/"]}]},{"@type":"ImageObject","inLanguage":"fr-FR","@id":"https:\/\/solucionescontract.com\/producto\/butaca-killarney-iron\/#primaryimage","url":"https:\/\/solucionescontract.com\/wp-content\/uploads\/2025\/09\/butaca-tapizada-moderna-hogar-hoteles-residencias.jpg","contentUrl":"https:\/\/solucionescontract.com\/wp-content\/uploads\/2025\/09\/butaca-tapizada-moderna-hogar-hoteles-residencias.jpg","width":1090,"height":1061,"caption":"Butaca de dise\u00f1o acabado color teja y patas met\u00e1licas en negro. Dise\u00f1o"},{"@type":"BreadcrumbList","@id":"https:\/\/solucionescontract.com\/producto\/butaca-killarney-iron\/#breadcrumb","itemListElement":[{"@type":"ListItem","position":1,"name":"Inicio","item":"https:\/\/solucionescontract.com\/"},{"@type":"ListItem","position":2,"name":"Tienda mobiliario contract","item":"https:\/\/solucionescontract.com\/tienda-mobiliario-contract\/"},{"@type":"ListItem","position":3,"name":"Asientos Contract","item":"https:\/\/solucionescontract.com\/categoria-producto\/asientos-para-contract\/"},{"@type":"ListItem","position":4,"name":"BUTACA KILLARNEY IRON"}]},{"@type":"WebSite","@id":"https:\/\/solucionescontract.com\/#website","url":"https:\/\/solucionescontract.com\/","name":"Soluciones Contract","description":"Venta Mobiliario contract de dise\u00f1o","publisher":{"@id":"https:\/\/solucionescontract.com\/#organization"},"potentialAction":[{"@type":"SearchAction","target":{"@type":"EntryPoint","urlTemplate":"https:\/\/solucionescontract.com\/?s={search_term_string}"},"query-input":{"@type":"PropertyValueSpecification","valueRequired":true,"valueName":"search_term_string"}}],"inLanguage":"fr-FR"},{"@type":"Organization","@id":"https:\/\/solucionescontract.com\/#organization","name":"Soluciones Contract","url":"https:\/\/solucionescontract.com\/","logo":{"@type":"ImageObject","inLanguage":"fr-FR","@id":"https:\/\/solucionescontract.com\/#\/schema\/logo\/image\/","url":"https:\/\/solucionescontract.com\/wp-content\/uploads\/2020\/02\/logoSC.jpg","contentUrl":"https:\/\/solucionescontract.com\/wp-content\/uploads\/2020\/02\/logoSC.jpg","width":300,"height":125,"caption":"Soluciones Contract"},"image":{"@id":"https:\/\/solucionescontract.com\/#\/schema\/logo\/image\/"},"sameAs":["https:\/\/www.facebook.com\/solucionescontract\/"]}]}},"_links":{"self":[{"href":"https:\/\/solucionescontract.com\/fr\/wp-json\/wp\/v2\/product\/32886","targetHints":{"allow":["GET"]}}],"collection":[{"href":"https:\/\/solucionescontract.com\/fr\/wp-json\/wp\/v2\/product"}],"about":[{"href":"https:\/\/solucionescontract.com\/fr\/wp-json\/wp\/v2\/types\/product"}],"replies":[{"embeddable":true,"href":"https:\/\/solucionescontract.com\/fr\/wp-json\/wp\/v2\/comments?post=32886"}],"wp:featuredmedia":[{"embeddable":true,"href":"https:\/\/solucionescontract.com\/fr\/wp-json\/wp\/v2\/media\/32908"}],"wp:attachment":[{"href":"https:\/\/solucionescontract.com\/fr\/wp-json\/wp\/v2\/media?parent=32886"}],"wp:term":[{"taxonomy":"product_brand","embeddable":true,"href":"https:\/\/solucionescontract.com\/fr\/wp-json\/wp\/v2\/product_brand?post=32886"},{"taxonomy":"product_cat","embeddable":true,"href":"https:\/\/solucionescontract.com\/fr\/wp-json\/wp\/v2\/product_cat?post=32886"},{"taxonomy":"product_tag","embeddable":true,"href":"https:\/\/solucionescontract.com\/fr\/wp-json\/wp\/v2\/product_tag?post=32886"}],"curies":[{"name":"wp","href":"https:\/\/api.w.org\/{rel}","templated":true}]}}