{"id":32094,"date":"2025-08-27T11:04:53","date_gmt":"2025-08-27T10:04:53","guid":{"rendered":"https:\/\/solucionescontract.com\/?post_type=product&#038;p=32094"},"modified":"2025-09-10T10:05:13","modified_gmt":"2025-09-10T09:05:13","slug":"silla-juno-giratoria-con-ruedas","status":"publish","type":"product","link":"https:\/\/solucionescontract.com\/fr\/producto\/silla-juno-giratoria-con-ruedas\/","title":{"rendered":"SILLA JUNO GIRATORIA CON RUEDAS"},"content":{"rendered":"<div tabindex=\"0\" role=\"article\" data-tabster=\"{&quot;groupper&quot;:{&quot;tabbability&quot;:2},&quot;focusable&quot;:{}}\" data-content=\"ai-message\" aria-labelledby=\"W3oiPJiTPpuf5AVezY5Ga-author W3oiPJiTPpuf5AVezY5Ga-content-0\">\n<div class=\"space-y-3 mt-3\">\n<div id=\"W3oiPJiTPpuf5AVezY5Ga-content-0\">\n<p>La <em><strong>silla Juno giratoria con ruedas <\/strong><\/em>combina dise\u00f1o contempor\u00e1neo y funcionalidad ergon\u00f3mica para ofrecerte una experiencia de confort superior en cualquier entorno. Su estructura giratoria con ruedas suaves permite una movilidad fluida, ideal para\u00a0cualquier ambiente, desde oficinas profesionales hasta rincones de trabajo en casa<\/p>\n<p>Silla Juno Giratoria con Ruedas\u00a0es la elecci\u00f3n perfecta para quienes buscan funcionalidad sin renunciar al estilo..<\/p>\n<p>Disponible en elegante blanco o sofisticado negro, su acabado minimalista se adapta a cualquier estilo decorativo. El asiento ergon\u00f3mico y respaldo envolvente proporcionan soporte durante largas jornadas, mientras que su base resistente garantiza durabilidad y estabilidad.<\/p>\n<p><strong>Caracter\u00edsticas destacadas:<\/strong><\/p>\n<ul>\n<li>\u2705 <strong>Base giratoria piramidal<\/strong> en poliamida negra o blanca, con cinco radios reforzados con fibra de vidrio para m\u00e1xima estabilidad.<\/li>\n<li>\u2705 <strong>Carcasa monocasco<\/strong> en polipropileno (blanco o negro) con fibra de vidrio: ligera, resistente y duradera.<\/li>\n<li>\u2705 <b>Regulaci\u00f3n de altura<\/b> mediante columna neum\u00e1tica negra.<\/li>\n<li>\u2705 <strong>Respaldo perforado<\/strong> que favorece la ventilaci\u00f3n y a\u00f1ade un toque moderno al dise\u00f1o.<\/li>\n<li>\u2705 <strong>Asiento tapizado<\/strong> en poliuretano de alta densidad, ideal para largas horas de uso sin perder comodidad.<\/li>\n<li>\u2705<strong>Ruedas<\/strong> de rodadura blanda de \u00d8 50 mm. de color negro.<\/li>\n<li>\u2705 <strong>Versatilidad de uso<\/strong>: perfecta para oficinas, salas de espera, zonas comunes, espacios de formaci\u00f3n, escritorio en casa, como silla auxiliar en el sal\u00f3n o en habitaciones juveniles.<\/li>\n<\/ul>\n<\/div>\n<\/div>\n<\/div>\n<div id=\"8dwE8xpid27UzUApbUCTv-user-message\" tabindex=\"0\" role=\"article\" data-tabster=\"{&quot;groupper&quot;:{&quot;tabbability&quot;:2},&quot;focusable&quot;:{}}\" aria-labelledby=\"8dwE8xpid27UzUApbUCTv-user-message\">\n<div>\n<div class=\"flex w-full flex-col items-end\" data-content=\"user-message\">\n<div>\n<div id=\"attachment_32111\" style=\"width: 310px\" class=\"wp-caption alignnone\"><img decoding=\"async\" aria-describedby=\"caption-attachment-32111\" class=\" wd-lazy-fade size-medium wp-image-32111\" src=\"https:\/\/solucionescontract.com\/wp-content\/themes\/woodmart\/images\/lazy.svg\" data-src=\"https:\/\/solucionescontract.com\/wp-content\/uploads\/2025\/08\/Juno-GB-medidas-300x300.jpg\" alt=\"Planos t\u00e9cnicos con medidas de la silla Juno giratoria de Intacor, vista frontal y lateral\" width=\"300\" height=\"300\" srcset=\"\" data-srcset=\"https:\/\/solucionescontract.com\/wp-content\/uploads\/2025\/08\/Juno-GB-medidas-300x300.jpg 300w, https:\/\/solucionescontract.com\/wp-content\/uploads\/2025\/08\/Juno-GB-medidas-150x150.jpg 150w, https:\/\/solucionescontract.com\/wp-content\/uploads\/2025\/08\/Juno-GB-medidas-20x20.jpg 20w, https:\/\/solucionescontract.com\/wp-content\/uploads\/2025\/08\/Juno-GB-medidas.jpg 700w\" sizes=\"(max-width: 300px) 100vw, 300px\" \/><p id=\"caption-attachment-32111\" class=\"wp-caption-text\">Plano con dimensiones detalladas de la silla Juno, ideal para planificar su uso en oficina o hogar<\/p><\/div>\n<\/div>\n<\/div>\n<\/div>\n<\/div>\n<div tabindex=\"0\" role=\"article\" data-tabster=\"{&quot;groupper&quot;:{&quot;tabbability&quot;:2},&quot;focusable&quot;:{}}\" data-content=\"ai-message\" aria-labelledby=\"YUYWGv53HbEYZpWFYrNqc-author YUYWGv53HbEYZpWFYrNqc-content-0\">\n<div><\/div>\n<div class=\"space-y-3 mt-3\">\n<div id=\"YUYWGv53HbEYZpWFYrNqc-content-0\">\n<div><\/div>\n<p>Convierte tu espacio de trabajo en un entorno funcional y elegante con la silla Juno \u00a0giratoria ergon\u00f3mica en blanco o negro para oficinas y espacios creativos. \u00a1Tu espalda lo agradecer\u00e1!<\/p>\n<\/div>\n<h4><\/h4>\n<\/div>\n<\/div>\n<div style=\"background-color: #f4faff; border: 2px solid #0073aa; border-radius: 12px; padding: 24px; text-align: center; margin: 40px 0;\">\n<h2 style=\"color: #0073aa; font-size: 26px; margin-bottom: 12px;\">\u00bfTe interesa este estilo?<\/h2>\n<p style=\"font-size: 18px; color: #333333; margin-bottom: 20px;\">Descubre m\u00e1s modelos ergon\u00f3micos y modernos en nuestra colecci\u00f3n de <strong>sillas de oficina<\/strong>.<\/p>\n<p><a style=\"background-color: #0073aa; color: #ffffff; padding: 16px 32px; font-size: 18px; font-weight: bold; text-decoration: none; border-radius: 8px; display: inline-block;\" href=\"https:\/\/solucionescontract.com\/categoria-producto\/sillas-operativas\/\"><br \/>\nVer toda la colecci\u00f3n<br \/>\n<\/a><\/p>\n<\/div>\n","protected":false},"excerpt":{"rendered":"<ul>\n<li>Silla de oficina con giratoria con ruedas de <strong>estilo contempor\u00e1neo <\/strong>disponible en blanco o negro, ideal para oficinas, despachos o espacios de trabajo en casa dise\u00f1ada por Massimo Costaglia +Giulia Mazzanti.<\/li>\n<li><strong>Respaldo<\/strong> tapizado en malla t\u00e9cnica de color negro.<\/li>\n<li><strong>Altura regulable<\/strong>: asiento ajustable\u00a0 de 43,5 a 54 cm para adaptarse a distintos escritorios y usuarios.<\/li>\n<li><strong>Base con ruedas<\/strong>: cinco patas con ruedas giratorias que ofrecen movilidad y estabilidad<\/li>\n<li><strong>Medidas compactas<\/strong>: ancho total de 60,5 cm, perfecta para ambientes reducidos sin sacrificar confort<\/li>\n<li><strong>Asiento tapizado,<\/strong> acolchado y revestido en tela resistente en gris .<\/li>\n<\/ul>\n<p><em>\u00a0 \u00a0 \u00a0 Con otras opciones de tapizados\u00a0 disponibles:\u00a0<a href=\"https:\/\/solucionescontract.com\/producto\/acabados-intacor\/\"><button type=\"button\" data-url=\"https:\/\/#\">cat\u00e1logo de tapizados disponible aqu\u00ed<\/button><\/a><\/em><\/p>\n","protected":false},"featured_media":32105,"comment_status":"open","ping_status":"closed","template":"","meta":[],"product_brand":[1120],"product_cat":[221,161],"product_tag":[60,1121,123,260],"class_list":{"0":"post-32094","1":"product","2":"type-product","3":"status-publish","4":"has-post-thumbnail","6":"product_brand-intacor","7":"product_cat-asientos-para-contract","8":"product_cat-sillas-operativas","9":"product_tag-asientos-tapizados","10":"product_tag-ergonomica","11":"product_tag-oficina","12":"product_tag-silla-giratoria","13":"product_shipping_class-envio-gratuito","14":"yith_product_brand-intacor","16":"first","17":"instock","18":"taxable","19":"shipping-taxable","20":"purchasable","21":"product-type-variable"},"yoast_head":"<!-- This site is optimized with the Yoast SEO plugin v27.3 - https:\/\/yoast.com\/product\/yoast-seo-wordpress\/ -->\n<title>Silla Juno Giratoria con Ruedas - Soluciones Contract<\/title>\n<meta name=\"description\" content=\"Descubre la Silla Juno Giratoria con Ruedas, respaldo de malla y asiento acolchado. Para oficina, estudio o escritorio en casa EN NUESTRA TIENDA ONLINE.\" \/>\n<meta name=\"robots\" content=\"index, follow, max-snippet:-1, max-image-preview:large, max-video-preview:-1\" \/>\n<link rel=\"canonical\" href=\"https:\/\/solucionescontract.com\/producto\/silla-juno-giratoria-con-ruedas\/\" \/>\n<meta property=\"og:locale\" content=\"fr_FR\" \/>\n<meta property=\"og:type\" content=\"article\" \/>\n<meta property=\"og:title\" content=\"Silla Juno Giratoria con Ruedas - Soluciones Contract\" \/>\n<meta property=\"og:description\" content=\"Descubre la Silla Juno Giratoria con Ruedas, respaldo de malla y asiento acolchado. Para oficina, estudio o escritorio en casa EN NUESTRA TIENDA ONLINE.\" \/>\n<meta property=\"og:url\" content=\"https:\/\/solucionescontract.com\/producto\/silla-juno-giratoria-con-ruedas\/\" \/>\n<meta property=\"og:site_name\" content=\"Soluciones Contract\" \/>\n<meta property=\"article:publisher\" content=\"https:\/\/www.facebook.com\/solucionescontract\/\" \/>\n<meta property=\"article:modified_time\" content=\"2025-09-10T09:05:13+00:00\" \/>\n<meta property=\"og:image\" content=\"https:\/\/solucionescontract.com\/wp-content\/uploads\/2025\/08\/JUNO-GB-blanco-.jpg\" \/>\n\t<meta property=\"og:image:width\" content=\"1200\" \/>\n\t<meta property=\"og:image:height\" content=\"1200\" \/>\n\t<meta property=\"og:image:type\" content=\"image\/jpeg\" \/>\n<meta name=\"twitter:card\" content=\"summary_large_image\" \/>\n<meta name=\"twitter:label1\" content=\"Dur\u00e9e de lecture estim\u00e9e\" \/>\n\t<meta name=\"twitter:data1\" content=\"3 minutes\" \/>\n<script type=\"application\/ld+json\" class=\"yoast-schema-graph\">{\"@context\":\"https:\\\/\\\/schema.org\",\"@graph\":[{\"@type\":\"WebPage\",\"@id\":\"https:\\\/\\\/solucionescontract.com\\\/producto\\\/silla-juno-giratoria-con-ruedas\\\/\",\"url\":\"https:\\\/\\\/solucionescontract.com\\\/producto\\\/silla-juno-giratoria-con-ruedas\\\/\",\"name\":\"Silla Juno Giratoria con Ruedas - Soluciones Contract\",\"isPartOf\":{\"@id\":\"https:\\\/\\\/solucionescontract.com\\\/#website\"},\"primaryImageOfPage\":{\"@id\":\"https:\\\/\\\/solucionescontract.com\\\/producto\\\/silla-juno-giratoria-con-ruedas\\\/#primaryimage\"},\"image\":{\"@id\":\"https:\\\/\\\/solucionescontract.com\\\/producto\\\/silla-juno-giratoria-con-ruedas\\\/#primaryimage\"},\"thumbnailUrl\":\"https:\\\/\\\/solucionescontract.com\\\/wp-content\\\/uploads\\\/2025\\\/08\\\/JUNO-GB-blanco-.jpg\",\"datePublished\":\"2025-08-27T10:04:53+00:00\",\"dateModified\":\"2025-09-10T09:05:13+00:00\",\"description\":\"Descubre la Silla Juno Giratoria con Ruedas, respaldo de malla y asiento acolchado. Para oficina, estudio o escritorio en casa EN NUESTRA TIENDA ONLINE.\",\"breadcrumb\":{\"@id\":\"https:\\\/\\\/solucionescontract.com\\\/producto\\\/silla-juno-giratoria-con-ruedas\\\/#breadcrumb\"},\"inLanguage\":\"fr-FR\",\"potentialAction\":[{\"@type\":\"ReadAction\",\"target\":[\"https:\\\/\\\/solucionescontract.com\\\/producto\\\/silla-juno-giratoria-con-ruedas\\\/\"]}]},{\"@type\":\"ImageObject\",\"inLanguage\":\"fr-FR\",\"@id\":\"https:\\\/\\\/solucionescontract.com\\\/producto\\\/silla-juno-giratoria-con-ruedas\\\/#primaryimage\",\"url\":\"https:\\\/\\\/solucionescontract.com\\\/wp-content\\\/uploads\\\/2025\\\/08\\\/JUNO-GB-blanco-.jpg\",\"contentUrl\":\"https:\\\/\\\/solucionescontract.com\\\/wp-content\\\/uploads\\\/2025\\\/08\\\/JUNO-GB-blanco-.jpg\",\"width\":1200,\"height\":1200,\"caption\":\"Elegancia y comodidad: la silla Juno combina dise\u00f1o minimalista y ergonom\u00eda para tu espacio de trabajo\"},{\"@type\":\"BreadcrumbList\",\"@id\":\"https:\\\/\\\/solucionescontract.com\\\/producto\\\/silla-juno-giratoria-con-ruedas\\\/#breadcrumb\",\"itemListElement\":[{\"@type\":\"ListItem\",\"position\":1,\"name\":\"Inicio\",\"item\":\"https:\\\/\\\/solucionescontract.com\\\/\"},{\"@type\":\"ListItem\",\"position\":2,\"name\":\"Tienda mobiliario contract\",\"item\":\"https:\\\/\\\/solucionescontract.com\\\/tienda-mobiliario-contract\\\/\"},{\"@type\":\"ListItem\",\"position\":3,\"name\":\"Asientos Contract\",\"item\":\"https:\\\/\\\/solucionescontract.com\\\/categoria-producto\\\/asientos-para-contract\\\/\"},{\"@type\":\"ListItem\",\"position\":4,\"name\":\"SILLA JUNO GIRATORIA CON RUEDAS\"}]},{\"@type\":\"WebSite\",\"@id\":\"https:\\\/\\\/solucionescontract.com\\\/#website\",\"url\":\"https:\\\/\\\/solucionescontract.com\\\/\",\"name\":\"Soluciones Contract\",\"description\":\"Venta Mobiliario contract de dise\u00f1o\",\"publisher\":{\"@id\":\"https:\\\/\\\/solucionescontract.com\\\/#organization\"},\"potentialAction\":[{\"@type\":\"SearchAction\",\"target\":{\"@type\":\"EntryPoint\",\"urlTemplate\":\"https:\\\/\\\/solucionescontract.com\\\/?s={search_term_string}\"},\"query-input\":{\"@type\":\"PropertyValueSpecification\",\"valueRequired\":true,\"valueName\":\"search_term_string\"}}],\"inLanguage\":\"fr-FR\"},{\"@type\":\"Organization\",\"@id\":\"https:\\\/\\\/solucionescontract.com\\\/#organization\",\"name\":\"Soluciones Contract\",\"url\":\"https:\\\/\\\/solucionescontract.com\\\/\",\"logo\":{\"@type\":\"ImageObject\",\"inLanguage\":\"fr-FR\",\"@id\":\"https:\\\/\\\/solucionescontract.com\\\/#\\\/schema\\\/logo\\\/image\\\/\",\"url\":\"https:\\\/\\\/solucionescontract.com\\\/wp-content\\\/uploads\\\/2020\\\/02\\\/logoSC.jpg\",\"contentUrl\":\"https:\\\/\\\/solucionescontract.com\\\/wp-content\\\/uploads\\\/2020\\\/02\\\/logoSC.jpg\",\"width\":300,\"height\":125,\"caption\":\"Soluciones Contract\"},\"image\":{\"@id\":\"https:\\\/\\\/solucionescontract.com\\\/#\\\/schema\\\/logo\\\/image\\\/\"},\"sameAs\":[\"https:\\\/\\\/www.facebook.com\\\/solucionescontract\\\/\"]}]}<\/script>\n<!-- \/ Yoast SEO plugin. -->","yoast_head_json":{"title":"Silla Juno Giratoria con Ruedas - Soluciones Contract","description":"Descubre la Silla Juno Giratoria con Ruedas, respaldo de malla y asiento acolchado. Para oficina, estudio o escritorio en casa EN NUESTRA TIENDA ONLINE.","robots":{"index":"index","follow":"follow","max-snippet":"max-snippet:-1","max-image-preview":"max-image-preview:large","max-video-preview":"max-video-preview:-1"},"canonical":"https:\/\/solucionescontract.com\/producto\/silla-juno-giratoria-con-ruedas\/","og_locale":"fr_FR","og_type":"article","og_title":"Silla Juno Giratoria con Ruedas - Soluciones Contract","og_description":"Descubre la Silla Juno Giratoria con Ruedas, respaldo de malla y asiento acolchado. Para oficina, estudio o escritorio en casa EN NUESTRA TIENDA ONLINE.","og_url":"https:\/\/solucionescontract.com\/producto\/silla-juno-giratoria-con-ruedas\/","og_site_name":"Soluciones Contract","article_publisher":"https:\/\/www.facebook.com\/solucionescontract\/","article_modified_time":"2025-09-10T09:05:13+00:00","og_image":[{"width":1200,"height":1200,"url":"https:\/\/solucionescontract.com\/wp-content\/uploads\/2025\/08\/JUNO-GB-blanco-.jpg","type":"image\/jpeg"}],"twitter_card":"summary_large_image","twitter_misc":{"Dur\u00e9e de lecture estim\u00e9e":"3 minutes"},"schema":{"@context":"https:\/\/schema.org","@graph":[{"@type":"WebPage","@id":"https:\/\/solucionescontract.com\/producto\/silla-juno-giratoria-con-ruedas\/","url":"https:\/\/solucionescontract.com\/producto\/silla-juno-giratoria-con-ruedas\/","name":"Silla Juno Giratoria con Ruedas - Soluciones Contract","isPartOf":{"@id":"https:\/\/solucionescontract.com\/#website"},"primaryImageOfPage":{"@id":"https:\/\/solucionescontract.com\/producto\/silla-juno-giratoria-con-ruedas\/#primaryimage"},"image":{"@id":"https:\/\/solucionescontract.com\/producto\/silla-juno-giratoria-con-ruedas\/#primaryimage"},"thumbnailUrl":"https:\/\/solucionescontract.com\/wp-content\/uploads\/2025\/08\/JUNO-GB-blanco-.jpg","datePublished":"2025-08-27T10:04:53+00:00","dateModified":"2025-09-10T09:05:13+00:00","description":"Descubre la Silla Juno Giratoria con Ruedas, respaldo de malla y asiento acolchado. Para oficina, estudio o escritorio en casa EN NUESTRA TIENDA ONLINE.","breadcrumb":{"@id":"https:\/\/solucionescontract.com\/producto\/silla-juno-giratoria-con-ruedas\/#breadcrumb"},"inLanguage":"fr-FR","potentialAction":[{"@type":"ReadAction","target":["https:\/\/solucionescontract.com\/producto\/silla-juno-giratoria-con-ruedas\/"]}]},{"@type":"ImageObject","inLanguage":"fr-FR","@id":"https:\/\/solucionescontract.com\/producto\/silla-juno-giratoria-con-ruedas\/#primaryimage","url":"https:\/\/solucionescontract.com\/wp-content\/uploads\/2025\/08\/JUNO-GB-blanco-.jpg","contentUrl":"https:\/\/solucionescontract.com\/wp-content\/uploads\/2025\/08\/JUNO-GB-blanco-.jpg","width":1200,"height":1200,"caption":"Elegancia y comodidad: la silla Juno combina dise\u00f1o minimalista y ergonom\u00eda para tu espacio de trabajo"},{"@type":"BreadcrumbList","@id":"https:\/\/solucionescontract.com\/producto\/silla-juno-giratoria-con-ruedas\/#breadcrumb","itemListElement":[{"@type":"ListItem","position":1,"name":"Inicio","item":"https:\/\/solucionescontract.com\/"},{"@type":"ListItem","position":2,"name":"Tienda mobiliario contract","item":"https:\/\/solucionescontract.com\/tienda-mobiliario-contract\/"},{"@type":"ListItem","position":3,"name":"Asientos Contract","item":"https:\/\/solucionescontract.com\/categoria-producto\/asientos-para-contract\/"},{"@type":"ListItem","position":4,"name":"SILLA JUNO GIRATORIA CON RUEDAS"}]},{"@type":"WebSite","@id":"https:\/\/solucionescontract.com\/#website","url":"https:\/\/solucionescontract.com\/","name":"Soluciones Contract","description":"Venta Mobiliario contract de dise\u00f1o","publisher":{"@id":"https:\/\/solucionescontract.com\/#organization"},"potentialAction":[{"@type":"SearchAction","target":{"@type":"EntryPoint","urlTemplate":"https:\/\/solucionescontract.com\/?s={search_term_string}"},"query-input":{"@type":"PropertyValueSpecification","valueRequired":true,"valueName":"search_term_string"}}],"inLanguage":"fr-FR"},{"@type":"Organization","@id":"https:\/\/solucionescontract.com\/#organization","name":"Soluciones Contract","url":"https:\/\/solucionescontract.com\/","logo":{"@type":"ImageObject","inLanguage":"fr-FR","@id":"https:\/\/solucionescontract.com\/#\/schema\/logo\/image\/","url":"https:\/\/solucionescontract.com\/wp-content\/uploads\/2020\/02\/logoSC.jpg","contentUrl":"https:\/\/solucionescontract.com\/wp-content\/uploads\/2020\/02\/logoSC.jpg","width":300,"height":125,"caption":"Soluciones Contract"},"image":{"@id":"https:\/\/solucionescontract.com\/#\/schema\/logo\/image\/"},"sameAs":["https:\/\/www.facebook.com\/solucionescontract\/"]}]}},"_links":{"self":[{"href":"https:\/\/solucionescontract.com\/fr\/wp-json\/wp\/v2\/product\/32094","targetHints":{"allow":["GET"]}}],"collection":[{"href":"https:\/\/solucionescontract.com\/fr\/wp-json\/wp\/v2\/product"}],"about":[{"href":"https:\/\/solucionescontract.com\/fr\/wp-json\/wp\/v2\/types\/product"}],"replies":[{"embeddable":true,"href":"https:\/\/solucionescontract.com\/fr\/wp-json\/wp\/v2\/comments?post=32094"}],"wp:featuredmedia":[{"embeddable":true,"href":"https:\/\/solucionescontract.com\/fr\/wp-json\/wp\/v2\/media\/32105"}],"wp:attachment":[{"href":"https:\/\/solucionescontract.com\/fr\/wp-json\/wp\/v2\/media?parent=32094"}],"wp:term":[{"taxonomy":"product_brand","embeddable":true,"href":"https:\/\/solucionescontract.com\/fr\/wp-json\/wp\/v2\/product_brand?post=32094"},{"taxonomy":"product_cat","embeddable":true,"href":"https:\/\/solucionescontract.com\/fr\/wp-json\/wp\/v2\/product_cat?post=32094"},{"taxonomy":"product_tag","embeddable":true,"href":"https:\/\/solucionescontract.com\/fr\/wp-json\/wp\/v2\/product_tag?post=32094"}],"curies":[{"name":"wp","href":"https:\/\/api.w.org\/{rel}","templated":true}]}}