{"id":31877,"date":"2025-01-29T17:50:43","date_gmt":"2025-01-29T16:50:43","guid":{"rendered":"https:\/\/solucionescontract.com\/?post_type=product&#038;p=31877"},"modified":"2025-01-30T18:32:44","modified_gmt":"2025-01-30T17:32:44","slug":"sofa-bari","status":"publish","type":"product","link":"https:\/\/solucionescontract.com\/fr\/producto\/sofa-bari\/","title":{"rendered":"SOF\u00c1 BARI"},"content":{"rendered":"<p>El <strong>Sof\u00e1 Bari<\/strong> de <strong>Mopal Tapizados <\/strong>\u00a0no solo proporciona un descanso de calidad, sino que tambi\u00e9n se integra armoniosamente en cualquier tipo de decoraci\u00f3n, gracias a su dise\u00f1o elegante y vers\u00e1til..<\/p>\n<h3>Caracter\u00edsticas destacadas:<\/h3>\n<ul>\n<li><strong>Confort<\/strong>: Cojines rellenos de espuma de poliuretano y fibra de poli\u00e9ster, con respaldo de fibra hueca siliconada.<\/li>\n<li><strong>Estructura robusta<\/strong>: Construcci\u00f3n en madera de pino reforzada y patas en madera<\/li>\n<li><strong>Tapizado duradero<\/strong>: Fabricado en tejido , compuesto por 85% poli\u00e9ster y 15% algod\u00f3n, tratado contra manchas.<\/li>\n<li><strong>Variedad de tama\u00f1os<\/strong>: Disponible en diversas medidas, incluyendo opciones con chaise longue.<\/li>\n<\/ul>\n<p>&nbsp;<\/p>\n<p>Medidas disponibles:(ancho*largo)<\/p>\n<p>Sof\u00e1 de dos plazas : 99*168 cm<\/p>\n<p>Sof\u00e1 de tres plazas:99*206 cm<\/p>\n<p>Sof\u00e1 2 plazas con chaiselongue: 176*249cm<\/p>\n<p>Sof\u00e1 3 plazas con chaiselongue: 176 *286cm<\/p>\n<p>&nbsp;<\/p>\n<p>&nbsp;<\/p>\n<ul>\n<li><span style=\"font-size: 14pt;\"><b style=\"font-size: 14pt;\">Modelo foto tapizado colecci\u00f3n Chapi crema<\/b><b style=\"font-size: 14pt;\">. Otros acabados disponibles selecciona <\/b><a style=\"font-size: 14pt; font-weight: bold;\" href=\"https:\/\/solucionescontract.com\/?post_type=product&amp;p=28321&amp;preview=true\">aqu\u00ed<\/a><\/span><\/li>\n<\/ul>\n<p>&nbsp;<\/p>\n<p>&nbsp;<\/p>\n","protected":false},"excerpt":{"rendered":"<ul>\n<li>Sof\u00e1 tapizado disponible en varias medidas con chaiselongue opcional.<\/li>\n<li>Almohada de espuma de poliuretano de 35 kg\/m3 recubierta de fibra de poli\u00e9ster y respaldo de fibra hueca siliconada.<\/li>\n<li>Tanto asiento como respaldo desenfundables\u00a0 para una mejor limpieza.<\/li>\n<li>Atura de asiento 49 cm<\/li>\n<li>Altura de respaldo 55cm<\/li>\n<li>Patas de madera color wengu\u00e9.<\/li>\n<li>Fabricaci\u00f3n espa\u00f1ola<\/li>\n<li><span style=\"font-size: 14pt;\"><b style=\"font-size: 14pt;\">Modelo foto: tapizado colecci\u00f3n Chapi crema<\/b><b style=\"font-size: 14pt;\">. Otros acabados disponibles selecciona <\/b><a style=\"font-size: 14pt; font-weight: bold;\" href=\"https:\/\/solucionescontract.com\/?post_type=product&amp;p=28321&amp;preview=true\">aqu\u00ed<\/a><\/span><\/li>\n<\/ul>\n","protected":false},"featured_media":31897,"comment_status":"open","ping_status":"closed","template":"","meta":[],"product_brand":[],"product_cat":[221,55],"product_tag":[60,52],"class_list":{"0":"post-31877","1":"product","2":"type-product","3":"status-publish","4":"has-post-thumbnail","6":"product_cat-asientos-para-contract","7":"product_cat-sofas-de-diseno","8":"product_tag-asientos-tapizados","9":"product_tag-interior","10":"product_shipping_class-producto-gran-volumen","11":"yith_product_brand-mopal","13":"first","14":"instock","15":"taxable","16":"shipping-taxable","17":"purchasable","18":"product-type-variable"},"yoast_head":"<!-- This site is optimized with the Yoast SEO plugin v27.3 - https:\/\/yoast.com\/product\/yoast-seo-wordpress\/ -->\n<title>SOF\u00c1 BARI - Muebles de dise\u00f1o en Soluciones Contract<\/title>\n<meta name=\"description\" content=\"Compra SOF\u00c1 BARI online en nuestra tienda de muebles Contract. Encuentra el mejor MOBILIARIO DE DISE\u00d1O para Hotel, Hogar y uso comercial. Descubre las mejores marcas en nuestro cat\u00e1logo.\" \/>\n<meta name=\"robots\" content=\"index, follow, max-snippet:-1, max-image-preview:large, max-video-preview:-1\" \/>\n<link rel=\"canonical\" href=\"https:\/\/solucionescontract.com\/fr\/producto\/sofa-bari\/\" \/>\n<meta property=\"og:locale\" content=\"fr_FR\" \/>\n<meta property=\"og:type\" content=\"article\" \/>\n<meta property=\"og:title\" content=\"SOF\u00c1 BARI - Muebles de dise\u00f1o en Soluciones Contract\" \/>\n<meta property=\"og:description\" content=\"Compra SOF\u00c1 BARI online en nuestra tienda de muebles Contract. Encuentra el mejor MOBILIARIO DE DISE\u00d1O para Hotel, Hogar y uso comercial. Descubre las mejores marcas en nuestro cat\u00e1logo.\" \/>\n<meta property=\"og:url\" content=\"https:\/\/solucionescontract.com\/fr\/producto\/sofa-bari\/\" \/>\n<meta property=\"og:site_name\" content=\"Soluciones Contract\" \/>\n<meta property=\"article:publisher\" content=\"https:\/\/www.facebook.com\/solucionescontract\/\" \/>\n<meta property=\"article:modified_time\" content=\"2025-01-30T17:32:44+00:00\" \/>\n<meta property=\"og:image\" content=\"https:\/\/solucionescontract.com\/wp-content\/uploads\/2025\/01\/SOFA-BARI-FRENTE.png\" \/>\n\t<meta property=\"og:image:width\" content=\"1141\" \/>\n\t<meta property=\"og:image:height\" content=\"1141\" \/>\n\t<meta property=\"og:image:type\" content=\"image\/png\" \/>\n<meta name=\"twitter:card\" content=\"summary_large_image\" \/>\n<meta name=\"twitter:label1\" content=\"Dur\u00e9e de lecture estim\u00e9e\" \/>\n\t<meta name=\"twitter:data1\" content=\"1 minute\" \/>\n<script type=\"application\/ld+json\" class=\"yoast-schema-graph\">{\"@context\":\"https:\\\/\\\/schema.org\",\"@graph\":[{\"@type\":\"WebPage\",\"@id\":\"https:\\\/\\\/solucionescontract.com\\\/fr\\\/producto\\\/sofa-bari\\\/\",\"url\":\"https:\\\/\\\/solucionescontract.com\\\/fr\\\/producto\\\/sofa-bari\\\/\",\"name\":\"SOF\u00c1 BARI - Muebles de dise\u00f1o en Soluciones Contract\",\"isPartOf\":{\"@id\":\"https:\\\/\\\/solucionescontract.com\\\/#website\"},\"primaryImageOfPage\":{\"@id\":\"https:\\\/\\\/solucionescontract.com\\\/fr\\\/producto\\\/sofa-bari\\\/#primaryimage\"},\"image\":{\"@id\":\"https:\\\/\\\/solucionescontract.com\\\/fr\\\/producto\\\/sofa-bari\\\/#primaryimage\"},\"thumbnailUrl\":\"https:\\\/\\\/solucionescontract.com\\\/wp-content\\\/uploads\\\/2025\\\/01\\\/SOFA-BARI-FRENTE.png\",\"datePublished\":\"2025-01-29T16:50:43+00:00\",\"dateModified\":\"2025-01-30T17:32:44+00:00\",\"description\":\"Compra SOF\u00c1 BARI online en nuestra tienda de muebles Contract. Encuentra el mejor MOBILIARIO DE DISE\u00d1O para Hotel, Hogar y uso comercial. Descubre las mejores marcas en nuestro cat\u00e1logo.\",\"breadcrumb\":{\"@id\":\"https:\\\/\\\/solucionescontract.com\\\/fr\\\/producto\\\/sofa-bari\\\/#breadcrumb\"},\"inLanguage\":\"fr-FR\",\"potentialAction\":[{\"@type\":\"ReadAction\",\"target\":[\"https:\\\/\\\/solucionescontract.com\\\/fr\\\/producto\\\/sofa-bari\\\/\"]}]},{\"@type\":\"ImageObject\",\"inLanguage\":\"fr-FR\",\"@id\":\"https:\\\/\\\/solucionescontract.com\\\/fr\\\/producto\\\/sofa-bari\\\/#primaryimage\",\"url\":\"https:\\\/\\\/solucionescontract.com\\\/wp-content\\\/uploads\\\/2025\\\/01\\\/SOFA-BARI-FRENTE.png\",\"contentUrl\":\"https:\\\/\\\/solucionescontract.com\\\/wp-content\\\/uploads\\\/2025\\\/01\\\/SOFA-BARI-FRENTE.png\",\"width\":1141,\"height\":1141},{\"@type\":\"BreadcrumbList\",\"@id\":\"https:\\\/\\\/solucionescontract.com\\\/fr\\\/producto\\\/sofa-bari\\\/#breadcrumb\",\"itemListElement\":[{\"@type\":\"ListItem\",\"position\":1,\"name\":\"Inicio\",\"item\":\"https:\\\/\\\/solucionescontract.com\\\/\"},{\"@type\":\"ListItem\",\"position\":2,\"name\":\"Tienda mobiliario contract\",\"item\":\"https:\\\/\\\/solucionescontract.com\\\/tienda-mobiliario-contract\\\/\"},{\"@type\":\"ListItem\",\"position\":3,\"name\":\"Asientos Contract\",\"item\":\"https:\\\/\\\/solucionescontract.com\\\/categoria-producto\\\/asientos-para-contract\\\/\"},{\"@type\":\"ListItem\",\"position\":4,\"name\":\"SOF\u00c1 BARI\"}]},{\"@type\":\"WebSite\",\"@id\":\"https:\\\/\\\/solucionescontract.com\\\/#website\",\"url\":\"https:\\\/\\\/solucionescontract.com\\\/\",\"name\":\"Soluciones Contract\",\"description\":\"Venta Mobiliario contract de dise\u00f1o\",\"publisher\":{\"@id\":\"https:\\\/\\\/solucionescontract.com\\\/#organization\"},\"potentialAction\":[{\"@type\":\"SearchAction\",\"target\":{\"@type\":\"EntryPoint\",\"urlTemplate\":\"https:\\\/\\\/solucionescontract.com\\\/?s={search_term_string}\"},\"query-input\":{\"@type\":\"PropertyValueSpecification\",\"valueRequired\":true,\"valueName\":\"search_term_string\"}}],\"inLanguage\":\"fr-FR\"},{\"@type\":\"Organization\",\"@id\":\"https:\\\/\\\/solucionescontract.com\\\/#organization\",\"name\":\"Soluciones Contract\",\"url\":\"https:\\\/\\\/solucionescontract.com\\\/\",\"logo\":{\"@type\":\"ImageObject\",\"inLanguage\":\"fr-FR\",\"@id\":\"https:\\\/\\\/solucionescontract.com\\\/#\\\/schema\\\/logo\\\/image\\\/\",\"url\":\"https:\\\/\\\/solucionescontract.com\\\/wp-content\\\/uploads\\\/2020\\\/02\\\/logoSC.jpg\",\"contentUrl\":\"https:\\\/\\\/solucionescontract.com\\\/wp-content\\\/uploads\\\/2020\\\/02\\\/logoSC.jpg\",\"width\":300,\"height\":125,\"caption\":\"Soluciones Contract\"},\"image\":{\"@id\":\"https:\\\/\\\/solucionescontract.com\\\/#\\\/schema\\\/logo\\\/image\\\/\"},\"sameAs\":[\"https:\\\/\\\/www.facebook.com\\\/solucionescontract\\\/\"]}]}<\/script>\n<!-- \/ Yoast SEO plugin. -->","yoast_head_json":{"title":"SOF\u00c1 BARI - Muebles de dise\u00f1o en Soluciones Contract","description":"Compra SOF\u00c1 BARI online en nuestra tienda de muebles Contract. Encuentra el mejor MOBILIARIO DE DISE\u00d1O para Hotel, Hogar y uso comercial. Descubre las mejores marcas en nuestro cat\u00e1logo.","robots":{"index":"index","follow":"follow","max-snippet":"max-snippet:-1","max-image-preview":"max-image-preview:large","max-video-preview":"max-video-preview:-1"},"canonical":"https:\/\/solucionescontract.com\/fr\/producto\/sofa-bari\/","og_locale":"fr_FR","og_type":"article","og_title":"SOF\u00c1 BARI - Muebles de dise\u00f1o en Soluciones Contract","og_description":"Compra SOF\u00c1 BARI online en nuestra tienda de muebles Contract. Encuentra el mejor MOBILIARIO DE DISE\u00d1O para Hotel, Hogar y uso comercial. Descubre las mejores marcas en nuestro cat\u00e1logo.","og_url":"https:\/\/solucionescontract.com\/fr\/producto\/sofa-bari\/","og_site_name":"Soluciones Contract","article_publisher":"https:\/\/www.facebook.com\/solucionescontract\/","article_modified_time":"2025-01-30T17:32:44+00:00","og_image":[{"width":1141,"height":1141,"url":"https:\/\/solucionescontract.com\/wp-content\/uploads\/2025\/01\/SOFA-BARI-FRENTE.png","type":"image\/png"}],"twitter_card":"summary_large_image","twitter_misc":{"Dur\u00e9e de lecture estim\u00e9e":"1 minute"},"schema":{"@context":"https:\/\/schema.org","@graph":[{"@type":"WebPage","@id":"https:\/\/solucionescontract.com\/fr\/producto\/sofa-bari\/","url":"https:\/\/solucionescontract.com\/fr\/producto\/sofa-bari\/","name":"SOF\u00c1 BARI - Muebles de dise\u00f1o en Soluciones Contract","isPartOf":{"@id":"https:\/\/solucionescontract.com\/#website"},"primaryImageOfPage":{"@id":"https:\/\/solucionescontract.com\/fr\/producto\/sofa-bari\/#primaryimage"},"image":{"@id":"https:\/\/solucionescontract.com\/fr\/producto\/sofa-bari\/#primaryimage"},"thumbnailUrl":"https:\/\/solucionescontract.com\/wp-content\/uploads\/2025\/01\/SOFA-BARI-FRENTE.png","datePublished":"2025-01-29T16:50:43+00:00","dateModified":"2025-01-30T17:32:44+00:00","description":"Compra SOF\u00c1 BARI online en nuestra tienda de muebles Contract. Encuentra el mejor MOBILIARIO DE DISE\u00d1O para Hotel, Hogar y uso comercial. Descubre las mejores marcas en nuestro cat\u00e1logo.","breadcrumb":{"@id":"https:\/\/solucionescontract.com\/fr\/producto\/sofa-bari\/#breadcrumb"},"inLanguage":"fr-FR","potentialAction":[{"@type":"ReadAction","target":["https:\/\/solucionescontract.com\/fr\/producto\/sofa-bari\/"]}]},{"@type":"ImageObject","inLanguage":"fr-FR","@id":"https:\/\/solucionescontract.com\/fr\/producto\/sofa-bari\/#primaryimage","url":"https:\/\/solucionescontract.com\/wp-content\/uploads\/2025\/01\/SOFA-BARI-FRENTE.png","contentUrl":"https:\/\/solucionescontract.com\/wp-content\/uploads\/2025\/01\/SOFA-BARI-FRENTE.png","width":1141,"height":1141},{"@type":"BreadcrumbList","@id":"https:\/\/solucionescontract.com\/fr\/producto\/sofa-bari\/#breadcrumb","itemListElement":[{"@type":"ListItem","position":1,"name":"Inicio","item":"https:\/\/solucionescontract.com\/"},{"@type":"ListItem","position":2,"name":"Tienda mobiliario contract","item":"https:\/\/solucionescontract.com\/tienda-mobiliario-contract\/"},{"@type":"ListItem","position":3,"name":"Asientos Contract","item":"https:\/\/solucionescontract.com\/categoria-producto\/asientos-para-contract\/"},{"@type":"ListItem","position":4,"name":"SOF\u00c1 BARI"}]},{"@type":"WebSite","@id":"https:\/\/solucionescontract.com\/#website","url":"https:\/\/solucionescontract.com\/","name":"Soluciones Contract","description":"Venta Mobiliario contract de dise\u00f1o","publisher":{"@id":"https:\/\/solucionescontract.com\/#organization"},"potentialAction":[{"@type":"SearchAction","target":{"@type":"EntryPoint","urlTemplate":"https:\/\/solucionescontract.com\/?s={search_term_string}"},"query-input":{"@type":"PropertyValueSpecification","valueRequired":true,"valueName":"search_term_string"}}],"inLanguage":"fr-FR"},{"@type":"Organization","@id":"https:\/\/solucionescontract.com\/#organization","name":"Soluciones Contract","url":"https:\/\/solucionescontract.com\/","logo":{"@type":"ImageObject","inLanguage":"fr-FR","@id":"https:\/\/solucionescontract.com\/#\/schema\/logo\/image\/","url":"https:\/\/solucionescontract.com\/wp-content\/uploads\/2020\/02\/logoSC.jpg","contentUrl":"https:\/\/solucionescontract.com\/wp-content\/uploads\/2020\/02\/logoSC.jpg","width":300,"height":125,"caption":"Soluciones Contract"},"image":{"@id":"https:\/\/solucionescontract.com\/#\/schema\/logo\/image\/"},"sameAs":["https:\/\/www.facebook.com\/solucionescontract\/"]}]}},"_links":{"self":[{"href":"https:\/\/solucionescontract.com\/fr\/wp-json\/wp\/v2\/product\/31877","targetHints":{"allow":["GET"]}}],"collection":[{"href":"https:\/\/solucionescontract.com\/fr\/wp-json\/wp\/v2\/product"}],"about":[{"href":"https:\/\/solucionescontract.com\/fr\/wp-json\/wp\/v2\/types\/product"}],"replies":[{"embeddable":true,"href":"https:\/\/solucionescontract.com\/fr\/wp-json\/wp\/v2\/comments?post=31877"}],"wp:featuredmedia":[{"embeddable":true,"href":"https:\/\/solucionescontract.com\/fr\/wp-json\/wp\/v2\/media\/31897"}],"wp:attachment":[{"href":"https:\/\/solucionescontract.com\/fr\/wp-json\/wp\/v2\/media?parent=31877"}],"wp:term":[{"taxonomy":"product_brand","embeddable":true,"href":"https:\/\/solucionescontract.com\/fr\/wp-json\/wp\/v2\/product_brand?post=31877"},{"taxonomy":"product_cat","embeddable":true,"href":"https:\/\/solucionescontract.com\/fr\/wp-json\/wp\/v2\/product_cat?post=31877"},{"taxonomy":"product_tag","embeddable":true,"href":"https:\/\/solucionescontract.com\/fr\/wp-json\/wp\/v2\/product_tag?post=31877"}],"curies":[{"name":"wp","href":"https:\/\/api.w.org\/{rel}","templated":true}]}}