{"id":31780,"date":"2024-10-29T12:34:39","date_gmt":"2024-10-29T11:34:39","guid":{"rendered":"https:\/\/www.solucionescontract.com\/?post_type=product&#038;p=31780"},"modified":"2025-04-07T16:52:08","modified_gmt":"2025-04-07T15:52:08","slug":"mesa-comedor-olimpo-extensible-melamina","status":"publish","type":"product","link":"https:\/\/solucionescontract.com\/fr\/producto\/mesa-comedor-olimpo-extensible-melamina\/","title":{"rendered":"MESA COMEDOR OLIMPO EXTENSIBLE melamina"},"content":{"rendered":"<p>La\u00a0<strong>mesa de comedor\u00a0 Olimpo extensible <\/strong>es una mesa dise\u00f1ada para ser dispuesta tanto en espacios contract como para el hogar .<\/p>\n<p>Fabricada con una tapa en <b>melamina,<\/b> es la opci\u00f3n prefecta si quieres disfrutar de un uso m\u00e1s intesto sin temor a rayaduras ni golpes. Puedes consultar los diferentes acabados disponibles en este enlace <strong><em><a href=\"https:\/\/solucionescontract.com\/producto\/acabados-melaminas-pemi\/\" target=\"_blank\" rel=\"noopener\">http:\/\/VER ACABADOS ENCIMERA<\/a><\/em><\/strong><\/p>\n<p>Su dise\u00f1o incluye un pie central met\u00e1lico que proporciona estabilidad y un toque moderno, disponible en blanco, negro o bronce.<\/p>\n<p>Una de las caracter\u00edsticas m\u00e1s destacadas de la mesa Olimpo es su\u00a0<strong>sistema de extensi\u00f3n autom\u00e1tica<\/strong>, que permite ajustar su tama\u00f1o de manera r\u00e1pida y sencilla, ideal para acomodar a m\u00e1s comensales en segundos. Disponible en 2 medidas: 140*90cm con extensible de 45cm y 160*90cm con extensible de 45cm<\/p>\n<p><a href=\"https:\/\/solucionescontract.com\/wp-content\/uploads\/2024\/09\/mesa-olimpo-medidas.png\"><img decoding=\"async\" class=\" wd-lazy-fade alignnone wp-image-31753 size-medium\" src=\"https:\/\/solucionescontract.com\/wp-content\/themes\/woodmart\/images\/lazy.svg\" data-src=\"https:\/\/solucionescontract.com\/wp-content\/uploads\/2024\/09\/mesa-olimpo-medidas-300x99.png\" alt=\"\" width=\"300\" height=\"99\" srcset=\"\" data-srcset=\"https:\/\/solucionescontract.com\/wp-content\/uploads\/2024\/09\/mesa-olimpo-medidas-300x99.png 300w, https:\/\/solucionescontract.com\/wp-content\/uploads\/2024\/09\/mesa-olimpo-medidas-60x20.png 60w, https:\/\/solucionescontract.com\/wp-content\/uploads\/2024\/09\/mesa-olimpo-medidas-150x50.png 150w, https:\/\/solucionescontract.com\/wp-content\/uploads\/2024\/09\/mesa-olimpo-medidas.png 635w\" sizes=\"(max-width: 300px) 100vw, 300px\" \/><\/a><\/p>\n<p>&nbsp;<\/p>\n<p>&nbsp;<\/p>\n","protected":false},"excerpt":{"rendered":"<ul>\n<li>Mesa con con <em><strong>encimera<\/strong><\/em> rectangular<em><strong> extensible<\/strong><\/em> dise\u00f1ada por Gallega desing.<\/li>\n<li>Destacada por su pie central de estructura met\u00e1lica que le aporta ligereza.<\/li>\n<li style=\"text-align: justify;\">Especialmente indicada para Hogar, y Contract en apartamentos tur\u00edsticos, casas rurales, oficina, etc..<\/li>\n<li>Encimera con acabado en<em><strong> chapa de melamina<\/strong><\/em>,<em><strong> walnut o lava<\/strong><\/em> .<span style=\"color: #ff9900;\"><em><strong>Para otro acabados consultar enlace:<\/strong><\/em><a style=\"color: #ff9900;\" href=\"https:\/\/solucionescontract.com\/producto\/acabados-melaminas-pemi\/\"><em><strong>http:\/\/VER ACABADOS ENCIMERA<\/strong><\/em><\/a><\/span><\/li>\n<li>Disponible en 2 medidas 140*90cm y 160*90cm con 1 extensible de 45cm<\/li>\n<li>Uso interior.<\/li>\n<li>Fabricaci\u00f3n nacional.<\/li>\n<\/ul>\n","protected":false},"featured_media":31792,"comment_status":"open","ping_status":"closed","template":"","meta":[],"product_brand":[],"product_cat":[361,72],"product_tag":[309,412],"class_list":{"0":"post-31780","1":"product","2":"type-product","3":"status-publish","4":"has-post-thumbnail","6":"product_cat-mesa-comedor","7":"product_cat-mesas-de-diseno","8":"product_tag-mesas-comedor-extensibles","9":"product_tag-mesa-de-madera","10":"product_shipping_class-envio-gratuito","11":"yith_product_brand-pemi","13":"first","14":"instock","15":"taxable","16":"shipping-taxable","17":"purchasable","18":"product-type-variable"},"yoast_head":"<!-- This site is optimized with the Yoast SEO plugin v27.4 - https:\/\/yoast.com\/product\/yoast-seo-wordpress\/ -->\n<title>MESA COMEDOR OLIMPO EXTENSIBLE melamina - Muebles de dise\u00f1o en Soluciones Contract<\/title>\n<meta name=\"description\" content=\"Compra MESA COMEDOR OLIMPO EXTENSIBLE melamina online en nuestra tienda de muebles Contract. Encuentra el mejor MOBILIARIO DE DISE\u00d1O para Hotel, Hogar y uso comercial. Descubre las mejores marcas en nuestro cat\u00e1logo.\" \/>\n<meta name=\"robots\" content=\"index, follow, max-snippet:-1, max-image-preview:large, max-video-preview:-1\" \/>\n<link rel=\"canonical\" href=\"https:\/\/solucionescontract.com\/producto\/mesa-comedor-olimpo-extensible-melamina\/\" \/>\n<meta property=\"og:locale\" content=\"fr_FR\" \/>\n<meta property=\"og:type\" content=\"article\" \/>\n<meta property=\"og:title\" content=\"MESA COMEDOR OLIMPO EXTENSIBLE melamina - Muebles de dise\u00f1o en Soluciones Contract\" \/>\n<meta property=\"og:description\" content=\"Compra MESA COMEDOR OLIMPO EXTENSIBLE melamina online en nuestra tienda de muebles Contract. Encuentra el mejor MOBILIARIO DE DISE\u00d1O para Hotel, Hogar y uso comercial. Descubre las mejores marcas en nuestro cat\u00e1logo.\" \/>\n<meta property=\"og:url\" content=\"https:\/\/solucionescontract.com\/producto\/mesa-comedor-olimpo-extensible-melamina\/\" \/>\n<meta property=\"og:site_name\" content=\"Soluciones Contract\" \/>\n<meta property=\"article:publisher\" content=\"https:\/\/www.facebook.com\/solucionescontract\/\" \/>\n<meta property=\"article:modified_time\" content=\"2025-04-07T15:52:08+00:00\" \/>\n<meta property=\"og:image\" content=\"https:\/\/solucionescontract.com\/wp-content\/uploads\/2024\/10\/mesa-olimpo-encimera-melamina-granito-min.jpg\" \/>\n\t<meta property=\"og:image:width\" content=\"853\" \/>\n\t<meta property=\"og:image:height\" content=\"853\" \/>\n\t<meta property=\"og:image:type\" content=\"image\/jpeg\" \/>\n<meta name=\"twitter:card\" content=\"summary_large_image\" \/>\n<meta name=\"twitter:label1\" content=\"Dur\u00e9e de lecture estim\u00e9e\" \/>\n\t<meta name=\"twitter:data1\" content=\"2 minutes\" \/>\n<script type=\"application\/ld+json\" class=\"yoast-schema-graph\">{\"@context\":\"https:\\\/\\\/schema.org\",\"@graph\":[{\"@type\":\"WebPage\",\"@id\":\"https:\\\/\\\/solucionescontract.com\\\/producto\\\/mesa-comedor-olimpo-extensible-melamina\\\/\",\"url\":\"https:\\\/\\\/solucionescontract.com\\\/producto\\\/mesa-comedor-olimpo-extensible-melamina\\\/\",\"name\":\"MESA COMEDOR OLIMPO EXTENSIBLE melamina - Muebles de dise\u00f1o en Soluciones Contract\",\"isPartOf\":{\"@id\":\"https:\\\/\\\/solucionescontract.com\\\/#website\"},\"primaryImageOfPage\":{\"@id\":\"https:\\\/\\\/solucionescontract.com\\\/producto\\\/mesa-comedor-olimpo-extensible-melamina\\\/#primaryimage\"},\"image\":{\"@id\":\"https:\\\/\\\/solucionescontract.com\\\/producto\\\/mesa-comedor-olimpo-extensible-melamina\\\/#primaryimage\"},\"thumbnailUrl\":\"https:\\\/\\\/solucionescontract.com\\\/wp-content\\\/uploads\\\/2024\\\/10\\\/mesa-olimpo-encimera-melamina-granito-min.jpg\",\"datePublished\":\"2024-10-29T11:34:39+00:00\",\"dateModified\":\"2025-04-07T15:52:08+00:00\",\"description\":\"Compra MESA COMEDOR OLIMPO EXTENSIBLE melamina online en nuestra tienda de muebles Contract. Encuentra el mejor MOBILIARIO DE DISE\u00d1O para Hotel, Hogar y uso comercial. Descubre las mejores marcas en nuestro cat\u00e1logo.\",\"breadcrumb\":{\"@id\":\"https:\\\/\\\/solucionescontract.com\\\/producto\\\/mesa-comedor-olimpo-extensible-melamina\\\/#breadcrumb\"},\"inLanguage\":\"fr-FR\",\"potentialAction\":[{\"@type\":\"ReadAction\",\"target\":[\"https:\\\/\\\/solucionescontract.com\\\/producto\\\/mesa-comedor-olimpo-extensible-melamina\\\/\"]}]},{\"@type\":\"ImageObject\",\"inLanguage\":\"fr-FR\",\"@id\":\"https:\\\/\\\/solucionescontract.com\\\/producto\\\/mesa-comedor-olimpo-extensible-melamina\\\/#primaryimage\",\"url\":\"https:\\\/\\\/solucionescontract.com\\\/wp-content\\\/uploads\\\/2024\\\/10\\\/mesa-olimpo-encimera-melamina-granito-min.jpg\",\"contentUrl\":\"https:\\\/\\\/solucionescontract.com\\\/wp-content\\\/uploads\\\/2024\\\/10\\\/mesa-olimpo-encimera-melamina-granito-min.jpg\",\"width\":853,\"height\":853,\"caption\":\"Mesa rectangular extensible con encimera melamina lava\"},{\"@type\":\"BreadcrumbList\",\"@id\":\"https:\\\/\\\/solucionescontract.com\\\/producto\\\/mesa-comedor-olimpo-extensible-melamina\\\/#breadcrumb\",\"itemListElement\":[{\"@type\":\"ListItem\",\"position\":1,\"name\":\"Inicio\",\"item\":\"https:\\\/\\\/solucionescontract.com\\\/\"},{\"@type\":\"ListItem\",\"position\":2,\"name\":\"Tienda mobiliario contract\",\"item\":\"https:\\\/\\\/solucionescontract.com\\\/tienda-mobiliario-contract\\\/\"},{\"@type\":\"ListItem\",\"position\":3,\"name\":\"Mesas de dise\u00f1o\",\"item\":\"https:\\\/\\\/solucionescontract.com\\\/categoria-producto\\\/mesas-de-diseno\\\/\"},{\"@type\":\"ListItem\",\"position\":4,\"name\":\"MESA COMEDOR OLIMPO EXTENSIBLE melamina\"}]},{\"@type\":\"WebSite\",\"@id\":\"https:\\\/\\\/solucionescontract.com\\\/#website\",\"url\":\"https:\\\/\\\/solucionescontract.com\\\/\",\"name\":\"Soluciones Contract\",\"description\":\"Venta Mobiliario contract de dise\u00f1o\",\"publisher\":{\"@id\":\"https:\\\/\\\/solucionescontract.com\\\/#organization\"},\"potentialAction\":[{\"@type\":\"SearchAction\",\"target\":{\"@type\":\"EntryPoint\",\"urlTemplate\":\"https:\\\/\\\/solucionescontract.com\\\/?s={search_term_string}\"},\"query-input\":{\"@type\":\"PropertyValueSpecification\",\"valueRequired\":true,\"valueName\":\"search_term_string\"}}],\"inLanguage\":\"fr-FR\"},{\"@type\":\"Organization\",\"@id\":\"https:\\\/\\\/solucionescontract.com\\\/#organization\",\"name\":\"Soluciones Contract\",\"url\":\"https:\\\/\\\/solucionescontract.com\\\/\",\"logo\":{\"@type\":\"ImageObject\",\"inLanguage\":\"fr-FR\",\"@id\":\"https:\\\/\\\/solucionescontract.com\\\/#\\\/schema\\\/logo\\\/image\\\/\",\"url\":\"https:\\\/\\\/solucionescontract.com\\\/wp-content\\\/uploads\\\/2020\\\/02\\\/logoSC.jpg\",\"contentUrl\":\"https:\\\/\\\/solucionescontract.com\\\/wp-content\\\/uploads\\\/2020\\\/02\\\/logoSC.jpg\",\"width\":300,\"height\":125,\"caption\":\"Soluciones Contract\"},\"image\":{\"@id\":\"https:\\\/\\\/solucionescontract.com\\\/#\\\/schema\\\/logo\\\/image\\\/\"},\"sameAs\":[\"https:\\\/\\\/www.facebook.com\\\/solucionescontract\\\/\"]}]}<\/script>\n<!-- \/ Yoast SEO plugin. -->","yoast_head_json":{"title":"MESA COMEDOR OLIMPO EXTENSIBLE melamina - Muebles de dise\u00f1o en Soluciones Contract","description":"Compra MESA COMEDOR OLIMPO EXTENSIBLE melamina online en nuestra tienda de muebles Contract. Encuentra el mejor MOBILIARIO DE DISE\u00d1O para Hotel, Hogar y uso comercial. Descubre las mejores marcas en nuestro cat\u00e1logo.","robots":{"index":"index","follow":"follow","max-snippet":"max-snippet:-1","max-image-preview":"max-image-preview:large","max-video-preview":"max-video-preview:-1"},"canonical":"https:\/\/solucionescontract.com\/producto\/mesa-comedor-olimpo-extensible-melamina\/","og_locale":"fr_FR","og_type":"article","og_title":"MESA COMEDOR OLIMPO EXTENSIBLE melamina - Muebles de dise\u00f1o en Soluciones Contract","og_description":"Compra MESA COMEDOR OLIMPO EXTENSIBLE melamina online en nuestra tienda de muebles Contract. Encuentra el mejor MOBILIARIO DE DISE\u00d1O para Hotel, Hogar y uso comercial. Descubre las mejores marcas en nuestro cat\u00e1logo.","og_url":"https:\/\/solucionescontract.com\/producto\/mesa-comedor-olimpo-extensible-melamina\/","og_site_name":"Soluciones Contract","article_publisher":"https:\/\/www.facebook.com\/solucionescontract\/","article_modified_time":"2025-04-07T15:52:08+00:00","og_image":[{"width":853,"height":853,"url":"https:\/\/solucionescontract.com\/wp-content\/uploads\/2024\/10\/mesa-olimpo-encimera-melamina-granito-min.jpg","type":"image\/jpeg"}],"twitter_card":"summary_large_image","twitter_misc":{"Dur\u00e9e de lecture estim\u00e9e":"2 minutes"},"schema":{"@context":"https:\/\/schema.org","@graph":[{"@type":"WebPage","@id":"https:\/\/solucionescontract.com\/producto\/mesa-comedor-olimpo-extensible-melamina\/","url":"https:\/\/solucionescontract.com\/producto\/mesa-comedor-olimpo-extensible-melamina\/","name":"MESA COMEDOR OLIMPO EXTENSIBLE melamina - Muebles de dise\u00f1o en Soluciones Contract","isPartOf":{"@id":"https:\/\/solucionescontract.com\/#website"},"primaryImageOfPage":{"@id":"https:\/\/solucionescontract.com\/producto\/mesa-comedor-olimpo-extensible-melamina\/#primaryimage"},"image":{"@id":"https:\/\/solucionescontract.com\/producto\/mesa-comedor-olimpo-extensible-melamina\/#primaryimage"},"thumbnailUrl":"https:\/\/solucionescontract.com\/wp-content\/uploads\/2024\/10\/mesa-olimpo-encimera-melamina-granito-min.jpg","datePublished":"2024-10-29T11:34:39+00:00","dateModified":"2025-04-07T15:52:08+00:00","description":"Compra MESA COMEDOR OLIMPO EXTENSIBLE melamina online en nuestra tienda de muebles Contract. Encuentra el mejor MOBILIARIO DE DISE\u00d1O para Hotel, Hogar y uso comercial. Descubre las mejores marcas en nuestro cat\u00e1logo.","breadcrumb":{"@id":"https:\/\/solucionescontract.com\/producto\/mesa-comedor-olimpo-extensible-melamina\/#breadcrumb"},"inLanguage":"fr-FR","potentialAction":[{"@type":"ReadAction","target":["https:\/\/solucionescontract.com\/producto\/mesa-comedor-olimpo-extensible-melamina\/"]}]},{"@type":"ImageObject","inLanguage":"fr-FR","@id":"https:\/\/solucionescontract.com\/producto\/mesa-comedor-olimpo-extensible-melamina\/#primaryimage","url":"https:\/\/solucionescontract.com\/wp-content\/uploads\/2024\/10\/mesa-olimpo-encimera-melamina-granito-min.jpg","contentUrl":"https:\/\/solucionescontract.com\/wp-content\/uploads\/2024\/10\/mesa-olimpo-encimera-melamina-granito-min.jpg","width":853,"height":853,"caption":"Mesa rectangular extensible con encimera melamina lava"},{"@type":"BreadcrumbList","@id":"https:\/\/solucionescontract.com\/producto\/mesa-comedor-olimpo-extensible-melamina\/#breadcrumb","itemListElement":[{"@type":"ListItem","position":1,"name":"Inicio","item":"https:\/\/solucionescontract.com\/"},{"@type":"ListItem","position":2,"name":"Tienda mobiliario contract","item":"https:\/\/solucionescontract.com\/tienda-mobiliario-contract\/"},{"@type":"ListItem","position":3,"name":"Mesas de dise\u00f1o","item":"https:\/\/solucionescontract.com\/categoria-producto\/mesas-de-diseno\/"},{"@type":"ListItem","position":4,"name":"MESA COMEDOR OLIMPO EXTENSIBLE melamina"}]},{"@type":"WebSite","@id":"https:\/\/solucionescontract.com\/#website","url":"https:\/\/solucionescontract.com\/","name":"Soluciones Contract","description":"Venta Mobiliario contract de dise\u00f1o","publisher":{"@id":"https:\/\/solucionescontract.com\/#organization"},"potentialAction":[{"@type":"SearchAction","target":{"@type":"EntryPoint","urlTemplate":"https:\/\/solucionescontract.com\/?s={search_term_string}"},"query-input":{"@type":"PropertyValueSpecification","valueRequired":true,"valueName":"search_term_string"}}],"inLanguage":"fr-FR"},{"@type":"Organization","@id":"https:\/\/solucionescontract.com\/#organization","name":"Soluciones Contract","url":"https:\/\/solucionescontract.com\/","logo":{"@type":"ImageObject","inLanguage":"fr-FR","@id":"https:\/\/solucionescontract.com\/#\/schema\/logo\/image\/","url":"https:\/\/solucionescontract.com\/wp-content\/uploads\/2020\/02\/logoSC.jpg","contentUrl":"https:\/\/solucionescontract.com\/wp-content\/uploads\/2020\/02\/logoSC.jpg","width":300,"height":125,"caption":"Soluciones Contract"},"image":{"@id":"https:\/\/solucionescontract.com\/#\/schema\/logo\/image\/"},"sameAs":["https:\/\/www.facebook.com\/solucionescontract\/"]}]}},"_links":{"self":[{"href":"https:\/\/solucionescontract.com\/fr\/wp-json\/wp\/v2\/product\/31780","targetHints":{"allow":["GET"]}}],"collection":[{"href":"https:\/\/solucionescontract.com\/fr\/wp-json\/wp\/v2\/product"}],"about":[{"href":"https:\/\/solucionescontract.com\/fr\/wp-json\/wp\/v2\/types\/product"}],"replies":[{"embeddable":true,"href":"https:\/\/solucionescontract.com\/fr\/wp-json\/wp\/v2\/comments?post=31780"}],"wp:featuredmedia":[{"embeddable":true,"href":"https:\/\/solucionescontract.com\/fr\/wp-json\/wp\/v2\/media\/31792"}],"wp:attachment":[{"href":"https:\/\/solucionescontract.com\/fr\/wp-json\/wp\/v2\/media?parent=31780"}],"wp:term":[{"taxonomy":"product_brand","embeddable":true,"href":"https:\/\/solucionescontract.com\/fr\/wp-json\/wp\/v2\/product_brand?post=31780"},{"taxonomy":"product_cat","embeddable":true,"href":"https:\/\/solucionescontract.com\/fr\/wp-json\/wp\/v2\/product_cat?post=31780"},{"taxonomy":"product_tag","embeddable":true,"href":"https:\/\/solucionescontract.com\/fr\/wp-json\/wp\/v2\/product_tag?post=31780"}],"curies":[{"name":"wp","href":"https:\/\/api.w.org\/{rel}","templated":true}]}}