{"id":31494,"date":"2024-05-30T17:35:33","date_gmt":"2024-05-30T16:35:33","guid":{"rendered":"https:\/\/www.solucionescontract.com\/?post_type=product&#038;p=31494"},"modified":"2025-04-07T10:57:41","modified_gmt":"2025-04-07T09:57:41","slug":"cama-balinesa-iziba","status":"publish","type":"product","link":"https:\/\/solucionescontract.com\/fr\/producto\/cama-balinesa-iziba\/","title":{"rendered":"Cama balinesa Iziba"},"content":{"rendered":"<p>x<\/p>\n<div class=\"message\">\n<div class=\"content user-select-text\" tabindex=\"0\" role=\"heading\" aria-level=\"6\" aria-description=\"\" aria-label=\"Enviado por Copilot: La **cama balinesa Ibiza Alta**, fabricada por **Ezpeleta**, es un producto de dise\u00f1o y lujo ideal para cualquier tipo de espacio al aire libre. Aqu\u00ed tienes los detalles clave: - **Estructura**: La cama balinesa Ibiza Alta est\u00e1 compuesta por una estructura abatible de aluminio lacada en blanco. Esta estructura est\u00e1 unida mediante un sistema de curvas de poliamida con fibra de vidrio y torniller\u00eda de acero inoxidable tambi\u00e9n lacada[^1^]. - **Reclinable**: El respaldo es reclinable y se divide en dos partes, lo que permite que cada lado tenga su autonom\u00eda a la hora de reclinar su parte de cabezal. - **Toldo superior**: El toldo superior est\u00e1 confeccionado con Dralon\u00ae, un tejido especialmente indicado para exteriores debido a su durabilidad y resistencia. Adem\u00e1s, el tejido n\u00e1utico del colch\u00f3n facilita la limpieza y es resistente a las inclemencias del tiempo. - **Opciones adicionales**: La cama balinesa viene de serie solo con el toldo superior. Si deseas tambi\u00e9n ponerle cortinas laterales (2 en cada lado), deber\u00e1s comprarlas aparte, ya que no est\u00e1n incluidas en el precio base. - **Ideal para**: Jardines, piscinas, terrazas, eventos, hoteles, y cualquier espacio al aire libre donde quieras disfrutar de las horas de sol. - **Medidas**: 190x206x195 cm de alto[^1^]. Ezpeleta es un fabricante espa\u00f1ol con un cat\u00e1logo de muebles de exterior de calidad contrastada. El plazo de entrega para la Pen\u00ednsula es de 8-10 d\u00edas h\u00e1biles[^1^]. Si tienes alguna otra pregunta o necesitas m\u00e1s detalles, no dudes en preguntar.  ![Cama balinesa Ibiza Alta](https:\/\/www.gogarden.es\/100-thickbox_default\/daybed-ibiza-alta-ezpeleta.jpg) [^1^]: [Fuente](https:\/\/www.gogarden.es\/camas-balinesas\/daybed-ibiza-alta-ezpeleta)\">\n<div class=\"ac-container ac-adaptiveCard\">\n<div class=\"ac-textBlock\">\n<p>La\u00a0<strong>cama balinesa Iziba <\/strong>,es un producto de dise\u00f1o\u00a0 indicado especialmente para aquellos que buscan proporcionar\u00a0 la m\u00e1xima relajaci\u00f3n de sus clientes\u00a0 que buscan descansar bajo el sol, y como no\u00a0 aporta lujo ideal a cualquier\u00a0 espacio al aire libre en el hogar.<\/p>\n<p>Estructura de aluminio lacada. Abatible.Torniller\u00eda de acero inox lacada. Conexiones en poliamida con fibra de vidrio. Colch\u00f3n de tejido Nautic blanco muy f\u00e1cil de limpiar. El toldo superior se confecciona con Dralon\u00ae, un tejido especialmente indicado para exterior por su gran durabilidad y resistencia. Cortinas disponibles. Producto de uso p\u00fablico y dom\u00e9stico.<\/p>\n<p>Compuesta por una estructura abatible de aluminio lacada en blanco con conexiones mediante un sistema de curvas\u00a0 de poliamida con fibra de vidrio y torniller\u00eda de acero inoxidable lacada.<\/p>\n<p>El respaldo es reclinable y est\u00e1 dividido en 2 parte , por que cada lado mantiene su autonom\u00eda. Es posible abatir totalmente una parte mientras la otra permanece reclinada.<\/p>\n<p>Presenta un colch\u00f3n disponible en 2 colores (blanco y taupe) ,en tejido Nautic muy f\u00e1cil de limpiar, desenfundable, compuesto por PVC con una peque\u00f1a parte de poli\u00e9ster, se caracterizan fundamentalmente por ser repelentes al agua. Evita adem\u00e1s el crecimiento de microorganismos y hongos, anulando los malos olores y el envejecimiento prematuro. F\u00e1cil mantenimiento, secado r\u00e1pido<\/p>\n<p>El toldo superior se confecciona con tejido Dralon, un tejido especialmente indicado para exteriores debido a su durabilidad y resistencia, con f\u00e1cil limpieza y resistente a las inclemencias del tiempo. El tejido Dralon no produce ni formaci\u00f3n de mohos ni tampoco contaminaci\u00f3n por bacterias.<\/p>\n<p>Existe la posibilidad de incluirle cortinas laterales que proporcionan mayor privacidad y protecci\u00f3n solar (2 en cada lado), deber\u00e1s comprarlas aparte, ya que no est\u00e1n incluidas en el precio base.<\/p>\n<p>Medidas: 190x260x195cm de alto<\/p>\n<p><a href=\"https:\/\/solucionescontract.com\/wp-content\/uploads\/2024\/05\/tecnica-cama-balinesa.png\"><img decoding=\"async\" class=\" wd-lazy-fade alignnone wp-image-31495 size-medium\" src=\"https:\/\/solucionescontract.com\/wp-content\/themes\/woodmart\/images\/lazy.svg\" data-src=\"https:\/\/solucionescontract.com\/wp-content\/uploads\/2024\/05\/tecnica-cama-balinesa-300x281.png\" alt=\"\" width=\"300\" height=\"281\" srcset=\"\" data-srcset=\"https:\/\/solucionescontract.com\/wp-content\/uploads\/2024\/05\/tecnica-cama-balinesa-300x281.png 300w, https:\/\/solucionescontract.com\/wp-content\/uploads\/2024\/05\/tecnica-cama-balinesa-21x20.png 21w, https:\/\/solucionescontract.com\/wp-content\/uploads\/2024\/05\/tecnica-cama-balinesa-150x140.png 150w, https:\/\/solucionescontract.com\/wp-content\/uploads\/2024\/05\/tecnica-cama-balinesa.png 549w\" sizes=\"(max-width: 300px) 100vw, 300px\" \/><\/a><\/p>\n<p>&nbsp;<\/p>\n<\/div>\n<\/div>\n<\/div>\n<\/div>\n<div class=\"message\">\n<div class=\"content text-message-content\" tabindex=\"0\" aria-description=\"\" aria-label=\"Enviado por Copilot: \">\n<div class=\"privacy-statement inline-explicit\"><\/div>\n<\/div>\n<\/div>\n","protected":false},"excerpt":{"rendered":"<ul>\n<li>Cama balinesa doble de estilo sofisticado con estructura de aluminio lacada perfecta tanto para uso p\u00fablico como privado<\/li>\n<li>Abatible. Consta de 2 respaldos,\u00a0 con\u00a0 independencia total para ser reclinados.<\/li>\n<li>Con colch\u00f3n en tejido Nautic disponible en 2 colores, blanco y taupe.\u00a0 Resistente al agua y de f\u00e1cil limpieza.<\/li>\n<li>Destaca tambi\u00e9n el toldo superior se confecciona con Dralon\u00ae, un tejido especialmente indicado para exterior por su gran durabilidad y resistencia.<\/li>\n<li>Uso exterior<\/li>\n<li>Medidas:190x260x195cm de alto<\/li>\n<\/ul>\n<p>&nbsp;<\/p>\n<p>&nbsp;<\/p>\n","protected":false},"featured_media":31697,"comment_status":"open","ping_status":"closed","template":"","meta":[],"product_brand":[],"product_cat":[581,595],"product_tag":[701],"class_list":{"0":"post-31494","1":"product","2":"type-product","3":"status-publish","4":"has-post-thumbnail","6":"product_cat-meubles-de-terrasse-et-de-jardin","7":"product_cat-transats-dexterieur","8":"product_tag-exterior-fr","9":"product_shipping_class-gratuit","10":"yith_product_brand-ezpeleta","12":"first","13":"instock","14":"taxable","15":"shipping-taxable","16":"purchasable","17":"product-type-simple"},"yoast_head":"<!-- This site is optimized with the Yoast SEO plugin v27.3 - https:\/\/yoast.com\/product\/yoast-seo-wordpress\/ -->\n<title>Cama balinesa Iziba - Muebles de dise\u00f1o en Soluciones Contract<\/title>\n<meta name=\"description\" content=\"Compra Cama balinesa Iziba online en nuestra tienda de muebles Contract. Encuentra el mejor MOBILIARIO DE DISE\u00d1O para Hotel, Hogar y uso comercial. Descubre las mejores marcas en nuestro cat\u00e1logo.\" \/>\n<meta name=\"robots\" content=\"index, follow, max-snippet:-1, max-image-preview:large, max-video-preview:-1\" \/>\n<link rel=\"canonical\" href=\"https:\/\/solucionescontract.com\/fr\/producto\/cama-balinesa-iziba\/\" \/>\n<meta property=\"og:locale\" content=\"fr_FR\" \/>\n<meta property=\"og:type\" content=\"article\" \/>\n<meta property=\"og:title\" content=\"Cama balinesa Iziba - Muebles de dise\u00f1o en Soluciones Contract\" \/>\n<meta property=\"og:description\" content=\"Compra Cama balinesa Iziba online en nuestra tienda de muebles Contract. Encuentra el mejor MOBILIARIO DE DISE\u00d1O para Hotel, Hogar y uso comercial. Descubre las mejores marcas en nuestro cat\u00e1logo.\" \/>\n<meta property=\"og:url\" content=\"https:\/\/solucionescontract.com\/fr\/producto\/cama-balinesa-iziba\/\" \/>\n<meta property=\"og:site_name\" content=\"Soluciones Contract\" \/>\n<meta property=\"article:publisher\" content=\"https:\/\/www.facebook.com\/solucionescontract\/\" \/>\n<meta property=\"article:modified_time\" content=\"2025-04-07T09:57:41+00:00\" \/>\n<meta property=\"og:image\" content=\"https:\/\/solucionescontract.com\/wp-content\/uploads\/2024\/05\/lounge-ezpeleta-cama-balinesa-white-taupe-marrones-aluminio-lacado-nautic-product-preview.jpg\" \/>\n\t<meta property=\"og:image:width\" content=\"434\" \/>\n\t<meta property=\"og:image:height\" content=\"399\" \/>\n\t<meta property=\"og:image:type\" content=\"image\/jpeg\" \/>\n<meta name=\"twitter:card\" content=\"summary_large_image\" \/>\n<meta name=\"twitter:label1\" content=\"Dur\u00e9e de lecture estim\u00e9e\" \/>\n\t<meta name=\"twitter:data1\" content=\"3 minutes\" \/>\n<script type=\"application\/ld+json\" class=\"yoast-schema-graph\">{\"@context\":\"https:\\\/\\\/schema.org\",\"@graph\":[{\"@type\":\"WebPage\",\"@id\":\"https:\\\/\\\/solucionescontract.com\\\/fr\\\/producto\\\/cama-balinesa-iziba\\\/\",\"url\":\"https:\\\/\\\/solucionescontract.com\\\/fr\\\/producto\\\/cama-balinesa-iziba\\\/\",\"name\":\"Cama balinesa Iziba - Muebles de dise\u00f1o en Soluciones Contract\",\"isPartOf\":{\"@id\":\"https:\\\/\\\/solucionescontract.com\\\/#website\"},\"primaryImageOfPage\":{\"@id\":\"https:\\\/\\\/solucionescontract.com\\\/fr\\\/producto\\\/cama-balinesa-iziba\\\/#primaryimage\"},\"image\":{\"@id\":\"https:\\\/\\\/solucionescontract.com\\\/fr\\\/producto\\\/cama-balinesa-iziba\\\/#primaryimage\"},\"thumbnailUrl\":\"https:\\\/\\\/solucionescontract.com\\\/wp-content\\\/uploads\\\/2024\\\/05\\\/lounge-ezpeleta-cama-balinesa-white-taupe-marrones-aluminio-lacado-nautic-product-preview.jpg\",\"datePublished\":\"2024-05-30T16:35:33+00:00\",\"dateModified\":\"2025-04-07T09:57:41+00:00\",\"description\":\"Compra Cama balinesa Iziba online en nuestra tienda de muebles Contract. Encuentra el mejor MOBILIARIO DE DISE\u00d1O para Hotel, Hogar y uso comercial. Descubre las mejores marcas en nuestro cat\u00e1logo.\",\"breadcrumb\":{\"@id\":\"https:\\\/\\\/solucionescontract.com\\\/fr\\\/producto\\\/cama-balinesa-iziba\\\/#breadcrumb\"},\"inLanguage\":\"fr-FR\",\"potentialAction\":[{\"@type\":\"ReadAction\",\"target\":[\"https:\\\/\\\/solucionescontract.com\\\/fr\\\/producto\\\/cama-balinesa-iziba\\\/\"]}]},{\"@type\":\"ImageObject\",\"inLanguage\":\"fr-FR\",\"@id\":\"https:\\\/\\\/solucionescontract.com\\\/fr\\\/producto\\\/cama-balinesa-iziba\\\/#primaryimage\",\"url\":\"https:\\\/\\\/solucionescontract.com\\\/wp-content\\\/uploads\\\/2024\\\/05\\\/lounge-ezpeleta-cama-balinesa-white-taupe-marrones-aluminio-lacado-nautic-product-preview.jpg\",\"contentUrl\":\"https:\\\/\\\/solucionescontract.com\\\/wp-content\\\/uploads\\\/2024\\\/05\\\/lounge-ezpeleta-cama-balinesa-white-taupe-marrones-aluminio-lacado-nautic-product-preview.jpg\",\"width\":434,\"height\":399},{\"@type\":\"BreadcrumbList\",\"@id\":\"https:\\\/\\\/solucionescontract.com\\\/fr\\\/producto\\\/cama-balinesa-iziba\\\/#breadcrumb\",\"itemListElement\":[{\"@type\":\"ListItem\",\"position\":1,\"name\":\"Inicio\",\"item\":\"https:\\\/\\\/solucionescontract.com\\\/\"},{\"@type\":\"ListItem\",\"position\":2,\"name\":\"Tienda mobiliario contract\",\"item\":\"https:\\\/\\\/solucionescontract.com\\\/tienda-mobiliario-contract\\\/\"},{\"@type\":\"ListItem\",\"position\":3,\"name\":\"Mobiliario de Terraza y Jard\u00edn\",\"item\":\"https:\\\/\\\/solucionescontract.com\\\/categoria-producto\\\/mobiliario-de-terraza-y-jardin\\\/\"},{\"@type\":\"ListItem\",\"position\":4,\"name\":\"Cama balinesa Iziba\"}]},{\"@type\":\"WebSite\",\"@id\":\"https:\\\/\\\/solucionescontract.com\\\/#website\",\"url\":\"https:\\\/\\\/solucionescontract.com\\\/\",\"name\":\"Soluciones Contract\",\"description\":\"Venta Mobiliario contract de dise\u00f1o\",\"publisher\":{\"@id\":\"https:\\\/\\\/solucionescontract.com\\\/#organization\"},\"potentialAction\":[{\"@type\":\"SearchAction\",\"target\":{\"@type\":\"EntryPoint\",\"urlTemplate\":\"https:\\\/\\\/solucionescontract.com\\\/?s={search_term_string}\"},\"query-input\":{\"@type\":\"PropertyValueSpecification\",\"valueRequired\":true,\"valueName\":\"search_term_string\"}}],\"inLanguage\":\"fr-FR\"},{\"@type\":\"Organization\",\"@id\":\"https:\\\/\\\/solucionescontract.com\\\/#organization\",\"name\":\"Soluciones Contract\",\"url\":\"https:\\\/\\\/solucionescontract.com\\\/\",\"logo\":{\"@type\":\"ImageObject\",\"inLanguage\":\"fr-FR\",\"@id\":\"https:\\\/\\\/solucionescontract.com\\\/#\\\/schema\\\/logo\\\/image\\\/\",\"url\":\"https:\\\/\\\/solucionescontract.com\\\/wp-content\\\/uploads\\\/2020\\\/02\\\/logoSC.jpg\",\"contentUrl\":\"https:\\\/\\\/solucionescontract.com\\\/wp-content\\\/uploads\\\/2020\\\/02\\\/logoSC.jpg\",\"width\":300,\"height\":125,\"caption\":\"Soluciones Contract\"},\"image\":{\"@id\":\"https:\\\/\\\/solucionescontract.com\\\/#\\\/schema\\\/logo\\\/image\\\/\"},\"sameAs\":[\"https:\\\/\\\/www.facebook.com\\\/solucionescontract\\\/\"]}]}<\/script>\n<!-- \/ Yoast SEO plugin. -->","yoast_head_json":{"title":"Cama balinesa Iziba - Muebles de dise\u00f1o en Soluciones Contract","description":"Compra Cama balinesa Iziba online en nuestra tienda de muebles Contract. Encuentra el mejor MOBILIARIO DE DISE\u00d1O para Hotel, Hogar y uso comercial. Descubre las mejores marcas en nuestro cat\u00e1logo.","robots":{"index":"index","follow":"follow","max-snippet":"max-snippet:-1","max-image-preview":"max-image-preview:large","max-video-preview":"max-video-preview:-1"},"canonical":"https:\/\/solucionescontract.com\/fr\/producto\/cama-balinesa-iziba\/","og_locale":"fr_FR","og_type":"article","og_title":"Cama balinesa Iziba - Muebles de dise\u00f1o en Soluciones Contract","og_description":"Compra Cama balinesa Iziba online en nuestra tienda de muebles Contract. Encuentra el mejor MOBILIARIO DE DISE\u00d1O para Hotel, Hogar y uso comercial. Descubre las mejores marcas en nuestro cat\u00e1logo.","og_url":"https:\/\/solucionescontract.com\/fr\/producto\/cama-balinesa-iziba\/","og_site_name":"Soluciones Contract","article_publisher":"https:\/\/www.facebook.com\/solucionescontract\/","article_modified_time":"2025-04-07T09:57:41+00:00","og_image":[{"width":434,"height":399,"url":"https:\/\/solucionescontract.com\/wp-content\/uploads\/2024\/05\/lounge-ezpeleta-cama-balinesa-white-taupe-marrones-aluminio-lacado-nautic-product-preview.jpg","type":"image\/jpeg"}],"twitter_card":"summary_large_image","twitter_misc":{"Dur\u00e9e de lecture estim\u00e9e":"3 minutes"},"schema":{"@context":"https:\/\/schema.org","@graph":[{"@type":"WebPage","@id":"https:\/\/solucionescontract.com\/fr\/producto\/cama-balinesa-iziba\/","url":"https:\/\/solucionescontract.com\/fr\/producto\/cama-balinesa-iziba\/","name":"Cama balinesa Iziba - Muebles de dise\u00f1o en Soluciones Contract","isPartOf":{"@id":"https:\/\/solucionescontract.com\/#website"},"primaryImageOfPage":{"@id":"https:\/\/solucionescontract.com\/fr\/producto\/cama-balinesa-iziba\/#primaryimage"},"image":{"@id":"https:\/\/solucionescontract.com\/fr\/producto\/cama-balinesa-iziba\/#primaryimage"},"thumbnailUrl":"https:\/\/solucionescontract.com\/wp-content\/uploads\/2024\/05\/lounge-ezpeleta-cama-balinesa-white-taupe-marrones-aluminio-lacado-nautic-product-preview.jpg","datePublished":"2024-05-30T16:35:33+00:00","dateModified":"2025-04-07T09:57:41+00:00","description":"Compra Cama balinesa Iziba online en nuestra tienda de muebles Contract. Encuentra el mejor MOBILIARIO DE DISE\u00d1O para Hotel, Hogar y uso comercial. Descubre las mejores marcas en nuestro cat\u00e1logo.","breadcrumb":{"@id":"https:\/\/solucionescontract.com\/fr\/producto\/cama-balinesa-iziba\/#breadcrumb"},"inLanguage":"fr-FR","potentialAction":[{"@type":"ReadAction","target":["https:\/\/solucionescontract.com\/fr\/producto\/cama-balinesa-iziba\/"]}]},{"@type":"ImageObject","inLanguage":"fr-FR","@id":"https:\/\/solucionescontract.com\/fr\/producto\/cama-balinesa-iziba\/#primaryimage","url":"https:\/\/solucionescontract.com\/wp-content\/uploads\/2024\/05\/lounge-ezpeleta-cama-balinesa-white-taupe-marrones-aluminio-lacado-nautic-product-preview.jpg","contentUrl":"https:\/\/solucionescontract.com\/wp-content\/uploads\/2024\/05\/lounge-ezpeleta-cama-balinesa-white-taupe-marrones-aluminio-lacado-nautic-product-preview.jpg","width":434,"height":399},{"@type":"BreadcrumbList","@id":"https:\/\/solucionescontract.com\/fr\/producto\/cama-balinesa-iziba\/#breadcrumb","itemListElement":[{"@type":"ListItem","position":1,"name":"Inicio","item":"https:\/\/solucionescontract.com\/"},{"@type":"ListItem","position":2,"name":"Tienda mobiliario contract","item":"https:\/\/solucionescontract.com\/tienda-mobiliario-contract\/"},{"@type":"ListItem","position":3,"name":"Mobiliario de Terraza y Jard\u00edn","item":"https:\/\/solucionescontract.com\/categoria-producto\/mobiliario-de-terraza-y-jardin\/"},{"@type":"ListItem","position":4,"name":"Cama balinesa Iziba"}]},{"@type":"WebSite","@id":"https:\/\/solucionescontract.com\/#website","url":"https:\/\/solucionescontract.com\/","name":"Soluciones Contract","description":"Venta Mobiliario contract de dise\u00f1o","publisher":{"@id":"https:\/\/solucionescontract.com\/#organization"},"potentialAction":[{"@type":"SearchAction","target":{"@type":"EntryPoint","urlTemplate":"https:\/\/solucionescontract.com\/?s={search_term_string}"},"query-input":{"@type":"PropertyValueSpecification","valueRequired":true,"valueName":"search_term_string"}}],"inLanguage":"fr-FR"},{"@type":"Organization","@id":"https:\/\/solucionescontract.com\/#organization","name":"Soluciones Contract","url":"https:\/\/solucionescontract.com\/","logo":{"@type":"ImageObject","inLanguage":"fr-FR","@id":"https:\/\/solucionescontract.com\/#\/schema\/logo\/image\/","url":"https:\/\/solucionescontract.com\/wp-content\/uploads\/2020\/02\/logoSC.jpg","contentUrl":"https:\/\/solucionescontract.com\/wp-content\/uploads\/2020\/02\/logoSC.jpg","width":300,"height":125,"caption":"Soluciones Contract"},"image":{"@id":"https:\/\/solucionescontract.com\/#\/schema\/logo\/image\/"},"sameAs":["https:\/\/www.facebook.com\/solucionescontract\/"]}]}},"_links":{"self":[{"href":"https:\/\/solucionescontract.com\/fr\/wp-json\/wp\/v2\/product\/31494","targetHints":{"allow":["GET"]}}],"collection":[{"href":"https:\/\/solucionescontract.com\/fr\/wp-json\/wp\/v2\/product"}],"about":[{"href":"https:\/\/solucionescontract.com\/fr\/wp-json\/wp\/v2\/types\/product"}],"replies":[{"embeddable":true,"href":"https:\/\/solucionescontract.com\/fr\/wp-json\/wp\/v2\/comments?post=31494"}],"wp:featuredmedia":[{"embeddable":true,"href":"https:\/\/solucionescontract.com\/fr\/wp-json\/wp\/v2\/media\/31697"}],"wp:attachment":[{"href":"https:\/\/solucionescontract.com\/fr\/wp-json\/wp\/v2\/media?parent=31494"}],"wp:term":[{"taxonomy":"product_brand","embeddable":true,"href":"https:\/\/solucionescontract.com\/fr\/wp-json\/wp\/v2\/product_brand?post=31494"},{"taxonomy":"product_cat","embeddable":true,"href":"https:\/\/solucionescontract.com\/fr\/wp-json\/wp\/v2\/product_cat?post=31494"},{"taxonomy":"product_tag","embeddable":true,"href":"https:\/\/solucionescontract.com\/fr\/wp-json\/wp\/v2\/product_tag?post=31494"}],"curies":[{"name":"wp","href":"https:\/\/api.w.org\/{rel}","templated":true}]}}