{"id":31440,"date":"2024-05-13T11:55:18","date_gmt":"2024-05-13T10:55:18","guid":{"rendered":"https:\/\/www.solucionescontract.com\/producto\/perchero-bambu\/"},"modified":"2024-05-13T12:52:39","modified_gmt":"2024-05-13T11:52:39","slug":"perchero-bambu","status":"publish","type":"product","link":"https:\/\/solucionescontract.com\/fr\/producto\/perchero-bambu\/","title":{"rendered":"PERCHERO- PARAG\u00dcERO BAMB\u00da"},"content":{"rendered":"<p>El perchero- parag\u00fcero Bamb\u00fa est\u00e1 inspirado en los tallos del bamb\u00fa, la separaci\u00f3n de las perchas en el tubo de aluminio nos recuerda a los c\u00edrculos que separan los segmentos de los tallos el\u00e1sticos y firmes del bamb\u00fa. Su inspiraci\u00f3n en la naturaleza lo convierten en un complemento contempor\u00e1neo\u00a0 ideal para empresas y oficinas, y como no para el hogar.<\/p>\n<p>Disponible en versi\u00f3n perchero y Parag\u00fcero integrado en una sola pieza y tambi\u00e9n solo perchero.<\/p>\n<p>Fabricado en estructura met\u00e1lica, con base de acero y tubo en aluminio pintado disponible en 2 acabados.<\/p>\n<p>El perchero met\u00e1lico Bamb\u00fa fue reconocido con la Menci\u00f3n de Honor en los Premio Delta ADI-FAD 1988.<\/p>\n<p><a href=\"https:\/\/solucionescontract.com\/wp-content\/uploads\/2024\/05\/ftc-BAMBU-m114-ESP-cop-1.pdf\">Ficha T\u00e9cnica<\/a><\/p>\n","protected":false},"excerpt":{"rendered":"<ul>\n<li>Perchero- parag\u00fcero dise\u00f1ado por JM Massana \u2013 JM Tremoleda para\u00a0 uso contract y de hogar gracias a su dise\u00f1o contempor\u00e1neo.<\/li>\n<li>Fabricado en tubo de aluminio y piezas de inyecci\u00f3n de pl\u00e1stico\u00a0est\u00e1 disponible en 2 acabados , gris y blanco.<\/li>\n<li>2 versiones: Solo perchero \/\/\u00a0 perchero y parag\u00fcero<\/li>\n<li>Fabricaci\u00f3n nacional<\/li>\n<li>Uso interior<\/li>\n<li><\/li>\n<\/ul>\n","protected":false},"featured_media":31462,"comment_status":"open","ping_status":"closed","template":"","meta":[],"product_brand":[],"product_cat":[614,623],"product_tag":[666],"class_list":{"0":"post-31440","1":"product","2":"type-product","3":"status-publish","4":"has-post-thumbnail","6":"product_cat-meubles-et-accessoires","7":"product_cat-percheros-fr","8":"product_tag-cintres","9":"product_shipping_class-gratuit","10":"yith_product_brand-mobles-114-fr","12":"first","13":"instock","14":"taxable","15":"shipping-taxable","16":"purchasable","17":"product-type-variable"},"yoast_head":"<!-- This site is optimized with the Yoast SEO plugin v27.3 - https:\/\/yoast.com\/product\/yoast-seo-wordpress\/ -->\n<title>PERCHERO- PARAG\u00dcERO BAMB\u00da - Muebles de dise\u00f1o en Soluciones Contract<\/title>\n<meta name=\"description\" content=\"Compra PERCHERO- PARAG\u00dcERO BAMB\u00da online en nuestra tienda de muebles Contract. Encuentra el mejor MOBILIARIO DE DISE\u00d1O para Hotel, Hogar y uso comercial. Descubre las mejores marcas en nuestro cat\u00e1logo.\" \/>\n<meta name=\"robots\" content=\"index, follow, max-snippet:-1, max-image-preview:large, max-video-preview:-1\" \/>\n<link rel=\"canonical\" href=\"https:\/\/solucionescontract.com\/producto\/perchero-bambu\/\" \/>\n<meta property=\"og:locale\" content=\"fr_FR\" \/>\n<meta property=\"og:type\" content=\"article\" \/>\n<meta property=\"og:title\" content=\"PERCHERO- PARAG\u00dcERO BAMB\u00da - Muebles de dise\u00f1o en Soluciones Contract\" \/>\n<meta property=\"og:description\" content=\"Compra PERCHERO- PARAG\u00dcERO BAMB\u00da online en nuestra tienda de muebles Contract. Encuentra el mejor MOBILIARIO DE DISE\u00d1O para Hotel, Hogar y uso comercial. Descubre las mejores marcas en nuestro cat\u00e1logo.\" \/>\n<meta property=\"og:url\" content=\"https:\/\/solucionescontract.com\/producto\/perchero-bambu\/\" \/>\n<meta property=\"og:site_name\" content=\"Soluciones Contract\" \/>\n<meta property=\"article:publisher\" content=\"https:\/\/www.facebook.com\/solucionescontract\/\" \/>\n<meta property=\"article:modified_time\" content=\"2024-05-13T11:52:39+00:00\" \/>\n<meta property=\"og:image\" content=\"https:\/\/solucionescontract.com\/wp-content\/uploads\/2024\/05\/mobles114-bambu-umbrella-perchero-blanco-paraguero.jpg\" \/>\n\t<meta property=\"og:image:width\" content=\"442\" \/>\n\t<meta property=\"og:image:height\" content=\"442\" \/>\n\t<meta property=\"og:image:type\" content=\"image\/jpeg\" \/>\n<meta name=\"twitter:card\" content=\"summary_large_image\" \/>\n<meta name=\"twitter:label1\" content=\"Dur\u00e9e de lecture estim\u00e9e\" \/>\n\t<meta name=\"twitter:data1\" content=\"2 minutes\" \/>\n<script type=\"application\/ld+json\" class=\"yoast-schema-graph\">{\"@context\":\"https:\\\/\\\/schema.org\",\"@graph\":[{\"@type\":\"WebPage\",\"@id\":\"https:\\\/\\\/solucionescontract.com\\\/producto\\\/perchero-bambu\\\/\",\"url\":\"https:\\\/\\\/solucionescontract.com\\\/producto\\\/perchero-bambu\\\/\",\"name\":\"PERCHERO- PARAG\u00dcERO BAMB\u00da - Muebles de dise\u00f1o en Soluciones Contract\",\"isPartOf\":{\"@id\":\"https:\\\/\\\/solucionescontract.com\\\/#website\"},\"primaryImageOfPage\":{\"@id\":\"https:\\\/\\\/solucionescontract.com\\\/producto\\\/perchero-bambu\\\/#primaryimage\"},\"image\":{\"@id\":\"https:\\\/\\\/solucionescontract.com\\\/producto\\\/perchero-bambu\\\/#primaryimage\"},\"thumbnailUrl\":\"https:\\\/\\\/solucionescontract.com\\\/wp-content\\\/uploads\\\/2024\\\/05\\\/mobles114-bambu-umbrella-perchero-blanco-paraguero.jpg\",\"datePublished\":\"2024-05-13T10:55:18+00:00\",\"dateModified\":\"2024-05-13T11:52:39+00:00\",\"description\":\"Compra PERCHERO- PARAG\u00dcERO BAMB\u00da online en nuestra tienda de muebles Contract. Encuentra el mejor MOBILIARIO DE DISE\u00d1O para Hotel, Hogar y uso comercial. Descubre las mejores marcas en nuestro cat\u00e1logo.\",\"breadcrumb\":{\"@id\":\"https:\\\/\\\/solucionescontract.com\\\/producto\\\/perchero-bambu\\\/#breadcrumb\"},\"inLanguage\":\"fr-FR\",\"potentialAction\":[{\"@type\":\"ReadAction\",\"target\":[\"https:\\\/\\\/solucionescontract.com\\\/producto\\\/perchero-bambu\\\/\"]}]},{\"@type\":\"ImageObject\",\"inLanguage\":\"fr-FR\",\"@id\":\"https:\\\/\\\/solucionescontract.com\\\/producto\\\/perchero-bambu\\\/#primaryimage\",\"url\":\"https:\\\/\\\/solucionescontract.com\\\/wp-content\\\/uploads\\\/2024\\\/05\\\/mobles114-bambu-umbrella-perchero-blanco-paraguero.jpg\",\"contentUrl\":\"https:\\\/\\\/solucionescontract.com\\\/wp-content\\\/uploads\\\/2024\\\/05\\\/mobles114-bambu-umbrella-perchero-blanco-paraguero.jpg\",\"width\":442,\"height\":442},{\"@type\":\"BreadcrumbList\",\"@id\":\"https:\\\/\\\/solucionescontract.com\\\/producto\\\/perchero-bambu\\\/#breadcrumb\",\"itemListElement\":[{\"@type\":\"ListItem\",\"position\":1,\"name\":\"Inicio\",\"item\":\"https:\\\/\\\/solucionescontract.com\\\/\"},{\"@type\":\"ListItem\",\"position\":2,\"name\":\"Tienda mobiliario contract\",\"item\":\"https:\\\/\\\/solucionescontract.com\\\/tienda-mobiliario-contract\\\/\"},{\"@type\":\"ListItem\",\"position\":3,\"name\":\"Mueble y complementos\",\"item\":\"https:\\\/\\\/solucionescontract.com\\\/categoria-producto\\\/mueble-y-complementos\\\/\"},{\"@type\":\"ListItem\",\"position\":4,\"name\":\"PERCHERO- PARAG\u00dcERO BAMB\u00da\"}]},{\"@type\":\"WebSite\",\"@id\":\"https:\\\/\\\/solucionescontract.com\\\/#website\",\"url\":\"https:\\\/\\\/solucionescontract.com\\\/\",\"name\":\"Soluciones Contract\",\"description\":\"Venta Mobiliario contract de dise\u00f1o\",\"publisher\":{\"@id\":\"https:\\\/\\\/solucionescontract.com\\\/#organization\"},\"potentialAction\":[{\"@type\":\"SearchAction\",\"target\":{\"@type\":\"EntryPoint\",\"urlTemplate\":\"https:\\\/\\\/solucionescontract.com\\\/?s={search_term_string}\"},\"query-input\":{\"@type\":\"PropertyValueSpecification\",\"valueRequired\":true,\"valueName\":\"search_term_string\"}}],\"inLanguage\":\"fr-FR\"},{\"@type\":\"Organization\",\"@id\":\"https:\\\/\\\/solucionescontract.com\\\/#organization\",\"name\":\"Soluciones Contract\",\"url\":\"https:\\\/\\\/solucionescontract.com\\\/\",\"logo\":{\"@type\":\"ImageObject\",\"inLanguage\":\"fr-FR\",\"@id\":\"https:\\\/\\\/solucionescontract.com\\\/#\\\/schema\\\/logo\\\/image\\\/\",\"url\":\"https:\\\/\\\/solucionescontract.com\\\/wp-content\\\/uploads\\\/2020\\\/02\\\/logoSC.jpg\",\"contentUrl\":\"https:\\\/\\\/solucionescontract.com\\\/wp-content\\\/uploads\\\/2020\\\/02\\\/logoSC.jpg\",\"width\":300,\"height\":125,\"caption\":\"Soluciones Contract\"},\"image\":{\"@id\":\"https:\\\/\\\/solucionescontract.com\\\/#\\\/schema\\\/logo\\\/image\\\/\"},\"sameAs\":[\"https:\\\/\\\/www.facebook.com\\\/solucionescontract\\\/\"]}]}<\/script>\n<!-- \/ Yoast SEO plugin. -->","yoast_head_json":{"title":"PERCHERO- PARAG\u00dcERO BAMB\u00da - Muebles de dise\u00f1o en Soluciones Contract","description":"Compra PERCHERO- PARAG\u00dcERO BAMB\u00da online en nuestra tienda de muebles Contract. Encuentra el mejor MOBILIARIO DE DISE\u00d1O para Hotel, Hogar y uso comercial. Descubre las mejores marcas en nuestro cat\u00e1logo.","robots":{"index":"index","follow":"follow","max-snippet":"max-snippet:-1","max-image-preview":"max-image-preview:large","max-video-preview":"max-video-preview:-1"},"canonical":"https:\/\/solucionescontract.com\/producto\/perchero-bambu\/","og_locale":"fr_FR","og_type":"article","og_title":"PERCHERO- PARAG\u00dcERO BAMB\u00da - Muebles de dise\u00f1o en Soluciones Contract","og_description":"Compra PERCHERO- PARAG\u00dcERO BAMB\u00da online en nuestra tienda de muebles Contract. Encuentra el mejor MOBILIARIO DE DISE\u00d1O para Hotel, Hogar y uso comercial. Descubre las mejores marcas en nuestro cat\u00e1logo.","og_url":"https:\/\/solucionescontract.com\/producto\/perchero-bambu\/","og_site_name":"Soluciones Contract","article_publisher":"https:\/\/www.facebook.com\/solucionescontract\/","article_modified_time":"2024-05-13T11:52:39+00:00","og_image":[{"width":442,"height":442,"url":"https:\/\/solucionescontract.com\/wp-content\/uploads\/2024\/05\/mobles114-bambu-umbrella-perchero-blanco-paraguero.jpg","type":"image\/jpeg"}],"twitter_card":"summary_large_image","twitter_misc":{"Dur\u00e9e de lecture estim\u00e9e":"2 minutes"},"schema":{"@context":"https:\/\/schema.org","@graph":[{"@type":"WebPage","@id":"https:\/\/solucionescontract.com\/producto\/perchero-bambu\/","url":"https:\/\/solucionescontract.com\/producto\/perchero-bambu\/","name":"PERCHERO- PARAG\u00dcERO BAMB\u00da - Muebles de dise\u00f1o en Soluciones Contract","isPartOf":{"@id":"https:\/\/solucionescontract.com\/#website"},"primaryImageOfPage":{"@id":"https:\/\/solucionescontract.com\/producto\/perchero-bambu\/#primaryimage"},"image":{"@id":"https:\/\/solucionescontract.com\/producto\/perchero-bambu\/#primaryimage"},"thumbnailUrl":"https:\/\/solucionescontract.com\/wp-content\/uploads\/2024\/05\/mobles114-bambu-umbrella-perchero-blanco-paraguero.jpg","datePublished":"2024-05-13T10:55:18+00:00","dateModified":"2024-05-13T11:52:39+00:00","description":"Compra PERCHERO- PARAG\u00dcERO BAMB\u00da online en nuestra tienda de muebles Contract. Encuentra el mejor MOBILIARIO DE DISE\u00d1O para Hotel, Hogar y uso comercial. Descubre las mejores marcas en nuestro cat\u00e1logo.","breadcrumb":{"@id":"https:\/\/solucionescontract.com\/producto\/perchero-bambu\/#breadcrumb"},"inLanguage":"fr-FR","potentialAction":[{"@type":"ReadAction","target":["https:\/\/solucionescontract.com\/producto\/perchero-bambu\/"]}]},{"@type":"ImageObject","inLanguage":"fr-FR","@id":"https:\/\/solucionescontract.com\/producto\/perchero-bambu\/#primaryimage","url":"https:\/\/solucionescontract.com\/wp-content\/uploads\/2024\/05\/mobles114-bambu-umbrella-perchero-blanco-paraguero.jpg","contentUrl":"https:\/\/solucionescontract.com\/wp-content\/uploads\/2024\/05\/mobles114-bambu-umbrella-perchero-blanco-paraguero.jpg","width":442,"height":442},{"@type":"BreadcrumbList","@id":"https:\/\/solucionescontract.com\/producto\/perchero-bambu\/#breadcrumb","itemListElement":[{"@type":"ListItem","position":1,"name":"Inicio","item":"https:\/\/solucionescontract.com\/"},{"@type":"ListItem","position":2,"name":"Tienda mobiliario contract","item":"https:\/\/solucionescontract.com\/tienda-mobiliario-contract\/"},{"@type":"ListItem","position":3,"name":"Mueble y complementos","item":"https:\/\/solucionescontract.com\/categoria-producto\/mueble-y-complementos\/"},{"@type":"ListItem","position":4,"name":"PERCHERO- PARAG\u00dcERO BAMB\u00da"}]},{"@type":"WebSite","@id":"https:\/\/solucionescontract.com\/#website","url":"https:\/\/solucionescontract.com\/","name":"Soluciones Contract","description":"Venta Mobiliario contract de dise\u00f1o","publisher":{"@id":"https:\/\/solucionescontract.com\/#organization"},"potentialAction":[{"@type":"SearchAction","target":{"@type":"EntryPoint","urlTemplate":"https:\/\/solucionescontract.com\/?s={search_term_string}"},"query-input":{"@type":"PropertyValueSpecification","valueRequired":true,"valueName":"search_term_string"}}],"inLanguage":"fr-FR"},{"@type":"Organization","@id":"https:\/\/solucionescontract.com\/#organization","name":"Soluciones Contract","url":"https:\/\/solucionescontract.com\/","logo":{"@type":"ImageObject","inLanguage":"fr-FR","@id":"https:\/\/solucionescontract.com\/#\/schema\/logo\/image\/","url":"https:\/\/solucionescontract.com\/wp-content\/uploads\/2020\/02\/logoSC.jpg","contentUrl":"https:\/\/solucionescontract.com\/wp-content\/uploads\/2020\/02\/logoSC.jpg","width":300,"height":125,"caption":"Soluciones Contract"},"image":{"@id":"https:\/\/solucionescontract.com\/#\/schema\/logo\/image\/"},"sameAs":["https:\/\/www.facebook.com\/solucionescontract\/"]}]}},"_links":{"self":[{"href":"https:\/\/solucionescontract.com\/fr\/wp-json\/wp\/v2\/product\/31440","targetHints":{"allow":["GET"]}}],"collection":[{"href":"https:\/\/solucionescontract.com\/fr\/wp-json\/wp\/v2\/product"}],"about":[{"href":"https:\/\/solucionescontract.com\/fr\/wp-json\/wp\/v2\/types\/product"}],"replies":[{"embeddable":true,"href":"https:\/\/solucionescontract.com\/fr\/wp-json\/wp\/v2\/comments?post=31440"}],"wp:featuredmedia":[{"embeddable":true,"href":"https:\/\/solucionescontract.com\/fr\/wp-json\/wp\/v2\/media\/31462"}],"wp:attachment":[{"href":"https:\/\/solucionescontract.com\/fr\/wp-json\/wp\/v2\/media?parent=31440"}],"wp:term":[{"taxonomy":"product_brand","embeddable":true,"href":"https:\/\/solucionescontract.com\/fr\/wp-json\/wp\/v2\/product_brand?post=31440"},{"taxonomy":"product_cat","embeddable":true,"href":"https:\/\/solucionescontract.com\/fr\/wp-json\/wp\/v2\/product_cat?post=31440"},{"taxonomy":"product_tag","embeddable":true,"href":"https:\/\/solucionescontract.com\/fr\/wp-json\/wp\/v2\/product_tag?post=31440"}],"curies":[{"name":"wp","href":"https:\/\/api.w.org\/{rel}","templated":true}]}}