{"id":31374,"date":"2023-09-22T08:02:02","date_gmt":"2023-09-22T07:02:02","guid":{"rendered":"https:\/\/www.solucionescontract.com\/producto\/silla-tapizada-marni\/"},"modified":"2025-04-07T16:48:43","modified_gmt":"2025-04-07T15:48:43","slug":"silla-tapizada-marni","status":"publish","type":"product","link":"https:\/\/solucionescontract.com\/fr\/producto\/silla-tapizada-marni\/","title":{"rendered":"SILLA TAPIZADA MARNI"},"content":{"rendered":"<p>Silla <strong>tapizada Marni en asiento y respaldo<\/strong>, con estructura met\u00e1lica, los acabados pueden ser negro, blanco, \u00f3xido y antracita.<\/p>\n<p>La silla Marni es un producto f\u00e1cilmente adaptable a cualquier espacio, su ligero dise\u00f1o la hacen una silla muy recomendada para todo tipo de comedores ya sean p\u00fablicos, en salones de hotel o restaurantes como en estancias dom\u00e9sticas.<\/p>\n<p>Existen una <strong>amplia variedad de tapizados<\/strong> a consultar <a href=\"https:\/\/solucionescontract.com\/fr\/producto\/tapisse-pemi\/\">AQU\u00cd.<\/a><\/p>\n<p>Otros acabados disponibles para las patas de la silla tapizada Marni, consultar <a href=\"https:\/\/solucionescontract.com\/producto\/colores-metalicos-para-patas\/\">AQU\u00cd.\u00a0<\/a><\/p>\n<p>MEDIDAS: Alto 86 cm. Fondo 54 cm. Ancho 47 cm. <img decoding=\"async\" class=\" wd-lazy-fade wp-image-30604 size-full alignleft\" src=\"https:\/\/solucionescontract.com\/wp-content\/themes\/woodmart\/images\/lazy.svg\" data-src=\"https:\/\/solucionescontract.com\/wp-content\/uploads\/2023\/09\/Captura-de-pantalla-2023-09-22-091548.png\" alt=\"\" width=\"123\" height=\"141\" srcset=\"\" data-srcset=\"https:\/\/solucionescontract.com\/wp-content\/uploads\/2023\/09\/Captura-de-pantalla-2023-09-22-091548.png 123w, https:\/\/solucionescontract.com\/wp-content\/uploads\/2023\/09\/Captura-de-pantalla-2023-09-22-091548-17x20.png 17w\" sizes=\"(max-width: 123px) 100vw, 123px\" \/><\/p>\n<p>&nbsp;<\/p>\n<p>&nbsp;<\/p>\n<p>&nbsp;<\/p>\n<p>&nbsp;<\/p>\n<p>&nbsp;<\/p>\n<p>&nbsp;<\/p>\n<p>Si tienes alguna duda o necesitas alguna aclaraci\u00f3n en cuanto a los tapizados o materiales de esta silla puedes ponerte en contacto con nuestro equipo bien por chat (disponible las 24 horas diarias) , por tel\u00e9fono (llamando al 981384888)\u00a0 o mediante correo electr\u00f3nico enviando un mail a\u00a0 info@solucionescontract.com, Estaremos encantados de atenderte.<\/p>\n<p>&nbsp;<\/p>\n<p>&nbsp;<\/p>\n","protected":false},"excerpt":{"rendered":"<ul>\n<li>Silla\u00a0 con dise\u00f1o curvado en el respaldo y estructura met\u00e1lica para las patas<\/li>\n<li>Asiento y respaldo tapizados con tapizado anti manchas. Otros tapizados consultar<strong> <a style=\"font-size: 12pt;\" href=\"https:\/\/solucionescontract.com\/producto\/tapizados-pemi\/\">aqu\u00ed.<\/a><\/strong><\/li>\n<li>Uso interior.<\/li>\n<li>Fabricaci\u00f3n nacional.<\/li>\n<\/ul>\n<p>Fotos: Patas en color negro y tapizado florida C1<\/p>\n<p>Patas en color blanco y tapizado florida C3<\/p>\n<p>&nbsp;<\/p>\n<p>&nbsp;<\/p>\n<pre><\/pre>\n","protected":false},"featured_media":30805,"comment_status":"open","ping_status":"closed","template":"","meta":[],"product_brand":[],"product_cat":[535,529],"product_tag":[655,1116,689],"class_list":{"0":"post-31374","1":"product","2":"type-product","3":"status-publish","4":"has-post-thumbnail","6":"product_cat-chaises-contractuelles","7":"product_cat-sieges-contractuels","8":"product_tag-interior-fr","9":"product_tag-estructura-metalica-fr","10":"product_tag-asientos-tapizados-fr","11":"product_shipping_class-gratuit","12":"yith_product_brand-pemi-fr","14":"first","15":"instock","16":"taxable","17":"shipping-taxable","18":"purchasable","19":"product-type-variable"},"yoast_head":"<!-- This site is optimized with the Yoast SEO plugin v27.3 - https:\/\/yoast.com\/product\/yoast-seo-wordpress\/ -->\n<title>SILLA TAPIZADA MARNI - Muebles de dise\u00f1o en Soluciones Contract<\/title>\n<meta name=\"description\" content=\"Compra SILLA TAPIZADA MARNI online en nuestra tienda de muebles Contract. Encuentra el mejor MOBILIARIO DE DISE\u00d1O para Hotel, Hogar y uso comercial.\" \/>\n<meta name=\"robots\" content=\"index, follow, max-snippet:-1, max-image-preview:large, max-video-preview:-1\" \/>\n<link rel=\"canonical\" href=\"https:\/\/solucionescontract.com\/producto\/silla-tapizada-marni\/\" \/>\n<meta property=\"og:locale\" content=\"fr_FR\" \/>\n<meta property=\"og:type\" content=\"article\" \/>\n<meta property=\"og:title\" content=\"SILLA TAPIZADA MARNI - Muebles de dise\u00f1o en Soluciones Contract\" \/>\n<meta property=\"og:description\" content=\"Compra SILLA TAPIZADA MARNI online en nuestra tienda de muebles Contract. Encuentra el mejor MOBILIARIO DE DISE\u00d1O para Hotel, Hogar y uso comercial.\" \/>\n<meta property=\"og:url\" content=\"https:\/\/solucionescontract.com\/producto\/silla-tapizada-marni\/\" \/>\n<meta property=\"og:site_name\" content=\"Soluciones Contract\" \/>\n<meta property=\"article:publisher\" content=\"https:\/\/www.facebook.com\/solucionescontract\/\" \/>\n<meta property=\"article:modified_time\" content=\"2025-04-07T15:48:43+00:00\" \/>\n<meta property=\"og:image\" content=\"https:\/\/solucionescontract.com\/wp-content\/uploads\/2023\/09\/marni-silla.jpg\" \/>\n\t<meta property=\"og:image:width\" content=\"626\" \/>\n\t<meta property=\"og:image:height\" content=\"626\" \/>\n\t<meta property=\"og:image:type\" content=\"image\/jpeg\" \/>\n<meta name=\"twitter:card\" content=\"summary_large_image\" \/>\n<meta name=\"twitter:label1\" content=\"Dur\u00e9e de lecture estim\u00e9e\" \/>\n\t<meta name=\"twitter:data1\" content=\"1 minute\" \/>\n<script type=\"application\/ld+json\" class=\"yoast-schema-graph\">{\"@context\":\"https:\\\/\\\/schema.org\",\"@graph\":[{\"@type\":\"WebPage\",\"@id\":\"https:\\\/\\\/solucionescontract.com\\\/producto\\\/silla-tapizada-marni\\\/\",\"url\":\"https:\\\/\\\/solucionescontract.com\\\/producto\\\/silla-tapizada-marni\\\/\",\"name\":\"SILLA TAPIZADA MARNI - Muebles de dise\u00f1o en Soluciones Contract\",\"isPartOf\":{\"@id\":\"https:\\\/\\\/solucionescontract.com\\\/#website\"},\"primaryImageOfPage\":{\"@id\":\"https:\\\/\\\/solucionescontract.com\\\/producto\\\/silla-tapizada-marni\\\/#primaryimage\"},\"image\":{\"@id\":\"https:\\\/\\\/solucionescontract.com\\\/producto\\\/silla-tapizada-marni\\\/#primaryimage\"},\"thumbnailUrl\":\"https:\\\/\\\/solucionescontract.com\\\/wp-content\\\/uploads\\\/2023\\\/09\\\/marni-silla.jpg\",\"datePublished\":\"2023-09-22T07:02:02+00:00\",\"dateModified\":\"2025-04-07T15:48:43+00:00\",\"description\":\"Compra SILLA TAPIZADA MARNI online en nuestra tienda de muebles Contract. Encuentra el mejor MOBILIARIO DE DISE\u00d1O para Hotel, Hogar y uso comercial.\",\"breadcrumb\":{\"@id\":\"https:\\\/\\\/solucionescontract.com\\\/producto\\\/silla-tapizada-marni\\\/#breadcrumb\"},\"inLanguage\":\"fr-FR\",\"potentialAction\":[{\"@type\":\"ReadAction\",\"target\":[\"https:\\\/\\\/solucionescontract.com\\\/producto\\\/silla-tapizada-marni\\\/\"]}]},{\"@type\":\"ImageObject\",\"inLanguage\":\"fr-FR\",\"@id\":\"https:\\\/\\\/solucionescontract.com\\\/producto\\\/silla-tapizada-marni\\\/#primaryimage\",\"url\":\"https:\\\/\\\/solucionescontract.com\\\/wp-content\\\/uploads\\\/2023\\\/09\\\/marni-silla.jpg\",\"contentUrl\":\"https:\\\/\\\/solucionescontract.com\\\/wp-content\\\/uploads\\\/2023\\\/09\\\/marni-silla.jpg\",\"width\":626,\"height\":626,\"caption\":\"SILLA_TAPIZADA_MARNI\"},{\"@type\":\"BreadcrumbList\",\"@id\":\"https:\\\/\\\/solucionescontract.com\\\/producto\\\/silla-tapizada-marni\\\/#breadcrumb\",\"itemListElement\":[{\"@type\":\"ListItem\",\"position\":1,\"name\":\"Inicio\",\"item\":\"https:\\\/\\\/solucionescontract.com\\\/\"},{\"@type\":\"ListItem\",\"position\":2,\"name\":\"Tienda mobiliario contract\",\"item\":\"https:\\\/\\\/solucionescontract.com\\\/tienda-mobiliario-contract\\\/\"},{\"@type\":\"ListItem\",\"position\":3,\"name\":\"Asientos Contract\",\"item\":\"https:\\\/\\\/solucionescontract.com\\\/categoria-producto\\\/asientos-para-contract\\\/\"},{\"@type\":\"ListItem\",\"position\":4,\"name\":\"Sillas Contract\",\"item\":\"https:\\\/\\\/solucionescontract.com\\\/categoria-producto\\\/asientos-para-contract\\\/sillas-contract\\\/\"},{\"@type\":\"ListItem\",\"position\":5,\"name\":\"SILLA TAPIZADA MARNI\"}]},{\"@type\":\"WebSite\",\"@id\":\"https:\\\/\\\/solucionescontract.com\\\/#website\",\"url\":\"https:\\\/\\\/solucionescontract.com\\\/\",\"name\":\"Soluciones Contract\",\"description\":\"Venta Mobiliario contract de dise\u00f1o\",\"publisher\":{\"@id\":\"https:\\\/\\\/solucionescontract.com\\\/#organization\"},\"potentialAction\":[{\"@type\":\"SearchAction\",\"target\":{\"@type\":\"EntryPoint\",\"urlTemplate\":\"https:\\\/\\\/solucionescontract.com\\\/?s={search_term_string}\"},\"query-input\":{\"@type\":\"PropertyValueSpecification\",\"valueRequired\":true,\"valueName\":\"search_term_string\"}}],\"inLanguage\":\"fr-FR\"},{\"@type\":\"Organization\",\"@id\":\"https:\\\/\\\/solucionescontract.com\\\/#organization\",\"name\":\"Soluciones Contract\",\"url\":\"https:\\\/\\\/solucionescontract.com\\\/\",\"logo\":{\"@type\":\"ImageObject\",\"inLanguage\":\"fr-FR\",\"@id\":\"https:\\\/\\\/solucionescontract.com\\\/#\\\/schema\\\/logo\\\/image\\\/\",\"url\":\"https:\\\/\\\/solucionescontract.com\\\/wp-content\\\/uploads\\\/2020\\\/02\\\/logoSC.jpg\",\"contentUrl\":\"https:\\\/\\\/solucionescontract.com\\\/wp-content\\\/uploads\\\/2020\\\/02\\\/logoSC.jpg\",\"width\":300,\"height\":125,\"caption\":\"Soluciones Contract\"},\"image\":{\"@id\":\"https:\\\/\\\/solucionescontract.com\\\/#\\\/schema\\\/logo\\\/image\\\/\"},\"sameAs\":[\"https:\\\/\\\/www.facebook.com\\\/solucionescontract\\\/\"]}]}<\/script>\n<!-- \/ Yoast SEO plugin. -->","yoast_head_json":{"title":"SILLA TAPIZADA MARNI - Muebles de dise\u00f1o en Soluciones Contract","description":"Compra SILLA TAPIZADA MARNI online en nuestra tienda de muebles Contract. Encuentra el mejor MOBILIARIO DE DISE\u00d1O para Hotel, Hogar y uso comercial.","robots":{"index":"index","follow":"follow","max-snippet":"max-snippet:-1","max-image-preview":"max-image-preview:large","max-video-preview":"max-video-preview:-1"},"canonical":"https:\/\/solucionescontract.com\/producto\/silla-tapizada-marni\/","og_locale":"fr_FR","og_type":"article","og_title":"SILLA TAPIZADA MARNI - Muebles de dise\u00f1o en Soluciones Contract","og_description":"Compra SILLA TAPIZADA MARNI online en nuestra tienda de muebles Contract. Encuentra el mejor MOBILIARIO DE DISE\u00d1O para Hotel, Hogar y uso comercial.","og_url":"https:\/\/solucionescontract.com\/producto\/silla-tapizada-marni\/","og_site_name":"Soluciones Contract","article_publisher":"https:\/\/www.facebook.com\/solucionescontract\/","article_modified_time":"2025-04-07T15:48:43+00:00","og_image":[{"width":626,"height":626,"url":"https:\/\/solucionescontract.com\/wp-content\/uploads\/2023\/09\/marni-silla.jpg","type":"image\/jpeg"}],"twitter_card":"summary_large_image","twitter_misc":{"Dur\u00e9e de lecture estim\u00e9e":"1 minute"},"schema":{"@context":"https:\/\/schema.org","@graph":[{"@type":"WebPage","@id":"https:\/\/solucionescontract.com\/producto\/silla-tapizada-marni\/","url":"https:\/\/solucionescontract.com\/producto\/silla-tapizada-marni\/","name":"SILLA TAPIZADA MARNI - Muebles de dise\u00f1o en Soluciones Contract","isPartOf":{"@id":"https:\/\/solucionescontract.com\/#website"},"primaryImageOfPage":{"@id":"https:\/\/solucionescontract.com\/producto\/silla-tapizada-marni\/#primaryimage"},"image":{"@id":"https:\/\/solucionescontract.com\/producto\/silla-tapizada-marni\/#primaryimage"},"thumbnailUrl":"https:\/\/solucionescontract.com\/wp-content\/uploads\/2023\/09\/marni-silla.jpg","datePublished":"2023-09-22T07:02:02+00:00","dateModified":"2025-04-07T15:48:43+00:00","description":"Compra SILLA TAPIZADA MARNI online en nuestra tienda de muebles Contract. Encuentra el mejor MOBILIARIO DE DISE\u00d1O para Hotel, Hogar y uso comercial.","breadcrumb":{"@id":"https:\/\/solucionescontract.com\/producto\/silla-tapizada-marni\/#breadcrumb"},"inLanguage":"fr-FR","potentialAction":[{"@type":"ReadAction","target":["https:\/\/solucionescontract.com\/producto\/silla-tapizada-marni\/"]}]},{"@type":"ImageObject","inLanguage":"fr-FR","@id":"https:\/\/solucionescontract.com\/producto\/silla-tapizada-marni\/#primaryimage","url":"https:\/\/solucionescontract.com\/wp-content\/uploads\/2023\/09\/marni-silla.jpg","contentUrl":"https:\/\/solucionescontract.com\/wp-content\/uploads\/2023\/09\/marni-silla.jpg","width":626,"height":626,"caption":"SILLA_TAPIZADA_MARNI"},{"@type":"BreadcrumbList","@id":"https:\/\/solucionescontract.com\/producto\/silla-tapizada-marni\/#breadcrumb","itemListElement":[{"@type":"ListItem","position":1,"name":"Inicio","item":"https:\/\/solucionescontract.com\/"},{"@type":"ListItem","position":2,"name":"Tienda mobiliario contract","item":"https:\/\/solucionescontract.com\/tienda-mobiliario-contract\/"},{"@type":"ListItem","position":3,"name":"Asientos Contract","item":"https:\/\/solucionescontract.com\/categoria-producto\/asientos-para-contract\/"},{"@type":"ListItem","position":4,"name":"Sillas Contract","item":"https:\/\/solucionescontract.com\/categoria-producto\/asientos-para-contract\/sillas-contract\/"},{"@type":"ListItem","position":5,"name":"SILLA TAPIZADA MARNI"}]},{"@type":"WebSite","@id":"https:\/\/solucionescontract.com\/#website","url":"https:\/\/solucionescontract.com\/","name":"Soluciones Contract","description":"Venta Mobiliario contract de dise\u00f1o","publisher":{"@id":"https:\/\/solucionescontract.com\/#organization"},"potentialAction":[{"@type":"SearchAction","target":{"@type":"EntryPoint","urlTemplate":"https:\/\/solucionescontract.com\/?s={search_term_string}"},"query-input":{"@type":"PropertyValueSpecification","valueRequired":true,"valueName":"search_term_string"}}],"inLanguage":"fr-FR"},{"@type":"Organization","@id":"https:\/\/solucionescontract.com\/#organization","name":"Soluciones Contract","url":"https:\/\/solucionescontract.com\/","logo":{"@type":"ImageObject","inLanguage":"fr-FR","@id":"https:\/\/solucionescontract.com\/#\/schema\/logo\/image\/","url":"https:\/\/solucionescontract.com\/wp-content\/uploads\/2020\/02\/logoSC.jpg","contentUrl":"https:\/\/solucionescontract.com\/wp-content\/uploads\/2020\/02\/logoSC.jpg","width":300,"height":125,"caption":"Soluciones Contract"},"image":{"@id":"https:\/\/solucionescontract.com\/#\/schema\/logo\/image\/"},"sameAs":["https:\/\/www.facebook.com\/solucionescontract\/"]}]}},"_links":{"self":[{"href":"https:\/\/solucionescontract.com\/fr\/wp-json\/wp\/v2\/product\/31374","targetHints":{"allow":["GET"]}}],"collection":[{"href":"https:\/\/solucionescontract.com\/fr\/wp-json\/wp\/v2\/product"}],"about":[{"href":"https:\/\/solucionescontract.com\/fr\/wp-json\/wp\/v2\/types\/product"}],"replies":[{"embeddable":true,"href":"https:\/\/solucionescontract.com\/fr\/wp-json\/wp\/v2\/comments?post=31374"}],"wp:featuredmedia":[{"embeddable":true,"href":"https:\/\/solucionescontract.com\/fr\/wp-json\/wp\/v2\/media\/30805"}],"wp:attachment":[{"href":"https:\/\/solucionescontract.com\/fr\/wp-json\/wp\/v2\/media?parent=31374"}],"wp:term":[{"taxonomy":"product_brand","embeddable":true,"href":"https:\/\/solucionescontract.com\/fr\/wp-json\/wp\/v2\/product_brand?post=31374"},{"taxonomy":"product_cat","embeddable":true,"href":"https:\/\/solucionescontract.com\/fr\/wp-json\/wp\/v2\/product_cat?post=31374"},{"taxonomy":"product_tag","embeddable":true,"href":"https:\/\/solucionescontract.com\/fr\/wp-json\/wp\/v2\/product_tag?post=31374"}],"curies":[{"name":"wp","href":"https:\/\/api.w.org\/{rel}","templated":true}]}}