{"id":30610,"date":"2023-09-22T08:47:04","date_gmt":"2023-09-22T07:47:04","guid":{"rendered":"https:\/\/www.solucionescontract.com\/?post_type=product&#038;p=30610"},"modified":"2025-04-07T16:48:54","modified_gmt":"2025-04-07T15:48:54","slug":"silla-tapizada-nova","status":"publish","type":"product","link":"https:\/\/solucionescontract.com\/fr\/producto\/silla-tapizada-nova\/","title":{"rendered":"SILLA TAPIZADA NOVA."},"content":{"rendered":"<p>Silla <strong>tapizada Nova en asiento y respaldo<\/strong>, con estructura met\u00e1lica que aporta ligereza y estabilidad a la silla.<\/p>\n<p>Sigue las tendencias en interiorismo actuales y adquiere nuestra silla nova para disponer tanto en espacios contract como en tu hogar. Perfecta tanto\u00a0 para disponer junto \u00a0a una\u00a0 mesa de comedor o la cocina como en tu despacho u oficina.<\/p>\n<p>Existen una <strong>amplia variedad de tapizados<\/strong> a consultar <a href=\"https:\/\/solucionescontract.com\/producto\/tapizados-pemi\/\">AQU\u00cd.<\/a><\/p>\n<p>Para los acabado de la estructura hay cuatro opciones disponibles: blanco, negro. \u00f3xido o antracita.<\/p>\n<p>MEDIDAS: Alto 85 cm. Fondo 57 cm. Ancho 54 cm. <a href=\"https:\/\/solucionescontract.com\/wp-content\/uploads\/2023\/09\/Captura-de-pantalla-2023-09-22-094938.png\"><img decoding=\"async\" class=\" wd-lazy-fade wp-image-30613 size-full alignleft\" src=\"https:\/\/solucionescontract.com\/wp-content\/themes\/woodmart\/images\/lazy.svg\" data-src=\"https:\/\/solucionescontract.com\/wp-content\/uploads\/2023\/09\/Captura-de-pantalla-2023-09-22-094938.png\" alt=\"\" width=\"162\" height=\"177\" srcset=\"\" data-srcset=\"https:\/\/solucionescontract.com\/wp-content\/uploads\/2023\/09\/Captura-de-pantalla-2023-09-22-094938.png 162w, https:\/\/solucionescontract.com\/wp-content\/uploads\/2023\/09\/Captura-de-pantalla-2023-09-22-094938-18x20.png 18w, https:\/\/solucionescontract.com\/wp-content\/uploads\/2023\/09\/Captura-de-pantalla-2023-09-22-094938-150x164.png 150w\" sizes=\"(max-width: 162px) 100vw, 162px\" \/><\/a><\/p>\n<p>&nbsp;<\/p>\n<p>&nbsp;<\/p>\n","protected":false},"excerpt":{"rendered":"<ul>\n<li>\u00a0Silla de dise\u00f1o con estructura met\u00e1lica que abraza el respaldo y le dan car\u00e1cter a la pieza.<\/li>\n<li>Con asiento y respaldo tapizados en tejido anti manchas. Otros tapizados consultar <strong><a style=\"font-size: 12pt;\" href=\"https:\/\/solucionescontract.com\/producto\/tapizados-pemi\/\">aqu\u00ed.<\/a><\/strong><\/li>\n<li>Con respaldo curvo para aportar m\u00e1ximo confort.<\/li>\n<li>Uso interior.<\/li>\n<li>Fabricaci\u00f3n nacional.<\/li>\n<\/ul>\n<p>(Env\u00edo gratuito a partir de compra de 4 unidades).<\/p>\n<pre><\/pre>\n<p>&nbsp;<\/p>\n","protected":false},"featured_media":30903,"comment_status":"open","ping_status":"closed","template":"","meta":[],"product_brand":[],"product_cat":[221,46],"product_tag":[60,1110],"class_list":{"0":"post-30610","1":"product","2":"type-product","3":"status-publish","4":"has-post-thumbnail","6":"product_cat-asientos-para-contract","7":"product_cat-sillas-contract","8":"product_tag-asientos-tapizados","9":"product_tag-estructura-metalica","10":"product_shipping_class-envio-gratuito","11":"yith_product_brand-pemi","13":"first","14":"instock","15":"taxable","16":"shipping-taxable","17":"purchasable","18":"product-type-variable"},"yoast_head":"<!-- This site is optimized with the Yoast SEO plugin v27.3 - https:\/\/yoast.com\/product\/yoast-seo-wordpress\/ -->\n<title>SILLA TAPIZADA NOVA. - Muebles de dise\u00f1o en Soluciones Contract<\/title>\n<meta name=\"description\" content=\"Compra SILLA TAPIZADA NOVA. online en nuestra tienda de muebles Contract. Encuentra el mejor MOBILIARIO DE DISE\u00d1O para Hotel, Hogar y uso comercial.\" \/>\n<meta name=\"robots\" content=\"index, follow, max-snippet:-1, max-image-preview:large, max-video-preview:-1\" \/>\n<link rel=\"canonical\" href=\"https:\/\/solucionescontract.com\/fr\/producto\/silla-tapizada-nova\/\" \/>\n<meta property=\"og:locale\" content=\"fr_FR\" \/>\n<meta property=\"og:type\" content=\"article\" \/>\n<meta property=\"og:title\" content=\"SILLA TAPIZADA NOVA. - Muebles de dise\u00f1o en Soluciones Contract\" \/>\n<meta property=\"og:description\" content=\"Compra SILLA TAPIZADA NOVA. online en nuestra tienda de muebles Contract. Encuentra el mejor MOBILIARIO DE DISE\u00d1O para Hotel, Hogar y uso comercial.\" \/>\n<meta property=\"og:url\" content=\"https:\/\/solucionescontract.com\/fr\/producto\/silla-tapizada-nova\/\" \/>\n<meta property=\"og:site_name\" content=\"Soluciones Contract\" \/>\n<meta property=\"article:publisher\" content=\"https:\/\/www.facebook.com\/solucionescontract\/\" \/>\n<meta property=\"article:modified_time\" content=\"2025-04-07T15:48:54+00:00\" \/>\n<meta property=\"og:image\" content=\"https:\/\/solucionescontract.com\/wp-content\/uploads\/2023\/09\/silla-nova-tapizada.jpg\" \/>\n\t<meta property=\"og:image:width\" content=\"737\" \/>\n\t<meta property=\"og:image:height\" content=\"737\" \/>\n\t<meta property=\"og:image:type\" content=\"image\/jpeg\" \/>\n<meta name=\"twitter:card\" content=\"summary_large_image\" \/>\n<meta name=\"twitter:label1\" content=\"Dur\u00e9e de lecture estim\u00e9e\" \/>\n\t<meta name=\"twitter:data1\" content=\"2 minutes\" \/>\n<script type=\"application\/ld+json\" class=\"yoast-schema-graph\">{\"@context\":\"https:\\\/\\\/schema.org\",\"@graph\":[{\"@type\":\"WebPage\",\"@id\":\"https:\\\/\\\/solucionescontract.com\\\/fr\\\/producto\\\/silla-tapizada-nova\\\/\",\"url\":\"https:\\\/\\\/solucionescontract.com\\\/fr\\\/producto\\\/silla-tapizada-nova\\\/\",\"name\":\"SILLA TAPIZADA NOVA. - Muebles de dise\u00f1o en Soluciones Contract\",\"isPartOf\":{\"@id\":\"https:\\\/\\\/solucionescontract.com\\\/#website\"},\"primaryImageOfPage\":{\"@id\":\"https:\\\/\\\/solucionescontract.com\\\/fr\\\/producto\\\/silla-tapizada-nova\\\/#primaryimage\"},\"image\":{\"@id\":\"https:\\\/\\\/solucionescontract.com\\\/fr\\\/producto\\\/silla-tapizada-nova\\\/#primaryimage\"},\"thumbnailUrl\":\"https:\\\/\\\/solucionescontract.com\\\/wp-content\\\/uploads\\\/2023\\\/09\\\/silla-nova-tapizada.jpg\",\"datePublished\":\"2023-09-22T07:47:04+00:00\",\"dateModified\":\"2025-04-07T15:48:54+00:00\",\"description\":\"Compra SILLA TAPIZADA NOVA. online en nuestra tienda de muebles Contract. Encuentra el mejor MOBILIARIO DE DISE\u00d1O para Hotel, Hogar y uso comercial.\",\"breadcrumb\":{\"@id\":\"https:\\\/\\\/solucionescontract.com\\\/fr\\\/producto\\\/silla-tapizada-nova\\\/#breadcrumb\"},\"inLanguage\":\"fr-FR\",\"potentialAction\":[{\"@type\":\"ReadAction\",\"target\":[\"https:\\\/\\\/solucionescontract.com\\\/fr\\\/producto\\\/silla-tapizada-nova\\\/\"]}]},{\"@type\":\"ImageObject\",\"inLanguage\":\"fr-FR\",\"@id\":\"https:\\\/\\\/solucionescontract.com\\\/fr\\\/producto\\\/silla-tapizada-nova\\\/#primaryimage\",\"url\":\"https:\\\/\\\/solucionescontract.com\\\/wp-content\\\/uploads\\\/2023\\\/09\\\/silla-nova-tapizada.jpg\",\"contentUrl\":\"https:\\\/\\\/solucionescontract.com\\\/wp-content\\\/uploads\\\/2023\\\/09\\\/silla-nova-tapizada.jpg\",\"width\":737,\"height\":737,\"caption\":\"silla_tapizada_nova_teja\"},{\"@type\":\"BreadcrumbList\",\"@id\":\"https:\\\/\\\/solucionescontract.com\\\/fr\\\/producto\\\/silla-tapizada-nova\\\/#breadcrumb\",\"itemListElement\":[{\"@type\":\"ListItem\",\"position\":1,\"name\":\"Inicio\",\"item\":\"https:\\\/\\\/solucionescontract.com\\\/\"},{\"@type\":\"ListItem\",\"position\":2,\"name\":\"Tienda mobiliario contract\",\"item\":\"https:\\\/\\\/solucionescontract.com\\\/tienda-mobiliario-contract\\\/\"},{\"@type\":\"ListItem\",\"position\":3,\"name\":\"Sillas Contract\",\"item\":\"https:\\\/\\\/solucionescontract.com\\\/categoria-producto\\\/asientos-para-contract\\\/sillas-contract\\\/\"},{\"@type\":\"ListItem\",\"position\":4,\"name\":\"SILLA TAPIZADA NOVA.\"}]},{\"@type\":\"WebSite\",\"@id\":\"https:\\\/\\\/solucionescontract.com\\\/#website\",\"url\":\"https:\\\/\\\/solucionescontract.com\\\/\",\"name\":\"Soluciones Contract\",\"description\":\"Venta Mobiliario contract de dise\u00f1o\",\"publisher\":{\"@id\":\"https:\\\/\\\/solucionescontract.com\\\/#organization\"},\"potentialAction\":[{\"@type\":\"SearchAction\",\"target\":{\"@type\":\"EntryPoint\",\"urlTemplate\":\"https:\\\/\\\/solucionescontract.com\\\/?s={search_term_string}\"},\"query-input\":{\"@type\":\"PropertyValueSpecification\",\"valueRequired\":true,\"valueName\":\"search_term_string\"}}],\"inLanguage\":\"fr-FR\"},{\"@type\":\"Organization\",\"@id\":\"https:\\\/\\\/solucionescontract.com\\\/#organization\",\"name\":\"Soluciones Contract\",\"url\":\"https:\\\/\\\/solucionescontract.com\\\/\",\"logo\":{\"@type\":\"ImageObject\",\"inLanguage\":\"fr-FR\",\"@id\":\"https:\\\/\\\/solucionescontract.com\\\/#\\\/schema\\\/logo\\\/image\\\/\",\"url\":\"https:\\\/\\\/solucionescontract.com\\\/wp-content\\\/uploads\\\/2020\\\/02\\\/logoSC.jpg\",\"contentUrl\":\"https:\\\/\\\/solucionescontract.com\\\/wp-content\\\/uploads\\\/2020\\\/02\\\/logoSC.jpg\",\"width\":300,\"height\":125,\"caption\":\"Soluciones Contract\"},\"image\":{\"@id\":\"https:\\\/\\\/solucionescontract.com\\\/#\\\/schema\\\/logo\\\/image\\\/\"},\"sameAs\":[\"https:\\\/\\\/www.facebook.com\\\/solucionescontract\\\/\"]}]}<\/script>\n<!-- \/ Yoast SEO plugin. -->","yoast_head_json":{"title":"SILLA TAPIZADA NOVA. - Muebles de dise\u00f1o en Soluciones Contract","description":"Compra SILLA TAPIZADA NOVA. online en nuestra tienda de muebles Contract. Encuentra el mejor MOBILIARIO DE DISE\u00d1O para Hotel, Hogar y uso comercial.","robots":{"index":"index","follow":"follow","max-snippet":"max-snippet:-1","max-image-preview":"max-image-preview:large","max-video-preview":"max-video-preview:-1"},"canonical":"https:\/\/solucionescontract.com\/fr\/producto\/silla-tapizada-nova\/","og_locale":"fr_FR","og_type":"article","og_title":"SILLA TAPIZADA NOVA. - Muebles de dise\u00f1o en Soluciones Contract","og_description":"Compra SILLA TAPIZADA NOVA. online en nuestra tienda de muebles Contract. Encuentra el mejor MOBILIARIO DE DISE\u00d1O para Hotel, Hogar y uso comercial.","og_url":"https:\/\/solucionescontract.com\/fr\/producto\/silla-tapizada-nova\/","og_site_name":"Soluciones Contract","article_publisher":"https:\/\/www.facebook.com\/solucionescontract\/","article_modified_time":"2025-04-07T15:48:54+00:00","og_image":[{"width":737,"height":737,"url":"https:\/\/solucionescontract.com\/wp-content\/uploads\/2023\/09\/silla-nova-tapizada.jpg","type":"image\/jpeg"}],"twitter_card":"summary_large_image","twitter_misc":{"Dur\u00e9e de lecture estim\u00e9e":"2 minutes"},"schema":{"@context":"https:\/\/schema.org","@graph":[{"@type":"WebPage","@id":"https:\/\/solucionescontract.com\/fr\/producto\/silla-tapizada-nova\/","url":"https:\/\/solucionescontract.com\/fr\/producto\/silla-tapizada-nova\/","name":"SILLA TAPIZADA NOVA. - Muebles de dise\u00f1o en Soluciones Contract","isPartOf":{"@id":"https:\/\/solucionescontract.com\/#website"},"primaryImageOfPage":{"@id":"https:\/\/solucionescontract.com\/fr\/producto\/silla-tapizada-nova\/#primaryimage"},"image":{"@id":"https:\/\/solucionescontract.com\/fr\/producto\/silla-tapizada-nova\/#primaryimage"},"thumbnailUrl":"https:\/\/solucionescontract.com\/wp-content\/uploads\/2023\/09\/silla-nova-tapizada.jpg","datePublished":"2023-09-22T07:47:04+00:00","dateModified":"2025-04-07T15:48:54+00:00","description":"Compra SILLA TAPIZADA NOVA. online en nuestra tienda de muebles Contract. Encuentra el mejor MOBILIARIO DE DISE\u00d1O para Hotel, Hogar y uso comercial.","breadcrumb":{"@id":"https:\/\/solucionescontract.com\/fr\/producto\/silla-tapizada-nova\/#breadcrumb"},"inLanguage":"fr-FR","potentialAction":[{"@type":"ReadAction","target":["https:\/\/solucionescontract.com\/fr\/producto\/silla-tapizada-nova\/"]}]},{"@type":"ImageObject","inLanguage":"fr-FR","@id":"https:\/\/solucionescontract.com\/fr\/producto\/silla-tapizada-nova\/#primaryimage","url":"https:\/\/solucionescontract.com\/wp-content\/uploads\/2023\/09\/silla-nova-tapizada.jpg","contentUrl":"https:\/\/solucionescontract.com\/wp-content\/uploads\/2023\/09\/silla-nova-tapizada.jpg","width":737,"height":737,"caption":"silla_tapizada_nova_teja"},{"@type":"BreadcrumbList","@id":"https:\/\/solucionescontract.com\/fr\/producto\/silla-tapizada-nova\/#breadcrumb","itemListElement":[{"@type":"ListItem","position":1,"name":"Inicio","item":"https:\/\/solucionescontract.com\/"},{"@type":"ListItem","position":2,"name":"Tienda mobiliario contract","item":"https:\/\/solucionescontract.com\/tienda-mobiliario-contract\/"},{"@type":"ListItem","position":3,"name":"Sillas Contract","item":"https:\/\/solucionescontract.com\/categoria-producto\/asientos-para-contract\/sillas-contract\/"},{"@type":"ListItem","position":4,"name":"SILLA TAPIZADA NOVA."}]},{"@type":"WebSite","@id":"https:\/\/solucionescontract.com\/#website","url":"https:\/\/solucionescontract.com\/","name":"Soluciones Contract","description":"Venta Mobiliario contract de dise\u00f1o","publisher":{"@id":"https:\/\/solucionescontract.com\/#organization"},"potentialAction":[{"@type":"SearchAction","target":{"@type":"EntryPoint","urlTemplate":"https:\/\/solucionescontract.com\/?s={search_term_string}"},"query-input":{"@type":"PropertyValueSpecification","valueRequired":true,"valueName":"search_term_string"}}],"inLanguage":"fr-FR"},{"@type":"Organization","@id":"https:\/\/solucionescontract.com\/#organization","name":"Soluciones Contract","url":"https:\/\/solucionescontract.com\/","logo":{"@type":"ImageObject","inLanguage":"fr-FR","@id":"https:\/\/solucionescontract.com\/#\/schema\/logo\/image\/","url":"https:\/\/solucionescontract.com\/wp-content\/uploads\/2020\/02\/logoSC.jpg","contentUrl":"https:\/\/solucionescontract.com\/wp-content\/uploads\/2020\/02\/logoSC.jpg","width":300,"height":125,"caption":"Soluciones Contract"},"image":{"@id":"https:\/\/solucionescontract.com\/#\/schema\/logo\/image\/"},"sameAs":["https:\/\/www.facebook.com\/solucionescontract\/"]}]}},"_links":{"self":[{"href":"https:\/\/solucionescontract.com\/fr\/wp-json\/wp\/v2\/product\/30610","targetHints":{"allow":["GET"]}}],"collection":[{"href":"https:\/\/solucionescontract.com\/fr\/wp-json\/wp\/v2\/product"}],"about":[{"href":"https:\/\/solucionescontract.com\/fr\/wp-json\/wp\/v2\/types\/product"}],"replies":[{"embeddable":true,"href":"https:\/\/solucionescontract.com\/fr\/wp-json\/wp\/v2\/comments?post=30610"}],"wp:featuredmedia":[{"embeddable":true,"href":"https:\/\/solucionescontract.com\/fr\/wp-json\/wp\/v2\/media\/30903"}],"wp:attachment":[{"href":"https:\/\/solucionescontract.com\/fr\/wp-json\/wp\/v2\/media?parent=30610"}],"wp:term":[{"taxonomy":"product_brand","embeddable":true,"href":"https:\/\/solucionescontract.com\/fr\/wp-json\/wp\/v2\/product_brand?post=30610"},{"taxonomy":"product_cat","embeddable":true,"href":"https:\/\/solucionescontract.com\/fr\/wp-json\/wp\/v2\/product_cat?post=30610"},{"taxonomy":"product_tag","embeddable":true,"href":"https:\/\/solucionescontract.com\/fr\/wp-json\/wp\/v2\/product_tag?post=30610"}],"curies":[{"name":"wp","href":"https:\/\/api.w.org\/{rel}","templated":true}]}}