{"id":30533,"date":"2023-11-07T14:26:19","date_gmt":"2023-11-07T13:26:19","guid":{"rendered":"https:\/\/www.solucionescontract.com\/?post_type=product&#038;p=30533"},"modified":"2025-04-07T16:50:37","modified_gmt":"2025-04-07T15:50:37","slug":"mesa-de-centro-madera-elevable-arco","status":"publish","type":"product","link":"https:\/\/solucionescontract.com\/fr\/producto\/mesa-de-centro-madera-elevable-arco\/","title":{"rendered":"MESA DE CENTRO ELEVABLE ARCO"},"content":{"rendered":"<p>Esta fant\u00e1stica <em><strong>mesa de centro elevable<\/strong> <\/em>pertenece a la colecci\u00f3n de <em><strong>ARCO<\/strong><\/em>, una colecci\u00f3n que destaca por la creaci\u00f3n de un\u00a0 original dise\u00f1o para las patas. Adem\u00e1s\u00a0 este modelo de mesa\u00a0 apuesta por la funcionalidad, creando un mesa de centro elevable que multiplica la posibilidad de usos del producto.<\/p>\n<p>Con encimera en chapa de madera\u00a0 presenta gran variedad de acabados. (A consultar <a href=\"https:\/\/solucionescontract.com\/producto\/acabados-pemi-maderas\/\">aqu\u00ed ).<\/a><\/p>\n<p>Medidas: tapa base 100&#215;50 cm elevable 110&#215;60 cm<\/p>\n<p><a href=\"https:\/\/solucionescontract.com\/wp-content\/uploads\/2023\/09\/Captura-de-pantalla-2023-09-20-065807.png\"><img decoding=\"async\" class=\" wd-lazy-fade alignnone wp-image-30534 \" src=\"https:\/\/solucionescontract.com\/wp-content\/themes\/woodmart\/images\/lazy.svg\" data-src=\"https:\/\/solucionescontract.com\/wp-content\/uploads\/2023\/09\/Captura-de-pantalla-2023-09-20-065807.png\" alt=\"\" width=\"179\" height=\"149\" srcset=\"\" data-srcset=\"https:\/\/solucionescontract.com\/wp-content\/uploads\/2023\/09\/Captura-de-pantalla-2023-09-20-065807.png 142w, https:\/\/solucionescontract.com\/wp-content\/uploads\/2023\/09\/Captura-de-pantalla-2023-09-20-065807-24x20.png 24w\" sizes=\"(max-width: 179px) 100vw, 179px\" \/><\/a><\/p>\n<p>*Tambi\u00e9n disponible en melamina. (Selecciona tu mesa en melamina y escoge su acabado\u00a0 <a href=\"https:\/\/solucionescontract.com\/producto\/acabados-melaminas-pemi\/\">aqu\u00ed\u00a0 ).<\/a><\/p>\n<p><em>\u00a0 \u00a0OBSERVACI\u00d3N: En las mesas de melamina, la subtapa ir\u00e1 siempre en blanco.<\/em><\/p>\n<p>&nbsp;<\/p>\n","protected":false},"excerpt":{"rendered":"<ul>\n<li>Mesa de centro con mecanismo\u00a0 elevable.<\/li>\n<li>Al igual que las dem\u00e1s mesas pertenecientes a la colecci\u00f3n Arco , se caracterizada por el original dise\u00f1o de sus patas<\/li>\n<li>Encimera con acabado en chapa de<em> madera de roble nudo<\/em>. Otros acabados seleccionar <a href=\"https:\/\/solucionescontract.com\/producto\/acabados-pemi-maderas\/\">aqu\u00ed<\/a><\/li>\n<li>Patas en <em>acabado Oxido<\/em><\/li>\n<li>Medidas: 110&#215;60 cm tapa elevable de los 47cm a 66cm de altura<\/li>\n<li>Fabricaci\u00f3n nacional<\/li>\n<li>Uso interior<\/li>\n<\/ul>\n<p>&nbsp;<\/p>\n<ul>\n<li>Selecciona tu mesa en melamina y escoge su acabado\u00a0 <a href=\"https:\/\/solucionescontract.com\/producto\/acabados-melaminas-pemi\/\">aqu\u00ed\u00a0 <\/a><\/li>\n<\/ul>\n<pre><\/pre>\n","protected":false},"featured_media":30564,"comment_status":"open","ping_status":"closed","template":"","meta":[],"product_brand":[],"product_cat":[1098,568],"product_tag":[1086,675,715],"class_list":{"0":"post-30533","1":"product","2":"type-product","3":"status-publish","4":"has-post-thumbnail","6":"product_cat-mesa-de-centro","7":"product_cat-tables-design","8":"product_tag-elevable","9":"product_tag-interior-en","10":"product_tag-mesa-auxiliar-en","11":"product_shipping_class-free","12":"yith_product_brand-pemi-en","14":"first","15":"instock","16":"taxable","17":"shipping-taxable","18":"purchasable","19":"product-type-variable"},"yoast_head":"<!-- This site is optimized with the Yoast SEO plugin v27.3 - https:\/\/yoast.com\/product\/yoast-seo-wordpress\/ -->\n<title>MESA DE CENTRO ELEVABLE ARCO - Muebles de dise\u00f1o en Soluciones Contract<\/title>\n<meta name=\"description\" content=\"Compra MESA DE CENTRO ELEVABLE ARCO online en nuestra tienda de muebles Contract. Encuentra el mejor MOBILIARIO DE DISE\u00d1O para Hotel, Hogar y uso comercial. Descubre las mejores marcas en nuestro cat\u00e1logo.\" \/>\n<meta name=\"robots\" content=\"index, follow, max-snippet:-1, max-image-preview:large, max-video-preview:-1\" \/>\n<link rel=\"canonical\" href=\"https:\/\/solucionescontract.com\/producto\/mesa-de-centro-madera-elevable-arco\/\" \/>\n<meta property=\"og:locale\" content=\"fr_FR\" \/>\n<meta property=\"og:type\" content=\"article\" \/>\n<meta property=\"og:title\" content=\"MESA DE CENTRO ELEVABLE ARCO - Muebles de dise\u00f1o en Soluciones Contract\" \/>\n<meta property=\"og:description\" content=\"Compra MESA DE CENTRO ELEVABLE ARCO online en nuestra tienda de muebles Contract. Encuentra el mejor MOBILIARIO DE DISE\u00d1O para Hotel, Hogar y uso comercial. Descubre las mejores marcas en nuestro cat\u00e1logo.\" \/>\n<meta property=\"og:url\" content=\"https:\/\/solucionescontract.com\/producto\/mesa-de-centro-madera-elevable-arco\/\" \/>\n<meta property=\"og:site_name\" content=\"Soluciones Contract\" \/>\n<meta property=\"article:publisher\" content=\"https:\/\/www.facebook.com\/solucionescontract\/\" \/>\n<meta property=\"article:modified_time\" content=\"2025-04-07T15:50:37+00:00\" \/>\n<meta property=\"og:image\" content=\"https:\/\/solucionescontract.com\/wp-content\/uploads\/2023\/09\/Mesa-auxiliar-Arco-0.jpg\" \/>\n\t<meta property=\"og:image:width\" content=\"1200\" \/>\n\t<meta property=\"og:image:height\" content=\"1200\" \/>\n\t<meta property=\"og:image:type\" content=\"image\/jpeg\" \/>\n<meta name=\"twitter:card\" content=\"summary_large_image\" \/>\n<meta name=\"twitter:label1\" content=\"Dur\u00e9e de lecture estim\u00e9e\" \/>\n\t<meta name=\"twitter:data1\" content=\"2 minutes\" \/>\n<script type=\"application\/ld+json\" class=\"yoast-schema-graph\">{\"@context\":\"https:\\\/\\\/schema.org\",\"@graph\":[{\"@type\":\"WebPage\",\"@id\":\"https:\\\/\\\/solucionescontract.com\\\/producto\\\/mesa-de-centro-madera-elevable-arco\\\/\",\"url\":\"https:\\\/\\\/solucionescontract.com\\\/producto\\\/mesa-de-centro-madera-elevable-arco\\\/\",\"name\":\"MESA DE CENTRO ELEVABLE ARCO - Muebles de dise\u00f1o en Soluciones Contract\",\"isPartOf\":{\"@id\":\"https:\\\/\\\/solucionescontract.com\\\/#website\"},\"primaryImageOfPage\":{\"@id\":\"https:\\\/\\\/solucionescontract.com\\\/producto\\\/mesa-de-centro-madera-elevable-arco\\\/#primaryimage\"},\"image\":{\"@id\":\"https:\\\/\\\/solucionescontract.com\\\/producto\\\/mesa-de-centro-madera-elevable-arco\\\/#primaryimage\"},\"thumbnailUrl\":\"https:\\\/\\\/solucionescontract.com\\\/wp-content\\\/uploads\\\/2023\\\/09\\\/Mesa-auxiliar-Arco-0.jpg\",\"datePublished\":\"2023-11-07T13:26:19+00:00\",\"dateModified\":\"2025-04-07T15:50:37+00:00\",\"description\":\"Compra MESA DE CENTRO ELEVABLE ARCO online en nuestra tienda de muebles Contract. Encuentra el mejor MOBILIARIO DE DISE\u00d1O para Hotel, Hogar y uso comercial. Descubre las mejores marcas en nuestro cat\u00e1logo.\",\"breadcrumb\":{\"@id\":\"https:\\\/\\\/solucionescontract.com\\\/producto\\\/mesa-de-centro-madera-elevable-arco\\\/#breadcrumb\"},\"inLanguage\":\"fr-FR\",\"potentialAction\":[{\"@type\":\"ReadAction\",\"target\":[\"https:\\\/\\\/solucionescontract.com\\\/producto\\\/mesa-de-centro-madera-elevable-arco\\\/\"]}]},{\"@type\":\"ImageObject\",\"inLanguage\":\"fr-FR\",\"@id\":\"https:\\\/\\\/solucionescontract.com\\\/producto\\\/mesa-de-centro-madera-elevable-arco\\\/#primaryimage\",\"url\":\"https:\\\/\\\/solucionescontract.com\\\/wp-content\\\/uploads\\\/2023\\\/09\\\/Mesa-auxiliar-Arco-0.jpg\",\"contentUrl\":\"https:\\\/\\\/solucionescontract.com\\\/wp-content\\\/uploads\\\/2023\\\/09\\\/Mesa-auxiliar-Arco-0.jpg\",\"width\":1200,\"height\":1200},{\"@type\":\"BreadcrumbList\",\"@id\":\"https:\\\/\\\/solucionescontract.com\\\/producto\\\/mesa-de-centro-madera-elevable-arco\\\/#breadcrumb\",\"itemListElement\":[{\"@type\":\"ListItem\",\"position\":1,\"name\":\"Inicio\",\"item\":\"https:\\\/\\\/solucionescontract.com\\\/\"},{\"@type\":\"ListItem\",\"position\":2,\"name\":\"Tienda mobiliario contract\",\"item\":\"https:\\\/\\\/solucionescontract.com\\\/tienda-mobiliario-contract\\\/\"},{\"@type\":\"ListItem\",\"position\":3,\"name\":\"Mesas de dise\u00f1o\",\"item\":\"https:\\\/\\\/solucionescontract.com\\\/categoria-producto\\\/mesas-de-diseno\\\/\"},{\"@type\":\"ListItem\",\"position\":4,\"name\":\"Mesa auxiliar\",\"item\":\"https:\\\/\\\/solucionescontract.com\\\/categoria-producto\\\/mesas-de-diseno\\\/mesa-auxiliar\\\/\"},{\"@type\":\"ListItem\",\"position\":5,\"name\":\"Mesa de centro\",\"item\":\"https:\\\/\\\/solucionescontract.com\\\/categoria-producto\\\/mesas-de-diseno\\\/mesa-auxiliar\\\/mesa-de-centro\\\/\"},{\"@type\":\"ListItem\",\"position\":6,\"name\":\"MESA DE CENTRO ELEVABLE ARCO\"}]},{\"@type\":\"WebSite\",\"@id\":\"https:\\\/\\\/solucionescontract.com\\\/#website\",\"url\":\"https:\\\/\\\/solucionescontract.com\\\/\",\"name\":\"Soluciones Contract\",\"description\":\"Venta Mobiliario contract de dise\u00f1o\",\"publisher\":{\"@id\":\"https:\\\/\\\/solucionescontract.com\\\/#organization\"},\"potentialAction\":[{\"@type\":\"SearchAction\",\"target\":{\"@type\":\"EntryPoint\",\"urlTemplate\":\"https:\\\/\\\/solucionescontract.com\\\/?s={search_term_string}\"},\"query-input\":{\"@type\":\"PropertyValueSpecification\",\"valueRequired\":true,\"valueName\":\"search_term_string\"}}],\"inLanguage\":\"fr-FR\"},{\"@type\":\"Organization\",\"@id\":\"https:\\\/\\\/solucionescontract.com\\\/#organization\",\"name\":\"Soluciones Contract\",\"url\":\"https:\\\/\\\/solucionescontract.com\\\/\",\"logo\":{\"@type\":\"ImageObject\",\"inLanguage\":\"fr-FR\",\"@id\":\"https:\\\/\\\/solucionescontract.com\\\/#\\\/schema\\\/logo\\\/image\\\/\",\"url\":\"https:\\\/\\\/solucionescontract.com\\\/wp-content\\\/uploads\\\/2020\\\/02\\\/logoSC.jpg\",\"contentUrl\":\"https:\\\/\\\/solucionescontract.com\\\/wp-content\\\/uploads\\\/2020\\\/02\\\/logoSC.jpg\",\"width\":300,\"height\":125,\"caption\":\"Soluciones Contract\"},\"image\":{\"@id\":\"https:\\\/\\\/solucionescontract.com\\\/#\\\/schema\\\/logo\\\/image\\\/\"},\"sameAs\":[\"https:\\\/\\\/www.facebook.com\\\/solucionescontract\\\/\"]}]}<\/script>\n<!-- \/ Yoast SEO plugin. -->","yoast_head_json":{"title":"MESA DE CENTRO ELEVABLE ARCO - Muebles de dise\u00f1o en Soluciones Contract","description":"Compra MESA DE CENTRO ELEVABLE ARCO online en nuestra tienda de muebles Contract. Encuentra el mejor MOBILIARIO DE DISE\u00d1O para Hotel, Hogar y uso comercial. Descubre las mejores marcas en nuestro cat\u00e1logo.","robots":{"index":"index","follow":"follow","max-snippet":"max-snippet:-1","max-image-preview":"max-image-preview:large","max-video-preview":"max-video-preview:-1"},"canonical":"https:\/\/solucionescontract.com\/producto\/mesa-de-centro-madera-elevable-arco\/","og_locale":"fr_FR","og_type":"article","og_title":"MESA DE CENTRO ELEVABLE ARCO - Muebles de dise\u00f1o en Soluciones Contract","og_description":"Compra MESA DE CENTRO ELEVABLE ARCO online en nuestra tienda de muebles Contract. Encuentra el mejor MOBILIARIO DE DISE\u00d1O para Hotel, Hogar y uso comercial. Descubre las mejores marcas en nuestro cat\u00e1logo.","og_url":"https:\/\/solucionescontract.com\/producto\/mesa-de-centro-madera-elevable-arco\/","og_site_name":"Soluciones Contract","article_publisher":"https:\/\/www.facebook.com\/solucionescontract\/","article_modified_time":"2025-04-07T15:50:37+00:00","og_image":[{"width":1200,"height":1200,"url":"https:\/\/solucionescontract.com\/wp-content\/uploads\/2023\/09\/Mesa-auxiliar-Arco-0.jpg","type":"image\/jpeg"}],"twitter_card":"summary_large_image","twitter_misc":{"Dur\u00e9e de lecture estim\u00e9e":"2 minutes"},"schema":{"@context":"https:\/\/schema.org","@graph":[{"@type":"WebPage","@id":"https:\/\/solucionescontract.com\/producto\/mesa-de-centro-madera-elevable-arco\/","url":"https:\/\/solucionescontract.com\/producto\/mesa-de-centro-madera-elevable-arco\/","name":"MESA DE CENTRO ELEVABLE ARCO - Muebles de dise\u00f1o en Soluciones Contract","isPartOf":{"@id":"https:\/\/solucionescontract.com\/#website"},"primaryImageOfPage":{"@id":"https:\/\/solucionescontract.com\/producto\/mesa-de-centro-madera-elevable-arco\/#primaryimage"},"image":{"@id":"https:\/\/solucionescontract.com\/producto\/mesa-de-centro-madera-elevable-arco\/#primaryimage"},"thumbnailUrl":"https:\/\/solucionescontract.com\/wp-content\/uploads\/2023\/09\/Mesa-auxiliar-Arco-0.jpg","datePublished":"2023-11-07T13:26:19+00:00","dateModified":"2025-04-07T15:50:37+00:00","description":"Compra MESA DE CENTRO ELEVABLE ARCO online en nuestra tienda de muebles Contract. Encuentra el mejor MOBILIARIO DE DISE\u00d1O para Hotel, Hogar y uso comercial. Descubre las mejores marcas en nuestro cat\u00e1logo.","breadcrumb":{"@id":"https:\/\/solucionescontract.com\/producto\/mesa-de-centro-madera-elevable-arco\/#breadcrumb"},"inLanguage":"fr-FR","potentialAction":[{"@type":"ReadAction","target":["https:\/\/solucionescontract.com\/producto\/mesa-de-centro-madera-elevable-arco\/"]}]},{"@type":"ImageObject","inLanguage":"fr-FR","@id":"https:\/\/solucionescontract.com\/producto\/mesa-de-centro-madera-elevable-arco\/#primaryimage","url":"https:\/\/solucionescontract.com\/wp-content\/uploads\/2023\/09\/Mesa-auxiliar-Arco-0.jpg","contentUrl":"https:\/\/solucionescontract.com\/wp-content\/uploads\/2023\/09\/Mesa-auxiliar-Arco-0.jpg","width":1200,"height":1200},{"@type":"BreadcrumbList","@id":"https:\/\/solucionescontract.com\/producto\/mesa-de-centro-madera-elevable-arco\/#breadcrumb","itemListElement":[{"@type":"ListItem","position":1,"name":"Inicio","item":"https:\/\/solucionescontract.com\/"},{"@type":"ListItem","position":2,"name":"Tienda mobiliario contract","item":"https:\/\/solucionescontract.com\/tienda-mobiliario-contract\/"},{"@type":"ListItem","position":3,"name":"Mesas de dise\u00f1o","item":"https:\/\/solucionescontract.com\/categoria-producto\/mesas-de-diseno\/"},{"@type":"ListItem","position":4,"name":"Mesa auxiliar","item":"https:\/\/solucionescontract.com\/categoria-producto\/mesas-de-diseno\/mesa-auxiliar\/"},{"@type":"ListItem","position":5,"name":"Mesa de centro","item":"https:\/\/solucionescontract.com\/categoria-producto\/mesas-de-diseno\/mesa-auxiliar\/mesa-de-centro\/"},{"@type":"ListItem","position":6,"name":"MESA DE CENTRO ELEVABLE ARCO"}]},{"@type":"WebSite","@id":"https:\/\/solucionescontract.com\/#website","url":"https:\/\/solucionescontract.com\/","name":"Soluciones Contract","description":"Venta Mobiliario contract de dise\u00f1o","publisher":{"@id":"https:\/\/solucionescontract.com\/#organization"},"potentialAction":[{"@type":"SearchAction","target":{"@type":"EntryPoint","urlTemplate":"https:\/\/solucionescontract.com\/?s={search_term_string}"},"query-input":{"@type":"PropertyValueSpecification","valueRequired":true,"valueName":"search_term_string"}}],"inLanguage":"fr-FR"},{"@type":"Organization","@id":"https:\/\/solucionescontract.com\/#organization","name":"Soluciones Contract","url":"https:\/\/solucionescontract.com\/","logo":{"@type":"ImageObject","inLanguage":"fr-FR","@id":"https:\/\/solucionescontract.com\/#\/schema\/logo\/image\/","url":"https:\/\/solucionescontract.com\/wp-content\/uploads\/2020\/02\/logoSC.jpg","contentUrl":"https:\/\/solucionescontract.com\/wp-content\/uploads\/2020\/02\/logoSC.jpg","width":300,"height":125,"caption":"Soluciones Contract"},"image":{"@id":"https:\/\/solucionescontract.com\/#\/schema\/logo\/image\/"},"sameAs":["https:\/\/www.facebook.com\/solucionescontract\/"]}]}},"_links":{"self":[{"href":"https:\/\/solucionescontract.com\/fr\/wp-json\/wp\/v2\/product\/30533","targetHints":{"allow":["GET"]}}],"collection":[{"href":"https:\/\/solucionescontract.com\/fr\/wp-json\/wp\/v2\/product"}],"about":[{"href":"https:\/\/solucionescontract.com\/fr\/wp-json\/wp\/v2\/types\/product"}],"replies":[{"embeddable":true,"href":"https:\/\/solucionescontract.com\/fr\/wp-json\/wp\/v2\/comments?post=30533"}],"wp:featuredmedia":[{"embeddable":true,"href":"https:\/\/solucionescontract.com\/fr\/wp-json\/wp\/v2\/media\/30564"}],"wp:attachment":[{"href":"https:\/\/solucionescontract.com\/fr\/wp-json\/wp\/v2\/media?parent=30533"}],"wp:term":[{"taxonomy":"product_brand","embeddable":true,"href":"https:\/\/solucionescontract.com\/fr\/wp-json\/wp\/v2\/product_brand?post=30533"},{"taxonomy":"product_cat","embeddable":true,"href":"https:\/\/solucionescontract.com\/fr\/wp-json\/wp\/v2\/product_cat?post=30533"},{"taxonomy":"product_tag","embeddable":true,"href":"https:\/\/solucionescontract.com\/fr\/wp-json\/wp\/v2\/product_tag?post=30533"}],"curies":[{"name":"wp","href":"https:\/\/api.w.org\/{rel}","templated":true}]}}