{"id":30146,"date":"2023-09-04T17:27:23","date_gmt":"2023-09-04T16:27:23","guid":{"rendered":"https:\/\/www.solucionescontract.com\/?post_type=product&#038;p=30146"},"modified":"2025-04-07T16:46:30","modified_gmt":"2025-04-07T15:46:30","slug":"mesa-madera-zahori-redonda","status":"publish","type":"product","link":"https:\/\/solucionescontract.com\/fr\/producto\/mesa-madera-zahori-redonda\/","title":{"rendered":"MESA MADERA ZAHORI REDONDA"},"content":{"rendered":"<p>Mesa de original <em><strong>dise\u00f1o DE NUESTRA COLECCI\u00d3N ZAHOR\u00cd<\/strong><\/em>\u00a0que podr\u00e1s incluir en el mobiliario de tu sal\u00f3n, comedor, cocina&#8230; en cualquier estancia ya sea de uso contract como para el hogar. Mesa de <strong>exclusivo dise\u00f1o<\/strong> gracias a la forma de sus patas, que a trav\u00e9s de sus formas curvas en ascenso aligeran el volumen y dan un aspecto innovador a la pieza .<\/p>\n<p>En cuanto a materiales, la encimera presenta una chapa en madera natural y las patas son met\u00e1licas.<\/p>\n<p>La tapa presenta un grosor de 22mm.<\/p>\n<pre><strong>\u00bfTe gustaron nuestras sillas? Pincha <a href=\"https:\/\/solucionescontract.com\/?post_type=product&amp;p=30631&amp;preview=true\">AQUI.<\/a><\/strong><\/pre>\n<p>Tanto la encimera como las patas presentan una amplia variedad de acabados que te mostramos pinchando en los siguientes enlaces:<\/p>\n<p>Otros acabados para la encimera pincha<span style=\"color: #000080;\"><a style=\"color: #000080;\" href=\"https:\/\/solucionescontract.com\/producto\/acabados-pemi-maderas\/\"><strong><em> aqu\u00ed<\/em><\/strong><\/a><\/span><\/p>\n<p>Otros acabado para patas met\u00e1licas a <a href=\"https:\/\/solucionescontract.com\/producto\/colores-metalicos-para-patas\/\">elegir.<\/a><\/p>\n<p>Medidas: 100\u00a0 y 120 y 140cm.<\/p>\n<h3><strong>Otras opciones:<\/strong><\/h3>\n<ul>\n<li>Si tienes preferencia por una mesa rectangular. Pincha \u00a0<strong><a href=\"https:\/\/solucionescontract.com\/producto\/mesa-zahori-rectangular-extensible\/\">aqu\u00ed.<\/a><\/strong><\/li>\n<\/ul>\n<p>&nbsp;<\/p>\n<p>&nbsp;<\/p>\n<p>&nbsp;<\/p>\n<p>&nbsp;<\/p>\n","protected":false},"excerpt":{"rendered":"<ul>\n<li style=\"text-align: justify;\">Mesa redonda fija con encimera en chapa de madera natural y patas met\u00e1licas con exclusivo dise\u00f1o.<\/li>\n<li>Tapa acabado madera de roble natural pulimentado.<\/li>\n<li>2 medidas disponibles: 100 ,120\u00a0 y 140cm de di\u00e1metro.<\/li>\n<li>Uso interior.<\/li>\n<li>Fabricaci\u00f3n nacional.<\/li>\n<\/ul>\n<p>&nbsp;<\/p>\n<ul>\n<li><strong><em>Foto: Chapa roble natural\u00a0 nudoso\u00a0 y patas met\u00e1licas antracita.<\/em><\/strong><\/li>\n<\/ul>\n<ul>\n<li><a href=\"https:\/\/solucionescontract.com\/producto\/acabados-pemi-maderas\/\" target=\"_blank\" rel=\"noopener noreferrer\"><strong>Otros acabados consultar<\/strong><\/a><br \/>\n<h4><\/h4>\n<\/li>\n<\/ul>\n","protected":false},"featured_media":30450,"comment_status":"open","ping_status":"closed","template":"","meta":[],"product_brand":[],"product_cat":[361,72],"product_tag":[52,412],"class_list":{"0":"post-30146","1":"product","2":"type-product","3":"status-publish","4":"has-post-thumbnail","6":"product_cat-mesa-comedor","7":"product_cat-mesas-de-diseno","8":"product_tag-interior","9":"product_tag-mesa-de-madera","10":"product_shipping_class-envio-gratuito","11":"yith_product_brand-pemi","13":"first","14":"instock","15":"taxable","16":"shipping-taxable","17":"purchasable","18":"product-type-variable"},"yoast_head":"<!-- This site is optimized with the Yoast SEO plugin v27.3 - https:\/\/yoast.com\/product\/yoast-seo-wordpress\/ -->\n<title>MESA MADERA ZAHORI REDONDA - Muebles de dise\u00f1o en Soluciones Contract<\/title>\n<meta name=\"description\" content=\"Compra MESA MADERA ZAHORI REDONDA online en nuestra tienda de muebles Contract. Encuentra el mejor MOBILIARIO DE DISE\u00d1O para Hotel, Hogar y uso comercial. Descubre las mejores marcas en nuestro cat\u00e1logo.\" \/>\n<meta name=\"robots\" content=\"index, follow, max-snippet:-1, max-image-preview:large, max-video-preview:-1\" \/>\n<link rel=\"canonical\" href=\"https:\/\/solucionescontract.com\/producto\/mesa-madera-zahori-redonda\/\" \/>\n<meta property=\"og:locale\" content=\"fr_FR\" \/>\n<meta property=\"og:type\" content=\"article\" \/>\n<meta property=\"og:title\" content=\"MESA MADERA ZAHORI REDONDA - Muebles de dise\u00f1o en Soluciones Contract\" \/>\n<meta property=\"og:description\" content=\"Compra MESA MADERA ZAHORI REDONDA online en nuestra tienda de muebles Contract. Encuentra el mejor MOBILIARIO DE DISE\u00d1O para Hotel, Hogar y uso comercial. Descubre las mejores marcas en nuestro cat\u00e1logo.\" \/>\n<meta property=\"og:url\" content=\"https:\/\/solucionescontract.com\/producto\/mesa-madera-zahori-redonda\/\" \/>\n<meta property=\"og:site_name\" content=\"Soluciones Contract\" \/>\n<meta property=\"article:publisher\" content=\"https:\/\/www.facebook.com\/solucionescontract\/\" \/>\n<meta property=\"article:modified_time\" content=\"2025-04-07T15:46:30+00:00\" \/>\n<meta property=\"og:image\" content=\"https:\/\/solucionescontract.com\/wp-content\/uploads\/2023\/09\/mesa-Zahori.jpg\" \/>\n\t<meta property=\"og:image:width\" content=\"600\" \/>\n\t<meta property=\"og:image:height\" content=\"600\" \/>\n\t<meta property=\"og:image:type\" content=\"image\/jpeg\" \/>\n<meta name=\"twitter:card\" content=\"summary_large_image\" \/>\n<meta name=\"twitter:label1\" content=\"Dur\u00e9e de lecture estim\u00e9e\" \/>\n\t<meta name=\"twitter:data1\" content=\"1 minute\" \/>\n<script type=\"application\/ld+json\" class=\"yoast-schema-graph\">{\"@context\":\"https:\\\/\\\/schema.org\",\"@graph\":[{\"@type\":\"WebPage\",\"@id\":\"https:\\\/\\\/solucionescontract.com\\\/producto\\\/mesa-madera-zahori-redonda\\\/\",\"url\":\"https:\\\/\\\/solucionescontract.com\\\/producto\\\/mesa-madera-zahori-redonda\\\/\",\"name\":\"MESA MADERA ZAHORI REDONDA - Muebles de dise\u00f1o en Soluciones Contract\",\"isPartOf\":{\"@id\":\"https:\\\/\\\/solucionescontract.com\\\/#website\"},\"primaryImageOfPage\":{\"@id\":\"https:\\\/\\\/solucionescontract.com\\\/producto\\\/mesa-madera-zahori-redonda\\\/#primaryimage\"},\"image\":{\"@id\":\"https:\\\/\\\/solucionescontract.com\\\/producto\\\/mesa-madera-zahori-redonda\\\/#primaryimage\"},\"thumbnailUrl\":\"https:\\\/\\\/solucionescontract.com\\\/wp-content\\\/uploads\\\/2023\\\/09\\\/mesa-Zahori.jpg\",\"datePublished\":\"2023-09-04T16:27:23+00:00\",\"dateModified\":\"2025-04-07T15:46:30+00:00\",\"description\":\"Compra MESA MADERA ZAHORI REDONDA online en nuestra tienda de muebles Contract. Encuentra el mejor MOBILIARIO DE DISE\u00d1O para Hotel, Hogar y uso comercial. Descubre las mejores marcas en nuestro cat\u00e1logo.\",\"breadcrumb\":{\"@id\":\"https:\\\/\\\/solucionescontract.com\\\/producto\\\/mesa-madera-zahori-redonda\\\/#breadcrumb\"},\"inLanguage\":\"fr-FR\",\"potentialAction\":[{\"@type\":\"ReadAction\",\"target\":[\"https:\\\/\\\/solucionescontract.com\\\/producto\\\/mesa-madera-zahori-redonda\\\/\"]}]},{\"@type\":\"ImageObject\",\"inLanguage\":\"fr-FR\",\"@id\":\"https:\\\/\\\/solucionescontract.com\\\/producto\\\/mesa-madera-zahori-redonda\\\/#primaryimage\",\"url\":\"https:\\\/\\\/solucionescontract.com\\\/wp-content\\\/uploads\\\/2023\\\/09\\\/mesa-Zahori.jpg\",\"contentUrl\":\"https:\\\/\\\/solucionescontract.com\\\/wp-content\\\/uploads\\\/2023\\\/09\\\/mesa-Zahori.jpg\",\"width\":600,\"height\":600},{\"@type\":\"BreadcrumbList\",\"@id\":\"https:\\\/\\\/solucionescontract.com\\\/producto\\\/mesa-madera-zahori-redonda\\\/#breadcrumb\",\"itemListElement\":[{\"@type\":\"ListItem\",\"position\":1,\"name\":\"Inicio\",\"item\":\"https:\\\/\\\/solucionescontract.com\\\/\"},{\"@type\":\"ListItem\",\"position\":2,\"name\":\"Tienda mobiliario contract\",\"item\":\"https:\\\/\\\/solucionescontract.com\\\/tienda-mobiliario-contract\\\/\"},{\"@type\":\"ListItem\",\"position\":3,\"name\":\"Mesas de dise\u00f1o\",\"item\":\"https:\\\/\\\/solucionescontract.com\\\/categoria-producto\\\/mesas-de-diseno\\\/\"},{\"@type\":\"ListItem\",\"position\":4,\"name\":\"MESA MADERA ZAHORI REDONDA\"}]},{\"@type\":\"WebSite\",\"@id\":\"https:\\\/\\\/solucionescontract.com\\\/#website\",\"url\":\"https:\\\/\\\/solucionescontract.com\\\/\",\"name\":\"Soluciones Contract\",\"description\":\"Venta Mobiliario contract de dise\u00f1o\",\"publisher\":{\"@id\":\"https:\\\/\\\/solucionescontract.com\\\/#organization\"},\"potentialAction\":[{\"@type\":\"SearchAction\",\"target\":{\"@type\":\"EntryPoint\",\"urlTemplate\":\"https:\\\/\\\/solucionescontract.com\\\/?s={search_term_string}\"},\"query-input\":{\"@type\":\"PropertyValueSpecification\",\"valueRequired\":true,\"valueName\":\"search_term_string\"}}],\"inLanguage\":\"fr-FR\"},{\"@type\":\"Organization\",\"@id\":\"https:\\\/\\\/solucionescontract.com\\\/#organization\",\"name\":\"Soluciones Contract\",\"url\":\"https:\\\/\\\/solucionescontract.com\\\/\",\"logo\":{\"@type\":\"ImageObject\",\"inLanguage\":\"fr-FR\",\"@id\":\"https:\\\/\\\/solucionescontract.com\\\/#\\\/schema\\\/logo\\\/image\\\/\",\"url\":\"https:\\\/\\\/solucionescontract.com\\\/wp-content\\\/uploads\\\/2020\\\/02\\\/logoSC.jpg\",\"contentUrl\":\"https:\\\/\\\/solucionescontract.com\\\/wp-content\\\/uploads\\\/2020\\\/02\\\/logoSC.jpg\",\"width\":300,\"height\":125,\"caption\":\"Soluciones Contract\"},\"image\":{\"@id\":\"https:\\\/\\\/solucionescontract.com\\\/#\\\/schema\\\/logo\\\/image\\\/\"},\"sameAs\":[\"https:\\\/\\\/www.facebook.com\\\/solucionescontract\\\/\"]}]}<\/script>\n<!-- \/ Yoast SEO plugin. -->","yoast_head_json":{"title":"MESA MADERA ZAHORI REDONDA - Muebles de dise\u00f1o en Soluciones Contract","description":"Compra MESA MADERA ZAHORI REDONDA online en nuestra tienda de muebles Contract. Encuentra el mejor MOBILIARIO DE DISE\u00d1O para Hotel, Hogar y uso comercial. Descubre las mejores marcas en nuestro cat\u00e1logo.","robots":{"index":"index","follow":"follow","max-snippet":"max-snippet:-1","max-image-preview":"max-image-preview:large","max-video-preview":"max-video-preview:-1"},"canonical":"https:\/\/solucionescontract.com\/producto\/mesa-madera-zahori-redonda\/","og_locale":"fr_FR","og_type":"article","og_title":"MESA MADERA ZAHORI REDONDA - Muebles de dise\u00f1o en Soluciones Contract","og_description":"Compra MESA MADERA ZAHORI REDONDA online en nuestra tienda de muebles Contract. Encuentra el mejor MOBILIARIO DE DISE\u00d1O para Hotel, Hogar y uso comercial. Descubre las mejores marcas en nuestro cat\u00e1logo.","og_url":"https:\/\/solucionescontract.com\/producto\/mesa-madera-zahori-redonda\/","og_site_name":"Soluciones Contract","article_publisher":"https:\/\/www.facebook.com\/solucionescontract\/","article_modified_time":"2025-04-07T15:46:30+00:00","og_image":[{"width":600,"height":600,"url":"https:\/\/solucionescontract.com\/wp-content\/uploads\/2023\/09\/mesa-Zahori.jpg","type":"image\/jpeg"}],"twitter_card":"summary_large_image","twitter_misc":{"Dur\u00e9e de lecture estim\u00e9e":"1 minute"},"schema":{"@context":"https:\/\/schema.org","@graph":[{"@type":"WebPage","@id":"https:\/\/solucionescontract.com\/producto\/mesa-madera-zahori-redonda\/","url":"https:\/\/solucionescontract.com\/producto\/mesa-madera-zahori-redonda\/","name":"MESA MADERA ZAHORI REDONDA - Muebles de dise\u00f1o en Soluciones Contract","isPartOf":{"@id":"https:\/\/solucionescontract.com\/#website"},"primaryImageOfPage":{"@id":"https:\/\/solucionescontract.com\/producto\/mesa-madera-zahori-redonda\/#primaryimage"},"image":{"@id":"https:\/\/solucionescontract.com\/producto\/mesa-madera-zahori-redonda\/#primaryimage"},"thumbnailUrl":"https:\/\/solucionescontract.com\/wp-content\/uploads\/2023\/09\/mesa-Zahori.jpg","datePublished":"2023-09-04T16:27:23+00:00","dateModified":"2025-04-07T15:46:30+00:00","description":"Compra MESA MADERA ZAHORI REDONDA online en nuestra tienda de muebles Contract. Encuentra el mejor MOBILIARIO DE DISE\u00d1O para Hotel, Hogar y uso comercial. Descubre las mejores marcas en nuestro cat\u00e1logo.","breadcrumb":{"@id":"https:\/\/solucionescontract.com\/producto\/mesa-madera-zahori-redonda\/#breadcrumb"},"inLanguage":"fr-FR","potentialAction":[{"@type":"ReadAction","target":["https:\/\/solucionescontract.com\/producto\/mesa-madera-zahori-redonda\/"]}]},{"@type":"ImageObject","inLanguage":"fr-FR","@id":"https:\/\/solucionescontract.com\/producto\/mesa-madera-zahori-redonda\/#primaryimage","url":"https:\/\/solucionescontract.com\/wp-content\/uploads\/2023\/09\/mesa-Zahori.jpg","contentUrl":"https:\/\/solucionescontract.com\/wp-content\/uploads\/2023\/09\/mesa-Zahori.jpg","width":600,"height":600},{"@type":"BreadcrumbList","@id":"https:\/\/solucionescontract.com\/producto\/mesa-madera-zahori-redonda\/#breadcrumb","itemListElement":[{"@type":"ListItem","position":1,"name":"Inicio","item":"https:\/\/solucionescontract.com\/"},{"@type":"ListItem","position":2,"name":"Tienda mobiliario contract","item":"https:\/\/solucionescontract.com\/tienda-mobiliario-contract\/"},{"@type":"ListItem","position":3,"name":"Mesas de dise\u00f1o","item":"https:\/\/solucionescontract.com\/categoria-producto\/mesas-de-diseno\/"},{"@type":"ListItem","position":4,"name":"MESA MADERA ZAHORI REDONDA"}]},{"@type":"WebSite","@id":"https:\/\/solucionescontract.com\/#website","url":"https:\/\/solucionescontract.com\/","name":"Soluciones Contract","description":"Venta Mobiliario contract de dise\u00f1o","publisher":{"@id":"https:\/\/solucionescontract.com\/#organization"},"potentialAction":[{"@type":"SearchAction","target":{"@type":"EntryPoint","urlTemplate":"https:\/\/solucionescontract.com\/?s={search_term_string}"},"query-input":{"@type":"PropertyValueSpecification","valueRequired":true,"valueName":"search_term_string"}}],"inLanguage":"fr-FR"},{"@type":"Organization","@id":"https:\/\/solucionescontract.com\/#organization","name":"Soluciones Contract","url":"https:\/\/solucionescontract.com\/","logo":{"@type":"ImageObject","inLanguage":"fr-FR","@id":"https:\/\/solucionescontract.com\/#\/schema\/logo\/image\/","url":"https:\/\/solucionescontract.com\/wp-content\/uploads\/2020\/02\/logoSC.jpg","contentUrl":"https:\/\/solucionescontract.com\/wp-content\/uploads\/2020\/02\/logoSC.jpg","width":300,"height":125,"caption":"Soluciones Contract"},"image":{"@id":"https:\/\/solucionescontract.com\/#\/schema\/logo\/image\/"},"sameAs":["https:\/\/www.facebook.com\/solucionescontract\/"]}]}},"_links":{"self":[{"href":"https:\/\/solucionescontract.com\/fr\/wp-json\/wp\/v2\/product\/30146","targetHints":{"allow":["GET"]}}],"collection":[{"href":"https:\/\/solucionescontract.com\/fr\/wp-json\/wp\/v2\/product"}],"about":[{"href":"https:\/\/solucionescontract.com\/fr\/wp-json\/wp\/v2\/types\/product"}],"replies":[{"embeddable":true,"href":"https:\/\/solucionescontract.com\/fr\/wp-json\/wp\/v2\/comments?post=30146"}],"wp:featuredmedia":[{"embeddable":true,"href":"https:\/\/solucionescontract.com\/fr\/wp-json\/wp\/v2\/media\/30450"}],"wp:attachment":[{"href":"https:\/\/solucionescontract.com\/fr\/wp-json\/wp\/v2\/media?parent=30146"}],"wp:term":[{"taxonomy":"product_brand","embeddable":true,"href":"https:\/\/solucionescontract.com\/fr\/wp-json\/wp\/v2\/product_brand?post=30146"},{"taxonomy":"product_cat","embeddable":true,"href":"https:\/\/solucionescontract.com\/fr\/wp-json\/wp\/v2\/product_cat?post=30146"},{"taxonomy":"product_tag","embeddable":true,"href":"https:\/\/solucionescontract.com\/fr\/wp-json\/wp\/v2\/product_tag?post=30146"}],"curies":[{"name":"wp","href":"https:\/\/api.w.org\/{rel}","templated":true}]}}