{"id":30135,"date":"2023-09-04T16:19:56","date_gmt":"2023-09-04T15:19:56","guid":{"rendered":"https:\/\/www.solucionescontract.com\/?post_type=product&#038;p=30135"},"modified":"2025-04-07T16:45:57","modified_gmt":"2025-04-07T15:45:57","slug":"mesa-zahori-redonda-extensible","status":"publish","type":"product","link":"https:\/\/solucionescontract.com\/fr\/producto\/mesa-zahori-redonda-extensible\/","title":{"rendered":"MESA ZAHORI REDONDA EXTENSIBLE."},"content":{"rendered":"<p>Mesa de original <em><strong>dise\u00f1o DE NUESTRA COLECCI\u00d3N ZAHOR\u00cd<\/strong><\/em>\u00a0que podr\u00e1s incluir en el mobiliario de tu sal\u00f3n, comedor, cocina&#8230; en cualquier estancia ya sea de uso contract como para el hogar. Mesa de <strong>exclusivo dise\u00f1o<\/strong> gracias a la forma de sus patas, que a trav\u00e9s de sus formas curvas en ascenso aligeran el volumen y dan un aspecto innovador a la pieza .<\/p>\n<p>En cuanto a materiales, la mesa est\u00e1 compuesta por una encimera de melamina y 4 patas met\u00e1licas con diferentes acabados\u00a0 a <a href=\"https:\/\/solucionescontract.com\/producto\/colores-metalicos-para-patas\/\">elegir.<\/a><\/p>\n<p>Medida: 110 cm llegando a 180 cm cuando se abre.<\/p>\n<p>Extensible mediante un <em><b>sistema de apertura con gu\u00edas sincronizadas.<\/b><\/em><\/p>\n<p>La versi\u00f3n extensible presenta una tapa de 22 mm de grosor.<\/p>\n<p>Otras opciones:<\/p>\n<ul>\n<li>Si tienes preferencia por una mesa rectangular. Pincha \u00a0<strong><a href=\"https:\/\/solucionescontract.com\/producto\/mesa-zahori-rectangular-extensible\/\">aqu\u00ed.<\/a><\/strong><\/li>\n<\/ul>\n<p>&nbsp;<\/p>\n<p>&nbsp;<\/p>\n<p>&nbsp;<\/p>\n<p>&nbsp;<\/p>\n","protected":false},"excerpt":{"rendered":"<ul>\n<li style=\"text-align: justify;\">Mesa circular extensible para todo tipo de usos.<\/li>\n<li>Se caracteriza por el maravilloso dise\u00f1o de sus patas.<\/li>\n<li>Sobre en chapa de melamina.<\/li>\n<li>Presenta un di\u00e1metro de 110 cm extensible a\u00a0 180 cm.Extensi\u00f3n de 70 cm (con f\u00e1cil apertura).<\/li>\n<li>Uso interior.<\/li>\n<li>Fabricaci\u00f3n nacional<\/li>\n<\/ul>\n<p>&nbsp;<\/p>\n<ul>\n<li><em><strong>Foto:\u00a0 Encimera acabado en melamina Kendal pata color negro.<\/strong><\/em><\/li>\n<li>Otros acabados consultar <a href=\"https:\/\/solucionescontract.com\/producto\/acabados-melaminas-pemi\/\"><strong><em><span style=\"font-size: 14pt;\">aqu\u00ed,<\/span><\/em><\/strong><\/a>\u00a0 y a\u00f1\u00e1delo a tu carrito de compra.<\/li>\n<\/ul>\n<p>&nbsp;<\/p>\n","protected":false},"featured_media":30140,"comment_status":"open","ping_status":"closed","template":"","meta":[],"product_brand":[],"product_cat":[361,72],"product_tag":[309,52,412],"class_list":{"0":"post-30135","1":"product","2":"type-product","3":"status-publish","4":"has-post-thumbnail","6":"product_cat-mesa-comedor","7":"product_cat-mesas-de-diseno","8":"product_tag-mesas-comedor-extensibles","9":"product_tag-interior","10":"product_tag-mesa-de-madera","11":"product_shipping_class-envio-gratuito","12":"yith_product_brand-pemi","14":"first","15":"instock","16":"taxable","17":"shipping-taxable","18":"purchasable","19":"product-type-variable"},"yoast_head":"<!-- This site is optimized with the Yoast SEO plugin v27.3 - https:\/\/yoast.com\/product\/yoast-seo-wordpress\/ -->\n<title>MESA ZAHORI REDONDA EXTENSIBLE. - Muebles de dise\u00f1o en Soluciones Contract<\/title>\n<meta name=\"description\" content=\"Compra MESA ZAHORI REDONDA EXTENSIBLE. online en nuestra tienda de muebles Contract. Encuentra el mejor MOBILIARIO DE DISE\u00d1O para Hotel, Hogar y uso comercial. Descubre las mejores marcas en nuestro cat\u00e1logo.\" \/>\n<meta name=\"robots\" content=\"index, follow, max-snippet:-1, max-image-preview:large, max-video-preview:-1\" \/>\n<link rel=\"canonical\" href=\"https:\/\/solucionescontract.com\/producto\/mesa-zahori-redonda-extensible\/\" \/>\n<meta property=\"og:locale\" content=\"fr_FR\" \/>\n<meta property=\"og:type\" content=\"article\" \/>\n<meta property=\"og:title\" content=\"MESA ZAHORI REDONDA EXTENSIBLE. - Muebles de dise\u00f1o en Soluciones Contract\" \/>\n<meta property=\"og:description\" content=\"Compra MESA ZAHORI REDONDA EXTENSIBLE. online en nuestra tienda de muebles Contract. Encuentra el mejor MOBILIARIO DE DISE\u00d1O para Hotel, Hogar y uso comercial. Descubre las mejores marcas en nuestro cat\u00e1logo.\" \/>\n<meta property=\"og:url\" content=\"https:\/\/solucionescontract.com\/producto\/mesa-zahori-redonda-extensible\/\" \/>\n<meta property=\"og:site_name\" content=\"Soluciones Contract\" \/>\n<meta property=\"article:publisher\" content=\"https:\/\/www.facebook.com\/solucionescontract\/\" \/>\n<meta property=\"article:modified_time\" content=\"2025-04-07T15:45:57+00:00\" \/>\n<meta property=\"og:image\" content=\"https:\/\/solucionescontract.com\/wp-content\/uploads\/2023\/09\/Mesa-Zahori-redonda-madera-natural.jpg\" \/>\n\t<meta property=\"og:image:width\" content=\"1200\" \/>\n\t<meta property=\"og:image:height\" content=\"1209\" \/>\n\t<meta property=\"og:image:type\" content=\"image\/jpeg\" \/>\n<meta name=\"twitter:card\" content=\"summary_large_image\" \/>\n<meta name=\"twitter:label1\" content=\"Dur\u00e9e de lecture estim\u00e9e\" \/>\n\t<meta name=\"twitter:data1\" content=\"2 minutes\" \/>\n<script type=\"application\/ld+json\" class=\"yoast-schema-graph\">{\"@context\":\"https:\\\/\\\/schema.org\",\"@graph\":[{\"@type\":\"WebPage\",\"@id\":\"https:\\\/\\\/solucionescontract.com\\\/producto\\\/mesa-zahori-redonda-extensible\\\/\",\"url\":\"https:\\\/\\\/solucionescontract.com\\\/producto\\\/mesa-zahori-redonda-extensible\\\/\",\"name\":\"MESA ZAHORI REDONDA EXTENSIBLE. - Muebles de dise\u00f1o en Soluciones Contract\",\"isPartOf\":{\"@id\":\"https:\\\/\\\/solucionescontract.com\\\/#website\"},\"primaryImageOfPage\":{\"@id\":\"https:\\\/\\\/solucionescontract.com\\\/producto\\\/mesa-zahori-redonda-extensible\\\/#primaryimage\"},\"image\":{\"@id\":\"https:\\\/\\\/solucionescontract.com\\\/producto\\\/mesa-zahori-redonda-extensible\\\/#primaryimage\"},\"thumbnailUrl\":\"https:\\\/\\\/solucionescontract.com\\\/wp-content\\\/uploads\\\/2023\\\/09\\\/Mesa-Zahori-redonda-madera-natural.jpg\",\"datePublished\":\"2023-09-04T15:19:56+00:00\",\"dateModified\":\"2025-04-07T15:45:57+00:00\",\"description\":\"Compra MESA ZAHORI REDONDA EXTENSIBLE. online en nuestra tienda de muebles Contract. Encuentra el mejor MOBILIARIO DE DISE\u00d1O para Hotel, Hogar y uso comercial. Descubre las mejores marcas en nuestro cat\u00e1logo.\",\"breadcrumb\":{\"@id\":\"https:\\\/\\\/solucionescontract.com\\\/producto\\\/mesa-zahori-redonda-extensible\\\/#breadcrumb\"},\"inLanguage\":\"fr-FR\",\"potentialAction\":[{\"@type\":\"ReadAction\",\"target\":[\"https:\\\/\\\/solucionescontract.com\\\/producto\\\/mesa-zahori-redonda-extensible\\\/\"]}]},{\"@type\":\"ImageObject\",\"inLanguage\":\"fr-FR\",\"@id\":\"https:\\\/\\\/solucionescontract.com\\\/producto\\\/mesa-zahori-redonda-extensible\\\/#primaryimage\",\"url\":\"https:\\\/\\\/solucionescontract.com\\\/wp-content\\\/uploads\\\/2023\\\/09\\\/Mesa-Zahori-redonda-madera-natural.jpg\",\"contentUrl\":\"https:\\\/\\\/solucionescontract.com\\\/wp-content\\\/uploads\\\/2023\\\/09\\\/Mesa-Zahori-redonda-madera-natural.jpg\",\"width\":1200,\"height\":1209},{\"@type\":\"BreadcrumbList\",\"@id\":\"https:\\\/\\\/solucionescontract.com\\\/producto\\\/mesa-zahori-redonda-extensible\\\/#breadcrumb\",\"itemListElement\":[{\"@type\":\"ListItem\",\"position\":1,\"name\":\"Inicio\",\"item\":\"https:\\\/\\\/solucionescontract.com\\\/\"},{\"@type\":\"ListItem\",\"position\":2,\"name\":\"Tienda mobiliario contract\",\"item\":\"https:\\\/\\\/solucionescontract.com\\\/tienda-mobiliario-contract\\\/\"},{\"@type\":\"ListItem\",\"position\":3,\"name\":\"Mesas de dise\u00f1o\",\"item\":\"https:\\\/\\\/solucionescontract.com\\\/categoria-producto\\\/mesas-de-diseno\\\/\"},{\"@type\":\"ListItem\",\"position\":4,\"name\":\"MESA ZAHORI REDONDA EXTENSIBLE.\"}]},{\"@type\":\"WebSite\",\"@id\":\"https:\\\/\\\/solucionescontract.com\\\/#website\",\"url\":\"https:\\\/\\\/solucionescontract.com\\\/\",\"name\":\"Soluciones Contract\",\"description\":\"Venta Mobiliario contract de dise\u00f1o\",\"publisher\":{\"@id\":\"https:\\\/\\\/solucionescontract.com\\\/#organization\"},\"potentialAction\":[{\"@type\":\"SearchAction\",\"target\":{\"@type\":\"EntryPoint\",\"urlTemplate\":\"https:\\\/\\\/solucionescontract.com\\\/?s={search_term_string}\"},\"query-input\":{\"@type\":\"PropertyValueSpecification\",\"valueRequired\":true,\"valueName\":\"search_term_string\"}}],\"inLanguage\":\"fr-FR\"},{\"@type\":\"Organization\",\"@id\":\"https:\\\/\\\/solucionescontract.com\\\/#organization\",\"name\":\"Soluciones Contract\",\"url\":\"https:\\\/\\\/solucionescontract.com\\\/\",\"logo\":{\"@type\":\"ImageObject\",\"inLanguage\":\"fr-FR\",\"@id\":\"https:\\\/\\\/solucionescontract.com\\\/#\\\/schema\\\/logo\\\/image\\\/\",\"url\":\"https:\\\/\\\/solucionescontract.com\\\/wp-content\\\/uploads\\\/2020\\\/02\\\/logoSC.jpg\",\"contentUrl\":\"https:\\\/\\\/solucionescontract.com\\\/wp-content\\\/uploads\\\/2020\\\/02\\\/logoSC.jpg\",\"width\":300,\"height\":125,\"caption\":\"Soluciones Contract\"},\"image\":{\"@id\":\"https:\\\/\\\/solucionescontract.com\\\/#\\\/schema\\\/logo\\\/image\\\/\"},\"sameAs\":[\"https:\\\/\\\/www.facebook.com\\\/solucionescontract\\\/\"]}]}<\/script>\n<!-- \/ Yoast SEO plugin. -->","yoast_head_json":{"title":"MESA ZAHORI REDONDA EXTENSIBLE. - Muebles de dise\u00f1o en Soluciones Contract","description":"Compra MESA ZAHORI REDONDA EXTENSIBLE. online en nuestra tienda de muebles Contract. Encuentra el mejor MOBILIARIO DE DISE\u00d1O para Hotel, Hogar y uso comercial. Descubre las mejores marcas en nuestro cat\u00e1logo.","robots":{"index":"index","follow":"follow","max-snippet":"max-snippet:-1","max-image-preview":"max-image-preview:large","max-video-preview":"max-video-preview:-1"},"canonical":"https:\/\/solucionescontract.com\/producto\/mesa-zahori-redonda-extensible\/","og_locale":"fr_FR","og_type":"article","og_title":"MESA ZAHORI REDONDA EXTENSIBLE. - Muebles de dise\u00f1o en Soluciones Contract","og_description":"Compra MESA ZAHORI REDONDA EXTENSIBLE. online en nuestra tienda de muebles Contract. Encuentra el mejor MOBILIARIO DE DISE\u00d1O para Hotel, Hogar y uso comercial. Descubre las mejores marcas en nuestro cat\u00e1logo.","og_url":"https:\/\/solucionescontract.com\/producto\/mesa-zahori-redonda-extensible\/","og_site_name":"Soluciones Contract","article_publisher":"https:\/\/www.facebook.com\/solucionescontract\/","article_modified_time":"2025-04-07T15:45:57+00:00","og_image":[{"width":1200,"height":1209,"url":"https:\/\/solucionescontract.com\/wp-content\/uploads\/2023\/09\/Mesa-Zahori-redonda-madera-natural.jpg","type":"image\/jpeg"}],"twitter_card":"summary_large_image","twitter_misc":{"Dur\u00e9e de lecture estim\u00e9e":"2 minutes"},"schema":{"@context":"https:\/\/schema.org","@graph":[{"@type":"WebPage","@id":"https:\/\/solucionescontract.com\/producto\/mesa-zahori-redonda-extensible\/","url":"https:\/\/solucionescontract.com\/producto\/mesa-zahori-redonda-extensible\/","name":"MESA ZAHORI REDONDA EXTENSIBLE. - Muebles de dise\u00f1o en Soluciones Contract","isPartOf":{"@id":"https:\/\/solucionescontract.com\/#website"},"primaryImageOfPage":{"@id":"https:\/\/solucionescontract.com\/producto\/mesa-zahori-redonda-extensible\/#primaryimage"},"image":{"@id":"https:\/\/solucionescontract.com\/producto\/mesa-zahori-redonda-extensible\/#primaryimage"},"thumbnailUrl":"https:\/\/solucionescontract.com\/wp-content\/uploads\/2023\/09\/Mesa-Zahori-redonda-madera-natural.jpg","datePublished":"2023-09-04T15:19:56+00:00","dateModified":"2025-04-07T15:45:57+00:00","description":"Compra MESA ZAHORI REDONDA EXTENSIBLE. online en nuestra tienda de muebles Contract. Encuentra el mejor MOBILIARIO DE DISE\u00d1O para Hotel, Hogar y uso comercial. Descubre las mejores marcas en nuestro cat\u00e1logo.","breadcrumb":{"@id":"https:\/\/solucionescontract.com\/producto\/mesa-zahori-redonda-extensible\/#breadcrumb"},"inLanguage":"fr-FR","potentialAction":[{"@type":"ReadAction","target":["https:\/\/solucionescontract.com\/producto\/mesa-zahori-redonda-extensible\/"]}]},{"@type":"ImageObject","inLanguage":"fr-FR","@id":"https:\/\/solucionescontract.com\/producto\/mesa-zahori-redonda-extensible\/#primaryimage","url":"https:\/\/solucionescontract.com\/wp-content\/uploads\/2023\/09\/Mesa-Zahori-redonda-madera-natural.jpg","contentUrl":"https:\/\/solucionescontract.com\/wp-content\/uploads\/2023\/09\/Mesa-Zahori-redonda-madera-natural.jpg","width":1200,"height":1209},{"@type":"BreadcrumbList","@id":"https:\/\/solucionescontract.com\/producto\/mesa-zahori-redonda-extensible\/#breadcrumb","itemListElement":[{"@type":"ListItem","position":1,"name":"Inicio","item":"https:\/\/solucionescontract.com\/"},{"@type":"ListItem","position":2,"name":"Tienda mobiliario contract","item":"https:\/\/solucionescontract.com\/tienda-mobiliario-contract\/"},{"@type":"ListItem","position":3,"name":"Mesas de dise\u00f1o","item":"https:\/\/solucionescontract.com\/categoria-producto\/mesas-de-diseno\/"},{"@type":"ListItem","position":4,"name":"MESA ZAHORI REDONDA EXTENSIBLE."}]},{"@type":"WebSite","@id":"https:\/\/solucionescontract.com\/#website","url":"https:\/\/solucionescontract.com\/","name":"Soluciones Contract","description":"Venta Mobiliario contract de dise\u00f1o","publisher":{"@id":"https:\/\/solucionescontract.com\/#organization"},"potentialAction":[{"@type":"SearchAction","target":{"@type":"EntryPoint","urlTemplate":"https:\/\/solucionescontract.com\/?s={search_term_string}"},"query-input":{"@type":"PropertyValueSpecification","valueRequired":true,"valueName":"search_term_string"}}],"inLanguage":"fr-FR"},{"@type":"Organization","@id":"https:\/\/solucionescontract.com\/#organization","name":"Soluciones Contract","url":"https:\/\/solucionescontract.com\/","logo":{"@type":"ImageObject","inLanguage":"fr-FR","@id":"https:\/\/solucionescontract.com\/#\/schema\/logo\/image\/","url":"https:\/\/solucionescontract.com\/wp-content\/uploads\/2020\/02\/logoSC.jpg","contentUrl":"https:\/\/solucionescontract.com\/wp-content\/uploads\/2020\/02\/logoSC.jpg","width":300,"height":125,"caption":"Soluciones Contract"},"image":{"@id":"https:\/\/solucionescontract.com\/#\/schema\/logo\/image\/"},"sameAs":["https:\/\/www.facebook.com\/solucionescontract\/"]}]}},"_links":{"self":[{"href":"https:\/\/solucionescontract.com\/fr\/wp-json\/wp\/v2\/product\/30135","targetHints":{"allow":["GET"]}}],"collection":[{"href":"https:\/\/solucionescontract.com\/fr\/wp-json\/wp\/v2\/product"}],"about":[{"href":"https:\/\/solucionescontract.com\/fr\/wp-json\/wp\/v2\/types\/product"}],"replies":[{"embeddable":true,"href":"https:\/\/solucionescontract.com\/fr\/wp-json\/wp\/v2\/comments?post=30135"}],"wp:featuredmedia":[{"embeddable":true,"href":"https:\/\/solucionescontract.com\/fr\/wp-json\/wp\/v2\/media\/30140"}],"wp:attachment":[{"href":"https:\/\/solucionescontract.com\/fr\/wp-json\/wp\/v2\/media?parent=30135"}],"wp:term":[{"taxonomy":"product_brand","embeddable":true,"href":"https:\/\/solucionescontract.com\/fr\/wp-json\/wp\/v2\/product_brand?post=30135"},{"taxonomy":"product_cat","embeddable":true,"href":"https:\/\/solucionescontract.com\/fr\/wp-json\/wp\/v2\/product_cat?post=30135"},{"taxonomy":"product_tag","embeddable":true,"href":"https:\/\/solucionescontract.com\/fr\/wp-json\/wp\/v2\/product_tag?post=30135"}],"curies":[{"name":"wp","href":"https:\/\/api.w.org\/{rel}","templated":true}]}}