{"id":29989,"date":"2023-08-24T12:18:55","date_gmt":"2023-08-24T11:18:55","guid":{"rendered":"https:\/\/www.solucionescontract.com\/?post_type=product&#038;p=29989"},"modified":"2025-04-07T16:44:55","modified_gmt":"2025-04-07T15:44:55","slug":"mesa-zahori","status":"publish","type":"product","link":"https:\/\/solucionescontract.com\/fr\/producto\/mesa-zahori\/","title":{"rendered":"MESA REDONDA ZAHORI Melamina."},"content":{"rendered":"<p>&nbsp;<\/p>\n<p>Mesa de original <strong><em>dise\u00f1o de nuestra colecci\u00f3n ZAHOR\u00cd<\/em><\/strong>\u00a0que podr\u00e1s incluir en el mobiliario de tu sal\u00f3n, comedor, cocina&#8230; en cualquier estancia ya sea de uso contract como para el hogar. Mesa de exclusivo dise\u00f1o gracias a la forma de sus patas, que a trav\u00e9s de sus formas curvas en ascenso aligeran el volumen y dan un aspecto innovador a la pieza .<\/p>\n<p>En cuanto a materiales, la mesa est\u00e1 compuesta por una encimera en\u00a0 chapa de melamina y 4 patas met\u00e1licas acabado color negro.<\/p>\n<p>Para otros acabados en las patas consultar <a href=\"https:\/\/solucionescontract.com\/producto\/colores-metalicos-para-patas\/\">AQU\u00cd.<\/a><\/p>\n<p>Medida: 110 cm de di\u00e1metro.<\/p>\n<p>La versi\u00f3n fija presenta una tapa de 22 mm de grosor.<\/p>\n<p>Otras opciones:<\/p>\n<ul>\n<li>Versi\u00f3n extensible pincha <strong><a href=\"https:\/\/solucionescontract.com\/?post_type=product&amp;p=30135&amp;preview=true\">aqu\u00ed.<\/a><\/strong><\/li>\n<li>Si tienes preferencia por una mesa rectangular. Pincha<a href=\"https:\/\/solucionescontract.com\/producto\/mesa-zahori-rectangular-extensible\/\"> aqu\u00ed<\/a><\/li>\n<\/ul>\n<p>&nbsp;<\/p>\n<p>&nbsp;<\/p>\n","protected":false},"excerpt":{"rendered":"<ul>\n<li style=\"text-align: justify;\">Mesa circular\u00a0 con encimera en chapa de melamina caracterizada por el maravilloso dise\u00f1o de sus patas.<\/li>\n<li>Medida: Di\u00e1metro de 110 cm<\/li>\n<li>Uso interior.<\/li>\n<li>Fabricaci\u00f3n nacional.<\/li>\n<li>Fotos: <strong style=\"color: #000000; font-size: 18px;\"><em>Encimera melamina acabado stone negro y pata met\u00e1lica antracita.<\/em><\/strong><\/li>\n<li>Otros acabados\u00a0 para tu encimera consultar <a href=\"https:\/\/solucionescontract.com\/producto\/acabados-melaminas-pemi\/\"><strong><em><span style=\"font-size: 14pt;\">aqu\u00ed.<\/span><\/em><\/strong><\/a><\/li>\n<\/ul>\n<p>&nbsp;<\/p>\n","protected":false},"featured_media":29996,"comment_status":"open","ping_status":"closed","template":"","meta":[],"product_brand":[],"product_cat":[572,568],"product_tag":[675,719],"class_list":{"0":"post-29989","1":"product","2":"type-product","3":"status-publish","4":"has-post-thumbnail","6":"product_cat-dining-table","7":"product_cat-tables-design","8":"product_tag-interior-en","9":"product_tag-mesa-de-madera-en","10":"product_shipping_class-free","11":"yith_product_brand-pemi-en","13":"first","14":"instock","15":"taxable","16":"shipping-taxable","17":"purchasable","18":"product-type-variable"},"yoast_head":"<!-- This site is optimized with the Yoast SEO plugin v27.3 - https:\/\/yoast.com\/product\/yoast-seo-wordpress\/ -->\n<title>MESA REDONDA ZAHORI Melamina. - Muebles de dise\u00f1o en Soluciones Contract<\/title>\n<meta name=\"description\" content=\"Compra MESA REDONDA ZAHORI Melamina. online en nuestra tienda de muebles Contract. Encuentra el mejor MOBILIARIO DE DISE\u00d1O para Hotel, Hogar y uso comercial. Descubre las mejores marcas en nuestro cat\u00e1logo.\" \/>\n<meta name=\"robots\" content=\"index, follow, max-snippet:-1, max-image-preview:large, max-video-preview:-1\" \/>\n<link rel=\"canonical\" href=\"https:\/\/solucionescontract.com\/fr\/producto\/mesa-zahori\/\" \/>\n<meta property=\"og:locale\" content=\"fr_FR\" \/>\n<meta property=\"og:type\" content=\"article\" \/>\n<meta property=\"og:title\" content=\"MESA REDONDA ZAHORI Melamina. - Muebles de dise\u00f1o en Soluciones Contract\" \/>\n<meta property=\"og:description\" content=\"Compra MESA REDONDA ZAHORI Melamina. online en nuestra tienda de muebles Contract. Encuentra el mejor MOBILIARIO DE DISE\u00d1O para Hotel, Hogar y uso comercial. Descubre las mejores marcas en nuestro cat\u00e1logo.\" \/>\n<meta property=\"og:url\" content=\"https:\/\/solucionescontract.com\/fr\/producto\/mesa-zahori\/\" \/>\n<meta property=\"og:site_name\" content=\"Soluciones Contract\" \/>\n<meta property=\"article:publisher\" content=\"https:\/\/www.facebook.com\/solucionescontract\/\" \/>\n<meta property=\"article:modified_time\" content=\"2025-04-07T15:44:55+00:00\" \/>\n<meta property=\"og:image\" content=\"https:\/\/solucionescontract.com\/wp-content\/uploads\/2023\/07\/Zahori-2.jpg\" \/>\n\t<meta property=\"og:image:width\" content=\"600\" \/>\n\t<meta property=\"og:image:height\" content=\"600\" \/>\n\t<meta property=\"og:image:type\" content=\"image\/jpeg\" \/>\n<meta name=\"twitter:card\" content=\"summary_large_image\" \/>\n<meta name=\"twitter:label1\" content=\"Dur\u00e9e de lecture estim\u00e9e\" \/>\n\t<meta name=\"twitter:data1\" content=\"1 minute\" \/>\n<script type=\"application\/ld+json\" class=\"yoast-schema-graph\">{\"@context\":\"https:\\\/\\\/schema.org\",\"@graph\":[{\"@type\":\"WebPage\",\"@id\":\"https:\\\/\\\/solucionescontract.com\\\/fr\\\/producto\\\/mesa-zahori\\\/\",\"url\":\"https:\\\/\\\/solucionescontract.com\\\/fr\\\/producto\\\/mesa-zahori\\\/\",\"name\":\"MESA REDONDA ZAHORI Melamina. - Muebles de dise\u00f1o en Soluciones Contract\",\"isPartOf\":{\"@id\":\"https:\\\/\\\/solucionescontract.com\\\/#website\"},\"primaryImageOfPage\":{\"@id\":\"https:\\\/\\\/solucionescontract.com\\\/fr\\\/producto\\\/mesa-zahori\\\/#primaryimage\"},\"image\":{\"@id\":\"https:\\\/\\\/solucionescontract.com\\\/fr\\\/producto\\\/mesa-zahori\\\/#primaryimage\"},\"thumbnailUrl\":\"https:\\\/\\\/solucionescontract.com\\\/wp-content\\\/uploads\\\/2023\\\/07\\\/Zahori-2.jpg\",\"datePublished\":\"2023-08-24T11:18:55+00:00\",\"dateModified\":\"2025-04-07T15:44:55+00:00\",\"description\":\"Compra MESA REDONDA ZAHORI Melamina. online en nuestra tienda de muebles Contract. Encuentra el mejor MOBILIARIO DE DISE\u00d1O para Hotel, Hogar y uso comercial. Descubre las mejores marcas en nuestro cat\u00e1logo.\",\"breadcrumb\":{\"@id\":\"https:\\\/\\\/solucionescontract.com\\\/fr\\\/producto\\\/mesa-zahori\\\/#breadcrumb\"},\"inLanguage\":\"fr-FR\",\"potentialAction\":[{\"@type\":\"ReadAction\",\"target\":[\"https:\\\/\\\/solucionescontract.com\\\/fr\\\/producto\\\/mesa-zahori\\\/\"]}]},{\"@type\":\"ImageObject\",\"inLanguage\":\"fr-FR\",\"@id\":\"https:\\\/\\\/solucionescontract.com\\\/fr\\\/producto\\\/mesa-zahori\\\/#primaryimage\",\"url\":\"https:\\\/\\\/solucionescontract.com\\\/wp-content\\\/uploads\\\/2023\\\/07\\\/Zahori-2.jpg\",\"contentUrl\":\"https:\\\/\\\/solucionescontract.com\\\/wp-content\\\/uploads\\\/2023\\\/07\\\/Zahori-2.jpg\",\"width\":600,\"height\":600},{\"@type\":\"BreadcrumbList\",\"@id\":\"https:\\\/\\\/solucionescontract.com\\\/fr\\\/producto\\\/mesa-zahori\\\/#breadcrumb\",\"itemListElement\":[{\"@type\":\"ListItem\",\"position\":1,\"name\":\"Inicio\",\"item\":\"https:\\\/\\\/solucionescontract.com\\\/\"},{\"@type\":\"ListItem\",\"position\":2,\"name\":\"Tienda mobiliario contract\",\"item\":\"https:\\\/\\\/solucionescontract.com\\\/tienda-mobiliario-contract\\\/\"},{\"@type\":\"ListItem\",\"position\":3,\"name\":\"Mesas de dise\u00f1o\",\"item\":\"https:\\\/\\\/solucionescontract.com\\\/categoria-producto\\\/mesas-de-diseno\\\/\"},{\"@type\":\"ListItem\",\"position\":4,\"name\":\"MESA REDONDA ZAHORI Melamina.\"}]},{\"@type\":\"WebSite\",\"@id\":\"https:\\\/\\\/solucionescontract.com\\\/#website\",\"url\":\"https:\\\/\\\/solucionescontract.com\\\/\",\"name\":\"Soluciones Contract\",\"description\":\"Venta Mobiliario contract de dise\u00f1o\",\"publisher\":{\"@id\":\"https:\\\/\\\/solucionescontract.com\\\/#organization\"},\"potentialAction\":[{\"@type\":\"SearchAction\",\"target\":{\"@type\":\"EntryPoint\",\"urlTemplate\":\"https:\\\/\\\/solucionescontract.com\\\/?s={search_term_string}\"},\"query-input\":{\"@type\":\"PropertyValueSpecification\",\"valueRequired\":true,\"valueName\":\"search_term_string\"}}],\"inLanguage\":\"fr-FR\"},{\"@type\":\"Organization\",\"@id\":\"https:\\\/\\\/solucionescontract.com\\\/#organization\",\"name\":\"Soluciones Contract\",\"url\":\"https:\\\/\\\/solucionescontract.com\\\/\",\"logo\":{\"@type\":\"ImageObject\",\"inLanguage\":\"fr-FR\",\"@id\":\"https:\\\/\\\/solucionescontract.com\\\/#\\\/schema\\\/logo\\\/image\\\/\",\"url\":\"https:\\\/\\\/solucionescontract.com\\\/wp-content\\\/uploads\\\/2020\\\/02\\\/logoSC.jpg\",\"contentUrl\":\"https:\\\/\\\/solucionescontract.com\\\/wp-content\\\/uploads\\\/2020\\\/02\\\/logoSC.jpg\",\"width\":300,\"height\":125,\"caption\":\"Soluciones Contract\"},\"image\":{\"@id\":\"https:\\\/\\\/solucionescontract.com\\\/#\\\/schema\\\/logo\\\/image\\\/\"},\"sameAs\":[\"https:\\\/\\\/www.facebook.com\\\/solucionescontract\\\/\"]}]}<\/script>\n<!-- \/ Yoast SEO plugin. -->","yoast_head_json":{"title":"MESA REDONDA ZAHORI Melamina. - Muebles de dise\u00f1o en Soluciones Contract","description":"Compra MESA REDONDA ZAHORI Melamina. online en nuestra tienda de muebles Contract. Encuentra el mejor MOBILIARIO DE DISE\u00d1O para Hotel, Hogar y uso comercial. Descubre las mejores marcas en nuestro cat\u00e1logo.","robots":{"index":"index","follow":"follow","max-snippet":"max-snippet:-1","max-image-preview":"max-image-preview:large","max-video-preview":"max-video-preview:-1"},"canonical":"https:\/\/solucionescontract.com\/fr\/producto\/mesa-zahori\/","og_locale":"fr_FR","og_type":"article","og_title":"MESA REDONDA ZAHORI Melamina. - Muebles de dise\u00f1o en Soluciones Contract","og_description":"Compra MESA REDONDA ZAHORI Melamina. online en nuestra tienda de muebles Contract. Encuentra el mejor MOBILIARIO DE DISE\u00d1O para Hotel, Hogar y uso comercial. Descubre las mejores marcas en nuestro cat\u00e1logo.","og_url":"https:\/\/solucionescontract.com\/fr\/producto\/mesa-zahori\/","og_site_name":"Soluciones Contract","article_publisher":"https:\/\/www.facebook.com\/solucionescontract\/","article_modified_time":"2025-04-07T15:44:55+00:00","og_image":[{"width":600,"height":600,"url":"https:\/\/solucionescontract.com\/wp-content\/uploads\/2023\/07\/Zahori-2.jpg","type":"image\/jpeg"}],"twitter_card":"summary_large_image","twitter_misc":{"Dur\u00e9e de lecture estim\u00e9e":"1 minute"},"schema":{"@context":"https:\/\/schema.org","@graph":[{"@type":"WebPage","@id":"https:\/\/solucionescontract.com\/fr\/producto\/mesa-zahori\/","url":"https:\/\/solucionescontract.com\/fr\/producto\/mesa-zahori\/","name":"MESA REDONDA ZAHORI Melamina. - Muebles de dise\u00f1o en Soluciones Contract","isPartOf":{"@id":"https:\/\/solucionescontract.com\/#website"},"primaryImageOfPage":{"@id":"https:\/\/solucionescontract.com\/fr\/producto\/mesa-zahori\/#primaryimage"},"image":{"@id":"https:\/\/solucionescontract.com\/fr\/producto\/mesa-zahori\/#primaryimage"},"thumbnailUrl":"https:\/\/solucionescontract.com\/wp-content\/uploads\/2023\/07\/Zahori-2.jpg","datePublished":"2023-08-24T11:18:55+00:00","dateModified":"2025-04-07T15:44:55+00:00","description":"Compra MESA REDONDA ZAHORI Melamina. online en nuestra tienda de muebles Contract. Encuentra el mejor MOBILIARIO DE DISE\u00d1O para Hotel, Hogar y uso comercial. Descubre las mejores marcas en nuestro cat\u00e1logo.","breadcrumb":{"@id":"https:\/\/solucionescontract.com\/fr\/producto\/mesa-zahori\/#breadcrumb"},"inLanguage":"fr-FR","potentialAction":[{"@type":"ReadAction","target":["https:\/\/solucionescontract.com\/fr\/producto\/mesa-zahori\/"]}]},{"@type":"ImageObject","inLanguage":"fr-FR","@id":"https:\/\/solucionescontract.com\/fr\/producto\/mesa-zahori\/#primaryimage","url":"https:\/\/solucionescontract.com\/wp-content\/uploads\/2023\/07\/Zahori-2.jpg","contentUrl":"https:\/\/solucionescontract.com\/wp-content\/uploads\/2023\/07\/Zahori-2.jpg","width":600,"height":600},{"@type":"BreadcrumbList","@id":"https:\/\/solucionescontract.com\/fr\/producto\/mesa-zahori\/#breadcrumb","itemListElement":[{"@type":"ListItem","position":1,"name":"Inicio","item":"https:\/\/solucionescontract.com\/"},{"@type":"ListItem","position":2,"name":"Tienda mobiliario contract","item":"https:\/\/solucionescontract.com\/tienda-mobiliario-contract\/"},{"@type":"ListItem","position":3,"name":"Mesas de dise\u00f1o","item":"https:\/\/solucionescontract.com\/categoria-producto\/mesas-de-diseno\/"},{"@type":"ListItem","position":4,"name":"MESA REDONDA ZAHORI Melamina."}]},{"@type":"WebSite","@id":"https:\/\/solucionescontract.com\/#website","url":"https:\/\/solucionescontract.com\/","name":"Soluciones Contract","description":"Venta Mobiliario contract de dise\u00f1o","publisher":{"@id":"https:\/\/solucionescontract.com\/#organization"},"potentialAction":[{"@type":"SearchAction","target":{"@type":"EntryPoint","urlTemplate":"https:\/\/solucionescontract.com\/?s={search_term_string}"},"query-input":{"@type":"PropertyValueSpecification","valueRequired":true,"valueName":"search_term_string"}}],"inLanguage":"fr-FR"},{"@type":"Organization","@id":"https:\/\/solucionescontract.com\/#organization","name":"Soluciones Contract","url":"https:\/\/solucionescontract.com\/","logo":{"@type":"ImageObject","inLanguage":"fr-FR","@id":"https:\/\/solucionescontract.com\/#\/schema\/logo\/image\/","url":"https:\/\/solucionescontract.com\/wp-content\/uploads\/2020\/02\/logoSC.jpg","contentUrl":"https:\/\/solucionescontract.com\/wp-content\/uploads\/2020\/02\/logoSC.jpg","width":300,"height":125,"caption":"Soluciones Contract"},"image":{"@id":"https:\/\/solucionescontract.com\/#\/schema\/logo\/image\/"},"sameAs":["https:\/\/www.facebook.com\/solucionescontract\/"]}]}},"_links":{"self":[{"href":"https:\/\/solucionescontract.com\/fr\/wp-json\/wp\/v2\/product\/29989","targetHints":{"allow":["GET"]}}],"collection":[{"href":"https:\/\/solucionescontract.com\/fr\/wp-json\/wp\/v2\/product"}],"about":[{"href":"https:\/\/solucionescontract.com\/fr\/wp-json\/wp\/v2\/types\/product"}],"replies":[{"embeddable":true,"href":"https:\/\/solucionescontract.com\/fr\/wp-json\/wp\/v2\/comments?post=29989"}],"wp:featuredmedia":[{"embeddable":true,"href":"https:\/\/solucionescontract.com\/fr\/wp-json\/wp\/v2\/media\/29996"}],"wp:attachment":[{"href":"https:\/\/solucionescontract.com\/fr\/wp-json\/wp\/v2\/media?parent=29989"}],"wp:term":[{"taxonomy":"product_brand","embeddable":true,"href":"https:\/\/solucionescontract.com\/fr\/wp-json\/wp\/v2\/product_brand?post=29989"},{"taxonomy":"product_cat","embeddable":true,"href":"https:\/\/solucionescontract.com\/fr\/wp-json\/wp\/v2\/product_cat?post=29989"},{"taxonomy":"product_tag","embeddable":true,"href":"https:\/\/solucionescontract.com\/fr\/wp-json\/wp\/v2\/product_tag?post=29989"}],"curies":[{"name":"wp","href":"https:\/\/api.w.org\/{rel}","templated":true}]}}