{"id":29171,"date":"2023-01-27T11:56:02","date_gmt":"2023-01-27T10:56:02","guid":{"rendered":"https:\/\/www.solucionescontract.com\/?post_type=product&#038;p=29171"},"modified":"2024-11-03T13:34:51","modified_gmt":"2024-11-03T12:34:51","slug":"sillon-lounge-reva-twist","status":"publish","type":"product","link":"https:\/\/solucionescontract.com\/fr\/producto\/sillon-lounge-reva-twist\/","title":{"rendered":"Sill\u00f3n lounge reva twist"},"content":{"rendered":"<p>Sill\u00f3n lounge para exterior reva twist de 1 plaza,pertenecinente a la colecci\u00f3n reva de Pedrali. De gran amplitud y con linea una linea muy sencilla lo que lo hace apto para cualquier emplazamiento.<\/p>\n<p>Este sill\u00f3n lounge para exterior presenta armaz\u00f3n de aluminio anodizado y barnizado<\/p>\n<p>El respaldo y los reposabrazos de acero est\u00e1n recubiertos de un tejido de cuerda plana de<br \/>\npolipropileno apta para exterior.<\/p>\n<p>Detalle acabado cuerda:<\/p>\n<p><a href=\"https:\/\/solucionescontract.com\/wp-content\/uploads\/2023\/01\/ppl-corda_be.png\"><img decoding=\"async\" class=\" wd-lazy-fade alignnone wp-image-29158 size-medium\" src=\"https:\/\/solucionescontract.com\/wp-content\/themes\/woodmart\/images\/lazy.svg\" data-src=\"https:\/\/solucionescontract.com\/wp-content\/uploads\/2023\/01\/ppl-corda_be-300x300.png\" alt=\"\" width=\"300\" height=\"300\" srcset=\"\" data-srcset=\"https:\/\/solucionescontract.com\/wp-content\/uploads\/2023\/01\/ppl-corda_be.png 300w, https:\/\/solucionescontract.com\/wp-content\/uploads\/2023\/01\/ppl-corda_be-150x150.png 150w, https:\/\/solucionescontract.com\/wp-content\/uploads\/2023\/01\/ppl-corda_be-20x20.png 20w\" sizes=\"(max-width: 300px) 100vw, 300px\" \/><\/a><\/p>\n<p>Tapizado y cojines forrados de tela hidr\u00f3fuga<\/p>\n<p>Detalle tela:<\/p>\n<p><a href=\"https:\/\/solucionescontract.com\/wp-content\/uploads\/2023\/01\/1992-cat-d_d100.png\"><img decoding=\"async\" class=\" wd-lazy-fade alignnone wp-image-29155 size-medium\" src=\"https:\/\/solucionescontract.com\/wp-content\/themes\/woodmart\/images\/lazy.svg\" data-src=\"https:\/\/solucionescontract.com\/wp-content\/uploads\/2023\/01\/1992-cat-d_d100-300x300.png\" alt=\"\" width=\"300\" height=\"300\" srcset=\"\" data-srcset=\"https:\/\/solucionescontract.com\/wp-content\/uploads\/2023\/01\/1992-cat-d_d100.png 300w, https:\/\/solucionescontract.com\/wp-content\/uploads\/2023\/01\/1992-cat-d_d100-150x150.png 150w, https:\/\/solucionescontract.com\/wp-content\/uploads\/2023\/01\/1992-cat-d_d100-20x20.png 20w\" sizes=\"(max-width: 300px) 100vw, 300px\" \/><img decoding=\"async\" class=\" wd-lazy-fade size-medium wp-image-29172 alignright\" src=\"https:\/\/solucionescontract.com\/wp-content\/themes\/woodmart\/images\/lazy.svg\" data-src=\"https:\/\/solucionescontract.com\/wp-content\/uploads\/2023\/01\/1930-cat-d_d82-300x300.png\" alt=\"\" width=\"300\" height=\"300\" srcset=\"\" data-srcset=\"https:\/\/solucionescontract.com\/wp-content\/uploads\/2023\/01\/1930-cat-d_d82.png 300w, https:\/\/solucionescontract.com\/wp-content\/uploads\/2023\/01\/1930-cat-d_d82-150x150.png 150w, https:\/\/solucionescontract.com\/wp-content\/uploads\/2023\/01\/1930-cat-d_d82-20x20.png 20w\" sizes=\"(max-width: 300px) 100vw, 300px\" \/><\/a><\/p>\n<p>Modelo foto color Beige y turquesa .Otros acabados consultar<\/p>\n<p>Medidas:<\/p>\n<p><img decoding=\"async\" class=\" wd-lazy-fade alignnone size-medium wp-image-29175\" src=\"https:\/\/solucionescontract.com\/wp-content\/themes\/woodmart\/images\/lazy.svg\" data-src=\"https:\/\/solucionescontract.com\/wp-content\/uploads\/2023\/01\/Captura-sillon--300x250.jpg\" alt=\"\" width=\"300\" height=\"250\" srcset=\"\" data-srcset=\"https:\/\/solucionescontract.com\/wp-content\/uploads\/2023\/01\/Captura-sillon--300x250.jpg 300w, https:\/\/solucionescontract.com\/wp-content\/uploads\/2023\/01\/Captura-sillon--24x20.jpg 24w, https:\/\/solucionescontract.com\/wp-content\/uploads\/2023\/01\/Captura-sillon--150x125.jpg 150w, https:\/\/solucionescontract.com\/wp-content\/uploads\/2023\/01\/Captura-sillon-.jpg 319w\" sizes=\"(max-width: 300px) 100vw, 300px\" \/><\/p>\n","protected":false},"excerpt":{"rendered":"<ul>\n<li>Sill\u00f3n lounge de 1 plaza\u00a0 de dise\u00f1o\u00a0 creado por Patrick Jouin<\/li>\n<li>Apto par exterior.<\/li>\n<li>Patas en fundici\u00f3n de aluminio anodizado.<\/li>\n<li>Respaldo y reposabrazos en tubo acero inox cubierta con una cuerda plana de polipropileno<\/li>\n<li>Cojines del asiento realizados en\u00a0 espuma de poliuretano flexible.<\/li>\n<li>\u00a0Cojines del respalto fabricados con fibra de poli\u00e9ster.<\/li>\n<li>Incluye cojines laterales<\/li>\n<li>Medidas: 1050x770x800mm<\/li>\n<li>Otros acabados disponibles <a href=\"mailto:info@solucionescontract.com\">consultar<\/a><\/li>\n<\/ul>\n","protected":false},"featured_media":29178,"comment_status":"open","ping_status":"closed","template":"","meta":[],"product_brand":[],"product_cat":[580,590],"product_tag":[688,702],"class_list":{"0":"post-29171","1":"product","2":"type-product","3":"status-publish","4":"has-post-thumbnail","6":"product_cat-terrace-and-garden-furniture","7":"product_cat-outdoor-sofa","8":"product_tag-asientos-tapizados-en","9":"product_tag-exterior-interior-en","10":"product_shipping_class-free","11":"yith_product_brand-pedrali-en","13":"first","14":"instock","15":"taxable","16":"shipping-taxable","17":"product-type-variable"},"yoast_head":"<!-- This site is optimized with the Yoast SEO plugin v27.4 - https:\/\/yoast.com\/product\/yoast-seo-wordpress\/ -->\n<title>Sill\u00f3n lounge reva twist - Muebles de dise\u00f1o en Soluciones Contract<\/title>\n<meta name=\"description\" content=\"Compra Sill\u00f3n lounge reva twist online en nuestra tienda de muebles Contract. Encuentra el mejor MOBILIARIO DE DISE\u00d1O para Hotel, Hogar y uso comercial. Descubre las mejores marcas en nuestro cat\u00e1logo.\" \/>\n<meta name=\"robots\" content=\"index, follow, max-snippet:-1, max-image-preview:large, max-video-preview:-1\" \/>\n<link rel=\"canonical\" href=\"https:\/\/solucionescontract.com\/producto\/sillon-lounge-reva-twist\/\" \/>\n<meta property=\"og:locale\" content=\"fr_FR\" \/>\n<meta property=\"og:type\" content=\"article\" \/>\n<meta property=\"og:title\" content=\"Sill\u00f3n lounge reva twist - Muebles de dise\u00f1o en Soluciones Contract\" \/>\n<meta property=\"og:description\" content=\"Compra Sill\u00f3n lounge reva twist online en nuestra tienda de muebles Contract. Encuentra el mejor MOBILIARIO DE DISE\u00d1O para Hotel, Hogar y uso comercial. Descubre las mejores marcas en nuestro cat\u00e1logo.\" \/>\n<meta property=\"og:url\" content=\"https:\/\/solucionescontract.com\/producto\/sillon-lounge-reva-twist\/\" \/>\n<meta property=\"og:site_name\" content=\"Soluciones Contract\" \/>\n<meta property=\"article:publisher\" content=\"https:\/\/www.facebook.com\/solucionescontract\/\" \/>\n<meta property=\"article:modified_time\" content=\"2024-11-03T12:34:51+00:00\" \/>\n<meta property=\"og:image\" content=\"https:\/\/solucionescontract.com\/wp-content\/uploads\/2023\/01\/sillon_reva-1.jpg\" \/>\n\t<meta property=\"og:image:width\" content=\"1098\" \/>\n\t<meta property=\"og:image:height\" content=\"1098\" \/>\n\t<meta property=\"og:image:type\" content=\"image\/jpeg\" \/>\n<meta name=\"twitter:card\" content=\"summary_large_image\" \/>\n<meta name=\"twitter:label1\" content=\"Dur\u00e9e de lecture estim\u00e9e\" \/>\n\t<meta name=\"twitter:data1\" content=\"2 minutes\" \/>\n<script type=\"application\/ld+json\" class=\"yoast-schema-graph\">{\"@context\":\"https:\\\/\\\/schema.org\",\"@graph\":[{\"@type\":\"WebPage\",\"@id\":\"https:\\\/\\\/solucionescontract.com\\\/producto\\\/sillon-lounge-reva-twist\\\/\",\"url\":\"https:\\\/\\\/solucionescontract.com\\\/producto\\\/sillon-lounge-reva-twist\\\/\",\"name\":\"Sill\u00f3n lounge reva twist - Muebles de dise\u00f1o en Soluciones Contract\",\"isPartOf\":{\"@id\":\"https:\\\/\\\/solucionescontract.com\\\/#website\"},\"primaryImageOfPage\":{\"@id\":\"https:\\\/\\\/solucionescontract.com\\\/producto\\\/sillon-lounge-reva-twist\\\/#primaryimage\"},\"image\":{\"@id\":\"https:\\\/\\\/solucionescontract.com\\\/producto\\\/sillon-lounge-reva-twist\\\/#primaryimage\"},\"thumbnailUrl\":\"https:\\\/\\\/solucionescontract.com\\\/wp-content\\\/uploads\\\/2023\\\/01\\\/sillon_reva-1.jpg\",\"datePublished\":\"2023-01-27T10:56:02+00:00\",\"dateModified\":\"2024-11-03T12:34:51+00:00\",\"description\":\"Compra Sill\u00f3n lounge reva twist online en nuestra tienda de muebles Contract. Encuentra el mejor MOBILIARIO DE DISE\u00d1O para Hotel, Hogar y uso comercial. Descubre las mejores marcas en nuestro cat\u00e1logo.\",\"breadcrumb\":{\"@id\":\"https:\\\/\\\/solucionescontract.com\\\/producto\\\/sillon-lounge-reva-twist\\\/#breadcrumb\"},\"inLanguage\":\"fr-FR\",\"potentialAction\":[{\"@type\":\"ReadAction\",\"target\":[\"https:\\\/\\\/solucionescontract.com\\\/producto\\\/sillon-lounge-reva-twist\\\/\"]}]},{\"@type\":\"ImageObject\",\"inLanguage\":\"fr-FR\",\"@id\":\"https:\\\/\\\/solucionescontract.com\\\/producto\\\/sillon-lounge-reva-twist\\\/#primaryimage\",\"url\":\"https:\\\/\\\/solucionescontract.com\\\/wp-content\\\/uploads\\\/2023\\\/01\\\/sillon_reva-1.jpg\",\"contentUrl\":\"https:\\\/\\\/solucionescontract.com\\\/wp-content\\\/uploads\\\/2023\\\/01\\\/sillon_reva-1.jpg\",\"width\":1098,\"height\":1098},{\"@type\":\"BreadcrumbList\",\"@id\":\"https:\\\/\\\/solucionescontract.com\\\/producto\\\/sillon-lounge-reva-twist\\\/#breadcrumb\",\"itemListElement\":[{\"@type\":\"ListItem\",\"position\":1,\"name\":\"Inicio\",\"item\":\"https:\\\/\\\/solucionescontract.com\\\/\"},{\"@type\":\"ListItem\",\"position\":2,\"name\":\"Tienda mobiliario contract\",\"item\":\"https:\\\/\\\/solucionescontract.com\\\/tienda-mobiliario-contract\\\/\"},{\"@type\":\"ListItem\",\"position\":3,\"name\":\"Mobiliario de Terraza y Jard\u00edn\",\"item\":\"https:\\\/\\\/solucionescontract.com\\\/categoria-producto\\\/mobiliario-de-terraza-y-jardin\\\/\"},{\"@type\":\"ListItem\",\"position\":4,\"name\":\"Sill\u00f3n lounge reva twist\"}]},{\"@type\":\"WebSite\",\"@id\":\"https:\\\/\\\/solucionescontract.com\\\/#website\",\"url\":\"https:\\\/\\\/solucionescontract.com\\\/\",\"name\":\"Soluciones Contract\",\"description\":\"Venta Mobiliario contract de dise\u00f1o\",\"publisher\":{\"@id\":\"https:\\\/\\\/solucionescontract.com\\\/#organization\"},\"potentialAction\":[{\"@type\":\"SearchAction\",\"target\":{\"@type\":\"EntryPoint\",\"urlTemplate\":\"https:\\\/\\\/solucionescontract.com\\\/?s={search_term_string}\"},\"query-input\":{\"@type\":\"PropertyValueSpecification\",\"valueRequired\":true,\"valueName\":\"search_term_string\"}}],\"inLanguage\":\"fr-FR\"},{\"@type\":\"Organization\",\"@id\":\"https:\\\/\\\/solucionescontract.com\\\/#organization\",\"name\":\"Soluciones Contract\",\"url\":\"https:\\\/\\\/solucionescontract.com\\\/\",\"logo\":{\"@type\":\"ImageObject\",\"inLanguage\":\"fr-FR\",\"@id\":\"https:\\\/\\\/solucionescontract.com\\\/#\\\/schema\\\/logo\\\/image\\\/\",\"url\":\"https:\\\/\\\/solucionescontract.com\\\/wp-content\\\/uploads\\\/2020\\\/02\\\/logoSC.jpg\",\"contentUrl\":\"https:\\\/\\\/solucionescontract.com\\\/wp-content\\\/uploads\\\/2020\\\/02\\\/logoSC.jpg\",\"width\":300,\"height\":125,\"caption\":\"Soluciones Contract\"},\"image\":{\"@id\":\"https:\\\/\\\/solucionescontract.com\\\/#\\\/schema\\\/logo\\\/image\\\/\"},\"sameAs\":[\"https:\\\/\\\/www.facebook.com\\\/solucionescontract\\\/\"]}]}<\/script>\n<!-- \/ Yoast SEO plugin. -->","yoast_head_json":{"title":"Sill\u00f3n lounge reva twist - Muebles de dise\u00f1o en Soluciones Contract","description":"Compra Sill\u00f3n lounge reva twist online en nuestra tienda de muebles Contract. Encuentra el mejor MOBILIARIO DE DISE\u00d1O para Hotel, Hogar y uso comercial. Descubre las mejores marcas en nuestro cat\u00e1logo.","robots":{"index":"index","follow":"follow","max-snippet":"max-snippet:-1","max-image-preview":"max-image-preview:large","max-video-preview":"max-video-preview:-1"},"canonical":"https:\/\/solucionescontract.com\/producto\/sillon-lounge-reva-twist\/","og_locale":"fr_FR","og_type":"article","og_title":"Sill\u00f3n lounge reva twist - Muebles de dise\u00f1o en Soluciones Contract","og_description":"Compra Sill\u00f3n lounge reva twist online en nuestra tienda de muebles Contract. Encuentra el mejor MOBILIARIO DE DISE\u00d1O para Hotel, Hogar y uso comercial. Descubre las mejores marcas en nuestro cat\u00e1logo.","og_url":"https:\/\/solucionescontract.com\/producto\/sillon-lounge-reva-twist\/","og_site_name":"Soluciones Contract","article_publisher":"https:\/\/www.facebook.com\/solucionescontract\/","article_modified_time":"2024-11-03T12:34:51+00:00","og_image":[{"width":1098,"height":1098,"url":"https:\/\/solucionescontract.com\/wp-content\/uploads\/2023\/01\/sillon_reva-1.jpg","type":"image\/jpeg"}],"twitter_card":"summary_large_image","twitter_misc":{"Dur\u00e9e de lecture estim\u00e9e":"2 minutes"},"schema":{"@context":"https:\/\/schema.org","@graph":[{"@type":"WebPage","@id":"https:\/\/solucionescontract.com\/producto\/sillon-lounge-reva-twist\/","url":"https:\/\/solucionescontract.com\/producto\/sillon-lounge-reva-twist\/","name":"Sill\u00f3n lounge reva twist - Muebles de dise\u00f1o en Soluciones Contract","isPartOf":{"@id":"https:\/\/solucionescontract.com\/#website"},"primaryImageOfPage":{"@id":"https:\/\/solucionescontract.com\/producto\/sillon-lounge-reva-twist\/#primaryimage"},"image":{"@id":"https:\/\/solucionescontract.com\/producto\/sillon-lounge-reva-twist\/#primaryimage"},"thumbnailUrl":"https:\/\/solucionescontract.com\/wp-content\/uploads\/2023\/01\/sillon_reva-1.jpg","datePublished":"2023-01-27T10:56:02+00:00","dateModified":"2024-11-03T12:34:51+00:00","description":"Compra Sill\u00f3n lounge reva twist online en nuestra tienda de muebles Contract. Encuentra el mejor MOBILIARIO DE DISE\u00d1O para Hotel, Hogar y uso comercial. Descubre las mejores marcas en nuestro cat\u00e1logo.","breadcrumb":{"@id":"https:\/\/solucionescontract.com\/producto\/sillon-lounge-reva-twist\/#breadcrumb"},"inLanguage":"fr-FR","potentialAction":[{"@type":"ReadAction","target":["https:\/\/solucionescontract.com\/producto\/sillon-lounge-reva-twist\/"]}]},{"@type":"ImageObject","inLanguage":"fr-FR","@id":"https:\/\/solucionescontract.com\/producto\/sillon-lounge-reva-twist\/#primaryimage","url":"https:\/\/solucionescontract.com\/wp-content\/uploads\/2023\/01\/sillon_reva-1.jpg","contentUrl":"https:\/\/solucionescontract.com\/wp-content\/uploads\/2023\/01\/sillon_reva-1.jpg","width":1098,"height":1098},{"@type":"BreadcrumbList","@id":"https:\/\/solucionescontract.com\/producto\/sillon-lounge-reva-twist\/#breadcrumb","itemListElement":[{"@type":"ListItem","position":1,"name":"Inicio","item":"https:\/\/solucionescontract.com\/"},{"@type":"ListItem","position":2,"name":"Tienda mobiliario contract","item":"https:\/\/solucionescontract.com\/tienda-mobiliario-contract\/"},{"@type":"ListItem","position":3,"name":"Mobiliario de Terraza y Jard\u00edn","item":"https:\/\/solucionescontract.com\/categoria-producto\/mobiliario-de-terraza-y-jardin\/"},{"@type":"ListItem","position":4,"name":"Sill\u00f3n lounge reva twist"}]},{"@type":"WebSite","@id":"https:\/\/solucionescontract.com\/#website","url":"https:\/\/solucionescontract.com\/","name":"Soluciones Contract","description":"Venta Mobiliario contract de dise\u00f1o","publisher":{"@id":"https:\/\/solucionescontract.com\/#organization"},"potentialAction":[{"@type":"SearchAction","target":{"@type":"EntryPoint","urlTemplate":"https:\/\/solucionescontract.com\/?s={search_term_string}"},"query-input":{"@type":"PropertyValueSpecification","valueRequired":true,"valueName":"search_term_string"}}],"inLanguage":"fr-FR"},{"@type":"Organization","@id":"https:\/\/solucionescontract.com\/#organization","name":"Soluciones Contract","url":"https:\/\/solucionescontract.com\/","logo":{"@type":"ImageObject","inLanguage":"fr-FR","@id":"https:\/\/solucionescontract.com\/#\/schema\/logo\/image\/","url":"https:\/\/solucionescontract.com\/wp-content\/uploads\/2020\/02\/logoSC.jpg","contentUrl":"https:\/\/solucionescontract.com\/wp-content\/uploads\/2020\/02\/logoSC.jpg","width":300,"height":125,"caption":"Soluciones Contract"},"image":{"@id":"https:\/\/solucionescontract.com\/#\/schema\/logo\/image\/"},"sameAs":["https:\/\/www.facebook.com\/solucionescontract\/"]}]}},"_links":{"self":[{"href":"https:\/\/solucionescontract.com\/fr\/wp-json\/wp\/v2\/product\/29171","targetHints":{"allow":["GET"]}}],"collection":[{"href":"https:\/\/solucionescontract.com\/fr\/wp-json\/wp\/v2\/product"}],"about":[{"href":"https:\/\/solucionescontract.com\/fr\/wp-json\/wp\/v2\/types\/product"}],"replies":[{"embeddable":true,"href":"https:\/\/solucionescontract.com\/fr\/wp-json\/wp\/v2\/comments?post=29171"}],"wp:featuredmedia":[{"embeddable":true,"href":"https:\/\/solucionescontract.com\/fr\/wp-json\/wp\/v2\/media\/29178"}],"wp:attachment":[{"href":"https:\/\/solucionescontract.com\/fr\/wp-json\/wp\/v2\/media?parent=29171"}],"wp:term":[{"taxonomy":"product_brand","embeddable":true,"href":"https:\/\/solucionescontract.com\/fr\/wp-json\/wp\/v2\/product_brand?post=29171"},{"taxonomy":"product_cat","embeddable":true,"href":"https:\/\/solucionescontract.com\/fr\/wp-json\/wp\/v2\/product_cat?post=29171"},{"taxonomy":"product_tag","embeddable":true,"href":"https:\/\/solucionescontract.com\/fr\/wp-json\/wp\/v2\/product_tag?post=29171"}],"curies":[{"name":"wp","href":"https:\/\/api.w.org\/{rel}","templated":true}]}}