{"id":28379,"date":"2023-03-21T19:27:55","date_gmt":"2023-03-21T18:27:55","guid":{"rendered":"https:\/\/www.solucionescontract.com\/?post_type=product&#038;p=28379"},"modified":"2025-01-30T20:35:25","modified_gmt":"2025-01-30T19:35:25","slug":"sofa-cama-bari","status":"publish","type":"product","link":"https:\/\/solucionescontract.com\/fr\/producto\/sofa-cama-bari\/","title":{"rendered":"SOF\u00c1 CAMA BARI"},"content":{"rendered":"<p>\u00bfAlgo mejor que llegar a casa y tomarse un reparador descanso? Para ello te ofrecemos este c\u00f3modo sof\u00e1 que tambi\u00e9n podr\u00e1s convertir en cama de una manera sencilla.<\/p>\n<p>Nuestro sof\u00e1 Bari tiene un mecanismo de apertura\u00a0 italiano para que puedas abrir el sof\u00e1 cony convertirlo en cama facilmente. Con somier de rejilla met\u00e1lica electrosoldada.<\/p>\n<p>Su estructura es de madera de pino, reforzado con tablero de part\u00edculas.<\/p>\n<p>Podr\u00e1s desenfundar las almohadas de los asientos, el respaldo y los cojines para lavarlos en la lavadora. Las almohadas de los asientos son de espuma de poliuretano de 35 kg\/m3 y est\u00e1 recubierta con fibra de poli\u00e9ster. Las del respaldo est\u00e1n fabricadas con fibra hueca siliconada.<\/p>\n<p>Las patas son de madera color wengu\u00e9.<\/p>\n<p>El colch\u00f3n tiene un largo de 195 cm y un grosor de 16 cm, goma espuma de 25 kg, acolchado. Tambi\u00e9n disponible opci\u00f3n visco+HR<\/p>\n<ul>\n<li><span style=\"font-size: 14pt;\"><b style=\"font-size: 14pt;\">Modelo foto tapizado colecci\u00f3n Chapi crema<\/b><b style=\"font-size: 14pt;\">. Otros acabados disponibles selecciona <\/b><a style=\"font-size: 14pt; font-weight: bold;\" href=\"https:\/\/solucionescontract.com\/?post_type=product&amp;p=28321&amp;preview=true\">aqu\u00ed<\/a><\/span><\/li>\n<\/ul>\n<p>Medidas<\/p>\n<p>&nbsp;<\/p>\n","protected":false},"excerpt":{"rendered":"<ul>\n<li>Sof\u00e1-cama con sistema de apertura\u00a0 italiana.<\/li>\n<li>Almohada de espuma de poliuretano de 35 kg\/m3 recubierta de fibra de poli\u00e9ster y respaldo de fibra hueca siliconada.<\/li>\n<li>Desenfundable.<\/li>\n<li>Patas de madera color wengu\u00e9.<\/li>\n<li>Somier de rejilla met\u00e1lica electrosoldada.<\/li>\n<li>Colch\u00f3n de 195 cm de largo.<\/li>\n<li>Fabricaci\u00f3n espa\u00f1ola<\/li>\n<li><span style=\"font-size: 14pt;\"><b style=\"font-size: 14pt;\">Modelo foto: tapizado colecci\u00f3n Chapi crema<\/b><b style=\"font-size: 14pt;\">. Otros acabados disponibles selecciona <\/b><a style=\"font-size: 14pt; font-weight: bold;\" href=\"https:\/\/solucionescontract.com\/?post_type=product&amp;p=28321&amp;preview=true\">aqu\u00ed<\/a><\/span><\/li>\n<\/ul>\n","protected":false},"featured_media":28389,"comment_status":"open","ping_status":"closed","template":"","meta":[],"product_brand":[],"product_cat":[528,596,634],"product_tag":[688,675],"class_list":{"0":"post-28379","1":"product","2":"type-product","3":"status-publish","4":"has-post-thumbnail","6":"product_cat-contract-seats","7":"product_cat-rest-furniture","8":"product_cat-hotel-sofa-bed","9":"product_tag-asientos-tapizados-en","10":"product_tag-interior-en","11":"product_shipping_class-producto-gran-volumen","12":"yith_product_brand-mopal","14":"first","15":"instock","16":"taxable","17":"shipping-taxable","18":"purchasable","19":"product-type-variable"},"yoast_head":"<!-- This site is optimized with the Yoast SEO plugin v27.3 - https:\/\/yoast.com\/product\/yoast-seo-wordpress\/ -->\n<title>SOF\u00c1 CAMA BARI - Muebles de dise\u00f1o en Soluciones Contract<\/title>\n<meta name=\"description\" content=\"Compra SOF\u00c1 CAMA BARI online en nuestra tienda de muebles Contract. Encuentra el mejor MOBILIARIO DE DISE\u00d1O para Hotel, Hogar y uso comercial. Descubre las mejores marcas en nuestro cat\u00e1logo.\" \/>\n<meta name=\"robots\" content=\"index, follow, max-snippet:-1, max-image-preview:large, max-video-preview:-1\" \/>\n<link rel=\"canonical\" href=\"https:\/\/solucionescontract.com\/fr\/producto\/sofa-cama-bari\/\" \/>\n<meta property=\"og:locale\" content=\"fr_FR\" \/>\n<meta property=\"og:type\" content=\"article\" \/>\n<meta property=\"og:title\" content=\"SOF\u00c1 CAMA BARI - Muebles de dise\u00f1o en Soluciones Contract\" \/>\n<meta property=\"og:description\" content=\"Compra SOF\u00c1 CAMA BARI online en nuestra tienda de muebles Contract. Encuentra el mejor MOBILIARIO DE DISE\u00d1O para Hotel, Hogar y uso comercial. Descubre las mejores marcas en nuestro cat\u00e1logo.\" \/>\n<meta property=\"og:url\" content=\"https:\/\/solucionescontract.com\/fr\/producto\/sofa-cama-bari\/\" \/>\n<meta property=\"og:site_name\" content=\"Soluciones Contract\" \/>\n<meta property=\"article:publisher\" content=\"https:\/\/www.facebook.com\/solucionescontract\/\" \/>\n<meta property=\"article:modified_time\" content=\"2025-01-30T19:35:25+00:00\" \/>\n<meta property=\"og:image\" content=\"https:\/\/solucionescontract.com\/wp-content\/uploads\/2022\/05\/Sofa-cama-Bari.jpg\" \/>\n\t<meta property=\"og:image:width\" content=\"990\" \/>\n\t<meta property=\"og:image:height\" content=\"990\" \/>\n\t<meta property=\"og:image:type\" content=\"image\/jpeg\" \/>\n<meta name=\"twitter:card\" content=\"summary_large_image\" \/>\n<meta name=\"twitter:label1\" content=\"Dur\u00e9e de lecture estim\u00e9e\" \/>\n\t<meta name=\"twitter:data1\" content=\"2 minutes\" \/>\n<script type=\"application\/ld+json\" class=\"yoast-schema-graph\">{\"@context\":\"https:\\\/\\\/schema.org\",\"@graph\":[{\"@type\":\"WebPage\",\"@id\":\"https:\\\/\\\/solucionescontract.com\\\/fr\\\/producto\\\/sofa-cama-bari\\\/\",\"url\":\"https:\\\/\\\/solucionescontract.com\\\/fr\\\/producto\\\/sofa-cama-bari\\\/\",\"name\":\"SOF\u00c1 CAMA BARI - Muebles de dise\u00f1o en Soluciones Contract\",\"isPartOf\":{\"@id\":\"https:\\\/\\\/solucionescontract.com\\\/#website\"},\"primaryImageOfPage\":{\"@id\":\"https:\\\/\\\/solucionescontract.com\\\/fr\\\/producto\\\/sofa-cama-bari\\\/#primaryimage\"},\"image\":{\"@id\":\"https:\\\/\\\/solucionescontract.com\\\/fr\\\/producto\\\/sofa-cama-bari\\\/#primaryimage\"},\"thumbnailUrl\":\"https:\\\/\\\/solucionescontract.com\\\/wp-content\\\/uploads\\\/2022\\\/05\\\/Sofa-cama-Bari.jpg\",\"datePublished\":\"2023-03-21T18:27:55+00:00\",\"dateModified\":\"2025-01-30T19:35:25+00:00\",\"description\":\"Compra SOF\u00c1 CAMA BARI online en nuestra tienda de muebles Contract. Encuentra el mejor MOBILIARIO DE DISE\u00d1O para Hotel, Hogar y uso comercial. Descubre las mejores marcas en nuestro cat\u00e1logo.\",\"breadcrumb\":{\"@id\":\"https:\\\/\\\/solucionescontract.com\\\/fr\\\/producto\\\/sofa-cama-bari\\\/#breadcrumb\"},\"inLanguage\":\"fr-FR\",\"potentialAction\":[{\"@type\":\"ReadAction\",\"target\":[\"https:\\\/\\\/solucionescontract.com\\\/fr\\\/producto\\\/sofa-cama-bari\\\/\"]}]},{\"@type\":\"ImageObject\",\"inLanguage\":\"fr-FR\",\"@id\":\"https:\\\/\\\/solucionescontract.com\\\/fr\\\/producto\\\/sofa-cama-bari\\\/#primaryimage\",\"url\":\"https:\\\/\\\/solucionescontract.com\\\/wp-content\\\/uploads\\\/2022\\\/05\\\/Sofa-cama-Bari.jpg\",\"contentUrl\":\"https:\\\/\\\/solucionescontract.com\\\/wp-content\\\/uploads\\\/2022\\\/05\\\/Sofa-cama-Bari.jpg\",\"width\":990,\"height\":990},{\"@type\":\"BreadcrumbList\",\"@id\":\"https:\\\/\\\/solucionescontract.com\\\/fr\\\/producto\\\/sofa-cama-bari\\\/#breadcrumb\",\"itemListElement\":[{\"@type\":\"ListItem\",\"position\":1,\"name\":\"Inicio\",\"item\":\"https:\\\/\\\/solucionescontract.com\\\/\"},{\"@type\":\"ListItem\",\"position\":2,\"name\":\"Tienda mobiliario contract\",\"item\":\"https:\\\/\\\/solucionescontract.com\\\/tienda-mobiliario-contract\\\/\"},{\"@type\":\"ListItem\",\"position\":3,\"name\":\"Asientos Contract\",\"item\":\"https:\\\/\\\/solucionescontract.com\\\/categoria-producto\\\/asientos-para-contract\\\/\"},{\"@type\":\"ListItem\",\"position\":4,\"name\":\"SOF\u00c1 CAMA BARI\"}]},{\"@type\":\"WebSite\",\"@id\":\"https:\\\/\\\/solucionescontract.com\\\/#website\",\"url\":\"https:\\\/\\\/solucionescontract.com\\\/\",\"name\":\"Soluciones Contract\",\"description\":\"Venta Mobiliario contract de dise\u00f1o\",\"publisher\":{\"@id\":\"https:\\\/\\\/solucionescontract.com\\\/#organization\"},\"potentialAction\":[{\"@type\":\"SearchAction\",\"target\":{\"@type\":\"EntryPoint\",\"urlTemplate\":\"https:\\\/\\\/solucionescontract.com\\\/?s={search_term_string}\"},\"query-input\":{\"@type\":\"PropertyValueSpecification\",\"valueRequired\":true,\"valueName\":\"search_term_string\"}}],\"inLanguage\":\"fr-FR\"},{\"@type\":\"Organization\",\"@id\":\"https:\\\/\\\/solucionescontract.com\\\/#organization\",\"name\":\"Soluciones Contract\",\"url\":\"https:\\\/\\\/solucionescontract.com\\\/\",\"logo\":{\"@type\":\"ImageObject\",\"inLanguage\":\"fr-FR\",\"@id\":\"https:\\\/\\\/solucionescontract.com\\\/#\\\/schema\\\/logo\\\/image\\\/\",\"url\":\"https:\\\/\\\/solucionescontract.com\\\/wp-content\\\/uploads\\\/2020\\\/02\\\/logoSC.jpg\",\"contentUrl\":\"https:\\\/\\\/solucionescontract.com\\\/wp-content\\\/uploads\\\/2020\\\/02\\\/logoSC.jpg\",\"width\":300,\"height\":125,\"caption\":\"Soluciones Contract\"},\"image\":{\"@id\":\"https:\\\/\\\/solucionescontract.com\\\/#\\\/schema\\\/logo\\\/image\\\/\"},\"sameAs\":[\"https:\\\/\\\/www.facebook.com\\\/solucionescontract\\\/\"]}]}<\/script>\n<!-- \/ Yoast SEO plugin. -->","yoast_head_json":{"title":"SOF\u00c1 CAMA BARI - Muebles de dise\u00f1o en Soluciones Contract","description":"Compra SOF\u00c1 CAMA BARI online en nuestra tienda de muebles Contract. Encuentra el mejor MOBILIARIO DE DISE\u00d1O para Hotel, Hogar y uso comercial. Descubre las mejores marcas en nuestro cat\u00e1logo.","robots":{"index":"index","follow":"follow","max-snippet":"max-snippet:-1","max-image-preview":"max-image-preview:large","max-video-preview":"max-video-preview:-1"},"canonical":"https:\/\/solucionescontract.com\/fr\/producto\/sofa-cama-bari\/","og_locale":"fr_FR","og_type":"article","og_title":"SOF\u00c1 CAMA BARI - Muebles de dise\u00f1o en Soluciones Contract","og_description":"Compra SOF\u00c1 CAMA BARI online en nuestra tienda de muebles Contract. Encuentra el mejor MOBILIARIO DE DISE\u00d1O para Hotel, Hogar y uso comercial. Descubre las mejores marcas en nuestro cat\u00e1logo.","og_url":"https:\/\/solucionescontract.com\/fr\/producto\/sofa-cama-bari\/","og_site_name":"Soluciones Contract","article_publisher":"https:\/\/www.facebook.com\/solucionescontract\/","article_modified_time":"2025-01-30T19:35:25+00:00","og_image":[{"width":990,"height":990,"url":"https:\/\/solucionescontract.com\/wp-content\/uploads\/2022\/05\/Sofa-cama-Bari.jpg","type":"image\/jpeg"}],"twitter_card":"summary_large_image","twitter_misc":{"Dur\u00e9e de lecture estim\u00e9e":"2 minutes"},"schema":{"@context":"https:\/\/schema.org","@graph":[{"@type":"WebPage","@id":"https:\/\/solucionescontract.com\/fr\/producto\/sofa-cama-bari\/","url":"https:\/\/solucionescontract.com\/fr\/producto\/sofa-cama-bari\/","name":"SOF\u00c1 CAMA BARI - Muebles de dise\u00f1o en Soluciones Contract","isPartOf":{"@id":"https:\/\/solucionescontract.com\/#website"},"primaryImageOfPage":{"@id":"https:\/\/solucionescontract.com\/fr\/producto\/sofa-cama-bari\/#primaryimage"},"image":{"@id":"https:\/\/solucionescontract.com\/fr\/producto\/sofa-cama-bari\/#primaryimage"},"thumbnailUrl":"https:\/\/solucionescontract.com\/wp-content\/uploads\/2022\/05\/Sofa-cama-Bari.jpg","datePublished":"2023-03-21T18:27:55+00:00","dateModified":"2025-01-30T19:35:25+00:00","description":"Compra SOF\u00c1 CAMA BARI online en nuestra tienda de muebles Contract. Encuentra el mejor MOBILIARIO DE DISE\u00d1O para Hotel, Hogar y uso comercial. Descubre las mejores marcas en nuestro cat\u00e1logo.","breadcrumb":{"@id":"https:\/\/solucionescontract.com\/fr\/producto\/sofa-cama-bari\/#breadcrumb"},"inLanguage":"fr-FR","potentialAction":[{"@type":"ReadAction","target":["https:\/\/solucionescontract.com\/fr\/producto\/sofa-cama-bari\/"]}]},{"@type":"ImageObject","inLanguage":"fr-FR","@id":"https:\/\/solucionescontract.com\/fr\/producto\/sofa-cama-bari\/#primaryimage","url":"https:\/\/solucionescontract.com\/wp-content\/uploads\/2022\/05\/Sofa-cama-Bari.jpg","contentUrl":"https:\/\/solucionescontract.com\/wp-content\/uploads\/2022\/05\/Sofa-cama-Bari.jpg","width":990,"height":990},{"@type":"BreadcrumbList","@id":"https:\/\/solucionescontract.com\/fr\/producto\/sofa-cama-bari\/#breadcrumb","itemListElement":[{"@type":"ListItem","position":1,"name":"Inicio","item":"https:\/\/solucionescontract.com\/"},{"@type":"ListItem","position":2,"name":"Tienda mobiliario contract","item":"https:\/\/solucionescontract.com\/tienda-mobiliario-contract\/"},{"@type":"ListItem","position":3,"name":"Asientos Contract","item":"https:\/\/solucionescontract.com\/categoria-producto\/asientos-para-contract\/"},{"@type":"ListItem","position":4,"name":"SOF\u00c1 CAMA BARI"}]},{"@type":"WebSite","@id":"https:\/\/solucionescontract.com\/#website","url":"https:\/\/solucionescontract.com\/","name":"Soluciones Contract","description":"Venta Mobiliario contract de dise\u00f1o","publisher":{"@id":"https:\/\/solucionescontract.com\/#organization"},"potentialAction":[{"@type":"SearchAction","target":{"@type":"EntryPoint","urlTemplate":"https:\/\/solucionescontract.com\/?s={search_term_string}"},"query-input":{"@type":"PropertyValueSpecification","valueRequired":true,"valueName":"search_term_string"}}],"inLanguage":"fr-FR"},{"@type":"Organization","@id":"https:\/\/solucionescontract.com\/#organization","name":"Soluciones Contract","url":"https:\/\/solucionescontract.com\/","logo":{"@type":"ImageObject","inLanguage":"fr-FR","@id":"https:\/\/solucionescontract.com\/#\/schema\/logo\/image\/","url":"https:\/\/solucionescontract.com\/wp-content\/uploads\/2020\/02\/logoSC.jpg","contentUrl":"https:\/\/solucionescontract.com\/wp-content\/uploads\/2020\/02\/logoSC.jpg","width":300,"height":125,"caption":"Soluciones Contract"},"image":{"@id":"https:\/\/solucionescontract.com\/#\/schema\/logo\/image\/"},"sameAs":["https:\/\/www.facebook.com\/solucionescontract\/"]}]}},"_links":{"self":[{"href":"https:\/\/solucionescontract.com\/fr\/wp-json\/wp\/v2\/product\/28379","targetHints":{"allow":["GET"]}}],"collection":[{"href":"https:\/\/solucionescontract.com\/fr\/wp-json\/wp\/v2\/product"}],"about":[{"href":"https:\/\/solucionescontract.com\/fr\/wp-json\/wp\/v2\/types\/product"}],"replies":[{"embeddable":true,"href":"https:\/\/solucionescontract.com\/fr\/wp-json\/wp\/v2\/comments?post=28379"}],"wp:featuredmedia":[{"embeddable":true,"href":"https:\/\/solucionescontract.com\/fr\/wp-json\/wp\/v2\/media\/28389"}],"wp:attachment":[{"href":"https:\/\/solucionescontract.com\/fr\/wp-json\/wp\/v2\/media?parent=28379"}],"wp:term":[{"taxonomy":"product_brand","embeddable":true,"href":"https:\/\/solucionescontract.com\/fr\/wp-json\/wp\/v2\/product_brand?post=28379"},{"taxonomy":"product_cat","embeddable":true,"href":"https:\/\/solucionescontract.com\/fr\/wp-json\/wp\/v2\/product_cat?post=28379"},{"taxonomy":"product_tag","embeddable":true,"href":"https:\/\/solucionescontract.com\/fr\/wp-json\/wp\/v2\/product_tag?post=28379"}],"curies":[{"name":"wp","href":"https:\/\/api.w.org\/{rel}","templated":true}]}}