{"id":28350,"date":"2024-08-22T16:51:34","date_gmt":"2024-08-22T15:51:34","guid":{"rendered":"https:\/\/www.solucionescontract.com\/?post_type=product&#038;p=28350"},"modified":"2024-08-22T16:51:35","modified_gmt":"2024-08-22T15:51:35","slug":"sillon-relax-alba","status":"publish","type":"product","link":"https:\/\/solucionescontract.com\/fr\/producto\/sillon-relax-alba\/","title":{"rendered":"SILL\u00d3N RELAX ALBA"},"content":{"rendered":"<p>El\u00a0<strong> sill\u00f3n relax Alba<\/strong> tiene una <strong>estructura de madera de pino<\/strong> reforzada con tablero de part\u00edculas y sus cuatro patas se presentan en color madera natural d\u00e1ndole car\u00e1cter c\u00e1lido y elegante. El asiento esta reforzado con unas cinchas recubiertas de m\u00e1xima calidad y la almohada del asiento es de poliuretano de 30 kg \/m3 recubierta de fibra de poli\u00e9ster, la del respaldo es tambi\u00e9n de poliuretano de 20kg \/ m3.<\/p>\n<p><em>Sill\u00f3n reclinable con elevador manual o motorizado .<\/em><\/p>\n<p>Se le ha colocado un cargador USB en la botonera.<\/p>\n<p>Medidas:<\/p>\n<p>Ancho: 69 cm.<br \/>\nFondo: 84 cm.<br \/>\nAlto: 105 cm.<br \/>\nAltura respaldo: 71 cm.<br \/>\nAltura asiento: 48 cm.<br \/>\nFondo asiento: 48 cm.<br \/>\nAncho asiento: 50 cm.<br \/>\nMedida abierto: 162 cm<\/p>\n<p>&nbsp;<\/p>\n<p><a href=\"https:\/\/solucionescontract.com\/wp-content\/uploads\/2022\/05\/Captura-de-pantalla-2022-05-26-164503.png\"><img decoding=\"async\" class=\" wd-lazy-fade wp-image-28360 size-full aligncenter\" src=\"https:\/\/solucionescontract.com\/wp-content\/themes\/woodmart\/images\/lazy.svg\" data-src=\"https:\/\/solucionescontract.com\/wp-content\/uploads\/2022\/05\/Captura-de-pantalla-2022-05-26-164503.png\" alt=\"\" width=\"253\" height=\"292\" srcset=\"\" data-srcset=\"https:\/\/solucionescontract.com\/wp-content\/uploads\/2022\/05\/Captura-de-pantalla-2022-05-26-164503.png 253w, https:\/\/solucionescontract.com\/wp-content\/uploads\/2022\/05\/Captura-de-pantalla-2022-05-26-164503-17x20.png 17w, https:\/\/solucionescontract.com\/wp-content\/uploads\/2022\/05\/Captura-de-pantalla-2022-05-26-164503-150x173.png 150w\" sizes=\"(max-width: 253px) 100vw, 253px\" \/><\/a><\/p>\n","protected":false},"excerpt":{"rendered":"<ul>\n<li>Sill\u00f3n relax con respaldo reclinable y elevador para mejor descanso de las piernas<\/li>\n<li>Su estructura es de madera de pino reforzado de tablero de part\u00edculas. La suspensi\u00f3n del asiento est\u00e1 reforzada con unas cinchas recubiertas de m\u00e1xima calidad.<\/li>\n<li>Sus\u00a0 patas son de madera color natural.<\/li>\n<li>Dos opciones disponibles, apertura con mecanismo manual o con elevador motorizado<\/li>\n<li>Tiene un cargador USB en la botonera.<\/li>\n<li>Fabricaci\u00f3n espa\u00f1ola<\/li>\n<li><span style=\"font-size: 14pt;\"><b style=\"font-size: 14pt;\">Modelo foto tapizado colecci\u00f3n Chapi <\/b><span style=\"font-size: 18.6667px;\"><b>oc\u00e9ano<\/b><\/span><b style=\"font-size: 14pt;\">. Otros acabados disponibles selecciona <\/b><a style=\"font-size: 14pt; font-weight: bold;\" href=\"https:\/\/solucionescontract.com\/?post_type=product&amp;p=28321&amp;preview=true\">aqu\u00ed<\/a><\/span><\/li>\n<\/ul>\n","protected":false},"featured_media":31708,"comment_status":"open","ping_status":"closed","template":"","meta":[],"product_brand":[],"product_cat":[221,63],"product_tag":[60,52],"class_list":{"0":"post-28350","1":"product","2":"type-product","3":"status-publish","4":"has-post-thumbnail","6":"product_cat-asientos-para-contract","7":"product_cat-butacas-de-diseno","8":"product_tag-asientos-tapizados","9":"product_tag-interior","10":"product_shipping_class-envio-gratuito","11":"yith_product_brand-mopal","13":"first","14":"instock","15":"taxable","16":"shipping-taxable","17":"purchasable","18":"product-type-variable"},"yoast_head":"<!-- This site is optimized with the Yoast SEO plugin v27.3 - https:\/\/yoast.com\/product\/yoast-seo-wordpress\/ -->\n<title>SILL\u00d3N RELAX ALBA - Muebles de dise\u00f1o en Soluciones Contract<\/title>\n<meta name=\"description\" content=\"Compra SILL\u00d3N RELAX ALBA online en nuestra tienda de muebles Contract. Encuentra el mejor MOBILIARIO DE DISE\u00d1O para Hotel, Hogar y uso comercial. Descubre las mejores marcas en nuestro cat\u00e1logo.\" \/>\n<meta name=\"robots\" content=\"index, follow, max-snippet:-1, max-image-preview:large, max-video-preview:-1\" \/>\n<link rel=\"canonical\" href=\"https:\/\/solucionescontract.com\/producto\/sillon-relax-alba\/\" \/>\n<meta property=\"og:locale\" content=\"fr_FR\" \/>\n<meta property=\"og:type\" content=\"article\" \/>\n<meta property=\"og:title\" content=\"SILL\u00d3N RELAX ALBA - Muebles de dise\u00f1o en Soluciones Contract\" \/>\n<meta property=\"og:description\" content=\"Compra SILL\u00d3N RELAX ALBA online en nuestra tienda de muebles Contract. Encuentra el mejor MOBILIARIO DE DISE\u00d1O para Hotel, Hogar y uso comercial. Descubre las mejores marcas en nuestro cat\u00e1logo.\" \/>\n<meta property=\"og:url\" content=\"https:\/\/solucionescontract.com\/producto\/sillon-relax-alba\/\" \/>\n<meta property=\"og:site_name\" content=\"Soluciones Contract\" \/>\n<meta property=\"article:publisher\" content=\"https:\/\/www.facebook.com\/solucionescontract\/\" \/>\n<meta property=\"article:modified_time\" content=\"2024-08-22T15:51:35+00:00\" \/>\n<meta property=\"og:image\" content=\"https:\/\/solucionescontract.com\/wp-content\/uploads\/2023\/11\/alba_sillon-relax-e1724312375788.jpg\" \/>\n\t<meta property=\"og:image:width\" content=\"1000\" \/>\n\t<meta property=\"og:image:height\" content=\"1000\" \/>\n\t<meta property=\"og:image:type\" content=\"image\/jpeg\" \/>\n<meta name=\"twitter:card\" content=\"summary_large_image\" \/>\n<meta name=\"twitter:label1\" content=\"Dur\u00e9e de lecture estim\u00e9e\" \/>\n\t<meta name=\"twitter:data1\" content=\"2 minutes\" \/>\n<script type=\"application\/ld+json\" class=\"yoast-schema-graph\">{\"@context\":\"https:\\\/\\\/schema.org\",\"@graph\":[{\"@type\":\"WebPage\",\"@id\":\"https:\\\/\\\/solucionescontract.com\\\/producto\\\/sillon-relax-alba\\\/\",\"url\":\"https:\\\/\\\/solucionescontract.com\\\/producto\\\/sillon-relax-alba\\\/\",\"name\":\"SILL\u00d3N RELAX ALBA - Muebles de dise\u00f1o en Soluciones Contract\",\"isPartOf\":{\"@id\":\"https:\\\/\\\/solucionescontract.com\\\/#website\"},\"primaryImageOfPage\":{\"@id\":\"https:\\\/\\\/solucionescontract.com\\\/producto\\\/sillon-relax-alba\\\/#primaryimage\"},\"image\":{\"@id\":\"https:\\\/\\\/solucionescontract.com\\\/producto\\\/sillon-relax-alba\\\/#primaryimage\"},\"thumbnailUrl\":\"https:\\\/\\\/solucionescontract.com\\\/wp-content\\\/uploads\\\/2023\\\/11\\\/alba_sillon-relax-e1724312375788.jpg\",\"datePublished\":\"2024-08-22T15:51:34+00:00\",\"dateModified\":\"2024-08-22T15:51:35+00:00\",\"description\":\"Compra SILL\u00d3N RELAX ALBA online en nuestra tienda de muebles Contract. Encuentra el mejor MOBILIARIO DE DISE\u00d1O para Hotel, Hogar y uso comercial. Descubre las mejores marcas en nuestro cat\u00e1logo.\",\"breadcrumb\":{\"@id\":\"https:\\\/\\\/solucionescontract.com\\\/producto\\\/sillon-relax-alba\\\/#breadcrumb\"},\"inLanguage\":\"fr-FR\",\"potentialAction\":[{\"@type\":\"ReadAction\",\"target\":[\"https:\\\/\\\/solucionescontract.com\\\/producto\\\/sillon-relax-alba\\\/\"]}]},{\"@type\":\"ImageObject\",\"inLanguage\":\"fr-FR\",\"@id\":\"https:\\\/\\\/solucionescontract.com\\\/producto\\\/sillon-relax-alba\\\/#primaryimage\",\"url\":\"https:\\\/\\\/solucionescontract.com\\\/wp-content\\\/uploads\\\/2023\\\/11\\\/alba_sillon-relax-e1724312375788.jpg\",\"contentUrl\":\"https:\\\/\\\/solucionescontract.com\\\/wp-content\\\/uploads\\\/2023\\\/11\\\/alba_sillon-relax-e1724312375788.jpg\",\"width\":1000,\"height\":1000,\"caption\":\"siil\u00f3n relax con elevador\"},{\"@type\":\"BreadcrumbList\",\"@id\":\"https:\\\/\\\/solucionescontract.com\\\/producto\\\/sillon-relax-alba\\\/#breadcrumb\",\"itemListElement\":[{\"@type\":\"ListItem\",\"position\":1,\"name\":\"Inicio\",\"item\":\"https:\\\/\\\/solucionescontract.com\\\/\"},{\"@type\":\"ListItem\",\"position\":2,\"name\":\"Tienda mobiliario contract\",\"item\":\"https:\\\/\\\/solucionescontract.com\\\/tienda-mobiliario-contract\\\/\"},{\"@type\":\"ListItem\",\"position\":3,\"name\":\"Asientos Contract\",\"item\":\"https:\\\/\\\/solucionescontract.com\\\/categoria-producto\\\/asientos-para-contract\\\/\"},{\"@type\":\"ListItem\",\"position\":4,\"name\":\"SILL\u00d3N RELAX ALBA\"}]},{\"@type\":\"WebSite\",\"@id\":\"https:\\\/\\\/solucionescontract.com\\\/#website\",\"url\":\"https:\\\/\\\/solucionescontract.com\\\/\",\"name\":\"Soluciones Contract\",\"description\":\"Venta Mobiliario contract de dise\u00f1o\",\"publisher\":{\"@id\":\"https:\\\/\\\/solucionescontract.com\\\/#organization\"},\"potentialAction\":[{\"@type\":\"SearchAction\",\"target\":{\"@type\":\"EntryPoint\",\"urlTemplate\":\"https:\\\/\\\/solucionescontract.com\\\/?s={search_term_string}\"},\"query-input\":{\"@type\":\"PropertyValueSpecification\",\"valueRequired\":true,\"valueName\":\"search_term_string\"}}],\"inLanguage\":\"fr-FR\"},{\"@type\":\"Organization\",\"@id\":\"https:\\\/\\\/solucionescontract.com\\\/#organization\",\"name\":\"Soluciones Contract\",\"url\":\"https:\\\/\\\/solucionescontract.com\\\/\",\"logo\":{\"@type\":\"ImageObject\",\"inLanguage\":\"fr-FR\",\"@id\":\"https:\\\/\\\/solucionescontract.com\\\/#\\\/schema\\\/logo\\\/image\\\/\",\"url\":\"https:\\\/\\\/solucionescontract.com\\\/wp-content\\\/uploads\\\/2020\\\/02\\\/logoSC.jpg\",\"contentUrl\":\"https:\\\/\\\/solucionescontract.com\\\/wp-content\\\/uploads\\\/2020\\\/02\\\/logoSC.jpg\",\"width\":300,\"height\":125,\"caption\":\"Soluciones Contract\"},\"image\":{\"@id\":\"https:\\\/\\\/solucionescontract.com\\\/#\\\/schema\\\/logo\\\/image\\\/\"},\"sameAs\":[\"https:\\\/\\\/www.facebook.com\\\/solucionescontract\\\/\"]}]}<\/script>\n<!-- \/ Yoast SEO plugin. -->","yoast_head_json":{"title":"SILL\u00d3N RELAX ALBA - Muebles de dise\u00f1o en Soluciones Contract","description":"Compra SILL\u00d3N RELAX ALBA online en nuestra tienda de muebles Contract. Encuentra el mejor MOBILIARIO DE DISE\u00d1O para Hotel, Hogar y uso comercial. Descubre las mejores marcas en nuestro cat\u00e1logo.","robots":{"index":"index","follow":"follow","max-snippet":"max-snippet:-1","max-image-preview":"max-image-preview:large","max-video-preview":"max-video-preview:-1"},"canonical":"https:\/\/solucionescontract.com\/producto\/sillon-relax-alba\/","og_locale":"fr_FR","og_type":"article","og_title":"SILL\u00d3N RELAX ALBA - Muebles de dise\u00f1o en Soluciones Contract","og_description":"Compra SILL\u00d3N RELAX ALBA online en nuestra tienda de muebles Contract. Encuentra el mejor MOBILIARIO DE DISE\u00d1O para Hotel, Hogar y uso comercial. Descubre las mejores marcas en nuestro cat\u00e1logo.","og_url":"https:\/\/solucionescontract.com\/producto\/sillon-relax-alba\/","og_site_name":"Soluciones Contract","article_publisher":"https:\/\/www.facebook.com\/solucionescontract\/","article_modified_time":"2024-08-22T15:51:35+00:00","og_image":[{"width":1000,"height":1000,"url":"https:\/\/solucionescontract.com\/wp-content\/uploads\/2023\/11\/alba_sillon-relax-e1724312375788.jpg","type":"image\/jpeg"}],"twitter_card":"summary_large_image","twitter_misc":{"Dur\u00e9e de lecture estim\u00e9e":"2 minutes"},"schema":{"@context":"https:\/\/schema.org","@graph":[{"@type":"WebPage","@id":"https:\/\/solucionescontract.com\/producto\/sillon-relax-alba\/","url":"https:\/\/solucionescontract.com\/producto\/sillon-relax-alba\/","name":"SILL\u00d3N RELAX ALBA - Muebles de dise\u00f1o en Soluciones Contract","isPartOf":{"@id":"https:\/\/solucionescontract.com\/#website"},"primaryImageOfPage":{"@id":"https:\/\/solucionescontract.com\/producto\/sillon-relax-alba\/#primaryimage"},"image":{"@id":"https:\/\/solucionescontract.com\/producto\/sillon-relax-alba\/#primaryimage"},"thumbnailUrl":"https:\/\/solucionescontract.com\/wp-content\/uploads\/2023\/11\/alba_sillon-relax-e1724312375788.jpg","datePublished":"2024-08-22T15:51:34+00:00","dateModified":"2024-08-22T15:51:35+00:00","description":"Compra SILL\u00d3N RELAX ALBA online en nuestra tienda de muebles Contract. Encuentra el mejor MOBILIARIO DE DISE\u00d1O para Hotel, Hogar y uso comercial. Descubre las mejores marcas en nuestro cat\u00e1logo.","breadcrumb":{"@id":"https:\/\/solucionescontract.com\/producto\/sillon-relax-alba\/#breadcrumb"},"inLanguage":"fr-FR","potentialAction":[{"@type":"ReadAction","target":["https:\/\/solucionescontract.com\/producto\/sillon-relax-alba\/"]}]},{"@type":"ImageObject","inLanguage":"fr-FR","@id":"https:\/\/solucionescontract.com\/producto\/sillon-relax-alba\/#primaryimage","url":"https:\/\/solucionescontract.com\/wp-content\/uploads\/2023\/11\/alba_sillon-relax-e1724312375788.jpg","contentUrl":"https:\/\/solucionescontract.com\/wp-content\/uploads\/2023\/11\/alba_sillon-relax-e1724312375788.jpg","width":1000,"height":1000,"caption":"siil\u00f3n relax con elevador"},{"@type":"BreadcrumbList","@id":"https:\/\/solucionescontract.com\/producto\/sillon-relax-alba\/#breadcrumb","itemListElement":[{"@type":"ListItem","position":1,"name":"Inicio","item":"https:\/\/solucionescontract.com\/"},{"@type":"ListItem","position":2,"name":"Tienda mobiliario contract","item":"https:\/\/solucionescontract.com\/tienda-mobiliario-contract\/"},{"@type":"ListItem","position":3,"name":"Asientos Contract","item":"https:\/\/solucionescontract.com\/categoria-producto\/asientos-para-contract\/"},{"@type":"ListItem","position":4,"name":"SILL\u00d3N RELAX ALBA"}]},{"@type":"WebSite","@id":"https:\/\/solucionescontract.com\/#website","url":"https:\/\/solucionescontract.com\/","name":"Soluciones Contract","description":"Venta Mobiliario contract de dise\u00f1o","publisher":{"@id":"https:\/\/solucionescontract.com\/#organization"},"potentialAction":[{"@type":"SearchAction","target":{"@type":"EntryPoint","urlTemplate":"https:\/\/solucionescontract.com\/?s={search_term_string}"},"query-input":{"@type":"PropertyValueSpecification","valueRequired":true,"valueName":"search_term_string"}}],"inLanguage":"fr-FR"},{"@type":"Organization","@id":"https:\/\/solucionescontract.com\/#organization","name":"Soluciones Contract","url":"https:\/\/solucionescontract.com\/","logo":{"@type":"ImageObject","inLanguage":"fr-FR","@id":"https:\/\/solucionescontract.com\/#\/schema\/logo\/image\/","url":"https:\/\/solucionescontract.com\/wp-content\/uploads\/2020\/02\/logoSC.jpg","contentUrl":"https:\/\/solucionescontract.com\/wp-content\/uploads\/2020\/02\/logoSC.jpg","width":300,"height":125,"caption":"Soluciones Contract"},"image":{"@id":"https:\/\/solucionescontract.com\/#\/schema\/logo\/image\/"},"sameAs":["https:\/\/www.facebook.com\/solucionescontract\/"]}]}},"_links":{"self":[{"href":"https:\/\/solucionescontract.com\/fr\/wp-json\/wp\/v2\/product\/28350","targetHints":{"allow":["GET"]}}],"collection":[{"href":"https:\/\/solucionescontract.com\/fr\/wp-json\/wp\/v2\/product"}],"about":[{"href":"https:\/\/solucionescontract.com\/fr\/wp-json\/wp\/v2\/types\/product"}],"replies":[{"embeddable":true,"href":"https:\/\/solucionescontract.com\/fr\/wp-json\/wp\/v2\/comments?post=28350"}],"wp:featuredmedia":[{"embeddable":true,"href":"https:\/\/solucionescontract.com\/fr\/wp-json\/wp\/v2\/media\/31708"}],"wp:attachment":[{"href":"https:\/\/solucionescontract.com\/fr\/wp-json\/wp\/v2\/media?parent=28350"}],"wp:term":[{"taxonomy":"product_brand","embeddable":true,"href":"https:\/\/solucionescontract.com\/fr\/wp-json\/wp\/v2\/product_brand?post=28350"},{"taxonomy":"product_cat","embeddable":true,"href":"https:\/\/solucionescontract.com\/fr\/wp-json\/wp\/v2\/product_cat?post=28350"},{"taxonomy":"product_tag","embeddable":true,"href":"https:\/\/solucionescontract.com\/fr\/wp-json\/wp\/v2\/product_tag?post=28350"}],"curies":[{"name":"wp","href":"https:\/\/api.w.org\/{rel}","templated":true}]}}