{"id":28331,"date":"2023-04-25T11:31:15","date_gmt":"2023-04-25T10:31:15","guid":{"rendered":"https:\/\/www.solucionescontract.com\/?post_type=product&#038;p=28331"},"modified":"2023-04-25T11:31:17","modified_gmt":"2023-04-25T10:31:17","slug":"sillon-de-relax-claudia","status":"publish","type":"product","link":"https:\/\/solucionescontract.com\/fr\/producto\/sillon-de-relax-claudia\/","title":{"rendered":"SILL\u00d3N DE RELAX CLAUDIA"},"content":{"rendered":"<p>El sill\u00f3n relax Claudia es un fant\u00e1stico sill\u00f3n de descanso.<\/p>\n<p>Nuestro sill\u00f3n\u00a0 tiene un respaldo con pist\u00f3n de bloqueo y su mecanismo puede ser de bater\u00eda o manual. Su estructura es de madera de pino y esta reforzada con un tablero de part\u00edculas. Posee un elegante pie giratorio en aluminio negro o mate; el asiento es de muelles en zig zag y la almohada del asiento es de poliuretano de 35 kg \/m3 recubierta de fibra de poli\u00e9ster, la del respaldo es tambi\u00e9n de poliuretano de 20kg \/ m3. El cabezal es reclinable.<\/p>\n<p><img decoding=\"async\" class=\" wd-lazy-fade alignnone size-medium wp-image-28332\" src=\"https:\/\/solucionescontract.com\/wp-content\/themes\/woodmart\/images\/lazy.svg\" data-src=\"https:\/\/solucionescontract.com\/wp-content\/uploads\/2022\/05\/Captura-de-pantalla-2022-05-24-180926-300x289.png\" alt=\"\" width=\"300\" height=\"289\" srcset=\"\" data-srcset=\"https:\/\/solucionescontract.com\/wp-content\/uploads\/2022\/05\/Captura-de-pantalla-2022-05-24-180926-300x289.png 300w, https:\/\/solucionescontract.com\/wp-content\/uploads\/2022\/05\/Captura-de-pantalla-2022-05-24-180926-21x20.png 21w, https:\/\/solucionescontract.com\/wp-content\/uploads\/2022\/05\/Captura-de-pantalla-2022-05-24-180926-150x145.png 150w, https:\/\/solucionescontract.com\/wp-content\/uploads\/2022\/05\/Captura-de-pantalla-2022-05-24-180926.png 355w\" sizes=\"(max-width: 300px) 100vw, 300px\" \/><\/p>\n<p>&nbsp;<\/script><\/p>\n","protected":false},"excerpt":{"rendered":"<ul>\n<li>Elegante sill\u00f3n de relax con respaldo de bloqueo.<\/li>\n<li>Mecanismo a elegir, manual o con bater\u00eda.<\/li>\n<li>Pie giratorio de aluminio disponible en mate o negro.<\/li>\n<li>Suspensi\u00f3n de siento muelles en zig zag.<\/li>\n<li>Almohada y asiento de espuma de poliuretano.<\/li>\n<li>Medidas: 115 x\u00a0 84 x 68.<\/li>\n<li><span style=\"font-size: 14pt;\"><strong>Modelo foto tapizado colecci\u00f3n Pompeya granate. Otros acabados disponibles selecciona <a href=\"https:\/\/solucionescontract.com\/?post_type=product&amp;p=28321&amp;preview=true\">aqu\u00ed<\/a><\/strong><\/span><\/li>\n<\/ul>\n","protected":false},"featured_media":28335,"comment_status":"open","ping_status":"closed","template":"","meta":[],"product_brand":[],"product_cat":[529,531,627],"product_tag":[689,655,756],"class_list":{"0":"post-28331","1":"product","2":"type-product","3":"status-publish","4":"has-post-thumbnail","6":"product_cat-sieges-contractuels","7":"product_cat-fauteuils-design","8":"product_cat-fauteuil-contract","9":"product_tag-asientos-tapizados-fr","10":"product_tag-interior-fr","11":"product_tag-sillas-y-sillones-de-diseno-fr","12":"product_shipping_class-gratuit","13":"yith_product_brand-mopal","15":"first","16":"instock","17":"taxable","18":"shipping-taxable","19":"purchasable","20":"product-type-variable"},"yoast_head":"<!-- This site is optimized with the Yoast SEO plugin v27.3 - https:\/\/yoast.com\/product\/yoast-seo-wordpress\/ -->\n<title>SILL\u00d3N DE RELAX CLAUDIA - Muebles de dise\u00f1o en Soluciones Contract<\/title>\n<meta name=\"description\" content=\"Compra SILL\u00d3N DE RELAX CLAUDIA online en nuestra tienda de muebles Contract. Encuentra el mejor MOBILIARIO DE DISE\u00d1O para Hotel, Hogar y uso comercial. Descubre las mejores marcas en nuestro cat\u00e1logo.\" \/>\n<meta name=\"robots\" content=\"index, follow, max-snippet:-1, max-image-preview:large, max-video-preview:-1\" \/>\n<link rel=\"canonical\" href=\"https:\/\/solucionescontract.com\/fr\/producto\/sillon-de-relax-claudia\/\" \/>\n<meta property=\"og:locale\" content=\"fr_FR\" \/>\n<meta property=\"og:type\" content=\"article\" \/>\n<meta property=\"og:title\" content=\"SILL\u00d3N DE RELAX CLAUDIA - Muebles de dise\u00f1o en Soluciones Contract\" \/>\n<meta property=\"og:description\" content=\"Compra SILL\u00d3N DE RELAX CLAUDIA online en nuestra tienda de muebles Contract. Encuentra el mejor MOBILIARIO DE DISE\u00d1O para Hotel, Hogar y uso comercial. Descubre las mejores marcas en nuestro cat\u00e1logo.\" \/>\n<meta property=\"og:url\" content=\"https:\/\/solucionescontract.com\/fr\/producto\/sillon-de-relax-claudia\/\" \/>\n<meta property=\"og:site_name\" content=\"Soluciones Contract\" \/>\n<meta property=\"article:publisher\" content=\"https:\/\/www.facebook.com\/solucionescontract\/\" \/>\n<meta property=\"article:modified_time\" content=\"2023-04-25T10:31:17+00:00\" \/>\n<meta property=\"og:image\" content=\"https:\/\/solucionescontract.com\/wp-content\/uploads\/2022\/05\/sillon-Claudia.jpg\" \/>\n\t<meta property=\"og:image:width\" content=\"981\" \/>\n\t<meta property=\"og:image:height\" content=\"981\" \/>\n\t<meta property=\"og:image:type\" content=\"image\/jpeg\" \/>\n<meta name=\"twitter:card\" content=\"summary_large_image\" \/>\n<meta name=\"twitter:label1\" content=\"Dur\u00e9e de lecture estim\u00e9e\" \/>\n\t<meta name=\"twitter:data1\" content=\"1 minute\" \/>\n<script type=\"application\/ld+json\" class=\"yoast-schema-graph\">{\"@context\":\"https:\\\/\\\/schema.org\",\"@graph\":[{\"@type\":\"WebPage\",\"@id\":\"https:\\\/\\\/solucionescontract.com\\\/fr\\\/producto\\\/sillon-de-relax-claudia\\\/\",\"url\":\"https:\\\/\\\/solucionescontract.com\\\/fr\\\/producto\\\/sillon-de-relax-claudia\\\/\",\"name\":\"SILL\u00d3N DE RELAX CLAUDIA - Muebles de dise\u00f1o en Soluciones Contract\",\"isPartOf\":{\"@id\":\"https:\\\/\\\/solucionescontract.com\\\/#website\"},\"primaryImageOfPage\":{\"@id\":\"https:\\\/\\\/solucionescontract.com\\\/fr\\\/producto\\\/sillon-de-relax-claudia\\\/#primaryimage\"},\"image\":{\"@id\":\"https:\\\/\\\/solucionescontract.com\\\/fr\\\/producto\\\/sillon-de-relax-claudia\\\/#primaryimage\"},\"thumbnailUrl\":\"https:\\\/\\\/solucionescontract.com\\\/wp-content\\\/uploads\\\/2022\\\/05\\\/sillon-Claudia.jpg\",\"datePublished\":\"2023-04-25T10:31:15+00:00\",\"dateModified\":\"2023-04-25T10:31:17+00:00\",\"description\":\"Compra SILL\u00d3N DE RELAX CLAUDIA online en nuestra tienda de muebles Contract. Encuentra el mejor MOBILIARIO DE DISE\u00d1O para Hotel, Hogar y uso comercial. Descubre las mejores marcas en nuestro cat\u00e1logo.\",\"breadcrumb\":{\"@id\":\"https:\\\/\\\/solucionescontract.com\\\/fr\\\/producto\\\/sillon-de-relax-claudia\\\/#breadcrumb\"},\"inLanguage\":\"fr-FR\",\"potentialAction\":[{\"@type\":\"ReadAction\",\"target\":[\"https:\\\/\\\/solucionescontract.com\\\/fr\\\/producto\\\/sillon-de-relax-claudia\\\/\"]}]},{\"@type\":\"ImageObject\",\"inLanguage\":\"fr-FR\",\"@id\":\"https:\\\/\\\/solucionescontract.com\\\/fr\\\/producto\\\/sillon-de-relax-claudia\\\/#primaryimage\",\"url\":\"https:\\\/\\\/solucionescontract.com\\\/wp-content\\\/uploads\\\/2022\\\/05\\\/sillon-Claudia.jpg\",\"contentUrl\":\"https:\\\/\\\/solucionescontract.com\\\/wp-content\\\/uploads\\\/2022\\\/05\\\/sillon-Claudia.jpg\",\"width\":981,\"height\":981},{\"@type\":\"BreadcrumbList\",\"@id\":\"https:\\\/\\\/solucionescontract.com\\\/fr\\\/producto\\\/sillon-de-relax-claudia\\\/#breadcrumb\",\"itemListElement\":[{\"@type\":\"ListItem\",\"position\":1,\"name\":\"Inicio\",\"item\":\"https:\\\/\\\/solucionescontract.com\\\/\"},{\"@type\":\"ListItem\",\"position\":2,\"name\":\"Tienda mobiliario contract\",\"item\":\"https:\\\/\\\/solucionescontract.com\\\/tienda-mobiliario-contract\\\/\"},{\"@type\":\"ListItem\",\"position\":3,\"name\":\"Asientos Contract\",\"item\":\"https:\\\/\\\/solucionescontract.com\\\/categoria-producto\\\/asientos-para-contract\\\/\"},{\"@type\":\"ListItem\",\"position\":4,\"name\":\"SILL\u00d3N DE RELAX CLAUDIA\"}]},{\"@type\":\"WebSite\",\"@id\":\"https:\\\/\\\/solucionescontract.com\\\/#website\",\"url\":\"https:\\\/\\\/solucionescontract.com\\\/\",\"name\":\"Soluciones Contract\",\"description\":\"Venta Mobiliario contract de dise\u00f1o\",\"publisher\":{\"@id\":\"https:\\\/\\\/solucionescontract.com\\\/#organization\"},\"potentialAction\":[{\"@type\":\"SearchAction\",\"target\":{\"@type\":\"EntryPoint\",\"urlTemplate\":\"https:\\\/\\\/solucionescontract.com\\\/?s={search_term_string}\"},\"query-input\":{\"@type\":\"PropertyValueSpecification\",\"valueRequired\":true,\"valueName\":\"search_term_string\"}}],\"inLanguage\":\"fr-FR\"},{\"@type\":\"Organization\",\"@id\":\"https:\\\/\\\/solucionescontract.com\\\/#organization\",\"name\":\"Soluciones Contract\",\"url\":\"https:\\\/\\\/solucionescontract.com\\\/\",\"logo\":{\"@type\":\"ImageObject\",\"inLanguage\":\"fr-FR\",\"@id\":\"https:\\\/\\\/solucionescontract.com\\\/#\\\/schema\\\/logo\\\/image\\\/\",\"url\":\"https:\\\/\\\/solucionescontract.com\\\/wp-content\\\/uploads\\\/2020\\\/02\\\/logoSC.jpg\",\"contentUrl\":\"https:\\\/\\\/solucionescontract.com\\\/wp-content\\\/uploads\\\/2020\\\/02\\\/logoSC.jpg\",\"width\":300,\"height\":125,\"caption\":\"Soluciones Contract\"},\"image\":{\"@id\":\"https:\\\/\\\/solucionescontract.com\\\/#\\\/schema\\\/logo\\\/image\\\/\"},\"sameAs\":[\"https:\\\/\\\/www.facebook.com\\\/solucionescontract\\\/\"]}]}<\/script>\n<!-- \/ Yoast SEO plugin. -->","yoast_head_json":{"title":"SILL\u00d3N DE RELAX CLAUDIA - Muebles de dise\u00f1o en Soluciones Contract","description":"Compra SILL\u00d3N DE RELAX CLAUDIA online en nuestra tienda de muebles Contract. Encuentra el mejor MOBILIARIO DE DISE\u00d1O para Hotel, Hogar y uso comercial. Descubre las mejores marcas en nuestro cat\u00e1logo.","robots":{"index":"index","follow":"follow","max-snippet":"max-snippet:-1","max-image-preview":"max-image-preview:large","max-video-preview":"max-video-preview:-1"},"canonical":"https:\/\/solucionescontract.com\/fr\/producto\/sillon-de-relax-claudia\/","og_locale":"fr_FR","og_type":"article","og_title":"SILL\u00d3N DE RELAX CLAUDIA - Muebles de dise\u00f1o en Soluciones Contract","og_description":"Compra SILL\u00d3N DE RELAX CLAUDIA online en nuestra tienda de muebles Contract. Encuentra el mejor MOBILIARIO DE DISE\u00d1O para Hotel, Hogar y uso comercial. Descubre las mejores marcas en nuestro cat\u00e1logo.","og_url":"https:\/\/solucionescontract.com\/fr\/producto\/sillon-de-relax-claudia\/","og_site_name":"Soluciones Contract","article_publisher":"https:\/\/www.facebook.com\/solucionescontract\/","article_modified_time":"2023-04-25T10:31:17+00:00","og_image":[{"width":981,"height":981,"url":"https:\/\/solucionescontract.com\/wp-content\/uploads\/2022\/05\/sillon-Claudia.jpg","type":"image\/jpeg"}],"twitter_card":"summary_large_image","twitter_misc":{"Dur\u00e9e de lecture estim\u00e9e":"1 minute"},"schema":{"@context":"https:\/\/schema.org","@graph":[{"@type":"WebPage","@id":"https:\/\/solucionescontract.com\/fr\/producto\/sillon-de-relax-claudia\/","url":"https:\/\/solucionescontract.com\/fr\/producto\/sillon-de-relax-claudia\/","name":"SILL\u00d3N DE RELAX CLAUDIA - Muebles de dise\u00f1o en Soluciones Contract","isPartOf":{"@id":"https:\/\/solucionescontract.com\/#website"},"primaryImageOfPage":{"@id":"https:\/\/solucionescontract.com\/fr\/producto\/sillon-de-relax-claudia\/#primaryimage"},"image":{"@id":"https:\/\/solucionescontract.com\/fr\/producto\/sillon-de-relax-claudia\/#primaryimage"},"thumbnailUrl":"https:\/\/solucionescontract.com\/wp-content\/uploads\/2022\/05\/sillon-Claudia.jpg","datePublished":"2023-04-25T10:31:15+00:00","dateModified":"2023-04-25T10:31:17+00:00","description":"Compra SILL\u00d3N DE RELAX CLAUDIA online en nuestra tienda de muebles Contract. Encuentra el mejor MOBILIARIO DE DISE\u00d1O para Hotel, Hogar y uso comercial. Descubre las mejores marcas en nuestro cat\u00e1logo.","breadcrumb":{"@id":"https:\/\/solucionescontract.com\/fr\/producto\/sillon-de-relax-claudia\/#breadcrumb"},"inLanguage":"fr-FR","potentialAction":[{"@type":"ReadAction","target":["https:\/\/solucionescontract.com\/fr\/producto\/sillon-de-relax-claudia\/"]}]},{"@type":"ImageObject","inLanguage":"fr-FR","@id":"https:\/\/solucionescontract.com\/fr\/producto\/sillon-de-relax-claudia\/#primaryimage","url":"https:\/\/solucionescontract.com\/wp-content\/uploads\/2022\/05\/sillon-Claudia.jpg","contentUrl":"https:\/\/solucionescontract.com\/wp-content\/uploads\/2022\/05\/sillon-Claudia.jpg","width":981,"height":981},{"@type":"BreadcrumbList","@id":"https:\/\/solucionescontract.com\/fr\/producto\/sillon-de-relax-claudia\/#breadcrumb","itemListElement":[{"@type":"ListItem","position":1,"name":"Inicio","item":"https:\/\/solucionescontract.com\/"},{"@type":"ListItem","position":2,"name":"Tienda mobiliario contract","item":"https:\/\/solucionescontract.com\/tienda-mobiliario-contract\/"},{"@type":"ListItem","position":3,"name":"Asientos Contract","item":"https:\/\/solucionescontract.com\/categoria-producto\/asientos-para-contract\/"},{"@type":"ListItem","position":4,"name":"SILL\u00d3N DE RELAX CLAUDIA"}]},{"@type":"WebSite","@id":"https:\/\/solucionescontract.com\/#website","url":"https:\/\/solucionescontract.com\/","name":"Soluciones Contract","description":"Venta Mobiliario contract de dise\u00f1o","publisher":{"@id":"https:\/\/solucionescontract.com\/#organization"},"potentialAction":[{"@type":"SearchAction","target":{"@type":"EntryPoint","urlTemplate":"https:\/\/solucionescontract.com\/?s={search_term_string}"},"query-input":{"@type":"PropertyValueSpecification","valueRequired":true,"valueName":"search_term_string"}}],"inLanguage":"fr-FR"},{"@type":"Organization","@id":"https:\/\/solucionescontract.com\/#organization","name":"Soluciones Contract","url":"https:\/\/solucionescontract.com\/","logo":{"@type":"ImageObject","inLanguage":"fr-FR","@id":"https:\/\/solucionescontract.com\/#\/schema\/logo\/image\/","url":"https:\/\/solucionescontract.com\/wp-content\/uploads\/2020\/02\/logoSC.jpg","contentUrl":"https:\/\/solucionescontract.com\/wp-content\/uploads\/2020\/02\/logoSC.jpg","width":300,"height":125,"caption":"Soluciones Contract"},"image":{"@id":"https:\/\/solucionescontract.com\/#\/schema\/logo\/image\/"},"sameAs":["https:\/\/www.facebook.com\/solucionescontract\/"]}]}},"_links":{"self":[{"href":"https:\/\/solucionescontract.com\/fr\/wp-json\/wp\/v2\/product\/28331","targetHints":{"allow":["GET"]}}],"collection":[{"href":"https:\/\/solucionescontract.com\/fr\/wp-json\/wp\/v2\/product"}],"about":[{"href":"https:\/\/solucionescontract.com\/fr\/wp-json\/wp\/v2\/types\/product"}],"replies":[{"embeddable":true,"href":"https:\/\/solucionescontract.com\/fr\/wp-json\/wp\/v2\/comments?post=28331"}],"wp:featuredmedia":[{"embeddable":true,"href":"https:\/\/solucionescontract.com\/fr\/wp-json\/wp\/v2\/media\/28335"}],"wp:attachment":[{"href":"https:\/\/solucionescontract.com\/fr\/wp-json\/wp\/v2\/media?parent=28331"}],"wp:term":[{"taxonomy":"product_brand","embeddable":true,"href":"https:\/\/solucionescontract.com\/fr\/wp-json\/wp\/v2\/product_brand?post=28331"},{"taxonomy":"product_cat","embeddable":true,"href":"https:\/\/solucionescontract.com\/fr\/wp-json\/wp\/v2\/product_cat?post=28331"},{"taxonomy":"product_tag","embeddable":true,"href":"https:\/\/solucionescontract.com\/fr\/wp-json\/wp\/v2\/product_tag?post=28331"}],"curies":[{"name":"wp","href":"https:\/\/api.w.org\/{rel}","templated":true}]}}