{"id":27719,"date":"2022-04-25T10:59:44","date_gmt":"2022-04-25T09:59:44","guid":{"rendered":"https:\/\/www.solucionescontract.com\/?post_type=product&#038;p=27719"},"modified":"2022-04-25T10:59:45","modified_gmt":"2022-04-25T09:59:45","slug":"mueble-tv-acacia","status":"publish","type":"product","link":"https:\/\/solucionescontract.com\/fr\/producto\/mueble-tv-acacia\/","title":{"rendered":"MUEBLE TV ACACIA"},"content":{"rendered":"<p><em><strong>Mueble de Tv<\/strong> <\/em>que combina la acacia y el metal , para crear un fant\u00e1stico mueble ideal para disponer en apartamentos tur\u00edsticos, casas rurales y como no para el hogar.<\/p>\n<p>Si tenemos una casa de campo a la que queremos mantenerle su\u00a0 <strong><em>estilo r\u00fastico<\/em><\/strong>, an\u00edmate con este mueble de tv fabricado en madera de <strong><em>acabado claro<\/em><\/strong> que le dar\u00e1\u00a0 un aire freso a tu estancia.<\/p>\n<p>&nbsp;<\/p>\n<p>Formado por dos puertas en los laterales y un estante en la parte central sobre caj\u00f3n met\u00e1lico., para facilitar el almacenaje.<\/p>\n<p>&nbsp;<\/p>\n<p>Acabados disponibles: Acacia natural y metal acabado negro.<\/p>\n<p>Medidas: 165x40x50cm<\/p>\n<ul class=\"list-columns\">\n<li><span class=\"label text-uppercase\">N\u00ba CAJONES:\u00a0<\/span>1<\/li>\n<li><span class=\"label text-uppercase\">ANCHO CAJ\u00d3N 1:\u00a0<\/span>53<\/li>\n<li><span class=\"label text-uppercase\">FONDO CAJ\u00d3N 1:\u00a0<\/span>31<\/li>\n<li><span class=\"label text-uppercase\">ALTOC1:\u00a0<\/span>17<\/li>\n<li><span class=\"label text-uppercase\">N\u00ba PUERTAS:\u00a0<\/span>2<\/li>\n<li><span class=\"label text-uppercase\">ANCHO PUERTA 1:\u00a0<\/span>54<\/li>\n<li><span class=\"label text-uppercase\">FONDO PUERTA 1:\u00a0<\/span>9<\/li>\n<li><span class=\"label text-uppercase\">ALTO PUERTA 1:\u00a0<\/span>34<\/li>\n<li><span class=\"label text-uppercase\">N\u00ba ESTANTES:\u00a0<\/span>1<\/li>\n<\/ul>\n<p><\/script><\/p>\n","protected":false},"excerpt":{"rendered":"<ul>\n<li>Mueble bajo de tv\u00a0 fabricado en madera de acacia natural y metal acabado negro.<\/li>\n<li>Por su dise\u00f1o y materiales\u00a0 podr\u00edamos encajarlo en un estilo r\u00fastico chic, por lo que ser\u00e1 perfecto para cualquier sal\u00f3n de casa de campo, casas rurales&#8230;.<\/li>\n<li>Funcional. Con preocupaci\u00f3n por el almacenaje.<\/li>\n<li>Uso interior<\/li>\n<li>Medidas: 165x40x50cm<\/li>\n<\/ul>\n<p>&nbsp;<\/p>\n","protected":false},"featured_media":27720,"comment_status":"open","ping_status":"closed","template":"","meta":[],"product_brand":[],"product_cat":[479,476],"product_tag":[771,675],"class_list":{"0":"post-27719","1":"product","2":"type-product","3":"status-publish","4":"has-post-thumbnail","6":"product_cat-sideboards","7":"product_cat-furniture-and-accessories","8":"product_tag-almacenaje-en","9":"product_tag-interior-en","10":"product_shipping_class-free","11":"yith_product_brand-importacion-en","13":"first","14":"instock","15":"taxable","16":"shipping-taxable","17":"purchasable","18":"product-type-simple"},"yoast_head":"<!-- This site is optimized with the Yoast SEO plugin v27.4 - https:\/\/yoast.com\/product\/yoast-seo-wordpress\/ -->\n<title>MUEBLE TV ACACIA - Muebles de dise\u00f1o en Soluciones Contract<\/title>\n<meta name=\"description\" content=\"Compra MUEBLE TV ACACIA online en nuestra tienda de muebles Contract. Encuentra el mejor MOBILIARIO DE DISE\u00d1O para Hotel, Hogar y uso comercial. Descubre las mejores marcas en nuestro cat\u00e1logo.\" \/>\n<meta name=\"robots\" content=\"index, follow, max-snippet:-1, max-image-preview:large, max-video-preview:-1\" \/>\n<link rel=\"canonical\" href=\"https:\/\/solucionescontract.com\/producto\/mueble-tv-acacia\/\" \/>\n<meta property=\"og:locale\" content=\"fr_FR\" \/>\n<meta property=\"og:type\" content=\"article\" \/>\n<meta property=\"og:title\" content=\"MUEBLE TV ACACIA - Muebles de dise\u00f1o en Soluciones Contract\" \/>\n<meta property=\"og:description\" content=\"Compra MUEBLE TV ACACIA online en nuestra tienda de muebles Contract. Encuentra el mejor MOBILIARIO DE DISE\u00d1O para Hotel, Hogar y uso comercial. Descubre las mejores marcas en nuestro cat\u00e1logo.\" \/>\n<meta property=\"og:url\" content=\"https:\/\/solucionescontract.com\/producto\/mueble-tv-acacia\/\" \/>\n<meta property=\"og:site_name\" content=\"Soluciones Contract\" \/>\n<meta property=\"article:publisher\" content=\"https:\/\/www.facebook.com\/solucionescontract\/\" \/>\n<meta property=\"article:modified_time\" content=\"2022-04-25T09:59:45+00:00\" \/>\n<meta property=\"og:image\" content=\"https:\/\/solucionescontract.com\/wp-content\/uploads\/2022\/04\/mueble-tv.jpg\" \/>\n\t<meta property=\"og:image:width\" content=\"771\" \/>\n\t<meta property=\"og:image:height\" content=\"771\" \/>\n\t<meta property=\"og:image:type\" content=\"image\/jpeg\" \/>\n<meta name=\"twitter:card\" content=\"summary_large_image\" \/>\n<meta name=\"twitter:label1\" content=\"Dur\u00e9e de lecture estim\u00e9e\" \/>\n\t<meta name=\"twitter:data1\" content=\"1 minute\" \/>\n<script type=\"application\/ld+json\" class=\"yoast-schema-graph\">{\"@context\":\"https:\\\/\\\/schema.org\",\"@graph\":[{\"@type\":\"WebPage\",\"@id\":\"https:\\\/\\\/solucionescontract.com\\\/producto\\\/mueble-tv-acacia\\\/\",\"url\":\"https:\\\/\\\/solucionescontract.com\\\/producto\\\/mueble-tv-acacia\\\/\",\"name\":\"MUEBLE TV ACACIA - Muebles de dise\u00f1o en Soluciones Contract\",\"isPartOf\":{\"@id\":\"https:\\\/\\\/solucionescontract.com\\\/#website\"},\"primaryImageOfPage\":{\"@id\":\"https:\\\/\\\/solucionescontract.com\\\/producto\\\/mueble-tv-acacia\\\/#primaryimage\"},\"image\":{\"@id\":\"https:\\\/\\\/solucionescontract.com\\\/producto\\\/mueble-tv-acacia\\\/#primaryimage\"},\"thumbnailUrl\":\"https:\\\/\\\/solucionescontract.com\\\/wp-content\\\/uploads\\\/2022\\\/04\\\/mueble-tv.jpg\",\"datePublished\":\"2022-04-25T09:59:44+00:00\",\"dateModified\":\"2022-04-25T09:59:45+00:00\",\"description\":\"Compra MUEBLE TV ACACIA online en nuestra tienda de muebles Contract. Encuentra el mejor MOBILIARIO DE DISE\u00d1O para Hotel, Hogar y uso comercial. Descubre las mejores marcas en nuestro cat\u00e1logo.\",\"breadcrumb\":{\"@id\":\"https:\\\/\\\/solucionescontract.com\\\/producto\\\/mueble-tv-acacia\\\/#breadcrumb\"},\"inLanguage\":\"fr-FR\",\"potentialAction\":[{\"@type\":\"ReadAction\",\"target\":[\"https:\\\/\\\/solucionescontract.com\\\/producto\\\/mueble-tv-acacia\\\/\"]}]},{\"@type\":\"ImageObject\",\"inLanguage\":\"fr-FR\",\"@id\":\"https:\\\/\\\/solucionescontract.com\\\/producto\\\/mueble-tv-acacia\\\/#primaryimage\",\"url\":\"https:\\\/\\\/solucionescontract.com\\\/wp-content\\\/uploads\\\/2022\\\/04\\\/mueble-tv.jpg\",\"contentUrl\":\"https:\\\/\\\/solucionescontract.com\\\/wp-content\\\/uploads\\\/2022\\\/04\\\/mueble-tv.jpg\",\"width\":771,\"height\":771,\"caption\":\"Mueble_tv_ rustic_chic\"},{\"@type\":\"BreadcrumbList\",\"@id\":\"https:\\\/\\\/solucionescontract.com\\\/producto\\\/mueble-tv-acacia\\\/#breadcrumb\",\"itemListElement\":[{\"@type\":\"ListItem\",\"position\":1,\"name\":\"Inicio\",\"item\":\"https:\\\/\\\/solucionescontract.com\\\/\"},{\"@type\":\"ListItem\",\"position\":2,\"name\":\"Tienda mobiliario contract\",\"item\":\"https:\\\/\\\/solucionescontract.com\\\/tienda-mobiliario-contract\\\/\"},{\"@type\":\"ListItem\",\"position\":3,\"name\":\"Mueble y complementos\",\"item\":\"https:\\\/\\\/solucionescontract.com\\\/categoria-producto\\\/mueble-y-complementos\\\/\"},{\"@type\":\"ListItem\",\"position\":4,\"name\":\"MUEBLE TV ACACIA\"}]},{\"@type\":\"WebSite\",\"@id\":\"https:\\\/\\\/solucionescontract.com\\\/#website\",\"url\":\"https:\\\/\\\/solucionescontract.com\\\/\",\"name\":\"Soluciones Contract\",\"description\":\"Venta Mobiliario contract de dise\u00f1o\",\"publisher\":{\"@id\":\"https:\\\/\\\/solucionescontract.com\\\/#organization\"},\"potentialAction\":[{\"@type\":\"SearchAction\",\"target\":{\"@type\":\"EntryPoint\",\"urlTemplate\":\"https:\\\/\\\/solucionescontract.com\\\/?s={search_term_string}\"},\"query-input\":{\"@type\":\"PropertyValueSpecification\",\"valueRequired\":true,\"valueName\":\"search_term_string\"}}],\"inLanguage\":\"fr-FR\"},{\"@type\":\"Organization\",\"@id\":\"https:\\\/\\\/solucionescontract.com\\\/#organization\",\"name\":\"Soluciones Contract\",\"url\":\"https:\\\/\\\/solucionescontract.com\\\/\",\"logo\":{\"@type\":\"ImageObject\",\"inLanguage\":\"fr-FR\",\"@id\":\"https:\\\/\\\/solucionescontract.com\\\/#\\\/schema\\\/logo\\\/image\\\/\",\"url\":\"https:\\\/\\\/solucionescontract.com\\\/wp-content\\\/uploads\\\/2020\\\/02\\\/logoSC.jpg\",\"contentUrl\":\"https:\\\/\\\/solucionescontract.com\\\/wp-content\\\/uploads\\\/2020\\\/02\\\/logoSC.jpg\",\"width\":300,\"height\":125,\"caption\":\"Soluciones Contract\"},\"image\":{\"@id\":\"https:\\\/\\\/solucionescontract.com\\\/#\\\/schema\\\/logo\\\/image\\\/\"},\"sameAs\":[\"https:\\\/\\\/www.facebook.com\\\/solucionescontract\\\/\"]}]}<\/script>\n<!-- \/ Yoast SEO plugin. -->","yoast_head_json":{"title":"MUEBLE TV ACACIA - Muebles de dise\u00f1o en Soluciones Contract","description":"Compra MUEBLE TV ACACIA online en nuestra tienda de muebles Contract. Encuentra el mejor MOBILIARIO DE DISE\u00d1O para Hotel, Hogar y uso comercial. Descubre las mejores marcas en nuestro cat\u00e1logo.","robots":{"index":"index","follow":"follow","max-snippet":"max-snippet:-1","max-image-preview":"max-image-preview:large","max-video-preview":"max-video-preview:-1"},"canonical":"https:\/\/solucionescontract.com\/producto\/mueble-tv-acacia\/","og_locale":"fr_FR","og_type":"article","og_title":"MUEBLE TV ACACIA - Muebles de dise\u00f1o en Soluciones Contract","og_description":"Compra MUEBLE TV ACACIA online en nuestra tienda de muebles Contract. Encuentra el mejor MOBILIARIO DE DISE\u00d1O para Hotel, Hogar y uso comercial. Descubre las mejores marcas en nuestro cat\u00e1logo.","og_url":"https:\/\/solucionescontract.com\/producto\/mueble-tv-acacia\/","og_site_name":"Soluciones Contract","article_publisher":"https:\/\/www.facebook.com\/solucionescontract\/","article_modified_time":"2022-04-25T09:59:45+00:00","og_image":[{"width":771,"height":771,"url":"https:\/\/solucionescontract.com\/wp-content\/uploads\/2022\/04\/mueble-tv.jpg","type":"image\/jpeg"}],"twitter_card":"summary_large_image","twitter_misc":{"Dur\u00e9e de lecture estim\u00e9e":"1 minute"},"schema":{"@context":"https:\/\/schema.org","@graph":[{"@type":"WebPage","@id":"https:\/\/solucionescontract.com\/producto\/mueble-tv-acacia\/","url":"https:\/\/solucionescontract.com\/producto\/mueble-tv-acacia\/","name":"MUEBLE TV ACACIA - Muebles de dise\u00f1o en Soluciones Contract","isPartOf":{"@id":"https:\/\/solucionescontract.com\/#website"},"primaryImageOfPage":{"@id":"https:\/\/solucionescontract.com\/producto\/mueble-tv-acacia\/#primaryimage"},"image":{"@id":"https:\/\/solucionescontract.com\/producto\/mueble-tv-acacia\/#primaryimage"},"thumbnailUrl":"https:\/\/solucionescontract.com\/wp-content\/uploads\/2022\/04\/mueble-tv.jpg","datePublished":"2022-04-25T09:59:44+00:00","dateModified":"2022-04-25T09:59:45+00:00","description":"Compra MUEBLE TV ACACIA online en nuestra tienda de muebles Contract. Encuentra el mejor MOBILIARIO DE DISE\u00d1O para Hotel, Hogar y uso comercial. Descubre las mejores marcas en nuestro cat\u00e1logo.","breadcrumb":{"@id":"https:\/\/solucionescontract.com\/producto\/mueble-tv-acacia\/#breadcrumb"},"inLanguage":"fr-FR","potentialAction":[{"@type":"ReadAction","target":["https:\/\/solucionescontract.com\/producto\/mueble-tv-acacia\/"]}]},{"@type":"ImageObject","inLanguage":"fr-FR","@id":"https:\/\/solucionescontract.com\/producto\/mueble-tv-acacia\/#primaryimage","url":"https:\/\/solucionescontract.com\/wp-content\/uploads\/2022\/04\/mueble-tv.jpg","contentUrl":"https:\/\/solucionescontract.com\/wp-content\/uploads\/2022\/04\/mueble-tv.jpg","width":771,"height":771,"caption":"Mueble_tv_ rustic_chic"},{"@type":"BreadcrumbList","@id":"https:\/\/solucionescontract.com\/producto\/mueble-tv-acacia\/#breadcrumb","itemListElement":[{"@type":"ListItem","position":1,"name":"Inicio","item":"https:\/\/solucionescontract.com\/"},{"@type":"ListItem","position":2,"name":"Tienda mobiliario contract","item":"https:\/\/solucionescontract.com\/tienda-mobiliario-contract\/"},{"@type":"ListItem","position":3,"name":"Mueble y complementos","item":"https:\/\/solucionescontract.com\/categoria-producto\/mueble-y-complementos\/"},{"@type":"ListItem","position":4,"name":"MUEBLE TV ACACIA"}]},{"@type":"WebSite","@id":"https:\/\/solucionescontract.com\/#website","url":"https:\/\/solucionescontract.com\/","name":"Soluciones Contract","description":"Venta Mobiliario contract de dise\u00f1o","publisher":{"@id":"https:\/\/solucionescontract.com\/#organization"},"potentialAction":[{"@type":"SearchAction","target":{"@type":"EntryPoint","urlTemplate":"https:\/\/solucionescontract.com\/?s={search_term_string}"},"query-input":{"@type":"PropertyValueSpecification","valueRequired":true,"valueName":"search_term_string"}}],"inLanguage":"fr-FR"},{"@type":"Organization","@id":"https:\/\/solucionescontract.com\/#organization","name":"Soluciones Contract","url":"https:\/\/solucionescontract.com\/","logo":{"@type":"ImageObject","inLanguage":"fr-FR","@id":"https:\/\/solucionescontract.com\/#\/schema\/logo\/image\/","url":"https:\/\/solucionescontract.com\/wp-content\/uploads\/2020\/02\/logoSC.jpg","contentUrl":"https:\/\/solucionescontract.com\/wp-content\/uploads\/2020\/02\/logoSC.jpg","width":300,"height":125,"caption":"Soluciones Contract"},"image":{"@id":"https:\/\/solucionescontract.com\/#\/schema\/logo\/image\/"},"sameAs":["https:\/\/www.facebook.com\/solucionescontract\/"]}]}},"_links":{"self":[{"href":"https:\/\/solucionescontract.com\/fr\/wp-json\/wp\/v2\/product\/27719","targetHints":{"allow":["GET"]}}],"collection":[{"href":"https:\/\/solucionescontract.com\/fr\/wp-json\/wp\/v2\/product"}],"about":[{"href":"https:\/\/solucionescontract.com\/fr\/wp-json\/wp\/v2\/types\/product"}],"replies":[{"embeddable":true,"href":"https:\/\/solucionescontract.com\/fr\/wp-json\/wp\/v2\/comments?post=27719"}],"wp:featuredmedia":[{"embeddable":true,"href":"https:\/\/solucionescontract.com\/fr\/wp-json\/wp\/v2\/media\/27720"}],"wp:attachment":[{"href":"https:\/\/solucionescontract.com\/fr\/wp-json\/wp\/v2\/media?parent=27719"}],"wp:term":[{"taxonomy":"product_brand","embeddable":true,"href":"https:\/\/solucionescontract.com\/fr\/wp-json\/wp\/v2\/product_brand?post=27719"},{"taxonomy":"product_cat","embeddable":true,"href":"https:\/\/solucionescontract.com\/fr\/wp-json\/wp\/v2\/product_cat?post=27719"},{"taxonomy":"product_tag","embeddable":true,"href":"https:\/\/solucionescontract.com\/fr\/wp-json\/wp\/v2\/product_tag?post=27719"}],"curies":[{"name":"wp","href":"https:\/\/api.w.org\/{rel}","templated":true}]}}