{"id":26812,"date":"2022-03-30T18:11:11","date_gmt":"2022-03-30T17:11:11","guid":{"rendered":"https:\/\/www.solucionescontract.com\/?post_type=product&#038;p=26812"},"modified":"2022-09-07T15:57:46","modified_gmt":"2022-09-07T14:57:46","slug":"composicion-salon-mueble-tv","status":"publish","type":"product","link":"https:\/\/solucionescontract.com\/fr\/producto\/composicion-salon-mueble-tv\/","title":{"rendered":"COMPOSICI\u00d3N SAL\u00d3N  MUEBLE TV"},"content":{"rendered":"<p>A la hora de amueblar el sal\u00f3n est\u00e1 <em><strong>composici\u00f3n para mueble de t.v<\/strong><\/em> es una gran apuesta para aquellos que priorizan la funcionalidad y el dise\u00f1o en sus estancias.<\/p>\n<p>Fabricado en chapa\u00a0 de <em><strong>roble natural\u00a0<\/strong><\/em> y fibra de alta densidad lacada\u00a0 que podr\u00e1s combinar en nuestra extensa carta de colores.Consultar <a href=\"mailto:info@solucionescontract.com\">aqu\u00ed<\/a><\/p>\n<p>Grosor madera 18mmm\u00a0 y\u00a0 regrueso de 30mm para puertas.traseras 4 mm de espesor.<\/p>\n<p>Estamos ante un mueble que destaca por su especial atenci\u00f3n a los acabados tales como los fondos de caj\u00f3n forrados en polipiel o el sistema de cierre y cajoneras\u00a0 co<strong><em>n autocierre y freno, push and open<\/em><\/strong><em>,<\/em> con regulaci\u00f3n tanto en altura como en el fondo del caj\u00f3n.<\/p>\n<p>&nbsp;<\/p>\n<p>Panel lum\u00ednico opcional para vitrinas y vajilleros, con sensores de tacto , que aportan estilo a la pieza.<\/p>\n<p>Para medidas y composiciones especiales consultar <a href=\"mailto:info@solucionescontract.com\"><span style=\"font-size: 14pt;\">aqu\u00ed.<\/span><\/a><\/p>\n<p>Composiciones:<\/p>\n<p>MedidasComposiciones:<\/p>\n<p>C1: compuesta por mueble de tv y panel (198x88cm) + 2 vitrinas (60x210cm).<strong> Ancho total: 318cm.<\/strong><\/p>\n<p>C2: compuesta por mueble de tv (198x88cm) + estante (198x20cm) + vajillero (120x188cm).<strong>Ancho total:<\/strong> <strong>318cm.<\/strong><\/p>\n<p>C3: compuesta por mueble de tv (148x88cm) + estante (148x20cm) + 1 vitrina (60x210cm)+ vajillero (120x188cm) .<strong>Ancho total:<\/strong> <strong>328cm.<\/strong><\/p>\n<p>C4: compuesta por mueble de tv y panel (198x88cm) + vajillero (120x188cm). <strong>Ancho total: 318cm.<\/strong><\/p>\n<p>Medidas standar disponibles:<\/p>\n<p><a href=\"https:\/\/solucionescontract.com\/wp-content\/uploads\/2022\/03\/medidas-frente.jpg\"><img decoding=\"async\" class=\" wd-lazy-fade wp-image-26813 alignleft\" src=\"https:\/\/solucionescontract.com\/wp-content\/themes\/woodmart\/images\/lazy.svg\" data-src=\"https:\/\/solucionescontract.com\/wp-content\/uploads\/2022\/03\/medidas-frente-300x104.jpg\" alt=\"aparador_tv\" width=\"300\" height=\"104\" srcset=\"\" data-srcset=\"https:\/\/solucionescontract.com\/wp-content\/uploads\/2022\/03\/medidas-frente-300x104.jpg 300w, https:\/\/solucionescontract.com\/wp-content\/uploads\/2022\/03\/medidas-frente-150x52.jpg 150w, https:\/\/solucionescontract.com\/wp-content\/uploads\/2022\/03\/medidas-frente-58x20.jpg 58w, https:\/\/solucionescontract.com\/wp-content\/uploads\/2022\/03\/medidas-frente.jpg 608w\" sizes=\"(max-width: 300px) 100vw, 300px\" \/><\/a><\/p>\n<p>&nbsp;<\/p>\n<p>&nbsp;<\/p>\n<p>&nbsp;<\/p>\n<p>&nbsp;<\/p>\n<p>&nbsp;<\/p>\n<p>&nbsp;<\/p>\n<p><a href=\"https:\/\/solucionescontract.com\/wp-content\/uploads\/2022\/03\/medidas-vitrina.jpg\"><img decoding=\"async\" class=\" wd-lazy-fade wp-image-26816 alignnone\" src=\"https:\/\/solucionescontract.com\/wp-content\/themes\/woodmart\/images\/lazy.svg\" data-src=\"https:\/\/solucionescontract.com\/wp-content\/uploads\/2022\/03\/medidas-vitrina-300x201.jpg\" alt=\"Vitrina_tv\" width=\"300\" height=\"201\" srcset=\"\" data-srcset=\"https:\/\/solucionescontract.com\/wp-content\/uploads\/2022\/03\/medidas-vitrina-300x201.jpg 300w, https:\/\/solucionescontract.com\/wp-content\/uploads\/2022\/03\/medidas-vitrina-150x101.jpg 150w, https:\/\/solucionescontract.com\/wp-content\/uploads\/2022\/03\/medidas-vitrina-30x20.jpg 30w, https:\/\/solucionescontract.com\/wp-content\/uploads\/2022\/03\/medidas-vitrina.jpg 592w\" sizes=\"(max-width: 300px) 100vw, 300px\" \/><\/a><\/p>\n<p>&nbsp;<\/p>\n<p><a href=\"https:\/\/solucionescontract.com\/wp-content\/uploads\/2022\/03\/medidas-Vitrina_s.jpg\"><img decoding=\"async\" class=\" wd-lazy-fade alignnone wp-image-26819\" src=\"https:\/\/solucionescontract.com\/wp-content\/themes\/woodmart\/images\/lazy.svg\" data-src=\"https:\/\/solucionescontract.com\/wp-content\/uploads\/2022\/03\/medidas-Vitrina_s-300x195.jpg\" alt=\"Vitrina_sal\u00f3n\" width=\"300\" height=\"195\" srcset=\"\" data-srcset=\"https:\/\/solucionescontract.com\/wp-content\/uploads\/2022\/03\/medidas-Vitrina_s-300x195.jpg 300w, https:\/\/solucionescontract.com\/wp-content\/uploads\/2022\/03\/medidas-Vitrina_s-150x98.jpg 150w, https:\/\/solucionescontract.com\/wp-content\/uploads\/2022\/03\/medidas-Vitrina_s-31x20.jpg 31w, https:\/\/solucionescontract.com\/wp-content\/uploads\/2022\/03\/medidas-Vitrina_s.jpg 626w\" sizes=\"(max-width: 300px) 100vw, 300px\" \/><\/a><\/script><\/p>\n","protected":false},"excerpt":{"rendered":"<ul>\n<li>Pensado para dar soluciones de almacenaje a todo tipo de salones , ya sea de apartamentos tur\u00edsticos y casas rurales como para uso dom\u00e9stico.<\/li>\n<li>Fabricado en chapa\u00a0 de roble natural y fibra de alta densidad lacada, acabado mate.<\/li>\n<li>Fabricaci\u00f3n modular. Para composiciones personalizadas <span style=\"font-size: 12pt;\"><strong><a href=\"mailto:info@solucionescontract.com\">consultar.<\/a><\/strong><\/span><\/li>\n<li>Sistema de auto cierre y freno para cajoneras.<\/li>\n<li>Interior de cajones forrados en polipiel.<\/li>\n<li>Luz led opcional<\/li>\n<li>Fabricaci\u00f3n espa\u00f1ola..<\/li>\n<\/ul>\n<p>&nbsp;<\/p>\n<p>&nbsp;<\/p>\n","protected":false},"featured_media":26838,"comment_status":"open","ping_status":"closed","template":"","meta":[],"product_brand":[],"product_cat":[476],"product_tag":[675,1097],"class_list":{"0":"post-26812","1":"product","2":"type-product","3":"status-publish","4":"has-post-thumbnail","6":"product_cat-furniture-and-accessories","7":"product_tag-interior-en","8":"product_tag-mueble-t-v","9":"product_shipping_class-free","10":"yith_product_brand-m-espejo","12":"first","13":"instock","14":"taxable","15":"shipping-taxable","16":"purchasable","17":"product-type-variable"},"yoast_head":"<!-- This site is optimized with the Yoast SEO plugin v27.3 - https:\/\/yoast.com\/product\/yoast-seo-wordpress\/ -->\n<title>Mueble TV Sal\u00f3n | Soluciones Contract<\/title>\n<meta name=\"description\" content=\"El mueble de tv para sal\u00f3n est\u00e1 fabricado con los materiales. Sus l\u00edneas de dise\u00f1o te permiten adaptarlo a todos los estilos. Compra tu mobiliario contract online.\" \/>\n<meta name=\"robots\" content=\"index, follow, max-snippet:-1, max-image-preview:large, max-video-preview:-1\" \/>\n<link rel=\"canonical\" href=\"https:\/\/solucionescontract.com\/en\/producto\/composicion-salon-mueble-tv\/\" \/>\n<meta property=\"og:locale\" content=\"fr_FR\" \/>\n<meta property=\"og:type\" content=\"article\" \/>\n<meta property=\"og:title\" content=\"Mueble TV Sal\u00f3n | Soluciones Contract\" \/>\n<meta property=\"og:description\" content=\"El mueble de tv para sal\u00f3n est\u00e1 fabricado con los materiales. Sus l\u00edneas de dise\u00f1o te permiten adaptarlo a todos los estilos. Compra tu mobiliario contract online.\" \/>\n<meta property=\"og:url\" content=\"https:\/\/solucionescontract.com\/en\/producto\/composicion-salon-mueble-tv\/\" \/>\n<meta property=\"og:site_name\" content=\"Soluciones Contract\" \/>\n<meta property=\"article:publisher\" content=\"https:\/\/www.facebook.com\/solucionescontract\/\" \/>\n<meta property=\"article:modified_time\" content=\"2022-09-07T14:57:46+00:00\" \/>\n<meta property=\"og:image\" content=\"https:\/\/solucionescontract.com\/wp-content\/uploads\/2022\/03\/mueble_salon_roble.jpg\" \/>\n\t<meta property=\"og:image:width\" content=\"914\" \/>\n\t<meta property=\"og:image:height\" content=\"914\" \/>\n\t<meta property=\"og:image:type\" content=\"image\/jpeg\" \/>\n<meta name=\"twitter:card\" content=\"summary_large_image\" \/>\n<meta name=\"twitter:label1\" content=\"Dur\u00e9e de lecture estim\u00e9e\" \/>\n\t<meta name=\"twitter:data1\" content=\"2 minutes\" \/>\n<script type=\"application\/ld+json\" class=\"yoast-schema-graph\">{\"@context\":\"https:\\\/\\\/schema.org\",\"@graph\":[{\"@type\":\"WebPage\",\"@id\":\"https:\\\/\\\/solucionescontract.com\\\/en\\\/producto\\\/composicion-salon-mueble-tv\\\/\",\"url\":\"https:\\\/\\\/solucionescontract.com\\\/en\\\/producto\\\/composicion-salon-mueble-tv\\\/\",\"name\":\"Mueble TV Sal\u00f3n | Soluciones Contract\",\"isPartOf\":{\"@id\":\"https:\\\/\\\/solucionescontract.com\\\/#website\"},\"primaryImageOfPage\":{\"@id\":\"https:\\\/\\\/solucionescontract.com\\\/en\\\/producto\\\/composicion-salon-mueble-tv\\\/#primaryimage\"},\"image\":{\"@id\":\"https:\\\/\\\/solucionescontract.com\\\/en\\\/producto\\\/composicion-salon-mueble-tv\\\/#primaryimage\"},\"thumbnailUrl\":\"https:\\\/\\\/solucionescontract.com\\\/wp-content\\\/uploads\\\/2022\\\/03\\\/mueble_salon_roble.jpg\",\"datePublished\":\"2022-03-30T17:11:11+00:00\",\"dateModified\":\"2022-09-07T14:57:46+00:00\",\"description\":\"El mueble de tv para sal\u00f3n est\u00e1 fabricado con los materiales. Sus l\u00edneas de dise\u00f1o te permiten adaptarlo a todos los estilos. Compra tu mobiliario contract online.\",\"breadcrumb\":{\"@id\":\"https:\\\/\\\/solucionescontract.com\\\/en\\\/producto\\\/composicion-salon-mueble-tv\\\/#breadcrumb\"},\"inLanguage\":\"fr-FR\",\"potentialAction\":[{\"@type\":\"ReadAction\",\"target\":[\"https:\\\/\\\/solucionescontract.com\\\/en\\\/producto\\\/composicion-salon-mueble-tv\\\/\"]}]},{\"@type\":\"ImageObject\",\"inLanguage\":\"fr-FR\",\"@id\":\"https:\\\/\\\/solucionescontract.com\\\/en\\\/producto\\\/composicion-salon-mueble-tv\\\/#primaryimage\",\"url\":\"https:\\\/\\\/solucionescontract.com\\\/wp-content\\\/uploads\\\/2022\\\/03\\\/mueble_salon_roble.jpg\",\"contentUrl\":\"https:\\\/\\\/solucionescontract.com\\\/wp-content\\\/uploads\\\/2022\\\/03\\\/mueble_salon_roble.jpg\",\"width\":914,\"height\":914},{\"@type\":\"BreadcrumbList\",\"@id\":\"https:\\\/\\\/solucionescontract.com\\\/en\\\/producto\\\/composicion-salon-mueble-tv\\\/#breadcrumb\",\"itemListElement\":[{\"@type\":\"ListItem\",\"position\":1,\"name\":\"Inicio\",\"item\":\"https:\\\/\\\/solucionescontract.com\\\/\"},{\"@type\":\"ListItem\",\"position\":2,\"name\":\"Tienda mobiliario contract\",\"item\":\"https:\\\/\\\/solucionescontract.com\\\/tienda-mobiliario-contract\\\/\"},{\"@type\":\"ListItem\",\"position\":3,\"name\":\"Mueble y complementos\",\"item\":\"https:\\\/\\\/solucionescontract.com\\\/categoria-producto\\\/mueble-y-complementos\\\/\"},{\"@type\":\"ListItem\",\"position\":4,\"name\":\"COMPOSICI\u00d3N SAL\u00d3N MUEBLE TV\"}]},{\"@type\":\"WebSite\",\"@id\":\"https:\\\/\\\/solucionescontract.com\\\/#website\",\"url\":\"https:\\\/\\\/solucionescontract.com\\\/\",\"name\":\"Soluciones Contract\",\"description\":\"Venta Mobiliario contract de dise\u00f1o\",\"publisher\":{\"@id\":\"https:\\\/\\\/solucionescontract.com\\\/#organization\"},\"potentialAction\":[{\"@type\":\"SearchAction\",\"target\":{\"@type\":\"EntryPoint\",\"urlTemplate\":\"https:\\\/\\\/solucionescontract.com\\\/?s={search_term_string}\"},\"query-input\":{\"@type\":\"PropertyValueSpecification\",\"valueRequired\":true,\"valueName\":\"search_term_string\"}}],\"inLanguage\":\"fr-FR\"},{\"@type\":\"Organization\",\"@id\":\"https:\\\/\\\/solucionescontract.com\\\/#organization\",\"name\":\"Soluciones Contract\",\"url\":\"https:\\\/\\\/solucionescontract.com\\\/\",\"logo\":{\"@type\":\"ImageObject\",\"inLanguage\":\"fr-FR\",\"@id\":\"https:\\\/\\\/solucionescontract.com\\\/#\\\/schema\\\/logo\\\/image\\\/\",\"url\":\"https:\\\/\\\/solucionescontract.com\\\/wp-content\\\/uploads\\\/2020\\\/02\\\/logoSC.jpg\",\"contentUrl\":\"https:\\\/\\\/solucionescontract.com\\\/wp-content\\\/uploads\\\/2020\\\/02\\\/logoSC.jpg\",\"width\":300,\"height\":125,\"caption\":\"Soluciones Contract\"},\"image\":{\"@id\":\"https:\\\/\\\/solucionescontract.com\\\/#\\\/schema\\\/logo\\\/image\\\/\"},\"sameAs\":[\"https:\\\/\\\/www.facebook.com\\\/solucionescontract\\\/\"]}]}<\/script>\n<!-- \/ Yoast SEO plugin. -->","yoast_head_json":{"title":"Mueble TV Sal\u00f3n | Soluciones Contract","description":"El mueble de tv para sal\u00f3n est\u00e1 fabricado con los materiales. Sus l\u00edneas de dise\u00f1o te permiten adaptarlo a todos los estilos. Compra tu mobiliario contract online.","robots":{"index":"index","follow":"follow","max-snippet":"max-snippet:-1","max-image-preview":"max-image-preview:large","max-video-preview":"max-video-preview:-1"},"canonical":"https:\/\/solucionescontract.com\/en\/producto\/composicion-salon-mueble-tv\/","og_locale":"fr_FR","og_type":"article","og_title":"Mueble TV Sal\u00f3n | Soluciones Contract","og_description":"El mueble de tv para sal\u00f3n est\u00e1 fabricado con los materiales. Sus l\u00edneas de dise\u00f1o te permiten adaptarlo a todos los estilos. Compra tu mobiliario contract online.","og_url":"https:\/\/solucionescontract.com\/en\/producto\/composicion-salon-mueble-tv\/","og_site_name":"Soluciones Contract","article_publisher":"https:\/\/www.facebook.com\/solucionescontract\/","article_modified_time":"2022-09-07T14:57:46+00:00","og_image":[{"width":914,"height":914,"url":"https:\/\/solucionescontract.com\/wp-content\/uploads\/2022\/03\/mueble_salon_roble.jpg","type":"image\/jpeg"}],"twitter_card":"summary_large_image","twitter_misc":{"Dur\u00e9e de lecture estim\u00e9e":"2 minutes"},"schema":{"@context":"https:\/\/schema.org","@graph":[{"@type":"WebPage","@id":"https:\/\/solucionescontract.com\/en\/producto\/composicion-salon-mueble-tv\/","url":"https:\/\/solucionescontract.com\/en\/producto\/composicion-salon-mueble-tv\/","name":"Mueble TV Sal\u00f3n | Soluciones Contract","isPartOf":{"@id":"https:\/\/solucionescontract.com\/#website"},"primaryImageOfPage":{"@id":"https:\/\/solucionescontract.com\/en\/producto\/composicion-salon-mueble-tv\/#primaryimage"},"image":{"@id":"https:\/\/solucionescontract.com\/en\/producto\/composicion-salon-mueble-tv\/#primaryimage"},"thumbnailUrl":"https:\/\/solucionescontract.com\/wp-content\/uploads\/2022\/03\/mueble_salon_roble.jpg","datePublished":"2022-03-30T17:11:11+00:00","dateModified":"2022-09-07T14:57:46+00:00","description":"El mueble de tv para sal\u00f3n est\u00e1 fabricado con los materiales. Sus l\u00edneas de dise\u00f1o te permiten adaptarlo a todos los estilos. Compra tu mobiliario contract online.","breadcrumb":{"@id":"https:\/\/solucionescontract.com\/en\/producto\/composicion-salon-mueble-tv\/#breadcrumb"},"inLanguage":"fr-FR","potentialAction":[{"@type":"ReadAction","target":["https:\/\/solucionescontract.com\/en\/producto\/composicion-salon-mueble-tv\/"]}]},{"@type":"ImageObject","inLanguage":"fr-FR","@id":"https:\/\/solucionescontract.com\/en\/producto\/composicion-salon-mueble-tv\/#primaryimage","url":"https:\/\/solucionescontract.com\/wp-content\/uploads\/2022\/03\/mueble_salon_roble.jpg","contentUrl":"https:\/\/solucionescontract.com\/wp-content\/uploads\/2022\/03\/mueble_salon_roble.jpg","width":914,"height":914},{"@type":"BreadcrumbList","@id":"https:\/\/solucionescontract.com\/en\/producto\/composicion-salon-mueble-tv\/#breadcrumb","itemListElement":[{"@type":"ListItem","position":1,"name":"Inicio","item":"https:\/\/solucionescontract.com\/"},{"@type":"ListItem","position":2,"name":"Tienda mobiliario contract","item":"https:\/\/solucionescontract.com\/tienda-mobiliario-contract\/"},{"@type":"ListItem","position":3,"name":"Mueble y complementos","item":"https:\/\/solucionescontract.com\/categoria-producto\/mueble-y-complementos\/"},{"@type":"ListItem","position":4,"name":"COMPOSICI\u00d3N SAL\u00d3N MUEBLE TV"}]},{"@type":"WebSite","@id":"https:\/\/solucionescontract.com\/#website","url":"https:\/\/solucionescontract.com\/","name":"Soluciones Contract","description":"Venta Mobiliario contract de dise\u00f1o","publisher":{"@id":"https:\/\/solucionescontract.com\/#organization"},"potentialAction":[{"@type":"SearchAction","target":{"@type":"EntryPoint","urlTemplate":"https:\/\/solucionescontract.com\/?s={search_term_string}"},"query-input":{"@type":"PropertyValueSpecification","valueRequired":true,"valueName":"search_term_string"}}],"inLanguage":"fr-FR"},{"@type":"Organization","@id":"https:\/\/solucionescontract.com\/#organization","name":"Soluciones Contract","url":"https:\/\/solucionescontract.com\/","logo":{"@type":"ImageObject","inLanguage":"fr-FR","@id":"https:\/\/solucionescontract.com\/#\/schema\/logo\/image\/","url":"https:\/\/solucionescontract.com\/wp-content\/uploads\/2020\/02\/logoSC.jpg","contentUrl":"https:\/\/solucionescontract.com\/wp-content\/uploads\/2020\/02\/logoSC.jpg","width":300,"height":125,"caption":"Soluciones Contract"},"image":{"@id":"https:\/\/solucionescontract.com\/#\/schema\/logo\/image\/"},"sameAs":["https:\/\/www.facebook.com\/solucionescontract\/"]}]}},"_links":{"self":[{"href":"https:\/\/solucionescontract.com\/fr\/wp-json\/wp\/v2\/product\/26812","targetHints":{"allow":["GET"]}}],"collection":[{"href":"https:\/\/solucionescontract.com\/fr\/wp-json\/wp\/v2\/product"}],"about":[{"href":"https:\/\/solucionescontract.com\/fr\/wp-json\/wp\/v2\/types\/product"}],"replies":[{"embeddable":true,"href":"https:\/\/solucionescontract.com\/fr\/wp-json\/wp\/v2\/comments?post=26812"}],"wp:featuredmedia":[{"embeddable":true,"href":"https:\/\/solucionescontract.com\/fr\/wp-json\/wp\/v2\/media\/26838"}],"wp:attachment":[{"href":"https:\/\/solucionescontract.com\/fr\/wp-json\/wp\/v2\/media?parent=26812"}],"wp:term":[{"taxonomy":"product_brand","embeddable":true,"href":"https:\/\/solucionescontract.com\/fr\/wp-json\/wp\/v2\/product_brand?post=26812"},{"taxonomy":"product_cat","embeddable":true,"href":"https:\/\/solucionescontract.com\/fr\/wp-json\/wp\/v2\/product_cat?post=26812"},{"taxonomy":"product_tag","embeddable":true,"href":"https:\/\/solucionescontract.com\/fr\/wp-json\/wp\/v2\/product_tag?post=26812"}],"curies":[{"name":"wp","href":"https:\/\/api.w.org\/{rel}","templated":true}]}}