{"id":26597,"date":"2022-05-01T17:14:26","date_gmt":"2022-05-01T16:14:26","guid":{"rendered":"https:\/\/www.solucionescontract.com\/?post_type=product&#038;p=26597"},"modified":"2023-05-31T17:00:06","modified_gmt":"2023-05-31T16:00:06","slug":"sombrilla-parasol-ons","status":"publish","type":"product","link":"https:\/\/solucionescontract.com\/fr\/producto\/sombrilla-parasol-ons\/","title":{"rendered":"SOMBRILLA PARASOL ONS"},"content":{"rendered":"<p>Las sombrillas ONS quedar\u00e1n ideales en cualquier lugar, ya sea en terrazas, jardines, piscinas, etc. Su estructura en color arena la hace \u00fanica y destacable al resto de parasoles.<\/p>\n<p>Gran disposici\u00f3n de colores a elegir, ( blanco, arena, taupe, ,moka, burdeos, crema, negro, taupe rayas, antracita rayas, antracita y el precioso azul\u00f3n) todos ellos de tejido OLEFIN, un tejido de polipropileno tintado en masa para una gran durabilidad, muy resistente a la exposici\u00f3n solar.<\/p>\n<p>Adem\u00e1s cuenta con certificaci\u00f3n UV, lo que nos garantiza la protecci\u00f3n frente a los efectos nocivos del sol en nuestra piel.<\/p>\n<p>Las varilla son de fibra de vidrio y su estructura es\u00a0 de aluminio lacado.<\/p>\n<p>La sombrilla ONS tiene volante. opci\u00f3n si volante<span style=\"font-size: 14pt;color: #000000\"><a href=\"mailto:info@solucionescontract.com\">\u00a0INFORMATE<\/a>\u00a0<\/span><\/p>\n<p>MEDIDAS: 261 cm x 200 cm x 200 cm. La lona mide 2 metros.<\/p>\n<p>Base no incluida.\u00a0 \u00a0 \u00a0 \u00a0 \u00a0 \u00a0 \u00a0 \u00a0 \u00a0 \u00a0 \u00a0 \u00a0 \u00a0 \u00a0 \u00a0 \u00a0 \u00a0 \u00a0 \u00a0 \u00a0 \u00a0 \u00a0 \u00a0 \u00a0 \u00a0 \u00a0 \u00a0 \u00a0 \u00a0 \u00a0 \u00a0 \u00a0 \u00a0 <a href=\"https:\/\/solucionescontract.com\/wp-content\/uploads\/2022\/03\/Captura-de-pantalla-2022-03-28-212658.png\"><img decoding=\"async\" class=\" wd-lazy-fade alignnone wp-image-26598 \" src=\"https:\/\/solucionescontract.com\/wp-content\/themes\/woodmart\/images\/lazy.svg\" data-src=\"https:\/\/solucionescontract.com\/wp-content\/uploads\/2022\/03\/Captura-de-pantalla-2022-03-28-212658-300x285.png\" alt=\"\" width=\"382\" height=\"362\" srcset=\"\" data-srcset=\"https:\/\/solucionescontract.com\/wp-content\/uploads\/2022\/03\/Captura-de-pantalla-2022-03-28-212658-300x285.png 300w, https:\/\/solucionescontract.com\/wp-content\/uploads\/2022\/03\/Captura-de-pantalla-2022-03-28-212658-150x142.png 150w, https:\/\/solucionescontract.com\/wp-content\/uploads\/2022\/03\/Captura-de-pantalla-2022-03-28-212658-21x20.png 21w, https:\/\/solucionescontract.com\/wp-content\/uploads\/2022\/03\/Captura-de-pantalla-2022-03-28-212658.png 397w\" sizes=\"(max-width: 382px) 100vw, 382px\" \/><\/a><\/script><\/p>\n","protected":false},"excerpt":{"rendered":"<ul>\n<li>\u00a0Mobiliario de exterior para terrazas, jardines, piscinas, etc. ya sea contract o de hogar.<\/li>\n<li>Su estructura en color arena la hace \u00fanica y destacable al resto de parasoles.<\/li>\n<li>Estructura de aluminio lacado y varilla en fibra de vidrio<\/li>\n<li>Gran variedad de colores en el tejido.<\/li>\n<li>Tejido OLEFIN, de polipropileno tintado en masa para una gran durabilidad, muy resistente a la exposici\u00f3n solar. Certificaci\u00f3n UV.<\/li>\n<li>Puede ser con o sin volante.<span style=\"font-size: 14pt;color: #000000\"><a href=\"mailto:info@solucionescontract.com\"> INFORMATE<\/a> <\/span><\/li>\n<li>MEDIDAS: 261\u00a0 x 200\u00a0 x 200 cm. ( Lona 2 metros )<\/li>\n<\/ul>\n<p><strong>* Base no incluida.<\/strong><\/p>\n","protected":false},"featured_media":26639,"comment_status":"open","ping_status":"closed","template":"","meta":[],"product_brand":[],"product_cat":[285,402,396,1095],"product_tag":[166,44,291,101],"class_list":{"0":"post-26597","1":"product","2":"type-product","3":"status-publish","4":"has-post-thumbnail","6":"product_cat-accesorios-hotel","7":"product_cat-complementos-de-jardin","8":"product_cat-mobiliario-de-terraza-y-jardin","9":"product_cat-parasol","10":"product_tag-estructura-aluminio","11":"product_tag-exterior","12":"product_tag-jardin","13":"product_tag-polipropileno","14":"product_shipping_class-envio-gratuito","15":"yith_product_brand-ezpeleta","17":"first","18":"instock","19":"taxable","20":"shipping-taxable","21":"purchasable","22":"product-type-variable"},"yoast_head":"<!-- This site is optimized with the Yoast SEO plugin v27.3 - https:\/\/yoast.com\/product\/yoast-seo-wordpress\/ -->\n<title>SOMBRILLA PARASOL ONS - Muebles de dise\u00f1o en Soluciones Contract<\/title>\n<meta name=\"description\" content=\"Compra SOMBRILLA PARASOL ONS online en nuestra tienda de muebles Contract. Encuentra el mejor MOBILIARIO DE DISE\u00d1O para Hotel, Hogar y uso comercial. Descubre las mejores marcas en nuestro cat\u00e1logo.\" \/>\n<meta name=\"robots\" content=\"index, follow, max-snippet:-1, max-image-preview:large, max-video-preview:-1\" \/>\n<link rel=\"canonical\" href=\"https:\/\/solucionescontract.com\/fr\/producto\/sombrilla-parasol-ons\/\" \/>\n<meta property=\"og:locale\" content=\"fr_FR\" \/>\n<meta property=\"og:type\" content=\"article\" \/>\n<meta property=\"og:title\" content=\"SOMBRILLA PARASOL ONS - Muebles de dise\u00f1o en Soluciones Contract\" \/>\n<meta property=\"og:description\" content=\"Compra SOMBRILLA PARASOL ONS online en nuestra tienda de muebles Contract. Encuentra el mejor MOBILIARIO DE DISE\u00d1O para Hotel, Hogar y uso comercial. Descubre las mejores marcas en nuestro cat\u00e1logo.\" \/>\n<meta property=\"og:url\" content=\"https:\/\/solucionescontract.com\/fr\/producto\/sombrilla-parasol-ons\/\" \/>\n<meta property=\"og:site_name\" content=\"Soluciones Contract\" \/>\n<meta property=\"article:publisher\" content=\"https:\/\/www.facebook.com\/solucionescontract\/\" \/>\n<meta property=\"article:modified_time\" content=\"2023-05-31T16:00:06+00:00\" \/>\n<meta property=\"og:image\" content=\"https:\/\/solucionescontract.com\/wp-content\/uploads\/2022\/03\/antracita-rayas-1.jpg\" \/>\n\t<meta property=\"og:image:width\" content=\"1109\" \/>\n\t<meta property=\"og:image:height\" content=\"1109\" \/>\n\t<meta property=\"og:image:type\" content=\"image\/jpeg\" \/>\n<meta name=\"twitter:card\" content=\"summary_large_image\" \/>\n<meta name=\"twitter:label1\" content=\"Dur\u00e9e de lecture estim\u00e9e\" \/>\n\t<meta name=\"twitter:data1\" content=\"1 minute\" \/>\n<script type=\"application\/ld+json\" class=\"yoast-schema-graph\">{\"@context\":\"https:\\\/\\\/schema.org\",\"@graph\":[{\"@type\":\"WebPage\",\"@id\":\"https:\\\/\\\/solucionescontract.com\\\/fr\\\/producto\\\/sombrilla-parasol-ons\\\/\",\"url\":\"https:\\\/\\\/solucionescontract.com\\\/fr\\\/producto\\\/sombrilla-parasol-ons\\\/\",\"name\":\"SOMBRILLA PARASOL ONS - Muebles de dise\u00f1o en Soluciones Contract\",\"isPartOf\":{\"@id\":\"https:\\\/\\\/solucionescontract.com\\\/#website\"},\"primaryImageOfPage\":{\"@id\":\"https:\\\/\\\/solucionescontract.com\\\/fr\\\/producto\\\/sombrilla-parasol-ons\\\/#primaryimage\"},\"image\":{\"@id\":\"https:\\\/\\\/solucionescontract.com\\\/fr\\\/producto\\\/sombrilla-parasol-ons\\\/#primaryimage\"},\"thumbnailUrl\":\"https:\\\/\\\/solucionescontract.com\\\/wp-content\\\/uploads\\\/2022\\\/03\\\/antracita-rayas-1.jpg\",\"datePublished\":\"2022-05-01T16:14:26+00:00\",\"dateModified\":\"2023-05-31T16:00:06+00:00\",\"description\":\"Compra SOMBRILLA PARASOL ONS online en nuestra tienda de muebles Contract. Encuentra el mejor MOBILIARIO DE DISE\u00d1O para Hotel, Hogar y uso comercial. Descubre las mejores marcas en nuestro cat\u00e1logo.\",\"breadcrumb\":{\"@id\":\"https:\\\/\\\/solucionescontract.com\\\/fr\\\/producto\\\/sombrilla-parasol-ons\\\/#breadcrumb\"},\"inLanguage\":\"fr-FR\",\"potentialAction\":[{\"@type\":\"ReadAction\",\"target\":[\"https:\\\/\\\/solucionescontract.com\\\/fr\\\/producto\\\/sombrilla-parasol-ons\\\/\"]}]},{\"@type\":\"ImageObject\",\"inLanguage\":\"fr-FR\",\"@id\":\"https:\\\/\\\/solucionescontract.com\\\/fr\\\/producto\\\/sombrilla-parasol-ons\\\/#primaryimage\",\"url\":\"https:\\\/\\\/solucionescontract.com\\\/wp-content\\\/uploads\\\/2022\\\/03\\\/antracita-rayas-1.jpg\",\"contentUrl\":\"https:\\\/\\\/solucionescontract.com\\\/wp-content\\\/uploads\\\/2022\\\/03\\\/antracita-rayas-1.jpg\",\"width\":1109,\"height\":1109},{\"@type\":\"BreadcrumbList\",\"@id\":\"https:\\\/\\\/solucionescontract.com\\\/fr\\\/producto\\\/sombrilla-parasol-ons\\\/#breadcrumb\",\"itemListElement\":[{\"@type\":\"ListItem\",\"position\":1,\"name\":\"Inicio\",\"item\":\"https:\\\/\\\/solucionescontract.com\\\/\"},{\"@type\":\"ListItem\",\"position\":2,\"name\":\"Tienda mobiliario contract\",\"item\":\"https:\\\/\\\/solucionescontract.com\\\/tienda-mobiliario-contract\\\/\"},{\"@type\":\"ListItem\",\"position\":3,\"name\":\"Accesorios para hotel\",\"item\":\"https:\\\/\\\/solucionescontract.com\\\/categoria-producto\\\/mobiliario-para-hosteleria\\\/accesorios-hotel\\\/\"},{\"@type\":\"ListItem\",\"position\":4,\"name\":\"SOMBRILLA PARASOL ONS\"}]},{\"@type\":\"WebSite\",\"@id\":\"https:\\\/\\\/solucionescontract.com\\\/#website\",\"url\":\"https:\\\/\\\/solucionescontract.com\\\/\",\"name\":\"Soluciones Contract\",\"description\":\"Venta Mobiliario contract de dise\u00f1o\",\"publisher\":{\"@id\":\"https:\\\/\\\/solucionescontract.com\\\/#organization\"},\"potentialAction\":[{\"@type\":\"SearchAction\",\"target\":{\"@type\":\"EntryPoint\",\"urlTemplate\":\"https:\\\/\\\/solucionescontract.com\\\/?s={search_term_string}\"},\"query-input\":{\"@type\":\"PropertyValueSpecification\",\"valueRequired\":true,\"valueName\":\"search_term_string\"}}],\"inLanguage\":\"fr-FR\"},{\"@type\":\"Organization\",\"@id\":\"https:\\\/\\\/solucionescontract.com\\\/#organization\",\"name\":\"Soluciones Contract\",\"url\":\"https:\\\/\\\/solucionescontract.com\\\/\",\"logo\":{\"@type\":\"ImageObject\",\"inLanguage\":\"fr-FR\",\"@id\":\"https:\\\/\\\/solucionescontract.com\\\/#\\\/schema\\\/logo\\\/image\\\/\",\"url\":\"https:\\\/\\\/solucionescontract.com\\\/wp-content\\\/uploads\\\/2020\\\/02\\\/logoSC.jpg\",\"contentUrl\":\"https:\\\/\\\/solucionescontract.com\\\/wp-content\\\/uploads\\\/2020\\\/02\\\/logoSC.jpg\",\"width\":300,\"height\":125,\"caption\":\"Soluciones Contract\"},\"image\":{\"@id\":\"https:\\\/\\\/solucionescontract.com\\\/#\\\/schema\\\/logo\\\/image\\\/\"},\"sameAs\":[\"https:\\\/\\\/www.facebook.com\\\/solucionescontract\\\/\"]}]}<\/script>\n<!-- \/ Yoast SEO plugin. -->","yoast_head_json":{"title":"SOMBRILLA PARASOL ONS - Muebles de dise\u00f1o en Soluciones Contract","description":"Compra SOMBRILLA PARASOL ONS online en nuestra tienda de muebles Contract. Encuentra el mejor MOBILIARIO DE DISE\u00d1O para Hotel, Hogar y uso comercial. Descubre las mejores marcas en nuestro cat\u00e1logo.","robots":{"index":"index","follow":"follow","max-snippet":"max-snippet:-1","max-image-preview":"max-image-preview:large","max-video-preview":"max-video-preview:-1"},"canonical":"https:\/\/solucionescontract.com\/fr\/producto\/sombrilla-parasol-ons\/","og_locale":"fr_FR","og_type":"article","og_title":"SOMBRILLA PARASOL ONS - Muebles de dise\u00f1o en Soluciones Contract","og_description":"Compra SOMBRILLA PARASOL ONS online en nuestra tienda de muebles Contract. Encuentra el mejor MOBILIARIO DE DISE\u00d1O para Hotel, Hogar y uso comercial. Descubre las mejores marcas en nuestro cat\u00e1logo.","og_url":"https:\/\/solucionescontract.com\/fr\/producto\/sombrilla-parasol-ons\/","og_site_name":"Soluciones Contract","article_publisher":"https:\/\/www.facebook.com\/solucionescontract\/","article_modified_time":"2023-05-31T16:00:06+00:00","og_image":[{"width":1109,"height":1109,"url":"https:\/\/solucionescontract.com\/wp-content\/uploads\/2022\/03\/antracita-rayas-1.jpg","type":"image\/jpeg"}],"twitter_card":"summary_large_image","twitter_misc":{"Dur\u00e9e de lecture estim\u00e9e":"1 minute"},"schema":{"@context":"https:\/\/schema.org","@graph":[{"@type":"WebPage","@id":"https:\/\/solucionescontract.com\/fr\/producto\/sombrilla-parasol-ons\/","url":"https:\/\/solucionescontract.com\/fr\/producto\/sombrilla-parasol-ons\/","name":"SOMBRILLA PARASOL ONS - Muebles de dise\u00f1o en Soluciones Contract","isPartOf":{"@id":"https:\/\/solucionescontract.com\/#website"},"primaryImageOfPage":{"@id":"https:\/\/solucionescontract.com\/fr\/producto\/sombrilla-parasol-ons\/#primaryimage"},"image":{"@id":"https:\/\/solucionescontract.com\/fr\/producto\/sombrilla-parasol-ons\/#primaryimage"},"thumbnailUrl":"https:\/\/solucionescontract.com\/wp-content\/uploads\/2022\/03\/antracita-rayas-1.jpg","datePublished":"2022-05-01T16:14:26+00:00","dateModified":"2023-05-31T16:00:06+00:00","description":"Compra SOMBRILLA PARASOL ONS online en nuestra tienda de muebles Contract. Encuentra el mejor MOBILIARIO DE DISE\u00d1O para Hotel, Hogar y uso comercial. Descubre las mejores marcas en nuestro cat\u00e1logo.","breadcrumb":{"@id":"https:\/\/solucionescontract.com\/fr\/producto\/sombrilla-parasol-ons\/#breadcrumb"},"inLanguage":"fr-FR","potentialAction":[{"@type":"ReadAction","target":["https:\/\/solucionescontract.com\/fr\/producto\/sombrilla-parasol-ons\/"]}]},{"@type":"ImageObject","inLanguage":"fr-FR","@id":"https:\/\/solucionescontract.com\/fr\/producto\/sombrilla-parasol-ons\/#primaryimage","url":"https:\/\/solucionescontract.com\/wp-content\/uploads\/2022\/03\/antracita-rayas-1.jpg","contentUrl":"https:\/\/solucionescontract.com\/wp-content\/uploads\/2022\/03\/antracita-rayas-1.jpg","width":1109,"height":1109},{"@type":"BreadcrumbList","@id":"https:\/\/solucionescontract.com\/fr\/producto\/sombrilla-parasol-ons\/#breadcrumb","itemListElement":[{"@type":"ListItem","position":1,"name":"Inicio","item":"https:\/\/solucionescontract.com\/"},{"@type":"ListItem","position":2,"name":"Tienda mobiliario contract","item":"https:\/\/solucionescontract.com\/tienda-mobiliario-contract\/"},{"@type":"ListItem","position":3,"name":"Accesorios para hotel","item":"https:\/\/solucionescontract.com\/categoria-producto\/mobiliario-para-hosteleria\/accesorios-hotel\/"},{"@type":"ListItem","position":4,"name":"SOMBRILLA PARASOL ONS"}]},{"@type":"WebSite","@id":"https:\/\/solucionescontract.com\/#website","url":"https:\/\/solucionescontract.com\/","name":"Soluciones Contract","description":"Venta Mobiliario contract de dise\u00f1o","publisher":{"@id":"https:\/\/solucionescontract.com\/#organization"},"potentialAction":[{"@type":"SearchAction","target":{"@type":"EntryPoint","urlTemplate":"https:\/\/solucionescontract.com\/?s={search_term_string}"},"query-input":{"@type":"PropertyValueSpecification","valueRequired":true,"valueName":"search_term_string"}}],"inLanguage":"fr-FR"},{"@type":"Organization","@id":"https:\/\/solucionescontract.com\/#organization","name":"Soluciones Contract","url":"https:\/\/solucionescontract.com\/","logo":{"@type":"ImageObject","inLanguage":"fr-FR","@id":"https:\/\/solucionescontract.com\/#\/schema\/logo\/image\/","url":"https:\/\/solucionescontract.com\/wp-content\/uploads\/2020\/02\/logoSC.jpg","contentUrl":"https:\/\/solucionescontract.com\/wp-content\/uploads\/2020\/02\/logoSC.jpg","width":300,"height":125,"caption":"Soluciones Contract"},"image":{"@id":"https:\/\/solucionescontract.com\/#\/schema\/logo\/image\/"},"sameAs":["https:\/\/www.facebook.com\/solucionescontract\/"]}]}},"_links":{"self":[{"href":"https:\/\/solucionescontract.com\/fr\/wp-json\/wp\/v2\/product\/26597","targetHints":{"allow":["GET"]}}],"collection":[{"href":"https:\/\/solucionescontract.com\/fr\/wp-json\/wp\/v2\/product"}],"about":[{"href":"https:\/\/solucionescontract.com\/fr\/wp-json\/wp\/v2\/types\/product"}],"replies":[{"embeddable":true,"href":"https:\/\/solucionescontract.com\/fr\/wp-json\/wp\/v2\/comments?post=26597"}],"wp:featuredmedia":[{"embeddable":true,"href":"https:\/\/solucionescontract.com\/fr\/wp-json\/wp\/v2\/media\/26639"}],"wp:attachment":[{"href":"https:\/\/solucionescontract.com\/fr\/wp-json\/wp\/v2\/media?parent=26597"}],"wp:term":[{"taxonomy":"product_brand","embeddable":true,"href":"https:\/\/solucionescontract.com\/fr\/wp-json\/wp\/v2\/product_brand?post=26597"},{"taxonomy":"product_cat","embeddable":true,"href":"https:\/\/solucionescontract.com\/fr\/wp-json\/wp\/v2\/product_cat?post=26597"},{"taxonomy":"product_tag","embeddable":true,"href":"https:\/\/solucionescontract.com\/fr\/wp-json\/wp\/v2\/product_tag?post=26597"}],"curies":[{"name":"wp","href":"https:\/\/api.w.org\/{rel}","templated":true}]}}