{"id":26277,"date":"2022-03-17T20:05:01","date_gmt":"2022-03-17T19:05:01","guid":{"rendered":"https:\/\/www.solucionescontract.com\/?post_type=product&#038;p=26277"},"modified":"2023-06-05T12:04:21","modified_gmt":"2023-06-05T11:04:21","slug":"separador-de-ambiente-olef","status":"publish","type":"product","link":"https:\/\/solucionescontract.com\/fr\/producto\/separador-de-ambiente-olef\/","title":{"rendered":"SEPARADOR DE AMBIENTE OLEF"},"content":{"rendered":"<p>Nuestros m\u00f3dulos separadores quedar\u00e1n ideales para crear diferentes ambientes en aquellos lugares que se precise, terrazas de hosteler\u00eda, jardines, piscinas, etc. As\u00ed como para aislar del frio y aire.<\/p>\n<p>Disponen de una ventana de pvc\u00a0 en su zona central\u00a0 y espacio para jardinera<\/p>\n<p>Fabricado con hilo de polipropileno lo que nos asegura una larga durabilidad y resistencia a la luz solar cuya\u00a0 estructura esta fabricada en aluminio.<\/p>\n<p>Todos los separadores incluyen ruedas con y sin freno.<\/p>\n<p>Gracias a su tejido \u00ab\u00a0olef\u00edn\u00a0\u00bb los separadores\u00a0 ya que cuenta con certificaci\u00f3n UV, con una puntuaci\u00f3n de UPF 801 que garantizan la protecci\u00f3n de la piel contra los rayos UV,\u00a0 Repelente al agua, 100% reciclable y anti manchas.<\/p>\n<p>De f\u00e1cil limpieza<\/p>\n<p>Acabados disponibles: Antracita, blanco y taupe.<\/p>\n<p>Medidas estructura:<\/p>\n<p>101x38x140 cm \u00f3 180x38x140 cm<\/p>\n<p><em>\u00a0opcional:\u00a0 \u00a0<\/em><em>Jardinera\u00a0 fabricada en resina de polietileno\u00a0 Medidas:80 cm x 30 cm x 30 cm.Acabados Blanco o negro.<\/em><\/p>\n<p><em> Para medidas de 180 cm se incluyen dos jardineras.<\/em><\/p>\n<p>&nbsp;<\/p>\n<p><a href=\"https:\/\/solucionescontract.com\/wp-content\/uploads\/2022\/03\/jardineras-separadores-olef.png\"><img decoding=\"async\" class=\" wd-lazy-fade alignright wp-image-26281\" src=\"https:\/\/solucionescontract.com\/wp-content\/themes\/woodmart\/images\/lazy.svg\" data-src=\"https:\/\/solucionescontract.com\/wp-content\/uploads\/2022\/03\/jardineras-separadores-olef.png\" alt=\"\" width=\"246\" height=\"308\" srcset=\"\" data-srcset=\"https:\/\/solucionescontract.com\/wp-content\/uploads\/2022\/03\/jardineras-separadores-olef.png 192w, https:\/\/solucionescontract.com\/wp-content\/uploads\/2022\/03\/jardineras-separadores-olef-150x188.png 150w, https:\/\/solucionescontract.com\/wp-content\/uploads\/2022\/03\/jardineras-separadores-olef-16x20.png 16w\" sizes=\"(max-width: 246px) 100vw, 246px\" \/><\/a><a href=\"https:\/\/solucionescontract.com\/wp-content\/uploads\/2022\/03\/Captura-de-pantalla-2022-03-21-193026.png\"><img decoding=\"async\" class=\" wd-lazy-fade wp-image-26390 alignright\" src=\"https:\/\/solucionescontract.com\/wp-content\/themes\/woodmart\/images\/lazy.svg\" data-src=\"https:\/\/solucionescontract.com\/wp-content\/uploads\/2022\/03\/Captura-de-pantalla-2022-03-21-193026-212x300.png\" alt=\"\" width=\"228\" height=\"323\" srcset=\"\" data-srcset=\"https:\/\/solucionescontract.com\/wp-content\/uploads\/2022\/03\/Captura-de-pantalla-2022-03-21-193026-212x300.png 212w, https:\/\/solucionescontract.com\/wp-content\/uploads\/2022\/03\/Captura-de-pantalla-2022-03-21-193026-150x212.png 150w, https:\/\/solucionescontract.com\/wp-content\/uploads\/2022\/03\/Captura-de-pantalla-2022-03-21-193026-14x20.png 14w, https:\/\/solucionescontract.com\/wp-content\/uploads\/2022\/03\/Captura-de-pantalla-2022-03-21-193026.png 315w\" sizes=\"(max-width: 228px) 100vw, 228px\" \/><\/a><br \/>\n<a href=\"https:\/\/solucionescontract.com\/wp-content\/uploads\/2022\/03\/separador-de-ambientes-olef.png\"><img decoding=\"async\" class=\" wd-lazy-fade wp-image-26278 aligncenter\" src=\"https:\/\/solucionescontract.com\/wp-content\/themes\/woodmart\/images\/lazy.svg\" data-src=\"https:\/\/solucionescontract.com\/wp-content\/uploads\/2022\/03\/separador-de-ambientes-olef-300x273.png\" alt=\"\" width=\"307\" height=\"280\" srcset=\"\" data-srcset=\"https:\/\/solucionescontract.com\/wp-content\/uploads\/2022\/03\/separador-de-ambientes-olef-300x273.png 300w, https:\/\/solucionescontract.com\/wp-content\/uploads\/2022\/03\/separador-de-ambientes-olef-150x137.png 150w, https:\/\/solucionescontract.com\/wp-content\/uploads\/2022\/03\/separador-de-ambientes-olef-22x20.png 22w, https:\/\/solucionescontract.com\/wp-content\/uploads\/2022\/03\/separador-de-ambientes-olef.png 305w\" sizes=\"(max-width: 307px) 100vw, 307px\" \/><\/a><\/script><\/p>\n","protected":false},"excerpt":{"rendered":"<ul>\n<li>M\u00f3dulos separadores aislantes del fr\u00edo y aire con espacio para jardinera<\/li>\n<li>\u00a0Disponen de una ventana de pvc que aporta visibilizad y luz al espacio en que se disponen.<\/li>\n<li>Con estructura\u00a0 en aluminio y material del tejido fabricado con hilo de polipropileno.<\/li>\n<li>Destaca por su resistencia a la luz solar e impermeabilidad<\/li>\n<li>Incluyen ruedas con y sin freno.<\/li>\n<li>Colores a elegir: Antracita, blanco y taupe.<\/li>\n<li>2 medidas disponibles: 101 o 140 cm de largo<\/li>\n<\/ul>\n<p>opcional:\u00a0 jardinera\u00a0 fabricada en resina de polietileno<\/p>\n","protected":false},"featured_media":26284,"comment_status":"open","ping_status":"closed","template":"","meta":[],"product_brand":[],"product_cat":[522,584,580,606],"product_tag":[783,702,751,1092],"class_list":{"0":"post-26277","1":"product","2":"type-product","3":"status-publish","4":"has-post-thumbnail","6":"product_cat-hotel-accessories","7":"product_cat-garden-accessories","8":"product_cat-terrace-and-garden-furniture","9":"product_cat-furniture-for-hospitality","10":"product_tag-estructura-aluminio-en","11":"product_tag-exterior-interior-en","12":"product_tag-polietileno-en","13":"product_tag-separador-de-ambiente","14":"product_shipping_class-free","15":"yith_product_brand-ezpeleta","17":"first","18":"instock","19":"taxable","20":"shipping-taxable","21":"purchasable","22":"product-type-variable"},"yoast_head":"<!-- This site is optimized with the Yoast SEO plugin v27.3 - https:\/\/yoast.com\/product\/yoast-seo-wordpress\/ -->\n<title>SEPARADOR DE AMBIENTE OLEF - Muebles de dise\u00f1o en Soluciones Contract<\/title>\n<meta name=\"description\" content=\"Compra SEPARADOR DE AMBIENTE OLEF online en nuestra tienda de muebles Contract. Encuentra el mejor MOBILIARIO DE DISE\u00d1O para Hotel, Hogar y uso comercial. Descubre las mejores marcas en nuestro cat\u00e1logo.\" \/>\n<meta name=\"robots\" content=\"index, follow, max-snippet:-1, max-image-preview:large, max-video-preview:-1\" \/>\n<link rel=\"canonical\" href=\"https:\/\/solucionescontract.com\/en\/producto\/separador-de-ambiente-olef\/\" \/>\n<meta property=\"og:locale\" content=\"fr_FR\" \/>\n<meta property=\"og:type\" content=\"article\" \/>\n<meta property=\"og:title\" content=\"SEPARADOR DE AMBIENTE OLEF - Muebles de dise\u00f1o en Soluciones Contract\" \/>\n<meta property=\"og:description\" content=\"Compra SEPARADOR DE AMBIENTE OLEF online en nuestra tienda de muebles Contract. Encuentra el mejor MOBILIARIO DE DISE\u00d1O para Hotel, Hogar y uso comercial. Descubre las mejores marcas en nuestro cat\u00e1logo.\" \/>\n<meta property=\"og:url\" content=\"https:\/\/solucionescontract.com\/en\/producto\/separador-de-ambiente-olef\/\" \/>\n<meta property=\"og:site_name\" content=\"Soluciones Contract\" \/>\n<meta property=\"article:publisher\" content=\"https:\/\/www.facebook.com\/solucionescontract\/\" \/>\n<meta property=\"article:modified_time\" content=\"2023-06-05T11:04:21+00:00\" \/>\n<meta property=\"og:image\" content=\"https:\/\/solucionescontract.com\/wp-content\/uploads\/2022\/03\/Separador-de-ambientes-Olef.jpg\" \/>\n\t<meta property=\"og:image:width\" content=\"936\" \/>\n\t<meta property=\"og:image:height\" content=\"936\" \/>\n\t<meta property=\"og:image:type\" content=\"image\/jpeg\" \/>\n<meta name=\"twitter:card\" content=\"summary_large_image\" \/>\n<meta name=\"twitter:label1\" content=\"Dur\u00e9e de lecture estim\u00e9e\" \/>\n\t<meta name=\"twitter:data1\" content=\"2 minutes\" \/>\n<script type=\"application\/ld+json\" class=\"yoast-schema-graph\">{\"@context\":\"https:\\\/\\\/schema.org\",\"@graph\":[{\"@type\":\"WebPage\",\"@id\":\"https:\\\/\\\/solucionescontract.com\\\/en\\\/producto\\\/separador-de-ambiente-olef\\\/\",\"url\":\"https:\\\/\\\/solucionescontract.com\\\/en\\\/producto\\\/separador-de-ambiente-olef\\\/\",\"name\":\"SEPARADOR DE AMBIENTE OLEF - Muebles de dise\u00f1o en Soluciones Contract\",\"isPartOf\":{\"@id\":\"https:\\\/\\\/solucionescontract.com\\\/#website\"},\"primaryImageOfPage\":{\"@id\":\"https:\\\/\\\/solucionescontract.com\\\/en\\\/producto\\\/separador-de-ambiente-olef\\\/#primaryimage\"},\"image\":{\"@id\":\"https:\\\/\\\/solucionescontract.com\\\/en\\\/producto\\\/separador-de-ambiente-olef\\\/#primaryimage\"},\"thumbnailUrl\":\"https:\\\/\\\/solucionescontract.com\\\/wp-content\\\/uploads\\\/2022\\\/03\\\/Separador-de-ambientes-Olef.jpg\",\"datePublished\":\"2022-03-17T19:05:01+00:00\",\"dateModified\":\"2023-06-05T11:04:21+00:00\",\"description\":\"Compra SEPARADOR DE AMBIENTE OLEF online en nuestra tienda de muebles Contract. Encuentra el mejor MOBILIARIO DE DISE\u00d1O para Hotel, Hogar y uso comercial. Descubre las mejores marcas en nuestro cat\u00e1logo.\",\"breadcrumb\":{\"@id\":\"https:\\\/\\\/solucionescontract.com\\\/en\\\/producto\\\/separador-de-ambiente-olef\\\/#breadcrumb\"},\"inLanguage\":\"fr-FR\",\"potentialAction\":[{\"@type\":\"ReadAction\",\"target\":[\"https:\\\/\\\/solucionescontract.com\\\/en\\\/producto\\\/separador-de-ambiente-olef\\\/\"]}]},{\"@type\":\"ImageObject\",\"inLanguage\":\"fr-FR\",\"@id\":\"https:\\\/\\\/solucionescontract.com\\\/en\\\/producto\\\/separador-de-ambiente-olef\\\/#primaryimage\",\"url\":\"https:\\\/\\\/solucionescontract.com\\\/wp-content\\\/uploads\\\/2022\\\/03\\\/Separador-de-ambientes-Olef.jpg\",\"contentUrl\":\"https:\\\/\\\/solucionescontract.com\\\/wp-content\\\/uploads\\\/2022\\\/03\\\/Separador-de-ambientes-Olef.jpg\",\"width\":936,\"height\":936},{\"@type\":\"BreadcrumbList\",\"@id\":\"https:\\\/\\\/solucionescontract.com\\\/en\\\/producto\\\/separador-de-ambiente-olef\\\/#breadcrumb\",\"itemListElement\":[{\"@type\":\"ListItem\",\"position\":1,\"name\":\"Inicio\",\"item\":\"https:\\\/\\\/solucionescontract.com\\\/\"},{\"@type\":\"ListItem\",\"position\":2,\"name\":\"Tienda mobiliario contract\",\"item\":\"https:\\\/\\\/solucionescontract.com\\\/tienda-mobiliario-contract\\\/\"},{\"@type\":\"ListItem\",\"position\":3,\"name\":\"Mobiliario de Terraza y Jard\u00edn\",\"item\":\"https:\\\/\\\/solucionescontract.com\\\/categoria-producto\\\/mobiliario-de-terraza-y-jardin\\\/\"},{\"@type\":\"ListItem\",\"position\":4,\"name\":\"SEPARADOR DE AMBIENTE OLEF\"}]},{\"@type\":\"WebSite\",\"@id\":\"https:\\\/\\\/solucionescontract.com\\\/#website\",\"url\":\"https:\\\/\\\/solucionescontract.com\\\/\",\"name\":\"Soluciones Contract\",\"description\":\"Venta Mobiliario contract de dise\u00f1o\",\"publisher\":{\"@id\":\"https:\\\/\\\/solucionescontract.com\\\/#organization\"},\"potentialAction\":[{\"@type\":\"SearchAction\",\"target\":{\"@type\":\"EntryPoint\",\"urlTemplate\":\"https:\\\/\\\/solucionescontract.com\\\/?s={search_term_string}\"},\"query-input\":{\"@type\":\"PropertyValueSpecification\",\"valueRequired\":true,\"valueName\":\"search_term_string\"}}],\"inLanguage\":\"fr-FR\"},{\"@type\":\"Organization\",\"@id\":\"https:\\\/\\\/solucionescontract.com\\\/#organization\",\"name\":\"Soluciones Contract\",\"url\":\"https:\\\/\\\/solucionescontract.com\\\/\",\"logo\":{\"@type\":\"ImageObject\",\"inLanguage\":\"fr-FR\",\"@id\":\"https:\\\/\\\/solucionescontract.com\\\/#\\\/schema\\\/logo\\\/image\\\/\",\"url\":\"https:\\\/\\\/solucionescontract.com\\\/wp-content\\\/uploads\\\/2020\\\/02\\\/logoSC.jpg\",\"contentUrl\":\"https:\\\/\\\/solucionescontract.com\\\/wp-content\\\/uploads\\\/2020\\\/02\\\/logoSC.jpg\",\"width\":300,\"height\":125,\"caption\":\"Soluciones Contract\"},\"image\":{\"@id\":\"https:\\\/\\\/solucionescontract.com\\\/#\\\/schema\\\/logo\\\/image\\\/\"},\"sameAs\":[\"https:\\\/\\\/www.facebook.com\\\/solucionescontract\\\/\"]}]}<\/script>\n<!-- \/ Yoast SEO plugin. -->","yoast_head_json":{"title":"SEPARADOR DE AMBIENTE OLEF - Muebles de dise\u00f1o en Soluciones Contract","description":"Compra SEPARADOR DE AMBIENTE OLEF online en nuestra tienda de muebles Contract. Encuentra el mejor MOBILIARIO DE DISE\u00d1O para Hotel, Hogar y uso comercial. Descubre las mejores marcas en nuestro cat\u00e1logo.","robots":{"index":"index","follow":"follow","max-snippet":"max-snippet:-1","max-image-preview":"max-image-preview:large","max-video-preview":"max-video-preview:-1"},"canonical":"https:\/\/solucionescontract.com\/en\/producto\/separador-de-ambiente-olef\/","og_locale":"fr_FR","og_type":"article","og_title":"SEPARADOR DE AMBIENTE OLEF - Muebles de dise\u00f1o en Soluciones Contract","og_description":"Compra SEPARADOR DE AMBIENTE OLEF online en nuestra tienda de muebles Contract. Encuentra el mejor MOBILIARIO DE DISE\u00d1O para Hotel, Hogar y uso comercial. Descubre las mejores marcas en nuestro cat\u00e1logo.","og_url":"https:\/\/solucionescontract.com\/en\/producto\/separador-de-ambiente-olef\/","og_site_name":"Soluciones Contract","article_publisher":"https:\/\/www.facebook.com\/solucionescontract\/","article_modified_time":"2023-06-05T11:04:21+00:00","og_image":[{"width":936,"height":936,"url":"https:\/\/solucionescontract.com\/wp-content\/uploads\/2022\/03\/Separador-de-ambientes-Olef.jpg","type":"image\/jpeg"}],"twitter_card":"summary_large_image","twitter_misc":{"Dur\u00e9e de lecture estim\u00e9e":"2 minutes"},"schema":{"@context":"https:\/\/schema.org","@graph":[{"@type":"WebPage","@id":"https:\/\/solucionescontract.com\/en\/producto\/separador-de-ambiente-olef\/","url":"https:\/\/solucionescontract.com\/en\/producto\/separador-de-ambiente-olef\/","name":"SEPARADOR DE AMBIENTE OLEF - Muebles de dise\u00f1o en Soluciones Contract","isPartOf":{"@id":"https:\/\/solucionescontract.com\/#website"},"primaryImageOfPage":{"@id":"https:\/\/solucionescontract.com\/en\/producto\/separador-de-ambiente-olef\/#primaryimage"},"image":{"@id":"https:\/\/solucionescontract.com\/en\/producto\/separador-de-ambiente-olef\/#primaryimage"},"thumbnailUrl":"https:\/\/solucionescontract.com\/wp-content\/uploads\/2022\/03\/Separador-de-ambientes-Olef.jpg","datePublished":"2022-03-17T19:05:01+00:00","dateModified":"2023-06-05T11:04:21+00:00","description":"Compra SEPARADOR DE AMBIENTE OLEF online en nuestra tienda de muebles Contract. Encuentra el mejor MOBILIARIO DE DISE\u00d1O para Hotel, Hogar y uso comercial. Descubre las mejores marcas en nuestro cat\u00e1logo.","breadcrumb":{"@id":"https:\/\/solucionescontract.com\/en\/producto\/separador-de-ambiente-olef\/#breadcrumb"},"inLanguage":"fr-FR","potentialAction":[{"@type":"ReadAction","target":["https:\/\/solucionescontract.com\/en\/producto\/separador-de-ambiente-olef\/"]}]},{"@type":"ImageObject","inLanguage":"fr-FR","@id":"https:\/\/solucionescontract.com\/en\/producto\/separador-de-ambiente-olef\/#primaryimage","url":"https:\/\/solucionescontract.com\/wp-content\/uploads\/2022\/03\/Separador-de-ambientes-Olef.jpg","contentUrl":"https:\/\/solucionescontract.com\/wp-content\/uploads\/2022\/03\/Separador-de-ambientes-Olef.jpg","width":936,"height":936},{"@type":"BreadcrumbList","@id":"https:\/\/solucionescontract.com\/en\/producto\/separador-de-ambiente-olef\/#breadcrumb","itemListElement":[{"@type":"ListItem","position":1,"name":"Inicio","item":"https:\/\/solucionescontract.com\/"},{"@type":"ListItem","position":2,"name":"Tienda mobiliario contract","item":"https:\/\/solucionescontract.com\/tienda-mobiliario-contract\/"},{"@type":"ListItem","position":3,"name":"Mobiliario de Terraza y Jard\u00edn","item":"https:\/\/solucionescontract.com\/categoria-producto\/mobiliario-de-terraza-y-jardin\/"},{"@type":"ListItem","position":4,"name":"SEPARADOR DE AMBIENTE OLEF"}]},{"@type":"WebSite","@id":"https:\/\/solucionescontract.com\/#website","url":"https:\/\/solucionescontract.com\/","name":"Soluciones Contract","description":"Venta Mobiliario contract de dise\u00f1o","publisher":{"@id":"https:\/\/solucionescontract.com\/#organization"},"potentialAction":[{"@type":"SearchAction","target":{"@type":"EntryPoint","urlTemplate":"https:\/\/solucionescontract.com\/?s={search_term_string}"},"query-input":{"@type":"PropertyValueSpecification","valueRequired":true,"valueName":"search_term_string"}}],"inLanguage":"fr-FR"},{"@type":"Organization","@id":"https:\/\/solucionescontract.com\/#organization","name":"Soluciones Contract","url":"https:\/\/solucionescontract.com\/","logo":{"@type":"ImageObject","inLanguage":"fr-FR","@id":"https:\/\/solucionescontract.com\/#\/schema\/logo\/image\/","url":"https:\/\/solucionescontract.com\/wp-content\/uploads\/2020\/02\/logoSC.jpg","contentUrl":"https:\/\/solucionescontract.com\/wp-content\/uploads\/2020\/02\/logoSC.jpg","width":300,"height":125,"caption":"Soluciones Contract"},"image":{"@id":"https:\/\/solucionescontract.com\/#\/schema\/logo\/image\/"},"sameAs":["https:\/\/www.facebook.com\/solucionescontract\/"]}]}},"_links":{"self":[{"href":"https:\/\/solucionescontract.com\/fr\/wp-json\/wp\/v2\/product\/26277","targetHints":{"allow":["GET"]}}],"collection":[{"href":"https:\/\/solucionescontract.com\/fr\/wp-json\/wp\/v2\/product"}],"about":[{"href":"https:\/\/solucionescontract.com\/fr\/wp-json\/wp\/v2\/types\/product"}],"replies":[{"embeddable":true,"href":"https:\/\/solucionescontract.com\/fr\/wp-json\/wp\/v2\/comments?post=26277"}],"wp:featuredmedia":[{"embeddable":true,"href":"https:\/\/solucionescontract.com\/fr\/wp-json\/wp\/v2\/media\/26284"}],"wp:attachment":[{"href":"https:\/\/solucionescontract.com\/fr\/wp-json\/wp\/v2\/media?parent=26277"}],"wp:term":[{"taxonomy":"product_brand","embeddable":true,"href":"https:\/\/solucionescontract.com\/fr\/wp-json\/wp\/v2\/product_brand?post=26277"},{"taxonomy":"product_cat","embeddable":true,"href":"https:\/\/solucionescontract.com\/fr\/wp-json\/wp\/v2\/product_cat?post=26277"},{"taxonomy":"product_tag","embeddable":true,"href":"https:\/\/solucionescontract.com\/fr\/wp-json\/wp\/v2\/product_tag?post=26277"}],"curies":[{"name":"wp","href":"https:\/\/api.w.org\/{rel}","templated":true}]}}