{"id":25367,"date":"2021-10-19T11:25:36","date_gmt":"2021-10-19T10:25:36","guid":{"rendered":"https:\/\/www.solucionescontract.com\/?post_type=product&#038;p=25367"},"modified":"2024-11-03T13:36:28","modified_gmt":"2024-11-03T12:36:28","slug":"paraguero_brik","status":"publish","type":"product","link":"https:\/\/solucionescontract.com\/fr\/producto\/paraguero_brik\/","title":{"rendered":"PARAG\u00dcERO BRIK"},"content":{"rendered":"<p>Parag\u00fcero de\u00a0 dise\u00f1o italiano fabricado en polietileno mediante moldeo rotacional, con acabado mate antirayas. Dise\u00f1o de <span class=\"infobox infobox--designers\"><span class=\"infobox--text infobox--designers-list\">Pio e Tito Toso<\/span><\/span><\/p>\n<p>Brik es un moderno parag\u00fcero disponible en divertidos colores que podr\u00e1s utilizar tanto en espacios contract, oficinas, hoteles, restaurantes, como en tu hogar.<\/p>\n<p>Se caracteriza por ser un volumen puro de polietileno en forma de cubo apilable que sin duda nos recuerda a una pieza \u00ab\u00a0lego\u00a0\u00bb. Un objeto decorativo f\u00e1cil de justificar tanto en\u00a0 d\u00edas de lluvia como en temporada de verano.<\/p>\n<p>Podr\u00e1s encontrarlo en 2 medidas:<\/p>\n<ul>\n<li>Con 4 agujeros con capacidad hasta 8 paraguas<\/li>\n<li>10 agujeros con capacidad para 20 paraguas.<\/li>\n<\/ul>\n<p>Medidas:<\/p>\n<p><a href=\"https:\/\/solucionescontract.com\/wp-content\/uploads\/2022\/02\/medidas-y-dimensiones-paraguero-brik.jpg\"><img decoding=\"async\" class=\" wd-lazy-fade alignnone wp-image-25808 size-medium\" src=\"https:\/\/solucionescontract.com\/wp-content\/themes\/woodmart\/images\/lazy.svg\" data-src=\"https:\/\/solucionescontract.com\/wp-content\/uploads\/2022\/02\/medidas-y-dimensiones-paraguero-brik-300x300.jpg\" alt=\"\" width=\"300\" height=\"300\" srcset=\"\" data-srcset=\"https:\/\/solucionescontract.com\/wp-content\/uploads\/2022\/02\/medidas-y-dimensiones-paraguero-brik-300x300.jpg 300w, https:\/\/solucionescontract.com\/wp-content\/uploads\/2022\/02\/medidas-y-dimensiones-paraguero-brik-150x150.jpg 150w, https:\/\/solucionescontract.com\/wp-content\/uploads\/2022\/02\/medidas-y-dimensiones-paraguero-brik-800x800.jpg 800w, https:\/\/solucionescontract.com\/wp-content\/uploads\/2022\/02\/medidas-y-dimensiones-paraguero-brik-1024x1024.jpg 1024w, https:\/\/solucionescontract.com\/wp-content\/uploads\/2022\/02\/medidas-y-dimensiones-paraguero-brik-768x768.jpg 768w, https:\/\/solucionescontract.com\/wp-content\/uploads\/2022\/02\/medidas-y-dimensiones-paraguero-brik-20x20.jpg 20w, https:\/\/solucionescontract.com\/wp-content\/uploads\/2022\/02\/medidas-y-dimensiones-paraguero-brik-600x600.jpg 600w, https:\/\/solucionescontract.com\/wp-content\/uploads\/2022\/02\/medidas-y-dimensiones-paraguero-brik.jpg 1414w\" sizes=\"(max-width: 300px) 100vw, 300px\" \/><\/a><\/p>\n","protected":false},"excerpt":{"rendered":"<ul>\n<li>Parag\u00fcero de dise\u00f1o italiano fabricado en polietileno, dise\u00f1o de Pio y Tito Toso.<\/li>\n<li>Con acabado antirayazos.<\/li>\n<li>Un divertido elemento decorativo disponible en varios colores para disponer tanto en espacios contract como en el hogar. Recepci\u00f3n de hotel, oficina.<\/li>\n<li>Apto para uso exterior.<\/li>\n<li>Apilable<\/li>\n<li>2 medidas disponibles, para guardar 10 o 20 parag\u00fcas.<\/li>\n<\/ul>\n","protected":false},"featured_media":25784,"comment_status":"open","ping_status":"closed","template":"","meta":[],"product_brand":[],"product_cat":[523,614,623],"product_tag":[686,679,752],"class_list":{"0":"post-25367","1":"product","2":"type-product","3":"status-publish","4":"has-post-thumbnail","6":"product_cat-accessoires-de-lhotel","7":"product_cat-meubles-et-accessoires","8":"product_cat-percheros-fr","9":"product_tag-apilable-fr","10":"product_tag-exterior-interior","11":"product_tag-polietileno-fr","12":"product_shipping_class-gratuit","13":"yith_product_brand-pedrali-fr","15":"first","16":"instock","17":"taxable","18":"shipping-taxable","19":"product-type-variable"},"yoast_head":"<!-- This site is optimized with the Yoast SEO plugin v27.3 - https:\/\/yoast.com\/product\/yoast-seo-wordpress\/ -->\n<title>Parag\u00fcero Brik | Soluciones Contract<\/title>\n<meta name=\"description\" content=\"El parag\u00fcero brik tiene un dise\u00f1o divertido y est\u00e1 fabricado especialmente para evitar rayados. La mejor soluci\u00f3n para espacios comunes en hoteles y oficinas.\" \/>\n<meta name=\"robots\" content=\"index, follow, max-snippet:-1, max-image-preview:large, max-video-preview:-1\" \/>\n<link rel=\"canonical\" href=\"https:\/\/solucionescontract.com\/en\/producto\/paraguero_brik\/\" \/>\n<meta property=\"og:locale\" content=\"fr_FR\" \/>\n<meta property=\"og:type\" content=\"article\" \/>\n<meta property=\"og:title\" content=\"Parag\u00fcero Brik | Soluciones Contract\" \/>\n<meta property=\"og:description\" content=\"El parag\u00fcero brik tiene un dise\u00f1o divertido y est\u00e1 fabricado especialmente para evitar rayados. La mejor soluci\u00f3n para espacios comunes en hoteles y oficinas.\" \/>\n<meta property=\"og:url\" content=\"https:\/\/solucionescontract.com\/en\/producto\/paraguero_brik\/\" \/>\n<meta property=\"og:site_name\" content=\"Soluciones Contract\" \/>\n<meta property=\"article:publisher\" content=\"https:\/\/www.facebook.com\/solucionescontract\/\" \/>\n<meta property=\"article:modified_time\" content=\"2024-11-03T12:36:28+00:00\" \/>\n<meta property=\"og:image\" content=\"https:\/\/solucionescontract.com\/wp-content\/uploads\/2022\/02\/paraguero-de-colores-brik-pedrali.jpg\" \/>\n\t<meta property=\"og:image:width\" content=\"1298\" \/>\n\t<meta property=\"og:image:height\" content=\"1299\" \/>\n\t<meta property=\"og:image:type\" content=\"image\/jpeg\" \/>\n<meta name=\"twitter:card\" content=\"summary_large_image\" \/>\n<meta name=\"twitter:label1\" content=\"Dur\u00e9e de lecture estim\u00e9e\" \/>\n\t<meta name=\"twitter:data1\" content=\"4 minutes\" \/>\n<script type=\"application\/ld+json\" class=\"yoast-schema-graph\">{\"@context\":\"https:\\\/\\\/schema.org\",\"@graph\":[{\"@type\":\"WebPage\",\"@id\":\"https:\\\/\\\/solucionescontract.com\\\/en\\\/producto\\\/paraguero_brik\\\/\",\"url\":\"https:\\\/\\\/solucionescontract.com\\\/en\\\/producto\\\/paraguero_brik\\\/\",\"name\":\"Parag\u00fcero Brik | Soluciones Contract\",\"isPartOf\":{\"@id\":\"https:\\\/\\\/solucionescontract.com\\\/#website\"},\"primaryImageOfPage\":{\"@id\":\"https:\\\/\\\/solucionescontract.com\\\/en\\\/producto\\\/paraguero_brik\\\/#primaryimage\"},\"image\":{\"@id\":\"https:\\\/\\\/solucionescontract.com\\\/en\\\/producto\\\/paraguero_brik\\\/#primaryimage\"},\"thumbnailUrl\":\"https:\\\/\\\/solucionescontract.com\\\/wp-content\\\/uploads\\\/2022\\\/02\\\/paraguero-de-colores-brik-pedrali.jpg\",\"datePublished\":\"2021-10-19T10:25:36+00:00\",\"dateModified\":\"2024-11-03T12:36:28+00:00\",\"description\":\"El parag\u00fcero brik tiene un dise\u00f1o divertido y est\u00e1 fabricado especialmente para evitar rayados. La mejor soluci\u00f3n para espacios comunes en hoteles y oficinas.\",\"breadcrumb\":{\"@id\":\"https:\\\/\\\/solucionescontract.com\\\/en\\\/producto\\\/paraguero_brik\\\/#breadcrumb\"},\"inLanguage\":\"fr-FR\",\"potentialAction\":[{\"@type\":\"ReadAction\",\"target\":[\"https:\\\/\\\/solucionescontract.com\\\/en\\\/producto\\\/paraguero_brik\\\/\"]}]},{\"@type\":\"ImageObject\",\"inLanguage\":\"fr-FR\",\"@id\":\"https:\\\/\\\/solucionescontract.com\\\/en\\\/producto\\\/paraguero_brik\\\/#primaryimage\",\"url\":\"https:\\\/\\\/solucionescontract.com\\\/wp-content\\\/uploads\\\/2022\\\/02\\\/paraguero-de-colores-brik-pedrali.jpg\",\"contentUrl\":\"https:\\\/\\\/solucionescontract.com\\\/wp-content\\\/uploads\\\/2022\\\/02\\\/paraguero-de-colores-brik-pedrali.jpg\",\"width\":1298,\"height\":1299},{\"@type\":\"BreadcrumbList\",\"@id\":\"https:\\\/\\\/solucionescontract.com\\\/en\\\/producto\\\/paraguero_brik\\\/#breadcrumb\",\"itemListElement\":[{\"@type\":\"ListItem\",\"position\":1,\"name\":\"Inicio\",\"item\":\"https:\\\/\\\/solucionescontract.com\\\/\"},{\"@type\":\"ListItem\",\"position\":2,\"name\":\"Tienda mobiliario contract\",\"item\":\"https:\\\/\\\/solucionescontract.com\\\/tienda-mobiliario-contract\\\/\"},{\"@type\":\"ListItem\",\"position\":3,\"name\":\"Mueble y complementos\",\"item\":\"https:\\\/\\\/solucionescontract.com\\\/categoria-producto\\\/mueble-y-complementos\\\/\"},{\"@type\":\"ListItem\",\"position\":4,\"name\":\"PARAG\u00dcERO BRIK\"}]},{\"@type\":\"WebSite\",\"@id\":\"https:\\\/\\\/solucionescontract.com\\\/#website\",\"url\":\"https:\\\/\\\/solucionescontract.com\\\/\",\"name\":\"Soluciones Contract\",\"description\":\"Venta Mobiliario contract de dise\u00f1o\",\"publisher\":{\"@id\":\"https:\\\/\\\/solucionescontract.com\\\/#organization\"},\"potentialAction\":[{\"@type\":\"SearchAction\",\"target\":{\"@type\":\"EntryPoint\",\"urlTemplate\":\"https:\\\/\\\/solucionescontract.com\\\/?s={search_term_string}\"},\"query-input\":{\"@type\":\"PropertyValueSpecification\",\"valueRequired\":true,\"valueName\":\"search_term_string\"}}],\"inLanguage\":\"fr-FR\"},{\"@type\":\"Organization\",\"@id\":\"https:\\\/\\\/solucionescontract.com\\\/#organization\",\"name\":\"Soluciones Contract\",\"url\":\"https:\\\/\\\/solucionescontract.com\\\/\",\"logo\":{\"@type\":\"ImageObject\",\"inLanguage\":\"fr-FR\",\"@id\":\"https:\\\/\\\/solucionescontract.com\\\/#\\\/schema\\\/logo\\\/image\\\/\",\"url\":\"https:\\\/\\\/solucionescontract.com\\\/wp-content\\\/uploads\\\/2020\\\/02\\\/logoSC.jpg\",\"contentUrl\":\"https:\\\/\\\/solucionescontract.com\\\/wp-content\\\/uploads\\\/2020\\\/02\\\/logoSC.jpg\",\"width\":300,\"height\":125,\"caption\":\"Soluciones Contract\"},\"image\":{\"@id\":\"https:\\\/\\\/solucionescontract.com\\\/#\\\/schema\\\/logo\\\/image\\\/\"},\"sameAs\":[\"https:\\\/\\\/www.facebook.com\\\/solucionescontract\\\/\"]}]}<\/script>\n<!-- \/ Yoast SEO plugin. -->","yoast_head_json":{"title":"Parag\u00fcero Brik | Soluciones Contract","description":"El parag\u00fcero brik tiene un dise\u00f1o divertido y est\u00e1 fabricado especialmente para evitar rayados. La mejor soluci\u00f3n para espacios comunes en hoteles y oficinas.","robots":{"index":"index","follow":"follow","max-snippet":"max-snippet:-1","max-image-preview":"max-image-preview:large","max-video-preview":"max-video-preview:-1"},"canonical":"https:\/\/solucionescontract.com\/en\/producto\/paraguero_brik\/","og_locale":"fr_FR","og_type":"article","og_title":"Parag\u00fcero Brik | Soluciones Contract","og_description":"El parag\u00fcero brik tiene un dise\u00f1o divertido y est\u00e1 fabricado especialmente para evitar rayados. La mejor soluci\u00f3n para espacios comunes en hoteles y oficinas.","og_url":"https:\/\/solucionescontract.com\/en\/producto\/paraguero_brik\/","og_site_name":"Soluciones Contract","article_publisher":"https:\/\/www.facebook.com\/solucionescontract\/","article_modified_time":"2024-11-03T12:36:28+00:00","og_image":[{"width":1298,"height":1299,"url":"https:\/\/solucionescontract.com\/wp-content\/uploads\/2022\/02\/paraguero-de-colores-brik-pedrali.jpg","type":"image\/jpeg"}],"twitter_card":"summary_large_image","twitter_misc":{"Dur\u00e9e de lecture estim\u00e9e":"4 minutes"},"schema":{"@context":"https:\/\/schema.org","@graph":[{"@type":"WebPage","@id":"https:\/\/solucionescontract.com\/en\/producto\/paraguero_brik\/","url":"https:\/\/solucionescontract.com\/en\/producto\/paraguero_brik\/","name":"Parag\u00fcero Brik | Soluciones Contract","isPartOf":{"@id":"https:\/\/solucionescontract.com\/#website"},"primaryImageOfPage":{"@id":"https:\/\/solucionescontract.com\/en\/producto\/paraguero_brik\/#primaryimage"},"image":{"@id":"https:\/\/solucionescontract.com\/en\/producto\/paraguero_brik\/#primaryimage"},"thumbnailUrl":"https:\/\/solucionescontract.com\/wp-content\/uploads\/2022\/02\/paraguero-de-colores-brik-pedrali.jpg","datePublished":"2021-10-19T10:25:36+00:00","dateModified":"2024-11-03T12:36:28+00:00","description":"El parag\u00fcero brik tiene un dise\u00f1o divertido y est\u00e1 fabricado especialmente para evitar rayados. La mejor soluci\u00f3n para espacios comunes en hoteles y oficinas.","breadcrumb":{"@id":"https:\/\/solucionescontract.com\/en\/producto\/paraguero_brik\/#breadcrumb"},"inLanguage":"fr-FR","potentialAction":[{"@type":"ReadAction","target":["https:\/\/solucionescontract.com\/en\/producto\/paraguero_brik\/"]}]},{"@type":"ImageObject","inLanguage":"fr-FR","@id":"https:\/\/solucionescontract.com\/en\/producto\/paraguero_brik\/#primaryimage","url":"https:\/\/solucionescontract.com\/wp-content\/uploads\/2022\/02\/paraguero-de-colores-brik-pedrali.jpg","contentUrl":"https:\/\/solucionescontract.com\/wp-content\/uploads\/2022\/02\/paraguero-de-colores-brik-pedrali.jpg","width":1298,"height":1299},{"@type":"BreadcrumbList","@id":"https:\/\/solucionescontract.com\/en\/producto\/paraguero_brik\/#breadcrumb","itemListElement":[{"@type":"ListItem","position":1,"name":"Inicio","item":"https:\/\/solucionescontract.com\/"},{"@type":"ListItem","position":2,"name":"Tienda mobiliario contract","item":"https:\/\/solucionescontract.com\/tienda-mobiliario-contract\/"},{"@type":"ListItem","position":3,"name":"Mueble y complementos","item":"https:\/\/solucionescontract.com\/categoria-producto\/mueble-y-complementos\/"},{"@type":"ListItem","position":4,"name":"PARAG\u00dcERO BRIK"}]},{"@type":"WebSite","@id":"https:\/\/solucionescontract.com\/#website","url":"https:\/\/solucionescontract.com\/","name":"Soluciones Contract","description":"Venta Mobiliario contract de dise\u00f1o","publisher":{"@id":"https:\/\/solucionescontract.com\/#organization"},"potentialAction":[{"@type":"SearchAction","target":{"@type":"EntryPoint","urlTemplate":"https:\/\/solucionescontract.com\/?s={search_term_string}"},"query-input":{"@type":"PropertyValueSpecification","valueRequired":true,"valueName":"search_term_string"}}],"inLanguage":"fr-FR"},{"@type":"Organization","@id":"https:\/\/solucionescontract.com\/#organization","name":"Soluciones Contract","url":"https:\/\/solucionescontract.com\/","logo":{"@type":"ImageObject","inLanguage":"fr-FR","@id":"https:\/\/solucionescontract.com\/#\/schema\/logo\/image\/","url":"https:\/\/solucionescontract.com\/wp-content\/uploads\/2020\/02\/logoSC.jpg","contentUrl":"https:\/\/solucionescontract.com\/wp-content\/uploads\/2020\/02\/logoSC.jpg","width":300,"height":125,"caption":"Soluciones Contract"},"image":{"@id":"https:\/\/solucionescontract.com\/#\/schema\/logo\/image\/"},"sameAs":["https:\/\/www.facebook.com\/solucionescontract\/"]}]}},"_links":{"self":[{"href":"https:\/\/solucionescontract.com\/fr\/wp-json\/wp\/v2\/product\/25367","targetHints":{"allow":["GET"]}}],"collection":[{"href":"https:\/\/solucionescontract.com\/fr\/wp-json\/wp\/v2\/product"}],"about":[{"href":"https:\/\/solucionescontract.com\/fr\/wp-json\/wp\/v2\/types\/product"}],"replies":[{"embeddable":true,"href":"https:\/\/solucionescontract.com\/fr\/wp-json\/wp\/v2\/comments?post=25367"}],"wp:featuredmedia":[{"embeddable":true,"href":"https:\/\/solucionescontract.com\/fr\/wp-json\/wp\/v2\/media\/25784"}],"wp:attachment":[{"href":"https:\/\/solucionescontract.com\/fr\/wp-json\/wp\/v2\/media?parent=25367"}],"wp:term":[{"taxonomy":"product_brand","embeddable":true,"href":"https:\/\/solucionescontract.com\/fr\/wp-json\/wp\/v2\/product_brand?post=25367"},{"taxonomy":"product_cat","embeddable":true,"href":"https:\/\/solucionescontract.com\/fr\/wp-json\/wp\/v2\/product_cat?post=25367"},{"taxonomy":"product_tag","embeddable":true,"href":"https:\/\/solucionescontract.com\/fr\/wp-json\/wp\/v2\/product_tag?post=25367"}],"curies":[{"name":"wp","href":"https:\/\/api.w.org\/{rel}","templated":true}]}}