{"id":24687,"date":"2021-04-19T21:17:28","date_gmt":"2021-04-19T21:17:28","guid":{"rendered":"https:\/\/www.solucionescontract.com\/?post_type=product&#038;p=24687"},"modified":"2022-06-02T11:00:34","modified_gmt":"2022-06-02T10:00:34","slug":"cama-baliniesa-vengue","status":"publish","type":"product","link":"https:\/\/solucionescontract.com\/fr\/producto\/cama-baliniesa-vengue\/","title":{"rendered":"CAMA BALINESA VENGU\u00c9"},"content":{"rendered":"<p><em><strong>La <\/strong>\u00a0<b>cama balinesa vengu\u00e9 <\/b><\/em>\u00a0con cortinas en color blanco es el mobiliario de jard\u00edn ideal si lo que estamos buscanco es un lugar donde descansar en las fant\u00e1sticas tardes que nos brinda el verano, ya sea\u00a0 sea en establecimientos hoteleros, villas, casas rurales &#8230; como en el exterior de tu hogar.<\/p>\n<p>Presenta la<strong><em>\u00a0estructura de aluminio<\/em><\/strong>\u00a0 en color vengu\u00e9.<\/p>\n<p>los 4 laterales pueden cerrarse mediante <strong><em>cortinas<\/em> <\/strong>para dar mayor privacidad y as\u00ed protegerse de los rayos del sol, la lluvia o el viento.<\/p>\n<p>Tanto el techo como las cortinas est\u00e1n fabricados en polyester de 320 gr en color blanco.<\/p>\n<p>Incluye <em><strong>cojines en piel n\u00e1utica<\/strong><\/em> en color beige.<\/p>\n<p>Medidas: 200x180x200 cm.<\/script><\/p>\n","protected":false},"excerpt":{"rendered":"<ul>\n<li>Estupenda cama balinesa de dise\u00f1o cl\u00e1sico para disfrutar de las fant\u00e1sticas tardes de verano.<\/li>\n<li>Estructura de aluminio wengu\u00e9.<\/li>\n<li>Cortinas en Polyester de 320 gr en color blanco.<\/li>\n<li>Cojines en piel n\u00e1utica color beige.<\/li>\n<li>Medidas: 200x180x200 cm<\/li>\n<li>Uso exterior.<\/li>\n<\/ul>\n","protected":false},"featured_media":24688,"comment_status":"open","ping_status":"closed","template":"","meta":[],"product_brand":[],"product_cat":[580,594],"product_tag":[700],"class_list":{"0":"post-24687","1":"product","2":"type-product","3":"status-publish","4":"has-post-thumbnail","6":"product_cat-terrace-and-garden-furniture","7":"product_cat-outdoor-sun-loungers","8":"product_tag-exterior-en","9":"product_shipping_class-free","10":"yith_product_brand-almar","12":"first","13":"instock","14":"taxable","15":"shipping-taxable","16":"purchasable","17":"product-type-simple"},"yoast_head":"<!-- This site is optimized with the Yoast SEO plugin v27.3 - https:\/\/yoast.com\/product\/yoast-seo-wordpress\/ -->\n<title>Cama Balinesa Vengu\u00e9 | Soluciones Contract<\/title>\n<meta name=\"description\" content=\"Compra la cama balinesa vengu\u00e9 para tus proyectos de decoraci\u00f3n y destaca los espacios exteriores con muebles de gran calidad. Descuentos para profesionales.\" \/>\n<meta name=\"robots\" content=\"index, follow, max-snippet:-1, max-image-preview:large, max-video-preview:-1\" \/>\n<link rel=\"canonical\" href=\"https:\/\/solucionescontract.com\/en\/producto\/cama-baliniesa-vengue\/\" \/>\n<meta property=\"og:locale\" content=\"fr_FR\" \/>\n<meta property=\"og:type\" content=\"article\" \/>\n<meta property=\"og:title\" content=\"Cama Balinesa Vengu\u00e9 | Soluciones Contract\" \/>\n<meta property=\"og:description\" content=\"Compra la cama balinesa vengu\u00e9 para tus proyectos de decoraci\u00f3n y destaca los espacios exteriores con muebles de gran calidad. Descuentos para profesionales.\" \/>\n<meta property=\"og:url\" content=\"https:\/\/solucionescontract.com\/en\/producto\/cama-baliniesa-vengue\/\" \/>\n<meta property=\"og:site_name\" content=\"Soluciones Contract\" \/>\n<meta property=\"article:publisher\" content=\"https:\/\/www.facebook.com\/solucionescontract\/\" \/>\n<meta property=\"article:modified_time\" content=\"2022-06-02T10:00:34+00:00\" \/>\n<meta property=\"og:image\" content=\"https:\/\/solucionescontract.com\/wp-content\/uploads\/2021\/04\/ZANZIBAR-CAMA-balinesa.jpg\" \/>\n\t<meta property=\"og:image:width\" content=\"753\" \/>\n\t<meta property=\"og:image:height\" content=\"768\" \/>\n\t<meta property=\"og:image:type\" content=\"image\/jpeg\" \/>\n<meta name=\"twitter:card\" content=\"summary_large_image\" \/>\n<meta name=\"twitter:label1\" content=\"Dur\u00e9e de lecture estim\u00e9e\" \/>\n\t<meta name=\"twitter:data1\" content=\"1 minute\" \/>\n<script type=\"application\/ld+json\" class=\"yoast-schema-graph\">{\"@context\":\"https:\\\/\\\/schema.org\",\"@graph\":[{\"@type\":\"WebPage\",\"@id\":\"https:\\\/\\\/solucionescontract.com\\\/en\\\/producto\\\/cama-baliniesa-vengue\\\/\",\"url\":\"https:\\\/\\\/solucionescontract.com\\\/en\\\/producto\\\/cama-baliniesa-vengue\\\/\",\"name\":\"Cama Balinesa Vengu\u00e9 | Soluciones Contract\",\"isPartOf\":{\"@id\":\"https:\\\/\\\/solucionescontract.com\\\/#website\"},\"primaryImageOfPage\":{\"@id\":\"https:\\\/\\\/solucionescontract.com\\\/en\\\/producto\\\/cama-baliniesa-vengue\\\/#primaryimage\"},\"image\":{\"@id\":\"https:\\\/\\\/solucionescontract.com\\\/en\\\/producto\\\/cama-baliniesa-vengue\\\/#primaryimage\"},\"thumbnailUrl\":\"https:\\\/\\\/solucionescontract.com\\\/wp-content\\\/uploads\\\/2021\\\/04\\\/ZANZIBAR-CAMA-balinesa.jpg\",\"datePublished\":\"2021-04-19T21:17:28+00:00\",\"dateModified\":\"2022-06-02T10:00:34+00:00\",\"description\":\"Compra la cama balinesa vengu\u00e9 para tus proyectos de decoraci\u00f3n y destaca los espacios exteriores con muebles de gran calidad. Descuentos para profesionales.\",\"breadcrumb\":{\"@id\":\"https:\\\/\\\/solucionescontract.com\\\/en\\\/producto\\\/cama-baliniesa-vengue\\\/#breadcrumb\"},\"inLanguage\":\"fr-FR\",\"potentialAction\":[{\"@type\":\"ReadAction\",\"target\":[\"https:\\\/\\\/solucionescontract.com\\\/en\\\/producto\\\/cama-baliniesa-vengue\\\/\"]}]},{\"@type\":\"ImageObject\",\"inLanguage\":\"fr-FR\",\"@id\":\"https:\\\/\\\/solucionescontract.com\\\/en\\\/producto\\\/cama-baliniesa-vengue\\\/#primaryimage\",\"url\":\"https:\\\/\\\/solucionescontract.com\\\/wp-content\\\/uploads\\\/2021\\\/04\\\/ZANZIBAR-CAMA-balinesa.jpg\",\"contentUrl\":\"https:\\\/\\\/solucionescontract.com\\\/wp-content\\\/uploads\\\/2021\\\/04\\\/ZANZIBAR-CAMA-balinesa.jpg\",\"width\":753,\"height\":768},{\"@type\":\"BreadcrumbList\",\"@id\":\"https:\\\/\\\/solucionescontract.com\\\/en\\\/producto\\\/cama-baliniesa-vengue\\\/#breadcrumb\",\"itemListElement\":[{\"@type\":\"ListItem\",\"position\":1,\"name\":\"Inicio\",\"item\":\"https:\\\/\\\/solucionescontract.com\\\/\"},{\"@type\":\"ListItem\",\"position\":2,\"name\":\"Tienda mobiliario contract\",\"item\":\"https:\\\/\\\/solucionescontract.com\\\/tienda-mobiliario-contract\\\/\"},{\"@type\":\"ListItem\",\"position\":3,\"name\":\"Mobiliario de Terraza y Jard\u00edn\",\"item\":\"https:\\\/\\\/solucionescontract.com\\\/categoria-producto\\\/mobiliario-de-terraza-y-jardin\\\/\"},{\"@type\":\"ListItem\",\"position\":4,\"name\":\"CAMA BALINESA VENGU\u00c9\"}]},{\"@type\":\"WebSite\",\"@id\":\"https:\\\/\\\/solucionescontract.com\\\/#website\",\"url\":\"https:\\\/\\\/solucionescontract.com\\\/\",\"name\":\"Soluciones Contract\",\"description\":\"Venta Mobiliario contract de dise\u00f1o\",\"publisher\":{\"@id\":\"https:\\\/\\\/solucionescontract.com\\\/#organization\"},\"potentialAction\":[{\"@type\":\"SearchAction\",\"target\":{\"@type\":\"EntryPoint\",\"urlTemplate\":\"https:\\\/\\\/solucionescontract.com\\\/?s={search_term_string}\"},\"query-input\":{\"@type\":\"PropertyValueSpecification\",\"valueRequired\":true,\"valueName\":\"search_term_string\"}}],\"inLanguage\":\"fr-FR\"},{\"@type\":\"Organization\",\"@id\":\"https:\\\/\\\/solucionescontract.com\\\/#organization\",\"name\":\"Soluciones Contract\",\"url\":\"https:\\\/\\\/solucionescontract.com\\\/\",\"logo\":{\"@type\":\"ImageObject\",\"inLanguage\":\"fr-FR\",\"@id\":\"https:\\\/\\\/solucionescontract.com\\\/#\\\/schema\\\/logo\\\/image\\\/\",\"url\":\"https:\\\/\\\/solucionescontract.com\\\/wp-content\\\/uploads\\\/2020\\\/02\\\/logoSC.jpg\",\"contentUrl\":\"https:\\\/\\\/solucionescontract.com\\\/wp-content\\\/uploads\\\/2020\\\/02\\\/logoSC.jpg\",\"width\":300,\"height\":125,\"caption\":\"Soluciones Contract\"},\"image\":{\"@id\":\"https:\\\/\\\/solucionescontract.com\\\/#\\\/schema\\\/logo\\\/image\\\/\"},\"sameAs\":[\"https:\\\/\\\/www.facebook.com\\\/solucionescontract\\\/\"]}]}<\/script>\n<!-- \/ Yoast SEO plugin. -->","yoast_head_json":{"title":"Cama Balinesa Vengu\u00e9 | Soluciones Contract","description":"Compra la cama balinesa vengu\u00e9 para tus proyectos de decoraci\u00f3n y destaca los espacios exteriores con muebles de gran calidad. Descuentos para profesionales.","robots":{"index":"index","follow":"follow","max-snippet":"max-snippet:-1","max-image-preview":"max-image-preview:large","max-video-preview":"max-video-preview:-1"},"canonical":"https:\/\/solucionescontract.com\/en\/producto\/cama-baliniesa-vengue\/","og_locale":"fr_FR","og_type":"article","og_title":"Cama Balinesa Vengu\u00e9 | Soluciones Contract","og_description":"Compra la cama balinesa vengu\u00e9 para tus proyectos de decoraci\u00f3n y destaca los espacios exteriores con muebles de gran calidad. Descuentos para profesionales.","og_url":"https:\/\/solucionescontract.com\/en\/producto\/cama-baliniesa-vengue\/","og_site_name":"Soluciones Contract","article_publisher":"https:\/\/www.facebook.com\/solucionescontract\/","article_modified_time":"2022-06-02T10:00:34+00:00","og_image":[{"width":753,"height":768,"url":"https:\/\/solucionescontract.com\/wp-content\/uploads\/2021\/04\/ZANZIBAR-CAMA-balinesa.jpg","type":"image\/jpeg"}],"twitter_card":"summary_large_image","twitter_misc":{"Dur\u00e9e de lecture estim\u00e9e":"1 minute"},"schema":{"@context":"https:\/\/schema.org","@graph":[{"@type":"WebPage","@id":"https:\/\/solucionescontract.com\/en\/producto\/cama-baliniesa-vengue\/","url":"https:\/\/solucionescontract.com\/en\/producto\/cama-baliniesa-vengue\/","name":"Cama Balinesa Vengu\u00e9 | Soluciones Contract","isPartOf":{"@id":"https:\/\/solucionescontract.com\/#website"},"primaryImageOfPage":{"@id":"https:\/\/solucionescontract.com\/en\/producto\/cama-baliniesa-vengue\/#primaryimage"},"image":{"@id":"https:\/\/solucionescontract.com\/en\/producto\/cama-baliniesa-vengue\/#primaryimage"},"thumbnailUrl":"https:\/\/solucionescontract.com\/wp-content\/uploads\/2021\/04\/ZANZIBAR-CAMA-balinesa.jpg","datePublished":"2021-04-19T21:17:28+00:00","dateModified":"2022-06-02T10:00:34+00:00","description":"Compra la cama balinesa vengu\u00e9 para tus proyectos de decoraci\u00f3n y destaca los espacios exteriores con muebles de gran calidad. Descuentos para profesionales.","breadcrumb":{"@id":"https:\/\/solucionescontract.com\/en\/producto\/cama-baliniesa-vengue\/#breadcrumb"},"inLanguage":"fr-FR","potentialAction":[{"@type":"ReadAction","target":["https:\/\/solucionescontract.com\/en\/producto\/cama-baliniesa-vengue\/"]}]},{"@type":"ImageObject","inLanguage":"fr-FR","@id":"https:\/\/solucionescontract.com\/en\/producto\/cama-baliniesa-vengue\/#primaryimage","url":"https:\/\/solucionescontract.com\/wp-content\/uploads\/2021\/04\/ZANZIBAR-CAMA-balinesa.jpg","contentUrl":"https:\/\/solucionescontract.com\/wp-content\/uploads\/2021\/04\/ZANZIBAR-CAMA-balinesa.jpg","width":753,"height":768},{"@type":"BreadcrumbList","@id":"https:\/\/solucionescontract.com\/en\/producto\/cama-baliniesa-vengue\/#breadcrumb","itemListElement":[{"@type":"ListItem","position":1,"name":"Inicio","item":"https:\/\/solucionescontract.com\/"},{"@type":"ListItem","position":2,"name":"Tienda mobiliario contract","item":"https:\/\/solucionescontract.com\/tienda-mobiliario-contract\/"},{"@type":"ListItem","position":3,"name":"Mobiliario de Terraza y Jard\u00edn","item":"https:\/\/solucionescontract.com\/categoria-producto\/mobiliario-de-terraza-y-jardin\/"},{"@type":"ListItem","position":4,"name":"CAMA BALINESA VENGU\u00c9"}]},{"@type":"WebSite","@id":"https:\/\/solucionescontract.com\/#website","url":"https:\/\/solucionescontract.com\/","name":"Soluciones Contract","description":"Venta Mobiliario contract de dise\u00f1o","publisher":{"@id":"https:\/\/solucionescontract.com\/#organization"},"potentialAction":[{"@type":"SearchAction","target":{"@type":"EntryPoint","urlTemplate":"https:\/\/solucionescontract.com\/?s={search_term_string}"},"query-input":{"@type":"PropertyValueSpecification","valueRequired":true,"valueName":"search_term_string"}}],"inLanguage":"fr-FR"},{"@type":"Organization","@id":"https:\/\/solucionescontract.com\/#organization","name":"Soluciones Contract","url":"https:\/\/solucionescontract.com\/","logo":{"@type":"ImageObject","inLanguage":"fr-FR","@id":"https:\/\/solucionescontract.com\/#\/schema\/logo\/image\/","url":"https:\/\/solucionescontract.com\/wp-content\/uploads\/2020\/02\/logoSC.jpg","contentUrl":"https:\/\/solucionescontract.com\/wp-content\/uploads\/2020\/02\/logoSC.jpg","width":300,"height":125,"caption":"Soluciones Contract"},"image":{"@id":"https:\/\/solucionescontract.com\/#\/schema\/logo\/image\/"},"sameAs":["https:\/\/www.facebook.com\/solucionescontract\/"]}]}},"_links":{"self":[{"href":"https:\/\/solucionescontract.com\/fr\/wp-json\/wp\/v2\/product\/24687","targetHints":{"allow":["GET"]}}],"collection":[{"href":"https:\/\/solucionescontract.com\/fr\/wp-json\/wp\/v2\/product"}],"about":[{"href":"https:\/\/solucionescontract.com\/fr\/wp-json\/wp\/v2\/types\/product"}],"replies":[{"embeddable":true,"href":"https:\/\/solucionescontract.com\/fr\/wp-json\/wp\/v2\/comments?post=24687"}],"wp:featuredmedia":[{"embeddable":true,"href":"https:\/\/solucionescontract.com\/fr\/wp-json\/wp\/v2\/media\/24688"}],"wp:attachment":[{"href":"https:\/\/solucionescontract.com\/fr\/wp-json\/wp\/v2\/media?parent=24687"}],"wp:term":[{"taxonomy":"product_brand","embeddable":true,"href":"https:\/\/solucionescontract.com\/fr\/wp-json\/wp\/v2\/product_brand?post=24687"},{"taxonomy":"product_cat","embeddable":true,"href":"https:\/\/solucionescontract.com\/fr\/wp-json\/wp\/v2\/product_cat?post=24687"},{"taxonomy":"product_tag","embeddable":true,"href":"https:\/\/solucionescontract.com\/fr\/wp-json\/wp\/v2\/product_tag?post=24687"}],"curies":[{"name":"wp","href":"https:\/\/api.w.org\/{rel}","templated":true}]}}