{"id":23844,"date":"2021-04-19T16:03:17","date_gmt":"2021-04-19T16:03:17","guid":{"rendered":"https:\/\/www.solucionescontract.com\/?post_type=product&#038;p=23844"},"modified":"2026-04-05T21:58:15","modified_gmt":"2026-04-05T20:58:15","slug":"cama-balinesa-con-cortinas","status":"publish","type":"product","link":"https:\/\/solucionescontract.com\/fr\/producto\/cama-balinesa-con-cortinas\/","title":{"rendered":"CAMA BALINESA CON CORTINAS"},"content":{"rendered":"<p>Esta <em><strong>fant\u00e1stica<\/strong> <strong>cama balinesa<\/strong><\/em> con cortinas est\u00e1 pensada para descansar al aire libre disfrutando de las tardes de piscina o playa que nos brinda el verano, ya sea en establecimientos hoteleros, villas, casas rurales &#8230; como en el exterior de tu hogar.<\/p>\n<p>Presenta una<strong><em> estructura de aluminio<\/em><\/strong> con dosel en color blanco.<\/p>\n<p>los 4 laterales pueden cerrarse mediante <strong><em>cortinas<\/em> <\/strong>para dar mayor privacidad y as\u00ed protegerse de los rayos del sol, la lluvia o el viento.<\/p>\n<p>Tanto el techo como las cortinas est\u00e1n fabricados en polyester de 320 gr en color blanco.<\/p>\n<p>Incluye <em><strong>cojines en piel n\u00e1utica<\/strong><\/em> en color blanco.<\/p>\n<p>Medidas: 200x180x200 cm<\/p>\n","protected":false},"excerpt":{"rendered":"<ul>\n<li>Estupenda cama balinesa de dise\u00f1o cl\u00e1sico para disfrutar de las fant\u00e1sticas tardes de verano.<\/li>\n<li>Estructura de aluminio blanco.<\/li>\n<li>Cortinas en Polyester de 320 gr en color blanco.<\/li>\n<li>Cojines en piel n\u00e1utica.<\/li>\n<li>Medidas: 200x180x200 cm<\/li>\n<li>Uso exterior.<\/li>\n<\/ul>\n","protected":false},"featured_media":23845,"comment_status":"open","ping_status":"closed","template":"","meta":[],"product_brand":[],"product_cat":[396,90],"product_tag":[44],"class_list":{"0":"post-23844","1":"product","2":"type-product","3":"status-publish","4":"has-post-thumbnail","6":"product_cat-mobiliario-de-terraza-y-jardin","7":"product_cat-tumbonas-de-exterior","8":"product_tag-exterior","9":"yith_product_brand-almar","11":"first","12":"instock","13":"taxable","14":"shipping-taxable","15":"purchasable","16":"product-type-simple"},"yoast_head":"<!-- This site is optimized with the Yoast SEO plugin v27.3 - https:\/\/yoast.com\/product\/yoast-seo-wordpress\/ -->\n<title>Cama Balinesa Exterior | Soluciones Contract<\/title>\n<meta name=\"description\" content=\"La cama balinesa exterior es un imprescindible en hoteles y locales. Compra ya los muebles contract m\u00e1s buscados en nuestra tienda online.\" \/>\n<meta name=\"robots\" content=\"index, follow, max-snippet:-1, max-image-preview:large, max-video-preview:-1\" \/>\n<link rel=\"canonical\" href=\"https:\/\/solucionescontract.com\/producto\/cama-balinesa-con-cortinas\/\" \/>\n<meta property=\"og:locale\" content=\"fr_FR\" \/>\n<meta property=\"og:type\" content=\"article\" \/>\n<meta property=\"og:title\" content=\"Cama Balinesa Exterior | Soluciones Contract\" \/>\n<meta property=\"og:description\" content=\"La cama balinesa exterior es un imprescindible en hoteles y locales. Compra ya los muebles contract m\u00e1s buscados en nuestra tienda online.\" \/>\n<meta property=\"og:url\" content=\"https:\/\/solucionescontract.com\/producto\/cama-balinesa-con-cortinas\/\" \/>\n<meta property=\"og:site_name\" content=\"Soluciones Contract\" \/>\n<meta property=\"article:publisher\" content=\"https:\/\/www.facebook.com\/solucionescontract\/\" \/>\n<meta property=\"article:modified_time\" content=\"2026-04-05T20:58:15+00:00\" \/>\n<meta property=\"og:image\" content=\"https:\/\/solucionescontract.com\/wp-content\/uploads\/2021\/04\/cama-balinesa-MALIBU.jpg\" \/>\n\t<meta property=\"og:image:width\" content=\"768\" \/>\n\t<meta property=\"og:image:height\" content=\"768\" \/>\n\t<meta property=\"og:image:type\" content=\"image\/jpeg\" \/>\n<meta name=\"twitter:card\" content=\"summary_large_image\" \/>\n<meta name=\"twitter:label1\" content=\"Dur\u00e9e de lecture estim\u00e9e\" \/>\n\t<meta name=\"twitter:data1\" content=\"1 minute\" \/>\n<script type=\"application\/ld+json\" class=\"yoast-schema-graph\">{\"@context\":\"https:\\\/\\\/schema.org\",\"@graph\":[{\"@type\":\"WebPage\",\"@id\":\"https:\\\/\\\/solucionescontract.com\\\/producto\\\/cama-balinesa-con-cortinas\\\/\",\"url\":\"https:\\\/\\\/solucionescontract.com\\\/producto\\\/cama-balinesa-con-cortinas\\\/\",\"name\":\"Cama Balinesa Exterior | Soluciones Contract\",\"isPartOf\":{\"@id\":\"https:\\\/\\\/solucionescontract.com\\\/#website\"},\"primaryImageOfPage\":{\"@id\":\"https:\\\/\\\/solucionescontract.com\\\/producto\\\/cama-balinesa-con-cortinas\\\/#primaryimage\"},\"image\":{\"@id\":\"https:\\\/\\\/solucionescontract.com\\\/producto\\\/cama-balinesa-con-cortinas\\\/#primaryimage\"},\"thumbnailUrl\":\"https:\\\/\\\/solucionescontract.com\\\/wp-content\\\/uploads\\\/2021\\\/04\\\/cama-balinesa-MALIBU.jpg\",\"datePublished\":\"2021-04-19T16:03:17+00:00\",\"dateModified\":\"2026-04-05T20:58:15+00:00\",\"description\":\"La cama balinesa exterior es un imprescindible en hoteles y locales. Compra ya los muebles contract m\u00e1s buscados en nuestra tienda online.\",\"breadcrumb\":{\"@id\":\"https:\\\/\\\/solucionescontract.com\\\/producto\\\/cama-balinesa-con-cortinas\\\/#breadcrumb\"},\"inLanguage\":\"fr-FR\",\"potentialAction\":[{\"@type\":\"ReadAction\",\"target\":[\"https:\\\/\\\/solucionescontract.com\\\/producto\\\/cama-balinesa-con-cortinas\\\/\"]}]},{\"@type\":\"ImageObject\",\"inLanguage\":\"fr-FR\",\"@id\":\"https:\\\/\\\/solucionescontract.com\\\/producto\\\/cama-balinesa-con-cortinas\\\/#primaryimage\",\"url\":\"https:\\\/\\\/solucionescontract.com\\\/wp-content\\\/uploads\\\/2021\\\/04\\\/cama-balinesa-MALIBU.jpg\",\"contentUrl\":\"https:\\\/\\\/solucionescontract.com\\\/wp-content\\\/uploads\\\/2021\\\/04\\\/cama-balinesa-MALIBU.jpg\",\"width\":768,\"height\":768},{\"@type\":\"BreadcrumbList\",\"@id\":\"https:\\\/\\\/solucionescontract.com\\\/producto\\\/cama-balinesa-con-cortinas\\\/#breadcrumb\",\"itemListElement\":[{\"@type\":\"ListItem\",\"position\":1,\"name\":\"Inicio\",\"item\":\"https:\\\/\\\/solucionescontract.com\\\/\"},{\"@type\":\"ListItem\",\"position\":2,\"name\":\"Tienda mobiliario contract\",\"item\":\"https:\\\/\\\/solucionescontract.com\\\/tienda-mobiliario-contract\\\/\"},{\"@type\":\"ListItem\",\"position\":3,\"name\":\"Mobiliario de Terraza y Jard\u00edn\",\"item\":\"https:\\\/\\\/solucionescontract.com\\\/categoria-producto\\\/mobiliario-de-terraza-y-jardin\\\/\"},{\"@type\":\"ListItem\",\"position\":4,\"name\":\"Tumbonas de exterior\",\"item\":\"https:\\\/\\\/solucionescontract.com\\\/categoria-producto\\\/mobiliario-de-terraza-y-jardin\\\/tumbonas-de-exterior\\\/\"},{\"@type\":\"ListItem\",\"position\":5,\"name\":\"CAMA BALINESA CON CORTINAS\"}]},{\"@type\":\"WebSite\",\"@id\":\"https:\\\/\\\/solucionescontract.com\\\/#website\",\"url\":\"https:\\\/\\\/solucionescontract.com\\\/\",\"name\":\"Soluciones Contract\",\"description\":\"Venta Mobiliario contract de dise\u00f1o\",\"publisher\":{\"@id\":\"https:\\\/\\\/solucionescontract.com\\\/#organization\"},\"potentialAction\":[{\"@type\":\"SearchAction\",\"target\":{\"@type\":\"EntryPoint\",\"urlTemplate\":\"https:\\\/\\\/solucionescontract.com\\\/?s={search_term_string}\"},\"query-input\":{\"@type\":\"PropertyValueSpecification\",\"valueRequired\":true,\"valueName\":\"search_term_string\"}}],\"inLanguage\":\"fr-FR\"},{\"@type\":\"Organization\",\"@id\":\"https:\\\/\\\/solucionescontract.com\\\/#organization\",\"name\":\"Soluciones Contract\",\"url\":\"https:\\\/\\\/solucionescontract.com\\\/\",\"logo\":{\"@type\":\"ImageObject\",\"inLanguage\":\"fr-FR\",\"@id\":\"https:\\\/\\\/solucionescontract.com\\\/#\\\/schema\\\/logo\\\/image\\\/\",\"url\":\"https:\\\/\\\/solucionescontract.com\\\/wp-content\\\/uploads\\\/2020\\\/02\\\/logoSC.jpg\",\"contentUrl\":\"https:\\\/\\\/solucionescontract.com\\\/wp-content\\\/uploads\\\/2020\\\/02\\\/logoSC.jpg\",\"width\":300,\"height\":125,\"caption\":\"Soluciones Contract\"},\"image\":{\"@id\":\"https:\\\/\\\/solucionescontract.com\\\/#\\\/schema\\\/logo\\\/image\\\/\"},\"sameAs\":[\"https:\\\/\\\/www.facebook.com\\\/solucionescontract\\\/\"]}]}<\/script>\n<!-- \/ Yoast SEO plugin. -->","yoast_head_json":{"title":"Cama Balinesa Exterior | Soluciones Contract","description":"La cama balinesa exterior es un imprescindible en hoteles y locales. Compra ya los muebles contract m\u00e1s buscados en nuestra tienda online.","robots":{"index":"index","follow":"follow","max-snippet":"max-snippet:-1","max-image-preview":"max-image-preview:large","max-video-preview":"max-video-preview:-1"},"canonical":"https:\/\/solucionescontract.com\/producto\/cama-balinesa-con-cortinas\/","og_locale":"fr_FR","og_type":"article","og_title":"Cama Balinesa Exterior | Soluciones Contract","og_description":"La cama balinesa exterior es un imprescindible en hoteles y locales. Compra ya los muebles contract m\u00e1s buscados en nuestra tienda online.","og_url":"https:\/\/solucionescontract.com\/producto\/cama-balinesa-con-cortinas\/","og_site_name":"Soluciones Contract","article_publisher":"https:\/\/www.facebook.com\/solucionescontract\/","article_modified_time":"2026-04-05T20:58:15+00:00","og_image":[{"width":768,"height":768,"url":"https:\/\/solucionescontract.com\/wp-content\/uploads\/2021\/04\/cama-balinesa-MALIBU.jpg","type":"image\/jpeg"}],"twitter_card":"summary_large_image","twitter_misc":{"Dur\u00e9e de lecture estim\u00e9e":"1 minute"},"schema":{"@context":"https:\/\/schema.org","@graph":[{"@type":"WebPage","@id":"https:\/\/solucionescontract.com\/producto\/cama-balinesa-con-cortinas\/","url":"https:\/\/solucionescontract.com\/producto\/cama-balinesa-con-cortinas\/","name":"Cama Balinesa Exterior | Soluciones Contract","isPartOf":{"@id":"https:\/\/solucionescontract.com\/#website"},"primaryImageOfPage":{"@id":"https:\/\/solucionescontract.com\/producto\/cama-balinesa-con-cortinas\/#primaryimage"},"image":{"@id":"https:\/\/solucionescontract.com\/producto\/cama-balinesa-con-cortinas\/#primaryimage"},"thumbnailUrl":"https:\/\/solucionescontract.com\/wp-content\/uploads\/2021\/04\/cama-balinesa-MALIBU.jpg","datePublished":"2021-04-19T16:03:17+00:00","dateModified":"2026-04-05T20:58:15+00:00","description":"La cama balinesa exterior es un imprescindible en hoteles y locales. Compra ya los muebles contract m\u00e1s buscados en nuestra tienda online.","breadcrumb":{"@id":"https:\/\/solucionescontract.com\/producto\/cama-balinesa-con-cortinas\/#breadcrumb"},"inLanguage":"fr-FR","potentialAction":[{"@type":"ReadAction","target":["https:\/\/solucionescontract.com\/producto\/cama-balinesa-con-cortinas\/"]}]},{"@type":"ImageObject","inLanguage":"fr-FR","@id":"https:\/\/solucionescontract.com\/producto\/cama-balinesa-con-cortinas\/#primaryimage","url":"https:\/\/solucionescontract.com\/wp-content\/uploads\/2021\/04\/cama-balinesa-MALIBU.jpg","contentUrl":"https:\/\/solucionescontract.com\/wp-content\/uploads\/2021\/04\/cama-balinesa-MALIBU.jpg","width":768,"height":768},{"@type":"BreadcrumbList","@id":"https:\/\/solucionescontract.com\/producto\/cama-balinesa-con-cortinas\/#breadcrumb","itemListElement":[{"@type":"ListItem","position":1,"name":"Inicio","item":"https:\/\/solucionescontract.com\/"},{"@type":"ListItem","position":2,"name":"Tienda mobiliario contract","item":"https:\/\/solucionescontract.com\/tienda-mobiliario-contract\/"},{"@type":"ListItem","position":3,"name":"Mobiliario de Terraza y Jard\u00edn","item":"https:\/\/solucionescontract.com\/categoria-producto\/mobiliario-de-terraza-y-jardin\/"},{"@type":"ListItem","position":4,"name":"Tumbonas de exterior","item":"https:\/\/solucionescontract.com\/categoria-producto\/mobiliario-de-terraza-y-jardin\/tumbonas-de-exterior\/"},{"@type":"ListItem","position":5,"name":"CAMA BALINESA CON CORTINAS"}]},{"@type":"WebSite","@id":"https:\/\/solucionescontract.com\/#website","url":"https:\/\/solucionescontract.com\/","name":"Soluciones Contract","description":"Venta Mobiliario contract de dise\u00f1o","publisher":{"@id":"https:\/\/solucionescontract.com\/#organization"},"potentialAction":[{"@type":"SearchAction","target":{"@type":"EntryPoint","urlTemplate":"https:\/\/solucionescontract.com\/?s={search_term_string}"},"query-input":{"@type":"PropertyValueSpecification","valueRequired":true,"valueName":"search_term_string"}}],"inLanguage":"fr-FR"},{"@type":"Organization","@id":"https:\/\/solucionescontract.com\/#organization","name":"Soluciones Contract","url":"https:\/\/solucionescontract.com\/","logo":{"@type":"ImageObject","inLanguage":"fr-FR","@id":"https:\/\/solucionescontract.com\/#\/schema\/logo\/image\/","url":"https:\/\/solucionescontract.com\/wp-content\/uploads\/2020\/02\/logoSC.jpg","contentUrl":"https:\/\/solucionescontract.com\/wp-content\/uploads\/2020\/02\/logoSC.jpg","width":300,"height":125,"caption":"Soluciones Contract"},"image":{"@id":"https:\/\/solucionescontract.com\/#\/schema\/logo\/image\/"},"sameAs":["https:\/\/www.facebook.com\/solucionescontract\/"]}]}},"_links":{"self":[{"href":"https:\/\/solucionescontract.com\/fr\/wp-json\/wp\/v2\/product\/23844","targetHints":{"allow":["GET"]}}],"collection":[{"href":"https:\/\/solucionescontract.com\/fr\/wp-json\/wp\/v2\/product"}],"about":[{"href":"https:\/\/solucionescontract.com\/fr\/wp-json\/wp\/v2\/types\/product"}],"replies":[{"embeddable":true,"href":"https:\/\/solucionescontract.com\/fr\/wp-json\/wp\/v2\/comments?post=23844"}],"wp:featuredmedia":[{"embeddable":true,"href":"https:\/\/solucionescontract.com\/fr\/wp-json\/wp\/v2\/media\/23845"}],"wp:attachment":[{"href":"https:\/\/solucionescontract.com\/fr\/wp-json\/wp\/v2\/media?parent=23844"}],"wp:term":[{"taxonomy":"product_brand","embeddable":true,"href":"https:\/\/solucionescontract.com\/fr\/wp-json\/wp\/v2\/product_brand?post=23844"},{"taxonomy":"product_cat","embeddable":true,"href":"https:\/\/solucionescontract.com\/fr\/wp-json\/wp\/v2\/product_cat?post=23844"},{"taxonomy":"product_tag","embeddable":true,"href":"https:\/\/solucionescontract.com\/fr\/wp-json\/wp\/v2\/product_tag?post=23844"}],"curies":[{"name":"wp","href":"https:\/\/api.w.org\/{rel}","templated":true}]}}