{"id":23810,"date":"2020-12-29T01:01:29","date_gmt":"2020-12-29T01:01:29","guid":{"rendered":"https:\/\/www.solucionescontract.com\/producto\/leola-table-lamp\/"},"modified":"2021-04-16T10:36:27","modified_gmt":"2021-04-16T10:36:27","slug":"leola-table-lamp","status":"publish","type":"product","link":"https:\/\/solucionescontract.com\/fr\/producto\/leola-table-lamp\/","title":{"rendered":"LEOLA TABLE LAMP"},"content":{"rendered":"<div class = \"tabs-content tabs-content__full-width\">\n<section id = \"product-specification\" class = \"content active\" role = \"tabpanel\" data-equalizer = \"\" aria-hidden = \"false\">\n<div class = \"row\">\n<div class = \"small-8 medium-12 large-12 columns product-spec-container\" data-equalizer-watch = \"\">\n<div class = \"product-spec-table\">\n<h4> <strong> <a href=\"https:\/\/solucionescontract.com\/wp-content\/uploads\/2020\/12\/Leola-ficha-sobremesa.jpg\"> <img class = \"alignnone wp-image- 20613 taille-moyenne \"src =\" https:\/\/solucionescontract.com\/wp-content\/uploads\/2020\/12\/Leola-ficha-sobremesa-300x176.jpg \"alt =\" \"width =\" 300 \"height =\" 176 \"\/> <\/a> <\/strong> <\/h4>\n<h4> <strong> Propri\u00e9t\u00e9s <\/strong> <\/h4>\n<ul>\n<li> <strong> Couleur: <\/strong> Gris fum\u00e9. <\/li>\n<li> <strong> Lampe: <\/strong> E27 \/ 1 unit\u00e9. <\/li>\n<li> <strong> Watts max: <\/strong> 40 W &#8211; 230 <\/li>\n<li> <strong> Mat\u00e9riel: <\/strong> M\u00e9tal et verre. <\/li>\n<\/ul>\n<\/div>\n<div class = \"product-spec-table\">\n<h4> <strong> C\u00e2ble <\/strong> <\/h4>\n<ul>\n<li> <strong> C\u00e2ble couleur: <\/strong> noir <\/li>\n<li> <strong> C\u00e2ble long (cm): <\/strong> 200 <\/li>\n<li> <strong> Type de c\u00e2ble: <\/strong> Plastique plat. <\/li>\n<\/ul>\n<\/div>\n<div class = \"product-spec-table\">\n<h4> <strong> R\u00e9gulateur <\/strong> <\/h4>\n<ul>\n<li id \u200b\u200b= \"tw-target-text\" class = \"tw-data-text tw-text-large XcVN5d tw-ta\" dir = \"ltr\" data-placeholder = \"Translation\"> <span lang = \"fr \"> <strong> La lampe est dimmable avec variateur en combinaison avec des sources lumineuses dimmables <\/strong>: Oui <\/span> <\/li>\n<li class = \"tw-data-text tw-text-large XcVN5d tw-ta\" dir = \"ltr\" data-placeholder = \"Translation\"> <span lang = \"es\"> <strong> Fader inclus <\/strong> : Non <\/span> <\/li>\n<\/ul>\n<\/div>\n<div class = \"product-spec-table\">\n<h4> <strong> Source lumineuse <br \/>\n<\/strong> <\/h4>\n<ul>\n<li> <strong> Lampe incluse: <\/strong> Non <\/li>\n<\/ul>\n<\/div>\n<div class = \"product-spec-table\">\n<h4> <strong> Mesures <\/strong> <\/h4>\n<\/div>\n<div class = \"product-spec-table\">\n<ul>\n<li> <strong> Hauteur (cm): <\/strong> 34 <\/li>\n<li> <strong> Largeur (cm): <\/strong> 23 <\/li>\n<li> <strong> Poids (kg): <\/strong> 2,8 <\/li>\n<\/ul>\n<\/div>\n<div class = \"product-spec-table\"> <\/div>\n<\/div>\n<\/div>\n<\/section>\n<\/div>\n<p><\/script><\/p>\n","protected":false},"excerpt":{"rendered":"<div class = \"oSioSc\">\n<div id = \"tw-target\">\n<div id = \"kAz1tf\" class = \"g9WsWb\">\n<div id = \"tw-target-text-container\" class = \"tw-ta-container hide-focus-ring tw-nfl\" tabindex = \"0\">\n<ul>\n<li> <span lang = \"en\"> Lampe de table gris fum\u00e9e au design charmant. <\/span> <\/li>\n<li> <span lang = \"fr\"> La combinaison du m\u00e9tal et du verre gris fum\u00e9 est \u00e0 la fois moderne et nostalgique. <\/br><br \/>\n<\/span> <\/li>\n<li> <span lang = \"en\"> Une lampe facile \u00e0 installer qui donne une superbe luminosit\u00e9. <\/br><br \/>\n<\/span> <\/li>\n<li> <span lang = \"en\"> Utilisation en int\u00e9rieur, appartenant \u00e0 la collection Leola, il brillera dans n&rsquo;importe quel environnement. <\/span> <\/li>\n<\/ul>\n<\/div>\n<\/div>\n<\/div>\n<\/div>\n","protected":false},"featured_media":20597,"comment_status":"open","ping_status":"closed","template":"","meta":[],"product_brand":[],"product_cat":[541,547],"product_tag":[],"class_list":{"0":"post-23810","1":"product","2":"type-product","3":"status-publish","4":"has-post-thumbnail","6":"product_cat-eclairage-design","7":"product_cat-lampe-de-chevet","8":"product_shipping_class-gratuit","9":"yith_product_brand-by-rydens-fr","11":"first","12":"instock","13":"taxable","14":"shipping-taxable","15":"purchasable","16":"product-type-simple"},"yoast_head":"<!-- This site is optimized with the Yoast SEO plugin v27.3 - https:\/\/yoast.com\/product\/yoast-seo-wordpress\/ -->\n<title>LEOLA TABLE LAMP - Muebles de dise\u00f1o en Soluciones Contract<\/title>\n<meta name=\"description\" content=\"Compra LEOLA TABLE LAMP online en nuestra tienda de muebles Contract. Encuentra el mejor MOBILIARIO DE DISE\u00d1O para Hotel, Hogar y uso comercial. Descubre las mejores marcas en nuestro cat\u00e1logo.\" \/>\n<meta name=\"robots\" content=\"index, follow, max-snippet:-1, max-image-preview:large, max-video-preview:-1\" \/>\n<link rel=\"canonical\" href=\"https:\/\/solucionescontract.com\/producto\/lampara-sobremesa-leola\/\" \/>\n<meta property=\"og:locale\" content=\"fr_FR\" \/>\n<meta property=\"og:type\" content=\"article\" \/>\n<meta property=\"og:title\" content=\"LEOLA TABLE LAMP - Muebles de dise\u00f1o en Soluciones Contract\" \/>\n<meta property=\"og:description\" content=\"Compra LEOLA TABLE LAMP online en nuestra tienda de muebles Contract. Encuentra el mejor MOBILIARIO DE DISE\u00d1O para Hotel, Hogar y uso comercial. Descubre las mejores marcas en nuestro cat\u00e1logo.\" \/>\n<meta property=\"og:url\" content=\"https:\/\/solucionescontract.com\/producto\/lampara-sobremesa-leola\/\" \/>\n<meta property=\"og:site_name\" content=\"Soluciones Contract\" \/>\n<meta property=\"article:publisher\" content=\"https:\/\/www.facebook.com\/solucionescontract\/\" \/>\n<meta property=\"article:modified_time\" content=\"2021-04-16T10:36:27+00:00\" \/>\n<meta property=\"og:image\" content=\"https:\/\/solucionescontract.com\/wp-content\/uploads\/2020\/12\/Leola-sobremesa-2.jpg\" \/>\n\t<meta property=\"og:image:width\" content=\"584\" \/>\n\t<meta property=\"og:image:height\" content=\"584\" \/>\n\t<meta property=\"og:image:type\" content=\"image\/jpeg\" \/>\n<meta name=\"twitter:card\" content=\"summary_large_image\" \/>\n<script type=\"application\/ld+json\" class=\"yoast-schema-graph\">{\"@context\":\"https:\\\/\\\/schema.org\",\"@graph\":[{\"@type\":\"WebPage\",\"@id\":\"https:\\\/\\\/solucionescontract.com\\\/producto\\\/lampara-sobremesa-leola\\\/\",\"url\":\"https:\\\/\\\/solucionescontract.com\\\/producto\\\/lampara-sobremesa-leola\\\/\",\"name\":\"LEOLA TABLE LAMP - Muebles de dise\u00f1o en Soluciones Contract\",\"isPartOf\":{\"@id\":\"https:\\\/\\\/solucionescontract.com\\\/#website\"},\"primaryImageOfPage\":{\"@id\":\"https:\\\/\\\/solucionescontract.com\\\/producto\\\/lampara-sobremesa-leola\\\/#primaryimage\"},\"image\":{\"@id\":\"https:\\\/\\\/solucionescontract.com\\\/producto\\\/lampara-sobremesa-leola\\\/#primaryimage\"},\"thumbnailUrl\":\"https:\\\/\\\/solucionescontract.com\\\/wp-content\\\/uploads\\\/2020\\\/12\\\/Leola-sobremesa-2.jpg\",\"datePublished\":\"2020-12-29T01:01:29+00:00\",\"dateModified\":\"2021-04-16T10:36:27+00:00\",\"description\":\"Compra LEOLA TABLE LAMP online en nuestra tienda de muebles Contract. Encuentra el mejor MOBILIARIO DE DISE\u00d1O para Hotel, Hogar y uso comercial. Descubre las mejores marcas en nuestro cat\u00e1logo.\",\"breadcrumb\":{\"@id\":\"https:\\\/\\\/solucionescontract.com\\\/producto\\\/lampara-sobremesa-leola\\\/#breadcrumb\"},\"inLanguage\":\"fr-FR\",\"potentialAction\":[{\"@type\":\"ReadAction\",\"target\":[\"https:\\\/\\\/solucionescontract.com\\\/producto\\\/lampara-sobremesa-leola\\\/\"]}]},{\"@type\":\"ImageObject\",\"inLanguage\":\"fr-FR\",\"@id\":\"https:\\\/\\\/solucionescontract.com\\\/producto\\\/lampara-sobremesa-leola\\\/#primaryimage\",\"url\":\"https:\\\/\\\/solucionescontract.com\\\/wp-content\\\/uploads\\\/2020\\\/12\\\/Leola-sobremesa-2.jpg\",\"contentUrl\":\"https:\\\/\\\/solucionescontract.com\\\/wp-content\\\/uploads\\\/2020\\\/12\\\/Leola-sobremesa-2.jpg\",\"width\":584,\"height\":584},{\"@type\":\"BreadcrumbList\",\"@id\":\"https:\\\/\\\/solucionescontract.com\\\/producto\\\/lampara-sobremesa-leola\\\/#breadcrumb\",\"itemListElement\":[{\"@type\":\"ListItem\",\"position\":1,\"name\":\"Inicio\",\"item\":\"https:\\\/\\\/solucionescontract.com\\\/\"},{\"@type\":\"ListItem\",\"position\":2,\"name\":\"Tienda mobiliario contract\",\"item\":\"https:\\\/\\\/solucionescontract.com\\\/tienda-mobiliario-contract\\\/\"},{\"@type\":\"ListItem\",\"position\":3,\"name\":\"Iluminaci\u00f3n de dise\u00f1o\",\"item\":\"https:\\\/\\\/solucionescontract.com\\\/categoria-producto\\\/iluminacion-de-diseno\\\/\"},{\"@type\":\"ListItem\",\"position\":4,\"name\":\"L\u00e1mparas de mesa\",\"item\":\"https:\\\/\\\/solucionescontract.com\\\/categoria-producto\\\/iluminacion-de-diseno\\\/lamparas-de-mesa\\\/\"},{\"@type\":\"ListItem\",\"position\":5,\"name\":\"LEOLA TABLE LAMP\"}]},{\"@type\":\"WebSite\",\"@id\":\"https:\\\/\\\/solucionescontract.com\\\/#website\",\"url\":\"https:\\\/\\\/solucionescontract.com\\\/\",\"name\":\"Soluciones Contract\",\"description\":\"Venta Mobiliario contract de dise\u00f1o\",\"publisher\":{\"@id\":\"https:\\\/\\\/solucionescontract.com\\\/#organization\"},\"potentialAction\":[{\"@type\":\"SearchAction\",\"target\":{\"@type\":\"EntryPoint\",\"urlTemplate\":\"https:\\\/\\\/solucionescontract.com\\\/?s={search_term_string}\"},\"query-input\":{\"@type\":\"PropertyValueSpecification\",\"valueRequired\":true,\"valueName\":\"search_term_string\"}}],\"inLanguage\":\"fr-FR\"},{\"@type\":\"Organization\",\"@id\":\"https:\\\/\\\/solucionescontract.com\\\/#organization\",\"name\":\"Soluciones Contract\",\"url\":\"https:\\\/\\\/solucionescontract.com\\\/\",\"logo\":{\"@type\":\"ImageObject\",\"inLanguage\":\"fr-FR\",\"@id\":\"https:\\\/\\\/solucionescontract.com\\\/#\\\/schema\\\/logo\\\/image\\\/\",\"url\":\"https:\\\/\\\/solucionescontract.com\\\/wp-content\\\/uploads\\\/2020\\\/02\\\/logoSC.jpg\",\"contentUrl\":\"https:\\\/\\\/solucionescontract.com\\\/wp-content\\\/uploads\\\/2020\\\/02\\\/logoSC.jpg\",\"width\":300,\"height\":125,\"caption\":\"Soluciones Contract\"},\"image\":{\"@id\":\"https:\\\/\\\/solucionescontract.com\\\/#\\\/schema\\\/logo\\\/image\\\/\"},\"sameAs\":[\"https:\\\/\\\/www.facebook.com\\\/solucionescontract\\\/\"]}]}<\/script>\n<!-- \/ Yoast SEO plugin. -->","yoast_head_json":{"title":"LEOLA TABLE LAMP - Muebles de dise\u00f1o en Soluciones Contract","description":"Compra LEOLA TABLE LAMP online en nuestra tienda de muebles Contract. Encuentra el mejor MOBILIARIO DE DISE\u00d1O para Hotel, Hogar y uso comercial. Descubre las mejores marcas en nuestro cat\u00e1logo.","robots":{"index":"index","follow":"follow","max-snippet":"max-snippet:-1","max-image-preview":"max-image-preview:large","max-video-preview":"max-video-preview:-1"},"canonical":"https:\/\/solucionescontract.com\/producto\/lampara-sobremesa-leola\/","og_locale":"fr_FR","og_type":"article","og_title":"LEOLA TABLE LAMP - Muebles de dise\u00f1o en Soluciones Contract","og_description":"Compra LEOLA TABLE LAMP online en nuestra tienda de muebles Contract. Encuentra el mejor MOBILIARIO DE DISE\u00d1O para Hotel, Hogar y uso comercial. Descubre las mejores marcas en nuestro cat\u00e1logo.","og_url":"https:\/\/solucionescontract.com\/producto\/lampara-sobremesa-leola\/","og_site_name":"Soluciones Contract","article_publisher":"https:\/\/www.facebook.com\/solucionescontract\/","article_modified_time":"2021-04-16T10:36:27+00:00","og_image":[{"width":584,"height":584,"url":"https:\/\/solucionescontract.com\/wp-content\/uploads\/2020\/12\/Leola-sobremesa-2.jpg","type":"image\/jpeg"}],"twitter_card":"summary_large_image","schema":{"@context":"https:\/\/schema.org","@graph":[{"@type":"WebPage","@id":"https:\/\/solucionescontract.com\/producto\/lampara-sobremesa-leola\/","url":"https:\/\/solucionescontract.com\/producto\/lampara-sobremesa-leola\/","name":"LEOLA TABLE LAMP - Muebles de dise\u00f1o en Soluciones Contract","isPartOf":{"@id":"https:\/\/solucionescontract.com\/#website"},"primaryImageOfPage":{"@id":"https:\/\/solucionescontract.com\/producto\/lampara-sobremesa-leola\/#primaryimage"},"image":{"@id":"https:\/\/solucionescontract.com\/producto\/lampara-sobremesa-leola\/#primaryimage"},"thumbnailUrl":"https:\/\/solucionescontract.com\/wp-content\/uploads\/2020\/12\/Leola-sobremesa-2.jpg","datePublished":"2020-12-29T01:01:29+00:00","dateModified":"2021-04-16T10:36:27+00:00","description":"Compra LEOLA TABLE LAMP online en nuestra tienda de muebles Contract. Encuentra el mejor MOBILIARIO DE DISE\u00d1O para Hotel, Hogar y uso comercial. Descubre las mejores marcas en nuestro cat\u00e1logo.","breadcrumb":{"@id":"https:\/\/solucionescontract.com\/producto\/lampara-sobremesa-leola\/#breadcrumb"},"inLanguage":"fr-FR","potentialAction":[{"@type":"ReadAction","target":["https:\/\/solucionescontract.com\/producto\/lampara-sobremesa-leola\/"]}]},{"@type":"ImageObject","inLanguage":"fr-FR","@id":"https:\/\/solucionescontract.com\/producto\/lampara-sobremesa-leola\/#primaryimage","url":"https:\/\/solucionescontract.com\/wp-content\/uploads\/2020\/12\/Leola-sobremesa-2.jpg","contentUrl":"https:\/\/solucionescontract.com\/wp-content\/uploads\/2020\/12\/Leola-sobremesa-2.jpg","width":584,"height":584},{"@type":"BreadcrumbList","@id":"https:\/\/solucionescontract.com\/producto\/lampara-sobremesa-leola\/#breadcrumb","itemListElement":[{"@type":"ListItem","position":1,"name":"Inicio","item":"https:\/\/solucionescontract.com\/"},{"@type":"ListItem","position":2,"name":"Tienda mobiliario contract","item":"https:\/\/solucionescontract.com\/tienda-mobiliario-contract\/"},{"@type":"ListItem","position":3,"name":"Iluminaci\u00f3n de dise\u00f1o","item":"https:\/\/solucionescontract.com\/categoria-producto\/iluminacion-de-diseno\/"},{"@type":"ListItem","position":4,"name":"L\u00e1mparas de mesa","item":"https:\/\/solucionescontract.com\/categoria-producto\/iluminacion-de-diseno\/lamparas-de-mesa\/"},{"@type":"ListItem","position":5,"name":"LEOLA TABLE LAMP"}]},{"@type":"WebSite","@id":"https:\/\/solucionescontract.com\/#website","url":"https:\/\/solucionescontract.com\/","name":"Soluciones Contract","description":"Venta Mobiliario contract de dise\u00f1o","publisher":{"@id":"https:\/\/solucionescontract.com\/#organization"},"potentialAction":[{"@type":"SearchAction","target":{"@type":"EntryPoint","urlTemplate":"https:\/\/solucionescontract.com\/?s={search_term_string}"},"query-input":{"@type":"PropertyValueSpecification","valueRequired":true,"valueName":"search_term_string"}}],"inLanguage":"fr-FR"},{"@type":"Organization","@id":"https:\/\/solucionescontract.com\/#organization","name":"Soluciones Contract","url":"https:\/\/solucionescontract.com\/","logo":{"@type":"ImageObject","inLanguage":"fr-FR","@id":"https:\/\/solucionescontract.com\/#\/schema\/logo\/image\/","url":"https:\/\/solucionescontract.com\/wp-content\/uploads\/2020\/02\/logoSC.jpg","contentUrl":"https:\/\/solucionescontract.com\/wp-content\/uploads\/2020\/02\/logoSC.jpg","width":300,"height":125,"caption":"Soluciones Contract"},"image":{"@id":"https:\/\/solucionescontract.com\/#\/schema\/logo\/image\/"},"sameAs":["https:\/\/www.facebook.com\/solucionescontract\/"]}]}},"_links":{"self":[{"href":"https:\/\/solucionescontract.com\/fr\/wp-json\/wp\/v2\/product\/23810","targetHints":{"allow":["GET"]}}],"collection":[{"href":"https:\/\/solucionescontract.com\/fr\/wp-json\/wp\/v2\/product"}],"about":[{"href":"https:\/\/solucionescontract.com\/fr\/wp-json\/wp\/v2\/types\/product"}],"replies":[{"embeddable":true,"href":"https:\/\/solucionescontract.com\/fr\/wp-json\/wp\/v2\/comments?post=23810"}],"wp:featuredmedia":[{"embeddable":true,"href":"https:\/\/solucionescontract.com\/fr\/wp-json\/wp\/v2\/media\/20597"}],"wp:attachment":[{"href":"https:\/\/solucionescontract.com\/fr\/wp-json\/wp\/v2\/media?parent=23810"}],"wp:term":[{"taxonomy":"product_brand","embeddable":true,"href":"https:\/\/solucionescontract.com\/fr\/wp-json\/wp\/v2\/product_brand?post=23810"},{"taxonomy":"product_cat","embeddable":true,"href":"https:\/\/solucionescontract.com\/fr\/wp-json\/wp\/v2\/product_cat?post=23810"},{"taxonomy":"product_tag","embeddable":true,"href":"https:\/\/solucionescontract.com\/fr\/wp-json\/wp\/v2\/product_tag?post=23810"}],"curies":[{"name":"wp","href":"https:\/\/api.w.org\/{rel}","templated":true}]}}