{"id":23804,"date":"2020-12-30T00:39:26","date_gmt":"2020-12-30T00:39:26","guid":{"rendered":"https:\/\/www.solucionescontract.com\/producto\/lampe-murale-ronde-colby\/"},"modified":"2020-12-30T00:39:26","modified_gmt":"2020-12-30T00:39:26","slug":"lampe-murale-ronde-colby","status":"publish","type":"product","link":"https:\/\/solucionescontract.com\/fr\/producto\/lampe-murale-ronde-colby\/","title":{"rendered":"LAMPE MURALE RONDE COLBY"},"content":{"rendered":"<div class = \"tabs-content tabs-content__full-width\">\n<section id = \"product-specification\" class = \"content active\" role = \"tabpanel\" data-equalizer = \"\" aria-hidden = \"false\">\n<div class = \"row\">\n<div class = \"small-8 medium-12 large-12 columns product-spec-container\" data-equalizer-watch = \"\">\n<div class = \"product-spec-table\">\n<h4> <strong> Propri\u00e9t\u00e9s <\/strong> <\/h4>\n<ul>\n<li> <strong> Couleur: <\/strong> Noir | Blanc | Or <\/li>\n<li> <strong> Lampe: <\/strong> E14 | 4 unit\u00e9s <\/li>\n<li> <strong> Max. Watts: <\/strong> 40 W <\/li>\n<li> <strong> Utilisation: <\/strong> int\u00e9rieur <\/li>\n<li> <strong> Mat\u00e9riau: <\/strong> M\u00e9tal <\/li>\n<\/ul>\n<\/div>\n<div class = \"product-spec-table\">\n<h4> <strong> C\u00e2ble <\/strong> <\/h4>\n<ul>\n<li> <strong> Couleur du c\u00e2ble: <\/strong> Transparent <\/li>\n<li> <strong> C\u00e2ble long (cm): <\/strong> 160 <\/li>\n<li> <strong> Type de c\u00e2ble: <\/strong> plastique plat. <\/li>\n<\/ul>\n<\/div>\n<div class = \"product-spec-table\">\n<h4> <strong> Source lumineuse <br \/>\n<\/strong> <\/h4>\n<ul>\n<li> <strong> Ampoules incluses: <\/strong> Non <\/li>\n<\/ul>\n<\/div>\n<div class = \"product-spec-table\">\n<h4> <strong> Mesures <\/strong> <\/h4>\n<ul>\n<li> <strong> Profondeur (cm): <\/strong> 8 <\/li>\n<li> <strong> Largeur (cm): <\/strong> 70 <\/li>\n<li> <strong> Poids (kg): <\/strong> 6,2 <\/li>\n<\/ul>\n<\/div>\n<div class = \"product-spec-table\"> <\/div>\n<\/div>\n<\/div>\n<\/section>\n<\/div>\n<p><\/script><\/p>\n","protected":false},"excerpt":{"rendered":"<ul>\n<li dir = \"ltr\" data-placeholder = \"Translation\"> <span lang = \"en\"> Colby est une applique murale ronde de grand format en m\u00e9tal avec de petits trous perc\u00e9s qui permettent \u00e0 la lumi\u00e8re de filtrer dans des motifs fantastiques. <\/span> <\/li>\n<li dir = \"ltr\" data-placeholder = \"Translation\"> <span lang = \"en\"> Une lampe parfaite pour ceux qui veulent cr\u00e9er une lumi\u00e8re ambiante diff\u00e9rente dans la salle \u00e0 manger, le salon ou la r\u00e9ception. Colby est disponible en sable noir, sable blanc et maintenant aussi en or. <\/span> <\/li>\n<li dir = \"ltr\" data-placeholder = \"Translation\"> <span lang = \"en\"> Demandez des informations sur la lampe de table Colby. <br \/>\n<\/span> <\/li>\n<\/ul>\n<p>&nbsp;<\/p>\n<p> <span style = \"color: # 008000; font-size: 13pt;\"> <strong> Colby color Gold livraison rapide 48 heures (jusqu&rsquo;\u00e0 la fin du stock) <\/strong> <\/span> <\/p>\n","protected":false},"featured_media":20697,"comment_status":"open","ping_status":"closed","template":"","meta":[],"product_brand":[],"product_cat":[543,541],"product_tag":[],"class_list":{"0":"post-23804","1":"product","2":"type-product","3":"status-publish","4":"has-post-thumbnail","6":"product_cat-appliques-et-plafonniers","7":"product_cat-eclairage-design","8":"product_shipping_class-gratuit","9":"yith_product_brand-by-rydens-fr","11":"first","12":"instock","13":"taxable","14":"shipping-taxable","15":"purchasable","16":"product-type-variable"},"yoast_head":"<!-- This site is optimized with the Yoast SEO plugin v27.3 - https:\/\/yoast.com\/product\/yoast-seo-wordpress\/ -->\n<title>LAMPE MURALE RONDE COLBY - Muebles de dise\u00f1o en Soluciones Contract<\/title>\n<meta name=\"description\" content=\"Compra LAMPE MURALE RONDE COLBY online en nuestra tienda de muebles Contract. Encuentra el mejor MOBILIARIO DE DISE\u00d1O para Hotel, Hogar y uso comercial. Descubre las mejores marcas en nuestro cat\u00e1logo.\" \/>\n<meta name=\"robots\" content=\"index, follow, max-snippet:-1, max-image-preview:large, max-video-preview:-1\" \/>\n<link rel=\"canonical\" href=\"https:\/\/solucionescontract.com\/fr\/producto\/lampe-murale-ronde-colby\/\" \/>\n<meta property=\"og:locale\" content=\"fr_FR\" \/>\n<meta property=\"og:type\" content=\"article\" \/>\n<meta property=\"og:title\" content=\"LAMPE MURALE RONDE COLBY - Muebles de dise\u00f1o en Soluciones Contract\" \/>\n<meta property=\"og:description\" content=\"Compra LAMPE MURALE RONDE COLBY online en nuestra tienda de muebles Contract. Encuentra el mejor MOBILIARIO DE DISE\u00d1O para Hotel, Hogar y uso comercial. Descubre las mejores marcas en nuestro cat\u00e1logo.\" \/>\n<meta property=\"og:url\" content=\"https:\/\/solucionescontract.com\/fr\/producto\/lampe-murale-ronde-colby\/\" \/>\n<meta property=\"og:site_name\" content=\"Soluciones Contract\" \/>\n<meta property=\"article:publisher\" content=\"https:\/\/www.facebook.com\/solucionescontract\/\" \/>\n<meta property=\"og:image\" content=\"https:\/\/solucionescontract.com\/wp-content\/uploads\/2020\/12\/Colby-Wall-light-Gold.jpg\" \/>\n\t<meta property=\"og:image:width\" content=\"1366\" \/>\n\t<meta property=\"og:image:height\" content=\"1366\" \/>\n\t<meta property=\"og:image:type\" content=\"image\/jpeg\" \/>\n<meta name=\"twitter:card\" content=\"summary_large_image\" \/>\n<script type=\"application\/ld+json\" class=\"yoast-schema-graph\">{\"@context\":\"https:\\\/\\\/schema.org\",\"@graph\":[{\"@type\":\"WebPage\",\"@id\":\"https:\\\/\\\/solucionescontract.com\\\/fr\\\/producto\\\/lampe-murale-ronde-colby\\\/\",\"url\":\"https:\\\/\\\/solucionescontract.com\\\/fr\\\/producto\\\/lampe-murale-ronde-colby\\\/\",\"name\":\"LAMPE MURALE RONDE COLBY - Muebles de dise\u00f1o en Soluciones Contract\",\"isPartOf\":{\"@id\":\"https:\\\/\\\/solucionescontract.com\\\/#website\"},\"primaryImageOfPage\":{\"@id\":\"https:\\\/\\\/solucionescontract.com\\\/fr\\\/producto\\\/lampe-murale-ronde-colby\\\/#primaryimage\"},\"image\":{\"@id\":\"https:\\\/\\\/solucionescontract.com\\\/fr\\\/producto\\\/lampe-murale-ronde-colby\\\/#primaryimage\"},\"thumbnailUrl\":\"https:\\\/\\\/solucionescontract.com\\\/wp-content\\\/uploads\\\/2020\\\/12\\\/Colby-Wall-light-Gold.jpg\",\"datePublished\":\"2020-12-30T00:39:26+00:00\",\"description\":\"Compra LAMPE MURALE RONDE COLBY online en nuestra tienda de muebles Contract. Encuentra el mejor MOBILIARIO DE DISE\u00d1O para Hotel, Hogar y uso comercial. Descubre las mejores marcas en nuestro cat\u00e1logo.\",\"breadcrumb\":{\"@id\":\"https:\\\/\\\/solucionescontract.com\\\/fr\\\/producto\\\/lampe-murale-ronde-colby\\\/#breadcrumb\"},\"inLanguage\":\"fr-FR\",\"potentialAction\":[{\"@type\":\"ReadAction\",\"target\":[\"https:\\\/\\\/solucionescontract.com\\\/fr\\\/producto\\\/lampe-murale-ronde-colby\\\/\"]}]},{\"@type\":\"ImageObject\",\"inLanguage\":\"fr-FR\",\"@id\":\"https:\\\/\\\/solucionescontract.com\\\/fr\\\/producto\\\/lampe-murale-ronde-colby\\\/#primaryimage\",\"url\":\"https:\\\/\\\/solucionescontract.com\\\/wp-content\\\/uploads\\\/2020\\\/12\\\/Colby-Wall-light-Gold.jpg\",\"contentUrl\":\"https:\\\/\\\/solucionescontract.com\\\/wp-content\\\/uploads\\\/2020\\\/12\\\/Colby-Wall-light-Gold.jpg\",\"width\":1366,\"height\":1366},{\"@type\":\"BreadcrumbList\",\"@id\":\"https:\\\/\\\/solucionescontract.com\\\/fr\\\/producto\\\/lampe-murale-ronde-colby\\\/#breadcrumb\",\"itemListElement\":[{\"@type\":\"ListItem\",\"position\":1,\"name\":\"Inicio\",\"item\":\"https:\\\/\\\/solucionescontract.com\\\/\"},{\"@type\":\"ListItem\",\"position\":2,\"name\":\"Tienda mobiliario contract\",\"item\":\"https:\\\/\\\/solucionescontract.com\\\/tienda-mobiliario-contract\\\/\"},{\"@type\":\"ListItem\",\"position\":3,\"name\":\"\u00c9clairage design\",\"item\":\"https:\\\/\\\/solucionescontract.com\\\/fr\\\/categoria-producto\\\/eclairage-design\\\/\"},{\"@type\":\"ListItem\",\"position\":4,\"name\":\"Appliques et plafonniers\",\"item\":\"https:\\\/\\\/solucionescontract.com\\\/fr\\\/categoria-producto\\\/eclairage-design\\\/appliques-et-plafonniers\\\/\"},{\"@type\":\"ListItem\",\"position\":5,\"name\":\"LAMPE MURALE RONDE COLBY\"}]},{\"@type\":\"WebSite\",\"@id\":\"https:\\\/\\\/solucionescontract.com\\\/#website\",\"url\":\"https:\\\/\\\/solucionescontract.com\\\/\",\"name\":\"Soluciones Contract\",\"description\":\"Venta Mobiliario contract de dise\u00f1o\",\"publisher\":{\"@id\":\"https:\\\/\\\/solucionescontract.com\\\/#organization\"},\"potentialAction\":[{\"@type\":\"SearchAction\",\"target\":{\"@type\":\"EntryPoint\",\"urlTemplate\":\"https:\\\/\\\/solucionescontract.com\\\/?s={search_term_string}\"},\"query-input\":{\"@type\":\"PropertyValueSpecification\",\"valueRequired\":true,\"valueName\":\"search_term_string\"}}],\"inLanguage\":\"fr-FR\"},{\"@type\":\"Organization\",\"@id\":\"https:\\\/\\\/solucionescontract.com\\\/#organization\",\"name\":\"Soluciones Contract\",\"url\":\"https:\\\/\\\/solucionescontract.com\\\/\",\"logo\":{\"@type\":\"ImageObject\",\"inLanguage\":\"fr-FR\",\"@id\":\"https:\\\/\\\/solucionescontract.com\\\/#\\\/schema\\\/logo\\\/image\\\/\",\"url\":\"https:\\\/\\\/solucionescontract.com\\\/wp-content\\\/uploads\\\/2020\\\/02\\\/logoSC.jpg\",\"contentUrl\":\"https:\\\/\\\/solucionescontract.com\\\/wp-content\\\/uploads\\\/2020\\\/02\\\/logoSC.jpg\",\"width\":300,\"height\":125,\"caption\":\"Soluciones Contract\"},\"image\":{\"@id\":\"https:\\\/\\\/solucionescontract.com\\\/#\\\/schema\\\/logo\\\/image\\\/\"},\"sameAs\":[\"https:\\\/\\\/www.facebook.com\\\/solucionescontract\\\/\"]}]}<\/script>\n<!-- \/ Yoast SEO plugin. -->","yoast_head_json":{"title":"LAMPE MURALE RONDE COLBY - Muebles de dise\u00f1o en Soluciones Contract","description":"Compra LAMPE MURALE RONDE COLBY online en nuestra tienda de muebles Contract. Encuentra el mejor MOBILIARIO DE DISE\u00d1O para Hotel, Hogar y uso comercial. Descubre las mejores marcas en nuestro cat\u00e1logo.","robots":{"index":"index","follow":"follow","max-snippet":"max-snippet:-1","max-image-preview":"max-image-preview:large","max-video-preview":"max-video-preview:-1"},"canonical":"https:\/\/solucionescontract.com\/fr\/producto\/lampe-murale-ronde-colby\/","og_locale":"fr_FR","og_type":"article","og_title":"LAMPE MURALE RONDE COLBY - Muebles de dise\u00f1o en Soluciones Contract","og_description":"Compra LAMPE MURALE RONDE COLBY online en nuestra tienda de muebles Contract. Encuentra el mejor MOBILIARIO DE DISE\u00d1O para Hotel, Hogar y uso comercial. Descubre las mejores marcas en nuestro cat\u00e1logo.","og_url":"https:\/\/solucionescontract.com\/fr\/producto\/lampe-murale-ronde-colby\/","og_site_name":"Soluciones Contract","article_publisher":"https:\/\/www.facebook.com\/solucionescontract\/","og_image":[{"width":1366,"height":1366,"url":"https:\/\/solucionescontract.com\/wp-content\/uploads\/2020\/12\/Colby-Wall-light-Gold.jpg","type":"image\/jpeg"}],"twitter_card":"summary_large_image","schema":{"@context":"https:\/\/schema.org","@graph":[{"@type":"WebPage","@id":"https:\/\/solucionescontract.com\/fr\/producto\/lampe-murale-ronde-colby\/","url":"https:\/\/solucionescontract.com\/fr\/producto\/lampe-murale-ronde-colby\/","name":"LAMPE MURALE RONDE COLBY - Muebles de dise\u00f1o en Soluciones Contract","isPartOf":{"@id":"https:\/\/solucionescontract.com\/#website"},"primaryImageOfPage":{"@id":"https:\/\/solucionescontract.com\/fr\/producto\/lampe-murale-ronde-colby\/#primaryimage"},"image":{"@id":"https:\/\/solucionescontract.com\/fr\/producto\/lampe-murale-ronde-colby\/#primaryimage"},"thumbnailUrl":"https:\/\/solucionescontract.com\/wp-content\/uploads\/2020\/12\/Colby-Wall-light-Gold.jpg","datePublished":"2020-12-30T00:39:26+00:00","description":"Compra LAMPE MURALE RONDE COLBY online en nuestra tienda de muebles Contract. Encuentra el mejor MOBILIARIO DE DISE\u00d1O para Hotel, Hogar y uso comercial. Descubre las mejores marcas en nuestro cat\u00e1logo.","breadcrumb":{"@id":"https:\/\/solucionescontract.com\/fr\/producto\/lampe-murale-ronde-colby\/#breadcrumb"},"inLanguage":"fr-FR","potentialAction":[{"@type":"ReadAction","target":["https:\/\/solucionescontract.com\/fr\/producto\/lampe-murale-ronde-colby\/"]}]},{"@type":"ImageObject","inLanguage":"fr-FR","@id":"https:\/\/solucionescontract.com\/fr\/producto\/lampe-murale-ronde-colby\/#primaryimage","url":"https:\/\/solucionescontract.com\/wp-content\/uploads\/2020\/12\/Colby-Wall-light-Gold.jpg","contentUrl":"https:\/\/solucionescontract.com\/wp-content\/uploads\/2020\/12\/Colby-Wall-light-Gold.jpg","width":1366,"height":1366},{"@type":"BreadcrumbList","@id":"https:\/\/solucionescontract.com\/fr\/producto\/lampe-murale-ronde-colby\/#breadcrumb","itemListElement":[{"@type":"ListItem","position":1,"name":"Inicio","item":"https:\/\/solucionescontract.com\/"},{"@type":"ListItem","position":2,"name":"Tienda mobiliario contract","item":"https:\/\/solucionescontract.com\/tienda-mobiliario-contract\/"},{"@type":"ListItem","position":3,"name":"\u00c9clairage design","item":"https:\/\/solucionescontract.com\/fr\/categoria-producto\/eclairage-design\/"},{"@type":"ListItem","position":4,"name":"Appliques et plafonniers","item":"https:\/\/solucionescontract.com\/fr\/categoria-producto\/eclairage-design\/appliques-et-plafonniers\/"},{"@type":"ListItem","position":5,"name":"LAMPE MURALE RONDE COLBY"}]},{"@type":"WebSite","@id":"https:\/\/solucionescontract.com\/#website","url":"https:\/\/solucionescontract.com\/","name":"Soluciones Contract","description":"Venta Mobiliario contract de dise\u00f1o","publisher":{"@id":"https:\/\/solucionescontract.com\/#organization"},"potentialAction":[{"@type":"SearchAction","target":{"@type":"EntryPoint","urlTemplate":"https:\/\/solucionescontract.com\/?s={search_term_string}"},"query-input":{"@type":"PropertyValueSpecification","valueRequired":true,"valueName":"search_term_string"}}],"inLanguage":"fr-FR"},{"@type":"Organization","@id":"https:\/\/solucionescontract.com\/#organization","name":"Soluciones Contract","url":"https:\/\/solucionescontract.com\/","logo":{"@type":"ImageObject","inLanguage":"fr-FR","@id":"https:\/\/solucionescontract.com\/#\/schema\/logo\/image\/","url":"https:\/\/solucionescontract.com\/wp-content\/uploads\/2020\/02\/logoSC.jpg","contentUrl":"https:\/\/solucionescontract.com\/wp-content\/uploads\/2020\/02\/logoSC.jpg","width":300,"height":125,"caption":"Soluciones Contract"},"image":{"@id":"https:\/\/solucionescontract.com\/#\/schema\/logo\/image\/"},"sameAs":["https:\/\/www.facebook.com\/solucionescontract\/"]}]}},"_links":{"self":[{"href":"https:\/\/solucionescontract.com\/fr\/wp-json\/wp\/v2\/product\/23804","targetHints":{"allow":["GET"]}}],"collection":[{"href":"https:\/\/solucionescontract.com\/fr\/wp-json\/wp\/v2\/product"}],"about":[{"href":"https:\/\/solucionescontract.com\/fr\/wp-json\/wp\/v2\/types\/product"}],"replies":[{"embeddable":true,"href":"https:\/\/solucionescontract.com\/fr\/wp-json\/wp\/v2\/comments?post=23804"}],"wp:featuredmedia":[{"embeddable":true,"href":"https:\/\/solucionescontract.com\/fr\/wp-json\/wp\/v2\/media\/20697"}],"wp:attachment":[{"href":"https:\/\/solucionescontract.com\/fr\/wp-json\/wp\/v2\/media?parent=23804"}],"wp:term":[{"taxonomy":"product_brand","embeddable":true,"href":"https:\/\/solucionescontract.com\/fr\/wp-json\/wp\/v2\/product_brand?post=23804"},{"taxonomy":"product_cat","embeddable":true,"href":"https:\/\/solucionescontract.com\/fr\/wp-json\/wp\/v2\/product_cat?post=23804"},{"taxonomy":"product_tag","embeddable":true,"href":"https:\/\/solucionescontract.com\/fr\/wp-json\/wp\/v2\/product_tag?post=23804"}],"curies":[{"name":"wp","href":"https:\/\/api.w.org\/{rel}","templated":true}]}}