{"id":23790,"date":"2021-03-03T11:18:23","date_gmt":"2021-03-03T11:18:23","guid":{"rendered":"https:\/\/www.solucionescontract.com\/producto\/set-de-table-basse\/"},"modified":"2021-03-03T11:18:23","modified_gmt":"2021-03-03T11:18:23","slug":"set-de-table-basse","status":"publish","type":"product","link":"https:\/\/solucionescontract.com\/fr\/producto\/set-de-table-basse\/","title":{"rendered":"SET DE TABLE BASSE"},"content":{"rendered":"<p>Ce <strong>set de table basse <\/strong>compos\u00e9 de 2 pi\u00e8ces de diff\u00e9rentes hauteurs et diam\u00e8tres donnera une touche moderne \u00e0 l&rsquo;environnement dans lequel elles se trouvent<\/p>\n<p>Ce sont des pi\u00e8ces fabriqu\u00e9es avec les meilleurs mat\u00e9riaux, ce qui leur conf\u00e8re <strong> une grande r\u00e9sistance et durabilit\u00e9<\/strong>. Gr\u00e2ce \u00e0 cela, ils sont indiqu\u00e9s pour une utilisation contractuelle dans les h\u00f4tels, les salles d&rsquo;attente &#8230; et bien s\u00fbr pour la maison si vous recherchez une pi\u00e8ce avec <strong> design et qualit\u00e9. <\/strong> <\/p>\n<p> Pr\u00e9sente <strong> deux planches circulaires <\/strong> laqu\u00e9es en blanc sur MDF plaqu\u00e9 en bois de h\u00eatre de qualit\u00e9 sup\u00e9rieure, 3 cm d&rsquo;\u00e9paisseur. <\/p>\n<p> <strong> Le pied <\/strong> est compos\u00e9 de trois points de support pour chaque table au moyen de pieds coniques en bois de h\u00eatre massif de premi\u00e8re qualit\u00e9, ancr\u00e9s \u00e0 la partie inf\u00e9rieure du plateau. <\/p>\n<p> Disponibilit\u00e9 d&rsquo;autres finitions, v\u00e9rifiez <a href=\"https:\/\/solucionescontract.com\/producto\/acabados-tm-madera\/\"> ici <\/a> <\/p>\n<p> Mesures: <\/p>\n<p> Table 1:60 * 60 avec une hauteur de 40 cm <\/p>\n<p> Table 2:50 * 50 avec une hauteur de 50cm <\/p>\n<p><\/script><\/p>\n","protected":false},"excerpt":{"rendered":"<ul>\n<li> Ensemble de tables auxiliaires compos\u00e9 de 2 morceaux de plateau circulaire, de diam\u00e8tre et de hauteur diff\u00e9rents. <\/li>\n<li> Pied compos\u00e9 de trois pieds en bois massif avec une finition blanche qui lui donne un design moderne. <\/li>\n<li> Mesures: table basse: hauteur de 40cm et diam\u00e8tre de la table haute de 60cm: hauteur de 50cm et diam\u00e8tre de 50cm <\/li>\n<li> Utilisation en int\u00e9rieur. <\/li>\n<li> Fabrication nationale. <\/li>\n<\/ul>\n<p> Autres finitions disponibles, consultez <a href=\"https:\/\/solucionescontract.com\/producto\/afinishes-tm-wood\/\"> ici <\/a> <\/p>\n<p> &#038; nbsp; <\/p>\n","protected":false},"featured_media":23463,"comment_status":"open","ping_status":"closed","template":"","meta":[],"product_brand":[],"product_cat":[569,571],"product_tag":[655,657,716],"class_list":{"0":"post-23790","1":"product","2":"type-product","3":"status-publish","4":"has-post-thumbnail","6":"product_cat-conception-de-tables","7":"product_cat-mesa-auxiliar-fr","8":"product_tag-interior-fr","9":"product_tag-meubles-auxiliaires","10":"product_tag-mesa-auxiliar-fr","11":"yith_product_brand-tm-sillerias-fr","13":"first","14":"instock","15":"taxable","16":"shipping-taxable","17":"purchasable","18":"product-type-simple"},"yoast_head":"<!-- This site is optimized with the Yoast SEO plugin v27.3 - https:\/\/yoast.com\/product\/yoast-seo-wordpress\/ -->\n<title>SET DE TABLE BASSE - Muebles de dise\u00f1o en Soluciones Contract<\/title>\n<meta name=\"description\" content=\"Compra SET DE TABLE BASSE online en nuestra tienda de muebles Contract. Encuentra el mejor MOBILIARIO DE DISE\u00d1O para Hotel, Hogar y uso comercial. Descubre las mejores marcas en nuestro cat\u00e1logo.\" \/>\n<meta name=\"robots\" content=\"index, follow, max-snippet:-1, max-image-preview:large, max-video-preview:-1\" \/>\n<link rel=\"canonical\" href=\"https:\/\/solucionescontract.com\/fr\/producto\/set-de-table-basse\/\" \/>\n<meta property=\"og:locale\" content=\"fr_FR\" \/>\n<meta property=\"og:type\" content=\"article\" \/>\n<meta property=\"og:title\" content=\"SET DE TABLE BASSE - Muebles de dise\u00f1o en Soluciones Contract\" \/>\n<meta property=\"og:description\" content=\"Compra SET DE TABLE BASSE online en nuestra tienda de muebles Contract. Encuentra el mejor MOBILIARIO DE DISE\u00d1O para Hotel, Hogar y uso comercial. Descubre las mejores marcas en nuestro cat\u00e1logo.\" \/>\n<meta property=\"og:url\" content=\"https:\/\/solucionescontract.com\/fr\/producto\/set-de-table-basse\/\" \/>\n<meta property=\"og:site_name\" content=\"Soluciones Contract\" \/>\n<meta property=\"article:publisher\" content=\"https:\/\/www.facebook.com\/solucionescontract\/\" \/>\n<meta property=\"og:image\" content=\"https:\/\/solucionescontract.com\/wp-content\/uploads\/2021\/03\/conjunto-mesa-tm-.jpg\" \/>\n\t<meta property=\"og:image:width\" content=\"900\" \/>\n\t<meta property=\"og:image:height\" content=\"900\" \/>\n\t<meta property=\"og:image:type\" content=\"image\/jpeg\" \/>\n<meta name=\"twitter:card\" content=\"summary_large_image\" \/>\n<meta name=\"twitter:label1\" content=\"Dur\u00e9e de lecture estim\u00e9e\" \/>\n\t<meta name=\"twitter:data1\" content=\"1 minute\" \/>\n<script type=\"application\/ld+json\" class=\"yoast-schema-graph\">{\"@context\":\"https:\\\/\\\/schema.org\",\"@graph\":[{\"@type\":\"WebPage\",\"@id\":\"https:\\\/\\\/solucionescontract.com\\\/fr\\\/producto\\\/set-de-table-basse\\\/\",\"url\":\"https:\\\/\\\/solucionescontract.com\\\/fr\\\/producto\\\/set-de-table-basse\\\/\",\"name\":\"SET DE TABLE BASSE - Muebles de dise\u00f1o en Soluciones Contract\",\"isPartOf\":{\"@id\":\"https:\\\/\\\/solucionescontract.com\\\/#website\"},\"primaryImageOfPage\":{\"@id\":\"https:\\\/\\\/solucionescontract.com\\\/fr\\\/producto\\\/set-de-table-basse\\\/#primaryimage\"},\"image\":{\"@id\":\"https:\\\/\\\/solucionescontract.com\\\/fr\\\/producto\\\/set-de-table-basse\\\/#primaryimage\"},\"thumbnailUrl\":\"https:\\\/\\\/solucionescontract.com\\\/wp-content\\\/uploads\\\/2021\\\/03\\\/conjunto-mesa-tm-.jpg\",\"datePublished\":\"2021-03-03T11:18:23+00:00\",\"description\":\"Compra SET DE TABLE BASSE online en nuestra tienda de muebles Contract. Encuentra el mejor MOBILIARIO DE DISE\u00d1O para Hotel, Hogar y uso comercial. Descubre las mejores marcas en nuestro cat\u00e1logo.\",\"breadcrumb\":{\"@id\":\"https:\\\/\\\/solucionescontract.com\\\/fr\\\/producto\\\/set-de-table-basse\\\/#breadcrumb\"},\"inLanguage\":\"fr-FR\",\"potentialAction\":[{\"@type\":\"ReadAction\",\"target\":[\"https:\\\/\\\/solucionescontract.com\\\/fr\\\/producto\\\/set-de-table-basse\\\/\"]}]},{\"@type\":\"ImageObject\",\"inLanguage\":\"fr-FR\",\"@id\":\"https:\\\/\\\/solucionescontract.com\\\/fr\\\/producto\\\/set-de-table-basse\\\/#primaryimage\",\"url\":\"https:\\\/\\\/solucionescontract.com\\\/wp-content\\\/uploads\\\/2021\\\/03\\\/conjunto-mesa-tm-.jpg\",\"contentUrl\":\"https:\\\/\\\/solucionescontract.com\\\/wp-content\\\/uploads\\\/2021\\\/03\\\/conjunto-mesa-tm-.jpg\",\"width\":900,\"height\":900},{\"@type\":\"BreadcrumbList\",\"@id\":\"https:\\\/\\\/solucionescontract.com\\\/fr\\\/producto\\\/set-de-table-basse\\\/#breadcrumb\",\"itemListElement\":[{\"@type\":\"ListItem\",\"position\":1,\"name\":\"Inicio\",\"item\":\"https:\\\/\\\/solucionescontract.com\\\/\"},{\"@type\":\"ListItem\",\"position\":2,\"name\":\"Tienda mobiliario contract\",\"item\":\"https:\\\/\\\/solucionescontract.com\\\/tienda-mobiliario-contract\\\/\"},{\"@type\":\"ListItem\",\"position\":3,\"name\":\"Conception de tables\",\"item\":\"https:\\\/\\\/solucionescontract.com\\\/fr\\\/categoria-producto\\\/conception-de-tables\\\/\"},{\"@type\":\"ListItem\",\"position\":4,\"name\":\"Mesa auxiliar\",\"item\":\"https:\\\/\\\/solucionescontract.com\\\/fr\\\/categoria-producto\\\/conception-de-tables\\\/mesa-auxiliar-fr\\\/\"},{\"@type\":\"ListItem\",\"position\":5,\"name\":\"SET DE TABLE BASSE\"}]},{\"@type\":\"WebSite\",\"@id\":\"https:\\\/\\\/solucionescontract.com\\\/#website\",\"url\":\"https:\\\/\\\/solucionescontract.com\\\/\",\"name\":\"Soluciones Contract\",\"description\":\"Venta Mobiliario contract de dise\u00f1o\",\"publisher\":{\"@id\":\"https:\\\/\\\/solucionescontract.com\\\/#organization\"},\"potentialAction\":[{\"@type\":\"SearchAction\",\"target\":{\"@type\":\"EntryPoint\",\"urlTemplate\":\"https:\\\/\\\/solucionescontract.com\\\/?s={search_term_string}\"},\"query-input\":{\"@type\":\"PropertyValueSpecification\",\"valueRequired\":true,\"valueName\":\"search_term_string\"}}],\"inLanguage\":\"fr-FR\"},{\"@type\":\"Organization\",\"@id\":\"https:\\\/\\\/solucionescontract.com\\\/#organization\",\"name\":\"Soluciones Contract\",\"url\":\"https:\\\/\\\/solucionescontract.com\\\/\",\"logo\":{\"@type\":\"ImageObject\",\"inLanguage\":\"fr-FR\",\"@id\":\"https:\\\/\\\/solucionescontract.com\\\/#\\\/schema\\\/logo\\\/image\\\/\",\"url\":\"https:\\\/\\\/solucionescontract.com\\\/wp-content\\\/uploads\\\/2020\\\/02\\\/logoSC.jpg\",\"contentUrl\":\"https:\\\/\\\/solucionescontract.com\\\/wp-content\\\/uploads\\\/2020\\\/02\\\/logoSC.jpg\",\"width\":300,\"height\":125,\"caption\":\"Soluciones Contract\"},\"image\":{\"@id\":\"https:\\\/\\\/solucionescontract.com\\\/#\\\/schema\\\/logo\\\/image\\\/\"},\"sameAs\":[\"https:\\\/\\\/www.facebook.com\\\/solucionescontract\\\/\"]}]}<\/script>\n<!-- \/ Yoast SEO plugin. -->","yoast_head_json":{"title":"SET DE TABLE BASSE - Muebles de dise\u00f1o en Soluciones Contract","description":"Compra SET DE TABLE BASSE online en nuestra tienda de muebles Contract. Encuentra el mejor MOBILIARIO DE DISE\u00d1O para Hotel, Hogar y uso comercial. Descubre las mejores marcas en nuestro cat\u00e1logo.","robots":{"index":"index","follow":"follow","max-snippet":"max-snippet:-1","max-image-preview":"max-image-preview:large","max-video-preview":"max-video-preview:-1"},"canonical":"https:\/\/solucionescontract.com\/fr\/producto\/set-de-table-basse\/","og_locale":"fr_FR","og_type":"article","og_title":"SET DE TABLE BASSE - Muebles de dise\u00f1o en Soluciones Contract","og_description":"Compra SET DE TABLE BASSE online en nuestra tienda de muebles Contract. Encuentra el mejor MOBILIARIO DE DISE\u00d1O para Hotel, Hogar y uso comercial. Descubre las mejores marcas en nuestro cat\u00e1logo.","og_url":"https:\/\/solucionescontract.com\/fr\/producto\/set-de-table-basse\/","og_site_name":"Soluciones Contract","article_publisher":"https:\/\/www.facebook.com\/solucionescontract\/","og_image":[{"width":900,"height":900,"url":"https:\/\/solucionescontract.com\/wp-content\/uploads\/2021\/03\/conjunto-mesa-tm-.jpg","type":"image\/jpeg"}],"twitter_card":"summary_large_image","twitter_misc":{"Dur\u00e9e de lecture estim\u00e9e":"1 minute"},"schema":{"@context":"https:\/\/schema.org","@graph":[{"@type":"WebPage","@id":"https:\/\/solucionescontract.com\/fr\/producto\/set-de-table-basse\/","url":"https:\/\/solucionescontract.com\/fr\/producto\/set-de-table-basse\/","name":"SET DE TABLE BASSE - Muebles de dise\u00f1o en Soluciones Contract","isPartOf":{"@id":"https:\/\/solucionescontract.com\/#website"},"primaryImageOfPage":{"@id":"https:\/\/solucionescontract.com\/fr\/producto\/set-de-table-basse\/#primaryimage"},"image":{"@id":"https:\/\/solucionescontract.com\/fr\/producto\/set-de-table-basse\/#primaryimage"},"thumbnailUrl":"https:\/\/solucionescontract.com\/wp-content\/uploads\/2021\/03\/conjunto-mesa-tm-.jpg","datePublished":"2021-03-03T11:18:23+00:00","description":"Compra SET DE TABLE BASSE online en nuestra tienda de muebles Contract. Encuentra el mejor MOBILIARIO DE DISE\u00d1O para Hotel, Hogar y uso comercial. Descubre las mejores marcas en nuestro cat\u00e1logo.","breadcrumb":{"@id":"https:\/\/solucionescontract.com\/fr\/producto\/set-de-table-basse\/#breadcrumb"},"inLanguage":"fr-FR","potentialAction":[{"@type":"ReadAction","target":["https:\/\/solucionescontract.com\/fr\/producto\/set-de-table-basse\/"]}]},{"@type":"ImageObject","inLanguage":"fr-FR","@id":"https:\/\/solucionescontract.com\/fr\/producto\/set-de-table-basse\/#primaryimage","url":"https:\/\/solucionescontract.com\/wp-content\/uploads\/2021\/03\/conjunto-mesa-tm-.jpg","contentUrl":"https:\/\/solucionescontract.com\/wp-content\/uploads\/2021\/03\/conjunto-mesa-tm-.jpg","width":900,"height":900},{"@type":"BreadcrumbList","@id":"https:\/\/solucionescontract.com\/fr\/producto\/set-de-table-basse\/#breadcrumb","itemListElement":[{"@type":"ListItem","position":1,"name":"Inicio","item":"https:\/\/solucionescontract.com\/"},{"@type":"ListItem","position":2,"name":"Tienda mobiliario contract","item":"https:\/\/solucionescontract.com\/tienda-mobiliario-contract\/"},{"@type":"ListItem","position":3,"name":"Conception de tables","item":"https:\/\/solucionescontract.com\/fr\/categoria-producto\/conception-de-tables\/"},{"@type":"ListItem","position":4,"name":"Mesa auxiliar","item":"https:\/\/solucionescontract.com\/fr\/categoria-producto\/conception-de-tables\/mesa-auxiliar-fr\/"},{"@type":"ListItem","position":5,"name":"SET DE TABLE BASSE"}]},{"@type":"WebSite","@id":"https:\/\/solucionescontract.com\/#website","url":"https:\/\/solucionescontract.com\/","name":"Soluciones Contract","description":"Venta Mobiliario contract de dise\u00f1o","publisher":{"@id":"https:\/\/solucionescontract.com\/#organization"},"potentialAction":[{"@type":"SearchAction","target":{"@type":"EntryPoint","urlTemplate":"https:\/\/solucionescontract.com\/?s={search_term_string}"},"query-input":{"@type":"PropertyValueSpecification","valueRequired":true,"valueName":"search_term_string"}}],"inLanguage":"fr-FR"},{"@type":"Organization","@id":"https:\/\/solucionescontract.com\/#organization","name":"Soluciones Contract","url":"https:\/\/solucionescontract.com\/","logo":{"@type":"ImageObject","inLanguage":"fr-FR","@id":"https:\/\/solucionescontract.com\/#\/schema\/logo\/image\/","url":"https:\/\/solucionescontract.com\/wp-content\/uploads\/2020\/02\/logoSC.jpg","contentUrl":"https:\/\/solucionescontract.com\/wp-content\/uploads\/2020\/02\/logoSC.jpg","width":300,"height":125,"caption":"Soluciones Contract"},"image":{"@id":"https:\/\/solucionescontract.com\/#\/schema\/logo\/image\/"},"sameAs":["https:\/\/www.facebook.com\/solucionescontract\/"]}]}},"_links":{"self":[{"href":"https:\/\/solucionescontract.com\/fr\/wp-json\/wp\/v2\/product\/23790","targetHints":{"allow":["GET"]}}],"collection":[{"href":"https:\/\/solucionescontract.com\/fr\/wp-json\/wp\/v2\/product"}],"about":[{"href":"https:\/\/solucionescontract.com\/fr\/wp-json\/wp\/v2\/types\/product"}],"replies":[{"embeddable":true,"href":"https:\/\/solucionescontract.com\/fr\/wp-json\/wp\/v2\/comments?post=23790"}],"wp:featuredmedia":[{"embeddable":true,"href":"https:\/\/solucionescontract.com\/fr\/wp-json\/wp\/v2\/media\/23463"}],"wp:attachment":[{"href":"https:\/\/solucionescontract.com\/fr\/wp-json\/wp\/v2\/media?parent=23790"}],"wp:term":[{"taxonomy":"product_brand","embeddable":true,"href":"https:\/\/solucionescontract.com\/fr\/wp-json\/wp\/v2\/product_brand?post=23790"},{"taxonomy":"product_cat","embeddable":true,"href":"https:\/\/solucionescontract.com\/fr\/wp-json\/wp\/v2\/product_cat?post=23790"},{"taxonomy":"product_tag","embeddable":true,"href":"https:\/\/solucionescontract.com\/fr\/wp-json\/wp\/v2\/product_tag?post=23790"}],"curies":[{"name":"wp","href":"https:\/\/api.w.org\/{rel}","templated":true}]}}