{"id":23763,"date":"2019-01-29T09:43:36","date_gmt":"2021-03-29T09:43:36","guid":{"rendered":"https:\/\/www.solucionescontract.com\/producto\/canape-lit-nuria\/"},"modified":"2021-03-29T09:43:36","modified_gmt":"2021-03-29T09:43:36","slug":"canape-lit-nuria","status":"publish","type":"product","link":"https:\/\/solucionescontract.com\/fr\/producto\/canape-lit-nuria\/","title":{"rendered":"Canap\u00e9-lit Nuria"},"content":{"rendered":"<p> <strong> Canap\u00e9-lit Nuria <\/strong> avec m\u00e9canisme d&rsquo;ouverture italien, pour un usage professionnel et domestique.<\/p>\n<p> Il a une structure en bois de pin renforc\u00e9e de panneaux de particules recouverts de mousse de polyur\u00e9thane. Suspension au moyen de sangles de la plus haute qualit\u00e9.<\/p>\n<p> Assise remplie de mousse de polyur\u00e9thane 30 kg \/ m3 recouverte de fibre de polyester et d&rsquo;un m\u00e9lange de fibres creuses silicon\u00e9es avec des flocons de polyur\u00e9thane.<\/p>\n<p> Avec base en maille m\u00e9tallique \u00e9lectrosoud\u00e9e et matelas en caoutchouc mousse de 25 kg. rembourr\u00e9, \u00e9paisseur 12 cm.<br \/>\nDimensions du matelas: 140 * 190 cm. Pour d&rsquo;autres mesures, consultez <a href=\"mailto:info@solucionescontract.com\"> ici <\/a> <\/p>\n<p>Coussins de si\u00e8ge, de dossier et de coussins amovibles<\/p>\n<p>En option: bras \u00e9troit de 8 cm. (mesure externe 182 cm.)<a href=\"mailto:info@solucionescontract.com\">, consultez<\/a><\/p>\n<p><a href=\"https:\/\/solucionescontract.com\/wp-content\/uploads\/2021\/03\/sofa-cama-medidas.jpg\"> <img class = \"alignnone size-full wp-image- 23587 \"src =\" https:\/\/solucionescontract.com\/wp-content\/uploads\/2021\/03\/sofa-cama-medidas.jpg \"alt =\" \"width =\" 168 \"height =\" 129 \"\/><\/a><\/p>\n<p><\/script><\/p>\n","protected":false},"excerpt":{"rendered":"<ul>\n<li style = \"text-align: justify;\"> Canap\u00e9 3 places gris ou pierre convertible en lit gr\u00e2ce au m\u00e9canisme de pliage italien. Recommand\u00e9 pour les h\u00f4tels, les appartements et tous les environnements o\u00f9 un lit suppl\u00e9mentaire et une optimisation de l&rsquo;espace sont n\u00e9cessaires.<\/li>\n<li>Structure et cadre en bois de pin de 1\u00e8re qualit\u00e9.<\/li>\n<li>Si\u00e8ge en caoutchouc mousse haute densit\u00e9. Si\u00e8ge ergonomique.<\/li>\n<li>Si\u00e8ge, dossier et coussins amovibles.<\/li>\n<li>Le matelas mesure 140 * 190 cm <strong> * <\/strong> (consulter les autres mesures)<\/li>\n<li><span style = \"font-size: 14pt;\"> <a style = \"color: # 003366;\" href = \"http:\/\/www.solucionescontract.com\/producto\/acabados-tm\/\"> Autres finitions rembourr\u00e9es selon le livre d&rsquo;\u00e9chantillons<\/a><\/span><\/li>\n<\/ul>\n<p>(longe Chaisse en option)<\/p>\n<p>&#038; nbsp;<\/p>\n<p>&#038; nbsp;<\/p>\n","protected":false},"featured_media":23598,"comment_status":"open","ping_status":"closed","template":"","meta":[],"product_brand":[],"product_cat":[635,637],"product_tag":[689],"class_list":{"0":"post-23763","1":"product","2":"type-product","3":"status-publish","4":"has-post-thumbnail","6":"product_cat-canape-lit-dhotel","7":"product_cat-sofas-de-diseno-fr","8":"product_tag-asientos-tapizados-fr","9":"product_shipping_class-gratuit","11":"first","12":"instock","13":"taxable","14":"shipping-taxable","15":"purchasable","16":"product-type-variable"},"yoast_head":"<!-- This site is optimized with the Yoast SEO plugin v27.3 - https:\/\/yoast.com\/product\/yoast-seo-wordpress\/ -->\n<title>Canap\u00e9-lit Nuria - Muebles de dise\u00f1o en Soluciones Contract<\/title>\n<meta name=\"description\" content=\"Compra Canap\u00e9-lit Nuria online en nuestra tienda de muebles Contract. Encuentra el mejor MOBILIARIO DE DISE\u00d1O para Hotel, Hogar y uso comercial. Descubre las mejores marcas en nuestro cat\u00e1logo.\" \/>\n<meta name=\"robots\" content=\"index, follow, max-snippet:-1, max-image-preview:large, max-video-preview:-1\" \/>\n<link rel=\"canonical\" href=\"https:\/\/solucionescontract.com\/fr\/producto\/canape-lit-nuria\/\" \/>\n<meta property=\"og:locale\" content=\"fr_FR\" \/>\n<meta property=\"og:type\" content=\"article\" \/>\n<meta property=\"og:title\" content=\"Canap\u00e9-lit Nuria - Muebles de dise\u00f1o en Soluciones Contract\" \/>\n<meta property=\"og:description\" content=\"Compra Canap\u00e9-lit Nuria online en nuestra tienda de muebles Contract. Encuentra el mejor MOBILIARIO DE DISE\u00d1O para Hotel, Hogar y uso comercial. Descubre las mejores marcas en nuestro cat\u00e1logo.\" \/>\n<meta property=\"og:url\" content=\"https:\/\/solucionescontract.com\/fr\/producto\/canape-lit-nuria\/\" \/>\n<meta property=\"og:site_name\" content=\"Soluciones Contract\" \/>\n<meta property=\"article:publisher\" content=\"https:\/\/www.facebook.com\/solucionescontract\/\" \/>\n<meta property=\"og:image\" content=\"https:\/\/solucionescontract.com\/wp-content\/uploads\/2021\/03\/sofa-cama-nuria.jpg\" \/>\n\t<meta property=\"og:image:width\" content=\"759\" \/>\n\t<meta property=\"og:image:height\" content=\"759\" \/>\n\t<meta property=\"og:image:type\" content=\"image\/jpeg\" \/>\n<meta name=\"twitter:card\" content=\"summary_large_image\" \/>\n<meta name=\"twitter:label1\" content=\"Dur\u00e9e de lecture estim\u00e9e\" \/>\n\t<meta name=\"twitter:data1\" content=\"1 minute\" \/>\n<script type=\"application\/ld+json\" class=\"yoast-schema-graph\">{\"@context\":\"https:\\\/\\\/schema.org\",\"@graph\":[{\"@type\":\"WebPage\",\"@id\":\"https:\\\/\\\/solucionescontract.com\\\/fr\\\/producto\\\/canape-lit-nuria\\\/\",\"url\":\"https:\\\/\\\/solucionescontract.com\\\/fr\\\/producto\\\/canape-lit-nuria\\\/\",\"name\":\"Canap\u00e9-lit Nuria - Muebles de dise\u00f1o en Soluciones Contract\",\"isPartOf\":{\"@id\":\"https:\\\/\\\/solucionescontract.com\\\/#website\"},\"primaryImageOfPage\":{\"@id\":\"https:\\\/\\\/solucionescontract.com\\\/fr\\\/producto\\\/canape-lit-nuria\\\/#primaryimage\"},\"image\":{\"@id\":\"https:\\\/\\\/solucionescontract.com\\\/fr\\\/producto\\\/canape-lit-nuria\\\/#primaryimage\"},\"thumbnailUrl\":\"https:\\\/\\\/solucionescontract.com\\\/wp-content\\\/uploads\\\/2021\\\/03\\\/sofa-cama-nuria.jpg\",\"datePublished\":\"2021-03-29T09:43:36+00:00\",\"description\":\"Compra Canap\u00e9-lit Nuria online en nuestra tienda de muebles Contract. Encuentra el mejor MOBILIARIO DE DISE\u00d1O para Hotel, Hogar y uso comercial. Descubre las mejores marcas en nuestro cat\u00e1logo.\",\"breadcrumb\":{\"@id\":\"https:\\\/\\\/solucionescontract.com\\\/fr\\\/producto\\\/canape-lit-nuria\\\/#breadcrumb\"},\"inLanguage\":\"fr-FR\",\"potentialAction\":[{\"@type\":\"ReadAction\",\"target\":[\"https:\\\/\\\/solucionescontract.com\\\/fr\\\/producto\\\/canape-lit-nuria\\\/\"]}]},{\"@type\":\"ImageObject\",\"inLanguage\":\"fr-FR\",\"@id\":\"https:\\\/\\\/solucionescontract.com\\\/fr\\\/producto\\\/canape-lit-nuria\\\/#primaryimage\",\"url\":\"https:\\\/\\\/solucionescontract.com\\\/wp-content\\\/uploads\\\/2021\\\/03\\\/sofa-cama-nuria.jpg\",\"contentUrl\":\"https:\\\/\\\/solucionescontract.com\\\/wp-content\\\/uploads\\\/2021\\\/03\\\/sofa-cama-nuria.jpg\",\"width\":759,\"height\":759},{\"@type\":\"BreadcrumbList\",\"@id\":\"https:\\\/\\\/solucionescontract.com\\\/fr\\\/producto\\\/canape-lit-nuria\\\/#breadcrumb\",\"itemListElement\":[{\"@type\":\"ListItem\",\"position\":1,\"name\":\"Inicio\",\"item\":\"https:\\\/\\\/solucionescontract.com\\\/\"},{\"@type\":\"ListItem\",\"position\":2,\"name\":\"Tienda mobiliario contract\",\"item\":\"https:\\\/\\\/solucionescontract.com\\\/tienda-mobiliario-contract\\\/\"},{\"@type\":\"ListItem\",\"position\":3,\"name\":\"Canap\u00e9-lit d'h\u00f4tel\",\"item\":\"https:\\\/\\\/solucionescontract.com\\\/fr\\\/categoria-producto\\\/canape-lit-dhotel\\\/\"},{\"@type\":\"ListItem\",\"position\":4,\"name\":\"Canap\u00e9-lit Nuria\"}]},{\"@type\":\"WebSite\",\"@id\":\"https:\\\/\\\/solucionescontract.com\\\/#website\",\"url\":\"https:\\\/\\\/solucionescontract.com\\\/\",\"name\":\"Soluciones Contract\",\"description\":\"Venta Mobiliario contract de dise\u00f1o\",\"publisher\":{\"@id\":\"https:\\\/\\\/solucionescontract.com\\\/#organization\"},\"potentialAction\":[{\"@type\":\"SearchAction\",\"target\":{\"@type\":\"EntryPoint\",\"urlTemplate\":\"https:\\\/\\\/solucionescontract.com\\\/?s={search_term_string}\"},\"query-input\":{\"@type\":\"PropertyValueSpecification\",\"valueRequired\":true,\"valueName\":\"search_term_string\"}}],\"inLanguage\":\"fr-FR\"},{\"@type\":\"Organization\",\"@id\":\"https:\\\/\\\/solucionescontract.com\\\/#organization\",\"name\":\"Soluciones Contract\",\"url\":\"https:\\\/\\\/solucionescontract.com\\\/\",\"logo\":{\"@type\":\"ImageObject\",\"inLanguage\":\"fr-FR\",\"@id\":\"https:\\\/\\\/solucionescontract.com\\\/#\\\/schema\\\/logo\\\/image\\\/\",\"url\":\"https:\\\/\\\/solucionescontract.com\\\/wp-content\\\/uploads\\\/2020\\\/02\\\/logoSC.jpg\",\"contentUrl\":\"https:\\\/\\\/solucionescontract.com\\\/wp-content\\\/uploads\\\/2020\\\/02\\\/logoSC.jpg\",\"width\":300,\"height\":125,\"caption\":\"Soluciones Contract\"},\"image\":{\"@id\":\"https:\\\/\\\/solucionescontract.com\\\/#\\\/schema\\\/logo\\\/image\\\/\"},\"sameAs\":[\"https:\\\/\\\/www.facebook.com\\\/solucionescontract\\\/\"]}]}<\/script>\n<!-- \/ Yoast SEO plugin. -->","yoast_head_json":{"title":"Canap\u00e9-lit Nuria - Muebles de dise\u00f1o en Soluciones Contract","description":"Compra Canap\u00e9-lit Nuria online en nuestra tienda de muebles Contract. Encuentra el mejor MOBILIARIO DE DISE\u00d1O para Hotel, Hogar y uso comercial. Descubre las mejores marcas en nuestro cat\u00e1logo.","robots":{"index":"index","follow":"follow","max-snippet":"max-snippet:-1","max-image-preview":"max-image-preview:large","max-video-preview":"max-video-preview:-1"},"canonical":"https:\/\/solucionescontract.com\/fr\/producto\/canape-lit-nuria\/","og_locale":"fr_FR","og_type":"article","og_title":"Canap\u00e9-lit Nuria - Muebles de dise\u00f1o en Soluciones Contract","og_description":"Compra Canap\u00e9-lit Nuria online en nuestra tienda de muebles Contract. Encuentra el mejor MOBILIARIO DE DISE\u00d1O para Hotel, Hogar y uso comercial. Descubre las mejores marcas en nuestro cat\u00e1logo.","og_url":"https:\/\/solucionescontract.com\/fr\/producto\/canape-lit-nuria\/","og_site_name":"Soluciones Contract","article_publisher":"https:\/\/www.facebook.com\/solucionescontract\/","og_image":[{"width":759,"height":759,"url":"https:\/\/solucionescontract.com\/wp-content\/uploads\/2021\/03\/sofa-cama-nuria.jpg","type":"image\/jpeg"}],"twitter_card":"summary_large_image","twitter_misc":{"Dur\u00e9e de lecture estim\u00e9e":"1 minute"},"schema":{"@context":"https:\/\/schema.org","@graph":[{"@type":"WebPage","@id":"https:\/\/solucionescontract.com\/fr\/producto\/canape-lit-nuria\/","url":"https:\/\/solucionescontract.com\/fr\/producto\/canape-lit-nuria\/","name":"Canap\u00e9-lit Nuria - Muebles de dise\u00f1o en Soluciones Contract","isPartOf":{"@id":"https:\/\/solucionescontract.com\/#website"},"primaryImageOfPage":{"@id":"https:\/\/solucionescontract.com\/fr\/producto\/canape-lit-nuria\/#primaryimage"},"image":{"@id":"https:\/\/solucionescontract.com\/fr\/producto\/canape-lit-nuria\/#primaryimage"},"thumbnailUrl":"https:\/\/solucionescontract.com\/wp-content\/uploads\/2021\/03\/sofa-cama-nuria.jpg","datePublished":"2021-03-29T09:43:36+00:00","description":"Compra Canap\u00e9-lit Nuria online en nuestra tienda de muebles Contract. Encuentra el mejor MOBILIARIO DE DISE\u00d1O para Hotel, Hogar y uso comercial. Descubre las mejores marcas en nuestro cat\u00e1logo.","breadcrumb":{"@id":"https:\/\/solucionescontract.com\/fr\/producto\/canape-lit-nuria\/#breadcrumb"},"inLanguage":"fr-FR","potentialAction":[{"@type":"ReadAction","target":["https:\/\/solucionescontract.com\/fr\/producto\/canape-lit-nuria\/"]}]},{"@type":"ImageObject","inLanguage":"fr-FR","@id":"https:\/\/solucionescontract.com\/fr\/producto\/canape-lit-nuria\/#primaryimage","url":"https:\/\/solucionescontract.com\/wp-content\/uploads\/2021\/03\/sofa-cama-nuria.jpg","contentUrl":"https:\/\/solucionescontract.com\/wp-content\/uploads\/2021\/03\/sofa-cama-nuria.jpg","width":759,"height":759},{"@type":"BreadcrumbList","@id":"https:\/\/solucionescontract.com\/fr\/producto\/canape-lit-nuria\/#breadcrumb","itemListElement":[{"@type":"ListItem","position":1,"name":"Inicio","item":"https:\/\/solucionescontract.com\/"},{"@type":"ListItem","position":2,"name":"Tienda mobiliario contract","item":"https:\/\/solucionescontract.com\/tienda-mobiliario-contract\/"},{"@type":"ListItem","position":3,"name":"Canap\u00e9-lit d'h\u00f4tel","item":"https:\/\/solucionescontract.com\/fr\/categoria-producto\/canape-lit-dhotel\/"},{"@type":"ListItem","position":4,"name":"Canap\u00e9-lit Nuria"}]},{"@type":"WebSite","@id":"https:\/\/solucionescontract.com\/#website","url":"https:\/\/solucionescontract.com\/","name":"Soluciones Contract","description":"Venta Mobiliario contract de dise\u00f1o","publisher":{"@id":"https:\/\/solucionescontract.com\/#organization"},"potentialAction":[{"@type":"SearchAction","target":{"@type":"EntryPoint","urlTemplate":"https:\/\/solucionescontract.com\/?s={search_term_string}"},"query-input":{"@type":"PropertyValueSpecification","valueRequired":true,"valueName":"search_term_string"}}],"inLanguage":"fr-FR"},{"@type":"Organization","@id":"https:\/\/solucionescontract.com\/#organization","name":"Soluciones Contract","url":"https:\/\/solucionescontract.com\/","logo":{"@type":"ImageObject","inLanguage":"fr-FR","@id":"https:\/\/solucionescontract.com\/#\/schema\/logo\/image\/","url":"https:\/\/solucionescontract.com\/wp-content\/uploads\/2020\/02\/logoSC.jpg","contentUrl":"https:\/\/solucionescontract.com\/wp-content\/uploads\/2020\/02\/logoSC.jpg","width":300,"height":125,"caption":"Soluciones Contract"},"image":{"@id":"https:\/\/solucionescontract.com\/#\/schema\/logo\/image\/"},"sameAs":["https:\/\/www.facebook.com\/solucionescontract\/"]}]}},"_links":{"self":[{"href":"https:\/\/solucionescontract.com\/fr\/wp-json\/wp\/v2\/product\/23763","targetHints":{"allow":["GET"]}}],"collection":[{"href":"https:\/\/solucionescontract.com\/fr\/wp-json\/wp\/v2\/product"}],"about":[{"href":"https:\/\/solucionescontract.com\/fr\/wp-json\/wp\/v2\/types\/product"}],"replies":[{"embeddable":true,"href":"https:\/\/solucionescontract.com\/fr\/wp-json\/wp\/v2\/comments?post=23763"}],"wp:featuredmedia":[{"embeddable":true,"href":"https:\/\/solucionescontract.com\/fr\/wp-json\/wp\/v2\/media\/23598"}],"wp:attachment":[{"href":"https:\/\/solucionescontract.com\/fr\/wp-json\/wp\/v2\/media?parent=23763"}],"wp:term":[{"taxonomy":"product_brand","embeddable":true,"href":"https:\/\/solucionescontract.com\/fr\/wp-json\/wp\/v2\/product_brand?post=23763"},{"taxonomy":"product_cat","embeddable":true,"href":"https:\/\/solucionescontract.com\/fr\/wp-json\/wp\/v2\/product_cat?post=23763"},{"taxonomy":"product_tag","embeddable":true,"href":"https:\/\/solucionescontract.com\/fr\/wp-json\/wp\/v2\/product_tag?post=23763"}],"curies":[{"name":"wp","href":"https:\/\/api.w.org\/{rel}","templated":true}]}}