{"id":23735,"date":"2021-04-12T10:42:35","date_gmt":"2021-04-12T10:42:35","guid":{"rendered":"https:\/\/www.solucionescontract.com\/producto\/table-de-nuit-pied-metallique\/"},"modified":"2021-04-12T10:42:35","modified_gmt":"2021-04-12T10:42:35","slug":"table-de-nuit-pied-metallique","status":"publish","type":"product","link":"https:\/\/solucionescontract.com\/fr\/producto\/table-de-nuit-pied-metallique\/","title":{"rendered":"TABLE DE NUIT PIED M\u00c9TALLIQUE"},"content":{"rendered":"<p>Table de chevet en panneau m\u00e9lamin\u00e9. L&rsquo;\u00e9paisseur du panneau est de 30 mm pour les c\u00f4t\u00e9s et les portes en 19 mm avec des bords en abs.<\/p>\n<p>Pieds de type cadre de 12 mm de hauteur.<\/p>\n<p>Les charni\u00e8res et les bases m\u00e9talliques sont r\u00e9glables pour un assemblage rapide et une r\u00e9tention coussin\u00e9e<\/p>\n<p>Finition de la poign\u00e9e en onyx, \u00e9galement disponible en carrelage ou en zinc. Pour plus d&rsquo;informations, consultez <a href=\"mailto:info@solucionescontract.com\">ici<\/a><\/p>\n<p>Finition combin\u00e9e r\u00e9f: Oslo-alaska. Pour d&rsquo;autres finitions, consultez<a href=\"mailto:info@solucionescontract.com\"> ici<\/a><\/p>\n<p>Diff\u00e9rentes mesures disponibles en largeur.<\/p>\n<p><a href=\"https:\/\/solucionescontract.com\/wp-content\/uploads\/2021\/04\/Captura.jpg\"> <img class = \"alignnone size-full wp-image-23684\" src = \"https:\/\/solucionescontract.com\/wp-content\/uploads\/2021\/04\/Captura.jpg\" alt = \"\" width = \"129\" height = \"87\" \/> <\/a><\/p>\n<p><a href=\"https:\/\/solucionescontract.com\/wp-content\/uploads\/2021\/04\/apertura.jpg\"> <img class = \"alignnone wp-image-23688 size-medium\" src = \"https:\/\/solucionescontract.com\/wp-content\/uploads\/2021\/04\/apertura-300x123.jpg\" alt = \"\" width = \"300\" height = \"123\"\/><\/a><\/p>\n<p><\/script><\/p>\n","protected":false},"excerpt":{"rendered":"<ul>\n<li>Buffet avec porte lat\u00e9rale et pied en m\u00e9tal qui donnent \u00e0 la pi\u00e8ce un design tr\u00e8s moderne.<\/li>\n<li>Fabriqu\u00e9 avec un panneau de m\u00e9lamine de 30 mm d&rsquo;\u00e9paisseur sur les c\u00f4t\u00e9s et les bords en ABS<\/li>\n<li>Il est livr\u00e9 avec un pied de type cadre, avec une finition onyx. Autres mod\u00e8les disponibles <a href=\"mailto:info@solucionescontract.com\"> consulter.<\/a><\/li>\n<li>Poign\u00e9e finition onyx et fermetures matelass\u00e9es.<\/li>\n<li>Disponible en diff\u00e9rentes tailles<\/li>\n<li>Fabrication nationale<\/li>\n<li>Utilisation en int\u00e9rieur<\/li>\n<li>Finition photo: combinaison Oslo-Alaska<\/li>\n<\/ul>\n","protected":false},"featured_media":23683,"comment_status":"open","ping_status":"closed","template":"","meta":[],"product_brand":[],"product_cat":[621,614,579],"product_tag":[655,657],"class_list":{"0":"post-23735","1":"product","2":"type-product","3":"status-publish","4":"has-post-thumbnail","6":"product_cat-meubles-auxiliaires","7":"product_cat-meubles-et-accessoires","8":"product_cat-table-de-nuit","9":"product_tag-interior-fr","10":"product_tag-meubles-auxiliaires","11":"product_shipping_class-gratuit","13":"first","14":"instock","15":"taxable","16":"shipping-taxable","17":"purchasable","18":"product-type-variable"},"yoast_head":"<!-- This site is optimized with the Yoast SEO plugin v27.3 - https:\/\/yoast.com\/product\/yoast-seo-wordpress\/ -->\n<title>TABLE DE NUIT PIED M\u00c9TALLIQUE - Muebles de dise\u00f1o en Soluciones Contract<\/title>\n<meta name=\"description\" content=\"Compra TABLE DE NUIT PIED M\u00c9TALLIQUE online en nuestra tienda de muebles Contract. Encuentra el mejor MOBILIARIO DE DISE\u00d1O para Hotel, Hogar y uso comercial. Descubre las mejores marcas en nuestro cat\u00e1logo.\" \/>\n<meta name=\"robots\" content=\"index, follow, max-snippet:-1, max-image-preview:large, max-video-preview:-1\" \/>\n<link rel=\"canonical\" href=\"https:\/\/solucionescontract.com\/producto\/mesilla-de-noche-pata-metalica\/\" \/>\n<meta property=\"og:locale\" content=\"fr_FR\" \/>\n<meta property=\"og:type\" content=\"article\" \/>\n<meta property=\"og:title\" content=\"TABLE DE NUIT PIED M\u00c9TALLIQUE - Muebles de dise\u00f1o en Soluciones Contract\" \/>\n<meta property=\"og:description\" content=\"Compra TABLE DE NUIT PIED M\u00c9TALLIQUE online en nuestra tienda de muebles Contract. Encuentra el mejor MOBILIARIO DE DISE\u00d1O para Hotel, Hogar y uso comercial. Descubre las mejores marcas en nuestro cat\u00e1logo.\" \/>\n<meta property=\"og:url\" content=\"https:\/\/solucionescontract.com\/producto\/mesilla-de-noche-pata-metalica\/\" \/>\n<meta property=\"og:site_name\" content=\"Soluciones Contract\" \/>\n<meta property=\"article:publisher\" content=\"https:\/\/www.facebook.com\/solucionescontract\/\" \/>\n<meta property=\"og:image\" content=\"https:\/\/solucionescontract.com\/wp-content\/uploads\/2021\/04\/mesilla.jpg\" \/>\n\t<meta property=\"og:image:width\" content=\"895\" \/>\n\t<meta property=\"og:image:height\" content=\"895\" \/>\n\t<meta property=\"og:image:type\" content=\"image\/jpeg\" \/>\n<meta name=\"twitter:card\" content=\"summary_large_image\" \/>\n<script type=\"application\/ld+json\" class=\"yoast-schema-graph\">{\"@context\":\"https:\\\/\\\/schema.org\",\"@graph\":[{\"@type\":\"WebPage\",\"@id\":\"https:\\\/\\\/solucionescontract.com\\\/producto\\\/mesilla-de-noche-pata-metalica\\\/\",\"url\":\"https:\\\/\\\/solucionescontract.com\\\/producto\\\/mesilla-de-noche-pata-metalica\\\/\",\"name\":\"TABLE DE NUIT PIED M\u00c9TALLIQUE - Muebles de dise\u00f1o en Soluciones Contract\",\"isPartOf\":{\"@id\":\"https:\\\/\\\/solucionescontract.com\\\/#website\"},\"primaryImageOfPage\":{\"@id\":\"https:\\\/\\\/solucionescontract.com\\\/producto\\\/mesilla-de-noche-pata-metalica\\\/#primaryimage\"},\"image\":{\"@id\":\"https:\\\/\\\/solucionescontract.com\\\/producto\\\/mesilla-de-noche-pata-metalica\\\/#primaryimage\"},\"thumbnailUrl\":\"https:\\\/\\\/solucionescontract.com\\\/wp-content\\\/uploads\\\/2021\\\/04\\\/mesilla.jpg\",\"datePublished\":\"2021-04-12T10:42:35+00:00\",\"description\":\"Compra TABLE DE NUIT PIED M\u00c9TALLIQUE online en nuestra tienda de muebles Contract. Encuentra el mejor MOBILIARIO DE DISE\u00d1O para Hotel, Hogar y uso comercial. Descubre las mejores marcas en nuestro cat\u00e1logo.\",\"breadcrumb\":{\"@id\":\"https:\\\/\\\/solucionescontract.com\\\/producto\\\/mesilla-de-noche-pata-metalica\\\/#breadcrumb\"},\"inLanguage\":\"fr-FR\",\"potentialAction\":[{\"@type\":\"ReadAction\",\"target\":[\"https:\\\/\\\/solucionescontract.com\\\/producto\\\/mesilla-de-noche-pata-metalica\\\/\"]}]},{\"@type\":\"ImageObject\",\"inLanguage\":\"fr-FR\",\"@id\":\"https:\\\/\\\/solucionescontract.com\\\/producto\\\/mesilla-de-noche-pata-metalica\\\/#primaryimage\",\"url\":\"https:\\\/\\\/solucionescontract.com\\\/wp-content\\\/uploads\\\/2021\\\/04\\\/mesilla.jpg\",\"contentUrl\":\"https:\\\/\\\/solucionescontract.com\\\/wp-content\\\/uploads\\\/2021\\\/04\\\/mesilla.jpg\",\"width\":895,\"height\":895,\"caption\":\"mesilla.noche.\"},{\"@type\":\"BreadcrumbList\",\"@id\":\"https:\\\/\\\/solucionescontract.com\\\/producto\\\/mesilla-de-noche-pata-metalica\\\/#breadcrumb\",\"itemListElement\":[{\"@type\":\"ListItem\",\"position\":1,\"name\":\"Inicio\",\"item\":\"https:\\\/\\\/solucionescontract.com\\\/\"},{\"@type\":\"ListItem\",\"position\":2,\"name\":\"Tienda mobiliario contract\",\"item\":\"https:\\\/\\\/solucionescontract.com\\\/tienda-mobiliario-contract\\\/\"},{\"@type\":\"ListItem\",\"position\":3,\"name\":\"Mueble y complementos\",\"item\":\"https:\\\/\\\/solucionescontract.com\\\/categoria-producto\\\/mueble-y-complementos\\\/\"},{\"@type\":\"ListItem\",\"position\":4,\"name\":\"Mueble auxiliar\",\"item\":\"https:\\\/\\\/solucionescontract.com\\\/categoria-producto\\\/mueble-y-complementos\\\/mueble-auxiliar\\\/\"},{\"@type\":\"ListItem\",\"position\":5,\"name\":\"Mesilla de noche\",\"item\":\"https:\\\/\\\/solucionescontract.com\\\/categoria-producto\\\/mueble-y-complementos\\\/mueble-auxiliar\\\/mesilla-de-noche\\\/\"},{\"@type\":\"ListItem\",\"position\":6,\"name\":\"TABLE DE NUIT PIED M\u00c9TALLIQUE\"}]},{\"@type\":\"WebSite\",\"@id\":\"https:\\\/\\\/solucionescontract.com\\\/#website\",\"url\":\"https:\\\/\\\/solucionescontract.com\\\/\",\"name\":\"Soluciones Contract\",\"description\":\"Venta Mobiliario contract de dise\u00f1o\",\"publisher\":{\"@id\":\"https:\\\/\\\/solucionescontract.com\\\/#organization\"},\"potentialAction\":[{\"@type\":\"SearchAction\",\"target\":{\"@type\":\"EntryPoint\",\"urlTemplate\":\"https:\\\/\\\/solucionescontract.com\\\/?s={search_term_string}\"},\"query-input\":{\"@type\":\"PropertyValueSpecification\",\"valueRequired\":true,\"valueName\":\"search_term_string\"}}],\"inLanguage\":\"fr-FR\"},{\"@type\":\"Organization\",\"@id\":\"https:\\\/\\\/solucionescontract.com\\\/#organization\",\"name\":\"Soluciones Contract\",\"url\":\"https:\\\/\\\/solucionescontract.com\\\/\",\"logo\":{\"@type\":\"ImageObject\",\"inLanguage\":\"fr-FR\",\"@id\":\"https:\\\/\\\/solucionescontract.com\\\/#\\\/schema\\\/logo\\\/image\\\/\",\"url\":\"https:\\\/\\\/solucionescontract.com\\\/wp-content\\\/uploads\\\/2020\\\/02\\\/logoSC.jpg\",\"contentUrl\":\"https:\\\/\\\/solucionescontract.com\\\/wp-content\\\/uploads\\\/2020\\\/02\\\/logoSC.jpg\",\"width\":300,\"height\":125,\"caption\":\"Soluciones Contract\"},\"image\":{\"@id\":\"https:\\\/\\\/solucionescontract.com\\\/#\\\/schema\\\/logo\\\/image\\\/\"},\"sameAs\":[\"https:\\\/\\\/www.facebook.com\\\/solucionescontract\\\/\"]}]}<\/script>\n<!-- \/ Yoast SEO plugin. -->","yoast_head_json":{"title":"TABLE DE NUIT PIED M\u00c9TALLIQUE - Muebles de dise\u00f1o en Soluciones Contract","description":"Compra TABLE DE NUIT PIED M\u00c9TALLIQUE online en nuestra tienda de muebles Contract. Encuentra el mejor MOBILIARIO DE DISE\u00d1O para Hotel, Hogar y uso comercial. Descubre las mejores marcas en nuestro cat\u00e1logo.","robots":{"index":"index","follow":"follow","max-snippet":"max-snippet:-1","max-image-preview":"max-image-preview:large","max-video-preview":"max-video-preview:-1"},"canonical":"https:\/\/solucionescontract.com\/producto\/mesilla-de-noche-pata-metalica\/","og_locale":"fr_FR","og_type":"article","og_title":"TABLE DE NUIT PIED M\u00c9TALLIQUE - Muebles de dise\u00f1o en Soluciones Contract","og_description":"Compra TABLE DE NUIT PIED M\u00c9TALLIQUE online en nuestra tienda de muebles Contract. Encuentra el mejor MOBILIARIO DE DISE\u00d1O para Hotel, Hogar y uso comercial. Descubre las mejores marcas en nuestro cat\u00e1logo.","og_url":"https:\/\/solucionescontract.com\/producto\/mesilla-de-noche-pata-metalica\/","og_site_name":"Soluciones Contract","article_publisher":"https:\/\/www.facebook.com\/solucionescontract\/","og_image":[{"width":895,"height":895,"url":"https:\/\/solucionescontract.com\/wp-content\/uploads\/2021\/04\/mesilla.jpg","type":"image\/jpeg"}],"twitter_card":"summary_large_image","schema":{"@context":"https:\/\/schema.org","@graph":[{"@type":"WebPage","@id":"https:\/\/solucionescontract.com\/producto\/mesilla-de-noche-pata-metalica\/","url":"https:\/\/solucionescontract.com\/producto\/mesilla-de-noche-pata-metalica\/","name":"TABLE DE NUIT PIED M\u00c9TALLIQUE - Muebles de dise\u00f1o en Soluciones Contract","isPartOf":{"@id":"https:\/\/solucionescontract.com\/#website"},"primaryImageOfPage":{"@id":"https:\/\/solucionescontract.com\/producto\/mesilla-de-noche-pata-metalica\/#primaryimage"},"image":{"@id":"https:\/\/solucionescontract.com\/producto\/mesilla-de-noche-pata-metalica\/#primaryimage"},"thumbnailUrl":"https:\/\/solucionescontract.com\/wp-content\/uploads\/2021\/04\/mesilla.jpg","datePublished":"2021-04-12T10:42:35+00:00","description":"Compra TABLE DE NUIT PIED M\u00c9TALLIQUE online en nuestra tienda de muebles Contract. Encuentra el mejor MOBILIARIO DE DISE\u00d1O para Hotel, Hogar y uso comercial. Descubre las mejores marcas en nuestro cat\u00e1logo.","breadcrumb":{"@id":"https:\/\/solucionescontract.com\/producto\/mesilla-de-noche-pata-metalica\/#breadcrumb"},"inLanguage":"fr-FR","potentialAction":[{"@type":"ReadAction","target":["https:\/\/solucionescontract.com\/producto\/mesilla-de-noche-pata-metalica\/"]}]},{"@type":"ImageObject","inLanguage":"fr-FR","@id":"https:\/\/solucionescontract.com\/producto\/mesilla-de-noche-pata-metalica\/#primaryimage","url":"https:\/\/solucionescontract.com\/wp-content\/uploads\/2021\/04\/mesilla.jpg","contentUrl":"https:\/\/solucionescontract.com\/wp-content\/uploads\/2021\/04\/mesilla.jpg","width":895,"height":895,"caption":"mesilla.noche."},{"@type":"BreadcrumbList","@id":"https:\/\/solucionescontract.com\/producto\/mesilla-de-noche-pata-metalica\/#breadcrumb","itemListElement":[{"@type":"ListItem","position":1,"name":"Inicio","item":"https:\/\/solucionescontract.com\/"},{"@type":"ListItem","position":2,"name":"Tienda mobiliario contract","item":"https:\/\/solucionescontract.com\/tienda-mobiliario-contract\/"},{"@type":"ListItem","position":3,"name":"Mueble y complementos","item":"https:\/\/solucionescontract.com\/categoria-producto\/mueble-y-complementos\/"},{"@type":"ListItem","position":4,"name":"Mueble auxiliar","item":"https:\/\/solucionescontract.com\/categoria-producto\/mueble-y-complementos\/mueble-auxiliar\/"},{"@type":"ListItem","position":5,"name":"Mesilla de noche","item":"https:\/\/solucionescontract.com\/categoria-producto\/mueble-y-complementos\/mueble-auxiliar\/mesilla-de-noche\/"},{"@type":"ListItem","position":6,"name":"TABLE DE NUIT PIED M\u00c9TALLIQUE"}]},{"@type":"WebSite","@id":"https:\/\/solucionescontract.com\/#website","url":"https:\/\/solucionescontract.com\/","name":"Soluciones Contract","description":"Venta Mobiliario contract de dise\u00f1o","publisher":{"@id":"https:\/\/solucionescontract.com\/#organization"},"potentialAction":[{"@type":"SearchAction","target":{"@type":"EntryPoint","urlTemplate":"https:\/\/solucionescontract.com\/?s={search_term_string}"},"query-input":{"@type":"PropertyValueSpecification","valueRequired":true,"valueName":"search_term_string"}}],"inLanguage":"fr-FR"},{"@type":"Organization","@id":"https:\/\/solucionescontract.com\/#organization","name":"Soluciones Contract","url":"https:\/\/solucionescontract.com\/","logo":{"@type":"ImageObject","inLanguage":"fr-FR","@id":"https:\/\/solucionescontract.com\/#\/schema\/logo\/image\/","url":"https:\/\/solucionescontract.com\/wp-content\/uploads\/2020\/02\/logoSC.jpg","contentUrl":"https:\/\/solucionescontract.com\/wp-content\/uploads\/2020\/02\/logoSC.jpg","width":300,"height":125,"caption":"Soluciones Contract"},"image":{"@id":"https:\/\/solucionescontract.com\/#\/schema\/logo\/image\/"},"sameAs":["https:\/\/www.facebook.com\/solucionescontract\/"]}]}},"_links":{"self":[{"href":"https:\/\/solucionescontract.com\/fr\/wp-json\/wp\/v2\/product\/23735","targetHints":{"allow":["GET"]}}],"collection":[{"href":"https:\/\/solucionescontract.com\/fr\/wp-json\/wp\/v2\/product"}],"about":[{"href":"https:\/\/solucionescontract.com\/fr\/wp-json\/wp\/v2\/types\/product"}],"replies":[{"embeddable":true,"href":"https:\/\/solucionescontract.com\/fr\/wp-json\/wp\/v2\/comments?post=23735"}],"wp:featuredmedia":[{"embeddable":true,"href":"https:\/\/solucionescontract.com\/fr\/wp-json\/wp\/v2\/media\/23683"}],"wp:attachment":[{"href":"https:\/\/solucionescontract.com\/fr\/wp-json\/wp\/v2\/media?parent=23735"}],"wp:term":[{"taxonomy":"product_brand","embeddable":true,"href":"https:\/\/solucionescontract.com\/fr\/wp-json\/wp\/v2\/product_brand?post=23735"},{"taxonomy":"product_cat","embeddable":true,"href":"https:\/\/solucionescontract.com\/fr\/wp-json\/wp\/v2\/product_cat?post=23735"},{"taxonomy":"product_tag","embeddable":true,"href":"https:\/\/solucionescontract.com\/fr\/wp-json\/wp\/v2\/product_tag?post=23735"}],"curies":[{"name":"wp","href":"https:\/\/api.w.org\/{rel}","templated":true}]}}