{"id":23218,"date":"2018-11-17T17:19:59","date_gmt":"2018-11-17T17:19:59","guid":{"rendered":"https:\/\/www.solucionescontract.com\/producto\/oreiller-en-viscocarbone\/"},"modified":"2018-11-17T17:19:59","modified_gmt":"2018-11-17T17:19:59","slug":"oreiller-en-viscocarbone","status":"publish","type":"product","link":"https:\/\/solucionescontract.com\/fr\/producto\/oreiller-en-viscocarbone\/","title":{"rendered":"OREILLER EN VISCOCARBONE"},"content":{"rendered":"<h3>Oreiller en VISCOCARBONE<\/h3>\n<p>&nbsp;<\/script><\/p>\n","protected":false},"excerpt":{"rendered":"<ul>\n<li>Oreiller visco\u00e9lastique avec charbon actif.<\/li>\n<li>Il s&rsquo;adapte au contour du cou et de la t\u00eate en gardant la colonne vert\u00e9brale confortablement align\u00e9e.<\/li>\n<li>Couverture ext\u00e9rieure en tissu extensible doux au toucher, lavable et avec fermeture \u00e9clair.<\/li>\n<li>Couverture int\u00e9rieure 100% coton.<\/li>\n<li>Remplissage de charbon actif \u00e0 100 % visco\u00e9lastique.<\/li>\n<\/ul>\n<h5><a href=\"mailto:info@solucionescontract.com\"><strong><em>Plus d&rsquo;informations<\/em><\/strong><\/a><\/h5>\n","protected":false},"featured_media":14646,"comment_status":"open","ping_status":"closed","template":"","meta":[],"product_brand":[],"product_cat":[605],"product_tag":[],"class_list":{"0":"post-23218","1":"product","2":"type-product","3":"status-publish","4":"has-post-thumbnail","6":"product_cat-textile-dhotel","7":"product_shipping_class-gratuit","8":"yith_product_brand-sonpura-contract-fr","10":"first","11":"instock","12":"taxable","13":"shipping-taxable","14":"purchasable","15":"product-type-variable"},"yoast_head":"<!-- This site is optimized with the Yoast SEO plugin v27.3 - https:\/\/yoast.com\/product\/yoast-seo-wordpress\/ -->\n<title>Oreiller \u00e0 charbon actif | Soluciones Contract<\/title>\n<meta name=\"description\" content=\"Charbon actif et oreiller visco\u00e9lastique. Couverture ext\u00e9rieure en tissu doux et extensible avec fermeture \u00e9clair. Lavable. Couverture int\u00e9rieure en coton. D\u00e9couvrez-le.\" \/>\n<meta name=\"robots\" content=\"index, follow, max-snippet:-1, max-image-preview:large, max-video-preview:-1\" \/>\n<link rel=\"canonical\" href=\"https:\/\/solucionescontract.com\/producto\/almohada-viscocarbono\/\" \/>\n<meta property=\"og:locale\" content=\"fr_FR\" \/>\n<meta property=\"og:type\" content=\"article\" \/>\n<meta property=\"og:title\" content=\"Oreiller \u00e0 charbon actif | Soluciones Contract\" \/>\n<meta property=\"og:description\" content=\"Charbon actif et oreiller visco\u00e9lastique. Couverture ext\u00e9rieure en tissu doux et extensible avec fermeture \u00e9clair. Lavable. Couverture int\u00e9rieure en coton. D\u00e9couvrez-le.\" \/>\n<meta property=\"og:url\" content=\"https:\/\/solucionescontract.com\/producto\/almohada-viscocarbono\/\" \/>\n<meta property=\"og:site_name\" content=\"Soluciones Contract\" \/>\n<meta property=\"article:publisher\" content=\"https:\/\/www.facebook.com\/solucionescontract\/\" \/>\n<meta property=\"og:image\" content=\"https:\/\/solucionescontract.com\/wp-content\/uploads\/2018\/11\/SONPURA-ALMOHADA-VISCOACTIVE.jpg\" \/>\n\t<meta property=\"og:image:width\" content=\"788\" \/>\n\t<meta property=\"og:image:height\" content=\"788\" \/>\n\t<meta property=\"og:image:type\" content=\"image\/jpeg\" \/>\n<meta name=\"twitter:card\" content=\"summary_large_image\" \/>\n<script type=\"application\/ld+json\" class=\"yoast-schema-graph\">{\"@context\":\"https:\\\/\\\/schema.org\",\"@graph\":[{\"@type\":\"WebPage\",\"@id\":\"https:\\\/\\\/solucionescontract.com\\\/producto\\\/almohada-viscocarbono\\\/\",\"url\":\"https:\\\/\\\/solucionescontract.com\\\/producto\\\/almohada-viscocarbono\\\/\",\"name\":\"Oreiller \u00e0 charbon actif | Soluciones Contract\",\"isPartOf\":{\"@id\":\"https:\\\/\\\/solucionescontract.com\\\/#website\"},\"primaryImageOfPage\":{\"@id\":\"https:\\\/\\\/solucionescontract.com\\\/producto\\\/almohada-viscocarbono\\\/#primaryimage\"},\"image\":{\"@id\":\"https:\\\/\\\/solucionescontract.com\\\/producto\\\/almohada-viscocarbono\\\/#primaryimage\"},\"thumbnailUrl\":\"https:\\\/\\\/solucionescontract.com\\\/wp-content\\\/uploads\\\/2018\\\/11\\\/SONPURA-ALMOHADA-VISCOACTIVE.jpg\",\"datePublished\":\"2018-11-17T17:19:59+00:00\",\"description\":\"Charbon actif et oreiller visco\u00e9lastique. Couverture ext\u00e9rieure en tissu doux et extensible avec fermeture \u00e9clair. Lavable. Couverture int\u00e9rieure en coton. D\u00e9couvrez-le.\",\"breadcrumb\":{\"@id\":\"https:\\\/\\\/solucionescontract.com\\\/producto\\\/almohada-viscocarbono\\\/#breadcrumb\"},\"inLanguage\":\"fr-FR\",\"potentialAction\":[{\"@type\":\"ReadAction\",\"target\":[\"https:\\\/\\\/solucionescontract.com\\\/producto\\\/almohada-viscocarbono\\\/\"]}]},{\"@type\":\"ImageObject\",\"inLanguage\":\"fr-FR\",\"@id\":\"https:\\\/\\\/solucionescontract.com\\\/producto\\\/almohada-viscocarbono\\\/#primaryimage\",\"url\":\"https:\\\/\\\/solucionescontract.com\\\/wp-content\\\/uploads\\\/2018\\\/11\\\/SONPURA-ALMOHADA-VISCOACTIVE.jpg\",\"contentUrl\":\"https:\\\/\\\/solucionescontract.com\\\/wp-content\\\/uploads\\\/2018\\\/11\\\/SONPURA-ALMOHADA-VISCOACTIVE.jpg\",\"width\":788,\"height\":788,\"caption\":\"ALMOHADA VISCOELASTICAS PARA HOSTELERIA\"},{\"@type\":\"BreadcrumbList\",\"@id\":\"https:\\\/\\\/solucionescontract.com\\\/producto\\\/almohada-viscocarbono\\\/#breadcrumb\",\"itemListElement\":[{\"@type\":\"ListItem\",\"position\":1,\"name\":\"Inicio\",\"item\":\"https:\\\/\\\/solucionescontract.com\\\/\"},{\"@type\":\"ListItem\",\"position\":2,\"name\":\"Tienda mobiliario contract\",\"item\":\"https:\\\/\\\/solucionescontract.com\\\/tienda-mobiliario-contract\\\/\"},{\"@type\":\"ListItem\",\"position\":3,\"name\":\"Mobiliario para Descanso\",\"item\":\"https:\\\/\\\/solucionescontract.com\\\/categoria-producto\\\/mobiliario-para-descanso\\\/\"},{\"@type\":\"ListItem\",\"position\":4,\"name\":\"Textil y almohadas\",\"item\":\"https:\\\/\\\/solucionescontract.com\\\/categoria-producto\\\/mobiliario-para-descanso\\\/textil-hotelero\\\/\"},{\"@type\":\"ListItem\",\"position\":5,\"name\":\"OREILLER EN VISCOCARBONE\"}]},{\"@type\":\"WebSite\",\"@id\":\"https:\\\/\\\/solucionescontract.com\\\/#website\",\"url\":\"https:\\\/\\\/solucionescontract.com\\\/\",\"name\":\"Soluciones Contract\",\"description\":\"Venta Mobiliario contract de dise\u00f1o\",\"publisher\":{\"@id\":\"https:\\\/\\\/solucionescontract.com\\\/#organization\"},\"potentialAction\":[{\"@type\":\"SearchAction\",\"target\":{\"@type\":\"EntryPoint\",\"urlTemplate\":\"https:\\\/\\\/solucionescontract.com\\\/?s={search_term_string}\"},\"query-input\":{\"@type\":\"PropertyValueSpecification\",\"valueRequired\":true,\"valueName\":\"search_term_string\"}}],\"inLanguage\":\"fr-FR\"},{\"@type\":\"Organization\",\"@id\":\"https:\\\/\\\/solucionescontract.com\\\/#organization\",\"name\":\"Soluciones Contract\",\"url\":\"https:\\\/\\\/solucionescontract.com\\\/\",\"logo\":{\"@type\":\"ImageObject\",\"inLanguage\":\"fr-FR\",\"@id\":\"https:\\\/\\\/solucionescontract.com\\\/#\\\/schema\\\/logo\\\/image\\\/\",\"url\":\"https:\\\/\\\/solucionescontract.com\\\/wp-content\\\/uploads\\\/2020\\\/02\\\/logoSC.jpg\",\"contentUrl\":\"https:\\\/\\\/solucionescontract.com\\\/wp-content\\\/uploads\\\/2020\\\/02\\\/logoSC.jpg\",\"width\":300,\"height\":125,\"caption\":\"Soluciones Contract\"},\"image\":{\"@id\":\"https:\\\/\\\/solucionescontract.com\\\/#\\\/schema\\\/logo\\\/image\\\/\"},\"sameAs\":[\"https:\\\/\\\/www.facebook.com\\\/solucionescontract\\\/\"]}]}<\/script>\n<!-- \/ Yoast SEO plugin. -->","yoast_head_json":{"title":"Oreiller \u00e0 charbon actif | Soluciones Contract","description":"Charbon actif et oreiller visco\u00e9lastique. Couverture ext\u00e9rieure en tissu doux et extensible avec fermeture \u00e9clair. Lavable. Couverture int\u00e9rieure en coton. D\u00e9couvrez-le.","robots":{"index":"index","follow":"follow","max-snippet":"max-snippet:-1","max-image-preview":"max-image-preview:large","max-video-preview":"max-video-preview:-1"},"canonical":"https:\/\/solucionescontract.com\/producto\/almohada-viscocarbono\/","og_locale":"fr_FR","og_type":"article","og_title":"Oreiller \u00e0 charbon actif | Soluciones Contract","og_description":"Charbon actif et oreiller visco\u00e9lastique. Couverture ext\u00e9rieure en tissu doux et extensible avec fermeture \u00e9clair. Lavable. Couverture int\u00e9rieure en coton. D\u00e9couvrez-le.","og_url":"https:\/\/solucionescontract.com\/producto\/almohada-viscocarbono\/","og_site_name":"Soluciones Contract","article_publisher":"https:\/\/www.facebook.com\/solucionescontract\/","og_image":[{"width":788,"height":788,"url":"https:\/\/solucionescontract.com\/wp-content\/uploads\/2018\/11\/SONPURA-ALMOHADA-VISCOACTIVE.jpg","type":"image\/jpeg"}],"twitter_card":"summary_large_image","schema":{"@context":"https:\/\/schema.org","@graph":[{"@type":"WebPage","@id":"https:\/\/solucionescontract.com\/producto\/almohada-viscocarbono\/","url":"https:\/\/solucionescontract.com\/producto\/almohada-viscocarbono\/","name":"Oreiller \u00e0 charbon actif | Soluciones Contract","isPartOf":{"@id":"https:\/\/solucionescontract.com\/#website"},"primaryImageOfPage":{"@id":"https:\/\/solucionescontract.com\/producto\/almohada-viscocarbono\/#primaryimage"},"image":{"@id":"https:\/\/solucionescontract.com\/producto\/almohada-viscocarbono\/#primaryimage"},"thumbnailUrl":"https:\/\/solucionescontract.com\/wp-content\/uploads\/2018\/11\/SONPURA-ALMOHADA-VISCOACTIVE.jpg","datePublished":"2018-11-17T17:19:59+00:00","description":"Charbon actif et oreiller visco\u00e9lastique. Couverture ext\u00e9rieure en tissu doux et extensible avec fermeture \u00e9clair. Lavable. Couverture int\u00e9rieure en coton. D\u00e9couvrez-le.","breadcrumb":{"@id":"https:\/\/solucionescontract.com\/producto\/almohada-viscocarbono\/#breadcrumb"},"inLanguage":"fr-FR","potentialAction":[{"@type":"ReadAction","target":["https:\/\/solucionescontract.com\/producto\/almohada-viscocarbono\/"]}]},{"@type":"ImageObject","inLanguage":"fr-FR","@id":"https:\/\/solucionescontract.com\/producto\/almohada-viscocarbono\/#primaryimage","url":"https:\/\/solucionescontract.com\/wp-content\/uploads\/2018\/11\/SONPURA-ALMOHADA-VISCOACTIVE.jpg","contentUrl":"https:\/\/solucionescontract.com\/wp-content\/uploads\/2018\/11\/SONPURA-ALMOHADA-VISCOACTIVE.jpg","width":788,"height":788,"caption":"ALMOHADA VISCOELASTICAS PARA HOSTELERIA"},{"@type":"BreadcrumbList","@id":"https:\/\/solucionescontract.com\/producto\/almohada-viscocarbono\/#breadcrumb","itemListElement":[{"@type":"ListItem","position":1,"name":"Inicio","item":"https:\/\/solucionescontract.com\/"},{"@type":"ListItem","position":2,"name":"Tienda mobiliario contract","item":"https:\/\/solucionescontract.com\/tienda-mobiliario-contract\/"},{"@type":"ListItem","position":3,"name":"Mobiliario para Descanso","item":"https:\/\/solucionescontract.com\/categoria-producto\/mobiliario-para-descanso\/"},{"@type":"ListItem","position":4,"name":"Textil y almohadas","item":"https:\/\/solucionescontract.com\/categoria-producto\/mobiliario-para-descanso\/textil-hotelero\/"},{"@type":"ListItem","position":5,"name":"OREILLER EN VISCOCARBONE"}]},{"@type":"WebSite","@id":"https:\/\/solucionescontract.com\/#website","url":"https:\/\/solucionescontract.com\/","name":"Soluciones Contract","description":"Venta Mobiliario contract de dise\u00f1o","publisher":{"@id":"https:\/\/solucionescontract.com\/#organization"},"potentialAction":[{"@type":"SearchAction","target":{"@type":"EntryPoint","urlTemplate":"https:\/\/solucionescontract.com\/?s={search_term_string}"},"query-input":{"@type":"PropertyValueSpecification","valueRequired":true,"valueName":"search_term_string"}}],"inLanguage":"fr-FR"},{"@type":"Organization","@id":"https:\/\/solucionescontract.com\/#organization","name":"Soluciones Contract","url":"https:\/\/solucionescontract.com\/","logo":{"@type":"ImageObject","inLanguage":"fr-FR","@id":"https:\/\/solucionescontract.com\/#\/schema\/logo\/image\/","url":"https:\/\/solucionescontract.com\/wp-content\/uploads\/2020\/02\/logoSC.jpg","contentUrl":"https:\/\/solucionescontract.com\/wp-content\/uploads\/2020\/02\/logoSC.jpg","width":300,"height":125,"caption":"Soluciones Contract"},"image":{"@id":"https:\/\/solucionescontract.com\/#\/schema\/logo\/image\/"},"sameAs":["https:\/\/www.facebook.com\/solucionescontract\/"]}]}},"_links":{"self":[{"href":"https:\/\/solucionescontract.com\/fr\/wp-json\/wp\/v2\/product\/23218","targetHints":{"allow":["GET"]}}],"collection":[{"href":"https:\/\/solucionescontract.com\/fr\/wp-json\/wp\/v2\/product"}],"about":[{"href":"https:\/\/solucionescontract.com\/fr\/wp-json\/wp\/v2\/types\/product"}],"replies":[{"embeddable":true,"href":"https:\/\/solucionescontract.com\/fr\/wp-json\/wp\/v2\/comments?post=23218"}],"wp:featuredmedia":[{"embeddable":true,"href":"https:\/\/solucionescontract.com\/fr\/wp-json\/wp\/v2\/media\/14646"}],"wp:attachment":[{"href":"https:\/\/solucionescontract.com\/fr\/wp-json\/wp\/v2\/media?parent=23218"}],"wp:term":[{"taxonomy":"product_brand","embeddable":true,"href":"https:\/\/solucionescontract.com\/fr\/wp-json\/wp\/v2\/product_brand?post=23218"},{"taxonomy":"product_cat","embeddable":true,"href":"https:\/\/solucionescontract.com\/fr\/wp-json\/wp\/v2\/product_cat?post=23218"},{"taxonomy":"product_tag","embeddable":true,"href":"https:\/\/solucionescontract.com\/fr\/wp-json\/wp\/v2\/product_tag?post=23218"}],"curies":[{"name":"wp","href":"https:\/\/api.w.org\/{rel}","templated":true}]}}