{"id":23182,"date":"2018-11-17T13:26:35","date_gmt":"2018-11-17T13:26:35","guid":{"rendered":"https:\/\/www.solucionescontract.com\/producto\/oreiller-antiallergique-elixir\/"},"modified":"2018-11-17T13:26:35","modified_gmt":"2018-11-17T13:26:35","slug":"oreiller-antiallergique-elixir","status":"publish","type":"product","link":"https:\/\/solucionescontract.com\/fr\/producto\/oreiller-antiallergique-elixir\/","title":{"rendered":"OREILLER ANTIALLERGIQUE ELIXIR"},"content":{"rendered":"<h3>ELIXIR Oreiller ANTIALLERGENIQUE<\/h3>\n<p>.<\/p>\n<p>&nbsp;<\/p>\n<p><\/script><\/p>\n","protected":false},"excerpt":{"rendered":"<ul>\n<li>Fibres antiallergiques de la plus haute qualit\u00e9 et confort. Grande fermet\u00e9.<\/li>\n<li>Couverture int\u00e9rieure 100% coton<\/li>\n<li>Couverture ext\u00e9rieure 100% coton avec traitement anti-acariens.<\/li>\n<li>Remplissage de Topfil en <strong>fibre<\/strong> creuse silicon\u00e9e.<\/li>\n<\/ul>\n","protected":false},"featured_media":14654,"comment_status":"open","ping_status":"closed","template":"","meta":[],"product_brand":[],"product_cat":[605],"product_tag":[],"class_list":{"0":"post-23182","1":"product","2":"type-product","3":"status-publish","4":"has-post-thumbnail","6":"product_cat-textile-dhotel","7":"product_shipping_class-gratuit","8":"yith_product_brand-sonpura-contract-fr","10":"first","11":"instock","12":"taxable","13":"shipping-taxable","14":"purchasable","15":"product-type-variable"},"yoast_head":"<!-- This site is optimized with the Yoast SEO plugin v27.3 - https:\/\/yoast.com\/product\/yoast-seo-wordpress\/ -->\n<title>Oreillers antiallergiques | Soluciones Contract<\/title>\n<meta name=\"description\" content=\"Oreillers antiallergiques Elixir. Fabriqu\u00e9 avec des fibres antiallergiques de qualit\u00e9 et de confort. Couverture ext\u00e9rieure avec traitement anti-acariens. En fibre creuse de silicone. Celui dont vous avez besoin.\" \/>\n<meta name=\"robots\" content=\"index, follow, max-snippet:-1, max-image-preview:large, max-video-preview:-1\" \/>\n<link rel=\"canonical\" href=\"https:\/\/solucionescontract.com\/producto\/almohada-antialergenica\/\" \/>\n<meta property=\"og:locale\" content=\"fr_FR\" \/>\n<meta property=\"og:type\" content=\"article\" \/>\n<meta property=\"og:title\" content=\"Oreillers antiallergiques | Soluciones Contract\" \/>\n<meta property=\"og:description\" content=\"Oreillers antiallergiques Elixir. Fabriqu\u00e9 avec des fibres antiallergiques de qualit\u00e9 et de confort. Couverture ext\u00e9rieure avec traitement anti-acariens. En fibre creuse de silicone. Celui dont vous avez besoin.\" \/>\n<meta property=\"og:url\" content=\"https:\/\/solucionescontract.com\/producto\/almohada-antialergenica\/\" \/>\n<meta property=\"og:site_name\" content=\"Soluciones Contract\" \/>\n<meta property=\"article:publisher\" content=\"https:\/\/www.facebook.com\/solucionescontract\/\" \/>\n<meta property=\"og:image\" content=\"https:\/\/solucionescontract.com\/wp-content\/uploads\/2018\/11\/SONPURA-ALMOHADA-ELIXIR.jpg\" \/>\n\t<meta property=\"og:image:width\" content=\"788\" \/>\n\t<meta property=\"og:image:height\" content=\"788\" \/>\n\t<meta property=\"og:image:type\" content=\"image\/jpeg\" \/>\n<meta name=\"twitter:card\" content=\"summary_large_image\" \/>\n<script type=\"application\/ld+json\" class=\"yoast-schema-graph\">{\"@context\":\"https:\\\/\\\/schema.org\",\"@graph\":[{\"@type\":\"WebPage\",\"@id\":\"https:\\\/\\\/solucionescontract.com\\\/producto\\\/almohada-antialergenica\\\/\",\"url\":\"https:\\\/\\\/solucionescontract.com\\\/producto\\\/almohada-antialergenica\\\/\",\"name\":\"Oreillers antiallergiques | Soluciones Contract\",\"isPartOf\":{\"@id\":\"https:\\\/\\\/solucionescontract.com\\\/#website\"},\"primaryImageOfPage\":{\"@id\":\"https:\\\/\\\/solucionescontract.com\\\/producto\\\/almohada-antialergenica\\\/#primaryimage\"},\"image\":{\"@id\":\"https:\\\/\\\/solucionescontract.com\\\/producto\\\/almohada-antialergenica\\\/#primaryimage\"},\"thumbnailUrl\":\"https:\\\/\\\/solucionescontract.com\\\/wp-content\\\/uploads\\\/2018\\\/11\\\/SONPURA-ALMOHADA-ELIXIR.jpg\",\"datePublished\":\"2018-11-17T13:26:35+00:00\",\"description\":\"Oreillers antiallergiques Elixir. Fabriqu\u00e9 avec des fibres antiallergiques de qualit\u00e9 et de confort. Couverture ext\u00e9rieure avec traitement anti-acariens. En fibre creuse de silicone. Celui dont vous avez besoin.\",\"breadcrumb\":{\"@id\":\"https:\\\/\\\/solucionescontract.com\\\/producto\\\/almohada-antialergenica\\\/#breadcrumb\"},\"inLanguage\":\"fr-FR\",\"potentialAction\":[{\"@type\":\"ReadAction\",\"target\":[\"https:\\\/\\\/solucionescontract.com\\\/producto\\\/almohada-antialergenica\\\/\"]}]},{\"@type\":\"ImageObject\",\"inLanguage\":\"fr-FR\",\"@id\":\"https:\\\/\\\/solucionescontract.com\\\/producto\\\/almohada-antialergenica\\\/#primaryimage\",\"url\":\"https:\\\/\\\/solucionescontract.com\\\/wp-content\\\/uploads\\\/2018\\\/11\\\/SONPURA-ALMOHADA-ELIXIR.jpg\",\"contentUrl\":\"https:\\\/\\\/solucionescontract.com\\\/wp-content\\\/uploads\\\/2018\\\/11\\\/SONPURA-ALMOHADA-ELIXIR.jpg\",\"width\":788,\"height\":788,\"caption\":\"ALMOHADA ANTIALERGENICA ELIXIR\"},{\"@type\":\"BreadcrumbList\",\"@id\":\"https:\\\/\\\/solucionescontract.com\\\/producto\\\/almohada-antialergenica\\\/#breadcrumb\",\"itemListElement\":[{\"@type\":\"ListItem\",\"position\":1,\"name\":\"Inicio\",\"item\":\"https:\\\/\\\/solucionescontract.com\\\/\"},{\"@type\":\"ListItem\",\"position\":2,\"name\":\"Tienda mobiliario contract\",\"item\":\"https:\\\/\\\/solucionescontract.com\\\/tienda-mobiliario-contract\\\/\"},{\"@type\":\"ListItem\",\"position\":3,\"name\":\"Mobiliario para Descanso\",\"item\":\"https:\\\/\\\/solucionescontract.com\\\/categoria-producto\\\/mobiliario-para-descanso\\\/\"},{\"@type\":\"ListItem\",\"position\":4,\"name\":\"Textil y almohadas\",\"item\":\"https:\\\/\\\/solucionescontract.com\\\/categoria-producto\\\/mobiliario-para-descanso\\\/textil-hotelero\\\/\"},{\"@type\":\"ListItem\",\"position\":5,\"name\":\"OREILLER ANTIALLERGIQUE ELIXIR\"}]},{\"@type\":\"WebSite\",\"@id\":\"https:\\\/\\\/solucionescontract.com\\\/#website\",\"url\":\"https:\\\/\\\/solucionescontract.com\\\/\",\"name\":\"Soluciones Contract\",\"description\":\"Venta Mobiliario contract de dise\u00f1o\",\"publisher\":{\"@id\":\"https:\\\/\\\/solucionescontract.com\\\/#organization\"},\"potentialAction\":[{\"@type\":\"SearchAction\",\"target\":{\"@type\":\"EntryPoint\",\"urlTemplate\":\"https:\\\/\\\/solucionescontract.com\\\/?s={search_term_string}\"},\"query-input\":{\"@type\":\"PropertyValueSpecification\",\"valueRequired\":true,\"valueName\":\"search_term_string\"}}],\"inLanguage\":\"fr-FR\"},{\"@type\":\"Organization\",\"@id\":\"https:\\\/\\\/solucionescontract.com\\\/#organization\",\"name\":\"Soluciones Contract\",\"url\":\"https:\\\/\\\/solucionescontract.com\\\/\",\"logo\":{\"@type\":\"ImageObject\",\"inLanguage\":\"fr-FR\",\"@id\":\"https:\\\/\\\/solucionescontract.com\\\/#\\\/schema\\\/logo\\\/image\\\/\",\"url\":\"https:\\\/\\\/solucionescontract.com\\\/wp-content\\\/uploads\\\/2020\\\/02\\\/logoSC.jpg\",\"contentUrl\":\"https:\\\/\\\/solucionescontract.com\\\/wp-content\\\/uploads\\\/2020\\\/02\\\/logoSC.jpg\",\"width\":300,\"height\":125,\"caption\":\"Soluciones Contract\"},\"image\":{\"@id\":\"https:\\\/\\\/solucionescontract.com\\\/#\\\/schema\\\/logo\\\/image\\\/\"},\"sameAs\":[\"https:\\\/\\\/www.facebook.com\\\/solucionescontract\\\/\"]}]}<\/script>\n<!-- \/ Yoast SEO plugin. -->","yoast_head_json":{"title":"Oreillers antiallergiques | Soluciones Contract","description":"Oreillers antiallergiques Elixir. Fabriqu\u00e9 avec des fibres antiallergiques de qualit\u00e9 et de confort. Couverture ext\u00e9rieure avec traitement anti-acariens. En fibre creuse de silicone. Celui dont vous avez besoin.","robots":{"index":"index","follow":"follow","max-snippet":"max-snippet:-1","max-image-preview":"max-image-preview:large","max-video-preview":"max-video-preview:-1"},"canonical":"https:\/\/solucionescontract.com\/producto\/almohada-antialergenica\/","og_locale":"fr_FR","og_type":"article","og_title":"Oreillers antiallergiques | Soluciones Contract","og_description":"Oreillers antiallergiques Elixir. Fabriqu\u00e9 avec des fibres antiallergiques de qualit\u00e9 et de confort. Couverture ext\u00e9rieure avec traitement anti-acariens. En fibre creuse de silicone. Celui dont vous avez besoin.","og_url":"https:\/\/solucionescontract.com\/producto\/almohada-antialergenica\/","og_site_name":"Soluciones Contract","article_publisher":"https:\/\/www.facebook.com\/solucionescontract\/","og_image":[{"width":788,"height":788,"url":"https:\/\/solucionescontract.com\/wp-content\/uploads\/2018\/11\/SONPURA-ALMOHADA-ELIXIR.jpg","type":"image\/jpeg"}],"twitter_card":"summary_large_image","schema":{"@context":"https:\/\/schema.org","@graph":[{"@type":"WebPage","@id":"https:\/\/solucionescontract.com\/producto\/almohada-antialergenica\/","url":"https:\/\/solucionescontract.com\/producto\/almohada-antialergenica\/","name":"Oreillers antiallergiques | Soluciones Contract","isPartOf":{"@id":"https:\/\/solucionescontract.com\/#website"},"primaryImageOfPage":{"@id":"https:\/\/solucionescontract.com\/producto\/almohada-antialergenica\/#primaryimage"},"image":{"@id":"https:\/\/solucionescontract.com\/producto\/almohada-antialergenica\/#primaryimage"},"thumbnailUrl":"https:\/\/solucionescontract.com\/wp-content\/uploads\/2018\/11\/SONPURA-ALMOHADA-ELIXIR.jpg","datePublished":"2018-11-17T13:26:35+00:00","description":"Oreillers antiallergiques Elixir. Fabriqu\u00e9 avec des fibres antiallergiques de qualit\u00e9 et de confort. Couverture ext\u00e9rieure avec traitement anti-acariens. En fibre creuse de silicone. Celui dont vous avez besoin.","breadcrumb":{"@id":"https:\/\/solucionescontract.com\/producto\/almohada-antialergenica\/#breadcrumb"},"inLanguage":"fr-FR","potentialAction":[{"@type":"ReadAction","target":["https:\/\/solucionescontract.com\/producto\/almohada-antialergenica\/"]}]},{"@type":"ImageObject","inLanguage":"fr-FR","@id":"https:\/\/solucionescontract.com\/producto\/almohada-antialergenica\/#primaryimage","url":"https:\/\/solucionescontract.com\/wp-content\/uploads\/2018\/11\/SONPURA-ALMOHADA-ELIXIR.jpg","contentUrl":"https:\/\/solucionescontract.com\/wp-content\/uploads\/2018\/11\/SONPURA-ALMOHADA-ELIXIR.jpg","width":788,"height":788,"caption":"ALMOHADA ANTIALERGENICA ELIXIR"},{"@type":"BreadcrumbList","@id":"https:\/\/solucionescontract.com\/producto\/almohada-antialergenica\/#breadcrumb","itemListElement":[{"@type":"ListItem","position":1,"name":"Inicio","item":"https:\/\/solucionescontract.com\/"},{"@type":"ListItem","position":2,"name":"Tienda mobiliario contract","item":"https:\/\/solucionescontract.com\/tienda-mobiliario-contract\/"},{"@type":"ListItem","position":3,"name":"Mobiliario para Descanso","item":"https:\/\/solucionescontract.com\/categoria-producto\/mobiliario-para-descanso\/"},{"@type":"ListItem","position":4,"name":"Textil y almohadas","item":"https:\/\/solucionescontract.com\/categoria-producto\/mobiliario-para-descanso\/textil-hotelero\/"},{"@type":"ListItem","position":5,"name":"OREILLER ANTIALLERGIQUE ELIXIR"}]},{"@type":"WebSite","@id":"https:\/\/solucionescontract.com\/#website","url":"https:\/\/solucionescontract.com\/","name":"Soluciones Contract","description":"Venta Mobiliario contract de dise\u00f1o","publisher":{"@id":"https:\/\/solucionescontract.com\/#organization"},"potentialAction":[{"@type":"SearchAction","target":{"@type":"EntryPoint","urlTemplate":"https:\/\/solucionescontract.com\/?s={search_term_string}"},"query-input":{"@type":"PropertyValueSpecification","valueRequired":true,"valueName":"search_term_string"}}],"inLanguage":"fr-FR"},{"@type":"Organization","@id":"https:\/\/solucionescontract.com\/#organization","name":"Soluciones Contract","url":"https:\/\/solucionescontract.com\/","logo":{"@type":"ImageObject","inLanguage":"fr-FR","@id":"https:\/\/solucionescontract.com\/#\/schema\/logo\/image\/","url":"https:\/\/solucionescontract.com\/wp-content\/uploads\/2020\/02\/logoSC.jpg","contentUrl":"https:\/\/solucionescontract.com\/wp-content\/uploads\/2020\/02\/logoSC.jpg","width":300,"height":125,"caption":"Soluciones Contract"},"image":{"@id":"https:\/\/solucionescontract.com\/#\/schema\/logo\/image\/"},"sameAs":["https:\/\/www.facebook.com\/solucionescontract\/"]}]}},"_links":{"self":[{"href":"https:\/\/solucionescontract.com\/fr\/wp-json\/wp\/v2\/product\/23182","targetHints":{"allow":["GET"]}}],"collection":[{"href":"https:\/\/solucionescontract.com\/fr\/wp-json\/wp\/v2\/product"}],"about":[{"href":"https:\/\/solucionescontract.com\/fr\/wp-json\/wp\/v2\/types\/product"}],"replies":[{"embeddable":true,"href":"https:\/\/solucionescontract.com\/fr\/wp-json\/wp\/v2\/comments?post=23182"}],"wp:featuredmedia":[{"embeddable":true,"href":"https:\/\/solucionescontract.com\/fr\/wp-json\/wp\/v2\/media\/14654"}],"wp:attachment":[{"href":"https:\/\/solucionescontract.com\/fr\/wp-json\/wp\/v2\/media?parent=23182"}],"wp:term":[{"taxonomy":"product_brand","embeddable":true,"href":"https:\/\/solucionescontract.com\/fr\/wp-json\/wp\/v2\/product_brand?post=23182"},{"taxonomy":"product_cat","embeddable":true,"href":"https:\/\/solucionescontract.com\/fr\/wp-json\/wp\/v2\/product_cat?post=23182"},{"taxonomy":"product_tag","embeddable":true,"href":"https:\/\/solucionescontract.com\/fr\/wp-json\/wp\/v2\/product_tag?post=23182"}],"curies":[{"name":"wp","href":"https:\/\/api.w.org\/{rel}","templated":true}]}}