{"id":23153,"date":"2018-11-13T22:39:56","date_gmt":"2018-11-13T22:39:56","guid":{"rendered":"https:\/\/www.solucionescontract.com\/producto\/lampe-decorative-fiamma\/"},"modified":"2018-11-13T22:39:56","modified_gmt":"2018-11-13T22:39:56","slug":"lampe-decorative-fiamma","status":"publish","type":"product","link":"https:\/\/solucionescontract.com\/fr\/producto\/lampe-decorative-fiamma\/","title":{"rendered":"LAMPE D\u00c9CORATIVE FIAMMA"},"content":{"rendered":"<h3>LAMPE D\u00c9CORATIVE FIAMMA<\/h3>\n<p><a href=\"https:\/\/solucionescontract.com\/wp-content\/uploads\/2018\/11\/FIAMMA-FICHA-TECNICA.pdf\" target=\"_blank\" rel=\"noopener noreferrer\">T\u00c9L\u00c9CHARGER LA FICHE TECHNIQUE<\/a><\/p>\n\n\t\t<style type=\"text\/css\">\n\t\t\t#gallery-1 {\n\t\t\t\tmargin: auto;\n\t\t\t}\n\t\t\t#gallery-1 .gallery-item {\n\t\t\t\tfloat: left;\n\t\t\t\tmargin-top: 10px;\n\t\t\t\ttext-align: center;\n\t\t\t\twidth: 33%;\n\t\t\t}\n\t\t\t#gallery-1 img {\n\t\t\t\tborder: 2px solid #cfcfcf;\n\t\t\t}\n\t\t\t#gallery-1 .gallery-caption {\n\t\t\t\tmargin-left: 0;\n\t\t\t}\n\t\t\t\/* see gallery_shortcode() in wp-includes\/media.php *\/\n\t\t<\/style>\n\t\t<div id='gallery-1' class='gallery galleryid-23153 gallery-columns-3 gallery-size-thumbnail'><dl class='gallery-item'>\n\t\t\t<dt class='gallery-icon landscape'>\n\t\t\t\t<a href='https:\/\/solucionescontract.com\/wp-content\/uploads\/2018\/11\/lighting_light_white.jpg'><img decoding=\"async\" width=\"150\" height=\"150\" src=\"https:\/\/solucionescontract.com\/wp-content\/uploads\/2018\/11\/lighting_light_white-150x150.jpg\" class=\"attachment-thumbnail size-thumbnail\" alt=\"\" aria-describedby=\"gallery-1-14634\" srcset=\"https:\/\/solucionescontract.com\/wp-content\/uploads\/2018\/11\/lighting_light_white-150x150.jpg 150w, https:\/\/solucionescontract.com\/wp-content\/uploads\/2018\/11\/lighting_light_white-300x300.jpg 300w, https:\/\/solucionescontract.com\/wp-content\/uploads\/2018\/11\/lighting_light_white-504x504.jpg 504w, https:\/\/solucionescontract.com\/wp-content\/uploads\/2018\/11\/lighting_light_white-100x100.jpg 100w, https:\/\/solucionescontract.com\/wp-content\/uploads\/2018\/11\/lighting_light_white-32x32.jpg 32w, https:\/\/solucionescontract.com\/wp-content\/uploads\/2018\/11\/lighting_light_white-232x232.jpg 232w, https:\/\/solucionescontract.com\/wp-content\/uploads\/2018\/11\/lighting_light_white-30x30.jpg 30w, https:\/\/solucionescontract.com\/wp-content\/uploads\/2018\/11\/lighting_light_white-50x50.jpg 50w, https:\/\/solucionescontract.com\/wp-content\/uploads\/2018\/11\/lighting_light_white.jpg 705w\" sizes=\"(max-width: 150px) 100vw, 150px\" \/><\/a>\n\t\t\t<\/dt>\n\t\t\t\t<dd class='wp-caption-text gallery-caption' id='gallery-1-14634'>\n\t\t\t\tLight WHYTE\n\t\t\t\t<\/dd><\/dl><dl class='gallery-item'>\n\t\t\t<dt class='gallery-icon landscape'>\n\t\t\t\t<a href='https:\/\/solucionescontract.com\/wp-content\/uploads\/2018\/11\/lighting_light_red.jpg'><img decoding=\"async\" width=\"150\" height=\"150\" src=\"https:\/\/solucionescontract.com\/wp-content\/uploads\/2018\/11\/lighting_light_red-150x150.jpg\" class=\"attachment-thumbnail size-thumbnail\" alt=\"\" aria-describedby=\"gallery-1-14636\" srcset=\"https:\/\/solucionescontract.com\/wp-content\/uploads\/2018\/11\/lighting_light_red-150x150.jpg 150w, https:\/\/solucionescontract.com\/wp-content\/uploads\/2018\/11\/lighting_light_red-300x300.jpg 300w, https:\/\/solucionescontract.com\/wp-content\/uploads\/2018\/11\/lighting_light_red-504x504.jpg 504w, https:\/\/solucionescontract.com\/wp-content\/uploads\/2018\/11\/lighting_light_red-100x100.jpg 100w, https:\/\/solucionescontract.com\/wp-content\/uploads\/2018\/11\/lighting_light_red-32x32.jpg 32w, https:\/\/solucionescontract.com\/wp-content\/uploads\/2018\/11\/lighting_light_red-232x232.jpg 232w, https:\/\/solucionescontract.com\/wp-content\/uploads\/2018\/11\/lighting_light_red-30x30.jpg 30w, https:\/\/solucionescontract.com\/wp-content\/uploads\/2018\/11\/lighting_light_red-50x50.jpg 50w, https:\/\/solucionescontract.com\/wp-content\/uploads\/2018\/11\/lighting_light_red.jpg 705w\" sizes=\"(max-width: 150px) 100vw, 150px\" \/><\/a>\n\t\t\t<\/dt>\n\t\t\t\t<dd class='wp-caption-text gallery-caption' id='gallery-1-14636'>\n\t\t\t\tLight RED\n\t\t\t\t<\/dd><\/dl>\n\t\t\t<br style='clear: both' \/>\n\t\t<\/div>\n\n<p>&nbsp;<\/script><\/p>\n","protected":false},"excerpt":{"rendered":"<ul>\n<li>Design de Roberto Paoli<\/li>\n<li>Fiamma est une lumi\u00e8re pour cr\u00e9er l&rsquo;atmosph\u00e8re de No\u00ebl, devenant ainsi un objet essentiel. Id\u00e9al comme centre de table gr\u00e2ce aux piles dont ils sont \u00e9quip\u00e9s dans leur version LED.<\/li>\n<li>L&rsquo;effet de la lumi\u00e8re est accentu\u00e9 par la texture qui couvre toute la surface, une multitude de lignes verticales, cr\u00e9e un effet de mouvement et amincit le produit en le rendant encore plus \u00e9l\u00e9gant.<\/li>\n<li>Petit : \u00d8 10,5 h 22,5 cm \/ Moyen : \u00d8 12 h 30 cm<\/li>\n<li>Lampe \u00e0 \u00e9conomie d&rsquo;\u00e9nergie E27 avec c\u00e2ble \/ led avec batterie.<\/li>\n<li><strong>Achat minimum de 3 pi\u00e8ces.<\/strong><\/li>\n<\/ul>\n","protected":false},"featured_media":14640,"comment_status":"open","ping_status":"closed","template":"","meta":[],"product_brand":[],"product_cat":[541,547],"product_tag":[724],"class_list":{"0":"post-23153","1":"product","2":"type-product","3":"status-publish","4":"has-post-thumbnail","6":"product_cat-eclairage-design","7":"product_cat-lampe-de-chevet","8":"product_tag-muebles-rotomoldeo-fr","9":"product_shipping_class-gratuit","10":"yith_product_brand-slide-fr","12":"first","13":"instock","14":"taxable","15":"shipping-taxable","16":"purchasable","17":"product-type-variable"},"yoast_head":"<!-- This site is optimized with the Yoast SEO plugin v27.3 - https:\/\/yoast.com\/product\/yoast-seo-wordpress\/ -->\n<title>LAMPE D\u00c9CORATIVE FIAMMA - Muebles de dise\u00f1o en Soluciones Contract<\/title>\n<meta name=\"description\" content=\"Compra LAMPE D\u00c9CORATIVE FIAMMA online en nuestra tienda de muebles Contract. Encuentra el mejor MOBILIARIO DE DISE\u00d1O para Hotel, Hogar y uso comercial. Descubre las mejores marcas en nuestro cat\u00e1logo.\" \/>\n<meta name=\"robots\" content=\"index, follow, max-snippet:-1, max-image-preview:large, max-video-preview:-1\" \/>\n<link rel=\"canonical\" href=\"https:\/\/solucionescontract.com\/fr\/producto\/lampe-decorative-fiamma\/\" \/>\n<meta property=\"og:locale\" content=\"fr_FR\" \/>\n<meta property=\"og:type\" content=\"article\" \/>\n<meta property=\"og:title\" content=\"LAMPE D\u00c9CORATIVE FIAMMA - Muebles de dise\u00f1o en Soluciones Contract\" \/>\n<meta property=\"og:description\" content=\"Compra LAMPE D\u00c9CORATIVE FIAMMA online en nuestra tienda de muebles Contract. Encuentra el mejor MOBILIARIO DE DISE\u00d1O para Hotel, Hogar y uso comercial. Descubre las mejores marcas en nuestro cat\u00e1logo.\" \/>\n<meta property=\"og:url\" content=\"https:\/\/solucionescontract.com\/fr\/producto\/lampe-decorative-fiamma\/\" \/>\n<meta property=\"og:site_name\" content=\"Soluciones Contract\" \/>\n<meta property=\"article:publisher\" content=\"https:\/\/www.facebook.com\/solucionescontract\/\" \/>\n<meta property=\"og:image\" content=\"https:\/\/solucionescontract.com\/wp-content\/uploads\/2018\/11\/lampara-decorativa-fiamma-CONTRACT.jpg\" \/>\n\t<meta property=\"og:image:width\" content=\"600\" \/>\n\t<meta property=\"og:image:height\" content=\"600\" \/>\n\t<meta property=\"og:image:type\" content=\"image\/jpeg\" \/>\n<meta name=\"twitter:card\" content=\"summary_large_image\" \/>\n<script type=\"application\/ld+json\" class=\"yoast-schema-graph\">{\"@context\":\"https:\\\/\\\/schema.org\",\"@graph\":[{\"@type\":\"WebPage\",\"@id\":\"https:\\\/\\\/solucionescontract.com\\\/fr\\\/producto\\\/lampe-decorative-fiamma\\\/\",\"url\":\"https:\\\/\\\/solucionescontract.com\\\/fr\\\/producto\\\/lampe-decorative-fiamma\\\/\",\"name\":\"LAMPE D\u00c9CORATIVE FIAMMA - Muebles de dise\u00f1o en Soluciones Contract\",\"isPartOf\":{\"@id\":\"https:\\\/\\\/solucionescontract.com\\\/#website\"},\"primaryImageOfPage\":{\"@id\":\"https:\\\/\\\/solucionescontract.com\\\/fr\\\/producto\\\/lampe-decorative-fiamma\\\/#primaryimage\"},\"image\":{\"@id\":\"https:\\\/\\\/solucionescontract.com\\\/fr\\\/producto\\\/lampe-decorative-fiamma\\\/#primaryimage\"},\"thumbnailUrl\":\"https:\\\/\\\/solucionescontract.com\\\/wp-content\\\/uploads\\\/2018\\\/11\\\/lampara-decorativa-fiamma-CONTRACT.jpg\",\"datePublished\":\"2018-11-13T22:39:56+00:00\",\"description\":\"Compra LAMPE D\u00c9CORATIVE FIAMMA online en nuestra tienda de muebles Contract. Encuentra el mejor MOBILIARIO DE DISE\u00d1O para Hotel, Hogar y uso comercial. Descubre las mejores marcas en nuestro cat\u00e1logo.\",\"breadcrumb\":{\"@id\":\"https:\\\/\\\/solucionescontract.com\\\/fr\\\/producto\\\/lampe-decorative-fiamma\\\/#breadcrumb\"},\"inLanguage\":\"fr-FR\",\"potentialAction\":[{\"@type\":\"ReadAction\",\"target\":[\"https:\\\/\\\/solucionescontract.com\\\/fr\\\/producto\\\/lampe-decorative-fiamma\\\/\"]}]},{\"@type\":\"ImageObject\",\"inLanguage\":\"fr-FR\",\"@id\":\"https:\\\/\\\/solucionescontract.com\\\/fr\\\/producto\\\/lampe-decorative-fiamma\\\/#primaryimage\",\"url\":\"https:\\\/\\\/solucionescontract.com\\\/wp-content\\\/uploads\\\/2018\\\/11\\\/lampara-decorativa-fiamma-CONTRACT.jpg\",\"contentUrl\":\"https:\\\/\\\/solucionescontract.com\\\/wp-content\\\/uploads\\\/2018\\\/11\\\/lampara-decorativa-fiamma-CONTRACT.jpg\",\"width\":600,\"height\":600},{\"@type\":\"BreadcrumbList\",\"@id\":\"https:\\\/\\\/solucionescontract.com\\\/fr\\\/producto\\\/lampe-decorative-fiamma\\\/#breadcrumb\",\"itemListElement\":[{\"@type\":\"ListItem\",\"position\":1,\"name\":\"Inicio\",\"item\":\"https:\\\/\\\/solucionescontract.com\\\/\"},{\"@type\":\"ListItem\",\"position\":2,\"name\":\"Tienda mobiliario contract\",\"item\":\"https:\\\/\\\/solucionescontract.com\\\/tienda-mobiliario-contract\\\/\"},{\"@type\":\"ListItem\",\"position\":3,\"name\":\"\u00c9clairage design\",\"item\":\"https:\\\/\\\/solucionescontract.com\\\/fr\\\/categoria-producto\\\/eclairage-design\\\/\"},{\"@type\":\"ListItem\",\"position\":4,\"name\":\"Lampe de chevet\",\"item\":\"https:\\\/\\\/solucionescontract.com\\\/fr\\\/categoria-producto\\\/eclairage-design\\\/lampe-de-chevet\\\/\"},{\"@type\":\"ListItem\",\"position\":5,\"name\":\"LAMPE D\u00c9CORATIVE FIAMMA\"}]},{\"@type\":\"WebSite\",\"@id\":\"https:\\\/\\\/solucionescontract.com\\\/#website\",\"url\":\"https:\\\/\\\/solucionescontract.com\\\/\",\"name\":\"Soluciones Contract\",\"description\":\"Venta Mobiliario contract de dise\u00f1o\",\"publisher\":{\"@id\":\"https:\\\/\\\/solucionescontract.com\\\/#organization\"},\"potentialAction\":[{\"@type\":\"SearchAction\",\"target\":{\"@type\":\"EntryPoint\",\"urlTemplate\":\"https:\\\/\\\/solucionescontract.com\\\/?s={search_term_string}\"},\"query-input\":{\"@type\":\"PropertyValueSpecification\",\"valueRequired\":true,\"valueName\":\"search_term_string\"}}],\"inLanguage\":\"fr-FR\"},{\"@type\":\"Organization\",\"@id\":\"https:\\\/\\\/solucionescontract.com\\\/#organization\",\"name\":\"Soluciones Contract\",\"url\":\"https:\\\/\\\/solucionescontract.com\\\/\",\"logo\":{\"@type\":\"ImageObject\",\"inLanguage\":\"fr-FR\",\"@id\":\"https:\\\/\\\/solucionescontract.com\\\/#\\\/schema\\\/logo\\\/image\\\/\",\"url\":\"https:\\\/\\\/solucionescontract.com\\\/wp-content\\\/uploads\\\/2020\\\/02\\\/logoSC.jpg\",\"contentUrl\":\"https:\\\/\\\/solucionescontract.com\\\/wp-content\\\/uploads\\\/2020\\\/02\\\/logoSC.jpg\",\"width\":300,\"height\":125,\"caption\":\"Soluciones Contract\"},\"image\":{\"@id\":\"https:\\\/\\\/solucionescontract.com\\\/#\\\/schema\\\/logo\\\/image\\\/\"},\"sameAs\":[\"https:\\\/\\\/www.facebook.com\\\/solucionescontract\\\/\"]}]}<\/script>\n<!-- \/ Yoast SEO plugin. -->","yoast_head_json":{"title":"LAMPE D\u00c9CORATIVE FIAMMA - Muebles de dise\u00f1o en Soluciones Contract","description":"Compra LAMPE D\u00c9CORATIVE FIAMMA online en nuestra tienda de muebles Contract. Encuentra el mejor MOBILIARIO DE DISE\u00d1O para Hotel, Hogar y uso comercial. Descubre las mejores marcas en nuestro cat\u00e1logo.","robots":{"index":"index","follow":"follow","max-snippet":"max-snippet:-1","max-image-preview":"max-image-preview:large","max-video-preview":"max-video-preview:-1"},"canonical":"https:\/\/solucionescontract.com\/fr\/producto\/lampe-decorative-fiamma\/","og_locale":"fr_FR","og_type":"article","og_title":"LAMPE D\u00c9CORATIVE FIAMMA - Muebles de dise\u00f1o en Soluciones Contract","og_description":"Compra LAMPE D\u00c9CORATIVE FIAMMA online en nuestra tienda de muebles Contract. Encuentra el mejor MOBILIARIO DE DISE\u00d1O para Hotel, Hogar y uso comercial. Descubre las mejores marcas en nuestro cat\u00e1logo.","og_url":"https:\/\/solucionescontract.com\/fr\/producto\/lampe-decorative-fiamma\/","og_site_name":"Soluciones Contract","article_publisher":"https:\/\/www.facebook.com\/solucionescontract\/","og_image":[{"width":600,"height":600,"url":"https:\/\/solucionescontract.com\/wp-content\/uploads\/2018\/11\/lampara-decorativa-fiamma-CONTRACT.jpg","type":"image\/jpeg"}],"twitter_card":"summary_large_image","schema":{"@context":"https:\/\/schema.org","@graph":[{"@type":"WebPage","@id":"https:\/\/solucionescontract.com\/fr\/producto\/lampe-decorative-fiamma\/","url":"https:\/\/solucionescontract.com\/fr\/producto\/lampe-decorative-fiamma\/","name":"LAMPE D\u00c9CORATIVE FIAMMA - Muebles de dise\u00f1o en Soluciones Contract","isPartOf":{"@id":"https:\/\/solucionescontract.com\/#website"},"primaryImageOfPage":{"@id":"https:\/\/solucionescontract.com\/fr\/producto\/lampe-decorative-fiamma\/#primaryimage"},"image":{"@id":"https:\/\/solucionescontract.com\/fr\/producto\/lampe-decorative-fiamma\/#primaryimage"},"thumbnailUrl":"https:\/\/solucionescontract.com\/wp-content\/uploads\/2018\/11\/lampara-decorativa-fiamma-CONTRACT.jpg","datePublished":"2018-11-13T22:39:56+00:00","description":"Compra LAMPE D\u00c9CORATIVE FIAMMA online en nuestra tienda de muebles Contract. Encuentra el mejor MOBILIARIO DE DISE\u00d1O para Hotel, Hogar y uso comercial. Descubre las mejores marcas en nuestro cat\u00e1logo.","breadcrumb":{"@id":"https:\/\/solucionescontract.com\/fr\/producto\/lampe-decorative-fiamma\/#breadcrumb"},"inLanguage":"fr-FR","potentialAction":[{"@type":"ReadAction","target":["https:\/\/solucionescontract.com\/fr\/producto\/lampe-decorative-fiamma\/"]}]},{"@type":"ImageObject","inLanguage":"fr-FR","@id":"https:\/\/solucionescontract.com\/fr\/producto\/lampe-decorative-fiamma\/#primaryimage","url":"https:\/\/solucionescontract.com\/wp-content\/uploads\/2018\/11\/lampara-decorativa-fiamma-CONTRACT.jpg","contentUrl":"https:\/\/solucionescontract.com\/wp-content\/uploads\/2018\/11\/lampara-decorativa-fiamma-CONTRACT.jpg","width":600,"height":600},{"@type":"BreadcrumbList","@id":"https:\/\/solucionescontract.com\/fr\/producto\/lampe-decorative-fiamma\/#breadcrumb","itemListElement":[{"@type":"ListItem","position":1,"name":"Inicio","item":"https:\/\/solucionescontract.com\/"},{"@type":"ListItem","position":2,"name":"Tienda mobiliario contract","item":"https:\/\/solucionescontract.com\/tienda-mobiliario-contract\/"},{"@type":"ListItem","position":3,"name":"\u00c9clairage design","item":"https:\/\/solucionescontract.com\/fr\/categoria-producto\/eclairage-design\/"},{"@type":"ListItem","position":4,"name":"Lampe de chevet","item":"https:\/\/solucionescontract.com\/fr\/categoria-producto\/eclairage-design\/lampe-de-chevet\/"},{"@type":"ListItem","position":5,"name":"LAMPE D\u00c9CORATIVE FIAMMA"}]},{"@type":"WebSite","@id":"https:\/\/solucionescontract.com\/#website","url":"https:\/\/solucionescontract.com\/","name":"Soluciones Contract","description":"Venta Mobiliario contract de dise\u00f1o","publisher":{"@id":"https:\/\/solucionescontract.com\/#organization"},"potentialAction":[{"@type":"SearchAction","target":{"@type":"EntryPoint","urlTemplate":"https:\/\/solucionescontract.com\/?s={search_term_string}"},"query-input":{"@type":"PropertyValueSpecification","valueRequired":true,"valueName":"search_term_string"}}],"inLanguage":"fr-FR"},{"@type":"Organization","@id":"https:\/\/solucionescontract.com\/#organization","name":"Soluciones Contract","url":"https:\/\/solucionescontract.com\/","logo":{"@type":"ImageObject","inLanguage":"fr-FR","@id":"https:\/\/solucionescontract.com\/#\/schema\/logo\/image\/","url":"https:\/\/solucionescontract.com\/wp-content\/uploads\/2020\/02\/logoSC.jpg","contentUrl":"https:\/\/solucionescontract.com\/wp-content\/uploads\/2020\/02\/logoSC.jpg","width":300,"height":125,"caption":"Soluciones Contract"},"image":{"@id":"https:\/\/solucionescontract.com\/#\/schema\/logo\/image\/"},"sameAs":["https:\/\/www.facebook.com\/solucionescontract\/"]}]}},"_links":{"self":[{"href":"https:\/\/solucionescontract.com\/fr\/wp-json\/wp\/v2\/product\/23153","targetHints":{"allow":["GET"]}}],"collection":[{"href":"https:\/\/solucionescontract.com\/fr\/wp-json\/wp\/v2\/product"}],"about":[{"href":"https:\/\/solucionescontract.com\/fr\/wp-json\/wp\/v2\/types\/product"}],"replies":[{"embeddable":true,"href":"https:\/\/solucionescontract.com\/fr\/wp-json\/wp\/v2\/comments?post=23153"}],"wp:featuredmedia":[{"embeddable":true,"href":"https:\/\/solucionescontract.com\/fr\/wp-json\/wp\/v2\/media\/14640"}],"wp:attachment":[{"href":"https:\/\/solucionescontract.com\/fr\/wp-json\/wp\/v2\/media?parent=23153"}],"wp:term":[{"taxonomy":"product_brand","embeddable":true,"href":"https:\/\/solucionescontract.com\/fr\/wp-json\/wp\/v2\/product_brand?post=23153"},{"taxonomy":"product_cat","embeddable":true,"href":"https:\/\/solucionescontract.com\/fr\/wp-json\/wp\/v2\/product_cat?post=23153"},{"taxonomy":"product_tag","embeddable":true,"href":"https:\/\/solucionescontract.com\/fr\/wp-json\/wp\/v2\/product_tag?post=23153"}],"curies":[{"name":"wp","href":"https:\/\/api.w.org\/{rel}","templated":true}]}}