{"id":23102,"date":"2021-02-12T09:30:26","date_gmt":"2021-02-12T09:30:28","guid":{"rendered":"https:\/\/www.solucionescontract.com\/?post_type=product&#038;p=23102"},"modified":"2021-04-19T10:18:03","modified_gmt":"2021-04-19T10:18:03","slug":"puf-buddy","status":"publish","type":"product","link":"https:\/\/solucionescontract.com\/fr\/producto\/puf-buddy\/","title":{"rendered":"PUF Buddy"},"content":{"rendered":"<p> Puff tapizado Buddy dise\u00f1ado por Busetti Garuti Redaelli. <a href=\"https:\/\/www.pedrali.it\/es\/empresa\/disenadores\/Busetti-Garuti-Redaelli-00001\/\"> <\/a> <\/p>\n<div class = \"desc\">\n<p> Creado con unas l\u00edneas suaves y el dise\u00f1o sencillo que son los que caracterizan la colecci\u00f3n Buddy. La forma redundante de los puf &#8211; con su tapizado generoso y c\u00f3modo &#8211; se apoya en cuatro patas finas y rigurosas en tubo de acero \u00d820mm. El volumen se mantiene en el aire, facilit\u00e1ndole una ligereza visual y otorg\u00e1ndole una funcionalidad extrema. <\/p>\n<p> Puf Buddy con asiento de inyecci\u00f3n de poliuretano flexible ign\u00edfugo y armaz\u00f3n de acero <\/p>\n<p> Asiento: Moldeo con espuma de poliuretano flexible (densidad 65 kg \/ m\u00b3), \u200b\u200bign\u00edfuga (clase 1IM), forrada de tela. <\/p>\n<p> Altura 450 mm. <\/p>\n<\/div>\n<p> &#038; nbsp; <\/p>\n<p><\/script><\/p>\n","protected":false},"excerpt":{"rendered":"<ul>\n<li> Pouf rembourr\u00e9 con\u00e7u par Busetti Garuti Redaelli. <a href=\"https:\/\/www.pedrali.it\/en\/empresa\/desenadores\/Busetti-Garuti-Redaelli-00001\/\"> <\/a> <\/li>\n<li> Avec un design tr\u00e8s fonctionnel, il est parfait aussi bien pour les espaces publics, h\u00f4tels, salles d&rsquo;attente, cliniques &#8230; que pour la maison. <\/li>\n<li> Finition des pieds en laiton blanc, noir ou antique <\/li>\n<li> Utilisation en int\u00e9rieur <\/li>\n<li> Mesure: 1100x550mm <\/li>\n<li> Hauteurs disponibles: 400 et 450 mm <\/li>\n<li> <span style = \"font-size: 14pt;\"> <a href=\"https:\/\/solucionescontract.com\/producto\/tapizados-pedrali-c\/\"> Consulter la sellerie <\/a> <\/ span > <span style = \"font-size: 14pt;\"> <a href=\"https:\/\/solucionescontract.com\/producto\/tapizados-pedrali-c\/\"> ici <\/a> <\/span> <\/ li>\n<\/ul>\n","protected":false},"featured_media":23111,"comment_status":"open","ping_status":"closed","template":"","meta":[],"product_brand":[],"product_cat":[533],"product_tag":[689],"class_list":{"0":"post-23102","1":"product","2":"type-product","3":"status-publish","4":"has-post-thumbnail","6":"product_cat-poufs-design","7":"product_tag-asientos-tapizados-fr","8":"product_shipping_class-gratuit","9":"yith_product_brand-pedrali-fr","11":"first","12":"instock","13":"taxable","14":"shipping-taxable","15":"purchasable","16":"product-type-variable"},"yoast_head":"<!-- This site is optimized with the Yoast SEO plugin v27.3 - https:\/\/yoast.com\/product\/yoast-seo-wordpress\/ -->\n<title>POUF EN TUBE REMBOURR\u00c9 - MOBILIER DESIGN<\/title>\n<meta name=\"description\" content=\"Pouf en tube rembourr\u00e9, id\u00e9al pour fournir des places assises tout en prenant un minimum de place, tant pour les espaces publics, les salles d&#039;attente ... que pour home.venta online\" \/>\n<meta name=\"robots\" content=\"index, follow, max-snippet:-1, max-image-preview:large, max-video-preview:-1\" \/>\n<link rel=\"canonical\" href=\"https:\/\/solucionescontract.com\/fr\/producto\/puf-buddy\/\" \/>\n<meta property=\"og:locale\" content=\"fr_FR\" \/>\n<meta property=\"og:type\" content=\"article\" \/>\n<meta property=\"og:title\" content=\"POUF EN TUBE REMBOURR\u00c9 - MOBILIER DESIGN\" \/>\n<meta property=\"og:description\" content=\"Pouf en tube rembourr\u00e9, id\u00e9al pour fournir des places assises tout en prenant un minimum de place, tant pour les espaces publics, les salles d&#039;attente ... que pour home.venta online\" \/>\n<meta property=\"og:url\" content=\"https:\/\/solucionescontract.com\/fr\/producto\/puf-buddy\/\" \/>\n<meta property=\"og:site_name\" content=\"Soluciones Contract\" \/>\n<meta property=\"article:publisher\" content=\"https:\/\/www.facebook.com\/solucionescontract\/\" \/>\n<meta property=\"article:modified_time\" content=\"2021-04-19T10:18:03+00:00\" \/>\n<meta property=\"og:image\" content=\"https:\/\/solucionescontract.com\/wp-content\/uploads\/2021\/02\/puf-buddy-1.jpg\" \/>\n\t<meta property=\"og:image:width\" content=\"2000\" \/>\n\t<meta property=\"og:image:height\" content=\"1373\" \/>\n\t<meta property=\"og:image:type\" content=\"image\/jpeg\" \/>\n<meta name=\"twitter:card\" content=\"summary_large_image\" \/>\n<meta name=\"twitter:label1\" content=\"Dur\u00e9e de lecture estim\u00e9e\" \/>\n\t<meta name=\"twitter:data1\" content=\"1 minute\" \/>\n<script type=\"application\/ld+json\" class=\"yoast-schema-graph\">{\"@context\":\"https:\\\/\\\/schema.org\",\"@graph\":[{\"@type\":\"WebPage\",\"@id\":\"https:\\\/\\\/solucionescontract.com\\\/fr\\\/producto\\\/puf-buddy\\\/\",\"url\":\"https:\\\/\\\/solucionescontract.com\\\/fr\\\/producto\\\/puf-buddy\\\/\",\"name\":\"POUF EN TUBE REMBOURR\u00c9 - MOBILIER DESIGN\",\"isPartOf\":{\"@id\":\"https:\\\/\\\/solucionescontract.com\\\/#website\"},\"primaryImageOfPage\":{\"@id\":\"https:\\\/\\\/solucionescontract.com\\\/fr\\\/producto\\\/puf-buddy\\\/#primaryimage\"},\"image\":{\"@id\":\"https:\\\/\\\/solucionescontract.com\\\/fr\\\/producto\\\/puf-buddy\\\/#primaryimage\"},\"thumbnailUrl\":\"https:\\\/\\\/solucionescontract.com\\\/wp-content\\\/uploads\\\/2021\\\/02\\\/puf-buddy-1.jpg\",\"datePublished\":\"2021-02-12T09:30:28+00:00\",\"dateModified\":\"2021-04-19T10:18:03+00:00\",\"description\":\"Pouf en tube rembourr\u00e9, id\u00e9al pour fournir des places assises tout en prenant un minimum de place, tant pour les espaces publics, les salles d'attente ... que pour home.venta online\",\"breadcrumb\":{\"@id\":\"https:\\\/\\\/solucionescontract.com\\\/fr\\\/producto\\\/puf-buddy\\\/#breadcrumb\"},\"inLanguage\":\"fr-FR\",\"potentialAction\":[{\"@type\":\"ReadAction\",\"target\":[\"https:\\\/\\\/solucionescontract.com\\\/fr\\\/producto\\\/puf-buddy\\\/\"]}]},{\"@type\":\"ImageObject\",\"inLanguage\":\"fr-FR\",\"@id\":\"https:\\\/\\\/solucionescontract.com\\\/fr\\\/producto\\\/puf-buddy\\\/#primaryimage\",\"url\":\"https:\\\/\\\/solucionescontract.com\\\/wp-content\\\/uploads\\\/2021\\\/02\\\/puf-buddy-1.jpg\",\"contentUrl\":\"https:\\\/\\\/solucionescontract.com\\\/wp-content\\\/uploads\\\/2021\\\/02\\\/puf-buddy-1.jpg\",\"width\":2000,\"height\":1373},{\"@type\":\"BreadcrumbList\",\"@id\":\"https:\\\/\\\/solucionescontract.com\\\/fr\\\/producto\\\/puf-buddy\\\/#breadcrumb\",\"itemListElement\":[{\"@type\":\"ListItem\",\"position\":1,\"name\":\"Inicio\",\"item\":\"https:\\\/\\\/solucionescontract.com\\\/\"},{\"@type\":\"ListItem\",\"position\":2,\"name\":\"Tienda mobiliario contract\",\"item\":\"https:\\\/\\\/solucionescontract.com\\\/tienda-mobiliario-contract\\\/\"},{\"@type\":\"ListItem\",\"position\":3,\"name\":\"Si\u00e8ges contractuels\",\"item\":\"https:\\\/\\\/solucionescontract.com\\\/fr\\\/categoria-producto\\\/sieges-contractuels\\\/\"},{\"@type\":\"ListItem\",\"position\":4,\"name\":\"Poufs design\",\"item\":\"https:\\\/\\\/solucionescontract.com\\\/fr\\\/categoria-producto\\\/sieges-contractuels\\\/poufs-design\\\/\"},{\"@type\":\"ListItem\",\"position\":5,\"name\":\"PUF Buddy\"}]},{\"@type\":\"WebSite\",\"@id\":\"https:\\\/\\\/solucionescontract.com\\\/#website\",\"url\":\"https:\\\/\\\/solucionescontract.com\\\/\",\"name\":\"Soluciones Contract\",\"description\":\"Venta Mobiliario contract de dise\u00f1o\",\"publisher\":{\"@id\":\"https:\\\/\\\/solucionescontract.com\\\/#organization\"},\"potentialAction\":[{\"@type\":\"SearchAction\",\"target\":{\"@type\":\"EntryPoint\",\"urlTemplate\":\"https:\\\/\\\/solucionescontract.com\\\/?s={search_term_string}\"},\"query-input\":{\"@type\":\"PropertyValueSpecification\",\"valueRequired\":true,\"valueName\":\"search_term_string\"}}],\"inLanguage\":\"fr-FR\"},{\"@type\":\"Organization\",\"@id\":\"https:\\\/\\\/solucionescontract.com\\\/#organization\",\"name\":\"Soluciones Contract\",\"url\":\"https:\\\/\\\/solucionescontract.com\\\/\",\"logo\":{\"@type\":\"ImageObject\",\"inLanguage\":\"fr-FR\",\"@id\":\"https:\\\/\\\/solucionescontract.com\\\/#\\\/schema\\\/logo\\\/image\\\/\",\"url\":\"https:\\\/\\\/solucionescontract.com\\\/wp-content\\\/uploads\\\/2020\\\/02\\\/logoSC.jpg\",\"contentUrl\":\"https:\\\/\\\/solucionescontract.com\\\/wp-content\\\/uploads\\\/2020\\\/02\\\/logoSC.jpg\",\"width\":300,\"height\":125,\"caption\":\"Soluciones Contract\"},\"image\":{\"@id\":\"https:\\\/\\\/solucionescontract.com\\\/#\\\/schema\\\/logo\\\/image\\\/\"},\"sameAs\":[\"https:\\\/\\\/www.facebook.com\\\/solucionescontract\\\/\"]}]}<\/script>\n<!-- \/ Yoast SEO plugin. -->","yoast_head_json":{"title":"POUF EN TUBE REMBOURR\u00c9 - MOBILIER DESIGN","description":"Pouf en tube rembourr\u00e9, id\u00e9al pour fournir des places assises tout en prenant un minimum de place, tant pour les espaces publics, les salles d'attente ... que pour home.venta online","robots":{"index":"index","follow":"follow","max-snippet":"max-snippet:-1","max-image-preview":"max-image-preview:large","max-video-preview":"max-video-preview:-1"},"canonical":"https:\/\/solucionescontract.com\/fr\/producto\/puf-buddy\/","og_locale":"fr_FR","og_type":"article","og_title":"POUF EN TUBE REMBOURR\u00c9 - MOBILIER DESIGN","og_description":"Pouf en tube rembourr\u00e9, id\u00e9al pour fournir des places assises tout en prenant un minimum de place, tant pour les espaces publics, les salles d'attente ... que pour home.venta online","og_url":"https:\/\/solucionescontract.com\/fr\/producto\/puf-buddy\/","og_site_name":"Soluciones Contract","article_publisher":"https:\/\/www.facebook.com\/solucionescontract\/","article_modified_time":"2021-04-19T10:18:03+00:00","og_image":[{"width":2000,"height":1373,"url":"https:\/\/solucionescontract.com\/wp-content\/uploads\/2021\/02\/puf-buddy-1.jpg","type":"image\/jpeg"}],"twitter_card":"summary_large_image","twitter_misc":{"Dur\u00e9e de lecture estim\u00e9e":"1 minute"},"schema":{"@context":"https:\/\/schema.org","@graph":[{"@type":"WebPage","@id":"https:\/\/solucionescontract.com\/fr\/producto\/puf-buddy\/","url":"https:\/\/solucionescontract.com\/fr\/producto\/puf-buddy\/","name":"POUF EN TUBE REMBOURR\u00c9 - MOBILIER DESIGN","isPartOf":{"@id":"https:\/\/solucionescontract.com\/#website"},"primaryImageOfPage":{"@id":"https:\/\/solucionescontract.com\/fr\/producto\/puf-buddy\/#primaryimage"},"image":{"@id":"https:\/\/solucionescontract.com\/fr\/producto\/puf-buddy\/#primaryimage"},"thumbnailUrl":"https:\/\/solucionescontract.com\/wp-content\/uploads\/2021\/02\/puf-buddy-1.jpg","datePublished":"2021-02-12T09:30:28+00:00","dateModified":"2021-04-19T10:18:03+00:00","description":"Pouf en tube rembourr\u00e9, id\u00e9al pour fournir des places assises tout en prenant un minimum de place, tant pour les espaces publics, les salles d'attente ... que pour home.venta online","breadcrumb":{"@id":"https:\/\/solucionescontract.com\/fr\/producto\/puf-buddy\/#breadcrumb"},"inLanguage":"fr-FR","potentialAction":[{"@type":"ReadAction","target":["https:\/\/solucionescontract.com\/fr\/producto\/puf-buddy\/"]}]},{"@type":"ImageObject","inLanguage":"fr-FR","@id":"https:\/\/solucionescontract.com\/fr\/producto\/puf-buddy\/#primaryimage","url":"https:\/\/solucionescontract.com\/wp-content\/uploads\/2021\/02\/puf-buddy-1.jpg","contentUrl":"https:\/\/solucionescontract.com\/wp-content\/uploads\/2021\/02\/puf-buddy-1.jpg","width":2000,"height":1373},{"@type":"BreadcrumbList","@id":"https:\/\/solucionescontract.com\/fr\/producto\/puf-buddy\/#breadcrumb","itemListElement":[{"@type":"ListItem","position":1,"name":"Inicio","item":"https:\/\/solucionescontract.com\/"},{"@type":"ListItem","position":2,"name":"Tienda mobiliario contract","item":"https:\/\/solucionescontract.com\/tienda-mobiliario-contract\/"},{"@type":"ListItem","position":3,"name":"Si\u00e8ges contractuels","item":"https:\/\/solucionescontract.com\/fr\/categoria-producto\/sieges-contractuels\/"},{"@type":"ListItem","position":4,"name":"Poufs design","item":"https:\/\/solucionescontract.com\/fr\/categoria-producto\/sieges-contractuels\/poufs-design\/"},{"@type":"ListItem","position":5,"name":"PUF Buddy"}]},{"@type":"WebSite","@id":"https:\/\/solucionescontract.com\/#website","url":"https:\/\/solucionescontract.com\/","name":"Soluciones Contract","description":"Venta Mobiliario contract de dise\u00f1o","publisher":{"@id":"https:\/\/solucionescontract.com\/#organization"},"potentialAction":[{"@type":"SearchAction","target":{"@type":"EntryPoint","urlTemplate":"https:\/\/solucionescontract.com\/?s={search_term_string}"},"query-input":{"@type":"PropertyValueSpecification","valueRequired":true,"valueName":"search_term_string"}}],"inLanguage":"fr-FR"},{"@type":"Organization","@id":"https:\/\/solucionescontract.com\/#organization","name":"Soluciones Contract","url":"https:\/\/solucionescontract.com\/","logo":{"@type":"ImageObject","inLanguage":"fr-FR","@id":"https:\/\/solucionescontract.com\/#\/schema\/logo\/image\/","url":"https:\/\/solucionescontract.com\/wp-content\/uploads\/2020\/02\/logoSC.jpg","contentUrl":"https:\/\/solucionescontract.com\/wp-content\/uploads\/2020\/02\/logoSC.jpg","width":300,"height":125,"caption":"Soluciones Contract"},"image":{"@id":"https:\/\/solucionescontract.com\/#\/schema\/logo\/image\/"},"sameAs":["https:\/\/www.facebook.com\/solucionescontract\/"]}]}},"_links":{"self":[{"href":"https:\/\/solucionescontract.com\/fr\/wp-json\/wp\/v2\/product\/23102","targetHints":{"allow":["GET"]}}],"collection":[{"href":"https:\/\/solucionescontract.com\/fr\/wp-json\/wp\/v2\/product"}],"about":[{"href":"https:\/\/solucionescontract.com\/fr\/wp-json\/wp\/v2\/types\/product"}],"replies":[{"embeddable":true,"href":"https:\/\/solucionescontract.com\/fr\/wp-json\/wp\/v2\/comments?post=23102"}],"wp:featuredmedia":[{"embeddable":true,"href":"https:\/\/solucionescontract.com\/fr\/wp-json\/wp\/v2\/media\/23111"}],"wp:attachment":[{"href":"https:\/\/solucionescontract.com\/fr\/wp-json\/wp\/v2\/media?parent=23102"}],"wp:term":[{"taxonomy":"product_brand","embeddable":true,"href":"https:\/\/solucionescontract.com\/fr\/wp-json\/wp\/v2\/product_brand?post=23102"},{"taxonomy":"product_cat","embeddable":true,"href":"https:\/\/solucionescontract.com\/fr\/wp-json\/wp\/v2\/product_cat?post=23102"},{"taxonomy":"product_tag","embeddable":true,"href":"https:\/\/solucionescontract.com\/fr\/wp-json\/wp\/v2\/product_tag?post=23102"}],"curies":[{"name":"wp","href":"https:\/\/api.w.org\/{rel}","templated":true}]}}