{"id":23075,"date":"2021-02-12T08:53:50","date_gmt":"2021-02-12T08:53:52","guid":{"rendered":"https:\/\/www.solucionescontract.com\/?post_type=product&#038;p=23075"},"modified":"2021-04-19T10:12:59","modified_gmt":"2021-04-19T10:12:59","slug":"puff-en-tube-rembourre","status":"publish","type":"product","link":"https:\/\/solucionescontract.com\/fr\/producto\/puff-en-tube-rembourre\/","title":{"rendered":"POUF EN TUBE REMBOURR\u00c9"},"content":{"rendered":"<p> Le pouf rembourr\u00e9 a une structure et un cadre en bois de pin de 1\u00e8re qualit\u00e9 recouvert de panneaux de particules de 18 mm et recouverts de mousse de polyur\u00e9thane haute densit\u00e9 avec un HR de 20 kg \/ m3. <\/p>\n<p> Le si\u00e8ge est en caoutchouc mousse polyur\u00e9thane RH 30 Kg. Epaisseur moyenne 35 mm. <\/p>\n<p> Rembourrage <b>: <\/b> Mat\u00e9riau \u00e0 haute r\u00e9sistance \u00e0 l&rsquo;usure (abrasion), ignifuge, durabilit\u00e9 de la couleur \u00e0 la lumi\u00e8re du soleil, avec traitement contre les attaques de micro-organismes (champignons et bact\u00e9ries), excellente facilit\u00e9 de nettoyage et bon physique r\u00e9sistance, r\u00e9sistant aux taches. Dans des couleurs fortes et durables qui ne se d\u00e9coloreront pas et ne se transf\u00e9reront pas sur d&rsquo;autres mat\u00e9riaux. Protection antimicrobienne. Protection antibact\u00e9rienne. Protection antifongique. Finition antistatique. Mat\u00e9riau ignifuge UNE 23.727-90 1R \/ M2. <\/p>\n<p> Conforme aux normes BS \/ DIN EN 71-3 <\/p>\n<p> &#038; nbsp; <\/p>\n<p> <a href=\"https:\/\/solucionescontract.com\/wp-content\/uploads\/2021\/02\/MEDIDAS-PUF-1.jpg\"> <img class = \"alignnone size-full wp-image- 23091 \"src =\" https:\/\/solucionescontract.com\/wp-content\/uploads\/2021\/02\/MEDIDAS-PUF-1.jpg \"alt =\" \"width =\" 477 \"height =\" 151 \"\/> <\/a> <\/p>\n<p> &#038; nbsp; <\/p>\n<p><\/script><\/p>\n","protected":false},"excerpt":{"rendered":"<ul>\n<li> Pouf rembourr\u00e9 en forme de cube con\u00e7u pour offrir une assise tout en prenant un minimum de place. <\/li>\n<li> Parfait aussi bien pour les espaces publics, les h\u00f4tels, les salles d&rsquo;attente, les cliniques &#8230; que pour la maison <\/li>\n<li> Utilisation en int\u00e9rieur <\/li>\n<li> Diam\u00e8tres disponibles 40, 60 et 90 cm. <\/li>\n<li> Hauteur d&rsquo;assise 50 cm. <\/li>\n<li> V\u00e9rifiez les finitions et le rembourrage <span style = \"font-size: 14pt;\"> <a href=\"https:\/\/solucionescontract.com\/producto\/acabados-tm\/\"> <strong> ici <\/strong> <\/a> <\/span> <\/li>\n<\/ul>\n","protected":false},"featured_media":23084,"comment_status":"open","ping_status":"closed","template":"","meta":[],"product_brand":[],"product_cat":[533],"product_tag":[689],"class_list":{"0":"post-23075","1":"product","2":"type-product","3":"status-publish","4":"has-post-thumbnail","6":"product_cat-poufs-design","7":"product_tag-asientos-tapizados-fr","8":"product_shipping_class-gratuit","9":"yith_product_brand-tm-sillerias-fr","11":"first","12":"instock","13":"taxable","14":"shipping-taxable","15":"product-type-variable"},"yoast_head":"<!-- This site is optimized with the Yoast SEO plugin v27.3 - https:\/\/yoast.com\/product\/yoast-seo-wordpress\/ -->\n<title>POUF EN TUBE REMBOURR\u00c9 - MOBILIER DESIGN<\/title>\n<meta name=\"description\" content=\"Pouf en tube rembourr\u00e9, id\u00e9al pour fournir des places assises tout en prenant un minimum de place, tant pour les espaces publics, les salles d&#039;attente ... que pour home.venta online\" \/>\n<meta name=\"robots\" content=\"index, follow, max-snippet:-1, max-image-preview:large, max-video-preview:-1\" \/>\n<link rel=\"canonical\" href=\"https:\/\/solucionescontract.com\/producto\/puf-dado-copia\/\" \/>\n<meta property=\"og:locale\" content=\"fr_FR\" \/>\n<meta property=\"og:type\" content=\"article\" \/>\n<meta property=\"og:title\" content=\"POUF EN TUBE REMBOURR\u00c9 - MOBILIER DESIGN\" \/>\n<meta property=\"og:description\" content=\"Pouf en tube rembourr\u00e9, id\u00e9al pour fournir des places assises tout en prenant un minimum de place, tant pour les espaces publics, les salles d&#039;attente ... que pour home.venta online\" \/>\n<meta property=\"og:url\" content=\"https:\/\/solucionescontract.com\/producto\/puf-dado-copia\/\" \/>\n<meta property=\"og:site_name\" content=\"Soluciones Contract\" \/>\n<meta property=\"article:publisher\" content=\"https:\/\/www.facebook.com\/solucionescontract\/\" \/>\n<meta property=\"article:modified_time\" content=\"2021-04-19T10:12:59+00:00\" \/>\n<meta property=\"og:image\" content=\"https:\/\/solucionescontract.com\/wp-content\/uploads\/2021\/02\/pouff-dado.jpg\" \/>\n\t<meta property=\"og:image:width\" content=\"900\" \/>\n\t<meta property=\"og:image:height\" content=\"900\" \/>\n\t<meta property=\"og:image:type\" content=\"image\/jpeg\" \/>\n<meta name=\"twitter:card\" content=\"summary_large_image\" \/>\n<meta name=\"twitter:label1\" content=\"Dur\u00e9e de lecture estim\u00e9e\" \/>\n\t<meta name=\"twitter:data1\" content=\"1 minute\" \/>\n<script type=\"application\/ld+json\" class=\"yoast-schema-graph\">{\"@context\":\"https:\\\/\\\/schema.org\",\"@graph\":[{\"@type\":\"WebPage\",\"@id\":\"https:\\\/\\\/solucionescontract.com\\\/producto\\\/puf-dado-copia\\\/\",\"url\":\"https:\\\/\\\/solucionescontract.com\\\/producto\\\/puf-dado-copia\\\/\",\"name\":\"POUF EN TUBE REMBOURR\u00c9 - MOBILIER DESIGN\",\"isPartOf\":{\"@id\":\"https:\\\/\\\/solucionescontract.com\\\/#website\"},\"primaryImageOfPage\":{\"@id\":\"https:\\\/\\\/solucionescontract.com\\\/producto\\\/puf-dado-copia\\\/#primaryimage\"},\"image\":{\"@id\":\"https:\\\/\\\/solucionescontract.com\\\/producto\\\/puf-dado-copia\\\/#primaryimage\"},\"thumbnailUrl\":\"https:\\\/\\\/solucionescontract.com\\\/wp-content\\\/uploads\\\/2021\\\/02\\\/pouff-dado.jpg\",\"datePublished\":\"2021-02-12T08:53:52+00:00\",\"dateModified\":\"2021-04-19T10:12:59+00:00\",\"description\":\"Pouf en tube rembourr\u00e9, id\u00e9al pour fournir des places assises tout en prenant un minimum de place, tant pour les espaces publics, les salles d'attente ... que pour home.venta online\",\"breadcrumb\":{\"@id\":\"https:\\\/\\\/solucionescontract.com\\\/producto\\\/puf-dado-copia\\\/#breadcrumb\"},\"inLanguage\":\"fr-FR\",\"potentialAction\":[{\"@type\":\"ReadAction\",\"target\":[\"https:\\\/\\\/solucionescontract.com\\\/producto\\\/puf-dado-copia\\\/\"]}]},{\"@type\":\"ImageObject\",\"inLanguage\":\"fr-FR\",\"@id\":\"https:\\\/\\\/solucionescontract.com\\\/producto\\\/puf-dado-copia\\\/#primaryimage\",\"url\":\"https:\\\/\\\/solucionescontract.com\\\/wp-content\\\/uploads\\\/2021\\\/02\\\/pouff-dado.jpg\",\"contentUrl\":\"https:\\\/\\\/solucionescontract.com\\\/wp-content\\\/uploads\\\/2021\\\/02\\\/pouff-dado.jpg\",\"width\":900,\"height\":900},{\"@type\":\"BreadcrumbList\",\"@id\":\"https:\\\/\\\/solucionescontract.com\\\/producto\\\/puf-dado-copia\\\/#breadcrumb\",\"itemListElement\":[{\"@type\":\"ListItem\",\"position\":1,\"name\":\"Inicio\",\"item\":\"https:\\\/\\\/solucionescontract.com\\\/\"},{\"@type\":\"ListItem\",\"position\":2,\"name\":\"Tienda mobiliario contract\",\"item\":\"https:\\\/\\\/solucionescontract.com\\\/tienda-mobiliario-contract\\\/\"},{\"@type\":\"ListItem\",\"position\":3,\"name\":\"Asientos Contract\",\"item\":\"https:\\\/\\\/solucionescontract.com\\\/categoria-producto\\\/asientos-para-contract\\\/\"},{\"@type\":\"ListItem\",\"position\":4,\"name\":\"Pufs de dise\u00f1o\",\"item\":\"https:\\\/\\\/solucionescontract.com\\\/categoria-producto\\\/asientos-para-contract\\\/pufs-de-diseno\\\/\"},{\"@type\":\"ListItem\",\"position\":5,\"name\":\"POUF EN TUBE REMBOURR\u00c9\"}]},{\"@type\":\"WebSite\",\"@id\":\"https:\\\/\\\/solucionescontract.com\\\/#website\",\"url\":\"https:\\\/\\\/solucionescontract.com\\\/\",\"name\":\"Soluciones Contract\",\"description\":\"Venta Mobiliario contract de dise\u00f1o\",\"publisher\":{\"@id\":\"https:\\\/\\\/solucionescontract.com\\\/#organization\"},\"potentialAction\":[{\"@type\":\"SearchAction\",\"target\":{\"@type\":\"EntryPoint\",\"urlTemplate\":\"https:\\\/\\\/solucionescontract.com\\\/?s={search_term_string}\"},\"query-input\":{\"@type\":\"PropertyValueSpecification\",\"valueRequired\":true,\"valueName\":\"search_term_string\"}}],\"inLanguage\":\"fr-FR\"},{\"@type\":\"Organization\",\"@id\":\"https:\\\/\\\/solucionescontract.com\\\/#organization\",\"name\":\"Soluciones Contract\",\"url\":\"https:\\\/\\\/solucionescontract.com\\\/\",\"logo\":{\"@type\":\"ImageObject\",\"inLanguage\":\"fr-FR\",\"@id\":\"https:\\\/\\\/solucionescontract.com\\\/#\\\/schema\\\/logo\\\/image\\\/\",\"url\":\"https:\\\/\\\/solucionescontract.com\\\/wp-content\\\/uploads\\\/2020\\\/02\\\/logoSC.jpg\",\"contentUrl\":\"https:\\\/\\\/solucionescontract.com\\\/wp-content\\\/uploads\\\/2020\\\/02\\\/logoSC.jpg\",\"width\":300,\"height\":125,\"caption\":\"Soluciones Contract\"},\"image\":{\"@id\":\"https:\\\/\\\/solucionescontract.com\\\/#\\\/schema\\\/logo\\\/image\\\/\"},\"sameAs\":[\"https:\\\/\\\/www.facebook.com\\\/solucionescontract\\\/\"]}]}<\/script>\n<!-- \/ Yoast SEO plugin. -->","yoast_head_json":{"title":"POUF EN TUBE REMBOURR\u00c9 - MOBILIER DESIGN","description":"Pouf en tube rembourr\u00e9, id\u00e9al pour fournir des places assises tout en prenant un minimum de place, tant pour les espaces publics, les salles d'attente ... que pour home.venta online","robots":{"index":"index","follow":"follow","max-snippet":"max-snippet:-1","max-image-preview":"max-image-preview:large","max-video-preview":"max-video-preview:-1"},"canonical":"https:\/\/solucionescontract.com\/producto\/puf-dado-copia\/","og_locale":"fr_FR","og_type":"article","og_title":"POUF EN TUBE REMBOURR\u00c9 - MOBILIER DESIGN","og_description":"Pouf en tube rembourr\u00e9, id\u00e9al pour fournir des places assises tout en prenant un minimum de place, tant pour les espaces publics, les salles d'attente ... que pour home.venta online","og_url":"https:\/\/solucionescontract.com\/producto\/puf-dado-copia\/","og_site_name":"Soluciones Contract","article_publisher":"https:\/\/www.facebook.com\/solucionescontract\/","article_modified_time":"2021-04-19T10:12:59+00:00","og_image":[{"width":900,"height":900,"url":"https:\/\/solucionescontract.com\/wp-content\/uploads\/2021\/02\/pouff-dado.jpg","type":"image\/jpeg"}],"twitter_card":"summary_large_image","twitter_misc":{"Dur\u00e9e de lecture estim\u00e9e":"1 minute"},"schema":{"@context":"https:\/\/schema.org","@graph":[{"@type":"WebPage","@id":"https:\/\/solucionescontract.com\/producto\/puf-dado-copia\/","url":"https:\/\/solucionescontract.com\/producto\/puf-dado-copia\/","name":"POUF EN TUBE REMBOURR\u00c9 - MOBILIER DESIGN","isPartOf":{"@id":"https:\/\/solucionescontract.com\/#website"},"primaryImageOfPage":{"@id":"https:\/\/solucionescontract.com\/producto\/puf-dado-copia\/#primaryimage"},"image":{"@id":"https:\/\/solucionescontract.com\/producto\/puf-dado-copia\/#primaryimage"},"thumbnailUrl":"https:\/\/solucionescontract.com\/wp-content\/uploads\/2021\/02\/pouff-dado.jpg","datePublished":"2021-02-12T08:53:52+00:00","dateModified":"2021-04-19T10:12:59+00:00","description":"Pouf en tube rembourr\u00e9, id\u00e9al pour fournir des places assises tout en prenant un minimum de place, tant pour les espaces publics, les salles d'attente ... que pour home.venta online","breadcrumb":{"@id":"https:\/\/solucionescontract.com\/producto\/puf-dado-copia\/#breadcrumb"},"inLanguage":"fr-FR","potentialAction":[{"@type":"ReadAction","target":["https:\/\/solucionescontract.com\/producto\/puf-dado-copia\/"]}]},{"@type":"ImageObject","inLanguage":"fr-FR","@id":"https:\/\/solucionescontract.com\/producto\/puf-dado-copia\/#primaryimage","url":"https:\/\/solucionescontract.com\/wp-content\/uploads\/2021\/02\/pouff-dado.jpg","contentUrl":"https:\/\/solucionescontract.com\/wp-content\/uploads\/2021\/02\/pouff-dado.jpg","width":900,"height":900},{"@type":"BreadcrumbList","@id":"https:\/\/solucionescontract.com\/producto\/puf-dado-copia\/#breadcrumb","itemListElement":[{"@type":"ListItem","position":1,"name":"Inicio","item":"https:\/\/solucionescontract.com\/"},{"@type":"ListItem","position":2,"name":"Tienda mobiliario contract","item":"https:\/\/solucionescontract.com\/tienda-mobiliario-contract\/"},{"@type":"ListItem","position":3,"name":"Asientos Contract","item":"https:\/\/solucionescontract.com\/categoria-producto\/asientos-para-contract\/"},{"@type":"ListItem","position":4,"name":"Pufs de dise\u00f1o","item":"https:\/\/solucionescontract.com\/categoria-producto\/asientos-para-contract\/pufs-de-diseno\/"},{"@type":"ListItem","position":5,"name":"POUF EN TUBE REMBOURR\u00c9"}]},{"@type":"WebSite","@id":"https:\/\/solucionescontract.com\/#website","url":"https:\/\/solucionescontract.com\/","name":"Soluciones Contract","description":"Venta Mobiliario contract de dise\u00f1o","publisher":{"@id":"https:\/\/solucionescontract.com\/#organization"},"potentialAction":[{"@type":"SearchAction","target":{"@type":"EntryPoint","urlTemplate":"https:\/\/solucionescontract.com\/?s={search_term_string}"},"query-input":{"@type":"PropertyValueSpecification","valueRequired":true,"valueName":"search_term_string"}}],"inLanguage":"fr-FR"},{"@type":"Organization","@id":"https:\/\/solucionescontract.com\/#organization","name":"Soluciones Contract","url":"https:\/\/solucionescontract.com\/","logo":{"@type":"ImageObject","inLanguage":"fr-FR","@id":"https:\/\/solucionescontract.com\/#\/schema\/logo\/image\/","url":"https:\/\/solucionescontract.com\/wp-content\/uploads\/2020\/02\/logoSC.jpg","contentUrl":"https:\/\/solucionescontract.com\/wp-content\/uploads\/2020\/02\/logoSC.jpg","width":300,"height":125,"caption":"Soluciones Contract"},"image":{"@id":"https:\/\/solucionescontract.com\/#\/schema\/logo\/image\/"},"sameAs":["https:\/\/www.facebook.com\/solucionescontract\/"]}]}},"_links":{"self":[{"href":"https:\/\/solucionescontract.com\/fr\/wp-json\/wp\/v2\/product\/23075","targetHints":{"allow":["GET"]}}],"collection":[{"href":"https:\/\/solucionescontract.com\/fr\/wp-json\/wp\/v2\/product"}],"about":[{"href":"https:\/\/solucionescontract.com\/fr\/wp-json\/wp\/v2\/types\/product"}],"replies":[{"embeddable":true,"href":"https:\/\/solucionescontract.com\/fr\/wp-json\/wp\/v2\/comments?post=23075"}],"wp:featuredmedia":[{"embeddable":true,"href":"https:\/\/solucionescontract.com\/fr\/wp-json\/wp\/v2\/media\/23084"}],"wp:attachment":[{"href":"https:\/\/solucionescontract.com\/fr\/wp-json\/wp\/v2\/media?parent=23075"}],"wp:term":[{"taxonomy":"product_brand","embeddable":true,"href":"https:\/\/solucionescontract.com\/fr\/wp-json\/wp\/v2\/product_brand?post=23075"},{"taxonomy":"product_cat","embeddable":true,"href":"https:\/\/solucionescontract.com\/fr\/wp-json\/wp\/v2\/product_cat?post=23075"},{"taxonomy":"product_tag","embeddable":true,"href":"https:\/\/solucionescontract.com\/fr\/wp-json\/wp\/v2\/product_tag?post=23075"}],"curies":[{"name":"wp","href":"https:\/\/api.w.org\/{rel}","templated":true}]}}