{"id":23016,"date":"2021-02-03T16:22:30","date_gmt":"2021-02-03T16:22:31","guid":{"rendered":"https:\/\/www.solucionescontract.com\/?post_type=product&#038;p=23016"},"modified":"2021-02-25T22:18:51","modified_gmt":"2021-02-25T22:18:51","slug":"chaise-mina","status":"publish","type":"product","link":"https:\/\/solucionescontract.com\/fr\/producto\/chaise-mina\/","title":{"rendered":"CHAISE MINA"},"content":{"rendered":"<p><strong>Description :<\/strong><br \/>\nChaise en couette en bois, de style vintage, id\u00e9ale pour un restaurant, une salle \u00e0 manger ou une salle de congr\u00e8s en raison de sa taille et de sa pr\u00e9sence, de sa polyvalence, de sa r\u00e9sistance et de son confort. Son design lui conf\u00e8re une touche de distinction et d&rsquo;exclusivit\u00e9 qui le rend unique et irrempla\u00e7able.<\/p>\n<p><strong>Structure :<\/strong><br \/>\nStructure et cadre en bois de h\u00eatre massif de premi\u00e8re qualit\u00e9, avec des assemblages et des vis cach\u00e9s. Des assemblages avec des ciseaux \u00e0 chevrons et un syst\u00e8me de supports plac\u00e9s asym\u00e9triquement avec un double renforcement avant et arri\u00e8re pour am\u00e9liorer leur r\u00e9sistance. Finitions ext\u00e9rieures en bois de h\u00eatre de qualit\u00e9 sup\u00e9rieure et pieds vernis en polyur\u00e9thane haute r\u00e9sistance.<\/p>\n<p><strong>Si\u00e8ge :<\/strong><br \/>\nLamin\u00e9 en contreplaqu\u00e9 de 16 mm. Si\u00e8ge ergonomique. Placage de h\u00eatre fa\u00e7onn\u00e9 ou moulage dm selon le mod\u00e8le.<\/p>\n<p><strong>Dossier :<\/strong><br \/>\nStructure en bois de h\u00eatre de premi\u00e8re qualit\u00e9. Conception anatomique du dossier avec forme ergonomique, pour une adaptation parfaite du dos en fonction des param\u00e8tres techniques de l&rsquo;ergonomie.<\/p>\n<p><strong>Vernis :<\/strong><br \/>\nBase et finition en polyur\u00e9thane. Taches de solvant selon les normes espagnoles. UNE-EN 150 9001-1994 Syst\u00e8mes de qualit\u00e9.<\/p>\n<p><strong>Finitions :<\/strong><br \/>\n<a href=\"\/fr\/producto\/finition-tm\/\">Couleur du bois et nuancier selon le livre d&rsquo;\u00e9chantillons.<\/a><\/script><\/p>\n","protected":false},"excerpt":{"rendered":"<div id=\"tw-target-text-container\" class=\"tw-ta-container hide-focus-ring tw-nfl\" tabindex=\"0\">\n<ul>\n<li><span lang=\"fr\">Chaise en bois et m\u00e9tal avec un design intemporel qui la rend adapt\u00e9e \u00e0 tout environnement.<\/span><span lang=\"fr\">Fabriqu\u00e9 en bois de h\u00eatre massif de 1\u00e8re qualit\u00e9.<\/span><\/li>\n<li><span lang=\"fr\">Fabrication nationale.<br \/>\n<\/span><\/li>\n<li><span lang=\"fr\">Utilisation en int\u00e9rieur.<br \/>\n<\/span><\/li>\n<li><span lang=\"fr\">Terminer la photo; Structure: laqu\u00e9 blanc. Bois: verni Rev\u00eatement: couleur champagne (100 000 cycles martindale).<\/span><\/li>\n<\/ul>\n<p id=\"tw-target-text\" class=\"tw-data-text tw-text-large XcVN5d tw-ta\" dir=\"ltr\" data-placeholder=\"Traducci\u00f3n\"><a href=\"https:\/\/solucionescontract.com\/fr\/producto\/finition-tm\/\" target=\"_blank\" rel=\"noopener\"><span lang=\"fr\">Autres finitions s\u00e9lectionnez ici<\/span><\/a><\/p>\n<pre id=\"tw-target-text\" class=\"tw-data-text tw-text-large XcVN5d tw-ta\" dir=\"ltr\" data-placeholder=\"Traducci\u00f3n\"><\/pre>\n<\/div>\n<p>&nbsp;<\/p>\n","protected":false},"featured_media":23052,"comment_status":"open","ping_status":"closed","template":"","meta":[],"product_brand":[],"product_cat":[535,529],"product_tag":[655,689],"class_list":{"0":"post-23016","1":"product","2":"type-product","3":"status-publish","4":"has-post-thumbnail","6":"product_cat-chaises-contractuelles","7":"product_cat-sieges-contractuels","8":"product_tag-interior-fr","9":"product_tag-asientos-tapizados-fr","10":"product_shipping_class-gratuit","11":"yith_product_brand-tm-sillerias-fr","13":"first","14":"instock","15":"taxable","16":"shipping-taxable","17":"purchasable","18":"product-type-variable"},"yoast_head":"<!-- This site is optimized with the Yoast SEO plugin v27.3 - https:\/\/yoast.com\/product\/yoast-seo-wordpress\/ -->\n<title>CHAISE MINA - Muebles de dise\u00f1o en Soluciones Contract<\/title>\n<meta name=\"description\" content=\"Compra CHAISE MINA online en nuestra tienda de muebles Contract. Encuentra el mejor MOBILIARIO DE DISE\u00d1O para Hotel, Hogar y uso comercial. Descubre las mejores marcas en nuestro cat\u00e1logo.\" \/>\n<meta name=\"robots\" content=\"index, follow, max-snippet:-1, max-image-preview:large, max-video-preview:-1\" \/>\n<link rel=\"canonical\" href=\"https:\/\/solucionescontract.com\/fr\/producto\/chaise-mina\/\" \/>\n<meta property=\"og:locale\" content=\"fr_FR\" \/>\n<meta property=\"og:type\" content=\"article\" \/>\n<meta property=\"og:title\" content=\"CHAISE MINA - Muebles de dise\u00f1o en Soluciones Contract\" \/>\n<meta property=\"og:description\" content=\"Compra CHAISE MINA online en nuestra tienda de muebles Contract. Encuentra el mejor MOBILIARIO DE DISE\u00d1O para Hotel, Hogar y uso comercial. Descubre las mejores marcas en nuestro cat\u00e1logo.\" \/>\n<meta property=\"og:url\" content=\"https:\/\/solucionescontract.com\/fr\/producto\/chaise-mina\/\" \/>\n<meta property=\"og:site_name\" content=\"Soluciones Contract\" \/>\n<meta property=\"article:publisher\" content=\"https:\/\/www.facebook.com\/solucionescontract\/\" \/>\n<meta property=\"article:modified_time\" content=\"2021-02-25T22:18:51+00:00\" \/>\n<meta property=\"og:image\" content=\"https:\/\/solucionescontract.com\/wp-content\/uploads\/2021\/02\/silla-mina-madera.jpg\" \/>\n\t<meta property=\"og:image:width\" content=\"2000\" \/>\n\t<meta property=\"og:image:height\" content=\"1958\" \/>\n\t<meta property=\"og:image:type\" content=\"image\/jpeg\" \/>\n<meta name=\"twitter:card\" content=\"summary_large_image\" \/>\n<meta name=\"twitter:label1\" content=\"Dur\u00e9e de lecture estim\u00e9e\" \/>\n\t<meta name=\"twitter:data1\" content=\"1 minute\" \/>\n<script type=\"application\/ld+json\" class=\"yoast-schema-graph\">{\"@context\":\"https:\\\/\\\/schema.org\",\"@graph\":[{\"@type\":\"WebPage\",\"@id\":\"https:\\\/\\\/solucionescontract.com\\\/fr\\\/producto\\\/chaise-mina\\\/\",\"url\":\"https:\\\/\\\/solucionescontract.com\\\/fr\\\/producto\\\/chaise-mina\\\/\",\"name\":\"CHAISE MINA - Muebles de dise\u00f1o en Soluciones Contract\",\"isPartOf\":{\"@id\":\"https:\\\/\\\/solucionescontract.com\\\/#website\"},\"primaryImageOfPage\":{\"@id\":\"https:\\\/\\\/solucionescontract.com\\\/fr\\\/producto\\\/chaise-mina\\\/#primaryimage\"},\"image\":{\"@id\":\"https:\\\/\\\/solucionescontract.com\\\/fr\\\/producto\\\/chaise-mina\\\/#primaryimage\"},\"thumbnailUrl\":\"https:\\\/\\\/solucionescontract.com\\\/wp-content\\\/uploads\\\/2021\\\/02\\\/silla-mina-madera.jpg\",\"datePublished\":\"2021-02-03T16:22:31+00:00\",\"dateModified\":\"2021-02-25T22:18:51+00:00\",\"description\":\"Compra CHAISE MINA online en nuestra tienda de muebles Contract. Encuentra el mejor MOBILIARIO DE DISE\u00d1O para Hotel, Hogar y uso comercial. Descubre las mejores marcas en nuestro cat\u00e1logo.\",\"breadcrumb\":{\"@id\":\"https:\\\/\\\/solucionescontract.com\\\/fr\\\/producto\\\/chaise-mina\\\/#breadcrumb\"},\"inLanguage\":\"fr-FR\",\"potentialAction\":[{\"@type\":\"ReadAction\",\"target\":[\"https:\\\/\\\/solucionescontract.com\\\/fr\\\/producto\\\/chaise-mina\\\/\"]}]},{\"@type\":\"ImageObject\",\"inLanguage\":\"fr-FR\",\"@id\":\"https:\\\/\\\/solucionescontract.com\\\/fr\\\/producto\\\/chaise-mina\\\/#primaryimage\",\"url\":\"https:\\\/\\\/solucionescontract.com\\\/wp-content\\\/uploads\\\/2021\\\/02\\\/silla-mina-madera.jpg\",\"contentUrl\":\"https:\\\/\\\/solucionescontract.com\\\/wp-content\\\/uploads\\\/2021\\\/02\\\/silla-mina-madera.jpg\",\"width\":2000,\"height\":1958},{\"@type\":\"BreadcrumbList\",\"@id\":\"https:\\\/\\\/solucionescontract.com\\\/fr\\\/producto\\\/chaise-mina\\\/#breadcrumb\",\"itemListElement\":[{\"@type\":\"ListItem\",\"position\":1,\"name\":\"Inicio\",\"item\":\"https:\\\/\\\/solucionescontract.com\\\/\"},{\"@type\":\"ListItem\",\"position\":2,\"name\":\"Tienda mobiliario contract\",\"item\":\"https:\\\/\\\/solucionescontract.com\\\/tienda-mobiliario-contract\\\/\"},{\"@type\":\"ListItem\",\"position\":3,\"name\":\"Asientos Contract\",\"item\":\"https:\\\/\\\/solucionescontract.com\\\/categoria-producto\\\/asientos-para-contract\\\/\"},{\"@type\":\"ListItem\",\"position\":4,\"name\":\"CHAISE MINA\"}]},{\"@type\":\"WebSite\",\"@id\":\"https:\\\/\\\/solucionescontract.com\\\/#website\",\"url\":\"https:\\\/\\\/solucionescontract.com\\\/\",\"name\":\"Soluciones Contract\",\"description\":\"Venta Mobiliario contract de dise\u00f1o\",\"publisher\":{\"@id\":\"https:\\\/\\\/solucionescontract.com\\\/#organization\"},\"potentialAction\":[{\"@type\":\"SearchAction\",\"target\":{\"@type\":\"EntryPoint\",\"urlTemplate\":\"https:\\\/\\\/solucionescontract.com\\\/?s={search_term_string}\"},\"query-input\":{\"@type\":\"PropertyValueSpecification\",\"valueRequired\":true,\"valueName\":\"search_term_string\"}}],\"inLanguage\":\"fr-FR\"},{\"@type\":\"Organization\",\"@id\":\"https:\\\/\\\/solucionescontract.com\\\/#organization\",\"name\":\"Soluciones Contract\",\"url\":\"https:\\\/\\\/solucionescontract.com\\\/\",\"logo\":{\"@type\":\"ImageObject\",\"inLanguage\":\"fr-FR\",\"@id\":\"https:\\\/\\\/solucionescontract.com\\\/#\\\/schema\\\/logo\\\/image\\\/\",\"url\":\"https:\\\/\\\/solucionescontract.com\\\/wp-content\\\/uploads\\\/2020\\\/02\\\/logoSC.jpg\",\"contentUrl\":\"https:\\\/\\\/solucionescontract.com\\\/wp-content\\\/uploads\\\/2020\\\/02\\\/logoSC.jpg\",\"width\":300,\"height\":125,\"caption\":\"Soluciones Contract\"},\"image\":{\"@id\":\"https:\\\/\\\/solucionescontract.com\\\/#\\\/schema\\\/logo\\\/image\\\/\"},\"sameAs\":[\"https:\\\/\\\/www.facebook.com\\\/solucionescontract\\\/\"]}]}<\/script>\n<!-- \/ Yoast SEO plugin. -->","yoast_head_json":{"title":"CHAISE MINA - Muebles de dise\u00f1o en Soluciones Contract","description":"Compra CHAISE MINA online en nuestra tienda de muebles Contract. Encuentra el mejor MOBILIARIO DE DISE\u00d1O para Hotel, Hogar y uso comercial. Descubre las mejores marcas en nuestro cat\u00e1logo.","robots":{"index":"index","follow":"follow","max-snippet":"max-snippet:-1","max-image-preview":"max-image-preview:large","max-video-preview":"max-video-preview:-1"},"canonical":"https:\/\/solucionescontract.com\/fr\/producto\/chaise-mina\/","og_locale":"fr_FR","og_type":"article","og_title":"CHAISE MINA - Muebles de dise\u00f1o en Soluciones Contract","og_description":"Compra CHAISE MINA online en nuestra tienda de muebles Contract. Encuentra el mejor MOBILIARIO DE DISE\u00d1O para Hotel, Hogar y uso comercial. Descubre las mejores marcas en nuestro cat\u00e1logo.","og_url":"https:\/\/solucionescontract.com\/fr\/producto\/chaise-mina\/","og_site_name":"Soluciones Contract","article_publisher":"https:\/\/www.facebook.com\/solucionescontract\/","article_modified_time":"2021-02-25T22:18:51+00:00","og_image":[{"width":2000,"height":1958,"url":"https:\/\/solucionescontract.com\/wp-content\/uploads\/2021\/02\/silla-mina-madera.jpg","type":"image\/jpeg"}],"twitter_card":"summary_large_image","twitter_misc":{"Dur\u00e9e de lecture estim\u00e9e":"1 minute"},"schema":{"@context":"https:\/\/schema.org","@graph":[{"@type":"WebPage","@id":"https:\/\/solucionescontract.com\/fr\/producto\/chaise-mina\/","url":"https:\/\/solucionescontract.com\/fr\/producto\/chaise-mina\/","name":"CHAISE MINA - Muebles de dise\u00f1o en Soluciones Contract","isPartOf":{"@id":"https:\/\/solucionescontract.com\/#website"},"primaryImageOfPage":{"@id":"https:\/\/solucionescontract.com\/fr\/producto\/chaise-mina\/#primaryimage"},"image":{"@id":"https:\/\/solucionescontract.com\/fr\/producto\/chaise-mina\/#primaryimage"},"thumbnailUrl":"https:\/\/solucionescontract.com\/wp-content\/uploads\/2021\/02\/silla-mina-madera.jpg","datePublished":"2021-02-03T16:22:31+00:00","dateModified":"2021-02-25T22:18:51+00:00","description":"Compra CHAISE MINA online en nuestra tienda de muebles Contract. Encuentra el mejor MOBILIARIO DE DISE\u00d1O para Hotel, Hogar y uso comercial. Descubre las mejores marcas en nuestro cat\u00e1logo.","breadcrumb":{"@id":"https:\/\/solucionescontract.com\/fr\/producto\/chaise-mina\/#breadcrumb"},"inLanguage":"fr-FR","potentialAction":[{"@type":"ReadAction","target":["https:\/\/solucionescontract.com\/fr\/producto\/chaise-mina\/"]}]},{"@type":"ImageObject","inLanguage":"fr-FR","@id":"https:\/\/solucionescontract.com\/fr\/producto\/chaise-mina\/#primaryimage","url":"https:\/\/solucionescontract.com\/wp-content\/uploads\/2021\/02\/silla-mina-madera.jpg","contentUrl":"https:\/\/solucionescontract.com\/wp-content\/uploads\/2021\/02\/silla-mina-madera.jpg","width":2000,"height":1958},{"@type":"BreadcrumbList","@id":"https:\/\/solucionescontract.com\/fr\/producto\/chaise-mina\/#breadcrumb","itemListElement":[{"@type":"ListItem","position":1,"name":"Inicio","item":"https:\/\/solucionescontract.com\/"},{"@type":"ListItem","position":2,"name":"Tienda mobiliario contract","item":"https:\/\/solucionescontract.com\/tienda-mobiliario-contract\/"},{"@type":"ListItem","position":3,"name":"Asientos Contract","item":"https:\/\/solucionescontract.com\/categoria-producto\/asientos-para-contract\/"},{"@type":"ListItem","position":4,"name":"CHAISE MINA"}]},{"@type":"WebSite","@id":"https:\/\/solucionescontract.com\/#website","url":"https:\/\/solucionescontract.com\/","name":"Soluciones Contract","description":"Venta Mobiliario contract de dise\u00f1o","publisher":{"@id":"https:\/\/solucionescontract.com\/#organization"},"potentialAction":[{"@type":"SearchAction","target":{"@type":"EntryPoint","urlTemplate":"https:\/\/solucionescontract.com\/?s={search_term_string}"},"query-input":{"@type":"PropertyValueSpecification","valueRequired":true,"valueName":"search_term_string"}}],"inLanguage":"fr-FR"},{"@type":"Organization","@id":"https:\/\/solucionescontract.com\/#organization","name":"Soluciones Contract","url":"https:\/\/solucionescontract.com\/","logo":{"@type":"ImageObject","inLanguage":"fr-FR","@id":"https:\/\/solucionescontract.com\/#\/schema\/logo\/image\/","url":"https:\/\/solucionescontract.com\/wp-content\/uploads\/2020\/02\/logoSC.jpg","contentUrl":"https:\/\/solucionescontract.com\/wp-content\/uploads\/2020\/02\/logoSC.jpg","width":300,"height":125,"caption":"Soluciones Contract"},"image":{"@id":"https:\/\/solucionescontract.com\/#\/schema\/logo\/image\/"},"sameAs":["https:\/\/www.facebook.com\/solucionescontract\/"]}]}},"_links":{"self":[{"href":"https:\/\/solucionescontract.com\/fr\/wp-json\/wp\/v2\/product\/23016","targetHints":{"allow":["GET"]}}],"collection":[{"href":"https:\/\/solucionescontract.com\/fr\/wp-json\/wp\/v2\/product"}],"about":[{"href":"https:\/\/solucionescontract.com\/fr\/wp-json\/wp\/v2\/types\/product"}],"replies":[{"embeddable":true,"href":"https:\/\/solucionescontract.com\/fr\/wp-json\/wp\/v2\/comments?post=23016"}],"wp:featuredmedia":[{"embeddable":true,"href":"https:\/\/solucionescontract.com\/fr\/wp-json\/wp\/v2\/media\/23052"}],"wp:attachment":[{"href":"https:\/\/solucionescontract.com\/fr\/wp-json\/wp\/v2\/media?parent=23016"}],"wp:term":[{"taxonomy":"product_brand","embeddable":true,"href":"https:\/\/solucionescontract.com\/fr\/wp-json\/wp\/v2\/product_brand?post=23016"},{"taxonomy":"product_cat","embeddable":true,"href":"https:\/\/solucionescontract.com\/fr\/wp-json\/wp\/v2\/product_cat?post=23016"},{"taxonomy":"product_tag","embeddable":true,"href":"https:\/\/solucionescontract.com\/fr\/wp-json\/wp\/v2\/product_tag?post=23016"}],"curies":[{"name":"wp","href":"https:\/\/api.w.org\/{rel}","templated":true}]}}