{"id":23003,"date":"2021-02-03T13:25:56","date_gmt":"2021-02-03T13:25:57","guid":{"rendered":"https:\/\/www.solucionescontract.com\/?post_type=product&#038;p=23003"},"modified":"2021-04-16T08:39:02","modified_gmt":"2021-04-16T08:39:02","slug":"fauteuil-rembourre-329","status":"publish","type":"product","link":"https:\/\/solucionescontract.com\/fr\/producto\/fauteuil-rembourre-329\/","title":{"rendered":"FAUTEUIL REMBOURR\u00c9 329"},"content":{"rendered":"<p><strong>Description :<\/strong><\/p>\n<p>Chaise en bois, assise et dossier rembourr\u00e9s, de style \u00e9lisab\u00e9thain moderne, id\u00e9ale pour les restaurants ou les espaces communs gr\u00e2ce \u00e0 sa polyvalence, sa r\u00e9sistance et son confort. Son design exclusif en fait une chaise unique.<\/p>\n<p><strong>Structure :<\/strong><\/p>\n<p>Structure et cadre en bois de h\u00eatre massif de premi\u00e8re qualit\u00e9 recouvert de mousse de polyur\u00e9thane haute densit\u00e9 d&rsquo;une H.R. de 30kg\/m3, avec des assemblages et des vis cach\u00e9s.<\/p>\n<p>Finitions ext\u00e9rieures en bois de h\u00eatre de premi\u00e8re qualit\u00e9 et pieds vernis en polyur\u00e9thane haute r\u00e9sistance<\/p>\n<p><strong>Si\u00e8ge :<\/strong><\/p>\n<p>Contreplaqu\u00e9 lamin\u00e9 de 16 mm. Mousse de polyur\u00e9thane de 30 kg d&rsquo;humidit\u00e9 relative. \u00c9paisseur moyenne de 35 mm. Si\u00e8ge ergonomique.<\/p>\n<p><strong>Dossier :<\/strong><\/p>\n<p>Structure en bois de h\u00eatre. Mousse de polyur\u00e9thane RH 25 kg. \u00c9paisseur moyenne de 30 mm. Conception anatomique du dossier avec une forme ergonomique.<\/p>\n<p><strong>Vernis :<\/strong><\/p>\n<p>Base et finition en polyur\u00e9thane.<\/p>\n<p><strong>Les finitions :<\/strong><\/p>\n<p><a href=\"\/fr\/producto\/finition-tm\/\">Couleur du bois et nuancier selon le livre d&rsquo;\u00e9chantillons.<\/a><\/p>\n<p>&nbsp;<\/script><\/p>\n","protected":false},"excerpt":{"rendered":"<ul>\n<li>Chaise en bois rembourr\u00e9e de style \u00e9lisab\u00e9thain.<\/li>\n<li>Structure et cadre en bois de h\u00eatre massif de premi\u00e8re qualit\u00e9.<\/li>\n<li>Assise et dossier en mousse de polyur\u00e9thane.<\/li>\n<li>Hauteur du si\u00e8ge 480 mm<\/li>\n<li>Fabrication nationale<\/li>\n<li>Utilisation \u00e0 l&rsquo;int\u00e9rieur<\/li>\n<li>Large gamme de finitions du bois \/ de rembourrage, <a href=\"\/fr\/producto\/finition-tm\/\">s\u00e9lectionnez les finitions ici<\/a><\/li>\n<\/ul>\n","protected":false},"featured_media":23006,"comment_status":"open","ping_status":"closed","template":"","meta":[],"product_brand":[],"product_cat":[535,607,529],"product_tag":[655,689],"class_list":{"0":"post-23003","1":"product","2":"type-product","3":"status-publish","4":"has-post-thumbnail","6":"product_cat-chaises-contractuelles","7":"product_cat-meubles-pour-lhotellerie","8":"product_cat-sieges-contractuels","9":"product_tag-interior-fr","10":"product_tag-asientos-tapizados-fr","11":"product_shipping_class-gratuit","12":"yith_product_brand-tm-sillerias-fr","14":"first","15":"instock","16":"taxable","17":"shipping-taxable","18":"purchasable","19":"product-type-simple"},"yoast_head":"<!-- This site is optimized with the Yoast SEO plugin v27.3 - https:\/\/yoast.com\/product\/yoast-seo-wordpress\/ -->\n<title>FAUTEUIL REMBOURR\u00c9 329 - Muebles de dise\u00f1o en Soluciones Contract<\/title>\n<meta name=\"description\" content=\"Compra FAUTEUIL REMBOURR\u00c9 329 online en nuestra tienda de muebles Contract. Encuentra el mejor MOBILIARIO DE DISE\u00d1O para Hotel, Hogar y uso comercial. Descubre las mejores marcas en nuestro cat\u00e1logo.\" \/>\n<meta name=\"robots\" content=\"index, follow, max-snippet:-1, max-image-preview:large, max-video-preview:-1\" \/>\n<link rel=\"canonical\" href=\"https:\/\/solucionescontract.com\/producto\/silla-respaldo-tapizado-329\/\" \/>\n<meta property=\"og:locale\" content=\"fr_FR\" \/>\n<meta property=\"og:type\" content=\"article\" \/>\n<meta property=\"og:title\" content=\"FAUTEUIL REMBOURR\u00c9 329 - Muebles de dise\u00f1o en Soluciones Contract\" \/>\n<meta property=\"og:description\" content=\"Compra FAUTEUIL REMBOURR\u00c9 329 online en nuestra tienda de muebles Contract. Encuentra el mejor MOBILIARIO DE DISE\u00d1O para Hotel, Hogar y uso comercial. Descubre las mejores marcas en nuestro cat\u00e1logo.\" \/>\n<meta property=\"og:url\" content=\"https:\/\/solucionescontract.com\/producto\/silla-respaldo-tapizado-329\/\" \/>\n<meta property=\"og:site_name\" content=\"Soluciones Contract\" \/>\n<meta property=\"article:publisher\" content=\"https:\/\/www.facebook.com\/solucionescontract\/\" \/>\n<meta property=\"article:modified_time\" content=\"2021-04-16T08:39:02+00:00\" \/>\n<meta property=\"og:image\" content=\"https:\/\/solucionescontract.com\/wp-content\/uploads\/2021\/02\/SILLA.TAPIZADA.MALVA_.jpg\" \/>\n\t<meta property=\"og:image:width\" content=\"900\" \/>\n\t<meta property=\"og:image:height\" content=\"900\" \/>\n\t<meta property=\"og:image:type\" content=\"image\/jpeg\" \/>\n<meta name=\"twitter:card\" content=\"summary_large_image\" \/>\n<meta name=\"twitter:label1\" content=\"Dur\u00e9e de lecture estim\u00e9e\" \/>\n\t<meta name=\"twitter:data1\" content=\"1 minute\" \/>\n<script type=\"application\/ld+json\" class=\"yoast-schema-graph\">{\"@context\":\"https:\\\/\\\/schema.org\",\"@graph\":[{\"@type\":\"WebPage\",\"@id\":\"https:\\\/\\\/solucionescontract.com\\\/producto\\\/silla-respaldo-tapizado-329\\\/\",\"url\":\"https:\\\/\\\/solucionescontract.com\\\/producto\\\/silla-respaldo-tapizado-329\\\/\",\"name\":\"FAUTEUIL REMBOURR\u00c9 329 - Muebles de dise\u00f1o en Soluciones Contract\",\"isPartOf\":{\"@id\":\"https:\\\/\\\/solucionescontract.com\\\/#website\"},\"primaryImageOfPage\":{\"@id\":\"https:\\\/\\\/solucionescontract.com\\\/producto\\\/silla-respaldo-tapizado-329\\\/#primaryimage\"},\"image\":{\"@id\":\"https:\\\/\\\/solucionescontract.com\\\/producto\\\/silla-respaldo-tapizado-329\\\/#primaryimage\"},\"thumbnailUrl\":\"https:\\\/\\\/solucionescontract.com\\\/wp-content\\\/uploads\\\/2021\\\/02\\\/SILLA.TAPIZADA.MALVA_.jpg\",\"datePublished\":\"2021-02-03T13:25:57+00:00\",\"dateModified\":\"2021-04-16T08:39:02+00:00\",\"description\":\"Compra FAUTEUIL REMBOURR\u00c9 329 online en nuestra tienda de muebles Contract. Encuentra el mejor MOBILIARIO DE DISE\u00d1O para Hotel, Hogar y uso comercial. Descubre las mejores marcas en nuestro cat\u00e1logo.\",\"breadcrumb\":{\"@id\":\"https:\\\/\\\/solucionescontract.com\\\/producto\\\/silla-respaldo-tapizado-329\\\/#breadcrumb\"},\"inLanguage\":\"fr-FR\",\"potentialAction\":[{\"@type\":\"ReadAction\",\"target\":[\"https:\\\/\\\/solucionescontract.com\\\/producto\\\/silla-respaldo-tapizado-329\\\/\"]}]},{\"@type\":\"ImageObject\",\"inLanguage\":\"fr-FR\",\"@id\":\"https:\\\/\\\/solucionescontract.com\\\/producto\\\/silla-respaldo-tapizado-329\\\/#primaryimage\",\"url\":\"https:\\\/\\\/solucionescontract.com\\\/wp-content\\\/uploads\\\/2021\\\/02\\\/SILLA.TAPIZADA.MALVA_.jpg\",\"contentUrl\":\"https:\\\/\\\/solucionescontract.com\\\/wp-content\\\/uploads\\\/2021\\\/02\\\/SILLA.TAPIZADA.MALVA_.jpg\",\"width\":900,\"height\":900},{\"@type\":\"BreadcrumbList\",\"@id\":\"https:\\\/\\\/solucionescontract.com\\\/producto\\\/silla-respaldo-tapizado-329\\\/#breadcrumb\",\"itemListElement\":[{\"@type\":\"ListItem\",\"position\":1,\"name\":\"Inicio\",\"item\":\"https:\\\/\\\/solucionescontract.com\\\/\"},{\"@type\":\"ListItem\",\"position\":2,\"name\":\"Tienda mobiliario contract\",\"item\":\"https:\\\/\\\/solucionescontract.com\\\/tienda-mobiliario-contract\\\/\"},{\"@type\":\"ListItem\",\"position\":3,\"name\":\"Asientos Contract\",\"item\":\"https:\\\/\\\/solucionescontract.com\\\/categoria-producto\\\/asientos-para-contract\\\/\"},{\"@type\":\"ListItem\",\"position\":4,\"name\":\"Sillas Contract\",\"item\":\"https:\\\/\\\/solucionescontract.com\\\/categoria-producto\\\/asientos-para-contract\\\/sillas-contract\\\/\"},{\"@type\":\"ListItem\",\"position\":5,\"name\":\"FAUTEUIL REMBOURR\u00c9 329\"}]},{\"@type\":\"WebSite\",\"@id\":\"https:\\\/\\\/solucionescontract.com\\\/#website\",\"url\":\"https:\\\/\\\/solucionescontract.com\\\/\",\"name\":\"Soluciones Contract\",\"description\":\"Venta Mobiliario contract de dise\u00f1o\",\"publisher\":{\"@id\":\"https:\\\/\\\/solucionescontract.com\\\/#organization\"},\"potentialAction\":[{\"@type\":\"SearchAction\",\"target\":{\"@type\":\"EntryPoint\",\"urlTemplate\":\"https:\\\/\\\/solucionescontract.com\\\/?s={search_term_string}\"},\"query-input\":{\"@type\":\"PropertyValueSpecification\",\"valueRequired\":true,\"valueName\":\"search_term_string\"}}],\"inLanguage\":\"fr-FR\"},{\"@type\":\"Organization\",\"@id\":\"https:\\\/\\\/solucionescontract.com\\\/#organization\",\"name\":\"Soluciones Contract\",\"url\":\"https:\\\/\\\/solucionescontract.com\\\/\",\"logo\":{\"@type\":\"ImageObject\",\"inLanguage\":\"fr-FR\",\"@id\":\"https:\\\/\\\/solucionescontract.com\\\/#\\\/schema\\\/logo\\\/image\\\/\",\"url\":\"https:\\\/\\\/solucionescontract.com\\\/wp-content\\\/uploads\\\/2020\\\/02\\\/logoSC.jpg\",\"contentUrl\":\"https:\\\/\\\/solucionescontract.com\\\/wp-content\\\/uploads\\\/2020\\\/02\\\/logoSC.jpg\",\"width\":300,\"height\":125,\"caption\":\"Soluciones Contract\"},\"image\":{\"@id\":\"https:\\\/\\\/solucionescontract.com\\\/#\\\/schema\\\/logo\\\/image\\\/\"},\"sameAs\":[\"https:\\\/\\\/www.facebook.com\\\/solucionescontract\\\/\"]}]}<\/script>\n<!-- \/ Yoast SEO plugin. -->","yoast_head_json":{"title":"FAUTEUIL REMBOURR\u00c9 329 - Muebles de dise\u00f1o en Soluciones Contract","description":"Compra FAUTEUIL REMBOURR\u00c9 329 online en nuestra tienda de muebles Contract. Encuentra el mejor MOBILIARIO DE DISE\u00d1O para Hotel, Hogar y uso comercial. Descubre las mejores marcas en nuestro cat\u00e1logo.","robots":{"index":"index","follow":"follow","max-snippet":"max-snippet:-1","max-image-preview":"max-image-preview:large","max-video-preview":"max-video-preview:-1"},"canonical":"https:\/\/solucionescontract.com\/producto\/silla-respaldo-tapizado-329\/","og_locale":"fr_FR","og_type":"article","og_title":"FAUTEUIL REMBOURR\u00c9 329 - Muebles de dise\u00f1o en Soluciones Contract","og_description":"Compra FAUTEUIL REMBOURR\u00c9 329 online en nuestra tienda de muebles Contract. Encuentra el mejor MOBILIARIO DE DISE\u00d1O para Hotel, Hogar y uso comercial. Descubre las mejores marcas en nuestro cat\u00e1logo.","og_url":"https:\/\/solucionescontract.com\/producto\/silla-respaldo-tapizado-329\/","og_site_name":"Soluciones Contract","article_publisher":"https:\/\/www.facebook.com\/solucionescontract\/","article_modified_time":"2021-04-16T08:39:02+00:00","og_image":[{"width":900,"height":900,"url":"https:\/\/solucionescontract.com\/wp-content\/uploads\/2021\/02\/SILLA.TAPIZADA.MALVA_.jpg","type":"image\/jpeg"}],"twitter_card":"summary_large_image","twitter_misc":{"Dur\u00e9e de lecture estim\u00e9e":"1 minute"},"schema":{"@context":"https:\/\/schema.org","@graph":[{"@type":"WebPage","@id":"https:\/\/solucionescontract.com\/producto\/silla-respaldo-tapizado-329\/","url":"https:\/\/solucionescontract.com\/producto\/silla-respaldo-tapizado-329\/","name":"FAUTEUIL REMBOURR\u00c9 329 - Muebles de dise\u00f1o en Soluciones Contract","isPartOf":{"@id":"https:\/\/solucionescontract.com\/#website"},"primaryImageOfPage":{"@id":"https:\/\/solucionescontract.com\/producto\/silla-respaldo-tapizado-329\/#primaryimage"},"image":{"@id":"https:\/\/solucionescontract.com\/producto\/silla-respaldo-tapizado-329\/#primaryimage"},"thumbnailUrl":"https:\/\/solucionescontract.com\/wp-content\/uploads\/2021\/02\/SILLA.TAPIZADA.MALVA_.jpg","datePublished":"2021-02-03T13:25:57+00:00","dateModified":"2021-04-16T08:39:02+00:00","description":"Compra FAUTEUIL REMBOURR\u00c9 329 online en nuestra tienda de muebles Contract. Encuentra el mejor MOBILIARIO DE DISE\u00d1O para Hotel, Hogar y uso comercial. Descubre las mejores marcas en nuestro cat\u00e1logo.","breadcrumb":{"@id":"https:\/\/solucionescontract.com\/producto\/silla-respaldo-tapizado-329\/#breadcrumb"},"inLanguage":"fr-FR","potentialAction":[{"@type":"ReadAction","target":["https:\/\/solucionescontract.com\/producto\/silla-respaldo-tapizado-329\/"]}]},{"@type":"ImageObject","inLanguage":"fr-FR","@id":"https:\/\/solucionescontract.com\/producto\/silla-respaldo-tapizado-329\/#primaryimage","url":"https:\/\/solucionescontract.com\/wp-content\/uploads\/2021\/02\/SILLA.TAPIZADA.MALVA_.jpg","contentUrl":"https:\/\/solucionescontract.com\/wp-content\/uploads\/2021\/02\/SILLA.TAPIZADA.MALVA_.jpg","width":900,"height":900},{"@type":"BreadcrumbList","@id":"https:\/\/solucionescontract.com\/producto\/silla-respaldo-tapizado-329\/#breadcrumb","itemListElement":[{"@type":"ListItem","position":1,"name":"Inicio","item":"https:\/\/solucionescontract.com\/"},{"@type":"ListItem","position":2,"name":"Tienda mobiliario contract","item":"https:\/\/solucionescontract.com\/tienda-mobiliario-contract\/"},{"@type":"ListItem","position":3,"name":"Asientos Contract","item":"https:\/\/solucionescontract.com\/categoria-producto\/asientos-para-contract\/"},{"@type":"ListItem","position":4,"name":"Sillas Contract","item":"https:\/\/solucionescontract.com\/categoria-producto\/asientos-para-contract\/sillas-contract\/"},{"@type":"ListItem","position":5,"name":"FAUTEUIL REMBOURR\u00c9 329"}]},{"@type":"WebSite","@id":"https:\/\/solucionescontract.com\/#website","url":"https:\/\/solucionescontract.com\/","name":"Soluciones Contract","description":"Venta Mobiliario contract de dise\u00f1o","publisher":{"@id":"https:\/\/solucionescontract.com\/#organization"},"potentialAction":[{"@type":"SearchAction","target":{"@type":"EntryPoint","urlTemplate":"https:\/\/solucionescontract.com\/?s={search_term_string}"},"query-input":{"@type":"PropertyValueSpecification","valueRequired":true,"valueName":"search_term_string"}}],"inLanguage":"fr-FR"},{"@type":"Organization","@id":"https:\/\/solucionescontract.com\/#organization","name":"Soluciones Contract","url":"https:\/\/solucionescontract.com\/","logo":{"@type":"ImageObject","inLanguage":"fr-FR","@id":"https:\/\/solucionescontract.com\/#\/schema\/logo\/image\/","url":"https:\/\/solucionescontract.com\/wp-content\/uploads\/2020\/02\/logoSC.jpg","contentUrl":"https:\/\/solucionescontract.com\/wp-content\/uploads\/2020\/02\/logoSC.jpg","width":300,"height":125,"caption":"Soluciones Contract"},"image":{"@id":"https:\/\/solucionescontract.com\/#\/schema\/logo\/image\/"},"sameAs":["https:\/\/www.facebook.com\/solucionescontract\/"]}]}},"_links":{"self":[{"href":"https:\/\/solucionescontract.com\/fr\/wp-json\/wp\/v2\/product\/23003","targetHints":{"allow":["GET"]}}],"collection":[{"href":"https:\/\/solucionescontract.com\/fr\/wp-json\/wp\/v2\/product"}],"about":[{"href":"https:\/\/solucionescontract.com\/fr\/wp-json\/wp\/v2\/types\/product"}],"replies":[{"embeddable":true,"href":"https:\/\/solucionescontract.com\/fr\/wp-json\/wp\/v2\/comments?post=23003"}],"wp:featuredmedia":[{"embeddable":true,"href":"https:\/\/solucionescontract.com\/fr\/wp-json\/wp\/v2\/media\/23006"}],"wp:attachment":[{"href":"https:\/\/solucionescontract.com\/fr\/wp-json\/wp\/v2\/media?parent=23003"}],"wp:term":[{"taxonomy":"product_brand","embeddable":true,"href":"https:\/\/solucionescontract.com\/fr\/wp-json\/wp\/v2\/product_brand?post=23003"},{"taxonomy":"product_cat","embeddable":true,"href":"https:\/\/solucionescontract.com\/fr\/wp-json\/wp\/v2\/product_cat?post=23003"},{"taxonomy":"product_tag","embeddable":true,"href":"https:\/\/solucionescontract.com\/fr\/wp-json\/wp\/v2\/product_tag?post=23003"}],"curies":[{"name":"wp","href":"https:\/\/api.w.org\/{rel}","templated":true}]}}