{"id":22971,"date":"2025-09-17T11:05:33","date_gmt":"2021-02-02T11:05:34","guid":{"rendered":"https:\/\/www.solucionescontract.com\/?post_type=product&#038;p=22971"},"modified":"2021-04-16T08:47:35","modified_gmt":"2021-04-16T08:47:35","slug":"table-ronde-en-verre-roma","status":"publish","type":"product","link":"https:\/\/solucionescontract.com\/fr\/producto\/table-ronde-en-verre-roma\/","title":{"rendered":"TABLE RONDE EN VERRE ROME"},"content":{"rendered":"<div style=\"text-align: justify;\">\n<h3>La table \u00e0 manger extensible Roma est une table ronde extensible de 70 cm de long.<\/h3>\n<p>&nbsp;<\/p>\n<p>C&rsquo;est une table de salon ronde disponible en 2 tailles: 105 et 120 cm de diam\u00e8tre.<\/p>\n<p>Pr\u00e9sente un plateau en bois au fini ch\u00eane naturel. (Autres finitions disponibles consulter)<\/p>\n<p><strong>La table ronde en bois extensible<\/strong> Roma se caract\u00e9rise par le design de son pied, avec des pieds en forme de croix qui en font une table \u00e0 manger \u00e9l\u00e9gante.<\/p>\n<p>Con\u00e7u pour \u00eatre utilis\u00e9 \u00e0 la fois dans les espaces contractuels et \u00e0 la maison.<\/p>\n<p>Avec 1 rallonge de 70 cm<\/p>\n<p>&nbsp;<\/p>\n<p><a href=\"\/contact-us\/\">Demandez plus d&rsquo;informations ici.<\/a><\/p>\n<\/div>\n<p><\/script><\/p>\n","protected":false},"excerpt":{"rendered":"<ul>\n<li style=\"text-align: justify;\">\nTable \u00e0 manger extensible en bois qui la rend parfaite pour les lieux qui n\u00e9cessitent de l&rsquo;espace sans se priver d&rsquo;un agr\u00e9able repas en famille ou entre amis.<\/li>\n<li>se caract\u00e9rise par son pied central en bois en forme de croix.<\/li>\n<li>Plateau en bois finition ch\u00eane naturel.<\/li>\n<li>Deux tailles disponibles: 105 cm ou 120 cm de diam\u00e8tre.<\/li>\n<li>1 rallonge de 70 cm (avec ouverture facile).<\/li>\n<li>Utilisation en int\u00e9rieur.<\/li>\n<\/ul>\n<p><span style=\"font-size: 10pt; color: #3fc387;\">\u00a0<\/span><\/p>\n","protected":false},"featured_media":32811,"comment_status":"open","ping_status":"closed","template":"","meta":[],"product_brand":[1119],"product_cat":[569,573],"product_tag":[721],"class_list":{"0":"post-22971","1":"product","2":"type-product","3":"status-publish","4":"has-post-thumbnail","6":"product_brand-pemi","7":"product_cat-conception-de-tables","8":"product_cat-table-a-manger","9":"product_tag-mesa-pie-central-fr","10":"product_shipping_class-gratuit","11":"yith_product_brand-pemi-fr","13":"first","14":"instock","15":"featured","16":"taxable","17":"shipping-taxable","18":"purchasable","19":"product-type-variable"},"yoast_head":"<!-- This site is optimized with the Yoast SEO plugin v27.3 - https:\/\/yoast.com\/product\/yoast-seo-wordpress\/ -->\n<title>TABLE RONDE EN VERRE ROME - Muebles de dise\u00f1o en Soluciones Contract<\/title>\n<meta name=\"description\" content=\"Achetez TABLE RONDE EN VERRE ROME en ligne dans notre magasin de meubles Contract. Trouvez le meilleur mobilier design pour la maison contractuelle\" \/>\n<meta name=\"robots\" content=\"index, follow, max-snippet:-1, max-image-preview:large, max-video-preview:-1\" \/>\n<link rel=\"canonical\" href=\"https:\/\/solucionescontract.com\/fr\/producto\/table-ronde-en-verre-roma\/\" \/>\n<meta property=\"og:locale\" content=\"fr_FR\" \/>\n<meta property=\"og:type\" content=\"article\" \/>\n<meta property=\"og:title\" content=\"TABLE RONDE EN VERRE ROME - Muebles de dise\u00f1o en Soluciones Contract\" \/>\n<meta property=\"og:description\" content=\"Achetez TABLE RONDE EN VERRE ROME en ligne dans notre magasin de meubles Contract. Trouvez le meilleur mobilier design pour la maison contractuelle\" \/>\n<meta property=\"og:url\" content=\"https:\/\/solucionescontract.com\/fr\/producto\/table-ronde-en-verre-roma\/\" \/>\n<meta property=\"og:site_name\" content=\"Soluciones Contract\" \/>\n<meta property=\"article:publisher\" content=\"https:\/\/www.facebook.com\/solucionescontract\/\" \/>\n<meta property=\"article:modified_time\" content=\"2021-04-16T08:47:35+00:00\" \/>\n<meta property=\"og:image\" content=\"https:\/\/solucionescontract.com\/wp-content\/uploads\/2021\/02\/mesa-roma-encimera-de-cristal.jpg\" \/>\n\t<meta property=\"og:image:width\" content=\"800\" \/>\n\t<meta property=\"og:image:height\" content=\"800\" \/>\n\t<meta property=\"og:image:type\" content=\"image\/jpeg\" \/>\n<meta name=\"twitter:card\" content=\"summary_large_image\" \/>\n<script type=\"application\/ld+json\" class=\"yoast-schema-graph\">{\"@context\":\"https:\\\/\\\/schema.org\",\"@graph\":[{\"@type\":\"WebPage\",\"@id\":\"https:\\\/\\\/solucionescontract.com\\\/fr\\\/producto\\\/table-ronde-en-verre-roma\\\/\",\"url\":\"https:\\\/\\\/solucionescontract.com\\\/fr\\\/producto\\\/table-ronde-en-verre-roma\\\/\",\"name\":\"TABLE RONDE EN VERRE ROME - Muebles de dise\u00f1o en Soluciones Contract\",\"isPartOf\":{\"@id\":\"https:\\\/\\\/solucionescontract.com\\\/#website\"},\"primaryImageOfPage\":{\"@id\":\"https:\\\/\\\/solucionescontract.com\\\/fr\\\/producto\\\/table-ronde-en-verre-roma\\\/#primaryimage\"},\"image\":{\"@id\":\"https:\\\/\\\/solucionescontract.com\\\/fr\\\/producto\\\/table-ronde-en-verre-roma\\\/#primaryimage\"},\"thumbnailUrl\":\"https:\\\/\\\/solucionescontract.com\\\/wp-content\\\/uploads\\\/2021\\\/02\\\/mesa-roma-encimera-de-cristal.jpg\",\"datePublished\":\"2021-02-02T11:05:34+00:00\",\"dateModified\":\"2021-04-16T08:47:35+00:00\",\"description\":\"Achetez TABLE RONDE EN VERRE ROME en ligne dans notre magasin de meubles Contract. Trouvez le meilleur mobilier design pour la maison contractuelle\",\"breadcrumb\":{\"@id\":\"https:\\\/\\\/solucionescontract.com\\\/fr\\\/producto\\\/table-ronde-en-verre-roma\\\/#breadcrumb\"},\"inLanguage\":\"fr-FR\",\"potentialAction\":[{\"@type\":\"ReadAction\",\"target\":[\"https:\\\/\\\/solucionescontract.com\\\/fr\\\/producto\\\/table-ronde-en-verre-roma\\\/\"]}]},{\"@type\":\"ImageObject\",\"inLanguage\":\"fr-FR\",\"@id\":\"https:\\\/\\\/solucionescontract.com\\\/fr\\\/producto\\\/table-ronde-en-verre-roma\\\/#primaryimage\",\"url\":\"https:\\\/\\\/solucionescontract.com\\\/wp-content\\\/uploads\\\/2021\\\/02\\\/mesa-roma-encimera-de-cristal.jpg\",\"contentUrl\":\"https:\\\/\\\/solucionescontract.com\\\/wp-content\\\/uploads\\\/2021\\\/02\\\/mesa-roma-encimera-de-cristal.jpg\",\"width\":800,\"height\":800,\"caption\":\"La Mesa Roma con encimera redonda de cristal que aporta elegancia y amplitud visual a cualquier espacio.\"},{\"@type\":\"BreadcrumbList\",\"@id\":\"https:\\\/\\\/solucionescontract.com\\\/fr\\\/producto\\\/table-ronde-en-verre-roma\\\/#breadcrumb\",\"itemListElement\":[{\"@type\":\"ListItem\",\"position\":1,\"name\":\"Inicio\",\"item\":\"https:\\\/\\\/solucionescontract.com\\\/\"},{\"@type\":\"ListItem\",\"position\":2,\"name\":\"Tienda mobiliario contract\",\"item\":\"https:\\\/\\\/solucionescontract.com\\\/tienda-mobiliario-contract\\\/\"},{\"@type\":\"ListItem\",\"position\":3,\"name\":\"Mesas de dise\u00f1o\",\"item\":\"https:\\\/\\\/solucionescontract.com\\\/categoria-producto\\\/mesas-de-diseno\\\/\"},{\"@type\":\"ListItem\",\"position\":4,\"name\":\"TABLE RONDE EN VERRE ROME\"}]},{\"@type\":\"WebSite\",\"@id\":\"https:\\\/\\\/solucionescontract.com\\\/#website\",\"url\":\"https:\\\/\\\/solucionescontract.com\\\/\",\"name\":\"Soluciones Contract\",\"description\":\"Venta Mobiliario contract de dise\u00f1o\",\"publisher\":{\"@id\":\"https:\\\/\\\/solucionescontract.com\\\/#organization\"},\"potentialAction\":[{\"@type\":\"SearchAction\",\"target\":{\"@type\":\"EntryPoint\",\"urlTemplate\":\"https:\\\/\\\/solucionescontract.com\\\/?s={search_term_string}\"},\"query-input\":{\"@type\":\"PropertyValueSpecification\",\"valueRequired\":true,\"valueName\":\"search_term_string\"}}],\"inLanguage\":\"fr-FR\"},{\"@type\":\"Organization\",\"@id\":\"https:\\\/\\\/solucionescontract.com\\\/#organization\",\"name\":\"Soluciones Contract\",\"url\":\"https:\\\/\\\/solucionescontract.com\\\/\",\"logo\":{\"@type\":\"ImageObject\",\"inLanguage\":\"fr-FR\",\"@id\":\"https:\\\/\\\/solucionescontract.com\\\/#\\\/schema\\\/logo\\\/image\\\/\",\"url\":\"https:\\\/\\\/solucionescontract.com\\\/wp-content\\\/uploads\\\/2020\\\/02\\\/logoSC.jpg\",\"contentUrl\":\"https:\\\/\\\/solucionescontract.com\\\/wp-content\\\/uploads\\\/2020\\\/02\\\/logoSC.jpg\",\"width\":300,\"height\":125,\"caption\":\"Soluciones Contract\"},\"image\":{\"@id\":\"https:\\\/\\\/solucionescontract.com\\\/#\\\/schema\\\/logo\\\/image\\\/\"},\"sameAs\":[\"https:\\\/\\\/www.facebook.com\\\/solucionescontract\\\/\"]}]}<\/script>\n<!-- \/ Yoast SEO plugin. -->","yoast_head_json":{"title":"TABLE RONDE EN VERRE ROME - Muebles de dise\u00f1o en Soluciones Contract","description":"Achetez TABLE RONDE EN VERRE ROME en ligne dans notre magasin de meubles Contract. Trouvez le meilleur mobilier design pour la maison contractuelle","robots":{"index":"index","follow":"follow","max-snippet":"max-snippet:-1","max-image-preview":"max-image-preview:large","max-video-preview":"max-video-preview:-1"},"canonical":"https:\/\/solucionescontract.com\/fr\/producto\/table-ronde-en-verre-roma\/","og_locale":"fr_FR","og_type":"article","og_title":"TABLE RONDE EN VERRE ROME - Muebles de dise\u00f1o en Soluciones Contract","og_description":"Achetez TABLE RONDE EN VERRE ROME en ligne dans notre magasin de meubles Contract. Trouvez le meilleur mobilier design pour la maison contractuelle","og_url":"https:\/\/solucionescontract.com\/fr\/producto\/table-ronde-en-verre-roma\/","og_site_name":"Soluciones Contract","article_publisher":"https:\/\/www.facebook.com\/solucionescontract\/","article_modified_time":"2021-04-16T08:47:35+00:00","og_image":[{"width":800,"height":800,"url":"https:\/\/solucionescontract.com\/wp-content\/uploads\/2021\/02\/mesa-roma-encimera-de-cristal.jpg","type":"image\/jpeg"}],"twitter_card":"summary_large_image","schema":{"@context":"https:\/\/schema.org","@graph":[{"@type":"WebPage","@id":"https:\/\/solucionescontract.com\/fr\/producto\/table-ronde-en-verre-roma\/","url":"https:\/\/solucionescontract.com\/fr\/producto\/table-ronde-en-verre-roma\/","name":"TABLE RONDE EN VERRE ROME - Muebles de dise\u00f1o en Soluciones Contract","isPartOf":{"@id":"https:\/\/solucionescontract.com\/#website"},"primaryImageOfPage":{"@id":"https:\/\/solucionescontract.com\/fr\/producto\/table-ronde-en-verre-roma\/#primaryimage"},"image":{"@id":"https:\/\/solucionescontract.com\/fr\/producto\/table-ronde-en-verre-roma\/#primaryimage"},"thumbnailUrl":"https:\/\/solucionescontract.com\/wp-content\/uploads\/2021\/02\/mesa-roma-encimera-de-cristal.jpg","datePublished":"2021-02-02T11:05:34+00:00","dateModified":"2021-04-16T08:47:35+00:00","description":"Achetez TABLE RONDE EN VERRE ROME en ligne dans notre magasin de meubles Contract. Trouvez le meilleur mobilier design pour la maison contractuelle","breadcrumb":{"@id":"https:\/\/solucionescontract.com\/fr\/producto\/table-ronde-en-verre-roma\/#breadcrumb"},"inLanguage":"fr-FR","potentialAction":[{"@type":"ReadAction","target":["https:\/\/solucionescontract.com\/fr\/producto\/table-ronde-en-verre-roma\/"]}]},{"@type":"ImageObject","inLanguage":"fr-FR","@id":"https:\/\/solucionescontract.com\/fr\/producto\/table-ronde-en-verre-roma\/#primaryimage","url":"https:\/\/solucionescontract.com\/wp-content\/uploads\/2021\/02\/mesa-roma-encimera-de-cristal.jpg","contentUrl":"https:\/\/solucionescontract.com\/wp-content\/uploads\/2021\/02\/mesa-roma-encimera-de-cristal.jpg","width":800,"height":800,"caption":"La Mesa Roma con encimera redonda de cristal que aporta elegancia y amplitud visual a cualquier espacio."},{"@type":"BreadcrumbList","@id":"https:\/\/solucionescontract.com\/fr\/producto\/table-ronde-en-verre-roma\/#breadcrumb","itemListElement":[{"@type":"ListItem","position":1,"name":"Inicio","item":"https:\/\/solucionescontract.com\/"},{"@type":"ListItem","position":2,"name":"Tienda mobiliario contract","item":"https:\/\/solucionescontract.com\/tienda-mobiliario-contract\/"},{"@type":"ListItem","position":3,"name":"Mesas de dise\u00f1o","item":"https:\/\/solucionescontract.com\/categoria-producto\/mesas-de-diseno\/"},{"@type":"ListItem","position":4,"name":"TABLE RONDE EN VERRE ROME"}]},{"@type":"WebSite","@id":"https:\/\/solucionescontract.com\/#website","url":"https:\/\/solucionescontract.com\/","name":"Soluciones Contract","description":"Venta Mobiliario contract de dise\u00f1o","publisher":{"@id":"https:\/\/solucionescontract.com\/#organization"},"potentialAction":[{"@type":"SearchAction","target":{"@type":"EntryPoint","urlTemplate":"https:\/\/solucionescontract.com\/?s={search_term_string}"},"query-input":{"@type":"PropertyValueSpecification","valueRequired":true,"valueName":"search_term_string"}}],"inLanguage":"fr-FR"},{"@type":"Organization","@id":"https:\/\/solucionescontract.com\/#organization","name":"Soluciones Contract","url":"https:\/\/solucionescontract.com\/","logo":{"@type":"ImageObject","inLanguage":"fr-FR","@id":"https:\/\/solucionescontract.com\/#\/schema\/logo\/image\/","url":"https:\/\/solucionescontract.com\/wp-content\/uploads\/2020\/02\/logoSC.jpg","contentUrl":"https:\/\/solucionescontract.com\/wp-content\/uploads\/2020\/02\/logoSC.jpg","width":300,"height":125,"caption":"Soluciones Contract"},"image":{"@id":"https:\/\/solucionescontract.com\/#\/schema\/logo\/image\/"},"sameAs":["https:\/\/www.facebook.com\/solucionescontract\/"]}]}},"_links":{"self":[{"href":"https:\/\/solucionescontract.com\/fr\/wp-json\/wp\/v2\/product\/22971","targetHints":{"allow":["GET"]}}],"collection":[{"href":"https:\/\/solucionescontract.com\/fr\/wp-json\/wp\/v2\/product"}],"about":[{"href":"https:\/\/solucionescontract.com\/fr\/wp-json\/wp\/v2\/types\/product"}],"replies":[{"embeddable":true,"href":"https:\/\/solucionescontract.com\/fr\/wp-json\/wp\/v2\/comments?post=22971"}],"wp:featuredmedia":[{"embeddable":true,"href":"https:\/\/solucionescontract.com\/fr\/wp-json\/wp\/v2\/media\/32811"}],"wp:attachment":[{"href":"https:\/\/solucionescontract.com\/fr\/wp-json\/wp\/v2\/media?parent=22971"}],"wp:term":[{"taxonomy":"product_brand","embeddable":true,"href":"https:\/\/solucionescontract.com\/fr\/wp-json\/wp\/v2\/product_brand?post=22971"},{"taxonomy":"product_cat","embeddable":true,"href":"https:\/\/solucionescontract.com\/fr\/wp-json\/wp\/v2\/product_cat?post=22971"},{"taxonomy":"product_tag","embeddable":true,"href":"https:\/\/solucionescontract.com\/fr\/wp-json\/wp\/v2\/product_tag?post=22971"}],"curies":[{"name":"wp","href":"https:\/\/api.w.org\/{rel}","templated":true}]}}