{"id":22490,"date":"2018-06-19T23:34:11","date_gmt":"2018-06-19T23:34:11","guid":{"rendered":"https:\/\/www.solucionescontract.com\/producto\/canape-rembourre-classique-859\/"},"modified":"2018-06-19T23:34:11","modified_gmt":"2018-06-19T23:34:11","slug":"canape-rembourre-classique-859","status":"publish","type":"product","link":"https:\/\/solucionescontract.com\/fr\/producto\/canape-rembourre-classique-859\/","title":{"rendered":"CANAP\u00c9 REMBOURR\u00c9 CLASSIQUE 859"},"content":{"rendered":"<h3>Canap\u00e9 Rembourr\u00e9 Classique 859<\/h3>\n<p><strong><a href=\"https:\/\/solucionescontract.com\/wp-content\/uploads\/2018\/06\/Ficha-tecnica-859.jpg\"><img decoding=\"async\" class=\" wd-lazy-fade alignnone wp-image-4622\" src=\"https:\/\/solucionescontract.com\/wp-content\/themes\/woodmart\/images\/lazy.svg\" data-src=\"https:\/\/solucionescontract.com\/wp-content\/uploads\/2018\/06\/Ficha-tecnica-859-300x76.jpg\" alt=\"\" width=\"500\" height=\"126\" srcset=\"\" data-srcset=\"https:\/\/solucionescontract.com\/wp-content\/uploads\/2018\/06\/Ficha-tecnica-859-300x76.jpg 300w, https:\/\/solucionescontract.com\/wp-content\/uploads\/2018\/06\/Ficha-tecnica-859-150x38.jpg 150w, https:\/\/solucionescontract.com\/wp-content\/uploads\/2018\/06\/Ficha-tecnica-859-800x202.jpg 800w, https:\/\/solucionescontract.com\/wp-content\/uploads\/2018\/06\/Ficha-tecnica-859-768x194.jpg 768w, https:\/\/solucionescontract.com\/wp-content\/uploads\/2018\/06\/Ficha-tecnica-859-232x59.jpg 232w, https:\/\/solucionescontract.com\/wp-content\/uploads\/2018\/06\/Ficha-tecnica-859.jpg 994w\" sizes=\"(max-width: 500px) 100vw, 500px\" \/><\/a><\/strong><\/p>\n<p><strong>Structure :<\/strong><br \/>\nStructure et cadre en bois de pin de premi\u00e8re qualit\u00e9 recouvert de panneaux de particules de 18 mm et recouvert de mousse de polyur\u00e9thane haute densit\u00e9 avec une HR de 30 kg\/m3. Finitions ext\u00e9rieures et structure des pieds rembourr\u00e9s et 4 pieds en aluminium strud\u00e9 ou en fer chrom\u00e9.<\/p>\n<p><strong>Si\u00e8ge :<\/strong><br \/>\nCadre avec syst\u00e8me de suspension par sangles \u00e9lastiques haute r\u00e9sistance NEA avec 10 ans de garantie. Mousse de caoutchouc \u00e0 haute densit\u00e9. Si\u00e8ge ergonomique.<\/p>\n<p><strong>Armes :<\/strong><br \/>\nPlus long que le cadre afin qu&rsquo;il offre un support solide \u00e0 l&rsquo;utilisateur. Enti\u00e8rement rembourr\u00e9 de caoutchouc mousse<\/p>\n<p><strong>Dossier :<\/strong><br \/>\nMousse de polyur\u00e9thane RH 25 kg. \u00c9paisseur moyenne de 30 mm. Conception anatomique du dossier avec une forme ergonomique, pour une adaptation parfaite du dos en fonction des param\u00e8tres techniques de l&rsquo;ergonomie.<\/p>\n<p>&nbsp;<\/script><\/p>\n","protected":false},"excerpt":{"rendered":"<ul>\n<li>Canap\u00e9 de collectivit\u00e9 id\u00e9al pour un usage commercial et h\u00f4telier pour sa polyvalence, sa solidit\u00e9 et son confort.<\/li>\n<li>Disponible en 1, 2 et 3 si\u00e8ges.<\/li>\n<li>Il se pr\u00e9sente sous la forme d&rsquo;une ligne enti\u00e8rement rembourr\u00e9e. Il se distingue par ses pieds en bois et son dossier compos\u00e9 de larges coussins.<\/li>\n<li>Structure et cadre en bois de pin de premi\u00e8re qualit\u00e9. Cadre avec syst\u00e8me de suspension haute r\u00e9sistance NEA avec 10 ans de garantie.<\/li>\n<li>Hauteur du si\u00e8ge 430 mm<\/li>\n<li><a href=\"\/fr\/producto\/finition-tm\/\">S\u00e9lectionnez les finitions ici<\/a><\/li>\n<\/ul>\n","protected":false},"featured_media":14430,"comment_status":"open","ping_status":"closed","template":"","meta":[],"product_brand":[],"product_cat":[637,529],"product_tag":[],"class_list":{"0":"post-22490","1":"product","2":"type-product","3":"status-publish","4":"has-post-thumbnail","6":"product_cat-sofas-de-diseno-fr","7":"product_cat-sieges-contractuels","8":"product_shipping_class-gratuit","9":"yith_product_brand-tm-sillerias-fr","11":"first","12":"instock","13":"taxable","14":"shipping-taxable","15":"purchasable","16":"product-type-variable"},"yoast_head":"<!-- This site is optimized with the Yoast SEO plugin v27.3 - https:\/\/yoast.com\/product\/yoast-seo-wordpress\/ -->\n<title>CANAP\u00c9 REMBOURR\u00c9 CLASSIQUE 859 - Muebles de dise\u00f1o en Soluciones Contract<\/title>\n<meta name=\"description\" content=\"Compra CANAP\u00c9 REMBOURR\u00c9 CLASSIQUE 859 online en nuestra tienda de muebles Contract. Encuentra el mejor MOBILIARIO DE DISE\u00d1O para Hotel, Hogar y uso comercial. Descubre las mejores marcas en nuestro cat\u00e1logo.\" \/>\n<meta name=\"robots\" content=\"index, follow, max-snippet:-1, max-image-preview:large, max-video-preview:-1\" \/>\n<link rel=\"canonical\" href=\"https:\/\/solucionescontract.com\/producto\/sofa-tapizado-clasico-859\/\" \/>\n<meta property=\"og:locale\" content=\"fr_FR\" \/>\n<meta property=\"og:type\" content=\"article\" \/>\n<meta property=\"og:title\" content=\"CANAP\u00c9 REMBOURR\u00c9 CLASSIQUE 859 - Muebles de dise\u00f1o en Soluciones Contract\" \/>\n<meta property=\"og:description\" content=\"Compra CANAP\u00c9 REMBOURR\u00c9 CLASSIQUE 859 online en nuestra tienda de muebles Contract. Encuentra el mejor MOBILIARIO DE DISE\u00d1O para Hotel, Hogar y uso comercial. Descubre las mejores marcas en nuestro cat\u00e1logo.\" \/>\n<meta property=\"og:url\" content=\"https:\/\/solucionescontract.com\/producto\/sofa-tapizado-clasico-859\/\" \/>\n<meta property=\"og:site_name\" content=\"Soluciones Contract\" \/>\n<meta property=\"article:publisher\" content=\"https:\/\/www.facebook.com\/solucionescontract\/\" \/>\n<meta property=\"og:image\" content=\"https:\/\/solucionescontract.com\/wp-content\/uploads\/2018\/06\/Sof\u00e1-Tapizado-clasico-TM-859.jpg\" \/>\n\t<meta property=\"og:image:width\" content=\"1321\" \/>\n\t<meta property=\"og:image:height\" content=\"1321\" \/>\n\t<meta property=\"og:image:type\" content=\"image\/jpeg\" \/>\n<meta name=\"twitter:card\" content=\"summary_large_image\" \/>\n<meta name=\"twitter:label1\" content=\"Dur\u00e9e de lecture estim\u00e9e\" \/>\n\t<meta name=\"twitter:data1\" content=\"1 minute\" \/>\n<script type=\"application\/ld+json\" class=\"yoast-schema-graph\">{\"@context\":\"https:\\\/\\\/schema.org\",\"@graph\":[{\"@type\":\"WebPage\",\"@id\":\"https:\\\/\\\/solucionescontract.com\\\/producto\\\/sofa-tapizado-clasico-859\\\/\",\"url\":\"https:\\\/\\\/solucionescontract.com\\\/producto\\\/sofa-tapizado-clasico-859\\\/\",\"name\":\"CANAP\u00c9 REMBOURR\u00c9 CLASSIQUE 859 - Muebles de dise\u00f1o en Soluciones Contract\",\"isPartOf\":{\"@id\":\"https:\\\/\\\/solucionescontract.com\\\/#website\"},\"primaryImageOfPage\":{\"@id\":\"https:\\\/\\\/solucionescontract.com\\\/producto\\\/sofa-tapizado-clasico-859\\\/#primaryimage\"},\"image\":{\"@id\":\"https:\\\/\\\/solucionescontract.com\\\/producto\\\/sofa-tapizado-clasico-859\\\/#primaryimage\"},\"thumbnailUrl\":\"https:\\\/\\\/solucionescontract.com\\\/wp-content\\\/uploads\\\/2018\\\/06\\\/Sof\u00e1-Tapizado-clasico-TM-859.jpg\",\"datePublished\":\"2018-06-19T23:34:11+00:00\",\"description\":\"Compra CANAP\u00c9 REMBOURR\u00c9 CLASSIQUE 859 online en nuestra tienda de muebles Contract. Encuentra el mejor MOBILIARIO DE DISE\u00d1O para Hotel, Hogar y uso comercial. Descubre las mejores marcas en nuestro cat\u00e1logo.\",\"breadcrumb\":{\"@id\":\"https:\\\/\\\/solucionescontract.com\\\/producto\\\/sofa-tapizado-clasico-859\\\/#breadcrumb\"},\"inLanguage\":\"fr-FR\",\"potentialAction\":[{\"@type\":\"ReadAction\",\"target\":[\"https:\\\/\\\/solucionescontract.com\\\/producto\\\/sofa-tapizado-clasico-859\\\/\"]}]},{\"@type\":\"ImageObject\",\"inLanguage\":\"fr-FR\",\"@id\":\"https:\\\/\\\/solucionescontract.com\\\/producto\\\/sofa-tapizado-clasico-859\\\/#primaryimage\",\"url\":\"https:\\\/\\\/solucionescontract.com\\\/wp-content\\\/uploads\\\/2018\\\/06\\\/Sof\u00e1-Tapizado-clasico-TM-859.jpg\",\"contentUrl\":\"https:\\\/\\\/solucionescontract.com\\\/wp-content\\\/uploads\\\/2018\\\/06\\\/Sof\u00e1-Tapizado-clasico-TM-859.jpg\",\"width\":1321,\"height\":1321},{\"@type\":\"BreadcrumbList\",\"@id\":\"https:\\\/\\\/solucionescontract.com\\\/producto\\\/sofa-tapizado-clasico-859\\\/#breadcrumb\",\"itemListElement\":[{\"@type\":\"ListItem\",\"position\":1,\"name\":\"Inicio\",\"item\":\"https:\\\/\\\/solucionescontract.com\\\/\"},{\"@type\":\"ListItem\",\"position\":2,\"name\":\"Tienda mobiliario contract\",\"item\":\"https:\\\/\\\/solucionescontract.com\\\/tienda-mobiliario-contract\\\/\"},{\"@type\":\"ListItem\",\"position\":3,\"name\":\"Asientos Contract\",\"item\":\"https:\\\/\\\/solucionescontract.com\\\/categoria-producto\\\/asientos-para-contract\\\/\"},{\"@type\":\"ListItem\",\"position\":4,\"name\":\"Sof\u00e1s de dise\u00f1o\",\"item\":\"https:\\\/\\\/solucionescontract.com\\\/categoria-producto\\\/asientos-para-contract\\\/sofas-de-diseno\\\/\"},{\"@type\":\"ListItem\",\"position\":5,\"name\":\"CANAP\u00c9 REMBOURR\u00c9 CLASSIQUE 859\"}]},{\"@type\":\"WebSite\",\"@id\":\"https:\\\/\\\/solucionescontract.com\\\/#website\",\"url\":\"https:\\\/\\\/solucionescontract.com\\\/\",\"name\":\"Soluciones Contract\",\"description\":\"Venta Mobiliario contract de dise\u00f1o\",\"publisher\":{\"@id\":\"https:\\\/\\\/solucionescontract.com\\\/#organization\"},\"potentialAction\":[{\"@type\":\"SearchAction\",\"target\":{\"@type\":\"EntryPoint\",\"urlTemplate\":\"https:\\\/\\\/solucionescontract.com\\\/?s={search_term_string}\"},\"query-input\":{\"@type\":\"PropertyValueSpecification\",\"valueRequired\":true,\"valueName\":\"search_term_string\"}}],\"inLanguage\":\"fr-FR\"},{\"@type\":\"Organization\",\"@id\":\"https:\\\/\\\/solucionescontract.com\\\/#organization\",\"name\":\"Soluciones Contract\",\"url\":\"https:\\\/\\\/solucionescontract.com\\\/\",\"logo\":{\"@type\":\"ImageObject\",\"inLanguage\":\"fr-FR\",\"@id\":\"https:\\\/\\\/solucionescontract.com\\\/#\\\/schema\\\/logo\\\/image\\\/\",\"url\":\"https:\\\/\\\/solucionescontract.com\\\/wp-content\\\/uploads\\\/2020\\\/02\\\/logoSC.jpg\",\"contentUrl\":\"https:\\\/\\\/solucionescontract.com\\\/wp-content\\\/uploads\\\/2020\\\/02\\\/logoSC.jpg\",\"width\":300,\"height\":125,\"caption\":\"Soluciones Contract\"},\"image\":{\"@id\":\"https:\\\/\\\/solucionescontract.com\\\/#\\\/schema\\\/logo\\\/image\\\/\"},\"sameAs\":[\"https:\\\/\\\/www.facebook.com\\\/solucionescontract\\\/\"]}]}<\/script>\n<!-- \/ Yoast SEO plugin. -->","yoast_head_json":{"title":"CANAP\u00c9 REMBOURR\u00c9 CLASSIQUE 859 - Muebles de dise\u00f1o en Soluciones Contract","description":"Compra CANAP\u00c9 REMBOURR\u00c9 CLASSIQUE 859 online en nuestra tienda de muebles Contract. Encuentra el mejor MOBILIARIO DE DISE\u00d1O para Hotel, Hogar y uso comercial. Descubre las mejores marcas en nuestro cat\u00e1logo.","robots":{"index":"index","follow":"follow","max-snippet":"max-snippet:-1","max-image-preview":"max-image-preview:large","max-video-preview":"max-video-preview:-1"},"canonical":"https:\/\/solucionescontract.com\/producto\/sofa-tapizado-clasico-859\/","og_locale":"fr_FR","og_type":"article","og_title":"CANAP\u00c9 REMBOURR\u00c9 CLASSIQUE 859 - Muebles de dise\u00f1o en Soluciones Contract","og_description":"Compra CANAP\u00c9 REMBOURR\u00c9 CLASSIQUE 859 online en nuestra tienda de muebles Contract. Encuentra el mejor MOBILIARIO DE DISE\u00d1O para Hotel, Hogar y uso comercial. Descubre las mejores marcas en nuestro cat\u00e1logo.","og_url":"https:\/\/solucionescontract.com\/producto\/sofa-tapizado-clasico-859\/","og_site_name":"Soluciones Contract","article_publisher":"https:\/\/www.facebook.com\/solucionescontract\/","og_image":[{"width":1321,"height":1321,"url":"https:\/\/solucionescontract.com\/wp-content\/uploads\/2018\/06\/Sof\u00e1-Tapizado-clasico-TM-859.jpg","type":"image\/jpeg"}],"twitter_card":"summary_large_image","twitter_misc":{"Dur\u00e9e de lecture estim\u00e9e":"1 minute"},"schema":{"@context":"https:\/\/schema.org","@graph":[{"@type":"WebPage","@id":"https:\/\/solucionescontract.com\/producto\/sofa-tapizado-clasico-859\/","url":"https:\/\/solucionescontract.com\/producto\/sofa-tapizado-clasico-859\/","name":"CANAP\u00c9 REMBOURR\u00c9 CLASSIQUE 859 - Muebles de dise\u00f1o en Soluciones Contract","isPartOf":{"@id":"https:\/\/solucionescontract.com\/#website"},"primaryImageOfPage":{"@id":"https:\/\/solucionescontract.com\/producto\/sofa-tapizado-clasico-859\/#primaryimage"},"image":{"@id":"https:\/\/solucionescontract.com\/producto\/sofa-tapizado-clasico-859\/#primaryimage"},"thumbnailUrl":"https:\/\/solucionescontract.com\/wp-content\/uploads\/2018\/06\/Sof\u00e1-Tapizado-clasico-TM-859.jpg","datePublished":"2018-06-19T23:34:11+00:00","description":"Compra CANAP\u00c9 REMBOURR\u00c9 CLASSIQUE 859 online en nuestra tienda de muebles Contract. Encuentra el mejor MOBILIARIO DE DISE\u00d1O para Hotel, Hogar y uso comercial. Descubre las mejores marcas en nuestro cat\u00e1logo.","breadcrumb":{"@id":"https:\/\/solucionescontract.com\/producto\/sofa-tapizado-clasico-859\/#breadcrumb"},"inLanguage":"fr-FR","potentialAction":[{"@type":"ReadAction","target":["https:\/\/solucionescontract.com\/producto\/sofa-tapizado-clasico-859\/"]}]},{"@type":"ImageObject","inLanguage":"fr-FR","@id":"https:\/\/solucionescontract.com\/producto\/sofa-tapizado-clasico-859\/#primaryimage","url":"https:\/\/solucionescontract.com\/wp-content\/uploads\/2018\/06\/Sof\u00e1-Tapizado-clasico-TM-859.jpg","contentUrl":"https:\/\/solucionescontract.com\/wp-content\/uploads\/2018\/06\/Sof\u00e1-Tapizado-clasico-TM-859.jpg","width":1321,"height":1321},{"@type":"BreadcrumbList","@id":"https:\/\/solucionescontract.com\/producto\/sofa-tapizado-clasico-859\/#breadcrumb","itemListElement":[{"@type":"ListItem","position":1,"name":"Inicio","item":"https:\/\/solucionescontract.com\/"},{"@type":"ListItem","position":2,"name":"Tienda mobiliario contract","item":"https:\/\/solucionescontract.com\/tienda-mobiliario-contract\/"},{"@type":"ListItem","position":3,"name":"Asientos Contract","item":"https:\/\/solucionescontract.com\/categoria-producto\/asientos-para-contract\/"},{"@type":"ListItem","position":4,"name":"Sof\u00e1s de dise\u00f1o","item":"https:\/\/solucionescontract.com\/categoria-producto\/asientos-para-contract\/sofas-de-diseno\/"},{"@type":"ListItem","position":5,"name":"CANAP\u00c9 REMBOURR\u00c9 CLASSIQUE 859"}]},{"@type":"WebSite","@id":"https:\/\/solucionescontract.com\/#website","url":"https:\/\/solucionescontract.com\/","name":"Soluciones Contract","description":"Venta Mobiliario contract de dise\u00f1o","publisher":{"@id":"https:\/\/solucionescontract.com\/#organization"},"potentialAction":[{"@type":"SearchAction","target":{"@type":"EntryPoint","urlTemplate":"https:\/\/solucionescontract.com\/?s={search_term_string}"},"query-input":{"@type":"PropertyValueSpecification","valueRequired":true,"valueName":"search_term_string"}}],"inLanguage":"fr-FR"},{"@type":"Organization","@id":"https:\/\/solucionescontract.com\/#organization","name":"Soluciones Contract","url":"https:\/\/solucionescontract.com\/","logo":{"@type":"ImageObject","inLanguage":"fr-FR","@id":"https:\/\/solucionescontract.com\/#\/schema\/logo\/image\/","url":"https:\/\/solucionescontract.com\/wp-content\/uploads\/2020\/02\/logoSC.jpg","contentUrl":"https:\/\/solucionescontract.com\/wp-content\/uploads\/2020\/02\/logoSC.jpg","width":300,"height":125,"caption":"Soluciones Contract"},"image":{"@id":"https:\/\/solucionescontract.com\/#\/schema\/logo\/image\/"},"sameAs":["https:\/\/www.facebook.com\/solucionescontract\/"]}]}},"_links":{"self":[{"href":"https:\/\/solucionescontract.com\/fr\/wp-json\/wp\/v2\/product\/22490","targetHints":{"allow":["GET"]}}],"collection":[{"href":"https:\/\/solucionescontract.com\/fr\/wp-json\/wp\/v2\/product"}],"about":[{"href":"https:\/\/solucionescontract.com\/fr\/wp-json\/wp\/v2\/types\/product"}],"replies":[{"embeddable":true,"href":"https:\/\/solucionescontract.com\/fr\/wp-json\/wp\/v2\/comments?post=22490"}],"wp:featuredmedia":[{"embeddable":true,"href":"https:\/\/solucionescontract.com\/fr\/wp-json\/wp\/v2\/media\/14430"}],"wp:attachment":[{"href":"https:\/\/solucionescontract.com\/fr\/wp-json\/wp\/v2\/media?parent=22490"}],"wp:term":[{"taxonomy":"product_brand","embeddable":true,"href":"https:\/\/solucionescontract.com\/fr\/wp-json\/wp\/v2\/product_brand?post=22490"},{"taxonomy":"product_cat","embeddable":true,"href":"https:\/\/solucionescontract.com\/fr\/wp-json\/wp\/v2\/product_cat?post=22490"},{"taxonomy":"product_tag","embeddable":true,"href":"https:\/\/solucionescontract.com\/fr\/wp-json\/wp\/v2\/product_tag?post=22490"}],"curies":[{"name":"wp","href":"https:\/\/api.w.org\/{rel}","templated":true}]}}