{"id":22477,"date":"2019-03-21T21:57:15","date_gmt":"2019-03-21T21:57:15","guid":{"rendered":"https:\/\/www.solucionescontract.com\/producto\/lampe-design-sky-fall\/"},"modified":"2021-01-26T16:14:17","modified_gmt":"2021-01-26T16:14:17","slug":"lampe-design-sky-fall","status":"publish","type":"product","link":"https:\/\/solucionescontract.com\/fr\/producto\/lampe-design-sky-fall\/","title":{"rendered":"LAMPE DESIGN SKY FALL"},"content":{"rendered":"<p>[vc_row][vc_column width=\u00a0\u00bb2\/3&Prime;][vc_column_text]<\/p>\n<h3>LAMP DESIGN SKY FALL<\/h3>\n<p><a href=\"https:\/\/solucionescontract.com\/wp-content\/uploads\/2018\/06\/LAMPARA-DISE\u00d1O-SKY-FALL-STUDIO-ITALIA-1.jpg\"><img decoding=\"async\" class=\" wd-lazy-fade alignnone wp-image-4609\" src=\"https:\/\/solucionescontract.com\/wp-content\/themes\/woodmart\/images\/lazy.svg\" data-src=\"https:\/\/solucionescontract.com\/wp-content\/uploads\/2018\/06\/LAMPARA-DISE\u00d1O-SKY-FALL-STUDIO-ITALIA-1-300x173.jpg\" alt=\"\" width=\"450\" height=\"259\" srcset=\"\" data-srcset=\"https:\/\/solucionescontract.com\/wp-content\/uploads\/2018\/06\/LAMPARA-DISE\u00d1O-SKY-FALL-STUDIO-ITALIA-1-300x173.jpg 300w, https:\/\/solucionescontract.com\/wp-content\/uploads\/2018\/06\/LAMPARA-DISE\u00d1O-SKY-FALL-STUDIO-ITALIA-1-150x86.jpg 150w, https:\/\/solucionescontract.com\/wp-content\/uploads\/2018\/06\/LAMPARA-DISE\u00d1O-SKY-FALL-STUDIO-ITALIA-1-800x461.jpg 800w, https:\/\/solucionescontract.com\/wp-content\/uploads\/2018\/06\/LAMPARA-DISE\u00d1O-SKY-FALL-STUDIO-ITALIA-1-768x443.jpg 768w, https:\/\/solucionescontract.com\/wp-content\/uploads\/2018\/06\/LAMPARA-DISE\u00d1O-SKY-FALL-STUDIO-ITALIA-1-1024x590.jpg 1024w, https:\/\/solucionescontract.com\/wp-content\/uploads\/2018\/06\/LAMPARA-DISE\u00d1O-SKY-FALL-STUDIO-ITALIA-1-232x134.jpg 232w, https:\/\/solucionescontract.com\/wp-content\/uploads\/2018\/06\/LAMPARA-DISE\u00d1O-SKY-FALL-STUDIO-ITALIA-1.jpg 1561w\" sizes=\"(max-width: 450px) 100vw, 450px\" \/><\/a>[\/vc_column_text][\/vc_column][vc_column width=\u00a0\u00bb1\/3&Prime;][vc_column_text]<\/p>\n<h4>Instructions de montage<\/h4>\n<p>.<br \/>\n[\/vc_column_text][vc_btn title=\u00a0\u00bbT\u00e9l\u00e9charger\u00a0\u00bb style=\u00a0\u00bb3d\u00a0\u00bb color=\u00a0\u00bbinverse\u00a0\u00bb link=\u00a0\u00bburl:https%3A%2F%2Fsolucionescontract.com%2Fwp-content%2Fuploads%2F2018%2F06%2FSky-Fall_instrucciones-de-montaje.pd|\u00a0\u00bb][\/vc_column][\/vc_row]<\/script><\/p>\n","protected":false},"excerpt":{"rendered":"<ul>\n<li>C&rsquo;est un lustre incroyablement \u00e9l\u00e9gant qui combine le <strong>verre antique de Murano<\/strong> avec la technologie LED innovante d&rsquo;une mani\u00e8re intemporelle.<\/li>\n<li>Il est install\u00e9 au plafond avec un auvent chrom\u00e9 en forme de d\u00f4me, son diffuseur fait main est disponible dans les finitions suivantes : <strong>Cristal, Cuivre m\u00e9tallique brillant, Chrome et Or rose.<\/strong><\/li>\n<li>C&rsquo;est une lampe d&rsquo;avant-garde aux formes pures tr\u00e8s soign\u00e9es, qui apportera une grande valeur esth\u00e9tique \u00e0 votre pi\u00e8ce.<\/li>\n<li>Ses deux sources de lumi\u00e8re LED fournissent une lumi\u00e8re directe et indirecte. Deux filaments verticaux sont visibles \u00e0 travers le verre transparent \u00e0 l&rsquo;int\u00e9rieur du diffuseur.<\/li>\n<li>Il existe en deux tailles.<\/li>\n<\/ul>\n","protected":false},"featured_media":14422,"comment_status":"open","ping_status":"closed","template":"","meta":[],"product_brand":[],"product_cat":[541,541,551,551],"product_tag":[],"class_list":{"0":"post-22477","1":"product","2":"type-product","3":"status-publish","4":"has-post-thumbnail","6":"product_cat-eclairage-design","8":"product_cat-plafonniers","10":"product_shipping_class-gratuit","12":"yith_product_brand-studio-italia-fr","15":"first","16":"instock","17":"taxable","18":"shipping-taxable","19":"purchasable","20":"product-type-variable"},"yoast_head":"<!-- This site is optimized with the Yoast SEO plugin v27.3 - https:\/\/yoast.com\/product\/yoast-seo-wordpress\/ -->\n<title>LAMPE DESIGN SKY FALL - Muebles de dise\u00f1o en Soluciones Contract<\/title>\n<meta name=\"description\" content=\"Compra LAMPE DESIGN SKY FALL online en nuestra tienda de muebles Contract. Encuentra el mejor MOBILIARIO DE DISE\u00d1O para Hotel, Hogar y uso comercial. Descubre las mejores marcas en nuestro cat\u00e1logo.\" \/>\n<meta name=\"robots\" content=\"index, follow, max-snippet:-1, max-image-preview:large, max-video-preview:-1\" \/>\n<link rel=\"canonical\" href=\"https:\/\/solucionescontract.com\/producto\/lampara-diseno-sky-fall\/\" \/>\n<meta property=\"og:locale\" content=\"fr_FR\" \/>\n<meta property=\"og:type\" content=\"article\" \/>\n<meta property=\"og:title\" content=\"LAMPE DESIGN SKY FALL - Muebles de dise\u00f1o en Soluciones Contract\" \/>\n<meta property=\"og:description\" content=\"Compra LAMPE DESIGN SKY FALL online en nuestra tienda de muebles Contract. Encuentra el mejor MOBILIARIO DE DISE\u00d1O para Hotel, Hogar y uso comercial. Descubre las mejores marcas en nuestro cat\u00e1logo.\" \/>\n<meta property=\"og:url\" content=\"https:\/\/solucionescontract.com\/producto\/lampara-diseno-sky-fall\/\" \/>\n<meta property=\"og:site_name\" content=\"Soluciones Contract\" \/>\n<meta property=\"article:publisher\" content=\"https:\/\/www.facebook.com\/solucionescontract\/\" \/>\n<meta property=\"article:modified_time\" content=\"2021-01-26T16:14:17+00:00\" \/>\n<meta property=\"og:image\" content=\"https:\/\/solucionescontract.com\/wp-content\/uploads\/2018\/06\/LAMPARA-DISE\u00d1O-SKY-FALL-STUDIO-ITALIA-7.jpg\" \/>\n\t<meta property=\"og:image:width\" content=\"1080\" \/>\n\t<meta property=\"og:image:height\" content=\"1080\" \/>\n\t<meta property=\"og:image:type\" content=\"image\/jpeg\" \/>\n<meta name=\"twitter:card\" content=\"summary_large_image\" \/>\n<script type=\"application\/ld+json\" class=\"yoast-schema-graph\">{\"@context\":\"https:\\\/\\\/schema.org\",\"@graph\":[{\"@type\":\"WebPage\",\"@id\":\"https:\\\/\\\/solucionescontract.com\\\/producto\\\/lampara-diseno-sky-fall\\\/\",\"url\":\"https:\\\/\\\/solucionescontract.com\\\/producto\\\/lampara-diseno-sky-fall\\\/\",\"name\":\"LAMPE DESIGN SKY FALL - Muebles de dise\u00f1o en Soluciones Contract\",\"isPartOf\":{\"@id\":\"https:\\\/\\\/solucionescontract.com\\\/#website\"},\"primaryImageOfPage\":{\"@id\":\"https:\\\/\\\/solucionescontract.com\\\/producto\\\/lampara-diseno-sky-fall\\\/#primaryimage\"},\"image\":{\"@id\":\"https:\\\/\\\/solucionescontract.com\\\/producto\\\/lampara-diseno-sky-fall\\\/#primaryimage\"},\"thumbnailUrl\":\"https:\\\/\\\/solucionescontract.com\\\/wp-content\\\/uploads\\\/2018\\\/06\\\/LAMPARA-DISE\u00d1O-SKY-FALL-STUDIO-ITALIA-7.jpg\",\"datePublished\":\"2019-03-21T21:57:15+00:00\",\"dateModified\":\"2021-01-26T16:14:17+00:00\",\"description\":\"Compra LAMPE DESIGN SKY FALL online en nuestra tienda de muebles Contract. Encuentra el mejor MOBILIARIO DE DISE\u00d1O para Hotel, Hogar y uso comercial. Descubre las mejores marcas en nuestro cat\u00e1logo.\",\"breadcrumb\":{\"@id\":\"https:\\\/\\\/solucionescontract.com\\\/producto\\\/lampara-diseno-sky-fall\\\/#breadcrumb\"},\"inLanguage\":\"fr-FR\",\"potentialAction\":[{\"@type\":\"ReadAction\",\"target\":[\"https:\\\/\\\/solucionescontract.com\\\/producto\\\/lampara-diseno-sky-fall\\\/\"]}]},{\"@type\":\"ImageObject\",\"inLanguage\":\"fr-FR\",\"@id\":\"https:\\\/\\\/solucionescontract.com\\\/producto\\\/lampara-diseno-sky-fall\\\/#primaryimage\",\"url\":\"https:\\\/\\\/solucionescontract.com\\\/wp-content\\\/uploads\\\/2018\\\/06\\\/LAMPARA-DISE\u00d1O-SKY-FALL-STUDIO-ITALIA-7.jpg\",\"contentUrl\":\"https:\\\/\\\/solucionescontract.com\\\/wp-content\\\/uploads\\\/2018\\\/06\\\/LAMPARA-DISE\u00d1O-SKY-FALL-STUDIO-ITALIA-7.jpg\",\"width\":1080,\"height\":1080},{\"@type\":\"BreadcrumbList\",\"@id\":\"https:\\\/\\\/solucionescontract.com\\\/producto\\\/lampara-diseno-sky-fall\\\/#breadcrumb\",\"itemListElement\":[{\"@type\":\"ListItem\",\"position\":1,\"name\":\"Inicio\",\"item\":\"https:\\\/\\\/solucionescontract.com\\\/\"},{\"@type\":\"ListItem\",\"position\":2,\"name\":\"Tienda mobiliario contract\",\"item\":\"https:\\\/\\\/solucionescontract.com\\\/tienda-mobiliario-contract\\\/\"},{\"@type\":\"ListItem\",\"position\":3,\"name\":\"Iluminaci\u00f3n de dise\u00f1o\",\"item\":\"https:\\\/\\\/solucionescontract.com\\\/categoria-producto\\\/iluminacion-de-diseno\\\/\"},{\"@type\":\"ListItem\",\"position\":4,\"name\":\"L\u00e1mparas de techo\",\"item\":\"https:\\\/\\\/solucionescontract.com\\\/categoria-producto\\\/iluminacion-de-diseno\\\/lamparas-de-techo\\\/\"},{\"@type\":\"ListItem\",\"position\":5,\"name\":\"LAMPE DESIGN SKY FALL\"}]},{\"@type\":\"WebSite\",\"@id\":\"https:\\\/\\\/solucionescontract.com\\\/#website\",\"url\":\"https:\\\/\\\/solucionescontract.com\\\/\",\"name\":\"Soluciones Contract\",\"description\":\"Venta Mobiliario contract de dise\u00f1o\",\"publisher\":{\"@id\":\"https:\\\/\\\/solucionescontract.com\\\/#organization\"},\"potentialAction\":[{\"@type\":\"SearchAction\",\"target\":{\"@type\":\"EntryPoint\",\"urlTemplate\":\"https:\\\/\\\/solucionescontract.com\\\/?s={search_term_string}\"},\"query-input\":{\"@type\":\"PropertyValueSpecification\",\"valueRequired\":true,\"valueName\":\"search_term_string\"}}],\"inLanguage\":\"fr-FR\"},{\"@type\":\"Organization\",\"@id\":\"https:\\\/\\\/solucionescontract.com\\\/#organization\",\"name\":\"Soluciones Contract\",\"url\":\"https:\\\/\\\/solucionescontract.com\\\/\",\"logo\":{\"@type\":\"ImageObject\",\"inLanguage\":\"fr-FR\",\"@id\":\"https:\\\/\\\/solucionescontract.com\\\/#\\\/schema\\\/logo\\\/image\\\/\",\"url\":\"https:\\\/\\\/solucionescontract.com\\\/wp-content\\\/uploads\\\/2020\\\/02\\\/logoSC.jpg\",\"contentUrl\":\"https:\\\/\\\/solucionescontract.com\\\/wp-content\\\/uploads\\\/2020\\\/02\\\/logoSC.jpg\",\"width\":300,\"height\":125,\"caption\":\"Soluciones Contract\"},\"image\":{\"@id\":\"https:\\\/\\\/solucionescontract.com\\\/#\\\/schema\\\/logo\\\/image\\\/\"},\"sameAs\":[\"https:\\\/\\\/www.facebook.com\\\/solucionescontract\\\/\"]}]}<\/script>\n<!-- \/ Yoast SEO plugin. -->","yoast_head_json":{"title":"LAMPE DESIGN SKY FALL - Muebles de dise\u00f1o en Soluciones Contract","description":"Compra LAMPE DESIGN SKY FALL online en nuestra tienda de muebles Contract. Encuentra el mejor MOBILIARIO DE DISE\u00d1O para Hotel, Hogar y uso comercial. Descubre las mejores marcas en nuestro cat\u00e1logo.","robots":{"index":"index","follow":"follow","max-snippet":"max-snippet:-1","max-image-preview":"max-image-preview:large","max-video-preview":"max-video-preview:-1"},"canonical":"https:\/\/solucionescontract.com\/producto\/lampara-diseno-sky-fall\/","og_locale":"fr_FR","og_type":"article","og_title":"LAMPE DESIGN SKY FALL - Muebles de dise\u00f1o en Soluciones Contract","og_description":"Compra LAMPE DESIGN SKY FALL online en nuestra tienda de muebles Contract. Encuentra el mejor MOBILIARIO DE DISE\u00d1O para Hotel, Hogar y uso comercial. Descubre las mejores marcas en nuestro cat\u00e1logo.","og_url":"https:\/\/solucionescontract.com\/producto\/lampara-diseno-sky-fall\/","og_site_name":"Soluciones Contract","article_publisher":"https:\/\/www.facebook.com\/solucionescontract\/","article_modified_time":"2021-01-26T16:14:17+00:00","og_image":[{"width":1080,"height":1080,"url":"https:\/\/solucionescontract.com\/wp-content\/uploads\/2018\/06\/LAMPARA-DISE\u00d1O-SKY-FALL-STUDIO-ITALIA-7.jpg","type":"image\/jpeg"}],"twitter_card":"summary_large_image","schema":{"@context":"https:\/\/schema.org","@graph":[{"@type":"WebPage","@id":"https:\/\/solucionescontract.com\/producto\/lampara-diseno-sky-fall\/","url":"https:\/\/solucionescontract.com\/producto\/lampara-diseno-sky-fall\/","name":"LAMPE DESIGN SKY FALL - Muebles de dise\u00f1o en Soluciones Contract","isPartOf":{"@id":"https:\/\/solucionescontract.com\/#website"},"primaryImageOfPage":{"@id":"https:\/\/solucionescontract.com\/producto\/lampara-diseno-sky-fall\/#primaryimage"},"image":{"@id":"https:\/\/solucionescontract.com\/producto\/lampara-diseno-sky-fall\/#primaryimage"},"thumbnailUrl":"https:\/\/solucionescontract.com\/wp-content\/uploads\/2018\/06\/LAMPARA-DISE\u00d1O-SKY-FALL-STUDIO-ITALIA-7.jpg","datePublished":"2019-03-21T21:57:15+00:00","dateModified":"2021-01-26T16:14:17+00:00","description":"Compra LAMPE DESIGN SKY FALL online en nuestra tienda de muebles Contract. Encuentra el mejor MOBILIARIO DE DISE\u00d1O para Hotel, Hogar y uso comercial. Descubre las mejores marcas en nuestro cat\u00e1logo.","breadcrumb":{"@id":"https:\/\/solucionescontract.com\/producto\/lampara-diseno-sky-fall\/#breadcrumb"},"inLanguage":"fr-FR","potentialAction":[{"@type":"ReadAction","target":["https:\/\/solucionescontract.com\/producto\/lampara-diseno-sky-fall\/"]}]},{"@type":"ImageObject","inLanguage":"fr-FR","@id":"https:\/\/solucionescontract.com\/producto\/lampara-diseno-sky-fall\/#primaryimage","url":"https:\/\/solucionescontract.com\/wp-content\/uploads\/2018\/06\/LAMPARA-DISE\u00d1O-SKY-FALL-STUDIO-ITALIA-7.jpg","contentUrl":"https:\/\/solucionescontract.com\/wp-content\/uploads\/2018\/06\/LAMPARA-DISE\u00d1O-SKY-FALL-STUDIO-ITALIA-7.jpg","width":1080,"height":1080},{"@type":"BreadcrumbList","@id":"https:\/\/solucionescontract.com\/producto\/lampara-diseno-sky-fall\/#breadcrumb","itemListElement":[{"@type":"ListItem","position":1,"name":"Inicio","item":"https:\/\/solucionescontract.com\/"},{"@type":"ListItem","position":2,"name":"Tienda mobiliario contract","item":"https:\/\/solucionescontract.com\/tienda-mobiliario-contract\/"},{"@type":"ListItem","position":3,"name":"Iluminaci\u00f3n de dise\u00f1o","item":"https:\/\/solucionescontract.com\/categoria-producto\/iluminacion-de-diseno\/"},{"@type":"ListItem","position":4,"name":"L\u00e1mparas de techo","item":"https:\/\/solucionescontract.com\/categoria-producto\/iluminacion-de-diseno\/lamparas-de-techo\/"},{"@type":"ListItem","position":5,"name":"LAMPE DESIGN SKY FALL"}]},{"@type":"WebSite","@id":"https:\/\/solucionescontract.com\/#website","url":"https:\/\/solucionescontract.com\/","name":"Soluciones Contract","description":"Venta Mobiliario contract de dise\u00f1o","publisher":{"@id":"https:\/\/solucionescontract.com\/#organization"},"potentialAction":[{"@type":"SearchAction","target":{"@type":"EntryPoint","urlTemplate":"https:\/\/solucionescontract.com\/?s={search_term_string}"},"query-input":{"@type":"PropertyValueSpecification","valueRequired":true,"valueName":"search_term_string"}}],"inLanguage":"fr-FR"},{"@type":"Organization","@id":"https:\/\/solucionescontract.com\/#organization","name":"Soluciones Contract","url":"https:\/\/solucionescontract.com\/","logo":{"@type":"ImageObject","inLanguage":"fr-FR","@id":"https:\/\/solucionescontract.com\/#\/schema\/logo\/image\/","url":"https:\/\/solucionescontract.com\/wp-content\/uploads\/2020\/02\/logoSC.jpg","contentUrl":"https:\/\/solucionescontract.com\/wp-content\/uploads\/2020\/02\/logoSC.jpg","width":300,"height":125,"caption":"Soluciones Contract"},"image":{"@id":"https:\/\/solucionescontract.com\/#\/schema\/logo\/image\/"},"sameAs":["https:\/\/www.facebook.com\/solucionescontract\/"]}]}},"_links":{"self":[{"href":"https:\/\/solucionescontract.com\/fr\/wp-json\/wp\/v2\/product\/22477","targetHints":{"allow":["GET"]}}],"collection":[{"href":"https:\/\/solucionescontract.com\/fr\/wp-json\/wp\/v2\/product"}],"about":[{"href":"https:\/\/solucionescontract.com\/fr\/wp-json\/wp\/v2\/types\/product"}],"replies":[{"embeddable":true,"href":"https:\/\/solucionescontract.com\/fr\/wp-json\/wp\/v2\/comments?post=22477"}],"wp:featuredmedia":[{"embeddable":true,"href":"https:\/\/solucionescontract.com\/fr\/wp-json\/wp\/v2\/media\/14422"}],"wp:attachment":[{"href":"https:\/\/solucionescontract.com\/fr\/wp-json\/wp\/v2\/media?parent=22477"}],"wp:term":[{"taxonomy":"product_brand","embeddable":true,"href":"https:\/\/solucionescontract.com\/fr\/wp-json\/wp\/v2\/product_brand?post=22477"},{"taxonomy":"product_cat","embeddable":true,"href":"https:\/\/solucionescontract.com\/fr\/wp-json\/wp\/v2\/product_cat?post=22477"},{"taxonomy":"product_tag","embeddable":true,"href":"https:\/\/solucionescontract.com\/fr\/wp-json\/wp\/v2\/product_tag?post=22477"}],"curies":[{"name":"wp","href":"https:\/\/api.w.org\/{rel}","templated":true}]}}