{"id":22452,"date":"2018-05-27T19:33:34","date_gmt":"2018-05-27T19:33:34","guid":{"rendered":"https:\/\/www.solucionescontract.com\/producto\/canape-fortress\/"},"modified":"2018-05-27T19:33:34","modified_gmt":"2018-05-27T19:33:34","slug":"canape-fortress","status":"publish","type":"product","link":"https:\/\/solucionescontract.com\/fr\/producto\/canape-fortress\/","title":{"rendered":"CANAP\u00c9 FORTRESS"},"content":{"rendered":"<p><strong>Canap\u00e9 de la forteresse. Sp\u00e9cifications techniques :<\/strong><\/p>\n<ul>\n<li>Couverture pliante renforc\u00e9e en tube d&rsquo;acier 40 x 30, rembourr\u00e9e en tissu 3D multiperfor\u00e9 pour une meilleure respirabilit\u00e9 avec <strong>syst\u00e8me de levage par pompe hydraulique.<\/strong><\/li>\n<li>Couverture r\u00e9alis\u00e9e avec un cadre en simili-cuir combin\u00e9 \u00e0 un tissu 3D.<\/li>\n<li><strong>C\u00f4t\u00e9s de 40 mm<\/strong>. Finition double face.<\/li>\n<li>M\u00e9canismes de bras m\u00e9talliques renforc\u00e9s extra-longs pour une plus grande r\u00e9sistance.<\/li>\n<li>Syst\u00e8me d&rsquo;ouverture avec <strong>double piston \u00e0 gaz<\/strong> par charni\u00e8re pour plus d&rsquo;\u00e9quilibre, de stabilit\u00e9 et de durabilit\u00e9.<\/li>\n<li>Fond Canap\u00e9 1 pi\u00e8ce par 16 mm. d&rsquo;\u00e9paisseur haute r\u00e9sistance (couleurs naturelles du bois).<\/li>\n<li>Quatre pieds en bois de h\u00eatre arrondis au sol.<\/li>\n<li>Poign\u00e9e avant en bois.<\/li>\n<li>Chambre d&rsquo;a\u00e9ration de 1,5 cm. pour une meilleure transpiration en cas de probl\u00e8mes d\u2019humidit\u00e9.<\/li>\n<li>Ouverture lat\u00e9rale facultative. Consultez-nous.<\/li>\n<li>Capacit\u00e9 int\u00e9rieure 28 cm. Hauteur totale 36 cm.<\/li>\n<li>Couleurs disponibles : cerise, weng\u00e9, cambrien et blanc.<\/li>\n<\/ul>\n<p><\/script><\/p>\n","protected":false},"excerpt":{"rendered":"<ul>\n<li><strong>Syst\u00e8me de levage hydraulique \u00e0 double piston \u00e0 gaz<\/strong> par charni\u00e8re pour plus d&rsquo;\u00e9quilibre, de stabilit\u00e9 et de durabilit\u00e9.<\/li>\n<li>Couverture r\u00e9alis\u00e9e avec un cadre en simili-cuir combin\u00e9 \u00e0 un tissu 3D.<\/li>\n<li><strong>C\u00f4t\u00e9s de 40 mm<\/strong>. Finition double face.<\/li>\n<li>Capacit\u00e9 int\u00e9rieure 28 cm. Hauteur totale 36 cm.<\/li>\n<li>Couleurs disponibles : cerise, weng\u00e9, cambrien et blanc. (Indiquer la couleur souhait\u00e9e lors de l&rsquo;achat).<\/li>\n<li>*(Autres mesures \u00e0 consulter)<\/li>\n<\/ul>\n","protected":false},"featured_media":14390,"comment_status":"open","ping_status":"closed","template":"","meta":[],"product_brand":[],"product_cat":[601],"product_tag":[],"class_list":{"0":"post-22452","1":"product","2":"type-product","3":"status-publish","4":"has-post-thumbnail","6":"product_cat-canapes-et-sommiers","7":"product_shipping_class-gratuit","8":"yith_product_brand-flesan-fr","10":"first","11":"instock","12":"taxable","13":"shipping-taxable","14":"purchasable","15":"product-type-variable"},"yoast_head":"<!-- This site is optimized with the Yoast SEO plugin v27.3 - https:\/\/yoast.com\/product\/yoast-seo-wordpress\/ -->\n<title>CANAP\u00c9 FORTRESS. Capacit\u00e9 int\u00e9rieure 28cm.<\/title>\n<meta name=\"description\" content=\"Con\u00e7u pour une utilisation compl\u00e8te de l&#039;espace int\u00e9rieur, il offre une hauteur de stockage de 28 cm. Fabriqu\u00e9 en m\u00e9lamine de 40mm de couleur cerise, weng\u00e9, cambrien et blanc. Dessus rembourr\u00e9.\" \/>\n<meta name=\"robots\" content=\"index, follow, max-snippet:-1, max-image-preview:large, max-video-preview:-1\" \/>\n<link rel=\"canonical\" href=\"https:\/\/solucionescontract.com\/producto\/canape-fortress\/\" \/>\n<meta property=\"og:locale\" content=\"fr_FR\" \/>\n<meta property=\"og:type\" content=\"article\" \/>\n<meta property=\"og:title\" content=\"CANAP\u00c9 BOIS CANTABRIA. Capacit\u00e9 int\u00e9rieure 28cm.\" \/>\n<meta property=\"og:description\" content=\"Con\u00e7u pour une utilisation compl\u00e8te de l&#039;espace int\u00e9rieur. Fabriqu\u00e9 en m\u00e9lamine de 22mm en cerisier, weng\u00e9 et blanc. Dessus rembourr\u00e9.\" \/>\n<meta property=\"og:url\" content=\"https:\/\/solucionescontract.com\/producto\/canape-fortress\/\" \/>\n<meta property=\"og:site_name\" content=\"Soluciones Contract\" \/>\n<meta property=\"article:publisher\" content=\"https:\/\/www.facebook.com\/solucionescontract\/\" \/>\n<meta property=\"og:image\" content=\"https:\/\/solucionescontract.com\/wp-content\/uploads\/2017\/08\/Canape-cantabria_02.jpg\" \/>\n<meta name=\"twitter:card\" content=\"summary_large_image\" \/>\n<meta name=\"twitter:label1\" content=\"Dur\u00e9e de lecture estim\u00e9e\" \/>\n\t<meta name=\"twitter:data1\" content=\"1 minute\" \/>\n<script type=\"application\/ld+json\" class=\"yoast-schema-graph\">{\"@context\":\"https:\\\/\\\/schema.org\",\"@graph\":[{\"@type\":\"WebPage\",\"@id\":\"https:\\\/\\\/solucionescontract.com\\\/producto\\\/canape-fortress\\\/\",\"url\":\"https:\\\/\\\/solucionescontract.com\\\/producto\\\/canape-fortress\\\/\",\"name\":\"CANAP\u00c9 FORTRESS. Capacit\u00e9 int\u00e9rieure 28cm.\",\"isPartOf\":{\"@id\":\"https:\\\/\\\/solucionescontract.com\\\/#website\"},\"primaryImageOfPage\":{\"@id\":\"https:\\\/\\\/solucionescontract.com\\\/producto\\\/canape-fortress\\\/#primaryimage\"},\"image\":{\"@id\":\"https:\\\/\\\/solucionescontract.com\\\/producto\\\/canape-fortress\\\/#primaryimage\"},\"thumbnailUrl\":\"https:\\\/\\\/solucionescontract.com\\\/wp-content\\\/uploads\\\/2018\\\/05\\\/canape-fortress_soluciones-contract.jpg\",\"datePublished\":\"2018-05-27T19:33:34+00:00\",\"description\":\"Con\u00e7u pour une utilisation compl\u00e8te de l'espace int\u00e9rieur, il offre une hauteur de stockage de 28 cm. Fabriqu\u00e9 en m\u00e9lamine de 40mm de couleur cerise, weng\u00e9, cambrien et blanc. Dessus rembourr\u00e9.\",\"breadcrumb\":{\"@id\":\"https:\\\/\\\/solucionescontract.com\\\/producto\\\/canape-fortress\\\/#breadcrumb\"},\"inLanguage\":\"fr-FR\",\"potentialAction\":[{\"@type\":\"ReadAction\",\"target\":[\"https:\\\/\\\/solucionescontract.com\\\/producto\\\/canape-fortress\\\/\"]}]},{\"@type\":\"ImageObject\",\"inLanguage\":\"fr-FR\",\"@id\":\"https:\\\/\\\/solucionescontract.com\\\/producto\\\/canape-fortress\\\/#primaryimage\",\"url\":\"https:\\\/\\\/solucionescontract.com\\\/wp-content\\\/uploads\\\/2018\\\/05\\\/canape-fortress_soluciones-contract.jpg\",\"contentUrl\":\"https:\\\/\\\/solucionescontract.com\\\/wp-content\\\/uploads\\\/2018\\\/05\\\/canape-fortress_soluciones-contract.jpg\",\"width\":1021,\"height\":1021},{\"@type\":\"BreadcrumbList\",\"@id\":\"https:\\\/\\\/solucionescontract.com\\\/producto\\\/canape-fortress\\\/#breadcrumb\",\"itemListElement\":[{\"@type\":\"ListItem\",\"position\":1,\"name\":\"Inicio\",\"item\":\"https:\\\/\\\/solucionescontract.com\\\/\"},{\"@type\":\"ListItem\",\"position\":2,\"name\":\"Tienda mobiliario contract\",\"item\":\"https:\\\/\\\/solucionescontract.com\\\/tienda-mobiliario-contract\\\/\"},{\"@type\":\"ListItem\",\"position\":3,\"name\":\"Mobiliario para Descanso\",\"item\":\"https:\\\/\\\/solucionescontract.com\\\/categoria-producto\\\/mobiliario-para-descanso\\\/\"},{\"@type\":\"ListItem\",\"position\":4,\"name\":\"Canap\u00e9s y bases de camas\",\"item\":\"https:\\\/\\\/solucionescontract.com\\\/categoria-producto\\\/mobiliario-para-descanso\\\/canapes-y-bases-de-camas\\\/\"},{\"@type\":\"ListItem\",\"position\":5,\"name\":\"CANAP\u00c9 FORTRESS\"}]},{\"@type\":\"WebSite\",\"@id\":\"https:\\\/\\\/solucionescontract.com\\\/#website\",\"url\":\"https:\\\/\\\/solucionescontract.com\\\/\",\"name\":\"Soluciones Contract\",\"description\":\"Venta Mobiliario contract de dise\u00f1o\",\"publisher\":{\"@id\":\"https:\\\/\\\/solucionescontract.com\\\/#organization\"},\"potentialAction\":[{\"@type\":\"SearchAction\",\"target\":{\"@type\":\"EntryPoint\",\"urlTemplate\":\"https:\\\/\\\/solucionescontract.com\\\/?s={search_term_string}\"},\"query-input\":{\"@type\":\"PropertyValueSpecification\",\"valueRequired\":true,\"valueName\":\"search_term_string\"}}],\"inLanguage\":\"fr-FR\"},{\"@type\":\"Organization\",\"@id\":\"https:\\\/\\\/solucionescontract.com\\\/#organization\",\"name\":\"Soluciones Contract\",\"url\":\"https:\\\/\\\/solucionescontract.com\\\/\",\"logo\":{\"@type\":\"ImageObject\",\"inLanguage\":\"fr-FR\",\"@id\":\"https:\\\/\\\/solucionescontract.com\\\/#\\\/schema\\\/logo\\\/image\\\/\",\"url\":\"https:\\\/\\\/solucionescontract.com\\\/wp-content\\\/uploads\\\/2020\\\/02\\\/logoSC.jpg\",\"contentUrl\":\"https:\\\/\\\/solucionescontract.com\\\/wp-content\\\/uploads\\\/2020\\\/02\\\/logoSC.jpg\",\"width\":300,\"height\":125,\"caption\":\"Soluciones Contract\"},\"image\":{\"@id\":\"https:\\\/\\\/solucionescontract.com\\\/#\\\/schema\\\/logo\\\/image\\\/\"},\"sameAs\":[\"https:\\\/\\\/www.facebook.com\\\/solucionescontract\\\/\"]}]}<\/script>\n<!-- \/ Yoast SEO plugin. -->","yoast_head_json":{"title":"CANAP\u00c9 FORTRESS. Capacit\u00e9 int\u00e9rieure 28cm.","description":"Con\u00e7u pour une utilisation compl\u00e8te de l'espace int\u00e9rieur, il offre une hauteur de stockage de 28 cm. Fabriqu\u00e9 en m\u00e9lamine de 40mm de couleur cerise, weng\u00e9, cambrien et blanc. Dessus rembourr\u00e9.","robots":{"index":"index","follow":"follow","max-snippet":"max-snippet:-1","max-image-preview":"max-image-preview:large","max-video-preview":"max-video-preview:-1"},"canonical":"https:\/\/solucionescontract.com\/producto\/canape-fortress\/","og_locale":"fr_FR","og_type":"article","og_title":"CANAP\u00c9 BOIS CANTABRIA. Capacit\u00e9 int\u00e9rieure 28cm.","og_description":"Con\u00e7u pour une utilisation compl\u00e8te de l'espace int\u00e9rieur. Fabriqu\u00e9 en m\u00e9lamine de 22mm en cerisier, weng\u00e9 et blanc. Dessus rembourr\u00e9.","og_url":"https:\/\/solucionescontract.com\/producto\/canape-fortress\/","og_site_name":"Soluciones Contract","article_publisher":"https:\/\/www.facebook.com\/solucionescontract\/","og_image":[{"url":"https:\/\/solucionescontract.com\/wp-content\/uploads\/2017\/08\/Canape-cantabria_02.jpg","type":"","width":"","height":""}],"twitter_card":"summary_large_image","twitter_misc":{"Dur\u00e9e de lecture estim\u00e9e":"1 minute"},"schema":{"@context":"https:\/\/schema.org","@graph":[{"@type":"WebPage","@id":"https:\/\/solucionescontract.com\/producto\/canape-fortress\/","url":"https:\/\/solucionescontract.com\/producto\/canape-fortress\/","name":"CANAP\u00c9 FORTRESS. Capacit\u00e9 int\u00e9rieure 28cm.","isPartOf":{"@id":"https:\/\/solucionescontract.com\/#website"},"primaryImageOfPage":{"@id":"https:\/\/solucionescontract.com\/producto\/canape-fortress\/#primaryimage"},"image":{"@id":"https:\/\/solucionescontract.com\/producto\/canape-fortress\/#primaryimage"},"thumbnailUrl":"https:\/\/solucionescontract.com\/wp-content\/uploads\/2018\/05\/canape-fortress_soluciones-contract.jpg","datePublished":"2018-05-27T19:33:34+00:00","description":"Con\u00e7u pour une utilisation compl\u00e8te de l'espace int\u00e9rieur, il offre une hauteur de stockage de 28 cm. Fabriqu\u00e9 en m\u00e9lamine de 40mm de couleur cerise, weng\u00e9, cambrien et blanc. Dessus rembourr\u00e9.","breadcrumb":{"@id":"https:\/\/solucionescontract.com\/producto\/canape-fortress\/#breadcrumb"},"inLanguage":"fr-FR","potentialAction":[{"@type":"ReadAction","target":["https:\/\/solucionescontract.com\/producto\/canape-fortress\/"]}]},{"@type":"ImageObject","inLanguage":"fr-FR","@id":"https:\/\/solucionescontract.com\/producto\/canape-fortress\/#primaryimage","url":"https:\/\/solucionescontract.com\/wp-content\/uploads\/2018\/05\/canape-fortress_soluciones-contract.jpg","contentUrl":"https:\/\/solucionescontract.com\/wp-content\/uploads\/2018\/05\/canape-fortress_soluciones-contract.jpg","width":1021,"height":1021},{"@type":"BreadcrumbList","@id":"https:\/\/solucionescontract.com\/producto\/canape-fortress\/#breadcrumb","itemListElement":[{"@type":"ListItem","position":1,"name":"Inicio","item":"https:\/\/solucionescontract.com\/"},{"@type":"ListItem","position":2,"name":"Tienda mobiliario contract","item":"https:\/\/solucionescontract.com\/tienda-mobiliario-contract\/"},{"@type":"ListItem","position":3,"name":"Mobiliario para Descanso","item":"https:\/\/solucionescontract.com\/categoria-producto\/mobiliario-para-descanso\/"},{"@type":"ListItem","position":4,"name":"Canap\u00e9s y bases de camas","item":"https:\/\/solucionescontract.com\/categoria-producto\/mobiliario-para-descanso\/canapes-y-bases-de-camas\/"},{"@type":"ListItem","position":5,"name":"CANAP\u00c9 FORTRESS"}]},{"@type":"WebSite","@id":"https:\/\/solucionescontract.com\/#website","url":"https:\/\/solucionescontract.com\/","name":"Soluciones Contract","description":"Venta Mobiliario contract de dise\u00f1o","publisher":{"@id":"https:\/\/solucionescontract.com\/#organization"},"potentialAction":[{"@type":"SearchAction","target":{"@type":"EntryPoint","urlTemplate":"https:\/\/solucionescontract.com\/?s={search_term_string}"},"query-input":{"@type":"PropertyValueSpecification","valueRequired":true,"valueName":"search_term_string"}}],"inLanguage":"fr-FR"},{"@type":"Organization","@id":"https:\/\/solucionescontract.com\/#organization","name":"Soluciones Contract","url":"https:\/\/solucionescontract.com\/","logo":{"@type":"ImageObject","inLanguage":"fr-FR","@id":"https:\/\/solucionescontract.com\/#\/schema\/logo\/image\/","url":"https:\/\/solucionescontract.com\/wp-content\/uploads\/2020\/02\/logoSC.jpg","contentUrl":"https:\/\/solucionescontract.com\/wp-content\/uploads\/2020\/02\/logoSC.jpg","width":300,"height":125,"caption":"Soluciones Contract"},"image":{"@id":"https:\/\/solucionescontract.com\/#\/schema\/logo\/image\/"},"sameAs":["https:\/\/www.facebook.com\/solucionescontract\/"]}]}},"_links":{"self":[{"href":"https:\/\/solucionescontract.com\/fr\/wp-json\/wp\/v2\/product\/22452","targetHints":{"allow":["GET"]}}],"collection":[{"href":"https:\/\/solucionescontract.com\/fr\/wp-json\/wp\/v2\/product"}],"about":[{"href":"https:\/\/solucionescontract.com\/fr\/wp-json\/wp\/v2\/types\/product"}],"replies":[{"embeddable":true,"href":"https:\/\/solucionescontract.com\/fr\/wp-json\/wp\/v2\/comments?post=22452"}],"wp:featuredmedia":[{"embeddable":true,"href":"https:\/\/solucionescontract.com\/fr\/wp-json\/wp\/v2\/media\/14390"}],"wp:attachment":[{"href":"https:\/\/solucionescontract.com\/fr\/wp-json\/wp\/v2\/media?parent=22452"}],"wp:term":[{"taxonomy":"product_brand","embeddable":true,"href":"https:\/\/solucionescontract.com\/fr\/wp-json\/wp\/v2\/product_brand?post=22452"},{"taxonomy":"product_cat","embeddable":true,"href":"https:\/\/solucionescontract.com\/fr\/wp-json\/wp\/v2\/product_cat?post=22452"},{"taxonomy":"product_tag","embeddable":true,"href":"https:\/\/solucionescontract.com\/fr\/wp-json\/wp\/v2\/product_tag?post=22452"}],"curies":[{"name":"wp","href":"https:\/\/api.w.org\/{rel}","templated":true}]}}