{"id":22440,"date":"2018-05-14T10:44:20","date_gmt":"2018-05-14T10:44:20","guid":{"rendered":"https:\/\/www.solucionescontract.com\/producto\/ensemble-jardin-laos\/"},"modified":"2018-05-14T10:44:20","modified_gmt":"2018-05-14T10:44:20","slug":"ensemble-jardin-laos","status":"publish","type":"product","link":"https:\/\/solucionescontract.com\/fr\/producto\/ensemble-jardin-laos\/","title":{"rendered":"ENSEMBLE DE JARDIN LAOS"},"content":{"rendered":"<p><\/script><\/p>\n","protected":false},"excerpt":{"rendered":"<ul>\n<li>Ensemble design pour l&rsquo;ext\u00e9rieur, compos\u00e9 de deux fauteuils simples et d&rsquo;un canap\u00e9 2 places.<\/li>\n<li>En raison de sa r\u00e9sistance, il est id\u00e9al pour les jardins des h\u00f4tels, des maisons rurales, des auberges&#8230; et bien s\u00fbr, pour la maison.<\/li>\n<li>Avec une structure en aluminium et des coussins en textilene, tissu vinyle r\u00e9sistant \u00e0 l&rsquo;humidit\u00e9 et au soleil.<\/li>\n<li>Structure en aluminium blanc et coussins marron. Autres finitions et couleurs sur demande.<\/li>\n<li>Le fauteuil mesure 80x76x62 cm et le canap\u00e9 150x76x62 cm.<\/li>\n<\/ul>\n","protected":false},"featured_media":14380,"comment_status":"open","ping_status":"closed","template":"","meta":[],"product_brand":[],"product_cat":[591,589,587,581,581,589,591,587],"product_tag":[784,701,701,784,762,762],"class_list":{"0":"post-22440","1":"product","2":"type-product","3":"status-publish","4":"has-post-thumbnail","6":"product_cat-canape-dexterieur","7":"product_cat-chaises-de-terrasse","8":"product_cat-tables-de-terrasse","9":"product_cat-meubles-de-terrasse-et-de-jardin","14":"product_tag-estructura-aluminio-fr","15":"product_tag-exterior-fr","18":"product_tag-textilene-fr","20":"product_shipping_class-gratuit","23":"first","24":"instock","25":"taxable","26":"shipping-taxable","27":"purchasable","28":"product-type-simple"},"yoast_head":"<!-- This site is optimized with the Yoast SEO plugin v27.3 - https:\/\/yoast.com\/product\/yoast-seo-wordpress\/ -->\n<title>ENSEMBLE DE JARDIN LAOS - Muebles de dise\u00f1o en Soluciones Contract<\/title>\n<meta name=\"description\" content=\"Ensemble de fauteuil et canap\u00e9 sp\u00e9cialement indiqu\u00e9 pour l&#039;ext\u00e9rieur des h\u00f4tels, des auberges, des maisons rurales... pour les jardins et les terrasses et aussi pour la maison. Vente en ligne\" \/>\n<meta name=\"robots\" content=\"index, follow, max-snippet:-1, max-image-preview:large, max-video-preview:-1\" \/>\n<link rel=\"canonical\" href=\"https:\/\/solucionescontract.com\/producto\/conjunto-jardin-laos\/\" \/>\n<meta property=\"og:locale\" content=\"fr_FR\" \/>\n<meta property=\"og:type\" content=\"article\" \/>\n<meta property=\"og:title\" content=\"ENSEMBLE DE JARDIN LAOS - Muebles de dise\u00f1o en Soluciones Contract\" \/>\n<meta property=\"og:description\" content=\"Ensemble de fauteuil et canap\u00e9 sp\u00e9cialement indiqu\u00e9 pour l&#039;ext\u00e9rieur des h\u00f4tels, des auberges, des maisons rurales... pour les jardins et les terrasses et aussi pour la maison. Vente en ligne\" \/>\n<meta property=\"og:url\" content=\"https:\/\/solucionescontract.com\/producto\/conjunto-jardin-laos\/\" \/>\n<meta property=\"og:site_name\" content=\"Soluciones Contract\" \/>\n<meta property=\"article:publisher\" content=\"https:\/\/www.facebook.com\/solucionescontract\/\" \/>\n<meta property=\"og:image\" content=\"https:\/\/solucionescontract.com\/wp-content\/uploads\/2018\/05\/Conjunto-de-Jardin-Aluminio_soluciones-contract.jpg\" \/>\n\t<meta property=\"og:image:width\" content=\"800\" \/>\n\t<meta property=\"og:image:height\" content=\"800\" \/>\n\t<meta property=\"og:image:type\" content=\"image\/jpeg\" \/>\n<meta name=\"twitter:card\" content=\"summary_large_image\" \/>\n<script type=\"application\/ld+json\" class=\"yoast-schema-graph\">{\"@context\":\"https:\\\/\\\/schema.org\",\"@graph\":[{\"@type\":\"WebPage\",\"@id\":\"https:\\\/\\\/solucionescontract.com\\\/producto\\\/conjunto-jardin-laos\\\/\",\"url\":\"https:\\\/\\\/solucionescontract.com\\\/producto\\\/conjunto-jardin-laos\\\/\",\"name\":\"ENSEMBLE DE JARDIN LAOS - Muebles de dise\u00f1o en Soluciones Contract\",\"isPartOf\":{\"@id\":\"https:\\\/\\\/solucionescontract.com\\\/#website\"},\"primaryImageOfPage\":{\"@id\":\"https:\\\/\\\/solucionescontract.com\\\/producto\\\/conjunto-jardin-laos\\\/#primaryimage\"},\"image\":{\"@id\":\"https:\\\/\\\/solucionescontract.com\\\/producto\\\/conjunto-jardin-laos\\\/#primaryimage\"},\"thumbnailUrl\":\"https:\\\/\\\/solucionescontract.com\\\/wp-content\\\/uploads\\\/2018\\\/05\\\/Conjunto-de-Jardin-Aluminio_soluciones-contract.jpg\",\"datePublished\":\"2018-05-14T10:44:20+00:00\",\"description\":\"Ensemble de fauteuil et canap\u00e9 sp\u00e9cialement indiqu\u00e9 pour l'ext\u00e9rieur des h\u00f4tels, des auberges, des maisons rurales... pour les jardins et les terrasses et aussi pour la maison. Vente en ligne\",\"breadcrumb\":{\"@id\":\"https:\\\/\\\/solucionescontract.com\\\/producto\\\/conjunto-jardin-laos\\\/#breadcrumb\"},\"inLanguage\":\"fr-FR\",\"potentialAction\":[{\"@type\":\"ReadAction\",\"target\":[\"https:\\\/\\\/solucionescontract.com\\\/producto\\\/conjunto-jardin-laos\\\/\"]}]},{\"@type\":\"ImageObject\",\"inLanguage\":\"fr-FR\",\"@id\":\"https:\\\/\\\/solucionescontract.com\\\/producto\\\/conjunto-jardin-laos\\\/#primaryimage\",\"url\":\"https:\\\/\\\/solucionescontract.com\\\/wp-content\\\/uploads\\\/2018\\\/05\\\/Conjunto-de-Jardin-Aluminio_soluciones-contract.jpg\",\"contentUrl\":\"https:\\\/\\\/solucionescontract.com\\\/wp-content\\\/uploads\\\/2018\\\/05\\\/Conjunto-de-Jardin-Aluminio_soluciones-contract.jpg\",\"width\":800,\"height\":800},{\"@type\":\"BreadcrumbList\",\"@id\":\"https:\\\/\\\/solucionescontract.com\\\/producto\\\/conjunto-jardin-laos\\\/#breadcrumb\",\"itemListElement\":[{\"@type\":\"ListItem\",\"position\":1,\"name\":\"Inicio\",\"item\":\"https:\\\/\\\/solucionescontract.com\\\/\"},{\"@type\":\"ListItem\",\"position\":2,\"name\":\"Tienda mobiliario contract\",\"item\":\"https:\\\/\\\/solucionescontract.com\\\/tienda-mobiliario-contract\\\/\"},{\"@type\":\"ListItem\",\"position\":3,\"name\":\"Mobiliario de Terraza y Jard\u00edn\",\"item\":\"https:\\\/\\\/solucionescontract.com\\\/categoria-producto\\\/mobiliario-de-terraza-y-jardin\\\/\"},{\"@type\":\"ListItem\",\"position\":4,\"name\":\"Sof\u00e1 para exterior\",\"item\":\"https:\\\/\\\/solucionescontract.com\\\/categoria-producto\\\/mobiliario-de-terraza-y-jardin\\\/sofa-para-exterior\\\/\"},{\"@type\":\"ListItem\",\"position\":5,\"name\":\"ENSEMBLE DE JARDIN LAOS\"}]},{\"@type\":\"WebSite\",\"@id\":\"https:\\\/\\\/solucionescontract.com\\\/#website\",\"url\":\"https:\\\/\\\/solucionescontract.com\\\/\",\"name\":\"Soluciones Contract\",\"description\":\"Venta Mobiliario contract de dise\u00f1o\",\"publisher\":{\"@id\":\"https:\\\/\\\/solucionescontract.com\\\/#organization\"},\"potentialAction\":[{\"@type\":\"SearchAction\",\"target\":{\"@type\":\"EntryPoint\",\"urlTemplate\":\"https:\\\/\\\/solucionescontract.com\\\/?s={search_term_string}\"},\"query-input\":{\"@type\":\"PropertyValueSpecification\",\"valueRequired\":true,\"valueName\":\"search_term_string\"}}],\"inLanguage\":\"fr-FR\"},{\"@type\":\"Organization\",\"@id\":\"https:\\\/\\\/solucionescontract.com\\\/#organization\",\"name\":\"Soluciones Contract\",\"url\":\"https:\\\/\\\/solucionescontract.com\\\/\",\"logo\":{\"@type\":\"ImageObject\",\"inLanguage\":\"fr-FR\",\"@id\":\"https:\\\/\\\/solucionescontract.com\\\/#\\\/schema\\\/logo\\\/image\\\/\",\"url\":\"https:\\\/\\\/solucionescontract.com\\\/wp-content\\\/uploads\\\/2020\\\/02\\\/logoSC.jpg\",\"contentUrl\":\"https:\\\/\\\/solucionescontract.com\\\/wp-content\\\/uploads\\\/2020\\\/02\\\/logoSC.jpg\",\"width\":300,\"height\":125,\"caption\":\"Soluciones Contract\"},\"image\":{\"@id\":\"https:\\\/\\\/solucionescontract.com\\\/#\\\/schema\\\/logo\\\/image\\\/\"},\"sameAs\":[\"https:\\\/\\\/www.facebook.com\\\/solucionescontract\\\/\"]}]}<\/script>\n<!-- \/ Yoast SEO plugin. -->","yoast_head_json":{"title":"ENSEMBLE DE JARDIN LAOS - Muebles de dise\u00f1o en Soluciones Contract","description":"Ensemble de fauteuil et canap\u00e9 sp\u00e9cialement indiqu\u00e9 pour l'ext\u00e9rieur des h\u00f4tels, des auberges, des maisons rurales... pour les jardins et les terrasses et aussi pour la maison. Vente en ligne","robots":{"index":"index","follow":"follow","max-snippet":"max-snippet:-1","max-image-preview":"max-image-preview:large","max-video-preview":"max-video-preview:-1"},"canonical":"https:\/\/solucionescontract.com\/producto\/conjunto-jardin-laos\/","og_locale":"fr_FR","og_type":"article","og_title":"ENSEMBLE DE JARDIN LAOS - Muebles de dise\u00f1o en Soluciones Contract","og_description":"Ensemble de fauteuil et canap\u00e9 sp\u00e9cialement indiqu\u00e9 pour l'ext\u00e9rieur des h\u00f4tels, des auberges, des maisons rurales... pour les jardins et les terrasses et aussi pour la maison. Vente en ligne","og_url":"https:\/\/solucionescontract.com\/producto\/conjunto-jardin-laos\/","og_site_name":"Soluciones Contract","article_publisher":"https:\/\/www.facebook.com\/solucionescontract\/","og_image":[{"width":800,"height":800,"url":"https:\/\/solucionescontract.com\/wp-content\/uploads\/2018\/05\/Conjunto-de-Jardin-Aluminio_soluciones-contract.jpg","type":"image\/jpeg"}],"twitter_card":"summary_large_image","schema":{"@context":"https:\/\/schema.org","@graph":[{"@type":"WebPage","@id":"https:\/\/solucionescontract.com\/producto\/conjunto-jardin-laos\/","url":"https:\/\/solucionescontract.com\/producto\/conjunto-jardin-laos\/","name":"ENSEMBLE DE JARDIN LAOS - Muebles de dise\u00f1o en Soluciones Contract","isPartOf":{"@id":"https:\/\/solucionescontract.com\/#website"},"primaryImageOfPage":{"@id":"https:\/\/solucionescontract.com\/producto\/conjunto-jardin-laos\/#primaryimage"},"image":{"@id":"https:\/\/solucionescontract.com\/producto\/conjunto-jardin-laos\/#primaryimage"},"thumbnailUrl":"https:\/\/solucionescontract.com\/wp-content\/uploads\/2018\/05\/Conjunto-de-Jardin-Aluminio_soluciones-contract.jpg","datePublished":"2018-05-14T10:44:20+00:00","description":"Ensemble de fauteuil et canap\u00e9 sp\u00e9cialement indiqu\u00e9 pour l'ext\u00e9rieur des h\u00f4tels, des auberges, des maisons rurales... pour les jardins et les terrasses et aussi pour la maison. Vente en ligne","breadcrumb":{"@id":"https:\/\/solucionescontract.com\/producto\/conjunto-jardin-laos\/#breadcrumb"},"inLanguage":"fr-FR","potentialAction":[{"@type":"ReadAction","target":["https:\/\/solucionescontract.com\/producto\/conjunto-jardin-laos\/"]}]},{"@type":"ImageObject","inLanguage":"fr-FR","@id":"https:\/\/solucionescontract.com\/producto\/conjunto-jardin-laos\/#primaryimage","url":"https:\/\/solucionescontract.com\/wp-content\/uploads\/2018\/05\/Conjunto-de-Jardin-Aluminio_soluciones-contract.jpg","contentUrl":"https:\/\/solucionescontract.com\/wp-content\/uploads\/2018\/05\/Conjunto-de-Jardin-Aluminio_soluciones-contract.jpg","width":800,"height":800},{"@type":"BreadcrumbList","@id":"https:\/\/solucionescontract.com\/producto\/conjunto-jardin-laos\/#breadcrumb","itemListElement":[{"@type":"ListItem","position":1,"name":"Inicio","item":"https:\/\/solucionescontract.com\/"},{"@type":"ListItem","position":2,"name":"Tienda mobiliario contract","item":"https:\/\/solucionescontract.com\/tienda-mobiliario-contract\/"},{"@type":"ListItem","position":3,"name":"Mobiliario de Terraza y Jard\u00edn","item":"https:\/\/solucionescontract.com\/categoria-producto\/mobiliario-de-terraza-y-jardin\/"},{"@type":"ListItem","position":4,"name":"Sof\u00e1 para exterior","item":"https:\/\/solucionescontract.com\/categoria-producto\/mobiliario-de-terraza-y-jardin\/sofa-para-exterior\/"},{"@type":"ListItem","position":5,"name":"ENSEMBLE DE JARDIN LAOS"}]},{"@type":"WebSite","@id":"https:\/\/solucionescontract.com\/#website","url":"https:\/\/solucionescontract.com\/","name":"Soluciones Contract","description":"Venta Mobiliario contract de dise\u00f1o","publisher":{"@id":"https:\/\/solucionescontract.com\/#organization"},"potentialAction":[{"@type":"SearchAction","target":{"@type":"EntryPoint","urlTemplate":"https:\/\/solucionescontract.com\/?s={search_term_string}"},"query-input":{"@type":"PropertyValueSpecification","valueRequired":true,"valueName":"search_term_string"}}],"inLanguage":"fr-FR"},{"@type":"Organization","@id":"https:\/\/solucionescontract.com\/#organization","name":"Soluciones Contract","url":"https:\/\/solucionescontract.com\/","logo":{"@type":"ImageObject","inLanguage":"fr-FR","@id":"https:\/\/solucionescontract.com\/#\/schema\/logo\/image\/","url":"https:\/\/solucionescontract.com\/wp-content\/uploads\/2020\/02\/logoSC.jpg","contentUrl":"https:\/\/solucionescontract.com\/wp-content\/uploads\/2020\/02\/logoSC.jpg","width":300,"height":125,"caption":"Soluciones Contract"},"image":{"@id":"https:\/\/solucionescontract.com\/#\/schema\/logo\/image\/"},"sameAs":["https:\/\/www.facebook.com\/solucionescontract\/"]}]}},"_links":{"self":[{"href":"https:\/\/solucionescontract.com\/fr\/wp-json\/wp\/v2\/product\/22440","targetHints":{"allow":["GET"]}}],"collection":[{"href":"https:\/\/solucionescontract.com\/fr\/wp-json\/wp\/v2\/product"}],"about":[{"href":"https:\/\/solucionescontract.com\/fr\/wp-json\/wp\/v2\/types\/product"}],"replies":[{"embeddable":true,"href":"https:\/\/solucionescontract.com\/fr\/wp-json\/wp\/v2\/comments?post=22440"}],"wp:featuredmedia":[{"embeddable":true,"href":"https:\/\/solucionescontract.com\/fr\/wp-json\/wp\/v2\/media\/14380"}],"wp:attachment":[{"href":"https:\/\/solucionescontract.com\/fr\/wp-json\/wp\/v2\/media?parent=22440"}],"wp:term":[{"taxonomy":"product_brand","embeddable":true,"href":"https:\/\/solucionescontract.com\/fr\/wp-json\/wp\/v2\/product_brand?post=22440"},{"taxonomy":"product_cat","embeddable":true,"href":"https:\/\/solucionescontract.com\/fr\/wp-json\/wp\/v2\/product_cat?post=22440"},{"taxonomy":"product_tag","embeddable":true,"href":"https:\/\/solucionescontract.com\/fr\/wp-json\/wp\/v2\/product_tag?post=22440"}],"curies":[{"name":"wp","href":"https:\/\/api.w.org\/{rel}","templated":true}]}}