{"id":22349,"date":"2018-01-27T19:52:13","date_gmt":"2018-01-27T19:52:13","guid":{"rendered":"https:\/\/www.solucionescontract.com\/producto\/portemanteau-forc\/"},"modified":"2021-01-26T14:40:47","modified_gmt":"2021-01-26T14:40:47","slug":"portemanteau-forc","status":"publish","type":"product","link":"https:\/\/solucionescontract.com\/fr\/producto\/portemanteau-forc\/","title":{"rendered":"PORTEMANTEAU FORC"},"content":{"rendered":"<p><a href=\"https:\/\/solucionescontract.com\/wp-content\/uploads\/2018\/01\/Perchero-Forc-soluciones-contract-dimensiones-y-caracter\u00edsticas.jpg\"><img decoding=\"async\" class=\" wd-lazy-fade alignnone wp-image-4203\" src=\"https:\/\/solucionescontract.com\/wp-content\/themes\/woodmart\/images\/lazy.svg\" data-src=\"https:\/\/solucionescontract.com\/wp-content\/uploads\/2018\/01\/Perchero-Forc-soluciones-contract-dimensiones-y-caracter\u00edsticas-300x169.jpg\" alt=\"\" width=\"450\" height=\"253\" srcset=\"\" data-srcset=\"https:\/\/solucionescontract.com\/wp-content\/uploads\/2018\/01\/Perchero-Forc-soluciones-contract-dimensiones-y-caracter\u00edsticas-300x169.jpg 300w, https:\/\/solucionescontract.com\/wp-content\/uploads\/2018\/01\/Perchero-Forc-soluciones-contract-dimensiones-y-caracter\u00edsticas-150x84.jpg 150w, https:\/\/solucionescontract.com\/wp-content\/uploads\/2018\/01\/Perchero-Forc-soluciones-contract-dimensiones-y-caracter\u00edsticas-800x450.jpg 800w, https:\/\/solucionescontract.com\/wp-content\/uploads\/2018\/01\/Perchero-Forc-soluciones-contract-dimensiones-y-caracter\u00edsticas-768x432.jpg 768w, https:\/\/solucionescontract.com\/wp-content\/uploads\/2018\/01\/Perchero-Forc-soluciones-contract-dimensiones-y-caracter\u00edsticas-1024x576.jpg 1024w, https:\/\/solucionescontract.com\/wp-content\/uploads\/2018\/01\/Perchero-Forc-soluciones-contract-dimensiones-y-caracter\u00edsticas-232x130.jpg 232w, https:\/\/solucionescontract.com\/wp-content\/uploads\/2018\/01\/Perchero-Forc-soluciones-contract-dimensiones-y-caracter\u00edsticas.jpg 1976w\" sizes=\"(max-width: 450px) 100vw, 450px\" \/><\/a><\/p>\n<p style=\"text-align: justify;\"><strong>Structure m\u00e9tallique<\/strong><br \/>\nDeux traverses m\u00e9talliques compos\u00e9es de trois plaques d&rsquo;acier de 5 mm d&rsquo;\u00e9paisseur maintiennent la structure (ou cintre).<br \/>\nLa pi\u00e8ce sup\u00e9rieure, qui a une terminaison en forme de crochet, est situ\u00e9e \u00e0 une hauteur optimale pour les enfants et pratique pour accrocher des accessoires.<br \/>\nLa pi\u00e8ce inf\u00e9rieure, a un disque de 250 mm de diam\u00e8tre fait de t\u00f4le d&rsquo;acier de 8 mm d&rsquo;\u00e9paisseur pour laisser des sacs.<br \/>\n\u00c9l\u00e9ments soud\u00e9s avec le TIG.<br \/>\nEnsembles finis avec une peinture en poudre \u00e9poxy textur\u00e9e 80 microns 30% mat, blanc RAL 9002 ou gris anthracite RAL 7022.<br \/>\nL&rsquo;union de ces pi\u00e8ces avec les cintres en bois, se fait \u00e0 partir de quelques pi\u00e8ces inject\u00e9es en polyamide blanc ou gris et vis allen M5x12 en acier inoxydable.<br \/>\n<strong>Hanger<\/strong><br \/>\nForm\u00e9 par trois barres tourn\u00e9es de 32 mm de diam\u00e8tre et de trois hauteurs diff\u00e9rentes : 176 cm, 157 cm et 130 cm. Elle est termin\u00e9e par une pi\u00e8ce en forme de \u00ab\u00a0v\u00a0\u00bb de dimensions totales 225&#215;125 mm, usin\u00e9e par CNC. Cette forme permet d&rsquo;optimiser la capacit\u00e9 du portemanteau et apporte un confort \u00e0 l&rsquo;utilisateur. Ses formes arrondies et douces \u00e9vitent les d\u00e9formations inutiles des v\u00eatements.<br \/>\nTous les \u00e9l\u00e9ments sont en bois massif de h\u00eatre ou de ch\u00eane, vernis \u00e0 l&rsquo;eau. Le mod\u00e8le en ch\u00eane avec le ton noyer a ajout\u00e9 de la teinture.<\/p>\n<p><\/script><\/p>\n","protected":false},"excerpt":{"rendered":"<ul>\n<li>FORC, est le portemanteau con\u00e7u par <a href=\"https:\/\/lagranjadesign.com\/\">le studio LA GRANJA<\/a>.<\/li>\n<li>Il s&rsquo;inspire de la forme traditionnelle et \u00e9l\u00e9gante d&rsquo;une canne de gentleman avec une pr\u00e9sence sculpturale.<\/li>\n<li>Le FORC est compos\u00e9 de cannes en bois massif de trois hauteurs diff\u00e9rentes, permettant aux enfants d&rsquo;accrocher leurs manteaux sans demander de l&rsquo;aide.<\/li>\n<li>La pi\u00e8ce de fer qui maintient la structure en place permet d&rsquo;accrocher facilement un parapluie \u00e0 l&rsquo;int\u00e9rieur ou un sac \u00e0 l&rsquo;ext\u00e9rieur, gr\u00e2ce \u00e0 des terminaisons en forme de crochet. Dans l&rsquo;ensemble, le cintre est non seulement esth\u00e9tique mais aussi fonctionnel, offrant 9 crochets \u00e0 manteau et une base de support.<\/li>\n<\/ul>\n","protected":false},"featured_media":14214,"comment_status":"open","ping_status":"closed","template":"","meta":[],"product_brand":[],"product_cat":[614,623],"product_tag":[],"class_list":{"0":"post-22349","1":"product","2":"type-product","3":"status-publish","4":"has-post-thumbnail","6":"product_cat-meubles-et-accessoires","7":"product_cat-percheros-fr","8":"product_shipping_class-gratuit","9":"yith_product_brand-mobles-114-fr","11":"first","12":"instock","13":"taxable","14":"shipping-taxable","15":"purchasable","16":"product-type-simple"},"yoast_head":"<!-- This site is optimized with the Yoast SEO plugin v27.3 - https:\/\/yoast.com\/product\/yoast-seo-wordpress\/ -->\n<title>PORTEMANTEAU FORC - Muebles de dise\u00f1o en Soluciones Contract<\/title>\n<meta name=\"description\" content=\"Compra PORTEMANTEAU FORC online en nuestra tienda de muebles Contract. Encuentra el mejor MOBILIARIO DE DISE\u00d1O para Hotel, Hogar y uso comercial. Descubre las mejores marcas en nuestro cat\u00e1logo.\" \/>\n<meta name=\"robots\" content=\"index, follow, max-snippet:-1, max-image-preview:large, max-video-preview:-1\" \/>\n<link rel=\"canonical\" href=\"https:\/\/solucionescontract.com\/producto\/perchero-forc\/\" \/>\n<meta property=\"og:locale\" content=\"fr_FR\" \/>\n<meta property=\"og:type\" content=\"article\" \/>\n<meta property=\"og:title\" content=\"PORTEMANTEAU FORC - Muebles de dise\u00f1o en Soluciones Contract\" \/>\n<meta property=\"og:description\" content=\"Compra PORTEMANTEAU FORC online en nuestra tienda de muebles Contract. Encuentra el mejor MOBILIARIO DE DISE\u00d1O para Hotel, Hogar y uso comercial. Descubre las mejores marcas en nuestro cat\u00e1logo.\" \/>\n<meta property=\"og:url\" content=\"https:\/\/solucionescontract.com\/producto\/perchero-forc\/\" \/>\n<meta property=\"og:site_name\" content=\"Soluciones Contract\" \/>\n<meta property=\"article:publisher\" content=\"https:\/\/www.facebook.com\/solucionescontract\/\" \/>\n<meta property=\"article:modified_time\" content=\"2021-01-26T14:40:47+00:00\" \/>\n<meta property=\"og:image\" content=\"https:\/\/solucionescontract.com\/wp-content\/uploads\/2018\/01\/Perchero-Forc-soluciones-contract-detalle_01.jpg\" \/>\n\t<meta property=\"og:image:width\" content=\"1130\" \/>\n\t<meta property=\"og:image:height\" content=\"1130\" \/>\n\t<meta property=\"og:image:type\" content=\"image\/jpeg\" \/>\n<meta name=\"twitter:card\" content=\"summary_large_image\" \/>\n<meta name=\"twitter:label1\" content=\"Dur\u00e9e de lecture estim\u00e9e\" \/>\n\t<meta name=\"twitter:data1\" content=\"1 minute\" \/>\n<script type=\"application\/ld+json\" class=\"yoast-schema-graph\">{\"@context\":\"https:\\\/\\\/schema.org\",\"@graph\":[{\"@type\":\"WebPage\",\"@id\":\"https:\\\/\\\/solucionescontract.com\\\/producto\\\/perchero-forc\\\/\",\"url\":\"https:\\\/\\\/solucionescontract.com\\\/producto\\\/perchero-forc\\\/\",\"name\":\"PORTEMANTEAU FORC - Muebles de dise\u00f1o en Soluciones Contract\",\"isPartOf\":{\"@id\":\"https:\\\/\\\/solucionescontract.com\\\/#website\"},\"primaryImageOfPage\":{\"@id\":\"https:\\\/\\\/solucionescontract.com\\\/producto\\\/perchero-forc\\\/#primaryimage\"},\"image\":{\"@id\":\"https:\\\/\\\/solucionescontract.com\\\/producto\\\/perchero-forc\\\/#primaryimage\"},\"thumbnailUrl\":\"https:\\\/\\\/solucionescontract.com\\\/wp-content\\\/uploads\\\/2018\\\/01\\\/Perchero-Forc-soluciones-contract-detalle_01.jpg\",\"datePublished\":\"2018-01-27T19:52:13+00:00\",\"dateModified\":\"2021-01-26T14:40:47+00:00\",\"description\":\"Compra PORTEMANTEAU FORC online en nuestra tienda de muebles Contract. Encuentra el mejor MOBILIARIO DE DISE\u00d1O para Hotel, Hogar y uso comercial. Descubre las mejores marcas en nuestro cat\u00e1logo.\",\"breadcrumb\":{\"@id\":\"https:\\\/\\\/solucionescontract.com\\\/producto\\\/perchero-forc\\\/#breadcrumb\"},\"inLanguage\":\"fr-FR\",\"potentialAction\":[{\"@type\":\"ReadAction\",\"target\":[\"https:\\\/\\\/solucionescontract.com\\\/producto\\\/perchero-forc\\\/\"]}]},{\"@type\":\"ImageObject\",\"inLanguage\":\"fr-FR\",\"@id\":\"https:\\\/\\\/solucionescontract.com\\\/producto\\\/perchero-forc\\\/#primaryimage\",\"url\":\"https:\\\/\\\/solucionescontract.com\\\/wp-content\\\/uploads\\\/2018\\\/01\\\/Perchero-Forc-soluciones-contract-detalle_01.jpg\",\"contentUrl\":\"https:\\\/\\\/solucionescontract.com\\\/wp-content\\\/uploads\\\/2018\\\/01\\\/Perchero-Forc-soluciones-contract-detalle_01.jpg\",\"width\":1130,\"height\":1130},{\"@type\":\"BreadcrumbList\",\"@id\":\"https:\\\/\\\/solucionescontract.com\\\/producto\\\/perchero-forc\\\/#breadcrumb\",\"itemListElement\":[{\"@type\":\"ListItem\",\"position\":1,\"name\":\"Inicio\",\"item\":\"https:\\\/\\\/solucionescontract.com\\\/\"},{\"@type\":\"ListItem\",\"position\":2,\"name\":\"Tienda mobiliario contract\",\"item\":\"https:\\\/\\\/solucionescontract.com\\\/tienda-mobiliario-contract\\\/\"},{\"@type\":\"ListItem\",\"position\":3,\"name\":\"Mueble y complementos\",\"item\":\"https:\\\/\\\/solucionescontract.com\\\/categoria-producto\\\/mueble-y-complementos\\\/\"},{\"@type\":\"ListItem\",\"position\":4,\"name\":\"Complementos y decoraci\u00f3n\",\"item\":\"https:\\\/\\\/solucionescontract.com\\\/categoria-producto\\\/mueble-y-complementos\\\/complementos-decoracion\\\/\"},{\"@type\":\"ListItem\",\"position\":5,\"name\":\"Percheros y parag\u00fceros\",\"item\":\"https:\\\/\\\/solucionescontract.com\\\/categoria-producto\\\/mueble-y-complementos\\\/complementos-decoracion\\\/percheros\\\/\"},{\"@type\":\"ListItem\",\"position\":6,\"name\":\"PORTEMANTEAU FORC\"}]},{\"@type\":\"WebSite\",\"@id\":\"https:\\\/\\\/solucionescontract.com\\\/#website\",\"url\":\"https:\\\/\\\/solucionescontract.com\\\/\",\"name\":\"Soluciones Contract\",\"description\":\"Venta Mobiliario contract de dise\u00f1o\",\"publisher\":{\"@id\":\"https:\\\/\\\/solucionescontract.com\\\/#organization\"},\"potentialAction\":[{\"@type\":\"SearchAction\",\"target\":{\"@type\":\"EntryPoint\",\"urlTemplate\":\"https:\\\/\\\/solucionescontract.com\\\/?s={search_term_string}\"},\"query-input\":{\"@type\":\"PropertyValueSpecification\",\"valueRequired\":true,\"valueName\":\"search_term_string\"}}],\"inLanguage\":\"fr-FR\"},{\"@type\":\"Organization\",\"@id\":\"https:\\\/\\\/solucionescontract.com\\\/#organization\",\"name\":\"Soluciones Contract\",\"url\":\"https:\\\/\\\/solucionescontract.com\\\/\",\"logo\":{\"@type\":\"ImageObject\",\"inLanguage\":\"fr-FR\",\"@id\":\"https:\\\/\\\/solucionescontract.com\\\/#\\\/schema\\\/logo\\\/image\\\/\",\"url\":\"https:\\\/\\\/solucionescontract.com\\\/wp-content\\\/uploads\\\/2020\\\/02\\\/logoSC.jpg\",\"contentUrl\":\"https:\\\/\\\/solucionescontract.com\\\/wp-content\\\/uploads\\\/2020\\\/02\\\/logoSC.jpg\",\"width\":300,\"height\":125,\"caption\":\"Soluciones Contract\"},\"image\":{\"@id\":\"https:\\\/\\\/solucionescontract.com\\\/#\\\/schema\\\/logo\\\/image\\\/\"},\"sameAs\":[\"https:\\\/\\\/www.facebook.com\\\/solucionescontract\\\/\"]}]}<\/script>\n<!-- \/ Yoast SEO plugin. -->","yoast_head_json":{"title":"PORTEMANTEAU FORC - Muebles de dise\u00f1o en Soluciones Contract","description":"Compra PORTEMANTEAU FORC online en nuestra tienda de muebles Contract. Encuentra el mejor MOBILIARIO DE DISE\u00d1O para Hotel, Hogar y uso comercial. Descubre las mejores marcas en nuestro cat\u00e1logo.","robots":{"index":"index","follow":"follow","max-snippet":"max-snippet:-1","max-image-preview":"max-image-preview:large","max-video-preview":"max-video-preview:-1"},"canonical":"https:\/\/solucionescontract.com\/producto\/perchero-forc\/","og_locale":"fr_FR","og_type":"article","og_title":"PORTEMANTEAU FORC - Muebles de dise\u00f1o en Soluciones Contract","og_description":"Compra PORTEMANTEAU FORC online en nuestra tienda de muebles Contract. Encuentra el mejor MOBILIARIO DE DISE\u00d1O para Hotel, Hogar y uso comercial. Descubre las mejores marcas en nuestro cat\u00e1logo.","og_url":"https:\/\/solucionescontract.com\/producto\/perchero-forc\/","og_site_name":"Soluciones Contract","article_publisher":"https:\/\/www.facebook.com\/solucionescontract\/","article_modified_time":"2021-01-26T14:40:47+00:00","og_image":[{"width":1130,"height":1130,"url":"https:\/\/solucionescontract.com\/wp-content\/uploads\/2018\/01\/Perchero-Forc-soluciones-contract-detalle_01.jpg","type":"image\/jpeg"}],"twitter_card":"summary_large_image","twitter_misc":{"Dur\u00e9e de lecture estim\u00e9e":"1 minute"},"schema":{"@context":"https:\/\/schema.org","@graph":[{"@type":"WebPage","@id":"https:\/\/solucionescontract.com\/producto\/perchero-forc\/","url":"https:\/\/solucionescontract.com\/producto\/perchero-forc\/","name":"PORTEMANTEAU FORC - Muebles de dise\u00f1o en Soluciones Contract","isPartOf":{"@id":"https:\/\/solucionescontract.com\/#website"},"primaryImageOfPage":{"@id":"https:\/\/solucionescontract.com\/producto\/perchero-forc\/#primaryimage"},"image":{"@id":"https:\/\/solucionescontract.com\/producto\/perchero-forc\/#primaryimage"},"thumbnailUrl":"https:\/\/solucionescontract.com\/wp-content\/uploads\/2018\/01\/Perchero-Forc-soluciones-contract-detalle_01.jpg","datePublished":"2018-01-27T19:52:13+00:00","dateModified":"2021-01-26T14:40:47+00:00","description":"Compra PORTEMANTEAU FORC online en nuestra tienda de muebles Contract. Encuentra el mejor MOBILIARIO DE DISE\u00d1O para Hotel, Hogar y uso comercial. Descubre las mejores marcas en nuestro cat\u00e1logo.","breadcrumb":{"@id":"https:\/\/solucionescontract.com\/producto\/perchero-forc\/#breadcrumb"},"inLanguage":"fr-FR","potentialAction":[{"@type":"ReadAction","target":["https:\/\/solucionescontract.com\/producto\/perchero-forc\/"]}]},{"@type":"ImageObject","inLanguage":"fr-FR","@id":"https:\/\/solucionescontract.com\/producto\/perchero-forc\/#primaryimage","url":"https:\/\/solucionescontract.com\/wp-content\/uploads\/2018\/01\/Perchero-Forc-soluciones-contract-detalle_01.jpg","contentUrl":"https:\/\/solucionescontract.com\/wp-content\/uploads\/2018\/01\/Perchero-Forc-soluciones-contract-detalle_01.jpg","width":1130,"height":1130},{"@type":"BreadcrumbList","@id":"https:\/\/solucionescontract.com\/producto\/perchero-forc\/#breadcrumb","itemListElement":[{"@type":"ListItem","position":1,"name":"Inicio","item":"https:\/\/solucionescontract.com\/"},{"@type":"ListItem","position":2,"name":"Tienda mobiliario contract","item":"https:\/\/solucionescontract.com\/tienda-mobiliario-contract\/"},{"@type":"ListItem","position":3,"name":"Mueble y complementos","item":"https:\/\/solucionescontract.com\/categoria-producto\/mueble-y-complementos\/"},{"@type":"ListItem","position":4,"name":"Complementos y decoraci\u00f3n","item":"https:\/\/solucionescontract.com\/categoria-producto\/mueble-y-complementos\/complementos-decoracion\/"},{"@type":"ListItem","position":5,"name":"Percheros y parag\u00fceros","item":"https:\/\/solucionescontract.com\/categoria-producto\/mueble-y-complementos\/complementos-decoracion\/percheros\/"},{"@type":"ListItem","position":6,"name":"PORTEMANTEAU FORC"}]},{"@type":"WebSite","@id":"https:\/\/solucionescontract.com\/#website","url":"https:\/\/solucionescontract.com\/","name":"Soluciones Contract","description":"Venta Mobiliario contract de dise\u00f1o","publisher":{"@id":"https:\/\/solucionescontract.com\/#organization"},"potentialAction":[{"@type":"SearchAction","target":{"@type":"EntryPoint","urlTemplate":"https:\/\/solucionescontract.com\/?s={search_term_string}"},"query-input":{"@type":"PropertyValueSpecification","valueRequired":true,"valueName":"search_term_string"}}],"inLanguage":"fr-FR"},{"@type":"Organization","@id":"https:\/\/solucionescontract.com\/#organization","name":"Soluciones Contract","url":"https:\/\/solucionescontract.com\/","logo":{"@type":"ImageObject","inLanguage":"fr-FR","@id":"https:\/\/solucionescontract.com\/#\/schema\/logo\/image\/","url":"https:\/\/solucionescontract.com\/wp-content\/uploads\/2020\/02\/logoSC.jpg","contentUrl":"https:\/\/solucionescontract.com\/wp-content\/uploads\/2020\/02\/logoSC.jpg","width":300,"height":125,"caption":"Soluciones Contract"},"image":{"@id":"https:\/\/solucionescontract.com\/#\/schema\/logo\/image\/"},"sameAs":["https:\/\/www.facebook.com\/solucionescontract\/"]}]}},"_links":{"self":[{"href":"https:\/\/solucionescontract.com\/fr\/wp-json\/wp\/v2\/product\/22349","targetHints":{"allow":["GET"]}}],"collection":[{"href":"https:\/\/solucionescontract.com\/fr\/wp-json\/wp\/v2\/product"}],"about":[{"href":"https:\/\/solucionescontract.com\/fr\/wp-json\/wp\/v2\/types\/product"}],"replies":[{"embeddable":true,"href":"https:\/\/solucionescontract.com\/fr\/wp-json\/wp\/v2\/comments?post=22349"}],"wp:featuredmedia":[{"embeddable":true,"href":"https:\/\/solucionescontract.com\/fr\/wp-json\/wp\/v2\/media\/14214"}],"wp:attachment":[{"href":"https:\/\/solucionescontract.com\/fr\/wp-json\/wp\/v2\/media?parent=22349"}],"wp:term":[{"taxonomy":"product_brand","embeddable":true,"href":"https:\/\/solucionescontract.com\/fr\/wp-json\/wp\/v2\/product_brand?post=22349"},{"taxonomy":"product_cat","embeddable":true,"href":"https:\/\/solucionescontract.com\/fr\/wp-json\/wp\/v2\/product_cat?post=22349"},{"taxonomy":"product_tag","embeddable":true,"href":"https:\/\/solucionescontract.com\/fr\/wp-json\/wp\/v2\/product_tag?post=22349"}],"curies":[{"name":"wp","href":"https:\/\/api.w.org\/{rel}","templated":true}]}}