{"id":22313,"date":"2018-01-15T00:39:57","date_gmt":"2018-01-15T00:39:57","guid":{"rendered":"https:\/\/www.solucionescontract.com\/producto\/tabouret-limba-5918\/"},"modified":"2018-01-15T00:39:57","modified_gmt":"2018-01-15T00:39:57","slug":"tabouret-limba-5918","status":"publish","type":"product","link":"https:\/\/solucionescontract.com\/fr\/producto\/tabouret-limba-5918\/","title":{"rendered":"TABOURET LIMBA 5918"},"content":{"rendered":"<p><img decoding=\"async\" class=\" wd-lazy-fade alignnone wp-image-4024 size-full\" src=\"https:\/\/solucionescontract.com\/wp-content\/themes\/woodmart\/images\/lazy.svg\" data-src=\"https:\/\/solucionescontract.com\/wp-content\/uploads\/2018\/01\/5918-300x119.jpg\" alt=\"\" width=\"300\" height=\"119\" srcset=\"\" data-srcset=\"https:\/\/solucionescontract.com\/wp-content\/uploads\/2018\/01\/5918-300x119.jpg 300w, https:\/\/solucionescontract.com\/wp-content\/uploads\/2018\/01\/5918-300x119-150x60.jpg 150w, https:\/\/solucionescontract.com\/wp-content\/uploads\/2018\/01\/5918-300x119-232x92.jpg 232w\" sizes=\"(max-width: 300px) 100vw, 300px\" \/><\/script><\/p>\n","protected":false},"excerpt":{"rendered":"<ul>\n<li>Tabouret Limba, grandes dimensions, ligne sobre et \u00e9l\u00e9gante.<\/li>\n<li>Sa conception nous am\u00e8ne \u00e0 penser \u00e0 des espaces s\u00e9lectionn\u00e9s, particuli\u00e8rement adapt\u00e9s \u00e0 l&rsquo;utilisation dans les h\u00f4tels et les restaurants.<\/li>\n<li>Structure en bois de h\u00eatre. Si\u00e8ge et dossier rembourr\u00e9s. Finition en polyur\u00e9thane.<\/li>\n<li>Dimensions 54x48x115cm, hauteur du si\u00e8ge 83,5cm. Poids 14 kg.<\/li>\n<li><strong>Voir les \u00e9chantillons de tissus disponibles<\/strong>. Pour d&rsquo;autres finitions, veuillez consulter.<\/li>\n<\/ul>\n<p><em>(commande minimum de 2 unit\u00e9s)<\/em><\/p>\n","protected":false},"featured_media":14106,"comment_status":"open","ping_status":"closed","template":"","meta":[],"product_brand":[],"product_cat":[529,539],"product_tag":[655,689],"class_list":{"0":"post-22313","1":"product","2":"type-product","3":"status-publish","4":"has-post-thumbnail","6":"product_cat-sieges-contractuels","7":"product_cat-tabourets-design","8":"product_tag-interior-fr","9":"product_tag-asientos-tapizados-fr","10":"product_shipping_class-gratuit","11":"yith_product_brand-silleria-verges-fr","13":"first","14":"instock","15":"taxable","16":"shipping-taxable","17":"purchasable","18":"product-type-simple"},"yoast_head":"<!-- This site is optimized with the Yoast SEO plugin v27.3 - https:\/\/yoast.com\/product\/yoast-seo-wordpress\/ -->\n<title>TABOURET LIMBA 5918 - Muebles de dise\u00f1o en Soluciones Contract<\/title>\n<meta name=\"description\" content=\"Compra TABOURET LIMBA 5918 online en nuestra tienda de muebles Contract. Encuentra el mejor MOBILIARIO DE DISE\u00d1O para Hotel, Hogar y uso comercial. Descubre las mejores marcas en nuestro cat\u00e1logo.\" \/>\n<meta name=\"robots\" content=\"index, follow, max-snippet:-1, max-image-preview:large, max-video-preview:-1\" \/>\n<link rel=\"canonical\" href=\"https:\/\/solucionescontract.com\/fr\/producto\/tabouret-limba-5918\/\" \/>\n<meta property=\"og:locale\" content=\"fr_FR\" \/>\n<meta property=\"og:type\" content=\"article\" \/>\n<meta property=\"og:title\" content=\"TABOURET LIMBA 5918 - Muebles de dise\u00f1o en Soluciones Contract\" \/>\n<meta property=\"og:description\" content=\"Compra TABOURET LIMBA 5918 online en nuestra tienda de muebles Contract. Encuentra el mejor MOBILIARIO DE DISE\u00d1O para Hotel, Hogar y uso comercial. Descubre las mejores marcas en nuestro cat\u00e1logo.\" \/>\n<meta property=\"og:url\" content=\"https:\/\/solucionescontract.com\/fr\/producto\/tabouret-limba-5918\/\" \/>\n<meta property=\"og:site_name\" content=\"Soluciones Contract\" \/>\n<meta property=\"article:publisher\" content=\"https:\/\/www.facebook.com\/solucionescontract\/\" \/>\n<meta property=\"og:image\" content=\"https:\/\/solucionescontract.com\/wp-content\/uploads\/2018\/01\/LIMBA-BY-VERGES-5918-TABURETE-2.jpg\" \/>\n\t<meta property=\"og:image:width\" content=\"900\" \/>\n\t<meta property=\"og:image:height\" content=\"900\" \/>\n\t<meta property=\"og:image:type\" content=\"image\/jpeg\" \/>\n<meta name=\"twitter:card\" content=\"summary_large_image\" \/>\n<script type=\"application\/ld+json\" class=\"yoast-schema-graph\">{\"@context\":\"https:\\\/\\\/schema.org\",\"@graph\":[{\"@type\":\"WebPage\",\"@id\":\"https:\\\/\\\/solucionescontract.com\\\/fr\\\/producto\\\/tabouret-limba-5918\\\/\",\"url\":\"https:\\\/\\\/solucionescontract.com\\\/fr\\\/producto\\\/tabouret-limba-5918\\\/\",\"name\":\"TABOURET LIMBA 5918 - Muebles de dise\u00f1o en Soluciones Contract\",\"isPartOf\":{\"@id\":\"https:\\\/\\\/solucionescontract.com\\\/#website\"},\"primaryImageOfPage\":{\"@id\":\"https:\\\/\\\/solucionescontract.com\\\/fr\\\/producto\\\/tabouret-limba-5918\\\/#primaryimage\"},\"image\":{\"@id\":\"https:\\\/\\\/solucionescontract.com\\\/fr\\\/producto\\\/tabouret-limba-5918\\\/#primaryimage\"},\"thumbnailUrl\":\"https:\\\/\\\/solucionescontract.com\\\/wp-content\\\/uploads\\\/2018\\\/01\\\/LIMBA-BY-VERGES-5918-TABURETE-2.jpg\",\"datePublished\":\"2018-01-15T00:39:57+00:00\",\"description\":\"Compra TABOURET LIMBA 5918 online en nuestra tienda de muebles Contract. Encuentra el mejor MOBILIARIO DE DISE\u00d1O para Hotel, Hogar y uso comercial. Descubre las mejores marcas en nuestro cat\u00e1logo.\",\"breadcrumb\":{\"@id\":\"https:\\\/\\\/solucionescontract.com\\\/fr\\\/producto\\\/tabouret-limba-5918\\\/#breadcrumb\"},\"inLanguage\":\"fr-FR\",\"potentialAction\":[{\"@type\":\"ReadAction\",\"target\":[\"https:\\\/\\\/solucionescontract.com\\\/fr\\\/producto\\\/tabouret-limba-5918\\\/\"]}]},{\"@type\":\"ImageObject\",\"inLanguage\":\"fr-FR\",\"@id\":\"https:\\\/\\\/solucionescontract.com\\\/fr\\\/producto\\\/tabouret-limba-5918\\\/#primaryimage\",\"url\":\"https:\\\/\\\/solucionescontract.com\\\/wp-content\\\/uploads\\\/2018\\\/01\\\/LIMBA-BY-VERGES-5918-TABURETE-2.jpg\",\"contentUrl\":\"https:\\\/\\\/solucionescontract.com\\\/wp-content\\\/uploads\\\/2018\\\/01\\\/LIMBA-BY-VERGES-5918-TABURETE-2.jpg\",\"width\":900,\"height\":900},{\"@type\":\"BreadcrumbList\",\"@id\":\"https:\\\/\\\/solucionescontract.com\\\/fr\\\/producto\\\/tabouret-limba-5918\\\/#breadcrumb\",\"itemListElement\":[{\"@type\":\"ListItem\",\"position\":1,\"name\":\"Inicio\",\"item\":\"https:\\\/\\\/solucionescontract.com\\\/\"},{\"@type\":\"ListItem\",\"position\":2,\"name\":\"Tienda mobiliario contract\",\"item\":\"https:\\\/\\\/solucionescontract.com\\\/tienda-mobiliario-contract\\\/\"},{\"@type\":\"ListItem\",\"position\":3,\"name\":\"Si\u00e8ges contractuels\",\"item\":\"https:\\\/\\\/solucionescontract.com\\\/fr\\\/categoria-producto\\\/sieges-contractuels\\\/\"},{\"@type\":\"ListItem\",\"position\":4,\"name\":\"Tabourets design\",\"item\":\"https:\\\/\\\/solucionescontract.com\\\/fr\\\/categoria-producto\\\/sieges-contractuels\\\/tabourets-design\\\/\"},{\"@type\":\"ListItem\",\"position\":5,\"name\":\"TABOURET LIMBA 5918\"}]},{\"@type\":\"WebSite\",\"@id\":\"https:\\\/\\\/solucionescontract.com\\\/#website\",\"url\":\"https:\\\/\\\/solucionescontract.com\\\/\",\"name\":\"Soluciones Contract\",\"description\":\"Venta Mobiliario contract de dise\u00f1o\",\"publisher\":{\"@id\":\"https:\\\/\\\/solucionescontract.com\\\/#organization\"},\"potentialAction\":[{\"@type\":\"SearchAction\",\"target\":{\"@type\":\"EntryPoint\",\"urlTemplate\":\"https:\\\/\\\/solucionescontract.com\\\/?s={search_term_string}\"},\"query-input\":{\"@type\":\"PropertyValueSpecification\",\"valueRequired\":true,\"valueName\":\"search_term_string\"}}],\"inLanguage\":\"fr-FR\"},{\"@type\":\"Organization\",\"@id\":\"https:\\\/\\\/solucionescontract.com\\\/#organization\",\"name\":\"Soluciones Contract\",\"url\":\"https:\\\/\\\/solucionescontract.com\\\/\",\"logo\":{\"@type\":\"ImageObject\",\"inLanguage\":\"fr-FR\",\"@id\":\"https:\\\/\\\/solucionescontract.com\\\/#\\\/schema\\\/logo\\\/image\\\/\",\"url\":\"https:\\\/\\\/solucionescontract.com\\\/wp-content\\\/uploads\\\/2020\\\/02\\\/logoSC.jpg\",\"contentUrl\":\"https:\\\/\\\/solucionescontract.com\\\/wp-content\\\/uploads\\\/2020\\\/02\\\/logoSC.jpg\",\"width\":300,\"height\":125,\"caption\":\"Soluciones Contract\"},\"image\":{\"@id\":\"https:\\\/\\\/solucionescontract.com\\\/#\\\/schema\\\/logo\\\/image\\\/\"},\"sameAs\":[\"https:\\\/\\\/www.facebook.com\\\/solucionescontract\\\/\"]}]}<\/script>\n<!-- \/ Yoast SEO plugin. -->","yoast_head_json":{"title":"TABOURET LIMBA 5918 - Muebles de dise\u00f1o en Soluciones Contract","description":"Compra TABOURET LIMBA 5918 online en nuestra tienda de muebles Contract. Encuentra el mejor MOBILIARIO DE DISE\u00d1O para Hotel, Hogar y uso comercial. Descubre las mejores marcas en nuestro cat\u00e1logo.","robots":{"index":"index","follow":"follow","max-snippet":"max-snippet:-1","max-image-preview":"max-image-preview:large","max-video-preview":"max-video-preview:-1"},"canonical":"https:\/\/solucionescontract.com\/fr\/producto\/tabouret-limba-5918\/","og_locale":"fr_FR","og_type":"article","og_title":"TABOURET LIMBA 5918 - Muebles de dise\u00f1o en Soluciones Contract","og_description":"Compra TABOURET LIMBA 5918 online en nuestra tienda de muebles Contract. Encuentra el mejor MOBILIARIO DE DISE\u00d1O para Hotel, Hogar y uso comercial. Descubre las mejores marcas en nuestro cat\u00e1logo.","og_url":"https:\/\/solucionescontract.com\/fr\/producto\/tabouret-limba-5918\/","og_site_name":"Soluciones Contract","article_publisher":"https:\/\/www.facebook.com\/solucionescontract\/","og_image":[{"width":900,"height":900,"url":"https:\/\/solucionescontract.com\/wp-content\/uploads\/2018\/01\/LIMBA-BY-VERGES-5918-TABURETE-2.jpg","type":"image\/jpeg"}],"twitter_card":"summary_large_image","schema":{"@context":"https:\/\/schema.org","@graph":[{"@type":"WebPage","@id":"https:\/\/solucionescontract.com\/fr\/producto\/tabouret-limba-5918\/","url":"https:\/\/solucionescontract.com\/fr\/producto\/tabouret-limba-5918\/","name":"TABOURET LIMBA 5918 - Muebles de dise\u00f1o en Soluciones Contract","isPartOf":{"@id":"https:\/\/solucionescontract.com\/#website"},"primaryImageOfPage":{"@id":"https:\/\/solucionescontract.com\/fr\/producto\/tabouret-limba-5918\/#primaryimage"},"image":{"@id":"https:\/\/solucionescontract.com\/fr\/producto\/tabouret-limba-5918\/#primaryimage"},"thumbnailUrl":"https:\/\/solucionescontract.com\/wp-content\/uploads\/2018\/01\/LIMBA-BY-VERGES-5918-TABURETE-2.jpg","datePublished":"2018-01-15T00:39:57+00:00","description":"Compra TABOURET LIMBA 5918 online en nuestra tienda de muebles Contract. Encuentra el mejor MOBILIARIO DE DISE\u00d1O para Hotel, Hogar y uso comercial. Descubre las mejores marcas en nuestro cat\u00e1logo.","breadcrumb":{"@id":"https:\/\/solucionescontract.com\/fr\/producto\/tabouret-limba-5918\/#breadcrumb"},"inLanguage":"fr-FR","potentialAction":[{"@type":"ReadAction","target":["https:\/\/solucionescontract.com\/fr\/producto\/tabouret-limba-5918\/"]}]},{"@type":"ImageObject","inLanguage":"fr-FR","@id":"https:\/\/solucionescontract.com\/fr\/producto\/tabouret-limba-5918\/#primaryimage","url":"https:\/\/solucionescontract.com\/wp-content\/uploads\/2018\/01\/LIMBA-BY-VERGES-5918-TABURETE-2.jpg","contentUrl":"https:\/\/solucionescontract.com\/wp-content\/uploads\/2018\/01\/LIMBA-BY-VERGES-5918-TABURETE-2.jpg","width":900,"height":900},{"@type":"BreadcrumbList","@id":"https:\/\/solucionescontract.com\/fr\/producto\/tabouret-limba-5918\/#breadcrumb","itemListElement":[{"@type":"ListItem","position":1,"name":"Inicio","item":"https:\/\/solucionescontract.com\/"},{"@type":"ListItem","position":2,"name":"Tienda mobiliario contract","item":"https:\/\/solucionescontract.com\/tienda-mobiliario-contract\/"},{"@type":"ListItem","position":3,"name":"Si\u00e8ges contractuels","item":"https:\/\/solucionescontract.com\/fr\/categoria-producto\/sieges-contractuels\/"},{"@type":"ListItem","position":4,"name":"Tabourets design","item":"https:\/\/solucionescontract.com\/fr\/categoria-producto\/sieges-contractuels\/tabourets-design\/"},{"@type":"ListItem","position":5,"name":"TABOURET LIMBA 5918"}]},{"@type":"WebSite","@id":"https:\/\/solucionescontract.com\/#website","url":"https:\/\/solucionescontract.com\/","name":"Soluciones Contract","description":"Venta Mobiliario contract de dise\u00f1o","publisher":{"@id":"https:\/\/solucionescontract.com\/#organization"},"potentialAction":[{"@type":"SearchAction","target":{"@type":"EntryPoint","urlTemplate":"https:\/\/solucionescontract.com\/?s={search_term_string}"},"query-input":{"@type":"PropertyValueSpecification","valueRequired":true,"valueName":"search_term_string"}}],"inLanguage":"fr-FR"},{"@type":"Organization","@id":"https:\/\/solucionescontract.com\/#organization","name":"Soluciones Contract","url":"https:\/\/solucionescontract.com\/","logo":{"@type":"ImageObject","inLanguage":"fr-FR","@id":"https:\/\/solucionescontract.com\/#\/schema\/logo\/image\/","url":"https:\/\/solucionescontract.com\/wp-content\/uploads\/2020\/02\/logoSC.jpg","contentUrl":"https:\/\/solucionescontract.com\/wp-content\/uploads\/2020\/02\/logoSC.jpg","width":300,"height":125,"caption":"Soluciones Contract"},"image":{"@id":"https:\/\/solucionescontract.com\/#\/schema\/logo\/image\/"},"sameAs":["https:\/\/www.facebook.com\/solucionescontract\/"]}]}},"_links":{"self":[{"href":"https:\/\/solucionescontract.com\/fr\/wp-json\/wp\/v2\/product\/22313","targetHints":{"allow":["GET"]}}],"collection":[{"href":"https:\/\/solucionescontract.com\/fr\/wp-json\/wp\/v2\/product"}],"about":[{"href":"https:\/\/solucionescontract.com\/fr\/wp-json\/wp\/v2\/types\/product"}],"replies":[{"embeddable":true,"href":"https:\/\/solucionescontract.com\/fr\/wp-json\/wp\/v2\/comments?post=22313"}],"wp:featuredmedia":[{"embeddable":true,"href":"https:\/\/solucionescontract.com\/fr\/wp-json\/wp\/v2\/media\/14106"}],"wp:attachment":[{"href":"https:\/\/solucionescontract.com\/fr\/wp-json\/wp\/v2\/media?parent=22313"}],"wp:term":[{"taxonomy":"product_brand","embeddable":true,"href":"https:\/\/solucionescontract.com\/fr\/wp-json\/wp\/v2\/product_brand?post=22313"},{"taxonomy":"product_cat","embeddable":true,"href":"https:\/\/solucionescontract.com\/fr\/wp-json\/wp\/v2\/product_cat?post=22313"},{"taxonomy":"product_tag","embeddable":true,"href":"https:\/\/solucionescontract.com\/fr\/wp-json\/wp\/v2\/product_tag?post=22313"}],"curies":[{"name":"wp","href":"https:\/\/api.w.org\/{rel}","templated":true}]}}