{"id":22307,"date":"2018-01-14T20:22:43","date_gmt":"2018-01-14T20:22:43","guid":{"rendered":"https:\/\/www.solucionescontract.com\/producto\/tabouret-bois-7278\/"},"modified":"2018-01-14T20:22:43","modified_gmt":"2018-01-14T20:22:43","slug":"tabouret-bois-7278","status":"publish","type":"product","link":"https:\/\/solucionescontract.com\/fr\/producto\/tabouret-bois-7278\/","title":{"rendered":"TABOURET EN BOIS 7278"},"content":{"rendered":"<p>TABOURET EN BOIS 7278 TM<\/p>\n<p><a href=\"https:\/\/solucionescontract.com\/wp-content\/uploads\/2018\/01\/taburete-madera-7278-dimensiones-y-caracteristicas.jpg\"><img decoding=\"async\" class=\" wd-lazy-fade alignnone wp-image-4001\" src=\"https:\/\/solucionescontract.com\/wp-content\/themes\/woodmart\/images\/lazy.svg\" data-src=\"https:\/\/solucionescontract.com\/wp-content\/uploads\/2018\/01\/taburete-madera-7278-dimensiones-y-caracteristicas-300x82.jpg\" alt=\"\" width=\"450\" height=\"123\" srcset=\"\" data-srcset=\"https:\/\/solucionescontract.com\/wp-content\/uploads\/2018\/01\/taburete-madera-7278-dimensiones-y-caracteristicas-300x82.jpg 300w, https:\/\/solucionescontract.com\/wp-content\/uploads\/2018\/01\/taburete-madera-7278-dimensiones-y-caracteristicas-150x41.jpg 150w, https:\/\/solucionescontract.com\/wp-content\/uploads\/2018\/01\/taburete-madera-7278-dimensiones-y-caracteristicas-800x219.jpg 800w, https:\/\/solucionescontract.com\/wp-content\/uploads\/2018\/01\/taburete-madera-7278-dimensiones-y-caracteristicas-768x210.jpg 768w, https:\/\/solucionescontract.com\/wp-content\/uploads\/2018\/01\/taburete-madera-7278-dimensiones-y-caracteristicas-1024x280.jpg 1024w, https:\/\/solucionescontract.com\/wp-content\/uploads\/2018\/01\/taburete-madera-7278-dimensiones-y-caracteristicas-232x63.jpg 232w, https:\/\/solucionescontract.com\/wp-content\/uploads\/2018\/01\/taburete-madera-7278-dimensiones-y-caracteristicas.jpg 1043w\" sizes=\"(max-width: 450px) 100vw, 450px\" \/><\/a><\/p>\n<p><strong>Structure<\/strong> :<\/p>\n<p>Structure en contreplaqu\u00e9 faite de feuilles courbes de bois de ch\u00eane de premi\u00e8re qualit\u00e9. Sa conception incurv\u00e9e parvient \u00e0 respecter dans les moindres d\u00e9tails les param\u00e8tres anatomiques \u00e9tablis selon la r\u00e9glementation en vigueur, obtenant ainsi le plus grand confort possible gr\u00e2ce \u00e0 des conceptions ergonomiques. En outre, ils suivent \u00e9galement toutes les exigences en termes de qualit\u00e9 et de r\u00e9sistance certifi\u00e9es par des cycles de fatigue, assurant une longue durabilit\u00e9.<\/p>\n<p><strong>Pied <\/strong>:<\/p>\n<p>Quatre pieds en ch\u00eane massif de qualit\u00e9 sup\u00e9rieure, reli\u00e9s entre eux par une croix avec un assemblage \u00e0 la base du caisson. Quatre absorbeurs de sons en plastique aux extr\u00e9mit\u00e9s.<\/script><\/p>\n","protected":false},"excerpt":{"rendered":"<ul>\n<li>Tabouret design en feuilles de placage de ch\u00eane courb\u00e9es.<\/li>\n<li>Style vintage de lignes tr\u00e8s travaill\u00e9es.<\/li>\n<li>Tr\u00e8s polyvalent et ergonomique, il convient aux bars de restaurants, aux caf\u00e9s&#8230; ainsi qu&rsquo;\u00e0 l&rsquo;usage domestique dans les cuisines, les bureaux et les cabinets.<\/li>\n<li>Pattes en ch\u00eane massif de premi\u00e8re qualit\u00e9, reli\u00e9es entre elles par une croix. Possibilit\u00e9 de mod\u00e8le rembourr\u00e9.<\/li>\n<li><a href=\"\/fr\/producto\/finition-tm\/\">S\u00e9lectionnez votre finition ici.<\/a><\/li>\n<\/ul>\n","protected":false},"featured_media":14074,"comment_status":"open","ping_status":"closed","template":"","meta":[],"product_brand":[],"product_cat":[529,539],"product_tag":[655,691],"class_list":{"0":"post-22307","1":"product","2":"type-product","3":"status-publish","4":"has-post-thumbnail","6":"product_cat-sieges-contractuels","7":"product_cat-tabourets-design","8":"product_tag-interior-fr","9":"product_tag-asientos-de-madera-fr","10":"product_shipping_class-gratuit","11":"yith_product_brand-tm-sillerias-fr","13":"first","14":"instock","15":"taxable","16":"shipping-taxable","17":"purchasable","18":"product-type-simple"},"yoast_head":"<!-- This site is optimized with the Yoast SEO plugin v27.3 - https:\/\/yoast.com\/product\/yoast-seo-wordpress\/ -->\n<title>TABOURET EN BOIS 7278 - Muebles de dise\u00f1o en Soluciones Contract<\/title>\n<meta name=\"description\" content=\"Compra TABOURET EN BOIS 7278 online en nuestra tienda de muebles Contract. Encuentra el mejor MOBILIARIO DE DISE\u00d1O para Hotel, Hogar y uso comercial. Descubre las mejores marcas en nuestro cat\u00e1logo.\" \/>\n<meta name=\"robots\" content=\"index, follow, max-snippet:-1, max-image-preview:large, max-video-preview:-1\" \/>\n<link rel=\"canonical\" href=\"https:\/\/solucionescontract.com\/producto\/taburete-madera-7278-tm\/\" \/>\n<meta property=\"og:locale\" content=\"fr_FR\" \/>\n<meta property=\"og:type\" content=\"article\" \/>\n<meta property=\"og:title\" content=\"TABOURET EN BOIS 7278 - Muebles de dise\u00f1o en Soluciones Contract\" \/>\n<meta property=\"og:description\" content=\"Compra TABOURET EN BOIS 7278 online en nuestra tienda de muebles Contract. Encuentra el mejor MOBILIARIO DE DISE\u00d1O para Hotel, Hogar y uso comercial. Descubre las mejores marcas en nuestro cat\u00e1logo.\" \/>\n<meta property=\"og:url\" content=\"https:\/\/solucionescontract.com\/producto\/taburete-madera-7278-tm\/\" \/>\n<meta property=\"og:site_name\" content=\"Soluciones Contract\" \/>\n<meta property=\"article:publisher\" content=\"https:\/\/www.facebook.com\/solucionescontract\/\" \/>\n<meta property=\"og:image\" content=\"https:\/\/solucionescontract.com\/wp-content\/uploads\/2018\/01\/taburete-madera-7278-tm-sillerias.jpg\" \/>\n\t<meta property=\"og:image:width\" content=\"887\" \/>\n\t<meta property=\"og:image:height\" content=\"887\" \/>\n\t<meta property=\"og:image:type\" content=\"image\/jpeg\" \/>\n<meta name=\"twitter:card\" content=\"summary_large_image\" \/>\n<meta name=\"twitter:label1\" content=\"Dur\u00e9e de lecture estim\u00e9e\" \/>\n\t<meta name=\"twitter:data1\" content=\"1 minute\" \/>\n<script type=\"application\/ld+json\" class=\"yoast-schema-graph\">{\"@context\":\"https:\\\/\\\/schema.org\",\"@graph\":[{\"@type\":\"WebPage\",\"@id\":\"https:\\\/\\\/solucionescontract.com\\\/producto\\\/taburete-madera-7278-tm\\\/\",\"url\":\"https:\\\/\\\/solucionescontract.com\\\/producto\\\/taburete-madera-7278-tm\\\/\",\"name\":\"TABOURET EN BOIS 7278 - Muebles de dise\u00f1o en Soluciones Contract\",\"isPartOf\":{\"@id\":\"https:\\\/\\\/solucionescontract.com\\\/#website\"},\"primaryImageOfPage\":{\"@id\":\"https:\\\/\\\/solucionescontract.com\\\/producto\\\/taburete-madera-7278-tm\\\/#primaryimage\"},\"image\":{\"@id\":\"https:\\\/\\\/solucionescontract.com\\\/producto\\\/taburete-madera-7278-tm\\\/#primaryimage\"},\"thumbnailUrl\":\"https:\\\/\\\/solucionescontract.com\\\/wp-content\\\/uploads\\\/2018\\\/01\\\/taburete-madera-7278-tm-sillerias.jpg\",\"datePublished\":\"2018-01-14T20:22:43+00:00\",\"description\":\"Compra TABOURET EN BOIS 7278 online en nuestra tienda de muebles Contract. Encuentra el mejor MOBILIARIO DE DISE\u00d1O para Hotel, Hogar y uso comercial. Descubre las mejores marcas en nuestro cat\u00e1logo.\",\"breadcrumb\":{\"@id\":\"https:\\\/\\\/solucionescontract.com\\\/producto\\\/taburete-madera-7278-tm\\\/#breadcrumb\"},\"inLanguage\":\"fr-FR\",\"potentialAction\":[{\"@type\":\"ReadAction\",\"target\":[\"https:\\\/\\\/solucionescontract.com\\\/producto\\\/taburete-madera-7278-tm\\\/\"]}]},{\"@type\":\"ImageObject\",\"inLanguage\":\"fr-FR\",\"@id\":\"https:\\\/\\\/solucionescontract.com\\\/producto\\\/taburete-madera-7278-tm\\\/#primaryimage\",\"url\":\"https:\\\/\\\/solucionescontract.com\\\/wp-content\\\/uploads\\\/2018\\\/01\\\/taburete-madera-7278-tm-sillerias.jpg\",\"contentUrl\":\"https:\\\/\\\/solucionescontract.com\\\/wp-content\\\/uploads\\\/2018\\\/01\\\/taburete-madera-7278-tm-sillerias.jpg\",\"width\":887,\"height\":887},{\"@type\":\"BreadcrumbList\",\"@id\":\"https:\\\/\\\/solucionescontract.com\\\/producto\\\/taburete-madera-7278-tm\\\/#breadcrumb\",\"itemListElement\":[{\"@type\":\"ListItem\",\"position\":1,\"name\":\"Inicio\",\"item\":\"https:\\\/\\\/solucionescontract.com\\\/\"},{\"@type\":\"ListItem\",\"position\":2,\"name\":\"Tienda mobiliario contract\",\"item\":\"https:\\\/\\\/solucionescontract.com\\\/tienda-mobiliario-contract\\\/\"},{\"@type\":\"ListItem\",\"position\":3,\"name\":\"Asientos Contract\",\"item\":\"https:\\\/\\\/solucionescontract.com\\\/categoria-producto\\\/asientos-para-contract\\\/\"},{\"@type\":\"ListItem\",\"position\":4,\"name\":\"Taburetes de dise\u00f1o\",\"item\":\"https:\\\/\\\/solucionescontract.com\\\/categoria-producto\\\/asientos-para-contract\\\/taburetes-de-diseno\\\/\"},{\"@type\":\"ListItem\",\"position\":5,\"name\":\"TABOURET EN BOIS 7278\"}]},{\"@type\":\"WebSite\",\"@id\":\"https:\\\/\\\/solucionescontract.com\\\/#website\",\"url\":\"https:\\\/\\\/solucionescontract.com\\\/\",\"name\":\"Soluciones Contract\",\"description\":\"Venta Mobiliario contract de dise\u00f1o\",\"publisher\":{\"@id\":\"https:\\\/\\\/solucionescontract.com\\\/#organization\"},\"potentialAction\":[{\"@type\":\"SearchAction\",\"target\":{\"@type\":\"EntryPoint\",\"urlTemplate\":\"https:\\\/\\\/solucionescontract.com\\\/?s={search_term_string}\"},\"query-input\":{\"@type\":\"PropertyValueSpecification\",\"valueRequired\":true,\"valueName\":\"search_term_string\"}}],\"inLanguage\":\"fr-FR\"},{\"@type\":\"Organization\",\"@id\":\"https:\\\/\\\/solucionescontract.com\\\/#organization\",\"name\":\"Soluciones Contract\",\"url\":\"https:\\\/\\\/solucionescontract.com\\\/\",\"logo\":{\"@type\":\"ImageObject\",\"inLanguage\":\"fr-FR\",\"@id\":\"https:\\\/\\\/solucionescontract.com\\\/#\\\/schema\\\/logo\\\/image\\\/\",\"url\":\"https:\\\/\\\/solucionescontract.com\\\/wp-content\\\/uploads\\\/2020\\\/02\\\/logoSC.jpg\",\"contentUrl\":\"https:\\\/\\\/solucionescontract.com\\\/wp-content\\\/uploads\\\/2020\\\/02\\\/logoSC.jpg\",\"width\":300,\"height\":125,\"caption\":\"Soluciones Contract\"},\"image\":{\"@id\":\"https:\\\/\\\/solucionescontract.com\\\/#\\\/schema\\\/logo\\\/image\\\/\"},\"sameAs\":[\"https:\\\/\\\/www.facebook.com\\\/solucionescontract\\\/\"]}]}<\/script>\n<!-- \/ Yoast SEO plugin. -->","yoast_head_json":{"title":"TABOURET EN BOIS 7278 - Muebles de dise\u00f1o en Soluciones Contract","description":"Compra TABOURET EN BOIS 7278 online en nuestra tienda de muebles Contract. Encuentra el mejor MOBILIARIO DE DISE\u00d1O para Hotel, Hogar y uso comercial. Descubre las mejores marcas en nuestro cat\u00e1logo.","robots":{"index":"index","follow":"follow","max-snippet":"max-snippet:-1","max-image-preview":"max-image-preview:large","max-video-preview":"max-video-preview:-1"},"canonical":"https:\/\/solucionescontract.com\/producto\/taburete-madera-7278-tm\/","og_locale":"fr_FR","og_type":"article","og_title":"TABOURET EN BOIS 7278 - Muebles de dise\u00f1o en Soluciones Contract","og_description":"Compra TABOURET EN BOIS 7278 online en nuestra tienda de muebles Contract. Encuentra el mejor MOBILIARIO DE DISE\u00d1O para Hotel, Hogar y uso comercial. Descubre las mejores marcas en nuestro cat\u00e1logo.","og_url":"https:\/\/solucionescontract.com\/producto\/taburete-madera-7278-tm\/","og_site_name":"Soluciones Contract","article_publisher":"https:\/\/www.facebook.com\/solucionescontract\/","og_image":[{"width":887,"height":887,"url":"https:\/\/solucionescontract.com\/wp-content\/uploads\/2018\/01\/taburete-madera-7278-tm-sillerias.jpg","type":"image\/jpeg"}],"twitter_card":"summary_large_image","twitter_misc":{"Dur\u00e9e de lecture estim\u00e9e":"1 minute"},"schema":{"@context":"https:\/\/schema.org","@graph":[{"@type":"WebPage","@id":"https:\/\/solucionescontract.com\/producto\/taburete-madera-7278-tm\/","url":"https:\/\/solucionescontract.com\/producto\/taburete-madera-7278-tm\/","name":"TABOURET EN BOIS 7278 - Muebles de dise\u00f1o en Soluciones Contract","isPartOf":{"@id":"https:\/\/solucionescontract.com\/#website"},"primaryImageOfPage":{"@id":"https:\/\/solucionescontract.com\/producto\/taburete-madera-7278-tm\/#primaryimage"},"image":{"@id":"https:\/\/solucionescontract.com\/producto\/taburete-madera-7278-tm\/#primaryimage"},"thumbnailUrl":"https:\/\/solucionescontract.com\/wp-content\/uploads\/2018\/01\/taburete-madera-7278-tm-sillerias.jpg","datePublished":"2018-01-14T20:22:43+00:00","description":"Compra TABOURET EN BOIS 7278 online en nuestra tienda de muebles Contract. Encuentra el mejor MOBILIARIO DE DISE\u00d1O para Hotel, Hogar y uso comercial. Descubre las mejores marcas en nuestro cat\u00e1logo.","breadcrumb":{"@id":"https:\/\/solucionescontract.com\/producto\/taburete-madera-7278-tm\/#breadcrumb"},"inLanguage":"fr-FR","potentialAction":[{"@type":"ReadAction","target":["https:\/\/solucionescontract.com\/producto\/taburete-madera-7278-tm\/"]}]},{"@type":"ImageObject","inLanguage":"fr-FR","@id":"https:\/\/solucionescontract.com\/producto\/taburete-madera-7278-tm\/#primaryimage","url":"https:\/\/solucionescontract.com\/wp-content\/uploads\/2018\/01\/taburete-madera-7278-tm-sillerias.jpg","contentUrl":"https:\/\/solucionescontract.com\/wp-content\/uploads\/2018\/01\/taburete-madera-7278-tm-sillerias.jpg","width":887,"height":887},{"@type":"BreadcrumbList","@id":"https:\/\/solucionescontract.com\/producto\/taburete-madera-7278-tm\/#breadcrumb","itemListElement":[{"@type":"ListItem","position":1,"name":"Inicio","item":"https:\/\/solucionescontract.com\/"},{"@type":"ListItem","position":2,"name":"Tienda mobiliario contract","item":"https:\/\/solucionescontract.com\/tienda-mobiliario-contract\/"},{"@type":"ListItem","position":3,"name":"Asientos Contract","item":"https:\/\/solucionescontract.com\/categoria-producto\/asientos-para-contract\/"},{"@type":"ListItem","position":4,"name":"Taburetes de dise\u00f1o","item":"https:\/\/solucionescontract.com\/categoria-producto\/asientos-para-contract\/taburetes-de-diseno\/"},{"@type":"ListItem","position":5,"name":"TABOURET EN BOIS 7278"}]},{"@type":"WebSite","@id":"https:\/\/solucionescontract.com\/#website","url":"https:\/\/solucionescontract.com\/","name":"Soluciones Contract","description":"Venta Mobiliario contract de dise\u00f1o","publisher":{"@id":"https:\/\/solucionescontract.com\/#organization"},"potentialAction":[{"@type":"SearchAction","target":{"@type":"EntryPoint","urlTemplate":"https:\/\/solucionescontract.com\/?s={search_term_string}"},"query-input":{"@type":"PropertyValueSpecification","valueRequired":true,"valueName":"search_term_string"}}],"inLanguage":"fr-FR"},{"@type":"Organization","@id":"https:\/\/solucionescontract.com\/#organization","name":"Soluciones Contract","url":"https:\/\/solucionescontract.com\/","logo":{"@type":"ImageObject","inLanguage":"fr-FR","@id":"https:\/\/solucionescontract.com\/#\/schema\/logo\/image\/","url":"https:\/\/solucionescontract.com\/wp-content\/uploads\/2020\/02\/logoSC.jpg","contentUrl":"https:\/\/solucionescontract.com\/wp-content\/uploads\/2020\/02\/logoSC.jpg","width":300,"height":125,"caption":"Soluciones Contract"},"image":{"@id":"https:\/\/solucionescontract.com\/#\/schema\/logo\/image\/"},"sameAs":["https:\/\/www.facebook.com\/solucionescontract\/"]}]}},"_links":{"self":[{"href":"https:\/\/solucionescontract.com\/fr\/wp-json\/wp\/v2\/product\/22307","targetHints":{"allow":["GET"]}}],"collection":[{"href":"https:\/\/solucionescontract.com\/fr\/wp-json\/wp\/v2\/product"}],"about":[{"href":"https:\/\/solucionescontract.com\/fr\/wp-json\/wp\/v2\/types\/product"}],"replies":[{"embeddable":true,"href":"https:\/\/solucionescontract.com\/fr\/wp-json\/wp\/v2\/comments?post=22307"}],"wp:featuredmedia":[{"embeddable":true,"href":"https:\/\/solucionescontract.com\/fr\/wp-json\/wp\/v2\/media\/14074"}],"wp:attachment":[{"href":"https:\/\/solucionescontract.com\/fr\/wp-json\/wp\/v2\/media?parent=22307"}],"wp:term":[{"taxonomy":"product_brand","embeddable":true,"href":"https:\/\/solucionescontract.com\/fr\/wp-json\/wp\/v2\/product_brand?post=22307"},{"taxonomy":"product_cat","embeddable":true,"href":"https:\/\/solucionescontract.com\/fr\/wp-json\/wp\/v2\/product_cat?post=22307"},{"taxonomy":"product_tag","embeddable":true,"href":"https:\/\/solucionescontract.com\/fr\/wp-json\/wp\/v2\/product_tag?post=22307"}],"curies":[{"name":"wp","href":"https:\/\/api.w.org\/{rel}","templated":true}]}}