{"id":22290,"date":"2018-01-13T09:37:48","date_gmt":"2018-01-13T09:37:48","guid":{"rendered":"https:\/\/www.solucionescontract.com\/producto\/tabouret-retro-rembourre\/"},"modified":"2018-01-13T09:37:48","modified_gmt":"2018-01-13T09:37:48","slug":"tabouret-retro-rembourre","status":"publish","type":"product","link":"https:\/\/solucionescontract.com\/fr\/producto\/tabouret-retro-rembourre\/","title":{"rendered":"TABOURET R\u00c9TRO REMBOURR\u00c9"},"content":{"rendered":"<p><\/script><\/p>\n","protected":false},"excerpt":{"rendered":"<ul>\n<li><strong>Tabouret retro rembourr\u00e9<\/strong> avec assise confortable en simili-cuir avec assise et dossier rembourr\u00e9s.<\/li>\n<li>Structure en acier avec repose-pieds<\/li>\n<li>Mesure 46x50xh73\/96cm. Hauteur du si\u00e8ge 73cm.<\/li>\n<li>Convient pour les h\u00f4tels, les caf\u00e9s et tout espace qui doit \u00eatre diff\u00e9renci\u00e9.<\/li>\n<li>Couleurs disponibles : marron, bleu et vert<\/li>\n<\/ul>\n<p><em>(commande minimum de 2 unit\u00e9s)<\/em><\/p>\n","protected":false},"featured_media":14006,"comment_status":"open","ping_status":"closed","template":"","meta":[],"product_brand":[],"product_cat":[539],"product_tag":[655,651,812,689],"class_list":{"0":"post-22290","1":"product","2":"type-product","3":"status-publish","4":"has-post-thumbnail","6":"product_cat-tabourets-design","7":"product_tag-interior-fr","8":"product_tag-industrial-fr","9":"product_tag-retro-fr","10":"product_tag-asientos-tapizados-fr","11":"product_shipping_class-gratuit","12":"yith_product_brand-francisco-segarra-fr","14":"first","15":"instock","16":"taxable","17":"shipping-taxable","18":"purchasable","19":"product-type-variable"},"yoast_head":"<!-- This site is optimized with the Yoast SEO plugin v27.3 - https:\/\/yoast.com\/product\/yoast-seo-wordpress\/ -->\n<title>TABOURET R\u00c9TRO REMBOURR\u00c9 - Muebles de dise\u00f1o en Soluciones Contract<\/title>\n<meta name=\"description\" content=\"Compra TABOURET R\u00c9TRO REMBOURR\u00c9 online en nuestra tienda de muebles Contract. Encuentra el mejor MOBILIARIO DE DISE\u00d1O para Hotel, Hogar y uso comercial. Descubre las mejores marcas en nuestro cat\u00e1logo.\" \/>\n<meta name=\"robots\" content=\"index, follow, max-snippet:-1, max-image-preview:large, max-video-preview:-1\" \/>\n<link rel=\"canonical\" href=\"https:\/\/solucionescontract.com\/fr\/producto\/tabouret-retro-rembourre\/\" \/>\n<meta property=\"og:locale\" content=\"fr_FR\" \/>\n<meta property=\"og:type\" content=\"article\" \/>\n<meta property=\"og:title\" content=\"TABOURET R\u00c9TRO REMBOURR\u00c9 - Muebles de dise\u00f1o en Soluciones Contract\" \/>\n<meta property=\"og:description\" content=\"Compra TABOURET R\u00c9TRO REMBOURR\u00c9 online en nuestra tienda de muebles Contract. Encuentra el mejor MOBILIARIO DE DISE\u00d1O para Hotel, Hogar y uso comercial. Descubre las mejores marcas en nuestro cat\u00e1logo.\" \/>\n<meta property=\"og:url\" content=\"https:\/\/solucionescontract.com\/fr\/producto\/tabouret-retro-rembourre\/\" \/>\n<meta property=\"og:site_name\" content=\"Soluciones Contract\" \/>\n<meta property=\"article:publisher\" content=\"https:\/\/www.facebook.com\/solucionescontract\/\" \/>\n<meta property=\"og:image\" content=\"https:\/\/solucionescontract.com\/wp-content\/uploads\/2018\/01\/Taburete-retro-tapizado-AZUL.jpg\" \/>\n\t<meta property=\"og:image:width\" content=\"1303\" \/>\n\t<meta property=\"og:image:height\" content=\"1303\" \/>\n\t<meta property=\"og:image:type\" content=\"image\/jpeg\" \/>\n<meta name=\"twitter:card\" content=\"summary_large_image\" \/>\n<script type=\"application\/ld+json\" class=\"yoast-schema-graph\">{\"@context\":\"https:\\\/\\\/schema.org\",\"@graph\":[{\"@type\":\"WebPage\",\"@id\":\"https:\\\/\\\/solucionescontract.com\\\/fr\\\/producto\\\/tabouret-retro-rembourre\\\/\",\"url\":\"https:\\\/\\\/solucionescontract.com\\\/fr\\\/producto\\\/tabouret-retro-rembourre\\\/\",\"name\":\"TABOURET R\u00c9TRO REMBOURR\u00c9 - Muebles de dise\u00f1o en Soluciones Contract\",\"isPartOf\":{\"@id\":\"https:\\\/\\\/solucionescontract.com\\\/#website\"},\"primaryImageOfPage\":{\"@id\":\"https:\\\/\\\/solucionescontract.com\\\/fr\\\/producto\\\/tabouret-retro-rembourre\\\/#primaryimage\"},\"image\":{\"@id\":\"https:\\\/\\\/solucionescontract.com\\\/fr\\\/producto\\\/tabouret-retro-rembourre\\\/#primaryimage\"},\"thumbnailUrl\":\"https:\\\/\\\/solucionescontract.com\\\/wp-content\\\/uploads\\\/2018\\\/01\\\/Taburete-retro-tapizado-AZUL.jpg\",\"datePublished\":\"2018-01-13T09:37:48+00:00\",\"description\":\"Compra TABOURET R\u00c9TRO REMBOURR\u00c9 online en nuestra tienda de muebles Contract. Encuentra el mejor MOBILIARIO DE DISE\u00d1O para Hotel, Hogar y uso comercial. Descubre las mejores marcas en nuestro cat\u00e1logo.\",\"breadcrumb\":{\"@id\":\"https:\\\/\\\/solucionescontract.com\\\/fr\\\/producto\\\/tabouret-retro-rembourre\\\/#breadcrumb\"},\"inLanguage\":\"fr-FR\",\"potentialAction\":[{\"@type\":\"ReadAction\",\"target\":[\"https:\\\/\\\/solucionescontract.com\\\/fr\\\/producto\\\/tabouret-retro-rembourre\\\/\"]}]},{\"@type\":\"ImageObject\",\"inLanguage\":\"fr-FR\",\"@id\":\"https:\\\/\\\/solucionescontract.com\\\/fr\\\/producto\\\/tabouret-retro-rembourre\\\/#primaryimage\",\"url\":\"https:\\\/\\\/solucionescontract.com\\\/wp-content\\\/uploads\\\/2018\\\/01\\\/Taburete-retro-tapizado-AZUL.jpg\",\"contentUrl\":\"https:\\\/\\\/solucionescontract.com\\\/wp-content\\\/uploads\\\/2018\\\/01\\\/Taburete-retro-tapizado-AZUL.jpg\",\"width\":1303,\"height\":1303},{\"@type\":\"BreadcrumbList\",\"@id\":\"https:\\\/\\\/solucionescontract.com\\\/fr\\\/producto\\\/tabouret-retro-rembourre\\\/#breadcrumb\",\"itemListElement\":[{\"@type\":\"ListItem\",\"position\":1,\"name\":\"Inicio\",\"item\":\"https:\\\/\\\/solucionescontract.com\\\/\"},{\"@type\":\"ListItem\",\"position\":2,\"name\":\"Tienda mobiliario contract\",\"item\":\"https:\\\/\\\/solucionescontract.com\\\/tienda-mobiliario-contract\\\/\"},{\"@type\":\"ListItem\",\"position\":3,\"name\":\"Si\u00e8ges contractuels\",\"item\":\"https:\\\/\\\/solucionescontract.com\\\/fr\\\/categoria-producto\\\/sieges-contractuels\\\/\"},{\"@type\":\"ListItem\",\"position\":4,\"name\":\"Tabourets design\",\"item\":\"https:\\\/\\\/solucionescontract.com\\\/fr\\\/categoria-producto\\\/sieges-contractuels\\\/tabourets-design\\\/\"},{\"@type\":\"ListItem\",\"position\":5,\"name\":\"TABOURET R\u00c9TRO REMBOURR\u00c9\"}]},{\"@type\":\"WebSite\",\"@id\":\"https:\\\/\\\/solucionescontract.com\\\/#website\",\"url\":\"https:\\\/\\\/solucionescontract.com\\\/\",\"name\":\"Soluciones Contract\",\"description\":\"Venta Mobiliario contract de dise\u00f1o\",\"publisher\":{\"@id\":\"https:\\\/\\\/solucionescontract.com\\\/#organization\"},\"potentialAction\":[{\"@type\":\"SearchAction\",\"target\":{\"@type\":\"EntryPoint\",\"urlTemplate\":\"https:\\\/\\\/solucionescontract.com\\\/?s={search_term_string}\"},\"query-input\":{\"@type\":\"PropertyValueSpecification\",\"valueRequired\":true,\"valueName\":\"search_term_string\"}}],\"inLanguage\":\"fr-FR\"},{\"@type\":\"Organization\",\"@id\":\"https:\\\/\\\/solucionescontract.com\\\/#organization\",\"name\":\"Soluciones Contract\",\"url\":\"https:\\\/\\\/solucionescontract.com\\\/\",\"logo\":{\"@type\":\"ImageObject\",\"inLanguage\":\"fr-FR\",\"@id\":\"https:\\\/\\\/solucionescontract.com\\\/#\\\/schema\\\/logo\\\/image\\\/\",\"url\":\"https:\\\/\\\/solucionescontract.com\\\/wp-content\\\/uploads\\\/2020\\\/02\\\/logoSC.jpg\",\"contentUrl\":\"https:\\\/\\\/solucionescontract.com\\\/wp-content\\\/uploads\\\/2020\\\/02\\\/logoSC.jpg\",\"width\":300,\"height\":125,\"caption\":\"Soluciones Contract\"},\"image\":{\"@id\":\"https:\\\/\\\/solucionescontract.com\\\/#\\\/schema\\\/logo\\\/image\\\/\"},\"sameAs\":[\"https:\\\/\\\/www.facebook.com\\\/solucionescontract\\\/\"]}]}<\/script>\n<!-- \/ Yoast SEO plugin. -->","yoast_head_json":{"title":"TABOURET R\u00c9TRO REMBOURR\u00c9 - Muebles de dise\u00f1o en Soluciones Contract","description":"Compra TABOURET R\u00c9TRO REMBOURR\u00c9 online en nuestra tienda de muebles Contract. Encuentra el mejor MOBILIARIO DE DISE\u00d1O para Hotel, Hogar y uso comercial. Descubre las mejores marcas en nuestro cat\u00e1logo.","robots":{"index":"index","follow":"follow","max-snippet":"max-snippet:-1","max-image-preview":"max-image-preview:large","max-video-preview":"max-video-preview:-1"},"canonical":"https:\/\/solucionescontract.com\/fr\/producto\/tabouret-retro-rembourre\/","og_locale":"fr_FR","og_type":"article","og_title":"TABOURET R\u00c9TRO REMBOURR\u00c9 - Muebles de dise\u00f1o en Soluciones Contract","og_description":"Compra TABOURET R\u00c9TRO REMBOURR\u00c9 online en nuestra tienda de muebles Contract. Encuentra el mejor MOBILIARIO DE DISE\u00d1O para Hotel, Hogar y uso comercial. Descubre las mejores marcas en nuestro cat\u00e1logo.","og_url":"https:\/\/solucionescontract.com\/fr\/producto\/tabouret-retro-rembourre\/","og_site_name":"Soluciones Contract","article_publisher":"https:\/\/www.facebook.com\/solucionescontract\/","og_image":[{"width":1303,"height":1303,"url":"https:\/\/solucionescontract.com\/wp-content\/uploads\/2018\/01\/Taburete-retro-tapizado-AZUL.jpg","type":"image\/jpeg"}],"twitter_card":"summary_large_image","schema":{"@context":"https:\/\/schema.org","@graph":[{"@type":"WebPage","@id":"https:\/\/solucionescontract.com\/fr\/producto\/tabouret-retro-rembourre\/","url":"https:\/\/solucionescontract.com\/fr\/producto\/tabouret-retro-rembourre\/","name":"TABOURET R\u00c9TRO REMBOURR\u00c9 - Muebles de dise\u00f1o en Soluciones Contract","isPartOf":{"@id":"https:\/\/solucionescontract.com\/#website"},"primaryImageOfPage":{"@id":"https:\/\/solucionescontract.com\/fr\/producto\/tabouret-retro-rembourre\/#primaryimage"},"image":{"@id":"https:\/\/solucionescontract.com\/fr\/producto\/tabouret-retro-rembourre\/#primaryimage"},"thumbnailUrl":"https:\/\/solucionescontract.com\/wp-content\/uploads\/2018\/01\/Taburete-retro-tapizado-AZUL.jpg","datePublished":"2018-01-13T09:37:48+00:00","description":"Compra TABOURET R\u00c9TRO REMBOURR\u00c9 online en nuestra tienda de muebles Contract. Encuentra el mejor MOBILIARIO DE DISE\u00d1O para Hotel, Hogar y uso comercial. Descubre las mejores marcas en nuestro cat\u00e1logo.","breadcrumb":{"@id":"https:\/\/solucionescontract.com\/fr\/producto\/tabouret-retro-rembourre\/#breadcrumb"},"inLanguage":"fr-FR","potentialAction":[{"@type":"ReadAction","target":["https:\/\/solucionescontract.com\/fr\/producto\/tabouret-retro-rembourre\/"]}]},{"@type":"ImageObject","inLanguage":"fr-FR","@id":"https:\/\/solucionescontract.com\/fr\/producto\/tabouret-retro-rembourre\/#primaryimage","url":"https:\/\/solucionescontract.com\/wp-content\/uploads\/2018\/01\/Taburete-retro-tapizado-AZUL.jpg","contentUrl":"https:\/\/solucionescontract.com\/wp-content\/uploads\/2018\/01\/Taburete-retro-tapizado-AZUL.jpg","width":1303,"height":1303},{"@type":"BreadcrumbList","@id":"https:\/\/solucionescontract.com\/fr\/producto\/tabouret-retro-rembourre\/#breadcrumb","itemListElement":[{"@type":"ListItem","position":1,"name":"Inicio","item":"https:\/\/solucionescontract.com\/"},{"@type":"ListItem","position":2,"name":"Tienda mobiliario contract","item":"https:\/\/solucionescontract.com\/tienda-mobiliario-contract\/"},{"@type":"ListItem","position":3,"name":"Si\u00e8ges contractuels","item":"https:\/\/solucionescontract.com\/fr\/categoria-producto\/sieges-contractuels\/"},{"@type":"ListItem","position":4,"name":"Tabourets design","item":"https:\/\/solucionescontract.com\/fr\/categoria-producto\/sieges-contractuels\/tabourets-design\/"},{"@type":"ListItem","position":5,"name":"TABOURET R\u00c9TRO REMBOURR\u00c9"}]},{"@type":"WebSite","@id":"https:\/\/solucionescontract.com\/#website","url":"https:\/\/solucionescontract.com\/","name":"Soluciones Contract","description":"Venta Mobiliario contract de dise\u00f1o","publisher":{"@id":"https:\/\/solucionescontract.com\/#organization"},"potentialAction":[{"@type":"SearchAction","target":{"@type":"EntryPoint","urlTemplate":"https:\/\/solucionescontract.com\/?s={search_term_string}"},"query-input":{"@type":"PropertyValueSpecification","valueRequired":true,"valueName":"search_term_string"}}],"inLanguage":"fr-FR"},{"@type":"Organization","@id":"https:\/\/solucionescontract.com\/#organization","name":"Soluciones Contract","url":"https:\/\/solucionescontract.com\/","logo":{"@type":"ImageObject","inLanguage":"fr-FR","@id":"https:\/\/solucionescontract.com\/#\/schema\/logo\/image\/","url":"https:\/\/solucionescontract.com\/wp-content\/uploads\/2020\/02\/logoSC.jpg","contentUrl":"https:\/\/solucionescontract.com\/wp-content\/uploads\/2020\/02\/logoSC.jpg","width":300,"height":125,"caption":"Soluciones Contract"},"image":{"@id":"https:\/\/solucionescontract.com\/#\/schema\/logo\/image\/"},"sameAs":["https:\/\/www.facebook.com\/solucionescontract\/"]}]}},"_links":{"self":[{"href":"https:\/\/solucionescontract.com\/fr\/wp-json\/wp\/v2\/product\/22290","targetHints":{"allow":["GET"]}}],"collection":[{"href":"https:\/\/solucionescontract.com\/fr\/wp-json\/wp\/v2\/product"}],"about":[{"href":"https:\/\/solucionescontract.com\/fr\/wp-json\/wp\/v2\/types\/product"}],"replies":[{"embeddable":true,"href":"https:\/\/solucionescontract.com\/fr\/wp-json\/wp\/v2\/comments?post=22290"}],"wp:featuredmedia":[{"embeddable":true,"href":"https:\/\/solucionescontract.com\/fr\/wp-json\/wp\/v2\/media\/14006"}],"wp:attachment":[{"href":"https:\/\/solucionescontract.com\/fr\/wp-json\/wp\/v2\/media?parent=22290"}],"wp:term":[{"taxonomy":"product_brand","embeddable":true,"href":"https:\/\/solucionescontract.com\/fr\/wp-json\/wp\/v2\/product_brand?post=22290"},{"taxonomy":"product_cat","embeddable":true,"href":"https:\/\/solucionescontract.com\/fr\/wp-json\/wp\/v2\/product_cat?post=22290"},{"taxonomy":"product_tag","embeddable":true,"href":"https:\/\/solucionescontract.com\/fr\/wp-json\/wp\/v2\/product_tag?post=22290"}],"curies":[{"name":"wp","href":"https:\/\/api.w.org\/{rel}","templated":true}]}}