{"id":22249,"date":"2018-01-10T12:06:20","date_gmt":"2018-01-10T12:06:20","guid":{"rendered":"https:\/\/www.solucionescontract.com\/producto\/canape-lit-moderne-911\/"},"modified":"2021-03-11T10:33:50","modified_gmt":"2021-03-11T10:33:50","slug":"canape-lit-moderne-911","status":"publish","type":"product","link":"https:\/\/solucionescontract.com\/fr\/producto\/canape-lit-moderne-911\/","title":{"rendered":"CANAP\u00c9-LIT MODERNE 911"},"content":{"rendered":"<h3>Canap\u00e9-Lit Moderne 911<\/h3>\n<p><a href=\"https:\/\/solucionescontract.com\/wp-content\/uploads\/2018\/01\/safa-cama-moderno_911-dimensiones-y-caracteristicas.jpg\"><img decoding=\"async\" class=\" wd-lazy-fade alignnone wp-image-3926\" src=\"https:\/\/solucionescontract.com\/wp-content\/themes\/woodmart\/images\/lazy.svg\" data-src=\"https:\/\/solucionescontract.com\/wp-content\/uploads\/2018\/01\/safa-cama-moderno_911-dimensiones-y-caracteristicas-300x69.jpg\" alt=\"\" width=\"450\" height=\"104\" srcset=\"\" data-srcset=\"https:\/\/solucionescontract.com\/wp-content\/uploads\/2018\/01\/safa-cama-moderno_911-dimensiones-y-caracteristicas-300x69.jpg 300w, https:\/\/solucionescontract.com\/wp-content\/uploads\/2018\/01\/safa-cama-moderno_911-dimensiones-y-caracteristicas-150x35.jpg 150w, https:\/\/solucionescontract.com\/wp-content\/uploads\/2018\/01\/safa-cama-moderno_911-dimensiones-y-caracteristicas-800x184.jpg 800w, https:\/\/solucionescontract.com\/wp-content\/uploads\/2018\/01\/safa-cama-moderno_911-dimensiones-y-caracteristicas-768x177.jpg 768w, https:\/\/solucionescontract.com\/wp-content\/uploads\/2018\/01\/safa-cama-moderno_911-dimensiones-y-caracteristicas-1024x236.jpg 1024w, https:\/\/solucionescontract.com\/wp-content\/uploads\/2018\/01\/safa-cama-moderno_911-dimensiones-y-caracteristicas-232x53.jpg 232w, https:\/\/solucionescontract.com\/wp-content\/uploads\/2018\/01\/safa-cama-moderno_911-dimensiones-y-caracteristicas.jpg 1117w\" sizes=\"(max-width: 450px) 100vw, 450px\" \/><\/a><\/script><\/p>\n","protected":false},"excerpt":{"rendered":"<ul>\n<li>Canap\u00e9-lit de style moderne avec accoudoirs transformable en lit par m\u00e9canisme de pliage syst\u00e8me italien. Recommand\u00e9 pour les h\u00f4tels, les appartements, et tous les environnements o\u00f9 vous avez besoin d&rsquo;un lit suppl\u00e9mentaire et d&rsquo;une optimisation de l&rsquo;espace.<\/li>\n<li>Structure et cadre en bois de pin de premi\u00e8re qualit\u00e9.<\/li>\n<li>Finitions ext\u00e9rieures et structure des pieds rembourr\u00e9s et 4 pieds en aluminium strud\u00e9 ou en fer chrom\u00e9.<\/li>\n<li>Si\u00e8ge en mousse haute densit\u00e9. Si\u00e8ge ergonomique.<\/li>\n<li><a href=\"\/fr\/producto\/finition-tm\/\">Finitions rembourr\u00e9es selon le livre d&rsquo;\u00e9chantillons<\/a><\/li>\n<\/ul>\n<p>*(autres tailles sur demande)<\/p>\n","protected":false},"featured_media":13988,"comment_status":"open","ping_status":"closed","template":"","meta":[],"product_brand":[],"product_cat":[635],"product_tag":[],"class_list":{"0":"post-22249","1":"product","2":"type-product","3":"status-publish","4":"has-post-thumbnail","6":"product_cat-canape-lit-dhotel","7":"product_shipping_class-gratuit","8":"yith_product_brand-tm-sillerias-fr","10":"first","11":"instock","12":"taxable","13":"shipping-taxable","14":"purchasable","15":"product-type-simple"},"yoast_head":"<!-- This site is optimized with the Yoast SEO plugin v27.3 - https:\/\/yoast.com\/product\/yoast-seo-wordpress\/ -->\n<title>Canap\u00e9-Lit Moderne | Soluciones Contract<\/title>\n<meta name=\"description\" content=\"Canap\u00e9-lit, id\u00e9al aussi bien pour un usage professionnel, chambres d&#039;h\u00f4tel, r\u00e9sidences ..., que pour un usage domestique.voir notre vente en ligne.\" \/>\n<meta name=\"robots\" content=\"index, follow, max-snippet:-1, max-image-preview:large, max-video-preview:-1\" \/>\n<link rel=\"canonical\" href=\"https:\/\/solucionescontract.com\/fr\/producto\/canape-lit-moderne-911\/\" \/>\n<meta property=\"og:locale\" content=\"fr_FR\" \/>\n<meta property=\"og:type\" content=\"article\" \/>\n<meta property=\"og:title\" content=\"Canap\u00e9-Lit Moderne | Soluciones Contract\" \/>\n<meta property=\"og:description\" content=\"Canap\u00e9-lit, id\u00e9al aussi bien pour un usage professionnel, chambres d&#039;h\u00f4tel, r\u00e9sidences ..., que pour un usage domestique.voir notre vente en ligne.\" \/>\n<meta property=\"og:url\" content=\"https:\/\/solucionescontract.com\/fr\/producto\/canape-lit-moderne-911\/\" \/>\n<meta property=\"og:site_name\" content=\"Soluciones Contract\" \/>\n<meta property=\"article:publisher\" content=\"https:\/\/www.facebook.com\/solucionescontract\/\" \/>\n<meta property=\"article:modified_time\" content=\"2021-03-11T10:33:50+00:00\" \/>\n<meta property=\"og:image\" content=\"https:\/\/solucionescontract.com\/wp-content\/uploads\/2018\/01\/safa-cama-moderno_911.jpg\" \/>\n\t<meta property=\"og:image:width\" content=\"1200\" \/>\n\t<meta property=\"og:image:height\" content=\"1200\" \/>\n\t<meta property=\"og:image:type\" content=\"image\/jpeg\" \/>\n<meta name=\"twitter:card\" content=\"summary_large_image\" \/>\n<script type=\"application\/ld+json\" class=\"yoast-schema-graph\">{\"@context\":\"https:\\\/\\\/schema.org\",\"@graph\":[{\"@type\":\"WebPage\",\"@id\":\"https:\\\/\\\/solucionescontract.com\\\/fr\\\/producto\\\/canape-lit-moderne-911\\\/\",\"url\":\"https:\\\/\\\/solucionescontract.com\\\/fr\\\/producto\\\/canape-lit-moderne-911\\\/\",\"name\":\"Canap\u00e9-Lit Moderne | Soluciones Contract\",\"isPartOf\":{\"@id\":\"https:\\\/\\\/solucionescontract.com\\\/#website\"},\"primaryImageOfPage\":{\"@id\":\"https:\\\/\\\/solucionescontract.com\\\/fr\\\/producto\\\/canape-lit-moderne-911\\\/#primaryimage\"},\"image\":{\"@id\":\"https:\\\/\\\/solucionescontract.com\\\/fr\\\/producto\\\/canape-lit-moderne-911\\\/#primaryimage\"},\"thumbnailUrl\":\"https:\\\/\\\/solucionescontract.com\\\/wp-content\\\/uploads\\\/2018\\\/01\\\/safa-cama-moderno_911.jpg\",\"datePublished\":\"2018-01-10T12:06:20+00:00\",\"dateModified\":\"2021-03-11T10:33:50+00:00\",\"description\":\"Canap\u00e9-lit, id\u00e9al aussi bien pour un usage professionnel, chambres d'h\u00f4tel, r\u00e9sidences ..., que pour un usage domestique.voir notre vente en ligne.\",\"breadcrumb\":{\"@id\":\"https:\\\/\\\/solucionescontract.com\\\/fr\\\/producto\\\/canape-lit-moderne-911\\\/#breadcrumb\"},\"inLanguage\":\"fr-FR\",\"potentialAction\":[{\"@type\":\"ReadAction\",\"target\":[\"https:\\\/\\\/solucionescontract.com\\\/fr\\\/producto\\\/canape-lit-moderne-911\\\/\"]}]},{\"@type\":\"ImageObject\",\"inLanguage\":\"fr-FR\",\"@id\":\"https:\\\/\\\/solucionescontract.com\\\/fr\\\/producto\\\/canape-lit-moderne-911\\\/#primaryimage\",\"url\":\"https:\\\/\\\/solucionescontract.com\\\/wp-content\\\/uploads\\\/2018\\\/01\\\/safa-cama-moderno_911.jpg\",\"contentUrl\":\"https:\\\/\\\/solucionescontract.com\\\/wp-content\\\/uploads\\\/2018\\\/01\\\/safa-cama-moderno_911.jpg\",\"width\":1200,\"height\":1200},{\"@type\":\"BreadcrumbList\",\"@id\":\"https:\\\/\\\/solucionescontract.com\\\/fr\\\/producto\\\/canape-lit-moderne-911\\\/#breadcrumb\",\"itemListElement\":[{\"@type\":\"ListItem\",\"position\":1,\"name\":\"Inicio\",\"item\":\"https:\\\/\\\/solucionescontract.com\\\/\"},{\"@type\":\"ListItem\",\"position\":2,\"name\":\"Tienda mobiliario contract\",\"item\":\"https:\\\/\\\/solucionescontract.com\\\/tienda-mobiliario-contract\\\/\"},{\"@type\":\"ListItem\",\"position\":3,\"name\":\"Canap\u00e9-lit d'h\u00f4tel\",\"item\":\"https:\\\/\\\/solucionescontract.com\\\/fr\\\/categoria-producto\\\/canape-lit-dhotel\\\/\"},{\"@type\":\"ListItem\",\"position\":4,\"name\":\"CANAP\u00c9-LIT MODERNE 911\"}]},{\"@type\":\"WebSite\",\"@id\":\"https:\\\/\\\/solucionescontract.com\\\/#website\",\"url\":\"https:\\\/\\\/solucionescontract.com\\\/\",\"name\":\"Soluciones Contract\",\"description\":\"Venta Mobiliario contract de dise\u00f1o\",\"publisher\":{\"@id\":\"https:\\\/\\\/solucionescontract.com\\\/#organization\"},\"potentialAction\":[{\"@type\":\"SearchAction\",\"target\":{\"@type\":\"EntryPoint\",\"urlTemplate\":\"https:\\\/\\\/solucionescontract.com\\\/?s={search_term_string}\"},\"query-input\":{\"@type\":\"PropertyValueSpecification\",\"valueRequired\":true,\"valueName\":\"search_term_string\"}}],\"inLanguage\":\"fr-FR\"},{\"@type\":\"Organization\",\"@id\":\"https:\\\/\\\/solucionescontract.com\\\/#organization\",\"name\":\"Soluciones Contract\",\"url\":\"https:\\\/\\\/solucionescontract.com\\\/\",\"logo\":{\"@type\":\"ImageObject\",\"inLanguage\":\"fr-FR\",\"@id\":\"https:\\\/\\\/solucionescontract.com\\\/#\\\/schema\\\/logo\\\/image\\\/\",\"url\":\"https:\\\/\\\/solucionescontract.com\\\/wp-content\\\/uploads\\\/2020\\\/02\\\/logoSC.jpg\",\"contentUrl\":\"https:\\\/\\\/solucionescontract.com\\\/wp-content\\\/uploads\\\/2020\\\/02\\\/logoSC.jpg\",\"width\":300,\"height\":125,\"caption\":\"Soluciones Contract\"},\"image\":{\"@id\":\"https:\\\/\\\/solucionescontract.com\\\/#\\\/schema\\\/logo\\\/image\\\/\"},\"sameAs\":[\"https:\\\/\\\/www.facebook.com\\\/solucionescontract\\\/\"]}]}<\/script>\n<!-- \/ Yoast SEO plugin. -->","yoast_head_json":{"title":"Canap\u00e9-Lit Moderne | Soluciones Contract","description":"Canap\u00e9-lit, id\u00e9al aussi bien pour un usage professionnel, chambres d'h\u00f4tel, r\u00e9sidences ..., que pour un usage domestique.voir notre vente en ligne.","robots":{"index":"index","follow":"follow","max-snippet":"max-snippet:-1","max-image-preview":"max-image-preview:large","max-video-preview":"max-video-preview:-1"},"canonical":"https:\/\/solucionescontract.com\/fr\/producto\/canape-lit-moderne-911\/","og_locale":"fr_FR","og_type":"article","og_title":"Canap\u00e9-Lit Moderne | Soluciones Contract","og_description":"Canap\u00e9-lit, id\u00e9al aussi bien pour un usage professionnel, chambres d'h\u00f4tel, r\u00e9sidences ..., que pour un usage domestique.voir notre vente en ligne.","og_url":"https:\/\/solucionescontract.com\/fr\/producto\/canape-lit-moderne-911\/","og_site_name":"Soluciones Contract","article_publisher":"https:\/\/www.facebook.com\/solucionescontract\/","article_modified_time":"2021-03-11T10:33:50+00:00","og_image":[{"width":1200,"height":1200,"url":"https:\/\/solucionescontract.com\/wp-content\/uploads\/2018\/01\/safa-cama-moderno_911.jpg","type":"image\/jpeg"}],"twitter_card":"summary_large_image","schema":{"@context":"https:\/\/schema.org","@graph":[{"@type":"WebPage","@id":"https:\/\/solucionescontract.com\/fr\/producto\/canape-lit-moderne-911\/","url":"https:\/\/solucionescontract.com\/fr\/producto\/canape-lit-moderne-911\/","name":"Canap\u00e9-Lit Moderne | Soluciones Contract","isPartOf":{"@id":"https:\/\/solucionescontract.com\/#website"},"primaryImageOfPage":{"@id":"https:\/\/solucionescontract.com\/fr\/producto\/canape-lit-moderne-911\/#primaryimage"},"image":{"@id":"https:\/\/solucionescontract.com\/fr\/producto\/canape-lit-moderne-911\/#primaryimage"},"thumbnailUrl":"https:\/\/solucionescontract.com\/wp-content\/uploads\/2018\/01\/safa-cama-moderno_911.jpg","datePublished":"2018-01-10T12:06:20+00:00","dateModified":"2021-03-11T10:33:50+00:00","description":"Canap\u00e9-lit, id\u00e9al aussi bien pour un usage professionnel, chambres d'h\u00f4tel, r\u00e9sidences ..., que pour un usage domestique.voir notre vente en ligne.","breadcrumb":{"@id":"https:\/\/solucionescontract.com\/fr\/producto\/canape-lit-moderne-911\/#breadcrumb"},"inLanguage":"fr-FR","potentialAction":[{"@type":"ReadAction","target":["https:\/\/solucionescontract.com\/fr\/producto\/canape-lit-moderne-911\/"]}]},{"@type":"ImageObject","inLanguage":"fr-FR","@id":"https:\/\/solucionescontract.com\/fr\/producto\/canape-lit-moderne-911\/#primaryimage","url":"https:\/\/solucionescontract.com\/wp-content\/uploads\/2018\/01\/safa-cama-moderno_911.jpg","contentUrl":"https:\/\/solucionescontract.com\/wp-content\/uploads\/2018\/01\/safa-cama-moderno_911.jpg","width":1200,"height":1200},{"@type":"BreadcrumbList","@id":"https:\/\/solucionescontract.com\/fr\/producto\/canape-lit-moderne-911\/#breadcrumb","itemListElement":[{"@type":"ListItem","position":1,"name":"Inicio","item":"https:\/\/solucionescontract.com\/"},{"@type":"ListItem","position":2,"name":"Tienda mobiliario contract","item":"https:\/\/solucionescontract.com\/tienda-mobiliario-contract\/"},{"@type":"ListItem","position":3,"name":"Canap\u00e9-lit d'h\u00f4tel","item":"https:\/\/solucionescontract.com\/fr\/categoria-producto\/canape-lit-dhotel\/"},{"@type":"ListItem","position":4,"name":"CANAP\u00c9-LIT MODERNE 911"}]},{"@type":"WebSite","@id":"https:\/\/solucionescontract.com\/#website","url":"https:\/\/solucionescontract.com\/","name":"Soluciones Contract","description":"Venta Mobiliario contract de dise\u00f1o","publisher":{"@id":"https:\/\/solucionescontract.com\/#organization"},"potentialAction":[{"@type":"SearchAction","target":{"@type":"EntryPoint","urlTemplate":"https:\/\/solucionescontract.com\/?s={search_term_string}"},"query-input":{"@type":"PropertyValueSpecification","valueRequired":true,"valueName":"search_term_string"}}],"inLanguage":"fr-FR"},{"@type":"Organization","@id":"https:\/\/solucionescontract.com\/#organization","name":"Soluciones Contract","url":"https:\/\/solucionescontract.com\/","logo":{"@type":"ImageObject","inLanguage":"fr-FR","@id":"https:\/\/solucionescontract.com\/#\/schema\/logo\/image\/","url":"https:\/\/solucionescontract.com\/wp-content\/uploads\/2020\/02\/logoSC.jpg","contentUrl":"https:\/\/solucionescontract.com\/wp-content\/uploads\/2020\/02\/logoSC.jpg","width":300,"height":125,"caption":"Soluciones Contract"},"image":{"@id":"https:\/\/solucionescontract.com\/#\/schema\/logo\/image\/"},"sameAs":["https:\/\/www.facebook.com\/solucionescontract\/"]}]}},"_links":{"self":[{"href":"https:\/\/solucionescontract.com\/fr\/wp-json\/wp\/v2\/product\/22249","targetHints":{"allow":["GET"]}}],"collection":[{"href":"https:\/\/solucionescontract.com\/fr\/wp-json\/wp\/v2\/product"}],"about":[{"href":"https:\/\/solucionescontract.com\/fr\/wp-json\/wp\/v2\/types\/product"}],"replies":[{"embeddable":true,"href":"https:\/\/solucionescontract.com\/fr\/wp-json\/wp\/v2\/comments?post=22249"}],"wp:featuredmedia":[{"embeddable":true,"href":"https:\/\/solucionescontract.com\/fr\/wp-json\/wp\/v2\/media\/13988"}],"wp:attachment":[{"href":"https:\/\/solucionescontract.com\/fr\/wp-json\/wp\/v2\/media?parent=22249"}],"wp:term":[{"taxonomy":"product_brand","embeddable":true,"href":"https:\/\/solucionescontract.com\/fr\/wp-json\/wp\/v2\/product_brand?post=22249"},{"taxonomy":"product_cat","embeddable":true,"href":"https:\/\/solucionescontract.com\/fr\/wp-json\/wp\/v2\/product_cat?post=22249"},{"taxonomy":"product_tag","embeddable":true,"href":"https:\/\/solucionescontract.com\/fr\/wp-json\/wp\/v2\/product_tag?post=22249"}],"curies":[{"name":"wp","href":"https:\/\/api.w.org\/{rel}","templated":true}]}}