{"id":22247,"date":"2018-01-10T11:44:06","date_gmt":"2018-01-10T11:44:06","guid":{"rendered":"https:\/\/www.solucionescontract.com\/producto\/canape-lit-design-912\/"},"modified":"2021-03-11T10:33:20","modified_gmt":"2021-03-11T10:33:20","slug":"canape-lit-design-912","status":"publish","type":"product","link":"https:\/\/solucionescontract.com\/fr\/producto\/canape-lit-design-912\/","title":{"rendered":"CANAP\u00c9-LIT DESIGN 912"},"content":{"rendered":"<h3>CANAP\u00c9 LIT DESIGN 912<\/h3>\n<p><a href=\"https:\/\/solucionescontract.com\/wp-content\/uploads\/2018\/01\/sofa-cama-912-dimensiones-y-caracteristicas.jpg\"><img decoding=\"async\" class=\" wd-lazy-fade alignnone wp-image-3920\" src=\"https:\/\/solucionescontract.com\/wp-content\/themes\/woodmart\/images\/lazy.svg\" data-src=\"https:\/\/solucionescontract.com\/wp-content\/uploads\/2018\/01\/sofa-cama-912-dimensiones-y-caracteristicas-300x56.jpg\" alt=\"\" width=\"450\" height=\"84\" srcset=\"\" data-srcset=\"https:\/\/solucionescontract.com\/wp-content\/uploads\/2018\/01\/sofa-cama-912-dimensiones-y-caracteristicas-300x56.jpg 300w, https:\/\/solucionescontract.com\/wp-content\/uploads\/2018\/01\/sofa-cama-912-dimensiones-y-caracteristicas-150x28.jpg 150w, https:\/\/solucionescontract.com\/wp-content\/uploads\/2018\/01\/sofa-cama-912-dimensiones-y-caracteristicas-800x148.jpg 800w, https:\/\/solucionescontract.com\/wp-content\/uploads\/2018\/01\/sofa-cama-912-dimensiones-y-caracteristicas-768x143.jpg 768w, https:\/\/solucionescontract.com\/wp-content\/uploads\/2018\/01\/sofa-cama-912-dimensiones-y-caracteristicas-232x43.jpg 232w, https:\/\/solucionescontract.com\/wp-content\/uploads\/2018\/01\/sofa-cama-912-dimensiones-y-caracteristicas.jpg 900w\" sizes=\"(max-width: 450px) 100vw, 450px\" \/><\/a><\/script><\/p>\n","protected":false},"excerpt":{"rendered":"<ul>\n<li>Canap\u00e9 moderne rembourr\u00e9 avec accoudoirs convertible en lit par m\u00e9canisme de pliage syst\u00e8me italien, id\u00e9al pour les chambres d&rsquo;h\u00f4tel pour sa polyvalence, sa solidit\u00e9 et son confort. Son esth\u00e9tique conseille une utilisation et un placement dans des zones de passage, communes, de repos et nobles.<\/li>\n<li>Structure et cadre en bois de pin de 1\u00e8re qualit\u00e9.<\/li>\n<li>Si\u00e8ge en caoutchouc mousse haute densit\u00e9.<\/li>\n<li>Finitions rembourr\u00e9es selon le livre d&rsquo;\u00e9chantillons<\/li>\n<\/ul>\n<p>*(autres tailles sur demande)<\/p>\n","protected":false},"featured_media":13986,"comment_status":"open","ping_status":"closed","template":"","meta":[],"product_brand":[],"product_cat":[635,635],"product_tag":[],"class_list":{"0":"post-22247","1":"product","2":"type-product","3":"status-publish","4":"has-post-thumbnail","6":"product_cat-canape-lit-dhotel","8":"product_shipping_class-gratuit","10":"yith_product_brand-tm-sillerias-fr","13":"first","14":"instock","15":"taxable","16":"shipping-taxable","17":"purchasable","18":"product-type-simple"},"yoast_head":"<!-- This site is optimized with the Yoast SEO plugin v27.3 - https:\/\/yoast.com\/product\/yoast-seo-wordpress\/ -->\n<title>CANAP\u00c9 LIT de design. Meubles professionnels Contract<\/title>\n<meta name=\"description\" content=\"Canap\u00e9-lit, id\u00e9al aussi bien pour un usage professionnel, chambres d&#039;h\u00f4tel, r\u00e9sidences ..., que pour un usage domestique.voir notre vente en ligne.\" \/>\n<meta name=\"robots\" content=\"index, follow, max-snippet:-1, max-image-preview:large, max-video-preview:-1\" \/>\n<link rel=\"canonical\" href=\"https:\/\/solucionescontract.com\/producto\/sofa-cama-diseno\/\" \/>\n<meta property=\"og:locale\" content=\"fr_FR\" \/>\n<meta property=\"og:type\" content=\"article\" \/>\n<meta property=\"og:title\" content=\"CANAP\u00c9 LIT de design. Meubles professionnels Contract\" \/>\n<meta property=\"og:description\" content=\"Canap\u00e9-lit, id\u00e9al aussi bien pour un usage professionnel, chambres d&#039;h\u00f4tel, r\u00e9sidences ..., que pour un usage domestique.voir notre vente en ligne.\" \/>\n<meta property=\"og:url\" content=\"https:\/\/solucionescontract.com\/producto\/sofa-cama-diseno\/\" \/>\n<meta property=\"og:site_name\" content=\"Soluciones Contract\" \/>\n<meta property=\"article:publisher\" content=\"https:\/\/www.facebook.com\/solucionescontract\/\" \/>\n<meta property=\"article:modified_time\" content=\"2021-03-11T10:33:20+00:00\" \/>\n<meta property=\"og:image\" content=\"https:\/\/solucionescontract.com\/wp-content\/uploads\/2018\/01\/sofa-cama-dise\u00f1o-912.jpg\" \/>\n\t<meta property=\"og:image:width\" content=\"1200\" \/>\n\t<meta property=\"og:image:height\" content=\"1200\" \/>\n\t<meta property=\"og:image:type\" content=\"image\/jpeg\" \/>\n<meta name=\"twitter:card\" content=\"summary_large_image\" \/>\n<script type=\"application\/ld+json\" class=\"yoast-schema-graph\">{\"@context\":\"https:\\\/\\\/schema.org\",\"@graph\":[{\"@type\":\"WebPage\",\"@id\":\"https:\\\/\\\/solucionescontract.com\\\/producto\\\/sofa-cama-diseno\\\/\",\"url\":\"https:\\\/\\\/solucionescontract.com\\\/producto\\\/sofa-cama-diseno\\\/\",\"name\":\"CANAP\u00c9 LIT de design. Meubles professionnels Contract\",\"isPartOf\":{\"@id\":\"https:\\\/\\\/solucionescontract.com\\\/#website\"},\"primaryImageOfPage\":{\"@id\":\"https:\\\/\\\/solucionescontract.com\\\/producto\\\/sofa-cama-diseno\\\/#primaryimage\"},\"image\":{\"@id\":\"https:\\\/\\\/solucionescontract.com\\\/producto\\\/sofa-cama-diseno\\\/#primaryimage\"},\"thumbnailUrl\":\"https:\\\/\\\/solucionescontract.com\\\/wp-content\\\/uploads\\\/2018\\\/01\\\/sofa-cama-dise\u00f1o-912.jpg\",\"datePublished\":\"2018-01-10T11:44:06+00:00\",\"dateModified\":\"2021-03-11T10:33:20+00:00\",\"description\":\"Canap\u00e9-lit, id\u00e9al aussi bien pour un usage professionnel, chambres d'h\u00f4tel, r\u00e9sidences ..., que pour un usage domestique.voir notre vente en ligne.\",\"breadcrumb\":{\"@id\":\"https:\\\/\\\/solucionescontract.com\\\/producto\\\/sofa-cama-diseno\\\/#breadcrumb\"},\"inLanguage\":\"fr-FR\",\"potentialAction\":[{\"@type\":\"ReadAction\",\"target\":[\"https:\\\/\\\/solucionescontract.com\\\/producto\\\/sofa-cama-diseno\\\/\"]}]},{\"@type\":\"ImageObject\",\"inLanguage\":\"fr-FR\",\"@id\":\"https:\\\/\\\/solucionescontract.com\\\/producto\\\/sofa-cama-diseno\\\/#primaryimage\",\"url\":\"https:\\\/\\\/solucionescontract.com\\\/wp-content\\\/uploads\\\/2018\\\/01\\\/sofa-cama-dise\u00f1o-912.jpg\",\"contentUrl\":\"https:\\\/\\\/solucionescontract.com\\\/wp-content\\\/uploads\\\/2018\\\/01\\\/sofa-cama-dise\u00f1o-912.jpg\",\"width\":1200,\"height\":1200},{\"@type\":\"BreadcrumbList\",\"@id\":\"https:\\\/\\\/solucionescontract.com\\\/producto\\\/sofa-cama-diseno\\\/#breadcrumb\",\"itemListElement\":[{\"@type\":\"ListItem\",\"position\":1,\"name\":\"Inicio\",\"item\":\"https:\\\/\\\/solucionescontract.com\\\/\"},{\"@type\":\"ListItem\",\"position\":2,\"name\":\"Tienda mobiliario contract\",\"item\":\"https:\\\/\\\/solucionescontract.com\\\/tienda-mobiliario-contract\\\/\"},{\"@type\":\"ListItem\",\"position\":3,\"name\":\"Mobiliario para Descanso\",\"item\":\"https:\\\/\\\/solucionescontract.com\\\/categoria-producto\\\/mobiliario-para-descanso\\\/\"},{\"@type\":\"ListItem\",\"position\":4,\"name\":\"Sof\u00e1 cama para hotel\",\"item\":\"https:\\\/\\\/solucionescontract.com\\\/categoria-producto\\\/mobiliario-para-descanso\\\/sofa-cama-para-hotel\\\/\"},{\"@type\":\"ListItem\",\"position\":5,\"name\":\"CANAP\u00c9-LIT DESIGN 912\"}]},{\"@type\":\"WebSite\",\"@id\":\"https:\\\/\\\/solucionescontract.com\\\/#website\",\"url\":\"https:\\\/\\\/solucionescontract.com\\\/\",\"name\":\"Soluciones Contract\",\"description\":\"Venta Mobiliario contract de dise\u00f1o\",\"publisher\":{\"@id\":\"https:\\\/\\\/solucionescontract.com\\\/#organization\"},\"potentialAction\":[{\"@type\":\"SearchAction\",\"target\":{\"@type\":\"EntryPoint\",\"urlTemplate\":\"https:\\\/\\\/solucionescontract.com\\\/?s={search_term_string}\"},\"query-input\":{\"@type\":\"PropertyValueSpecification\",\"valueRequired\":true,\"valueName\":\"search_term_string\"}}],\"inLanguage\":\"fr-FR\"},{\"@type\":\"Organization\",\"@id\":\"https:\\\/\\\/solucionescontract.com\\\/#organization\",\"name\":\"Soluciones Contract\",\"url\":\"https:\\\/\\\/solucionescontract.com\\\/\",\"logo\":{\"@type\":\"ImageObject\",\"inLanguage\":\"fr-FR\",\"@id\":\"https:\\\/\\\/solucionescontract.com\\\/#\\\/schema\\\/logo\\\/image\\\/\",\"url\":\"https:\\\/\\\/solucionescontract.com\\\/wp-content\\\/uploads\\\/2020\\\/02\\\/logoSC.jpg\",\"contentUrl\":\"https:\\\/\\\/solucionescontract.com\\\/wp-content\\\/uploads\\\/2020\\\/02\\\/logoSC.jpg\",\"width\":300,\"height\":125,\"caption\":\"Soluciones Contract\"},\"image\":{\"@id\":\"https:\\\/\\\/solucionescontract.com\\\/#\\\/schema\\\/logo\\\/image\\\/\"},\"sameAs\":[\"https:\\\/\\\/www.facebook.com\\\/solucionescontract\\\/\"]}]}<\/script>\n<!-- \/ Yoast SEO plugin. -->","yoast_head_json":{"title":"CANAP\u00c9 LIT de design. Meubles professionnels Contract","description":"Canap\u00e9-lit, id\u00e9al aussi bien pour un usage professionnel, chambres d'h\u00f4tel, r\u00e9sidences ..., que pour un usage domestique.voir notre vente en ligne.","robots":{"index":"index","follow":"follow","max-snippet":"max-snippet:-1","max-image-preview":"max-image-preview:large","max-video-preview":"max-video-preview:-1"},"canonical":"https:\/\/solucionescontract.com\/producto\/sofa-cama-diseno\/","og_locale":"fr_FR","og_type":"article","og_title":"CANAP\u00c9 LIT de design. Meubles professionnels Contract","og_description":"Canap\u00e9-lit, id\u00e9al aussi bien pour un usage professionnel, chambres d'h\u00f4tel, r\u00e9sidences ..., que pour un usage domestique.voir notre vente en ligne.","og_url":"https:\/\/solucionescontract.com\/producto\/sofa-cama-diseno\/","og_site_name":"Soluciones Contract","article_publisher":"https:\/\/www.facebook.com\/solucionescontract\/","article_modified_time":"2021-03-11T10:33:20+00:00","og_image":[{"width":1200,"height":1200,"url":"https:\/\/solucionescontract.com\/wp-content\/uploads\/2018\/01\/sofa-cama-dise\u00f1o-912.jpg","type":"image\/jpeg"}],"twitter_card":"summary_large_image","schema":{"@context":"https:\/\/schema.org","@graph":[{"@type":"WebPage","@id":"https:\/\/solucionescontract.com\/producto\/sofa-cama-diseno\/","url":"https:\/\/solucionescontract.com\/producto\/sofa-cama-diseno\/","name":"CANAP\u00c9 LIT de design. Meubles professionnels Contract","isPartOf":{"@id":"https:\/\/solucionescontract.com\/#website"},"primaryImageOfPage":{"@id":"https:\/\/solucionescontract.com\/producto\/sofa-cama-diseno\/#primaryimage"},"image":{"@id":"https:\/\/solucionescontract.com\/producto\/sofa-cama-diseno\/#primaryimage"},"thumbnailUrl":"https:\/\/solucionescontract.com\/wp-content\/uploads\/2018\/01\/sofa-cama-dise\u00f1o-912.jpg","datePublished":"2018-01-10T11:44:06+00:00","dateModified":"2021-03-11T10:33:20+00:00","description":"Canap\u00e9-lit, id\u00e9al aussi bien pour un usage professionnel, chambres d'h\u00f4tel, r\u00e9sidences ..., que pour un usage domestique.voir notre vente en ligne.","breadcrumb":{"@id":"https:\/\/solucionescontract.com\/producto\/sofa-cama-diseno\/#breadcrumb"},"inLanguage":"fr-FR","potentialAction":[{"@type":"ReadAction","target":["https:\/\/solucionescontract.com\/producto\/sofa-cama-diseno\/"]}]},{"@type":"ImageObject","inLanguage":"fr-FR","@id":"https:\/\/solucionescontract.com\/producto\/sofa-cama-diseno\/#primaryimage","url":"https:\/\/solucionescontract.com\/wp-content\/uploads\/2018\/01\/sofa-cama-dise\u00f1o-912.jpg","contentUrl":"https:\/\/solucionescontract.com\/wp-content\/uploads\/2018\/01\/sofa-cama-dise\u00f1o-912.jpg","width":1200,"height":1200},{"@type":"BreadcrumbList","@id":"https:\/\/solucionescontract.com\/producto\/sofa-cama-diseno\/#breadcrumb","itemListElement":[{"@type":"ListItem","position":1,"name":"Inicio","item":"https:\/\/solucionescontract.com\/"},{"@type":"ListItem","position":2,"name":"Tienda mobiliario contract","item":"https:\/\/solucionescontract.com\/tienda-mobiliario-contract\/"},{"@type":"ListItem","position":3,"name":"Mobiliario para Descanso","item":"https:\/\/solucionescontract.com\/categoria-producto\/mobiliario-para-descanso\/"},{"@type":"ListItem","position":4,"name":"Sof\u00e1 cama para hotel","item":"https:\/\/solucionescontract.com\/categoria-producto\/mobiliario-para-descanso\/sofa-cama-para-hotel\/"},{"@type":"ListItem","position":5,"name":"CANAP\u00c9-LIT DESIGN 912"}]},{"@type":"WebSite","@id":"https:\/\/solucionescontract.com\/#website","url":"https:\/\/solucionescontract.com\/","name":"Soluciones Contract","description":"Venta Mobiliario contract de dise\u00f1o","publisher":{"@id":"https:\/\/solucionescontract.com\/#organization"},"potentialAction":[{"@type":"SearchAction","target":{"@type":"EntryPoint","urlTemplate":"https:\/\/solucionescontract.com\/?s={search_term_string}"},"query-input":{"@type":"PropertyValueSpecification","valueRequired":true,"valueName":"search_term_string"}}],"inLanguage":"fr-FR"},{"@type":"Organization","@id":"https:\/\/solucionescontract.com\/#organization","name":"Soluciones Contract","url":"https:\/\/solucionescontract.com\/","logo":{"@type":"ImageObject","inLanguage":"fr-FR","@id":"https:\/\/solucionescontract.com\/#\/schema\/logo\/image\/","url":"https:\/\/solucionescontract.com\/wp-content\/uploads\/2020\/02\/logoSC.jpg","contentUrl":"https:\/\/solucionescontract.com\/wp-content\/uploads\/2020\/02\/logoSC.jpg","width":300,"height":125,"caption":"Soluciones Contract"},"image":{"@id":"https:\/\/solucionescontract.com\/#\/schema\/logo\/image\/"},"sameAs":["https:\/\/www.facebook.com\/solucionescontract\/"]}]}},"_links":{"self":[{"href":"https:\/\/solucionescontract.com\/fr\/wp-json\/wp\/v2\/product\/22247","targetHints":{"allow":["GET"]}}],"collection":[{"href":"https:\/\/solucionescontract.com\/fr\/wp-json\/wp\/v2\/product"}],"about":[{"href":"https:\/\/solucionescontract.com\/fr\/wp-json\/wp\/v2\/types\/product"}],"replies":[{"embeddable":true,"href":"https:\/\/solucionescontract.com\/fr\/wp-json\/wp\/v2\/comments?post=22247"}],"wp:featuredmedia":[{"embeddable":true,"href":"https:\/\/solucionescontract.com\/fr\/wp-json\/wp\/v2\/media\/13986"}],"wp:attachment":[{"href":"https:\/\/solucionescontract.com\/fr\/wp-json\/wp\/v2\/media?parent=22247"}],"wp:term":[{"taxonomy":"product_brand","embeddable":true,"href":"https:\/\/solucionescontract.com\/fr\/wp-json\/wp\/v2\/product_brand?post=22247"},{"taxonomy":"product_cat","embeddable":true,"href":"https:\/\/solucionescontract.com\/fr\/wp-json\/wp\/v2\/product_cat?post=22247"},{"taxonomy":"product_tag","embeddable":true,"href":"https:\/\/solucionescontract.com\/fr\/wp-json\/wp\/v2\/product_tag?post=22247"}],"curies":[{"name":"wp","href":"https:\/\/api.w.org\/{rel}","templated":true}]}}