{"id":22238,"date":"2017-12-27T00:54:08","date_gmt":"2017-12-27T00:54:08","guid":{"rendered":"https:\/\/www.solucionescontract.com\/producto\/tube-pouf\/"},"modified":"2017-12-27T00:54:08","modified_gmt":"2017-12-27T00:54:08","slug":"tube-pouf","status":"publish","type":"product","link":"https:\/\/solucionescontract.com\/fr\/producto\/tube-pouf\/","title":{"rendered":"TUBE POUF"},"content":{"rendered":"<p><a href=\"https:\/\/solucionescontract.com\/wp-content\/uploads\/2017\/12\/puff-tapizado-tipo-dimensiones-y-caracteristicas.jpg\"><img decoding=\"async\" class=\" wd-lazy-fade alignnone wp-image-3888\" src=\"https:\/\/solucionescontract.com\/wp-content\/themes\/woodmart\/images\/lazy.svg\" data-src=\"https:\/\/solucionescontract.com\/wp-content\/uploads\/2017\/12\/puff-tapizado-tipo-dimensiones-y-caracteristicas-300x98.jpg\" alt=\"\" width=\"450\" height=\"147\" srcset=\"\" data-srcset=\"https:\/\/solucionescontract.com\/wp-content\/uploads\/2017\/12\/puff-tapizado-tipo-dimensiones-y-caracteristicas-300x98.jpg 300w, https:\/\/solucionescontract.com\/wp-content\/uploads\/2017\/12\/puff-tapizado-tipo-dimensiones-y-caracteristicas-150x49.jpg 150w, https:\/\/solucionescontract.com\/wp-content\/uploads\/2017\/12\/puff-tapizado-tipo-dimensiones-y-caracteristicas-800x261.jpg 800w, https:\/\/solucionescontract.com\/wp-content\/uploads\/2017\/12\/puff-tapizado-tipo-dimensiones-y-caracteristicas-768x250.jpg 768w, https:\/\/solucionescontract.com\/wp-content\/uploads\/2017\/12\/puff-tapizado-tipo-dimensiones-y-caracteristicas-232x76.jpg 232w, https:\/\/solucionescontract.com\/wp-content\/uploads\/2017\/12\/puff-tapizado-tipo-dimensiones-y-caracteristicas-870x286.jpg 870w, https:\/\/solucionescontract.com\/wp-content\/uploads\/2017\/12\/puff-tapizado-tipo-dimensiones-y-caracteristicas.jpg 878w\" sizes=\"(max-width: 450px) 100vw, 450px\" \/><\/a><\/script><\/p>\n","protected":false},"excerpt":{"rendered":"<ul>\n<li>Tube rembourr\u00e9 en forme de pouf con\u00e7u pour fournir un si\u00e8ge occupant un espace minimal.<\/li>\n<li>Parfait pour les espaces publics, les h\u00f4tels, les salles d&rsquo;attente, les cliniques&#8230; ainsi que pour la maison<\/li>\n<li>Utilisation \u00e0 l&rsquo;int\u00e9rieur<\/li>\n<li>Diam\u00e8tres disponibles 90, 60 et 44 cm.<\/li>\n<li>Hauteur du si\u00e8ge 47cm.<\/li>\n<li>Consultez ici les <a href=\"\/fr\/producto\/finition-tm\/\">finitions et le rembourrage<\/a><\/li>\n<\/ul>\n","protected":false},"featured_media":13966,"comment_status":"open","ping_status":"closed","template":"","meta":[],"product_brand":[],"product_cat":[533],"product_tag":[689],"class_list":{"0":"post-22238","1":"product","2":"type-product","3":"status-publish","4":"has-post-thumbnail","6":"product_cat-poufs-design","7":"product_tag-asientos-tapizados-fr","8":"product_shipping_class-gratuit","9":"yith_product_brand-tm-sillerias-fr","11":"first","12":"instock","13":"taxable","14":"shipping-taxable","15":"purchasable","16":"product-type-variable"},"yoast_head":"<!-- This site is optimized with the Yoast SEO plugin v27.3 - https:\/\/yoast.com\/product\/yoast-seo-wordpress\/ -->\n<title>POUF EN TUBE REMBOURR\u00c9 - MOBILIER DESIGN<\/title>\n<meta name=\"description\" content=\"Pouf en tube rembourr\u00e9, id\u00e9al pour fournir des places assises tout en prenant un minimum de place, tant pour les espaces publics, les salles d&#039;attente ... que pour home.venta online\" \/>\n<meta name=\"robots\" content=\"index, follow, max-snippet:-1, max-image-preview:large, max-video-preview:-1\" \/>\n<link rel=\"canonical\" href=\"https:\/\/solucionescontract.com\/fr\/producto\/tube-pouf\/\" \/>\n<meta property=\"og:locale\" content=\"fr_FR\" \/>\n<meta property=\"og:type\" content=\"article\" \/>\n<meta property=\"og:title\" content=\"POUF EN TUBE REMBOURR\u00c9 - MOBILIER DESIGN\" \/>\n<meta property=\"og:description\" content=\"Pouf en tube rembourr\u00e9, id\u00e9al pour fournir des places assises tout en prenant un minimum de place, tant pour les espaces publics, les salles d&#039;attente ... que pour home.venta online\" \/>\n<meta property=\"og:url\" content=\"https:\/\/solucionescontract.com\/fr\/producto\/tube-pouf\/\" \/>\n<meta property=\"og:site_name\" content=\"Soluciones Contract\" \/>\n<meta property=\"article:publisher\" content=\"https:\/\/www.facebook.com\/solucionescontract\/\" \/>\n<meta property=\"og:image\" content=\"https:\/\/solucionescontract.com\/wp-content\/uploads\/2017\/12\/puff-tapizado-tipo-tube.jpg\" \/>\n\t<meta property=\"og:image:width\" content=\"1200\" \/>\n\t<meta property=\"og:image:height\" content=\"1200\" \/>\n\t<meta property=\"og:image:type\" content=\"image\/jpeg\" \/>\n<meta name=\"twitter:card\" content=\"summary_large_image\" \/>\n<script type=\"application\/ld+json\" class=\"yoast-schema-graph\">{\"@context\":\"https:\\\/\\\/schema.org\",\"@graph\":[{\"@type\":\"WebPage\",\"@id\":\"https:\\\/\\\/solucionescontract.com\\\/fr\\\/producto\\\/tube-pouf\\\/\",\"url\":\"https:\\\/\\\/solucionescontract.com\\\/fr\\\/producto\\\/tube-pouf\\\/\",\"name\":\"POUF EN TUBE REMBOURR\u00c9 - MOBILIER DESIGN\",\"isPartOf\":{\"@id\":\"https:\\\/\\\/solucionescontract.com\\\/#website\"},\"primaryImageOfPage\":{\"@id\":\"https:\\\/\\\/solucionescontract.com\\\/fr\\\/producto\\\/tube-pouf\\\/#primaryimage\"},\"image\":{\"@id\":\"https:\\\/\\\/solucionescontract.com\\\/fr\\\/producto\\\/tube-pouf\\\/#primaryimage\"},\"thumbnailUrl\":\"https:\\\/\\\/solucionescontract.com\\\/wp-content\\\/uploads\\\/2017\\\/12\\\/puff-tapizado-tipo-tube.jpg\",\"datePublished\":\"2017-12-27T00:54:08+00:00\",\"description\":\"Pouf en tube rembourr\u00e9, id\u00e9al pour fournir des places assises tout en prenant un minimum de place, tant pour les espaces publics, les salles d'attente ... que pour home.venta online\",\"breadcrumb\":{\"@id\":\"https:\\\/\\\/solucionescontract.com\\\/fr\\\/producto\\\/tube-pouf\\\/#breadcrumb\"},\"inLanguage\":\"fr-FR\",\"potentialAction\":[{\"@type\":\"ReadAction\",\"target\":[\"https:\\\/\\\/solucionescontract.com\\\/fr\\\/producto\\\/tube-pouf\\\/\"]}]},{\"@type\":\"ImageObject\",\"inLanguage\":\"fr-FR\",\"@id\":\"https:\\\/\\\/solucionescontract.com\\\/fr\\\/producto\\\/tube-pouf\\\/#primaryimage\",\"url\":\"https:\\\/\\\/solucionescontract.com\\\/wp-content\\\/uploads\\\/2017\\\/12\\\/puff-tapizado-tipo-tube.jpg\",\"contentUrl\":\"https:\\\/\\\/solucionescontract.com\\\/wp-content\\\/uploads\\\/2017\\\/12\\\/puff-tapizado-tipo-tube.jpg\",\"width\":1200,\"height\":1200},{\"@type\":\"BreadcrumbList\",\"@id\":\"https:\\\/\\\/solucionescontract.com\\\/fr\\\/producto\\\/tube-pouf\\\/#breadcrumb\",\"itemListElement\":[{\"@type\":\"ListItem\",\"position\":1,\"name\":\"Inicio\",\"item\":\"https:\\\/\\\/solucionescontract.com\\\/\"},{\"@type\":\"ListItem\",\"position\":2,\"name\":\"Tienda mobiliario contract\",\"item\":\"https:\\\/\\\/solucionescontract.com\\\/tienda-mobiliario-contract\\\/\"},{\"@type\":\"ListItem\",\"position\":3,\"name\":\"Si\u00e8ges contractuels\",\"item\":\"https:\\\/\\\/solucionescontract.com\\\/fr\\\/categoria-producto\\\/sieges-contractuels\\\/\"},{\"@type\":\"ListItem\",\"position\":4,\"name\":\"Poufs design\",\"item\":\"https:\\\/\\\/solucionescontract.com\\\/fr\\\/categoria-producto\\\/sieges-contractuels\\\/poufs-design\\\/\"},{\"@type\":\"ListItem\",\"position\":5,\"name\":\"TUBE POUF\"}]},{\"@type\":\"WebSite\",\"@id\":\"https:\\\/\\\/solucionescontract.com\\\/#website\",\"url\":\"https:\\\/\\\/solucionescontract.com\\\/\",\"name\":\"Soluciones Contract\",\"description\":\"Venta Mobiliario contract de dise\u00f1o\",\"publisher\":{\"@id\":\"https:\\\/\\\/solucionescontract.com\\\/#organization\"},\"potentialAction\":[{\"@type\":\"SearchAction\",\"target\":{\"@type\":\"EntryPoint\",\"urlTemplate\":\"https:\\\/\\\/solucionescontract.com\\\/?s={search_term_string}\"},\"query-input\":{\"@type\":\"PropertyValueSpecification\",\"valueRequired\":true,\"valueName\":\"search_term_string\"}}],\"inLanguage\":\"fr-FR\"},{\"@type\":\"Organization\",\"@id\":\"https:\\\/\\\/solucionescontract.com\\\/#organization\",\"name\":\"Soluciones Contract\",\"url\":\"https:\\\/\\\/solucionescontract.com\\\/\",\"logo\":{\"@type\":\"ImageObject\",\"inLanguage\":\"fr-FR\",\"@id\":\"https:\\\/\\\/solucionescontract.com\\\/#\\\/schema\\\/logo\\\/image\\\/\",\"url\":\"https:\\\/\\\/solucionescontract.com\\\/wp-content\\\/uploads\\\/2020\\\/02\\\/logoSC.jpg\",\"contentUrl\":\"https:\\\/\\\/solucionescontract.com\\\/wp-content\\\/uploads\\\/2020\\\/02\\\/logoSC.jpg\",\"width\":300,\"height\":125,\"caption\":\"Soluciones Contract\"},\"image\":{\"@id\":\"https:\\\/\\\/solucionescontract.com\\\/#\\\/schema\\\/logo\\\/image\\\/\"},\"sameAs\":[\"https:\\\/\\\/www.facebook.com\\\/solucionescontract\\\/\"]}]}<\/script>\n<!-- \/ Yoast SEO plugin. -->","yoast_head_json":{"title":"POUF EN TUBE REMBOURR\u00c9 - MOBILIER DESIGN","description":"Pouf en tube rembourr\u00e9, id\u00e9al pour fournir des places assises tout en prenant un minimum de place, tant pour les espaces publics, les salles d'attente ... que pour home.venta online","robots":{"index":"index","follow":"follow","max-snippet":"max-snippet:-1","max-image-preview":"max-image-preview:large","max-video-preview":"max-video-preview:-1"},"canonical":"https:\/\/solucionescontract.com\/fr\/producto\/tube-pouf\/","og_locale":"fr_FR","og_type":"article","og_title":"POUF EN TUBE REMBOURR\u00c9 - MOBILIER DESIGN","og_description":"Pouf en tube rembourr\u00e9, id\u00e9al pour fournir des places assises tout en prenant un minimum de place, tant pour les espaces publics, les salles d'attente ... que pour home.venta online","og_url":"https:\/\/solucionescontract.com\/fr\/producto\/tube-pouf\/","og_site_name":"Soluciones Contract","article_publisher":"https:\/\/www.facebook.com\/solucionescontract\/","og_image":[{"width":1200,"height":1200,"url":"https:\/\/solucionescontract.com\/wp-content\/uploads\/2017\/12\/puff-tapizado-tipo-tube.jpg","type":"image\/jpeg"}],"twitter_card":"summary_large_image","schema":{"@context":"https:\/\/schema.org","@graph":[{"@type":"WebPage","@id":"https:\/\/solucionescontract.com\/fr\/producto\/tube-pouf\/","url":"https:\/\/solucionescontract.com\/fr\/producto\/tube-pouf\/","name":"POUF EN TUBE REMBOURR\u00c9 - MOBILIER DESIGN","isPartOf":{"@id":"https:\/\/solucionescontract.com\/#website"},"primaryImageOfPage":{"@id":"https:\/\/solucionescontract.com\/fr\/producto\/tube-pouf\/#primaryimage"},"image":{"@id":"https:\/\/solucionescontract.com\/fr\/producto\/tube-pouf\/#primaryimage"},"thumbnailUrl":"https:\/\/solucionescontract.com\/wp-content\/uploads\/2017\/12\/puff-tapizado-tipo-tube.jpg","datePublished":"2017-12-27T00:54:08+00:00","description":"Pouf en tube rembourr\u00e9, id\u00e9al pour fournir des places assises tout en prenant un minimum de place, tant pour les espaces publics, les salles d'attente ... que pour home.venta online","breadcrumb":{"@id":"https:\/\/solucionescontract.com\/fr\/producto\/tube-pouf\/#breadcrumb"},"inLanguage":"fr-FR","potentialAction":[{"@type":"ReadAction","target":["https:\/\/solucionescontract.com\/fr\/producto\/tube-pouf\/"]}]},{"@type":"ImageObject","inLanguage":"fr-FR","@id":"https:\/\/solucionescontract.com\/fr\/producto\/tube-pouf\/#primaryimage","url":"https:\/\/solucionescontract.com\/wp-content\/uploads\/2017\/12\/puff-tapizado-tipo-tube.jpg","contentUrl":"https:\/\/solucionescontract.com\/wp-content\/uploads\/2017\/12\/puff-tapizado-tipo-tube.jpg","width":1200,"height":1200},{"@type":"BreadcrumbList","@id":"https:\/\/solucionescontract.com\/fr\/producto\/tube-pouf\/#breadcrumb","itemListElement":[{"@type":"ListItem","position":1,"name":"Inicio","item":"https:\/\/solucionescontract.com\/"},{"@type":"ListItem","position":2,"name":"Tienda mobiliario contract","item":"https:\/\/solucionescontract.com\/tienda-mobiliario-contract\/"},{"@type":"ListItem","position":3,"name":"Si\u00e8ges contractuels","item":"https:\/\/solucionescontract.com\/fr\/categoria-producto\/sieges-contractuels\/"},{"@type":"ListItem","position":4,"name":"Poufs design","item":"https:\/\/solucionescontract.com\/fr\/categoria-producto\/sieges-contractuels\/poufs-design\/"},{"@type":"ListItem","position":5,"name":"TUBE POUF"}]},{"@type":"WebSite","@id":"https:\/\/solucionescontract.com\/#website","url":"https:\/\/solucionescontract.com\/","name":"Soluciones Contract","description":"Venta Mobiliario contract de dise\u00f1o","publisher":{"@id":"https:\/\/solucionescontract.com\/#organization"},"potentialAction":[{"@type":"SearchAction","target":{"@type":"EntryPoint","urlTemplate":"https:\/\/solucionescontract.com\/?s={search_term_string}"},"query-input":{"@type":"PropertyValueSpecification","valueRequired":true,"valueName":"search_term_string"}}],"inLanguage":"fr-FR"},{"@type":"Organization","@id":"https:\/\/solucionescontract.com\/#organization","name":"Soluciones Contract","url":"https:\/\/solucionescontract.com\/","logo":{"@type":"ImageObject","inLanguage":"fr-FR","@id":"https:\/\/solucionescontract.com\/#\/schema\/logo\/image\/","url":"https:\/\/solucionescontract.com\/wp-content\/uploads\/2020\/02\/logoSC.jpg","contentUrl":"https:\/\/solucionescontract.com\/wp-content\/uploads\/2020\/02\/logoSC.jpg","width":300,"height":125,"caption":"Soluciones Contract"},"image":{"@id":"https:\/\/solucionescontract.com\/#\/schema\/logo\/image\/"},"sameAs":["https:\/\/www.facebook.com\/solucionescontract\/"]}]}},"_links":{"self":[{"href":"https:\/\/solucionescontract.com\/fr\/wp-json\/wp\/v2\/product\/22238","targetHints":{"allow":["GET"]}}],"collection":[{"href":"https:\/\/solucionescontract.com\/fr\/wp-json\/wp\/v2\/product"}],"about":[{"href":"https:\/\/solucionescontract.com\/fr\/wp-json\/wp\/v2\/types\/product"}],"replies":[{"embeddable":true,"href":"https:\/\/solucionescontract.com\/fr\/wp-json\/wp\/v2\/comments?post=22238"}],"wp:featuredmedia":[{"embeddable":true,"href":"https:\/\/solucionescontract.com\/fr\/wp-json\/wp\/v2\/media\/13966"}],"wp:attachment":[{"href":"https:\/\/solucionescontract.com\/fr\/wp-json\/wp\/v2\/media?parent=22238"}],"wp:term":[{"taxonomy":"product_brand","embeddable":true,"href":"https:\/\/solucionescontract.com\/fr\/wp-json\/wp\/v2\/product_brand?post=22238"},{"taxonomy":"product_cat","embeddable":true,"href":"https:\/\/solucionescontract.com\/fr\/wp-json\/wp\/v2\/product_cat?post=22238"},{"taxonomy":"product_tag","embeddable":true,"href":"https:\/\/solucionescontract.com\/fr\/wp-json\/wp\/v2\/product_tag?post=22238"}],"curies":[{"name":"wp","href":"https:\/\/api.w.org\/{rel}","templated":true}]}}